{"id":73,"date":"2015-04-27T19:36:27","date_gmt":"2015-04-27T19:36:27","guid":{"rendered":"http:\/\/livingston.gocactus.com\/careers-3\/"},"modified":"2016-09-02T16:04:20","modified_gmt":"2016-09-02T16:04:20","slug":"a-propos-de-nous","status":"publish","type":"page","link":"https:\/\/staging.livingstonintl.com\/fr\/a-propos-de-nous\/","title":{"rendered":"\u00c0 propos de nous"},"content":{"rendered":"<p><img loading=\"lazy\" decoding=\"async\" class=\"alignright size-medium wp-image-696\" style=\"margin: 5px;\" title=\"Livingston International\" src=\"\/livingston-content\/uploads\/2012\/08\/CorpClient-080-300x178.jpg\" alt=\"\" width=\"300\" height=\"178\" \/><\/p>\n<p>La Soci\u00e9t\u00e9 internationale Livingston est l\u2019un des premiers fournisseurs nord-am\u00e9ricains de services de courtage en douane, de transport et de logistique int\u00e9gr\u00e9e. Nos services reposent \u00e0 la fois sur le savoir-faire de notre personnel hautement sp\u00e9cialis\u00e9 et sur une technologie de pointe et des r\u00e9seaux \u00e9lectroniques perfectionn\u00e9s. Nos marques indiquent la r\u00e9partition des services que nous offrons entre six gammes distinctes, que recouvre une seule et m\u00eame identit\u00e9 visuelle.<\/p>\n<p>Le courtage en douane et la conformit\u00e9 douani\u00e8re constituent nos comp\u00e9tences principales. C\u2019est dans ces domaines que notre position concurrentielle est la plus forte, et la valeur ajout\u00e9e de ces services rev\u00eat de plus en plus d\u2019importance pour nos clients, \u00e9tant donn\u00e9 la complexit\u00e9 croissante de la r\u00e9glementation et des normes de s\u00e9curit\u00e9. Notre expertise aide les clients \u00e0 naviguer rapidement et efficacement dans ce milieu complexe. Ils sont rassur\u00e9s de savoir qu&rsquo;en cas de v\u00e9rification de leur conformit\u00e9 par le gouvernement, ils seront pr\u00e9par\u00e9s et b\u00e9n\u00e9ficieront de notre soutien tout au long.<\/p>\n<p>\u00c0 partir du moment o\u00f9 nous nous occupons de leurs op\u00e9rations douani\u00e8res, nous sommes parfaitement plac\u00e9s pour aider nos clients dans leurs besoins de transport et de logistique. Le fait que nous puissions leur fournir ainsi plusieurs services essentiels, de fa\u00e7on rapide, coordonn\u00e9e et \u00e9conomique, leur simplifie \u00e9norm\u00e9ment le travail. Gr\u00e2ce \u00e0 cette capacit\u00e9 int\u00e9gr\u00e9e, nous apportons aux entreprises nord-am\u00e9ricaines d&rsquo;envergure internationale des solutions polyvalentes r\u00e9pondant \u00e0 des besoins complexes.<\/p>\n<p>Pout tout compl\u00e9ment d\u2019information sur notre entreprise, veuillez consulter les pages suivantes\u00a0:<\/p>\n<ul>\n<li><a title=\"Vision, valeurs et notre raison d\u2019\u00eatre\" href=\"\/?page_id=355\">Vision, valeurs et notre raison d\u2019\u00eatre<\/a><\/li>\n<li><a title=\"History\" href=\"\/?page_id=353\">Historique<\/a><\/li>\n<li><a title=\"Direction\" href=\"\/?page_id=354\">Direction<\/a><\/li>\n<li><a title=\"Investisseurs\" href=\"\/?page_id=356\">Investisseurs<\/a><\/li>\n<li><a title=\"Communiqu\u00e9s de presse\" href=\"\/?page_id=357\">Communiqu\u00e9s de presse<\/a><\/li>\n<li><a title=\"Carri\u00e8res\" href=\"\/fr\/a-propos-de-nous\/carrieres\/\">Carri\u00e8res<\/a><\/li>\n<\/ul>\n<h2>La Soci\u00e9t\u00e9 internationale Livingston est titulaire de la certification TRACE<\/h2>\n<p>Livingston a compl\u00e9t\u00e9 un processus de diligence raisonnable qui lui conf\u00e8re une validation pr\u00e9alable en tant que partenaire potentiel pour les entreprises multinationales qui d\u00e9sirent traiter avec nous.<\/p>\n<p>La certification TRACE prouve que nous sommes pr\u00eats \u00e0 respecter les exigences internationales en mati\u00e8re de diligence raisonnable, en faisant preuve d\u2019une int\u00e9grit\u00e9 valid\u00e9e par une norme de conformit\u00e9 internationalement accept\u00e9e. <a href=\"http:\/\/www3.livingstonintl.com\/e\/38122\/IntermediaryDirectory\/4yrhql\/502873365\" target=\"_blank\">Cliquez ici pour voir la preuve de notre certification<\/a>; cherchez sous Livingston International.<\/p>\n","protected":false},"excerpt":{"rendered":"<p>La Soci\u00e9t\u00e9 internationale Livingston est l\u2019un des premiers fournisseurs nord-am\u00e9ricains de services de courtage en douane, de transport et de logistique int\u00e9gr\u00e9e. Nos services reposent \u00e0 la fois sur le savoir-faire de notre personnel hautement sp\u00e9cialis\u00e9 et sur une technologie de pointe et des r\u00e9seaux \u00e9lectroniques perfectionn\u00e9s. Nos marques indiquent la r\u00e9partition des services que<a class=\"excerpt-read-more\" href=\"https:\/\/staging.livingstonintl.com\/fr\/a-propos-de-nous\/\" title=\"Read\u00c0 propos de nous\">&#8230; Read more &raquo;<\/a><\/p>\n","protected":false},"author":36,"featured_media":0,"parent":0,"menu_order":548,"comment_status":"closed","ping_status":"closed","template":"","meta":{"_acf_changed":false,"footnotes":""},"class_list":["post-73","page","type-page","status-publish","hentry"],"acf":[],"yoast_head":"<!-- This site is optimized with the Yoast SEO plugin v26.8 - https:\/\/yoast.com\/product\/yoast-seo-wordpress\/ -->\n<title>\u00c0 propos de nous - Livingston International<\/title>\n<meta name=\"robots\" content=\"noindex, follow, max-snippet:-1, max-image-preview:large, max-video-preview:-1\" \/>\n<meta property=\"og:locale\" content=\"fr_FR\" \/>\n<meta property=\"og:type\" content=\"article\" \/>\n<meta property=\"og:title\" content=\"\u00c0 propos de nous - Livingston International\" \/>\n<meta property=\"og:description\" content=\"La Soci\u00e9t\u00e9 internationale Livingston est l\u2019un des premiers fournisseurs nord-am\u00e9ricains de services de courtage en douane, de transport et de logistique int\u00e9gr\u00e9e. Nos services reposent \u00e0 la fois sur le savoir-faire de notre personnel hautement sp\u00e9cialis\u00e9 et sur une technologie de pointe et des r\u00e9seaux \u00e9lectroniques perfectionn\u00e9s. Nos marques indiquent la r\u00e9partition des services que... Read more &raquo;\" \/>\n<meta property=\"og:url\" content=\"https:\/\/staging.livingstonintl.com\/fr\/a-propos-de-nous\/\" \/>\n<meta property=\"og:site_name\" content=\"Livingston International\" \/>\n<meta property=\"article:publisher\" content=\"https:\/\/www.facebook.com\/livingstoninternational\" \/>\n<meta property=\"article:modified_time\" content=\"2016-09-02T16:04:20+00:00\" \/>\n<meta name=\"twitter:label1\" content=\"Dur\u00e9e de lecture estim\u00e9e\" \/>\n\t<meta name=\"twitter:data1\" content=\"2 minutes\" \/>\n<script type=\"application\/ld+json\" class=\"yoast-schema-graph\">{\"@context\":\"https:\/\/schema.org\",\"@graph\":[{\"@type\":\"WebPage\",\"@id\":\"https:\/\/staging.livingstonintl.com\/fr\/a-propos-de-nous\/\",\"url\":\"https:\/\/staging.livingstonintl.com\/fr\/a-propos-de-nous\/\",\"name\":\"\u00c0 propos de nous - Livingston International\",\"isPartOf\":{\"@id\":\"https:\/\/staging.livingstonintl.com\/fr\/#website\"},\"datePublished\":\"2015-04-27T19:36:27+00:00\",\"dateModified\":\"2016-09-02T16:04:20+00:00\",\"breadcrumb\":{\"@id\":\"https:\/\/staging.livingstonintl.com\/fr\/a-propos-de-nous\/#breadcrumb\"},\"inLanguage\":\"fr-FR\",\"potentialAction\":[{\"@type\":\"ReadAction\",\"target\":[\"https:\/\/staging.livingstonintl.com\/fr\/a-propos-de-nous\/\"]}]},{\"@type\":\"BreadcrumbList\",\"@id\":\"https:\/\/staging.livingstonintl.com\/fr\/a-propos-de-nous\/#breadcrumb\",\"itemListElement\":[{\"@type\":\"ListItem\",\"position\":1,\"name\":\"Accueil\",\"item\":\"https:\/\/staging.livingstonintl.com\/fr\/\"},{\"@type\":\"ListItem\",\"position\":2,\"name\":\"\u00c0 propos de nous\"}]},{\"@type\":\"WebSite\",\"@id\":\"https:\/\/staging.livingstonintl.com\/fr\/#website\",\"url\":\"https:\/\/staging.livingstonintl.com\/fr\/\",\"name\":\"Livingston International\",\"description\":\"Simplify Trade\",\"potentialAction\":[{\"@type\":\"SearchAction\",\"target\":{\"@type\":\"EntryPoint\",\"urlTemplate\":\"https:\/\/staging.livingstonintl.com\/fr\/?s={search_term_string}\"},\"query-input\":{\"@type\":\"PropertyValueSpecification\",\"valueRequired\":true,\"valueName\":\"search_term_string\"}}],\"inLanguage\":\"fr-FR\"}]}<\/script>\n<!-- \/ Yoast SEO plugin. -->","yoast_head_json":{"title":"\u00c0 propos de nous - Livingston International","robots":{"index":"noindex","follow":"follow","max-snippet":"max-snippet:-1","max-image-preview":"max-image-preview:large","max-video-preview":"max-video-preview:-1"},"og_locale":"fr_FR","og_type":"article","og_title":"\u00c0 propos de nous - Livingston International","og_description":"La Soci\u00e9t\u00e9 internationale Livingston est l\u2019un des premiers fournisseurs nord-am\u00e9ricains de services de courtage en douane, de transport et de logistique int\u00e9gr\u00e9e. Nos services reposent \u00e0 la fois sur le savoir-faire de notre personnel hautement sp\u00e9cialis\u00e9 et sur une technologie de pointe et des r\u00e9seaux \u00e9lectroniques perfectionn\u00e9s. Nos marques indiquent la r\u00e9partition des services que... Read more &raquo;","og_url":"https:\/\/staging.livingstonintl.com\/fr\/a-propos-de-nous\/","og_site_name":"Livingston International","article_publisher":"https:\/\/www.facebook.com\/livingstoninternational","article_modified_time":"2016-09-02T16:04:20+00:00","twitter_misc":{"Dur\u00e9e de lecture estim\u00e9e":"2 minutes"},"schema":{"@context":"https:\/\/schema.org","@graph":[{"@type":"WebPage","@id":"https:\/\/staging.livingstonintl.com\/fr\/a-propos-de-nous\/","url":"https:\/\/staging.livingstonintl.com\/fr\/a-propos-de-nous\/","name":"\u00c0 propos de nous - Livingston International","isPartOf":{"@id":"https:\/\/staging.livingstonintl.com\/fr\/#website"},"datePublished":"2015-04-27T19:36:27+00:00","dateModified":"2016-09-02T16:04:20+00:00","breadcrumb":{"@id":"https:\/\/staging.livingstonintl.com\/fr\/a-propos-de-nous\/#breadcrumb"},"inLanguage":"fr-FR","potentialAction":[{"@type":"ReadAction","target":["https:\/\/staging.livingstonintl.com\/fr\/a-propos-de-nous\/"]}]},{"@type":"BreadcrumbList","@id":"https:\/\/staging.livingstonintl.com\/fr\/a-propos-de-nous\/#breadcrumb","itemListElement":[{"@type":"ListItem","position":1,"name":"Accueil","item":"https:\/\/staging.livingstonintl.com\/fr\/"},{"@type":"ListItem","position":2,"name":"\u00c0 propos de nous"}]},{"@type":"WebSite","@id":"https:\/\/staging.livingstonintl.com\/fr\/#website","url":"https:\/\/staging.livingstonintl.com\/fr\/","name":"Livingston International","description":"Simplify Trade","potentialAction":[{"@type":"SearchAction","target":{"@type":"EntryPoint","urlTemplate":"https:\/\/staging.livingstonintl.com\/fr\/?s={search_term_string}"},"query-input":{"@type":"PropertyValueSpecification","valueRequired":true,"valueName":"search_term_string"}}],"inLanguage":"fr-FR"}]}},"_links":{"self":[{"href":"https:\/\/staging.livingstonintl.com\/fr\/wp-json\/wp\/v2\/pages\/73","targetHints":{"allow":["GET"]}}],"collection":[{"href":"https:\/\/staging.livingstonintl.com\/fr\/wp-json\/wp\/v2\/pages"}],"about":[{"href":"https:\/\/staging.livingstonintl.com\/fr\/wp-json\/wp\/v2\/types\/page"}],"author":[{"embeddable":true,"href":"https:\/\/staging.livingstonintl.com\/fr\/wp-json\/wp\/v2\/users\/36"}],"replies":[{"embeddable":true,"href":"https:\/\/staging.livingstonintl.com\/fr\/wp-json\/wp\/v2\/comments?post=73"}],"version-history":[{"count":0,"href":"https:\/\/staging.livingstonintl.com\/fr\/wp-json\/wp\/v2\/pages\/73\/revisions"}],"wp:attachment":[{"href":"https:\/\/staging.livingstonintl.com\/fr\/wp-json\/wp\/v2\/media?parent=73"}],"curies":[{"name":"wp","href":"https:\/\/api.w.org\/{rel}","templated":true}]}}