{"id":646,"date":"2015-04-29T15:35:18","date_gmt":"2015-04-29T15:35:18","guid":{"rendered":"http:\/\/livingston.gocactus.com\/services\/freight-forwarding\/ocean-freight\/"},"modified":"2020-12-23T16:47:31","modified_gmt":"2020-12-23T21:47:31","slug":"fret-martime","status":"publish","type":"page","link":"https:\/\/staging.livingstonintl.com\/fr\/services-fr\/fret\/fret-martime\/","title":{"rendered":"Fret martime"},"content":{"rendered":"\n\n\n<!-- MASTHEAD: MAIN -->\n<section id=\"masthead-block\" class=\"lii-block lii-block-masthead\">\n\n\t<div class=\"masthead-background hide-for-small-only\">\n\t\t\t\t<img decoding=\"async\" src=\"data:image\/image\/jpeg;base64, \/9j\/4AAQSkZJRgABAQEAYABgAAD\/\/gA7Q1JFQVRPUjogZ2QtanBlZyB2MS4wICh1c2luZyBJSkcgSlBFRyB2NjIpLCBxdWFsaXR5ID0gODIK\/9sAQwAGBAQFBAQGBQUFBgYGBwkOCQkICAkSDQ0KDhUSFhYVEhQUFxohHBcYHxkUFB0nHR8iIyUlJRYcKSwoJCshJCUk\/9sAQwEGBgYJCAkRCQkRJBgUGCQkJCQkJCQkJCQkJCQkJCQkJCQkJCQkJCQkJCQkJCQkJCQkJCQkJCQkJCQkJCQkJCQk\/8AAEQgAawC+AwEiAAIRAQMRAf\/EAB8AAAEFAQEBAQEBAAAAAAAAAAABAgMEBQYHCAkKC\/\/EALUQAAIBAwMCBAMFBQQEAAABfQECAwAEEQUSITFBBhNRYQcicRQygZGhCCNCscEVUtHwJDNicoIJChYXGBkaJSYnKCkqNDU2Nzg5OkNERUZHSElKU1RVVldYWVpjZGVmZ2hpanN0dXZ3eHl6g4SFhoeIiYqSk5SVlpeYmZqio6Slpqeoqaqys7S1tre4ubrCw8TFxsfIycrS09TV1tfY2drh4uPk5ebn6Onq8fLz9PX29\/j5+v\/EAB8BAAMBAQEBAQEBAQEAAAAAAAABAgMEBQYHCAkKC\/\/EALURAAIBAgQEAwQHBQQEAAECdwABAgMRBAUhMQYSQVEHYXETIjKBCBRCkaGxwQkjM1LwFWJy0QoWJDThJfEXGBkaJicoKSo1Njc4OTpDREVGR0hJSlNUVVZXWFlaY2RlZmdoaWpzdHV2d3h5eoKDhIWGh4iJipKTlJWWl5iZmqKjpKWmp6ipqrKztLW2t7i5usLDxMXGx8jJytLT1NXW19jZ2uLj5OXm5+jp6vLz9PX29\/j5+v\/aAAwDAQACEQMRAD8A9rMPtTfI9q0TD7Uhgr0ec8zlM7yaTyK0fIFJ5Ao5yeQzjDTTBWl5FNMFPnFyGaYPammD2rSMFNMHtT5xchmmCmGCtMwe1NMHtRzi5DMMHtTTB7Vp+RjpTTBzT5xchmGCmG3rUMFMMHtRzi5DMNvTTB7VpmH2pvkCnzhymYYPammD2rUMGDTTb+4o5w5SpHpMsy5Roj7buagmsJYDh0IqPWfEukeHVH2+7iSQ8rGuWkP4DkfU8Vytz8cYLfK22kPcDPHnSAcfgD\/OlzS6FqEXudQYPao5ESJS8jKijqWOBXCeIPjBPqVuI9P02LTGYfPLnzHz\/s8AD8RXBXup3GoymS6up52\/vSMWP4VSk+oey8z26TUNOiQu9\/aqo6kyqP61kXHjXw9bttOoq5\/2EYj88YryBXTbzJtHpjk0qxeYTtkjOO7HFJzKVI+yPJAo8kVW\/wCEo0o\/8vUZ\/wCAn\/CqF\/41tLf5ba2e6PqPlX88f0rgXM+h2tQWtzZW3yOin8aDbj+6v51xl1451ZwBbafBH1yWDPn+VZE3jHxLC5laQlf+eYtwR+gzWipzZm5wR6Q0AH8P61GYR6V5fd\/EvxFImyO0aEj+NLc5P\/fRI\/SsHUPG3iK5GJZ74D0U+X\/6CBmrjRn1ZEqkOiPbDEo69Khup7Kyj8y5nSFP70jBR+tfP8urXMrl54ZyzdWJyT+dJJfy7QVilb09BWnsH3M\/aLse1yeLfD0cmw6gufZWI\/MDFWbTWNK1DAtb2GVj\/CHAb8jzXgkuoXATPkuCfWoDql4BgIxP0p+xXRiU32Po42\/+yaqT3NlbttmvLeM+jyAH+dfP8fiDUo1MUbzoG5KoDz+HSoW8VainC4PoWqVSfcfN2R9B\/arJlLC8tioGSfNGBUEWp6dOZBHeQHyxliXAAHrk189SeMNWbOzA+iDj9KpTapdXJ33LNIc92P8AKn7LzBO\/Q+kY7+wn\/wBTe2smehSVT\/WsLW\/Hnh\/Qy8c14s06f8soBvOfTPQfia8DW8jzyD\/h+lD+ZLKQlvMx3AY2+vQHjily23ZVrnb618XNYu2ZNOiisIuzY3yY+p4\/SuWvPF2uXrfvtXvWH90SkD8hxUVzp+oLbvI2n7V8oyNnAKIJNhY+nzEL+IrMjuJYpGPlwqo6lxwP8ev6VSa6ByPqOmneUtI7lieSWOSabGvmN8zeXwTlhxUZM3l5kbaD0A+Yk\/8A6qWOZpAf3sioMElcDPP6UnMpUxHXJHzgnHfIFROSOjL9QaeYhJM7GZcJ912br9ev5VHHA7fN5yRNnG95QuPwzkVPtCvZjSACA8iKDzyc0hlTGEjmlwcZUf0xU48q1MYF18snBVJDIc4GQenr+nWrUniKDTZPKtwSqjG7zGBb8DnHfiolVLjTR9Cf2bcD\/l4tj9Yz\/jThZSj7wsX\/AOAkf1qI3HPDuB7UhuRtwHYH1rXU5tCb7Jzk29pj2Zqja1Of+Pa3\/wC\/p\/wppvAR981EbvniXH4Uai0HvbOPu28Q+kn\/ANjUMiyAYNsh+pBp7Xo\/v1C93\/tiqVyWRsjHraj8CP8AGo5IeP8AUuPxH+NONyf74\/KmPcnH3gfwp6klWSJuggJ+p\/8Ar1CYZO1nu+hA\/rVp5zn7y4+lAuPdadxWRTME55GnH\/v4v+NVJdPPJOk8\/wC8ta\/2k9mWopb1YAJZnUR+YiH1+Y4FJytqxxi5OyMJtPVCSNGwe\/A5qlNp9uD\/AMgMf98\/\/Wqa4+Iui2+rvpDXEhu1m+zlRExw+cY\/PiprnxPp0eqSaZLcKk6ZDMQSmR23Dgmnzpj9nJGUdOg4KaQEZSCCVJHXPIwM\/nUUkGtSi5WKWSETACTCEbiDwxOeuMj8a7GG2UwXEs7PAIQM5XBVup\/LHSuPsPEF9bX2q2uqFp7VJmFnNEgwygtyTx1AXt3rJyhJ2SN4wqRjdskuI9XFtcC4IfzLcwuQmMoZvMPrzv28+gxV2bTNJnsIHis5UvprkeerEGEIWJ2op6cYHbqaml1EXNgwQEK8YHPcbs1USdiYwTwrhv1o9kuge2fUreILXTBrVxH\/AGMphSeRUSJthKGTAXaBjgZ\/PrXI67YS3ESJFBDDDDv2LvGWJJJJ5wOgGK6rU5DLePKWOS5b\/wAezWNd2xmVQTnAP86FRKdcq6VcGw0mfT000SPdzxSbhMoZSqONufQlvyz68X9BbSbZ5bvVtNkmWWJ1MQtziJs5Xaepbj6YPJqq1vttjGT\/AMtA3T0BFNt08sSrkEMpWl7Aaro1rWc29pLNZh0uzKVjAtDmRH2khcD5DnI4yTkDpmsvW7OwjFpG0Wnfa0RxOstyI0B3kjAG0g467hn04qZJUSERkORnOM8Zz9Kje2guUjLqpCjHzMuSc+hqPYtGirJnrJvvemm+rBN97n86ab33J+ldXKcHMbxvvemm996wTe+hNMN6fXNPlFzG8bwH3qNrweorDa946frTDeH2H1p8orm4btfWmteLj7361gm9\/wBofmKab4\/38Ucorm4bsdc\/rTftY\/vVhG9P\/PSo2vQBy4p8ojfN4P7xqH+2o9HuWvntxdI0flyRseQuG+ZewI3E\/gPSufl1EhSQWI\/2eazbqK7leO88wyFDuVRnC++O\/wDn3rKrFOLTNqEpKacTrY7Lwjq2sRaoIVgn+1G7eQ\/60lm3M2eOep46Z4x0rm9a+FsLrcanaatI3mTFhFIVyQdzkg+2CPrUo0yzvYllt7htPuGHEUvzRd+jDkdPf8KrjWvEHheZZriFmjU7kZjvjfqMhhx\/F2NeffpF6nq8skry1R13xE1qKw1PUbmaLb55D2okZAJsgggNnGQG3fh+Fc9eWF1F4Yn1uSSKH7K5jurd2+eAkgKePvA7l+7nr7VS1nxNY+NdN03TNQY2hsblrhZiDIzgjOw89N3HbAx1xXp15rei+KbOa\/ItPtbXVpc+X5m1tgkiJO7twpzycYJ7UlWnTVrA6UKjueQ2\/jmwjhSK7uIVwmFaNZDuAA7FBiopviBo8a5WZ5COyoefpVD4xzTWvjy\/solubS1McLiFpPlXMa5K445Oea4I3F2FVFvpDhTlTIcNz3rqjXk1dHNLDwTsz0zTvFlvrkji1t7orH99ynypwcZPboati5jmUPGyup7qcj9K8s8NeIJNMiuLJmngF0QGnVAXXB7E4Iz0Pau68NSQppgjh4WORlB9eeta0KkptqRliKcIJONzWlf5Oh61Bv5Py7eB0PWpGdGHUZ+tQsoOcHNdDRypjvM3DrTSQTSbAB3ppBFJopM6k3Z\/vfrTTd+r\/rWObruT+GaYbog8lh+NVYg2DeYHX9aYbs\/3qyTcN3NMNz\/t4+hPNMVzWN4f71Ma6b+8f1rK+1A45JzxzTGusdwMnHbIoEaj3TdyaiNy39\/FZv2oem7thf6f\/X\/Oo2uzyNyjP0A\/M\/yoA1TcsTjfmo5bnyxlmKe74T\/0JlrJN8hO0SxuTwBl3P5KP60nnNG33JIz7RLCfyG5z+YpXEaSTq+JCAwzwRzz9do\/QmtC0vQQyyEkHrwf8K5xrtskksMddz5P49\/zP4UC7x1GP51M48ysXTm4yudUl0JgsQAJH3fT\/PNRTX1zpdtKRKXiJw0ZG5G69QeD2rn7fUWjfLHf357c\/wCf85q1HcrqTmElc5zgdcV59Wh3PSo4hrWLKWp32l3NsssNsLOfJJMfzIfqpOR+B\/CsODW5bV5YmYsk0ZQmJ8gg5zlTg8gkdO9aPiPTY7d0hj+8x6Z5rjtV065gc56fpXKlKOzuvM6XOEt42fkJrviW91q9iTVNQMq20JjjuPKBkYAfKrHGTjAA9AKw7i5+f91cSyLyOVC8UyUszFWXkVu+D7Lw7f3Mltr13LZB\/uXA5VfYj\/69aRb2M3bc54TyAgh23dcj1rt\/DEdyNN3XBkEjuWG5yrYwMfyNdfB8ILDy\/tmj6yL60Iys9vHuYNxwVLenfPas+98PyaeRt1eGRcZC3ETRMfx5B\/Ouqhyxd2zmrNyVkiB7qaMAG5lGP74B\/UCnR6jc9vKkHqM1VLfunf7RBlDjZuO5vcDoR+NQhlY7gAG\/vA4Ndiknscbjbc1f7YZeJIWB9qd\/bEJ+86qfRuKyhLJ\/DJn2c5\/+vSb2P3oc\/wC4w5\/PGKLhZG8bsepP1pDd7emR\/vVmm6GeCfqKZ9oz0Y\/nTuI0Wuv9r\/P1ppul5+Yn1wazjc9hjHfn\/IppuSTwencZNFwsaTX3cPgYxuzwP8+1RfaeQACTj5VwT+OKofaGJLA8+vU\/ypjXQAKmZgD1VBzRzCsaDSuesbYHc8Z+pPSo2uwnyme1UnqFXzD\/AIZrP82NulvJIexdsD8e9Kbp0G0SRxE\/wQJ1\/GlzBYvteOVOZrooe7uIVP8AwFeTUXnqi8JtU9slQf6tVEzuDkkqe275n\/Cmmdg2Sz7j\/t\/N+PpSuFi\/9oI4CAY\/T+g\/U0ecem0D2Ax\/n\/Pes7z+Bnv9054H0z\/Om+aMdFAHP3s8f1o5g5TT+0AHkZx2Jq9pt15UgbauOxOeP8a54SjH3hgdgKct4qjaGBH+1xUS1NYXTOpu3W9u0ZvLwOyHpVzUNLtryzLLHHuJAIJHNccmoKr5Ut74Jx+VaVvrPlxhFZSo5wWYj8q4p0ux2xqJ7nGeILVLHVpY48EDg\/WsnHNbusoLzUJJxxuPPvVNbVB1+apVNg6iLPh3xHrPhy7N1ot9PbE4LhT8j47Mp4I+teqaX8UYtXsUh8S6PbXIYfNcQqA2fXaQf0xXlRRSqrsCgdAOpq7bysIwi\/Ko4FbU6avqZVJu2h6nFpXg7xDEU02eFL5hxFOzRqPxAGce1YWt+BLnS4mlIaXCbsxAOCfbBzj3Ncd52DkHoeCDWpp\/i3V9J\/49bt14\/Me+OtauLWzMuZPdFSVZocbsj2emfaCmQ64I68Cuss\/GNlqiyRapZweZJg+eFActjk56Y9j+dVrnw7aXjefZ3uY3\/hwWPHfK5zRztbhyroYH2hv9n86Q3DNx0H51nu7Z61HJNIqgqxGa0bJ5TTMz9OR9R\/SmmX+9Nj2BxWWs0hOC5qxGoZvm55780r3BxsWGuIRxl5D6A4FL58iL8sKRg92psoEQGwbeKq5JYEknNJsEizJMx4kkZ29B0pGlZF+ZvLz2A5NVWldSQGIFNViFLd8dTS5g5S0X2jp5efXJZqQOPuhSR1K9PxJqmzttL5O7PWnD5jEp6HBI9aXMFix5q5J3bieMj+Q9qQTDOS49c460xlGx27hsde1Rn+I\/7QX8KLsaRMJV6nH0zR9qToqn67ahY8A8ZyaU8DjjFK47Ev2o9gQPYYpy3chxtVifYZ\/pVbPU96YXYjk0hkkhZmywOT7U3ae\/FMJI7mmglicmkOxKJto2oMn1pyYj+aRssegpgG1SR1qFCXk+Y5+tF7BuXPMCjB5Y9hxR5wHf8qqp88uG5FLIxQgKcCq5hcpZEmemTUkd7NDnyp3jz12sRVTGYy3ekBxQ2Kx\/\/9k=\" data-src='https:\/\/lii-mkt-content.s3.amazonaws.com\/livingston-content\/uploads\/2020\/12\/23103543\/masthead-services-freight-ocean.jpg' alt=\"\" \/>\n\t\t\t<\/div>\n\n\t<div class=\"masthead-container\" style=\"background: linear-gradient(90deg, rgba(0, 14, 28, 0.5) 0%, rgba(49, 70, 87, 0) 67%);\">\n\t\t<div class=\"grid-container\">\n\t\t\t<div id=\"mastheadContent\" class=\"masthead-content \" style=\"filter: drop-shadow(0px 0px 40px rgba(42, 52, 61, 0.4))\">\n\t\t\t\t<div class=\"grid-x masthead-breadcrumbs\">\n\t\t\t\t\t<div class=\"small-12 cell\">\n\t\t\t\t\t\t\n\n\t<section class=\"breadcrumbs hide-for-small-only clearfix\" itemprop=\"breadcrumb\">\n\t\t<span property=\"itemListElement\" typeof=\"ListItem\">\n\t\t\t\t\t<a property=\"item\" typeof=\"WebPage\" title=\"Aller \u00e0 Soci\u00e9t\u00e9 internationale Livingston.\" href=\"https:\/\/staging.livingstonintl.com\/fr\/\" class=\"home\"><span property=\"name\">Accueil<\/span><\/a>&nbsp;\/&nbsp;\n\t\t\t\t<meta property=\"position\" content=\"1\"><\/span>\n\t\t<\/section>\n\t\t\t\t\t<\/div>\n\t\t\t\t<\/div>\n\t\t\t\t<div class=\"grid-x\">\n\t\t\t\t\t<div class=\"small-12 cell\">\n\t\t\t\t\t\t<h1 style=\"filter: drop-shadow(0px 0px 40px rgba(42, 52, 61, 0.4)); width:calc(1em * 10.7);\">\n\t\t\t\t\t\t\t<span class=\"white\">Fret <\/span>\n\t\t\t\t\t\t\t<span class=\"orange\">Martime<\/span>\n\t\t\t\t\t\t<\/h1>\n\t\t\t\t\t<\/div>\n\t\t\t\t<\/div>\n\t\t\t\t<div class=\"grid-x\">\n\t\t\t\t\t<div class=\"small-12 cell\">\n\t\t\t\t\t\t<p style=\"width:calc(1em * 28);\">\n\t\t\t\t\t\t\tPort-\u00e0-port, porte-\u00e0-porte, Livingston offre une solution de transport maritime \u00e0 guichet unique. Service personnalis\u00e9. Assurance des marchandises. Contrats concurrentiels.\t\t\t\t\t\t<\/p>\n\t\t\t\t\t\t\t\t\t\t\t<\/div>\n\t\t\t\t<\/div>\n\t\t\t<\/div>\n\t\t<\/div>\n\t<\/div>\n\n\t<div class=\"masthead-background show-for-small-only\">\n\t\t\t\t\t<img decoding=\"async\" src=\"data:image\/image\/jpeg;base64, \/9j\/4AAQSkZJRgABAQEAYABgAAD\/\/gA7Q1JFQVRPUjogZ2QtanBlZyB2MS4wICh1c2luZyBJSkcgSlBFRyB2NjIpLCBxdWFsaXR5ID0gODIK\/9sAQwAGBAQFBAQGBQUFBgYGBwkOCQkICAkSDQ0KDhUSFhYVEhQUFxohHBcYHxkUFB0nHR8iIyUlJRYcKSwoJCshJCUk\/9sAQwEGBgYJCAkRCQkRJBgUGCQkJCQkJCQkJCQkJCQkJCQkJCQkJCQkJCQkJCQkJCQkJCQkJCQkJCQkJCQkJCQkJCQk\/8AAEQgAawC+AwEiAAIRAQMRAf\/EAB8AAAEFAQEBAQEBAAAAAAAAAAABAgMEBQYHCAkKC\/\/EALUQAAIBAwMCBAMFBQQEAAABfQECAwAEEQUSITFBBhNRYQcicRQygZGhCCNCscEVUtHwJDNicoIJChYXGBkaJSYnKCkqNDU2Nzg5OkNERUZHSElKU1RVVldYWVpjZGVmZ2hpanN0dXZ3eHl6g4SFhoeIiYqSk5SVlpeYmZqio6Slpqeoqaqys7S1tre4ubrCw8TFxsfIycrS09TV1tfY2drh4uPk5ebn6Onq8fLz9PX29\/j5+v\/EAB8BAAMBAQEBAQEBAQEAAAAAAAABAgMEBQYHCAkKC\/\/EALURAAIBAgQEAwQHBQQEAAECdwABAgMRBAUhMQYSQVEHYXETIjKBCBRCkaGxwQkjM1LwFWJy0QoWJDThJfEXGBkaJicoKSo1Njc4OTpDREVGR0hJSlNUVVZXWFlaY2RlZmdoaWpzdHV2d3h5eoKDhIWGh4iJipKTlJWWl5iZmqKjpKWmp6ipqrKztLW2t7i5usLDxMXGx8jJytLT1NXW19jZ2uLj5OXm5+jp6vLz9PX29\/j5+v\/aAAwDAQACEQMRAD8A9rMPtTfI9q0TD7Uhgr0ec8zlM7yaTyK0fIFJ5Ao5yeQzjDTTBWl5FNMFPnFyGaYPammD2rSMFNMHtT5xchmmCmGCtMwe1NMHtRzi5DMMHtTTB7Vp+RjpTTBzT5xchmGCmG3rUMFMMHtRzi5DMNvTTB7VpmH2pvkCnzhymYYPammD2rUMGDTTb+4o5w5SpHpMsy5Roj7buagmsJYDh0IqPWfEukeHVH2+7iSQ8rGuWkP4DkfU8Vytz8cYLfK22kPcDPHnSAcfgD\/OlzS6FqEXudQYPao5ESJS8jKijqWOBXCeIPjBPqVuI9P02LTGYfPLnzHz\/s8AD8RXBXup3GoymS6up52\/vSMWP4VSk+oey8z26TUNOiQu9\/aqo6kyqP61kXHjXw9bttOoq5\/2EYj88YryBXTbzJtHpjk0qxeYTtkjOO7HFJzKVI+yPJAo8kVW\/wCEo0o\/8vUZ\/wCAn\/CqF\/41tLf5ba2e6PqPlX88f0rgXM+h2tQWtzZW3yOin8aDbj+6v51xl1451ZwBbafBH1yWDPn+VZE3jHxLC5laQlf+eYtwR+gzWipzZm5wR6Q0AH8P61GYR6V5fd\/EvxFImyO0aEj+NLc5P\/fRI\/SsHUPG3iK5GJZ74D0U+X\/6CBmrjRn1ZEqkOiPbDEo69Khup7Kyj8y5nSFP70jBR+tfP8urXMrl54ZyzdWJyT+dJJfy7QVilb09BWnsH3M\/aLse1yeLfD0cmw6gufZWI\/MDFWbTWNK1DAtb2GVj\/CHAb8jzXgkuoXATPkuCfWoDql4BgIxP0p+xXRiU32Po42\/+yaqT3NlbttmvLeM+jyAH+dfP8fiDUo1MUbzoG5KoDz+HSoW8VainC4PoWqVSfcfN2R9B\/arJlLC8tioGSfNGBUEWp6dOZBHeQHyxliXAAHrk189SeMNWbOzA+iDj9KpTapdXJ33LNIc92P8AKn7LzBO\/Q+kY7+wn\/wBTe2smehSVT\/WsLW\/Hnh\/Qy8c14s06f8soBvOfTPQfia8DW8jzyD\/h+lD+ZLKQlvMx3AY2+vQHjily23ZVrnb618XNYu2ZNOiisIuzY3yY+p4\/SuWvPF2uXrfvtXvWH90SkD8hxUVzp+oLbvI2n7V8oyNnAKIJNhY+nzEL+IrMjuJYpGPlwqo6lxwP8ev6VSa6ByPqOmneUtI7lieSWOSabGvmN8zeXwTlhxUZM3l5kbaD0A+Yk\/8A6qWOZpAf3sioMElcDPP6UnMpUxHXJHzgnHfIFROSOjL9QaeYhJM7GZcJ912br9ev5VHHA7fN5yRNnG95QuPwzkVPtCvZjSACA8iKDzyc0hlTGEjmlwcZUf0xU48q1MYF18snBVJDIc4GQenr+nWrUniKDTZPKtwSqjG7zGBb8DnHfiolVLjTR9Cf2bcD\/l4tj9Yz\/jThZSj7wsX\/AOAkf1qI3HPDuB7UhuRtwHYH1rXU5tCb7Jzk29pj2Zqja1Of+Pa3\/wC\/p\/wppvAR981EbvniXH4Uai0HvbOPu28Q+kn\/ANjUMiyAYNsh+pBp7Xo\/v1C93\/tiqVyWRsjHraj8CP8AGo5IeP8AUuPxH+NONyf74\/KmPcnH3gfwp6klWSJuggJ+p\/8Ar1CYZO1nu+hA\/rVp5zn7y4+lAuPdadxWRTME55GnH\/v4v+NVJdPPJOk8\/wC8ta\/2k9mWopb1YAJZnUR+YiH1+Y4FJytqxxi5OyMJtPVCSNGwe\/A5qlNp9uD\/AMgMf98\/\/Wqa4+Iui2+rvpDXEhu1m+zlRExw+cY\/PiprnxPp0eqSaZLcKk6ZDMQSmR23Dgmnzpj9nJGUdOg4KaQEZSCCVJHXPIwM\/nUUkGtSi5WKWSETACTCEbiDwxOeuMj8a7GG2UwXEs7PAIQM5XBVup\/LHSuPsPEF9bX2q2uqFp7VJmFnNEgwygtyTx1AXt3rJyhJ2SN4wqRjdskuI9XFtcC4IfzLcwuQmMoZvMPrzv28+gxV2bTNJnsIHis5UvprkeerEGEIWJ2op6cYHbqaml1EXNgwQEK8YHPcbs1USdiYwTwrhv1o9kuge2fUreILXTBrVxH\/AGMphSeRUSJthKGTAXaBjgZ\/PrXI67YS3ESJFBDDDDv2LvGWJJJJ5wOgGK6rU5DLePKWOS5b\/wAezWNd2xmVQTnAP86FRKdcq6VcGw0mfT000SPdzxSbhMoZSqONufQlvyz68X9BbSbZ5bvVtNkmWWJ1MQtziJs5Xaepbj6YPJqq1vttjGT\/AMtA3T0BFNt08sSrkEMpWl7Aaro1rWc29pLNZh0uzKVjAtDmRH2khcD5DnI4yTkDpmsvW7OwjFpG0Wnfa0RxOstyI0B3kjAG0g467hn04qZJUSERkORnOM8Zz9Kje2guUjLqpCjHzMuSc+hqPYtGirJnrJvvemm+rBN97n86ab33J+ldXKcHMbxvvemm996wTe+hNMN6fXNPlFzG8bwH3qNrweorDa946frTDeH2H1p8orm4btfWmteLj7361gm9\/wBofmKab4\/38Ucorm4bsdc\/rTftY\/vVhG9P\/PSo2vQBy4p8ojfN4P7xqH+2o9HuWvntxdI0flyRseQuG+ZewI3E\/gPSufl1EhSQWI\/2eazbqK7leO88wyFDuVRnC++O\/wDn3rKrFOLTNqEpKacTrY7Lwjq2sRaoIVgn+1G7eQ\/60lm3M2eOep46Z4x0rm9a+FsLrcanaatI3mTFhFIVyQdzkg+2CPrUo0yzvYllt7htPuGHEUvzRd+jDkdPf8KrjWvEHheZZriFmjU7kZjvjfqMhhx\/F2NeffpF6nq8skry1R13xE1qKw1PUbmaLb55D2okZAJsgggNnGQG3fh+Fc9eWF1F4Yn1uSSKH7K5jurd2+eAkgKePvA7l+7nr7VS1nxNY+NdN03TNQY2hsblrhZiDIzgjOw89N3HbAx1xXp15rei+KbOa\/ItPtbXVpc+X5m1tgkiJO7twpzycYJ7UlWnTVrA6UKjueQ2\/jmwjhSK7uIVwmFaNZDuAA7FBiopviBo8a5WZ5COyoefpVD4xzTWvjy\/solubS1McLiFpPlXMa5K445Oea4I3F2FVFvpDhTlTIcNz3rqjXk1dHNLDwTsz0zTvFlvrkji1t7orH99ynypwcZPboati5jmUPGyup7qcj9K8s8NeIJNMiuLJmngF0QGnVAXXB7E4Iz0Pau68NSQppgjh4WORlB9eeta0KkptqRliKcIJONzWlf5Oh61Bv5Py7eB0PWpGdGHUZ+tQsoOcHNdDRypjvM3DrTSQTSbAB3ppBFJopM6k3Z\/vfrTTd+r\/rWObruT+GaYbog8lh+NVYg2DeYHX9aYbs\/3qyTcN3NMNz\/t4+hPNMVzWN4f71Ma6b+8f1rK+1A45JzxzTGusdwMnHbIoEaj3TdyaiNy39\/FZv2oem7thf6f\/X\/Oo2uzyNyjP0A\/M\/yoA1TcsTjfmo5bnyxlmKe74T\/0JlrJN8hO0SxuTwBl3P5KP60nnNG33JIz7RLCfyG5z+YpXEaSTq+JCAwzwRzz9do\/QmtC0vQQyyEkHrwf8K5xrtskksMddz5P49\/zP4UC7x1GP51M48ysXTm4yudUl0JgsQAJH3fT\/PNRTX1zpdtKRKXiJw0ZG5G69QeD2rn7fUWjfLHf357c\/wCf85q1HcrqTmElc5zgdcV59Wh3PSo4hrWLKWp32l3NsssNsLOfJJMfzIfqpOR+B\/CsODW5bV5YmYsk0ZQmJ8gg5zlTg8gkdO9aPiPTY7d0hj+8x6Z5rjtV065gc56fpXKlKOzuvM6XOEt42fkJrviW91q9iTVNQMq20JjjuPKBkYAfKrHGTjAA9AKw7i5+f91cSyLyOVC8UyUszFWXkVu+D7Lw7f3Mltr13LZB\/uXA5VfYj\/69aRb2M3bc54TyAgh23dcj1rt\/DEdyNN3XBkEjuWG5yrYwMfyNdfB8ILDy\/tmj6yL60Iys9vHuYNxwVLenfPas+98PyaeRt1eGRcZC3ETRMfx5B\/Ouqhyxd2zmrNyVkiB7qaMAG5lGP74B\/UCnR6jc9vKkHqM1VLfunf7RBlDjZuO5vcDoR+NQhlY7gAG\/vA4Ndiknscbjbc1f7YZeJIWB9qd\/bEJ+86qfRuKyhLJ\/DJn2c5\/+vSb2P3oc\/wC4w5\/PGKLhZG8bsepP1pDd7emR\/vVmm6GeCfqKZ9oz0Y\/nTuI0Wuv9r\/P1ppul5+Yn1wazjc9hjHfn\/IppuSTwencZNFwsaTX3cPgYxuzwP8+1RfaeQACTj5VwT+OKofaGJLA8+vU\/ypjXQAKmZgD1VBzRzCsaDSuesbYHc8Z+pPSo2uwnyme1UnqFXzD\/AIZrP82NulvJIexdsD8e9Kbp0G0SRxE\/wQJ1\/GlzBYvteOVOZrooe7uIVP8AwFeTUXnqi8JtU9slQf6tVEzuDkkqe275n\/Cmmdg2Sz7j\/t\/N+PpSuFi\/9oI4CAY\/T+g\/U0ecem0D2Ax\/n\/Pes7z+Bnv9054H0z\/Om+aMdFAHP3s8f1o5g5TT+0AHkZx2Jq9pt15UgbauOxOeP8a54SjH3hgdgKct4qjaGBH+1xUS1NYXTOpu3W9u0ZvLwOyHpVzUNLtryzLLHHuJAIJHNccmoKr5Ut74Jx+VaVvrPlxhFZSo5wWYj8q4p0ux2xqJ7nGeILVLHVpY48EDg\/WsnHNbusoLzUJJxxuPPvVNbVB1+apVNg6iLPh3xHrPhy7N1ot9PbE4LhT8j47Mp4I+teqaX8UYtXsUh8S6PbXIYfNcQqA2fXaQf0xXlRRSqrsCgdAOpq7bysIwi\/Ko4FbU6avqZVJu2h6nFpXg7xDEU02eFL5hxFOzRqPxAGce1YWt+BLnS4mlIaXCbsxAOCfbBzj3Ncd52DkHoeCDWpp\/i3V9J\/49bt14\/Me+OtauLWzMuZPdFSVZocbsj2emfaCmQ64I68Cuss\/GNlqiyRapZweZJg+eFActjk56Y9j+dVrnw7aXjefZ3uY3\/hwWPHfK5zRztbhyroYH2hv9n86Q3DNx0H51nu7Z61HJNIqgqxGa0bJ5TTMz9OR9R\/SmmX+9Nj2BxWWs0hOC5qxGoZvm55780r3BxsWGuIRxl5D6A4FL58iL8sKRg92psoEQGwbeKq5JYEknNJsEizJMx4kkZ29B0pGlZF+ZvLz2A5NVWldSQGIFNViFLd8dTS5g5S0X2jp5efXJZqQOPuhSR1K9PxJqmzttL5O7PWnD5jEp6HBI9aXMFix5q5J3bieMj+Q9qQTDOS49c460xlGx27hsde1Rn+I\/7QX8KLsaRMJV6nH0zR9qToqn67ahY8A8ZyaU8DjjFK47Ev2o9gQPYYpy3chxtVifYZ\/pVbPU96YXYjk0hkkhZmywOT7U3ae\/FMJI7mmglicmkOxKJto2oMn1pyYj+aRssegpgG1SR1qFCXk+Y5+tF7BuXPMCjB5Y9hxR5wHf8qqp88uG5FLIxQgKcCq5hcpZEmemTUkd7NDnyp3jz12sRVTGYy3ekBxQ2Kx\/\/9k=\" class=\"lii-lazy\" data-src='https:\/\/lii-mkt-content.s3.amazonaws.com\/livingston-content\/uploads\/2020\/12\/23103543\/masthead-services-freight-ocean.jpg' alt=\"\" \/>\n\t\t\t<\/div>\n\n\t<!--\t\t<div class=\"masthead-breadcrumbs\">-->\n<!--\t\t\t<div class=\"grid-container\">-->\n<!--\t\t\t\t<div class=\"grid-x\">-->\n<!--\t\t\t\t\t<div class=\"small-12 cell\">-->\n<!--\t\t\t\t\t\t--><!--\t\t\t\t\t<\/div>-->\n<!--\t\t\t\t<\/div>-->\n<!--\t\t\t<\/div>-->\n<!--\t\t<\/div>-->\n\t\n<\/section>\n<!-- \/ MASTHEAD: MAIN -->\n","protected":false},"excerpt":{"rendered":"<p>Obtenez un horaire et un acheminement ad\u00e9quats gr\u00e2ce \u00e0 nos syst\u00e8mes logistiques mondiaux flexibles et nos agents experts.<\/p>\n","protected":false},"author":36,"featured_media":27361,"parent":101,"menu_order":321,"comment_status":"closed","ping_status":"closed","template":"template-retired\/page-default-child.php","meta":{"_acf_changed":false,"footnotes":""},"class_list":["post-646","page","type-page","status-publish","has-post-thumbnail","hentry"],"acf":[],"yoast_head":"<!-- This site is optimized with the Yoast SEO plugin v26.8 - https:\/\/yoast.com\/product\/yoast-seo-wordpress\/ -->\n<title>Fret martime - Livingston International<\/title>\n<meta name=\"robots\" content=\"noindex, follow, max-snippet:-1, max-image-preview:large, max-video-preview:-1\" \/>\n<meta property=\"og:locale\" content=\"fr_FR\" \/>\n<meta property=\"og:type\" content=\"article\" \/>\n<meta property=\"og:title\" content=\"Fret martime - Livingston International\" \/>\n<meta property=\"og:description\" content=\"Obtenez un horaire et un acheminement ad\u00e9quats gr\u00e2ce \u00e0 nos syst\u00e8mes logistiques mondiaux flexibles et nos agents experts.\" \/>\n<meta property=\"og:url\" content=\"https:\/\/staging.livingstonintl.com\/fr\/services-fr\/fret\/fret-martime\/\" \/>\n<meta property=\"og:site_name\" content=\"Livingston International\" \/>\n<meta property=\"article:publisher\" content=\"https:\/\/www.facebook.com\/livingstoninternational\" \/>\n<meta property=\"article:modified_time\" content=\"2020-12-23T21:47:31+00:00\" \/>\n<script type=\"application\/ld+json\" class=\"yoast-schema-graph\">{\"@context\":\"https:\/\/schema.org\",\"@graph\":[{\"@type\":\"WebPage\",\"@id\":\"https:\/\/staging.livingstonintl.com\/fr\/services-fr\/fret\/fret-martime\/\",\"url\":\"https:\/\/staging.livingstonintl.com\/fr\/services-fr\/fret\/fret-martime\/\",\"name\":\"Fret martime - Livingston International\",\"isPartOf\":{\"@id\":\"https:\/\/staging.livingstonintl.com\/fr\/#website\"},\"primaryImageOfPage\":{\"@id\":\"https:\/\/staging.livingstonintl.com\/fr\/services-fr\/fret\/fret-martime\/#primaryimage\"},\"image\":{\"@id\":\"https:\/\/staging.livingstonintl.com\/fr\/services-fr\/fret\/fret-martime\/#primaryimage\"},\"thumbnailUrl\":\"https:\/\/lii-mkt-content.s3.amazonaws.com\/livingston-content\/uploads\/2015\/04\/25230444\/icon-ocean-freight.svg\",\"datePublished\":\"2015-04-29T15:35:18+00:00\",\"dateModified\":\"2020-12-23T21:47:31+00:00\",\"breadcrumb\":{\"@id\":\"https:\/\/staging.livingstonintl.com\/fr\/services-fr\/fret\/fret-martime\/#breadcrumb\"},\"inLanguage\":\"fr-FR\",\"potentialAction\":[{\"@type\":\"ReadAction\",\"target\":[\"https:\/\/staging.livingstonintl.com\/fr\/services-fr\/fret\/fret-martime\/\"]}]},{\"@type\":\"ImageObject\",\"inLanguage\":\"fr-FR\",\"@id\":\"https:\/\/staging.livingstonintl.com\/fr\/services-fr\/fret\/fret-martime\/#primaryimage\",\"url\":\"https:\/\/lii-mkt-content.s3.amazonaws.com\/livingston-content\/uploads\/2015\/04\/25230444\/icon-ocean-freight.svg\",\"contentUrl\":\"https:\/\/lii-mkt-content.s3.amazonaws.com\/livingston-content\/uploads\/2015\/04\/25230444\/icon-ocean-freight.svg\",\"width\":60,\"height\":60},{\"@type\":\"BreadcrumbList\",\"@id\":\"https:\/\/staging.livingstonintl.com\/fr\/services-fr\/fret\/fret-martime\/#breadcrumb\",\"itemListElement\":[{\"@type\":\"ListItem\",\"position\":1,\"name\":\"Accueil\",\"item\":\"https:\/\/staging.livingstonintl.com\/fr\/\"},{\"@type\":\"ListItem\",\"position\":2,\"name\":\"Services\",\"item\":\"https:\/\/staging.livingstonintl.com\/fr\/services-fr\/\"},{\"@type\":\"ListItem\",\"position\":3,\"name\":\"Fret\",\"item\":\"https:\/\/staging.livingstonintl.com\/fr\/services-fr\/fret\/\"},{\"@type\":\"ListItem\",\"position\":4,\"name\":\"Fret martime\"}]},{\"@type\":\"WebSite\",\"@id\":\"https:\/\/staging.livingstonintl.com\/fr\/#website\",\"url\":\"https:\/\/staging.livingstonintl.com\/fr\/\",\"name\":\"Livingston International\",\"description\":\"Simplify Trade\",\"potentialAction\":[{\"@type\":\"SearchAction\",\"target\":{\"@type\":\"EntryPoint\",\"urlTemplate\":\"https:\/\/staging.livingstonintl.com\/fr\/?s={search_term_string}\"},\"query-input\":{\"@type\":\"PropertyValueSpecification\",\"valueRequired\":true,\"valueName\":\"search_term_string\"}}],\"inLanguage\":\"fr-FR\"}]}<\/script>\n<!-- \/ Yoast SEO plugin. -->","yoast_head_json":{"title":"Fret martime - Livingston International","robots":{"index":"noindex","follow":"follow","max-snippet":"max-snippet:-1","max-image-preview":"max-image-preview:large","max-video-preview":"max-video-preview:-1"},"og_locale":"fr_FR","og_type":"article","og_title":"Fret martime - Livingston International","og_description":"Obtenez un horaire et un acheminement ad\u00e9quats gr\u00e2ce \u00e0 nos syst\u00e8mes logistiques mondiaux flexibles et nos agents experts.","og_url":"https:\/\/staging.livingstonintl.com\/fr\/services-fr\/fret\/fret-martime\/","og_site_name":"Livingston International","article_publisher":"https:\/\/www.facebook.com\/livingstoninternational","article_modified_time":"2020-12-23T21:47:31+00:00","schema":{"@context":"https:\/\/schema.org","@graph":[{"@type":"WebPage","@id":"https:\/\/staging.livingstonintl.com\/fr\/services-fr\/fret\/fret-martime\/","url":"https:\/\/staging.livingstonintl.com\/fr\/services-fr\/fret\/fret-martime\/","name":"Fret martime - Livingston International","isPartOf":{"@id":"https:\/\/staging.livingstonintl.com\/fr\/#website"},"primaryImageOfPage":{"@id":"https:\/\/staging.livingstonintl.com\/fr\/services-fr\/fret\/fret-martime\/#primaryimage"},"image":{"@id":"https:\/\/staging.livingstonintl.com\/fr\/services-fr\/fret\/fret-martime\/#primaryimage"},"thumbnailUrl":"https:\/\/lii-mkt-content.s3.amazonaws.com\/livingston-content\/uploads\/2015\/04\/25230444\/icon-ocean-freight.svg","datePublished":"2015-04-29T15:35:18+00:00","dateModified":"2020-12-23T21:47:31+00:00","breadcrumb":{"@id":"https:\/\/staging.livingstonintl.com\/fr\/services-fr\/fret\/fret-martime\/#breadcrumb"},"inLanguage":"fr-FR","potentialAction":[{"@type":"ReadAction","target":["https:\/\/staging.livingstonintl.com\/fr\/services-fr\/fret\/fret-martime\/"]}]},{"@type":"ImageObject","inLanguage":"fr-FR","@id":"https:\/\/staging.livingstonintl.com\/fr\/services-fr\/fret\/fret-martime\/#primaryimage","url":"https:\/\/lii-mkt-content.s3.amazonaws.com\/livingston-content\/uploads\/2015\/04\/25230444\/icon-ocean-freight.svg","contentUrl":"https:\/\/lii-mkt-content.s3.amazonaws.com\/livingston-content\/uploads\/2015\/04\/25230444\/icon-ocean-freight.svg","width":60,"height":60},{"@type":"BreadcrumbList","@id":"https:\/\/staging.livingstonintl.com\/fr\/services-fr\/fret\/fret-martime\/#breadcrumb","itemListElement":[{"@type":"ListItem","position":1,"name":"Accueil","item":"https:\/\/staging.livingstonintl.com\/fr\/"},{"@type":"ListItem","position":2,"name":"Services","item":"https:\/\/staging.livingstonintl.com\/fr\/services-fr\/"},{"@type":"ListItem","position":3,"name":"Fret","item":"https:\/\/staging.livingstonintl.com\/fr\/services-fr\/fret\/"},{"@type":"ListItem","position":4,"name":"Fret martime"}]},{"@type":"WebSite","@id":"https:\/\/staging.livingstonintl.com\/fr\/#website","url":"https:\/\/staging.livingstonintl.com\/fr\/","name":"Livingston International","description":"Simplify Trade","potentialAction":[{"@type":"SearchAction","target":{"@type":"EntryPoint","urlTemplate":"https:\/\/staging.livingstonintl.com\/fr\/?s={search_term_string}"},"query-input":{"@type":"PropertyValueSpecification","valueRequired":true,"valueName":"search_term_string"}}],"inLanguage":"fr-FR"}]}},"_links":{"self":[{"href":"https:\/\/staging.livingstonintl.com\/fr\/wp-json\/wp\/v2\/pages\/646","targetHints":{"allow":["GET"]}}],"collection":[{"href":"https:\/\/staging.livingstonintl.com\/fr\/wp-json\/wp\/v2\/pages"}],"about":[{"href":"https:\/\/staging.livingstonintl.com\/fr\/wp-json\/wp\/v2\/types\/page"}],"author":[{"embeddable":true,"href":"https:\/\/staging.livingstonintl.com\/fr\/wp-json\/wp\/v2\/users\/36"}],"replies":[{"embeddable":true,"href":"https:\/\/staging.livingstonintl.com\/fr\/wp-json\/wp\/v2\/comments?post=646"}],"version-history":[{"count":3,"href":"https:\/\/staging.livingstonintl.com\/fr\/wp-json\/wp\/v2\/pages\/646\/revisions"}],"predecessor-version":[{"id":52666,"href":"https:\/\/staging.livingstonintl.com\/fr\/wp-json\/wp\/v2\/pages\/646\/revisions\/52666"}],"up":[{"embeddable":true,"href":"https:\/\/staging.livingstonintl.com\/fr\/wp-json\/wp\/v2\/pages\/101"}],"wp:featuredmedia":[{"embeddable":true,"href":"https:\/\/staging.livingstonintl.com\/fr\/wp-json\/wp\/v2\/media\/27361"}],"wp:attachment":[{"href":"https:\/\/staging.livingstonintl.com\/fr\/wp-json\/wp\/v2\/media?parent=646"}],"curies":[{"name":"wp","href":"https:\/\/api.w.org\/{rel}","templated":true}]}}