{"id":643,"date":"2015-04-29T15:36:49","date_gmt":"2015-04-29T15:36:49","guid":{"rendered":"http:\/\/livingston.gocactus.com\/services\/freight-forwarding\/barge-services\/"},"modified":"2020-12-23T17:25:32","modified_gmt":"2020-12-23T22:25:32","slug":"services-de-barges","status":"publish","type":"page","link":"https:\/\/staging.livingstonintl.com\/fr\/services-fr\/fret\/services-de-barges\/","title":{"rendered":"Services de barges"},"content":{"rendered":"\n\n\n<!-- MASTHEAD: MAIN -->\n<section id=\"masthead-block\" class=\"lii-block lii-block-masthead\">\n\n\t<div class=\"masthead-background hide-for-small-only\">\n\t\t\t\t<img decoding=\"async\" src=\"data:image\/image\/jpeg;base64, \/9j\/4AAQSkZJRgABAQEAYABgAAD\/\/gA7Q1JFQVRPUjogZ2QtanBlZyB2MS4wICh1c2luZyBJSkcgSlBFRyB2NjIpLCBxdWFsaXR5ID0gODIK\/9sAQwAGBAQFBAQGBQUFBgYGBwkOCQkICAkSDQ0KDhUSFhYVEhQUFxohHBcYHxkUFB0nHR8iIyUlJRYcKSwoJCshJCUk\/9sAQwEGBgYJCAkRCQkRJBgUGCQkJCQkJCQkJCQkJCQkJCQkJCQkJCQkJCQkJCQkJCQkJCQkJCQkJCQkJCQkJCQkJCQk\/8AAEQgAawC+AwEiAAIRAQMRAf\/EAB8AAAEFAQEBAQEBAAAAAAAAAAABAgMEBQYHCAkKC\/\/EALUQAAIBAwMCBAMFBQQEAAABfQECAwAEEQUSITFBBhNRYQcicRQygZGhCCNCscEVUtHwJDNicoIJChYXGBkaJSYnKCkqNDU2Nzg5OkNERUZHSElKU1RVVldYWVpjZGVmZ2hpanN0dXZ3eHl6g4SFhoeIiYqSk5SVlpeYmZqio6Slpqeoqaqys7S1tre4ubrCw8TFxsfIycrS09TV1tfY2drh4uPk5ebn6Onq8fLz9PX29\/j5+v\/EAB8BAAMBAQEBAQEBAQEAAAAAAAABAgMEBQYHCAkKC\/\/EALURAAIBAgQEAwQHBQQEAAECdwABAgMRBAUhMQYSQVEHYXETIjKBCBRCkaGxwQkjM1LwFWJy0QoWJDThJfEXGBkaJicoKSo1Njc4OTpDREVGR0hJSlNUVVZXWFlaY2RlZmdoaWpzdHV2d3h5eoKDhIWGh4iJipKTlJWWl5iZmqKjpKWmp6ipqrKztLW2t7i5usLDxMXGx8jJytLT1NXW19jZ2uLj5OXm5+jp6vLz9PX29\/j5+v\/aAAwDAQACEQMRAD8A4aPw\/qCTF1dVYH728VrR6VqEmCXhzgDqtXtQjQyrIlullgZ2ibeG98MSaksPEvh60h8u\/wDs8rE4L\/aHDfkDgVsr2MHYqDQbotl50B93FXhpMsgTMlqrKMHA6\/WrVv4p8H3gNtZabquo3THEa2yuxPt1rSsdL1nU4ttr4ReyyeLjULwpt6fwAE07sWhnQabcRD5pbRie7DJ\/Wr9vaPH\/AKw2DrxkMvH6AV0OkeC7yNmbWru0kixgQ2wkGPfcW\/pVqH4e+H4XLTy6hdg5wk1y20fguM\/jSu+4e72OOvILKPcZbq0gJHKhwuPwxWVNrenQhbeOZ7jIwWi5J\/DA5r1GDwx4btf9To1hkfxPEHP5tk1oJFbRhQkUKBegVAMU02Q3HseUxNqV8gSz07VXh27RvG0bfTLVZ\/snxBeKsKaLcqABn7ROmMflmvUg4zwfyAp24+9VzMjQ84Twn4jmILWumxYOcvM5I\/IVdt\/BOrlwZ7+0jGQSER3\/AJsK7nZnnP580hwvUj8KfMxHNT+BbOaFVaeQSd5Ai5b8xSW3gnToBte4uXUnJG4KCf8AgIFdN5iY60wtF7cUrsDPi0PTLdNohRh0+dix\/U1egs7eMBIolVR2U8U7MZORilM6qc5FIdynqup6fpDKswZpnGVjjUE49STwB7kiqC+MLVz\/AMfFnbDqu4mQt\/3yAB+BNcV4+1m70\/X3uNQsWGnsFjiuo1yjD0c+vXr+AqrYXOmalE0dubZiMESbR5h+pB\/WobsaxjfU9KXX7RjmTUcj0RcD\/wBBz+tOPiSwi+6zSemCefzryC\/L2VwQvnrEf4y3b14qrL4jkhBWOSJlPHOSR+YqedlezR6\/N4ug2t9mtCSOpbHJ9OtY174gvpmPmDy0HJEa\/wBeleYW3iS+idgJAI+uO\/8AKrsXim44QzbVPB4JqXJlqKOrluPMAH2gITwAXP5VXdJEX5Z1fnpuIArJjv4Yj5hVMnpgsuTj2qOXxJFuAmlEAGeEI\/wqObsVZF7T\/gJNNIsms+IZZEDHMMAOcZ4G9vbH8NdfpPwk8H6UWYaYt0xbcGuXMm32A6Y\/Cui+1jJyx60pux6n8q6NTm5y3aW9rYQiG1gihjXokShVH4CkkbPtmqZvR2JNRPeZ9aLEuRYd8N944pPMU1nyXgzww\/Ooftwzjen4mrUSLmrvUdgfrR56L1AFZDahj+IfhUEmpgHG9c01FicjdN6o6MPzpPt3H3q5qTVVH8Y\/Wom1ZQOXH5VfsyPaHTnUM1G+oD1A\/GuVfVh\/eH\/fP\/16gbWMfxqf+AiqVIl1DqzfjP3h+dNbUEX+NT+Nck2tgdZMf8BApBq5lYKsr5JxwKfsxe0udcupIehFI18pPUfnXILqpz\/y2P44pTqp9\/8AgTUezDnOomnimjaKQK6OMMrDIYehBrjNW+HOk3MjXWmvLpl1ksrQNlA3rt7fhirB1Qnuo\/GnDUGkHFwVHoGpulfcFVaehxVzPr\/hpjHqFlFqNuf40UnAH4cfkfrVGG70bWZG\/fyafKTwjAFP8816DJMrjDThweORmsfV\/DWjaztMsW2QcCSL5WFZSw19jeOL6SONuLK5tY\/NcwSxZ4dJQT+Q5FVUvbm3BaNV2Nxhx1rcu\/A97Zky6ZqHn4z8kvytg9fmHB447VkG8sxL9k1bT5YJEOMhtvPf1B\/CueVKUNzpjUjP4WINTClTNFNA2PvR42\/XHB\/Wk+3wOxPmRt7hnU\/lzWpaeENM1Y\/6FrkcRc\/LHcDH0OcnP4U64+HWq6e7b2icZ2hkRnDe4wKnmSL5Wz19tRUE\/vR19ab9vH\/PX8jWC+okE8gDP92mNqb9nY\/QV2qmebzm62oJ33H8ajbUQRwjflWA+onHLP8Ai1V21IZ6lj\/vdKpUxObN2XU3GcRn8un6VUk1dxx2+uKxJr8E52gn1zmqU1+p9B71ooIltm+2tNzl0\/E1Vl1tQPmYA\/jWA9+OcBSfUc1Xe\/fsAPcAVXKidTdbW0zkAk+o5ph1knpG+T6DFc895KerN+tQtcyHqSfwp2QWZ0D6qxJ+Q\/i4qJtQLf3R9TWAbiT1b86YZ39f1ouPlN1r9x\/Goqv\/AMJPDZ3iI9xtKspYkEKOnGfxrHaRiPvj8TVe2tFupTcrcrLJFJ5ckG0F1H3gV554z+XtWNeo4xujpw9KMpWkaa+LoTcLExkbd0aNgy9fXjircmqHOQ7Y+uazdFlstZ1K50eSzFhbqkszllR5GbIIALFR34we3es6T7ZZg2txEyyxN5asnKke7ZxmsKGJbdqmh1YjBqydLXub\/wDaYJB5P1OKsw6kq\/eI\/OuRF027kkGrEV1\/tD867eY83kOv\/tdfT8xT01gdBXLJeKo6mnf2kq9D+dUmiXE61dVc85\/Wm3Jg1CIxXMUcqHs4ziuWGqMeh\/KpE1JyfvkVSsyLNaomm8IQJMZbC7kt\/wDpm3zL9PWo4tV8R6A\/lK0zgjiSBywI+mPrViPUs\/ebNTJfr3NZSwsJ+RtDF1Ib6m090xYgbjg9c4FQtdED7yL+Oax3nyxyzGmec3stK4+U1mu\/9oH3AqF7pR1Y4+v+FZrTZ6sTUby0XDlL0l1H\/kVA99GM4UfjzVB5Rj+tQvMMUuYfKXX1BRUD6jnouT\/n0qi83uKge5Hc0ucpQL76hJ24NRtfSk5zVA3Gc9aja4FTzlKBda6djyw\/KmGY93NUjcj0qM3PpgUucpQLzTEdCaNN1SbRtVi1O3Cu6H5435WVCMFT9RWebtzxnimNNmok1JWZcU4u6O+1PTFl0+LxFpJSayn+UJI+BE\/QxH056fT8a4xbqa61SGzJeFCwUwklmTsR8xzWt4F8Xr4bvZba\/jNxo96PLu4PQH+NfRh1\/D6Y1\/FvhKNJI7izmUrNlrC7BAFwueFJ\/vdMfhXLy23OqM3sg1DwBexaat4m+cgZLIowy+qj26EdvfIzx0jS20myQEH9DXrPgLxh9peHStXbYbdSp8w8qAOdv+11z6+mOKseLPhzba9u1DRQkgOHZF4Eg7keje3pzyKuFdxfLMmdFSXNE8z0pYG069ubmLzApjhQ85RnJO4evCNwazhN710kegXFn4U1BZEWLy7u3d5pOAWVJcxDr8yhgSPU1zOr20+m3ZhmiKEAD\/ZYr8rEHuNysM+xrqUzkdMkFzjvUqXX5VkeeT3pyz1aqGbpm0t1\/tfrUq3nHB\/OsVZz6mni4PXNaKoZSpHUNcAE8\/hUZnFUTcAN1H500zk9c1y8x1chdM5zUbz+9UzcHoKjaY+uPxo5h8hZkmxyePc1A82e5NQNJ3GB71C8w9c0uYpRJXl96gaQ1GZfSozJ6mlzD5SRnppaozJ7U0vS5h2HkmmlqYXppelzDsP3UbvSoS\/40nmUrsdiQtiu18DeMooLSXw1rAE9hcZNq0h4tpu3PUAn0I6+5rhTJ681GzBgRUtDS7nfanC08uwzKL6JykcgJ\/e7eNv1Fd14D8ZxahaW2kpefZtUUeUgmXbESWGDgdxj8s15XouuxXVt9mvI99zDmQMp+acAf+hcAe49xk3ri50vTvsfiCxn1GHUzKzSbZkCIjggbAfmBA69fX2GUlfQ6Ke67\/mewavFq2uTov8AYrlIXG95CI7dwFyQDj5slmPfqcdOPF\/EF5ceKprzUpZrmS5SVgsLoFREznaO2eSeK0vEeu+IIbWKGDVrtreRQBciRh5oGAAcHAIHUd855yK5m2ure8sVtb6cRGF9kTZJPQn5gPvLxjI5HHrwQl7qaOyrSSquFRK1tOmvqZiy\/nTxJzVOS4jkYGIFeOfelWWuq55LjqXlkp4kqkslSCSqUjNwNs3OD95R9KYbjPcmqbSimmT6fjWVzWxbNyT0P5U0zN7D3NVTL7n+VNMoHQUXCxYaUE8sWqMyegxUJkJphcn1pATGTPU03f6VEWx3pC3vQOxKW96buqPd60hf0oCxIW96YWpu6kJpXHYduppakJppai4xSaaTSE0hNK4AJHidZI2KSIQyspwQRXQx6lFqNvJeidorxRmWJX2kHGC8fpuHUD+Vc4TmonXrS63Qb6M1bvU3fSBYCR\/JEiuqsTngEcj8az0vC0MVtPMfIjZmVVUEqWxnH5DvUCM0bqw52nIB5FRbKaaSskXKUp2cnexKODj8akU1GimpBVXuQ0SK1SBzUI4p2adybFsy8mk830qHPNJk1FyiffnvRvx0FQ5oyadwJS9N3+9MpCSBSuA\/dSb6ZRRcB+6k3UwUE0gHFqN1MpCaAHbqCaaKTNAC5pM0h6UUALSUUlACFM9DQFApTRQAUtIKKAFzS54ptFVcD\/\/Z\" data-src='https:\/\/lii-mkt-content.s3.amazonaws.com\/livingston-content\/uploads\/2020\/12\/23105443\/masthead-services-freight-barge.jpg' alt=\"\" \/>\n\t\t\t<\/div>\n\n\t<div class=\"masthead-container\" style=\"background: linear-gradient(90deg, rgba(0, 14, 28, 0.5) 0%, rgba(49, 70, 87, 0) 67%);\">\n\t\t<div class=\"grid-container\">\n\t\t\t<div id=\"mastheadContent\" class=\"masthead-content \" style=\"filter: drop-shadow(0px 0px 60px rgba(42, 52, 61, 0.5))\">\n\t\t\t\t<div class=\"grid-x masthead-breadcrumbs\">\n\t\t\t\t\t<div class=\"small-12 cell\">\n\t\t\t\t\t\t\n\n\t<section class=\"breadcrumbs hide-for-small-only clearfix\" itemprop=\"breadcrumb\">\n\t\t<span property=\"itemListElement\" typeof=\"ListItem\">\n\t\t\t\t\t<a property=\"item\" typeof=\"WebPage\" title=\"Aller \u00e0 Soci\u00e9t\u00e9 internationale Livingston.\" href=\"https:\/\/staging.livingstonintl.com\/fr\/\" class=\"home\"><span property=\"name\">Accueil<\/span><\/a>&nbsp;\/&nbsp;\n\t\t\t\t<meta property=\"position\" content=\"1\"><\/span>\n\t\t<\/section>\n\t\t\t\t\t<\/div>\n\t\t\t\t<\/div>\n\t\t\t\t<div class=\"grid-x\">\n\t\t\t\t\t<div class=\"small-12 cell\">\n\t\t\t\t\t\t<h1 style=\"filter: drop-shadow(0px 0px 60px rgba(42, 52, 61, 0.5)); width:calc(1em * 10.7);\">\n\t\t\t\t\t\t\t<span class=\"white\">Services <\/span>\n\t\t\t\t\t\t\t<span class=\"orange\">De Barges<\/span>\n\t\t\t\t\t\t<\/h1>\n\t\t\t\t\t<\/div>\n\t\t\t\t<\/div>\n\t\t\t\t<div class=\"grid-x\">\n\t\t\t\t\t<div class=\"small-12 cell\">\n\t\t\t\t\t\t<p style=\"width:calc(1em * 25);\">\n\t\t\t\t\t\t\tL\u2019exp\u00e9dition par voie navigable int\u00e9rieure est \u00e9conomique et \u00e9cologique. Livingston offre des services d\u2019acc\u00e8s et de quai s\u00e9curis\u00e9s dans 30 ports int\u00e9rieurs des \u00c9tats-Unis.\t\t\t\t\t\t<\/p>\n\t\t\t\t\t\t\t\t\t\t\t<\/div>\n\t\t\t\t<\/div>\n\t\t\t<\/div>\n\t\t<\/div>\n\t<\/div>\n\n\t<div class=\"masthead-background show-for-small-only\">\n\t\t\t\t\t<img decoding=\"async\" src=\"data:image\/image\/jpeg;base64, \/9j\/4AAQSkZJRgABAQEAYABgAAD\/\/gA7Q1JFQVRPUjogZ2QtanBlZyB2MS4wICh1c2luZyBJSkcgSlBFRyB2NjIpLCBxdWFsaXR5ID0gODIK\/9sAQwAGBAQFBAQGBQUFBgYGBwkOCQkICAkSDQ0KDhUSFhYVEhQUFxohHBcYHxkUFB0nHR8iIyUlJRYcKSwoJCshJCUk\/9sAQwEGBgYJCAkRCQkRJBgUGCQkJCQkJCQkJCQkJCQkJCQkJCQkJCQkJCQkJCQkJCQkJCQkJCQkJCQkJCQkJCQkJCQk\/8AAEQgAawC+AwEiAAIRAQMRAf\/EAB8AAAEFAQEBAQEBAAAAAAAAAAABAgMEBQYHCAkKC\/\/EALUQAAIBAwMCBAMFBQQEAAABfQECAwAEEQUSITFBBhNRYQcicRQygZGhCCNCscEVUtHwJDNicoIJChYXGBkaJSYnKCkqNDU2Nzg5OkNERUZHSElKU1RVVldYWVpjZGVmZ2hpanN0dXZ3eHl6g4SFhoeIiYqSk5SVlpeYmZqio6Slpqeoqaqys7S1tre4ubrCw8TFxsfIycrS09TV1tfY2drh4uPk5ebn6Onq8fLz9PX29\/j5+v\/EAB8BAAMBAQEBAQEBAQEAAAAAAAABAgMEBQYHCAkKC\/\/EALURAAIBAgQEAwQHBQQEAAECdwABAgMRBAUhMQYSQVEHYXETIjKBCBRCkaGxwQkjM1LwFWJy0QoWJDThJfEXGBkaJicoKSo1Njc4OTpDREVGR0hJSlNUVVZXWFlaY2RlZmdoaWpzdHV2d3h5eoKDhIWGh4iJipKTlJWWl5iZmqKjpKWmp6ipqrKztLW2t7i5usLDxMXGx8jJytLT1NXW19jZ2uLj5OXm5+jp6vLz9PX29\/j5+v\/aAAwDAQACEQMRAD8A4aPw\/qCTF1dVYH728VrR6VqEmCXhzgDqtXtQjQyrIlullgZ2ibeG98MSaksPEvh60h8u\/wDs8rE4L\/aHDfkDgVsr2MHYqDQbotl50B93FXhpMsgTMlqrKMHA6\/WrVv4p8H3gNtZabquo3THEa2yuxPt1rSsdL1nU4ttr4ReyyeLjULwpt6fwAE07sWhnQabcRD5pbRie7DJ\/Wr9vaPH\/AKw2DrxkMvH6AV0OkeC7yNmbWru0kixgQ2wkGPfcW\/pVqH4e+H4XLTy6hdg5wk1y20fguM\/jSu+4e72OOvILKPcZbq0gJHKhwuPwxWVNrenQhbeOZ7jIwWi5J\/DA5r1GDwx4btf9To1hkfxPEHP5tk1oJFbRhQkUKBegVAMU02Q3HseUxNqV8gSz07VXh27RvG0bfTLVZ\/snxBeKsKaLcqABn7ROmMflmvUg4zwfyAp24+9VzMjQ84Twn4jmILWumxYOcvM5I\/IVdt\/BOrlwZ7+0jGQSER3\/AJsK7nZnnP580hwvUj8KfMxHNT+BbOaFVaeQSd5Ai5b8xSW3gnToBte4uXUnJG4KCf8AgIFdN5iY60wtF7cUrsDPi0PTLdNohRh0+dix\/U1egs7eMBIolVR2U8U7MZORilM6qc5FIdynqup6fpDKswZpnGVjjUE49STwB7kiqC+MLVz\/AMfFnbDqu4mQt\/3yAB+BNcV4+1m70\/X3uNQsWGnsFjiuo1yjD0c+vXr+AqrYXOmalE0dubZiMESbR5h+pB\/WobsaxjfU9KXX7RjmTUcj0RcD\/wBBz+tOPiSwi+6zSemCefzryC\/L2VwQvnrEf4y3b14qrL4jkhBWOSJlPHOSR+YqedlezR6\/N4ug2t9mtCSOpbHJ9OtY174gvpmPmDy0HJEa\/wBeleYW3iS+idgJAI+uO\/8AKrsXim44QzbVPB4JqXJlqKOrluPMAH2gITwAXP5VXdJEX5Z1fnpuIArJjv4Yj5hVMnpgsuTj2qOXxJFuAmlEAGeEI\/wqObsVZF7T\/gJNNIsms+IZZEDHMMAOcZ4G9vbH8NdfpPwk8H6UWYaYt0xbcGuXMm32A6Y\/Cui+1jJyx60pux6n8q6NTm5y3aW9rYQiG1gihjXokShVH4CkkbPtmqZvR2JNRPeZ9aLEuRYd8N944pPMU1nyXgzww\/Ooftwzjen4mrUSLmrvUdgfrR56L1AFZDahj+IfhUEmpgHG9c01FicjdN6o6MPzpPt3H3q5qTVVH8Y\/Wom1ZQOXH5VfsyPaHTnUM1G+oD1A\/GuVfVh\/eH\/fP\/16gbWMfxqf+AiqVIl1DqzfjP3h+dNbUEX+NT+Nck2tgdZMf8BApBq5lYKsr5JxwKfsxe0udcupIehFI18pPUfnXILqpz\/y2P44pTqp9\/8AgTUezDnOomnimjaKQK6OMMrDIYehBrjNW+HOk3MjXWmvLpl1ksrQNlA3rt7fhirB1Qnuo\/GnDUGkHFwVHoGpulfcFVaehxVzPr\/hpjHqFlFqNuf40UnAH4cfkfrVGG70bWZG\/fyafKTwjAFP8816DJMrjDThweORmsfV\/DWjaztMsW2QcCSL5WFZSw19jeOL6SONuLK5tY\/NcwSxZ4dJQT+Q5FVUvbm3BaNV2Nxhx1rcu\/A97Zky6ZqHn4z8kvytg9fmHB447VkG8sxL9k1bT5YJEOMhtvPf1B\/CueVKUNzpjUjP4WINTClTNFNA2PvR42\/XHB\/Wk+3wOxPmRt7hnU\/lzWpaeENM1Y\/6FrkcRc\/LHcDH0OcnP4U64+HWq6e7b2icZ2hkRnDe4wKnmSL5Wz19tRUE\/vR19ab9vH\/PX8jWC+okE8gDP92mNqb9nY\/QV2qmebzm62oJ33H8ajbUQRwjflWA+onHLP8Ai1V21IZ6lj\/vdKpUxObN2XU3GcRn8un6VUk1dxx2+uKxJr8E52gn1zmqU1+p9B71ooIltm+2tNzl0\/E1Vl1tQPmYA\/jWA9+OcBSfUc1Xe\/fsAPcAVXKidTdbW0zkAk+o5ph1knpG+T6DFc895KerN+tQtcyHqSfwp2QWZ0D6qxJ+Q\/i4qJtQLf3R9TWAbiT1b86YZ39f1ouPlN1r9x\/Goqv\/AMJPDZ3iI9xtKspYkEKOnGfxrHaRiPvj8TVe2tFupTcrcrLJFJ5ckG0F1H3gV554z+XtWNeo4xujpw9KMpWkaa+LoTcLExkbd0aNgy9fXjircmqHOQ7Y+uazdFlstZ1K50eSzFhbqkszllR5GbIIALFR34we3es6T7ZZg2txEyyxN5asnKke7ZxmsKGJbdqmh1YjBqydLXub\/wDaYJB5P1OKsw6kq\/eI\/OuRF027kkGrEV1\/tD867eY83kOv\/tdfT8xT01gdBXLJeKo6mnf2kq9D+dUmiXE61dVc85\/Wm3Jg1CIxXMUcqHs4ziuWGqMeh\/KpE1JyfvkVSsyLNaomm8IQJMZbC7kt\/wDpm3zL9PWo4tV8R6A\/lK0zgjiSBywI+mPrViPUs\/ebNTJfr3NZSwsJ+RtDF1Ib6m090xYgbjg9c4FQtdED7yL+Oax3nyxyzGmec3stK4+U1mu\/9oH3AqF7pR1Y4+v+FZrTZ6sTUby0XDlL0l1H\/kVA99GM4UfjzVB5Rj+tQvMMUuYfKXX1BRUD6jnouT\/n0qi83uKge5Hc0ucpQL76hJ24NRtfSk5zVA3Gc9aja4FTzlKBda6djyw\/KmGY93NUjcj0qM3PpgUucpQLzTEdCaNN1SbRtVi1O3Cu6H5435WVCMFT9RWebtzxnimNNmok1JWZcU4u6O+1PTFl0+LxFpJSayn+UJI+BE\/QxH056fT8a4xbqa61SGzJeFCwUwklmTsR8xzWt4F8Xr4bvZba\/jNxo96PLu4PQH+NfRh1\/D6Y1\/FvhKNJI7izmUrNlrC7BAFwueFJ\/vdMfhXLy23OqM3sg1DwBexaat4m+cgZLIowy+qj26EdvfIzx0jS20myQEH9DXrPgLxh9peHStXbYbdSp8w8qAOdv+11z6+mOKseLPhzba9u1DRQkgOHZF4Eg7keje3pzyKuFdxfLMmdFSXNE8z0pYG069ubmLzApjhQ85RnJO4evCNwazhN710kegXFn4U1BZEWLy7u3d5pOAWVJcxDr8yhgSPU1zOr20+m3ZhmiKEAD\/ZYr8rEHuNysM+xrqUzkdMkFzjvUqXX5VkeeT3pyz1aqGbpm0t1\/tfrUq3nHB\/OsVZz6mni4PXNaKoZSpHUNcAE8\/hUZnFUTcAN1H500zk9c1y8x1chdM5zUbz+9UzcHoKjaY+uPxo5h8hZkmxyePc1A82e5NQNJ3GB71C8w9c0uYpRJXl96gaQ1GZfSozJ6mlzD5SRnppaozJ7U0vS5h2HkmmlqYXppelzDsP3UbvSoS\/40nmUrsdiQtiu18DeMooLSXw1rAE9hcZNq0h4tpu3PUAn0I6+5rhTJ681GzBgRUtDS7nfanC08uwzKL6JykcgJ\/e7eNv1Fd14D8ZxahaW2kpefZtUUeUgmXbESWGDgdxj8s15XouuxXVt9mvI99zDmQMp+acAf+hcAe49xk3ri50vTvsfiCxn1GHUzKzSbZkCIjggbAfmBA69fX2GUlfQ6Ke67\/mewavFq2uTov8AYrlIXG95CI7dwFyQDj5slmPfqcdOPF\/EF5ceKprzUpZrmS5SVgsLoFREznaO2eSeK0vEeu+IIbWKGDVrtreRQBciRh5oGAAcHAIHUd855yK5m2ure8sVtb6cRGF9kTZJPQn5gPvLxjI5HHrwQl7qaOyrSSquFRK1tOmvqZiy\/nTxJzVOS4jkYGIFeOfelWWuq55LjqXlkp4kqkslSCSqUjNwNs3OD95R9KYbjPcmqbSimmT6fjWVzWxbNyT0P5U0zN7D3NVTL7n+VNMoHQUXCxYaUE8sWqMyegxUJkJphcn1pATGTPU03f6VEWx3pC3vQOxKW96buqPd60hf0oCxIW96YWpu6kJpXHYduppakJppai4xSaaTSE0hNK4AJHidZI2KSIQyspwQRXQx6lFqNvJeidorxRmWJX2kHGC8fpuHUD+Vc4TmonXrS63Qb6M1bvU3fSBYCR\/JEiuqsTngEcj8az0vC0MVtPMfIjZmVVUEqWxnH5DvUCM0bqw52nIB5FRbKaaSskXKUp2cnexKODj8akU1GimpBVXuQ0SK1SBzUI4p2adybFsy8mk830qHPNJk1FyiffnvRvx0FQ5oyadwJS9N3+9MpCSBSuA\/dSb6ZRRcB+6k3UwUE0gHFqN1MpCaAHbqCaaKTNAC5pM0h6UUALSUUlACFM9DQFApTRQAUtIKKAFzS54ptFVcD\/\/Z\" class=\"lii-lazy\" data-src='https:\/\/lii-mkt-content.s3.amazonaws.com\/livingston-content\/uploads\/2020\/12\/23105443\/masthead-services-freight-barge.jpg' alt=\"\" \/>\n\t\t\t<\/div>\n\n\t<!--\t\t<div class=\"masthead-breadcrumbs\">-->\n<!--\t\t\t<div class=\"grid-container\">-->\n<!--\t\t\t\t<div class=\"grid-x\">-->\n<!--\t\t\t\t\t<div class=\"small-12 cell\">-->\n<!--\t\t\t\t\t\t--><!--\t\t\t\t\t<\/div>-->\n<!--\t\t\t\t<\/div>-->\n<!--\t\t\t<\/div>-->\n<!--\t\t<\/div>-->\n\t\n<\/section>\n<!-- \/ MASTHEAD: MAIN -->\n","protected":false},"excerpt":{"rendered":"<p>Chef de file en mati\u00e8re de barge, nous avons acc\u00e8s \u00e0 plus de 30 ports am\u00e9ricains. Plus \u00e9cologique et \u00e9conomique.<\/p>\n","protected":false},"author":36,"featured_media":27337,"parent":101,"menu_order":328,"comment_status":"closed","ping_status":"closed","template":"template-retired\/page-default-child.php","meta":{"_acf_changed":false,"footnotes":""},"class_list":["post-643","page","type-page","status-publish","has-post-thumbnail","hentry"],"acf":[],"yoast_head":"<!-- This site is optimized with the Yoast SEO plugin v26.8 - https:\/\/yoast.com\/product\/yoast-seo-wordpress\/ -->\n<title>Services de barges - Livingston International<\/title>\n<meta name=\"robots\" content=\"noindex, follow, max-snippet:-1, max-image-preview:large, max-video-preview:-1\" \/>\n<meta property=\"og:locale\" content=\"fr_FR\" \/>\n<meta property=\"og:type\" content=\"article\" \/>\n<meta property=\"og:title\" content=\"Services de barges - Livingston International\" \/>\n<meta property=\"og:description\" content=\"Chef de file en mati\u00e8re de barge, nous avons acc\u00e8s \u00e0 plus de 30 ports am\u00e9ricains. Plus \u00e9cologique et \u00e9conomique.\" \/>\n<meta property=\"og:url\" content=\"https:\/\/staging.livingstonintl.com\/fr\/services-fr\/fret\/services-de-barges\/\" \/>\n<meta property=\"og:site_name\" content=\"Livingston International\" \/>\n<meta property=\"article:publisher\" content=\"https:\/\/www.facebook.com\/livingstoninternational\" \/>\n<meta property=\"article:modified_time\" content=\"2020-12-23T22:25:32+00:00\" \/>\n<script type=\"application\/ld+json\" class=\"yoast-schema-graph\">{\"@context\":\"https:\/\/schema.org\",\"@graph\":[{\"@type\":\"WebPage\",\"@id\":\"https:\/\/staging.livingstonintl.com\/fr\/services-fr\/fret\/services-de-barges\/\",\"url\":\"https:\/\/staging.livingstonintl.com\/fr\/services-fr\/fret\/services-de-barges\/\",\"name\":\"Services de barges - Livingston International\",\"isPartOf\":{\"@id\":\"https:\/\/staging.livingstonintl.com\/fr\/#website\"},\"primaryImageOfPage\":{\"@id\":\"https:\/\/staging.livingstonintl.com\/fr\/services-fr\/fret\/services-de-barges\/#primaryimage\"},\"image\":{\"@id\":\"https:\/\/staging.livingstonintl.com\/fr\/services-fr\/fret\/services-de-barges\/#primaryimage\"},\"thumbnailUrl\":\"https:\/\/lii-mkt-content.s3.amazonaws.com\/livingston-content\/uploads\/2015\/04\/25230445\/icon-barge-services.svg\",\"datePublished\":\"2015-04-29T15:36:49+00:00\",\"dateModified\":\"2020-12-23T22:25:32+00:00\",\"breadcrumb\":{\"@id\":\"https:\/\/staging.livingstonintl.com\/fr\/services-fr\/fret\/services-de-barges\/#breadcrumb\"},\"inLanguage\":\"fr-FR\",\"potentialAction\":[{\"@type\":\"ReadAction\",\"target\":[\"https:\/\/staging.livingstonintl.com\/fr\/services-fr\/fret\/services-de-barges\/\"]}]},{\"@type\":\"ImageObject\",\"inLanguage\":\"fr-FR\",\"@id\":\"https:\/\/staging.livingstonintl.com\/fr\/services-fr\/fret\/services-de-barges\/#primaryimage\",\"url\":\"https:\/\/lii-mkt-content.s3.amazonaws.com\/livingston-content\/uploads\/2015\/04\/25230445\/icon-barge-services.svg\",\"contentUrl\":\"https:\/\/lii-mkt-content.s3.amazonaws.com\/livingston-content\/uploads\/2015\/04\/25230445\/icon-barge-services.svg\",\"width\":60,\"height\":60},{\"@type\":\"BreadcrumbList\",\"@id\":\"https:\/\/staging.livingstonintl.com\/fr\/services-fr\/fret\/services-de-barges\/#breadcrumb\",\"itemListElement\":[{\"@type\":\"ListItem\",\"position\":1,\"name\":\"Accueil\",\"item\":\"https:\/\/staging.livingstonintl.com\/fr\/\"},{\"@type\":\"ListItem\",\"position\":2,\"name\":\"Services\",\"item\":\"https:\/\/staging.livingstonintl.com\/fr\/services-fr\/\"},{\"@type\":\"ListItem\",\"position\":3,\"name\":\"Fret\",\"item\":\"https:\/\/staging.livingstonintl.com\/fr\/services-fr\/fret\/\"},{\"@type\":\"ListItem\",\"position\":4,\"name\":\"Services de barges\"}]},{\"@type\":\"WebSite\",\"@id\":\"https:\/\/staging.livingstonintl.com\/fr\/#website\",\"url\":\"https:\/\/staging.livingstonintl.com\/fr\/\",\"name\":\"Livingston International\",\"description\":\"Simplify Trade\",\"potentialAction\":[{\"@type\":\"SearchAction\",\"target\":{\"@type\":\"EntryPoint\",\"urlTemplate\":\"https:\/\/staging.livingstonintl.com\/fr\/?s={search_term_string}\"},\"query-input\":{\"@type\":\"PropertyValueSpecification\",\"valueRequired\":true,\"valueName\":\"search_term_string\"}}],\"inLanguage\":\"fr-FR\"}]}<\/script>\n<!-- \/ Yoast SEO plugin. -->","yoast_head_json":{"title":"Services de barges - Livingston International","robots":{"index":"noindex","follow":"follow","max-snippet":"max-snippet:-1","max-image-preview":"max-image-preview:large","max-video-preview":"max-video-preview:-1"},"og_locale":"fr_FR","og_type":"article","og_title":"Services de barges - Livingston International","og_description":"Chef de file en mati\u00e8re de barge, nous avons acc\u00e8s \u00e0 plus de 30 ports am\u00e9ricains. Plus \u00e9cologique et \u00e9conomique.","og_url":"https:\/\/staging.livingstonintl.com\/fr\/services-fr\/fret\/services-de-barges\/","og_site_name":"Livingston International","article_publisher":"https:\/\/www.facebook.com\/livingstoninternational","article_modified_time":"2020-12-23T22:25:32+00:00","schema":{"@context":"https:\/\/schema.org","@graph":[{"@type":"WebPage","@id":"https:\/\/staging.livingstonintl.com\/fr\/services-fr\/fret\/services-de-barges\/","url":"https:\/\/staging.livingstonintl.com\/fr\/services-fr\/fret\/services-de-barges\/","name":"Services de barges - Livingston International","isPartOf":{"@id":"https:\/\/staging.livingstonintl.com\/fr\/#website"},"primaryImageOfPage":{"@id":"https:\/\/staging.livingstonintl.com\/fr\/services-fr\/fret\/services-de-barges\/#primaryimage"},"image":{"@id":"https:\/\/staging.livingstonintl.com\/fr\/services-fr\/fret\/services-de-barges\/#primaryimage"},"thumbnailUrl":"https:\/\/lii-mkt-content.s3.amazonaws.com\/livingston-content\/uploads\/2015\/04\/25230445\/icon-barge-services.svg","datePublished":"2015-04-29T15:36:49+00:00","dateModified":"2020-12-23T22:25:32+00:00","breadcrumb":{"@id":"https:\/\/staging.livingstonintl.com\/fr\/services-fr\/fret\/services-de-barges\/#breadcrumb"},"inLanguage":"fr-FR","potentialAction":[{"@type":"ReadAction","target":["https:\/\/staging.livingstonintl.com\/fr\/services-fr\/fret\/services-de-barges\/"]}]},{"@type":"ImageObject","inLanguage":"fr-FR","@id":"https:\/\/staging.livingstonintl.com\/fr\/services-fr\/fret\/services-de-barges\/#primaryimage","url":"https:\/\/lii-mkt-content.s3.amazonaws.com\/livingston-content\/uploads\/2015\/04\/25230445\/icon-barge-services.svg","contentUrl":"https:\/\/lii-mkt-content.s3.amazonaws.com\/livingston-content\/uploads\/2015\/04\/25230445\/icon-barge-services.svg","width":60,"height":60},{"@type":"BreadcrumbList","@id":"https:\/\/staging.livingstonintl.com\/fr\/services-fr\/fret\/services-de-barges\/#breadcrumb","itemListElement":[{"@type":"ListItem","position":1,"name":"Accueil","item":"https:\/\/staging.livingstonintl.com\/fr\/"},{"@type":"ListItem","position":2,"name":"Services","item":"https:\/\/staging.livingstonintl.com\/fr\/services-fr\/"},{"@type":"ListItem","position":3,"name":"Fret","item":"https:\/\/staging.livingstonintl.com\/fr\/services-fr\/fret\/"},{"@type":"ListItem","position":4,"name":"Services de barges"}]},{"@type":"WebSite","@id":"https:\/\/staging.livingstonintl.com\/fr\/#website","url":"https:\/\/staging.livingstonintl.com\/fr\/","name":"Livingston International","description":"Simplify Trade","potentialAction":[{"@type":"SearchAction","target":{"@type":"EntryPoint","urlTemplate":"https:\/\/staging.livingstonintl.com\/fr\/?s={search_term_string}"},"query-input":{"@type":"PropertyValueSpecification","valueRequired":true,"valueName":"search_term_string"}}],"inLanguage":"fr-FR"}]}},"_links":{"self":[{"href":"https:\/\/staging.livingstonintl.com\/fr\/wp-json\/wp\/v2\/pages\/643","targetHints":{"allow":["GET"]}}],"collection":[{"href":"https:\/\/staging.livingstonintl.com\/fr\/wp-json\/wp\/v2\/pages"}],"about":[{"href":"https:\/\/staging.livingstonintl.com\/fr\/wp-json\/wp\/v2\/types\/page"}],"author":[{"embeddable":true,"href":"https:\/\/staging.livingstonintl.com\/fr\/wp-json\/wp\/v2\/users\/36"}],"replies":[{"embeddable":true,"href":"https:\/\/staging.livingstonintl.com\/fr\/wp-json\/wp\/v2\/comments?post=643"}],"version-history":[{"count":2,"href":"https:\/\/staging.livingstonintl.com\/fr\/wp-json\/wp\/v2\/pages\/643\/revisions"}],"predecessor-version":[{"id":52697,"href":"https:\/\/staging.livingstonintl.com\/fr\/wp-json\/wp\/v2\/pages\/643\/revisions\/52697"}],"up":[{"embeddable":true,"href":"https:\/\/staging.livingstonintl.com\/fr\/wp-json\/wp\/v2\/pages\/101"}],"wp:featuredmedia":[{"embeddable":true,"href":"https:\/\/staging.livingstonintl.com\/fr\/wp-json\/wp\/v2\/media\/27337"}],"wp:attachment":[{"href":"https:\/\/staging.livingstonintl.com\/fr\/wp-json\/wp\/v2\/media?parent=643"}],"curies":[{"name":"wp","href":"https:\/\/api.w.org\/{rel}","templated":true}]}}