{"id":616,"date":"2015-04-29T15:25:42","date_gmt":"2015-04-29T15:25:42","guid":{"rendered":"http:\/\/livingston.gocactus.com\/services\/trade-consulting\/supply-chain-safety-and-security\/customs-trade-partnership-against-terrorism-c-tpat\/"},"modified":"2016-11-21T15:00:06","modified_gmt":"2016-11-21T15:00:06","slug":"customs-trade-partnership-against-terrorism-c-tpat","status":"publish","type":"page","link":"https:\/\/staging.livingstonintl.com\/fr\/services-fr\/conseil-en-commerce\/supply-chain-safety-and-security\/customs-trade-partnership-against-terrorism-c-tpat\/","title":{"rendered":"C-TPAT"},"content":{"rendered":"<p>Nous aidons les clients \u00e0 obtenir la certification du programme C-TPAT (Customs-Trade Partnership Against Terrorism) des \u00c9tats-Unis, pour leur permettre de b\u00e9n\u00e9ficier des avantages de ce programme.<\/p>\n<p>Nous offrons les services suivants :<\/p>\n<ul>\n<li>demande d\u2019adh\u00e9sion au programme C-TPAT;<\/li>\n<li>validation des fournisseurs.<\/li>\n<\/ul>\n<h3>Demande d\u2019adh\u00e9sion au programme C-TPAT<\/h3>\n<p>Des centaines d\u2019entreprises se sont adress\u00e9es \u00e0 Livingston Conseil pour les aider \u00e0 adh\u00e9rer au programme C-TPAT (Customs-Trade Partnership Against Terrorism). Notre service de demande d\u2019adh\u00e9sion \u00e0 ce programme aide les importateurs am\u00e9ricains pendant le processus d\u2019\u00e9valuation et de demande, pour devenir participants agr\u00e9\u00e9s. Nos experts peuvent vous pr\u00e9parer \u00e0 demander l\u2019adh\u00e9sion au C-TPAT en offrant les services suivants :<\/p>\n<ul>\n<li>examen de vos politiques et manuels de s\u00e9curit\u00e9 du fret et aide \u00e0 leur r\u00e9vision en vue de respecter les directives en vigueur;<\/li>\n<li>analyse de la s\u00e9curit\u00e9 de vos installations, op\u00e9rations et documents dans les domaines importants des moyens de transport, de la s\u00e9curit\u00e9 physique, du contr\u00f4le des acc\u00e8s, de la s\u00e9curit\u00e9 des proc\u00e9dures, de la s\u00e9curit\u00e9 des manifestes, de la protection des donn\u00e9es, de la s\u00e9curit\u00e9 du personnel et de la formation \u00e0 la prise de conscience; recommandations en vue de combler les d\u00e9ficiences;<\/li>\n<li>pr\u00e9paration d\u2019un questionnaire sur le profil de s\u00e9curit\u00e9 d\u00e9crivant le programme de s\u00e9curit\u00e9 de votre entreprise;<\/li>\n<li>conseils pour la soumission de votre demande d\u2019adh\u00e9sion au programme de s\u00e9curit\u00e9.<\/li>\n<\/ul>\n<p><strong>Avantages pour vous :<\/strong><\/p>\n<ul>\n<li>Am\u00e9liorez le degr\u00e9 de s\u00e9curit\u00e9 de votre entreprise pour prot\u00e9ger vos marchandises et les documents associ\u00e9s.<\/li>\n<li>Am\u00e9liorez votre r\u00e9putation aupr\u00e8s des autorit\u00e9s douani\u00e8res en tant qu\u2019entreprise s\u00e9curitaire et \u00e0 faible risque, pratiquant l\u2019autor\u00e9glementation au lieu de subir des v\u00e9rifications douani\u00e8res.<\/li>\n<li>R\u00e9duisez le nombre d\u2019inspections et acc\u00e9l\u00e9rez le passage des marchandises \u00e0 faible risque \u00e0 la fronti\u00e8re.<\/li>\n<li>Devenez admissibles au programme de mainlev\u00e9e acc\u00e9l\u00e9r\u00e9e EXPRES, sous r\u00e9serve de l\u2019approbation du PAD (Programme d\u2019autocotisation des douanes), afin de pouvoir utiliser les voies rapides EXPRES \u00e0 destination du Canada.<\/li>\n<\/ul>\n<h3>Validation des fournisseurs<\/h3>\n<p>Pour se conformer \u00e0 la r\u00e9glementation, les entreprises participant au C-TPAT doivent mettre en \u0153uvre un programme de communications d\u00e9crivant \u00e0 leurs fournisseurs leurs activit\u00e9s de s\u00e9curit\u00e9 dans leur cha\u00eene d\u2019approvisionnement.<\/p>\n<p>Pour maintenir l\u2019adh\u00e9sion au C-TPAT, le CBP (U.S. Customs and Border Protection) exige que les participants au programme mettent en place un processus continu pour obtenir, stocker et valider les donn\u00e9es concernant l\u2019adh\u00e9sion de leurs fournisseurs au C-TPAT et aux programmes d\u2019autres pays, ce qui peut s\u2019av\u00e9rer un processus tr\u00e8s laborieux. Livingston peut vous aider en communiquant avec vos fournisseurs en votre nom, pour :<\/p>\n<ul>\n<li>cr\u00e9er une base de donn\u00e9es des fournisseurs comprenant des renseignements de contact;<\/li>\n<li>interroger les fournisseurs pour obtenir la confirmation de leur adh\u00e9sion au C-TPAT, \u00e0 un programme \u00e9quivalent de l\u2019Organisation mondiale des douanes ou, autrement, demander aux fournisseurs de remplir et de pr\u00e9senter un questionnaire de s\u00e9curit\u00e9 bas\u00e9 sur des exigences du C-TPAT;<\/li>\n<li>communiquer avec les fournisseurs et assurer le suivi des communications pour obtenir leurs r\u00e9ponses dans les d\u00e9lais qui vous conviennent.<\/li>\n<\/ul>\n<p><strong>Avantages pour vous :<\/strong><\/p>\n<ul>\n<li>Vous \u00eates certains de respecter les exigences n\u00e9cessaires pour maintenir votre adh\u00e9sion au C-TPAT.<\/li>\n<li>Vous \u00eates rassur\u00e9s de savoir que les normes de s\u00e9curit\u00e9 sont respect\u00e9es par les partenaires commerciaux de votre cha\u00eene d\u2019approvisionnement, et que vos marchandises et documents associ\u00e9s sont prot\u00e9g\u00e9s.<\/li>\n<li>Vous pr\u00e9servez votre r\u00e9putation aupr\u00e8s des autorit\u00e9s douani\u00e8res en tant qu\u2019entreprise s\u00e9curitaire et \u00e0 faible risque, qui b\u00e9n\u00e9ficie d\u2019une r\u00e9duction du nombre d\u2019inspections et d\u2019un passage plus rapide des marchandises \u00e0 faible risque \u00e0 la fronti\u00e8re.<\/li>\n<\/ul>\n","protected":false},"excerpt":{"rendered":"<p>Nous aidons les clients \u00e0 obtenir la certification du programme C-TPAT (Customs-Trade Partnership Against Terrorism) des \u00c9tats-Unis, pour leur permettre de b\u00e9n\u00e9ficier des avantages de ce programme. Nous offrons les services suivants : demande d\u2019adh\u00e9sion au programme C-TPAT; validation des fournisseurs. Demande d\u2019adh\u00e9sion au programme C-TPAT Des centaines d\u2019entreprises se sont adress\u00e9es \u00e0 Livingston Conseil<a class=\"excerpt-read-more\" href=\"https:\/\/staging.livingstonintl.com\/fr\/services-fr\/conseil-en-commerce\/supply-chain-safety-and-security\/customs-trade-partnership-against-terrorism-c-tpat\/\" title=\"ReadC-TPAT\">&#8230; Read more &raquo;<\/a><\/p>\n","protected":false},"author":36,"featured_media":0,"parent":153,"menu_order":394,"comment_status":"closed","ping_status":"closed","template":"","meta":{"_acf_changed":false,"footnotes":""},"class_list":["post-616","page","type-page","status-publish","hentry"],"acf":[],"yoast_head":"<!-- This site is optimized with the Yoast SEO plugin v26.8 - https:\/\/yoast.com\/product\/yoast-seo-wordpress\/ -->\n<title>C-TPAT - Livingston International<\/title>\n<meta name=\"robots\" content=\"noindex, follow, max-snippet:-1, max-image-preview:large, max-video-preview:-1\" \/>\n<meta property=\"og:locale\" content=\"fr_FR\" \/>\n<meta property=\"og:type\" content=\"article\" \/>\n<meta property=\"og:title\" content=\"C-TPAT - Livingston International\" \/>\n<meta property=\"og:description\" content=\"Nous aidons les clients \u00e0 obtenir la certification du programme C-TPAT (Customs-Trade Partnership Against Terrorism) des \u00c9tats-Unis, pour leur permettre de b\u00e9n\u00e9ficier des avantages de ce programme. Nous offrons les services suivants : demande d\u2019adh\u00e9sion au programme C-TPAT; validation des fournisseurs. Demande d\u2019adh\u00e9sion au programme C-TPAT Des centaines d\u2019entreprises se sont adress\u00e9es \u00e0 Livingston Conseil... Read more &raquo;\" \/>\n<meta property=\"og:url\" content=\"https:\/\/staging.livingstonintl.com\/fr\/services-fr\/conseil-en-commerce\/supply-chain-safety-and-security\/customs-trade-partnership-against-terrorism-c-tpat\/\" \/>\n<meta property=\"og:site_name\" content=\"Livingston International\" \/>\n<meta property=\"article:publisher\" content=\"https:\/\/www.facebook.com\/livingstoninternational\" \/>\n<meta property=\"article:modified_time\" content=\"2016-11-21T15:00:06+00:00\" \/>\n<meta name=\"twitter:label1\" content=\"Dur\u00e9e de lecture estim\u00e9e\" \/>\n\t<meta name=\"twitter:data1\" content=\"3 minutes\" \/>\n<script type=\"application\/ld+json\" class=\"yoast-schema-graph\">{\"@context\":\"https:\/\/schema.org\",\"@graph\":[{\"@type\":\"WebPage\",\"@id\":\"https:\/\/staging.livingstonintl.com\/fr\/services-fr\/conseil-en-commerce\/supply-chain-safety-and-security\/customs-trade-partnership-against-terrorism-c-tpat\/\",\"url\":\"https:\/\/staging.livingstonintl.com\/fr\/services-fr\/conseil-en-commerce\/supply-chain-safety-and-security\/customs-trade-partnership-against-terrorism-c-tpat\/\",\"name\":\"C-TPAT - Livingston International\",\"isPartOf\":{\"@id\":\"https:\/\/staging.livingstonintl.com\/fr\/#website\"},\"datePublished\":\"2015-04-29T15:25:42+00:00\",\"dateModified\":\"2016-11-21T15:00:06+00:00\",\"breadcrumb\":{\"@id\":\"https:\/\/staging.livingstonintl.com\/fr\/services-fr\/conseil-en-commerce\/supply-chain-safety-and-security\/customs-trade-partnership-against-terrorism-c-tpat\/#breadcrumb\"},\"inLanguage\":\"fr-FR\",\"potentialAction\":[{\"@type\":\"ReadAction\",\"target\":[\"https:\/\/staging.livingstonintl.com\/fr\/services-fr\/conseil-en-commerce\/supply-chain-safety-and-security\/customs-trade-partnership-against-terrorism-c-tpat\/\"]}]},{\"@type\":\"BreadcrumbList\",\"@id\":\"https:\/\/staging.livingstonintl.com\/fr\/services-fr\/conseil-en-commerce\/supply-chain-safety-and-security\/customs-trade-partnership-against-terrorism-c-tpat\/#breadcrumb\",\"itemListElement\":[{\"@type\":\"ListItem\",\"position\":1,\"name\":\"Accueil\",\"item\":\"https:\/\/staging.livingstonintl.com\/fr\/\"},{\"@type\":\"ListItem\",\"position\":2,\"name\":\"Services\",\"item\":\"https:\/\/staging.livingstonintl.com\/fr\/services-fr\/\"},{\"@type\":\"ListItem\",\"position\":3,\"name\":\"Conseil en commerce\",\"item\":\"https:\/\/staging.livingstonintl.com\/fr\/services-fr\/conseil-en-commerce\/\"},{\"@type\":\"ListItem\",\"position\":4,\"name\":\"S\u00fbrete et s\u00e9curit\u00e9 de la cha\u00eene d\u2019approvisionnement\",\"item\":\"https:\/\/staging.livingstonintl.com\/fr\/services-fr\/conseil-en-commerce\/supply-chain-safety-and-security\/\"},{\"@type\":\"ListItem\",\"position\":5,\"name\":\"C-TPAT\"}]},{\"@type\":\"WebSite\",\"@id\":\"https:\/\/staging.livingstonintl.com\/fr\/#website\",\"url\":\"https:\/\/staging.livingstonintl.com\/fr\/\",\"name\":\"Livingston International\",\"description\":\"Simplify Trade\",\"potentialAction\":[{\"@type\":\"SearchAction\",\"target\":{\"@type\":\"EntryPoint\",\"urlTemplate\":\"https:\/\/staging.livingstonintl.com\/fr\/?s={search_term_string}\"},\"query-input\":{\"@type\":\"PropertyValueSpecification\",\"valueRequired\":true,\"valueName\":\"search_term_string\"}}],\"inLanguage\":\"fr-FR\"}]}<\/script>\n<!-- \/ Yoast SEO plugin. -->","yoast_head_json":{"title":"C-TPAT - Livingston International","robots":{"index":"noindex","follow":"follow","max-snippet":"max-snippet:-1","max-image-preview":"max-image-preview:large","max-video-preview":"max-video-preview:-1"},"og_locale":"fr_FR","og_type":"article","og_title":"C-TPAT - Livingston International","og_description":"Nous aidons les clients \u00e0 obtenir la certification du programme C-TPAT (Customs-Trade Partnership Against Terrorism) des \u00c9tats-Unis, pour leur permettre de b\u00e9n\u00e9ficier des avantages de ce programme. Nous offrons les services suivants : demande d\u2019adh\u00e9sion au programme C-TPAT; validation des fournisseurs. Demande d\u2019adh\u00e9sion au programme C-TPAT Des centaines d\u2019entreprises se sont adress\u00e9es \u00e0 Livingston Conseil... Read more &raquo;","og_url":"https:\/\/staging.livingstonintl.com\/fr\/services-fr\/conseil-en-commerce\/supply-chain-safety-and-security\/customs-trade-partnership-against-terrorism-c-tpat\/","og_site_name":"Livingston International","article_publisher":"https:\/\/www.facebook.com\/livingstoninternational","article_modified_time":"2016-11-21T15:00:06+00:00","twitter_misc":{"Dur\u00e9e de lecture estim\u00e9e":"3 minutes"},"schema":{"@context":"https:\/\/schema.org","@graph":[{"@type":"WebPage","@id":"https:\/\/staging.livingstonintl.com\/fr\/services-fr\/conseil-en-commerce\/supply-chain-safety-and-security\/customs-trade-partnership-against-terrorism-c-tpat\/","url":"https:\/\/staging.livingstonintl.com\/fr\/services-fr\/conseil-en-commerce\/supply-chain-safety-and-security\/customs-trade-partnership-against-terrorism-c-tpat\/","name":"C-TPAT - Livingston International","isPartOf":{"@id":"https:\/\/staging.livingstonintl.com\/fr\/#website"},"datePublished":"2015-04-29T15:25:42+00:00","dateModified":"2016-11-21T15:00:06+00:00","breadcrumb":{"@id":"https:\/\/staging.livingstonintl.com\/fr\/services-fr\/conseil-en-commerce\/supply-chain-safety-and-security\/customs-trade-partnership-against-terrorism-c-tpat\/#breadcrumb"},"inLanguage":"fr-FR","potentialAction":[{"@type":"ReadAction","target":["https:\/\/staging.livingstonintl.com\/fr\/services-fr\/conseil-en-commerce\/supply-chain-safety-and-security\/customs-trade-partnership-against-terrorism-c-tpat\/"]}]},{"@type":"BreadcrumbList","@id":"https:\/\/staging.livingstonintl.com\/fr\/services-fr\/conseil-en-commerce\/supply-chain-safety-and-security\/customs-trade-partnership-against-terrorism-c-tpat\/#breadcrumb","itemListElement":[{"@type":"ListItem","position":1,"name":"Accueil","item":"https:\/\/staging.livingstonintl.com\/fr\/"},{"@type":"ListItem","position":2,"name":"Services","item":"https:\/\/staging.livingstonintl.com\/fr\/services-fr\/"},{"@type":"ListItem","position":3,"name":"Conseil en commerce","item":"https:\/\/staging.livingstonintl.com\/fr\/services-fr\/conseil-en-commerce\/"},{"@type":"ListItem","position":4,"name":"S\u00fbrete et s\u00e9curit\u00e9 de la cha\u00eene d\u2019approvisionnement","item":"https:\/\/staging.livingstonintl.com\/fr\/services-fr\/conseil-en-commerce\/supply-chain-safety-and-security\/"},{"@type":"ListItem","position":5,"name":"C-TPAT"}]},{"@type":"WebSite","@id":"https:\/\/staging.livingstonintl.com\/fr\/#website","url":"https:\/\/staging.livingstonintl.com\/fr\/","name":"Livingston International","description":"Simplify Trade","potentialAction":[{"@type":"SearchAction","target":{"@type":"EntryPoint","urlTemplate":"https:\/\/staging.livingstonintl.com\/fr\/?s={search_term_string}"},"query-input":{"@type":"PropertyValueSpecification","valueRequired":true,"valueName":"search_term_string"}}],"inLanguage":"fr-FR"}]}},"_links":{"self":[{"href":"https:\/\/staging.livingstonintl.com\/fr\/wp-json\/wp\/v2\/pages\/616","targetHints":{"allow":["GET"]}}],"collection":[{"href":"https:\/\/staging.livingstonintl.com\/fr\/wp-json\/wp\/v2\/pages"}],"about":[{"href":"https:\/\/staging.livingstonintl.com\/fr\/wp-json\/wp\/v2\/types\/page"}],"author":[{"embeddable":true,"href":"https:\/\/staging.livingstonintl.com\/fr\/wp-json\/wp\/v2\/users\/36"}],"replies":[{"embeddable":true,"href":"https:\/\/staging.livingstonintl.com\/fr\/wp-json\/wp\/v2\/comments?post=616"}],"version-history":[{"count":0,"href":"https:\/\/staging.livingstonintl.com\/fr\/wp-json\/wp\/v2\/pages\/616\/revisions"}],"up":[{"embeddable":true,"href":"https:\/\/staging.livingstonintl.com\/fr\/wp-json\/wp\/v2\/pages\/153"}],"wp:attachment":[{"href":"https:\/\/staging.livingstonintl.com\/fr\/wp-json\/wp\/v2\/media?parent=616"}],"curies":[{"name":"wp","href":"https:\/\/api.w.org\/{rel}","templated":true}]}}