{"id":615,"date":"2015-04-29T15:26:04","date_gmt":"2015-04-29T15:26:04","guid":{"rendered":"http:\/\/livingston.gocactus.com\/services\/trade-consulting\/supply-chain-safety-and-security\/partners-in-protection-pip\/"},"modified":"2015-11-19T22:08:58","modified_gmt":"2015-11-19T22:08:58","slug":"partners-in-protection-pip","status":"publish","type":"page","link":"https:\/\/staging.livingstonintl.com\/fr\/services-fr\/conseil-en-commerce\/supply-chain-safety-and-security\/partners-in-protection-pip\/","title":{"rendered":"Partenaires En Protection (PEP)"},"content":{"rendered":"<p>Partenaires en protection (PEP) est un programme de l\u2019Agence des services frontaliers du Canada (ASFC) qui vise \u00e0 obtenir la collaboration du secteur priv\u00e9 pour am\u00e9liorer la s\u00e9curit\u00e9 frontali\u00e8re, lutter contre le crime organis\u00e9 et le terrorisme, augmenter la prise de conscience de la conformit\u00e9 douani\u00e8re et d\u00e9tecter et emp\u00eacher la contrebande.<\/p>\n<p>Le programme PEP est \u00e0 la disposition des importateurs, transporteurs, courtiers, exploitants d\u2019entrep\u00f4ts, associations, transitaires et agents d\u2019exp\u00e9dition qui poss\u00e8dent ou exploitent des \u00e9tablissements au Canada, participent directement \u00e0 l\u2019importation et \u00e0 l\u2019exportation de marchandises commerciales et sont en r\u00e8gle avec l\u2019ASFC.<\/p>\n<p>Avantages pour vous :<\/p>\n<ul>\n<li>Moyennant votre adh\u00e9sion au Programme d\u2019autocotisation des douanes (PAD), vous pourrez demander votre adh\u00e9sion au programme EXPRES pour pouvoir utiliser les voies rapides d\u00e9sign\u00e9es vers le Canada.<\/li>\n<li>Votre r\u00e9putation sera am\u00e9lior\u00e9e par le fait d\u2019\u00eatre une entreprise s\u00e9curitaire, \u00e0 faible risque.<\/li>\n<li>Vous obtiendrez un avantage concurrentiel et vous serez mieux plac\u00e9s pour acqu\u00e9rir une reconnaissance internationale.<\/li>\n<\/ul>\n","protected":false},"excerpt":{"rendered":"<p>Partenaires en protection (PEP) est un programme de l\u2019Agence des services frontaliers du Canada (ASFC) qui vise \u00e0 obtenir la collaboration du secteur priv\u00e9 pour am\u00e9liorer la s\u00e9curit\u00e9 frontali\u00e8re, lutter contre le crime organis\u00e9 et le terrorisme, augmenter la prise de conscience de la conformit\u00e9 douani\u00e8re et d\u00e9tecter et emp\u00eacher la contrebande. Le programme PEP<a class=\"excerpt-read-more\" href=\"https:\/\/staging.livingstonintl.com\/fr\/services-fr\/conseil-en-commerce\/supply-chain-safety-and-security\/partners-in-protection-pip\/\" title=\"ReadPartenaires En Protection (PEP)\">&#8230; Read more &raquo;<\/a><\/p>\n","protected":false},"author":36,"featured_media":0,"parent":153,"menu_order":237,"comment_status":"closed","ping_status":"closed","template":"","meta":{"_acf_changed":false,"footnotes":""},"class_list":["post-615","page","type-page","status-publish","hentry"],"acf":[],"yoast_head":"<!-- This site is optimized with the Yoast SEO plugin v26.8 - https:\/\/yoast.com\/product\/yoast-seo-wordpress\/ -->\n<title>Partenaires En Protection (PEP) - Livingston International<\/title>\n<meta name=\"robots\" content=\"noindex, follow, max-snippet:-1, max-image-preview:large, max-video-preview:-1\" \/>\n<meta property=\"og:locale\" content=\"fr_FR\" \/>\n<meta property=\"og:type\" content=\"article\" \/>\n<meta property=\"og:title\" content=\"Partenaires En Protection (PEP) - Livingston International\" \/>\n<meta property=\"og:description\" content=\"Partenaires en protection (PEP) est un programme de l\u2019Agence des services frontaliers du Canada (ASFC) qui vise \u00e0 obtenir la collaboration du secteur priv\u00e9 pour am\u00e9liorer la s\u00e9curit\u00e9 frontali\u00e8re, lutter contre le crime organis\u00e9 et le terrorisme, augmenter la prise de conscience de la conformit\u00e9 douani\u00e8re et d\u00e9tecter et emp\u00eacher la contrebande. Le programme PEP... Read more &raquo;\" \/>\n<meta property=\"og:url\" content=\"https:\/\/staging.livingstonintl.com\/fr\/services-fr\/conseil-en-commerce\/supply-chain-safety-and-security\/partners-in-protection-pip\/\" \/>\n<meta property=\"og:site_name\" content=\"Livingston International\" \/>\n<meta property=\"article:publisher\" content=\"https:\/\/www.facebook.com\/livingstoninternational\" \/>\n<meta property=\"article:modified_time\" content=\"2015-11-19T22:08:58+00:00\" \/>\n<meta name=\"twitter:label1\" content=\"Dur\u00e9e de lecture estim\u00e9e\" \/>\n\t<meta name=\"twitter:data1\" content=\"1 minute\" \/>\n<script type=\"application\/ld+json\" class=\"yoast-schema-graph\">{\"@context\":\"https:\/\/schema.org\",\"@graph\":[{\"@type\":\"WebPage\",\"@id\":\"https:\/\/staging.livingstonintl.com\/fr\/services-fr\/conseil-en-commerce\/supply-chain-safety-and-security\/partners-in-protection-pip\/\",\"url\":\"https:\/\/staging.livingstonintl.com\/fr\/services-fr\/conseil-en-commerce\/supply-chain-safety-and-security\/partners-in-protection-pip\/\",\"name\":\"Partenaires En Protection (PEP) - Livingston International\",\"isPartOf\":{\"@id\":\"https:\/\/staging.livingstonintl.com\/fr\/#website\"},\"datePublished\":\"2015-04-29T15:26:04+00:00\",\"dateModified\":\"2015-11-19T22:08:58+00:00\",\"breadcrumb\":{\"@id\":\"https:\/\/staging.livingstonintl.com\/fr\/services-fr\/conseil-en-commerce\/supply-chain-safety-and-security\/partners-in-protection-pip\/#breadcrumb\"},\"inLanguage\":\"fr-FR\",\"potentialAction\":[{\"@type\":\"ReadAction\",\"target\":[\"https:\/\/staging.livingstonintl.com\/fr\/services-fr\/conseil-en-commerce\/supply-chain-safety-and-security\/partners-in-protection-pip\/\"]}]},{\"@type\":\"BreadcrumbList\",\"@id\":\"https:\/\/staging.livingstonintl.com\/fr\/services-fr\/conseil-en-commerce\/supply-chain-safety-and-security\/partners-in-protection-pip\/#breadcrumb\",\"itemListElement\":[{\"@type\":\"ListItem\",\"position\":1,\"name\":\"Accueil\",\"item\":\"https:\/\/staging.livingstonintl.com\/fr\/\"},{\"@type\":\"ListItem\",\"position\":2,\"name\":\"Services\",\"item\":\"https:\/\/staging.livingstonintl.com\/fr\/services-fr\/\"},{\"@type\":\"ListItem\",\"position\":3,\"name\":\"Conseil en commerce\",\"item\":\"https:\/\/staging.livingstonintl.com\/fr\/services-fr\/conseil-en-commerce\/\"},{\"@type\":\"ListItem\",\"position\":4,\"name\":\"S\u00fbrete et s\u00e9curit\u00e9 de la cha\u00eene d\u2019approvisionnement\",\"item\":\"https:\/\/staging.livingstonintl.com\/fr\/services-fr\/conseil-en-commerce\/supply-chain-safety-and-security\/\"},{\"@type\":\"ListItem\",\"position\":5,\"name\":\"Partenaires En Protection (PEP)\"}]},{\"@type\":\"WebSite\",\"@id\":\"https:\/\/staging.livingstonintl.com\/fr\/#website\",\"url\":\"https:\/\/staging.livingstonintl.com\/fr\/\",\"name\":\"Livingston International\",\"description\":\"Simplify Trade\",\"potentialAction\":[{\"@type\":\"SearchAction\",\"target\":{\"@type\":\"EntryPoint\",\"urlTemplate\":\"https:\/\/staging.livingstonintl.com\/fr\/?s={search_term_string}\"},\"query-input\":{\"@type\":\"PropertyValueSpecification\",\"valueRequired\":true,\"valueName\":\"search_term_string\"}}],\"inLanguage\":\"fr-FR\"}]}<\/script>\n<!-- \/ Yoast SEO plugin. -->","yoast_head_json":{"title":"Partenaires En Protection (PEP) - Livingston International","robots":{"index":"noindex","follow":"follow","max-snippet":"max-snippet:-1","max-image-preview":"max-image-preview:large","max-video-preview":"max-video-preview:-1"},"og_locale":"fr_FR","og_type":"article","og_title":"Partenaires En Protection (PEP) - Livingston International","og_description":"Partenaires en protection (PEP) est un programme de l\u2019Agence des services frontaliers du Canada (ASFC) qui vise \u00e0 obtenir la collaboration du secteur priv\u00e9 pour am\u00e9liorer la s\u00e9curit\u00e9 frontali\u00e8re, lutter contre le crime organis\u00e9 et le terrorisme, augmenter la prise de conscience de la conformit\u00e9 douani\u00e8re et d\u00e9tecter et emp\u00eacher la contrebande. Le programme PEP... Read more &raquo;","og_url":"https:\/\/staging.livingstonintl.com\/fr\/services-fr\/conseil-en-commerce\/supply-chain-safety-and-security\/partners-in-protection-pip\/","og_site_name":"Livingston International","article_publisher":"https:\/\/www.facebook.com\/livingstoninternational","article_modified_time":"2015-11-19T22:08:58+00:00","twitter_misc":{"Dur\u00e9e de lecture estim\u00e9e":"1 minute"},"schema":{"@context":"https:\/\/schema.org","@graph":[{"@type":"WebPage","@id":"https:\/\/staging.livingstonintl.com\/fr\/services-fr\/conseil-en-commerce\/supply-chain-safety-and-security\/partners-in-protection-pip\/","url":"https:\/\/staging.livingstonintl.com\/fr\/services-fr\/conseil-en-commerce\/supply-chain-safety-and-security\/partners-in-protection-pip\/","name":"Partenaires En Protection (PEP) - Livingston International","isPartOf":{"@id":"https:\/\/staging.livingstonintl.com\/fr\/#website"},"datePublished":"2015-04-29T15:26:04+00:00","dateModified":"2015-11-19T22:08:58+00:00","breadcrumb":{"@id":"https:\/\/staging.livingstonintl.com\/fr\/services-fr\/conseil-en-commerce\/supply-chain-safety-and-security\/partners-in-protection-pip\/#breadcrumb"},"inLanguage":"fr-FR","potentialAction":[{"@type":"ReadAction","target":["https:\/\/staging.livingstonintl.com\/fr\/services-fr\/conseil-en-commerce\/supply-chain-safety-and-security\/partners-in-protection-pip\/"]}]},{"@type":"BreadcrumbList","@id":"https:\/\/staging.livingstonintl.com\/fr\/services-fr\/conseil-en-commerce\/supply-chain-safety-and-security\/partners-in-protection-pip\/#breadcrumb","itemListElement":[{"@type":"ListItem","position":1,"name":"Accueil","item":"https:\/\/staging.livingstonintl.com\/fr\/"},{"@type":"ListItem","position":2,"name":"Services","item":"https:\/\/staging.livingstonintl.com\/fr\/services-fr\/"},{"@type":"ListItem","position":3,"name":"Conseil en commerce","item":"https:\/\/staging.livingstonintl.com\/fr\/services-fr\/conseil-en-commerce\/"},{"@type":"ListItem","position":4,"name":"S\u00fbrete et s\u00e9curit\u00e9 de la cha\u00eene d\u2019approvisionnement","item":"https:\/\/staging.livingstonintl.com\/fr\/services-fr\/conseil-en-commerce\/supply-chain-safety-and-security\/"},{"@type":"ListItem","position":5,"name":"Partenaires En Protection (PEP)"}]},{"@type":"WebSite","@id":"https:\/\/staging.livingstonintl.com\/fr\/#website","url":"https:\/\/staging.livingstonintl.com\/fr\/","name":"Livingston International","description":"Simplify Trade","potentialAction":[{"@type":"SearchAction","target":{"@type":"EntryPoint","urlTemplate":"https:\/\/staging.livingstonintl.com\/fr\/?s={search_term_string}"},"query-input":{"@type":"PropertyValueSpecification","valueRequired":true,"valueName":"search_term_string"}}],"inLanguage":"fr-FR"}]}},"_links":{"self":[{"href":"https:\/\/staging.livingstonintl.com\/fr\/wp-json\/wp\/v2\/pages\/615","targetHints":{"allow":["GET"]}}],"collection":[{"href":"https:\/\/staging.livingstonintl.com\/fr\/wp-json\/wp\/v2\/pages"}],"about":[{"href":"https:\/\/staging.livingstonintl.com\/fr\/wp-json\/wp\/v2\/types\/page"}],"author":[{"embeddable":true,"href":"https:\/\/staging.livingstonintl.com\/fr\/wp-json\/wp\/v2\/users\/36"}],"replies":[{"embeddable":true,"href":"https:\/\/staging.livingstonintl.com\/fr\/wp-json\/wp\/v2\/comments?post=615"}],"version-history":[{"count":0,"href":"https:\/\/staging.livingstonintl.com\/fr\/wp-json\/wp\/v2\/pages\/615\/revisions"}],"up":[{"embeddable":true,"href":"https:\/\/staging.livingstonintl.com\/fr\/wp-json\/wp\/v2\/pages\/153"}],"wp:attachment":[{"href":"https:\/\/staging.livingstonintl.com\/fr\/wp-json\/wp\/v2\/media?parent=615"}],"curies":[{"name":"wp","href":"https:\/\/api.w.org\/{rel}","templated":true}]}}