{"id":614,"date":"2015-04-29T15:26:31","date_gmt":"2015-04-29T15:26:31","guid":{"rendered":"http:\/\/livingston.gocactus.com\/services\/trade-consulting\/supply-chain-safety-and-security\/authorized-economic-operator-aeo-application-assessment\/"},"modified":"2020-10-26T12:14:11","modified_gmt":"2020-10-26T16:14:11","slug":"authorized-economic-operator-aeo-application-assessment","status":"publish","type":"page","link":"https:\/\/staging.livingstonintl.com\/fr\/services-fr\/conseil-en-commerce\/supply-chain-safety-and-security\/authorized-economic-operator-aeo-application-assessment\/","title":{"rendered":"Authorized Economic Operator (AEO) Application Assessment"},"content":{"rendered":"<p>Like ISO certification, Authorized Economic Operator (AEO) certification shows that the certified company is financially healthy, enjoys a good reputation and promotes financial, logistics and operational transparency.<\/p>\n<p>Livingston can guide you through the process of completing the self-assessment, applying to become an AEO, and running and maintaining certified status. We will:<\/p>\n<ul>\n<li>Review cargo safety and security processes, procedures and business practices.<\/li>\n<li>Analyze and evaluate findings against relevant AEO regulatory requirements.<\/li>\n<li>Present a scorecard report of the findings, including risks and gap analysis.<\/li>\n<li>Recommend corrective measures.<\/li>\n<li>Manage the implementation of corrective measures.<\/li>\n<li>Assess business readiness for the application process.<\/li>\n<li>Provide support during the AEO application submission process.<\/li>\n<\/ul>\n<p>Our comprehensive analysis and recommendations will help you submit a successful AEO application. Once your application is approved, you will benefit from: fewer physical and administrative controls, higher priority when selected for controls, lower financial bonds or securities, and shorter supply chain cycle time and lesser products in transit. AEO certified companies can\u00a0 also take advantage of simplified procedures in other regions and countries.<\/p>\n","protected":false},"excerpt":{"rendered":"<p>Like ISO certification, Authorized Economic Operator (AEO) certification shows that the certified company is financially healthy, enjoys a good reputation and promotes financial, logistics and operational transparency. Livingston can guide you through the process of completing the self-assessment, applying to become an AEO, and running and maintaining certified status. We will: Review cargo safety and<a class=\"excerpt-read-more\" href=\"https:\/\/staging.livingstonintl.com\/fr\/services-fr\/conseil-en-commerce\/supply-chain-safety-and-security\/authorized-economic-operator-aeo-application-assessment\/\" title=\"ReadAuthorized Economic Operator (AEO) Application Assessment\">&#8230; Read more &raquo;<\/a><\/p>\n","protected":false},"author":36,"featured_media":0,"parent":153,"menu_order":399,"comment_status":"closed","ping_status":"closed","template":"","meta":{"_acf_changed":false,"footnotes":""},"class_list":["post-614","page","type-page","status-publish","hentry"],"acf":[],"yoast_head":"<!-- This site is optimized with the Yoast SEO plugin v26.8 - https:\/\/yoast.com\/product\/yoast-seo-wordpress\/ -->\n<title>Authorized Economic Operator (AEO) Application Assessment - Livingston International<\/title>\n<meta name=\"robots\" content=\"noindex, follow, max-snippet:-1, max-image-preview:large, max-video-preview:-1\" \/>\n<meta property=\"og:locale\" content=\"fr_FR\" \/>\n<meta property=\"og:type\" content=\"article\" \/>\n<meta property=\"og:title\" content=\"Authorized Economic Operator (AEO) Application Assessment - Livingston International\" \/>\n<meta property=\"og:description\" content=\"Like ISO certification, Authorized Economic Operator (AEO) certification shows that the certified company is financially healthy, enjoys a good reputation and promotes financial, logistics and operational transparency. Livingston can guide you through the process of completing the self-assessment, applying to become an AEO, and running and maintaining certified status. We will: Review cargo safety and... Read more &raquo;\" \/>\n<meta property=\"og:url\" content=\"https:\/\/staging.livingstonintl.com\/fr\/services-fr\/conseil-en-commerce\/supply-chain-safety-and-security\/authorized-economic-operator-aeo-application-assessment\/\" \/>\n<meta property=\"og:site_name\" content=\"Livingston International\" \/>\n<meta property=\"article:publisher\" content=\"https:\/\/www.facebook.com\/livingstoninternational\" \/>\n<meta property=\"article:modified_time\" content=\"2020-10-26T16:14:11+00:00\" \/>\n<meta name=\"twitter:label1\" content=\"Dur\u00e9e de lecture estim\u00e9e\" \/>\n\t<meta name=\"twitter:data1\" content=\"1 minute\" \/>\n<script type=\"application\/ld+json\" class=\"yoast-schema-graph\">{\"@context\":\"https:\/\/schema.org\",\"@graph\":[{\"@type\":\"WebPage\",\"@id\":\"https:\/\/staging.livingstonintl.com\/fr\/services-fr\/conseil-en-commerce\/supply-chain-safety-and-security\/authorized-economic-operator-aeo-application-assessment\/\",\"url\":\"https:\/\/staging.livingstonintl.com\/fr\/services-fr\/conseil-en-commerce\/supply-chain-safety-and-security\/authorized-economic-operator-aeo-application-assessment\/\",\"name\":\"Authorized Economic Operator (AEO) Application Assessment - Livingston International\",\"isPartOf\":{\"@id\":\"https:\/\/staging.livingstonintl.com\/fr\/#website\"},\"datePublished\":\"2015-04-29T15:26:31+00:00\",\"dateModified\":\"2020-10-26T16:14:11+00:00\",\"breadcrumb\":{\"@id\":\"https:\/\/staging.livingstonintl.com\/fr\/services-fr\/conseil-en-commerce\/supply-chain-safety-and-security\/authorized-economic-operator-aeo-application-assessment\/#breadcrumb\"},\"inLanguage\":\"fr-FR\",\"potentialAction\":[{\"@type\":\"ReadAction\",\"target\":[\"https:\/\/staging.livingstonintl.com\/fr\/services-fr\/conseil-en-commerce\/supply-chain-safety-and-security\/authorized-economic-operator-aeo-application-assessment\/\"]}]},{\"@type\":\"BreadcrumbList\",\"@id\":\"https:\/\/staging.livingstonintl.com\/fr\/services-fr\/conseil-en-commerce\/supply-chain-safety-and-security\/authorized-economic-operator-aeo-application-assessment\/#breadcrumb\",\"itemListElement\":[{\"@type\":\"ListItem\",\"position\":1,\"name\":\"Accueil\",\"item\":\"https:\/\/staging.livingstonintl.com\/fr\/\"},{\"@type\":\"ListItem\",\"position\":2,\"name\":\"Services\",\"item\":\"https:\/\/staging.livingstonintl.com\/fr\/services-fr\/\"},{\"@type\":\"ListItem\",\"position\":3,\"name\":\"Conseil en commerce\",\"item\":\"https:\/\/staging.livingstonintl.com\/fr\/services-fr\/conseil-en-commerce\/\"},{\"@type\":\"ListItem\",\"position\":4,\"name\":\"S\u00fbrete et s\u00e9curit\u00e9 de la cha\u00eene d\u2019approvisionnement\",\"item\":\"https:\/\/staging.livingstonintl.com\/fr\/services-fr\/conseil-en-commerce\/supply-chain-safety-and-security\/\"},{\"@type\":\"ListItem\",\"position\":5,\"name\":\"Authorized Economic Operator (AEO) Application Assessment\"}]},{\"@type\":\"WebSite\",\"@id\":\"https:\/\/staging.livingstonintl.com\/fr\/#website\",\"url\":\"https:\/\/staging.livingstonintl.com\/fr\/\",\"name\":\"Livingston International\",\"description\":\"Simplify Trade\",\"potentialAction\":[{\"@type\":\"SearchAction\",\"target\":{\"@type\":\"EntryPoint\",\"urlTemplate\":\"https:\/\/staging.livingstonintl.com\/fr\/?s={search_term_string}\"},\"query-input\":{\"@type\":\"PropertyValueSpecification\",\"valueRequired\":true,\"valueName\":\"search_term_string\"}}],\"inLanguage\":\"fr-FR\"}]}<\/script>\n<!-- \/ Yoast SEO plugin. -->","yoast_head_json":{"title":"Authorized Economic Operator (AEO) Application Assessment - Livingston International","robots":{"index":"noindex","follow":"follow","max-snippet":"max-snippet:-1","max-image-preview":"max-image-preview:large","max-video-preview":"max-video-preview:-1"},"og_locale":"fr_FR","og_type":"article","og_title":"Authorized Economic Operator (AEO) Application Assessment - Livingston International","og_description":"Like ISO certification, Authorized Economic Operator (AEO) certification shows that the certified company is financially healthy, enjoys a good reputation and promotes financial, logistics and operational transparency. Livingston can guide you through the process of completing the self-assessment, applying to become an AEO, and running and maintaining certified status. We will: Review cargo safety and... Read more &raquo;","og_url":"https:\/\/staging.livingstonintl.com\/fr\/services-fr\/conseil-en-commerce\/supply-chain-safety-and-security\/authorized-economic-operator-aeo-application-assessment\/","og_site_name":"Livingston International","article_publisher":"https:\/\/www.facebook.com\/livingstoninternational","article_modified_time":"2020-10-26T16:14:11+00:00","twitter_misc":{"Dur\u00e9e de lecture estim\u00e9e":"1 minute"},"schema":{"@context":"https:\/\/schema.org","@graph":[{"@type":"WebPage","@id":"https:\/\/staging.livingstonintl.com\/fr\/services-fr\/conseil-en-commerce\/supply-chain-safety-and-security\/authorized-economic-operator-aeo-application-assessment\/","url":"https:\/\/staging.livingstonintl.com\/fr\/services-fr\/conseil-en-commerce\/supply-chain-safety-and-security\/authorized-economic-operator-aeo-application-assessment\/","name":"Authorized Economic Operator (AEO) Application Assessment - Livingston International","isPartOf":{"@id":"https:\/\/staging.livingstonintl.com\/fr\/#website"},"datePublished":"2015-04-29T15:26:31+00:00","dateModified":"2020-10-26T16:14:11+00:00","breadcrumb":{"@id":"https:\/\/staging.livingstonintl.com\/fr\/services-fr\/conseil-en-commerce\/supply-chain-safety-and-security\/authorized-economic-operator-aeo-application-assessment\/#breadcrumb"},"inLanguage":"fr-FR","potentialAction":[{"@type":"ReadAction","target":["https:\/\/staging.livingstonintl.com\/fr\/services-fr\/conseil-en-commerce\/supply-chain-safety-and-security\/authorized-economic-operator-aeo-application-assessment\/"]}]},{"@type":"BreadcrumbList","@id":"https:\/\/staging.livingstonintl.com\/fr\/services-fr\/conseil-en-commerce\/supply-chain-safety-and-security\/authorized-economic-operator-aeo-application-assessment\/#breadcrumb","itemListElement":[{"@type":"ListItem","position":1,"name":"Accueil","item":"https:\/\/staging.livingstonintl.com\/fr\/"},{"@type":"ListItem","position":2,"name":"Services","item":"https:\/\/staging.livingstonintl.com\/fr\/services-fr\/"},{"@type":"ListItem","position":3,"name":"Conseil en commerce","item":"https:\/\/staging.livingstonintl.com\/fr\/services-fr\/conseil-en-commerce\/"},{"@type":"ListItem","position":4,"name":"S\u00fbrete et s\u00e9curit\u00e9 de la cha\u00eene d\u2019approvisionnement","item":"https:\/\/staging.livingstonintl.com\/fr\/services-fr\/conseil-en-commerce\/supply-chain-safety-and-security\/"},{"@type":"ListItem","position":5,"name":"Authorized Economic Operator (AEO) Application Assessment"}]},{"@type":"WebSite","@id":"https:\/\/staging.livingstonintl.com\/fr\/#website","url":"https:\/\/staging.livingstonintl.com\/fr\/","name":"Livingston International","description":"Simplify Trade","potentialAction":[{"@type":"SearchAction","target":{"@type":"EntryPoint","urlTemplate":"https:\/\/staging.livingstonintl.com\/fr\/?s={search_term_string}"},"query-input":{"@type":"PropertyValueSpecification","valueRequired":true,"valueName":"search_term_string"}}],"inLanguage":"fr-FR"}]}},"_links":{"self":[{"href":"https:\/\/staging.livingstonintl.com\/fr\/wp-json\/wp\/v2\/pages\/614","targetHints":{"allow":["GET"]}}],"collection":[{"href":"https:\/\/staging.livingstonintl.com\/fr\/wp-json\/wp\/v2\/pages"}],"about":[{"href":"https:\/\/staging.livingstonintl.com\/fr\/wp-json\/wp\/v2\/types\/page"}],"author":[{"embeddable":true,"href":"https:\/\/staging.livingstonintl.com\/fr\/wp-json\/wp\/v2\/users\/36"}],"replies":[{"embeddable":true,"href":"https:\/\/staging.livingstonintl.com\/fr\/wp-json\/wp\/v2\/comments?post=614"}],"version-history":[{"count":3,"href":"https:\/\/staging.livingstonintl.com\/fr\/wp-json\/wp\/v2\/pages\/614\/revisions"}],"predecessor-version":[{"id":51866,"href":"https:\/\/staging.livingstonintl.com\/fr\/wp-json\/wp\/v2\/pages\/614\/revisions\/51866"}],"up":[{"embeddable":true,"href":"https:\/\/staging.livingstonintl.com\/fr\/wp-json\/wp\/v2\/pages\/153"}],"wp:attachment":[{"href":"https:\/\/staging.livingstonintl.com\/fr\/wp-json\/wp\/v2\/media?parent=614"}],"curies":[{"name":"wp","href":"https:\/\/api.w.org\/{rel}","templated":true}]}}