{"id":573,"date":"2015-04-29T15:19:32","date_gmt":"2015-04-29T15:19:32","guid":{"rendered":"http:\/\/livingston.gocactus.com\/services\/trade-consulting\/international-trade-agreements\/certificate-of-origin-supplier-solicitation\/"},"modified":"2017-09-19T17:21:40","modified_gmt":"2017-09-19T21:21:40","slug":"regles-dorigine-et-marquage","status":"publish","type":"page","link":"https:\/\/staging.livingstonintl.com\/fr\/services-fr\/conseil-en-commerce\/accords-commerciaux-internationaux\/regles-dorigine-et-marquage\/","title":{"rendered":"Service de sollicitation des certificats d\u2019origine pour les fournisseurs"},"content":{"rendered":"<p>Pour profiter de taxes r\u00e9duites par les accords de libre-\u00e9change, comme l\u2019ALENA et l&rsquo;AECG, vous devez avoir un certificat d\u2019origine pour tous les produits admissibles de chacun de vos exp\u00e9diteurs, et ce, tous les ans. Pour les importateurs avec des vendeurs ind\u00e9pendants et une large assiette tarifaire, ramasser et v\u00e9rifier les certificats d\u2019origine peut \u00eatre une t\u00e2che ardue \u00e0 entreprendre dans un d\u00e9lai tr\u00e8s court chaque ann\u00e9e.<\/p>\n<p>Livingston Consulting peut vous venir en aide. \u00c0 l\u2019aide de nos capacit\u00e9s en mati\u00e8re de surveillance et de notification, vous pourrez voir le statut de la sollicitation et la r\u00e9activit\u00e9 de vos fournisseurs. Notre \u00e9quipe de sp\u00e9cialistes douaniers travaillera de concert avec vos fournisseurs en :<\/p>\n<ul>\n<li>Envoyant un certificat d\u2019origine \u00e0 chaque fournisseur.<\/li>\n<li>Assurant un suivi r\u00e9gulier des certificats en circulation.<\/li>\n<li>Faisant une v\u00e9rification pr\u00e9liminaire pour d\u00e9terminer la conformit\u00e9 et l\u2019exactitude.<\/li>\n<li>Cr\u00e9ant une base de donn\u00e9es des fournisseurs qui renverra aux produits et aux pi\u00e8ces.<\/li>\n<li>Donnant acc\u00e8s \u00e0 vos fournisseurs \u00e0 Insight\u00ae ALENA, qui leur permettra de voir et de mettre \u00e0 jour les renseignements concernant l\u2019ALENA pour leurs produits en ligne.<\/li>\n<\/ul>\n<p>Comment vous allez en b\u00e9n\u00e9ficier:<\/p>\n<ul>\n<li>Profitez de meilleures \u00e9conomies en ayant recours \u00e0 des droits de douane pr\u00e9f\u00e9rentiels tout en sachant que vous respectez les obligations r\u00e9glementaires qui en d\u00e9coulent.<\/li>\n<li>R\u00e9duisez le risque ou les p\u00e9nalit\u00e9s financi\u00e8res en cas de non-conformit\u00e9 en respectant les d\u00e9lais.<\/li>\n<li>Concentrez-vous sur vos activit\u00e9s de base en \u00e9liminant le fardeau annuel de recueillir les certificats d\u2019origine.<\/li>\n<\/ul>\n","protected":false},"excerpt":{"rendered":"<p>Pour profiter de taxes r\u00e9duites par les accords de libre-\u00e9change, comme l\u2019ALENA et l&rsquo;AECG, vous devez avoir un certificat d\u2019origine pour tous les produits admissibles de chacun de vos exp\u00e9diteurs, et ce, tous les ans. Pour les importateurs avec des vendeurs ind\u00e9pendants et une large assiette tarifaire, ramasser et v\u00e9rifier les certificats d\u2019origine peut \u00eatre<a class=\"excerpt-read-more\" href=\"https:\/\/staging.livingstonintl.com\/fr\/services-fr\/conseil-en-commerce\/accords-commerciaux-internationaux\/regles-dorigine-et-marquage\/\" title=\"ReadService de sollicitation des certificats d\u2019origine pour les fournisseurs\">&#8230; Read more &raquo;<\/a><\/p>\n","protected":false},"author":36,"featured_media":0,"parent":155,"menu_order":239,"comment_status":"closed","ping_status":"closed","template":"","meta":{"_acf_changed":false,"footnotes":""},"class_list":["post-573","page","type-page","status-publish","hentry"],"acf":[],"yoast_head":"<!-- This site is optimized with the Yoast SEO plugin v26.8 - https:\/\/yoast.com\/product\/yoast-seo-wordpress\/ -->\n<title>Service de sollicitation des certificats d\u2019origine pour les fournisseurs - Livingston International<\/title>\n<meta name=\"robots\" content=\"noindex, follow, max-snippet:-1, max-image-preview:large, max-video-preview:-1\" \/>\n<meta property=\"og:locale\" content=\"fr_FR\" \/>\n<meta property=\"og:type\" content=\"article\" \/>\n<meta property=\"og:title\" content=\"Service de sollicitation des certificats d\u2019origine pour les fournisseurs - Livingston International\" \/>\n<meta property=\"og:description\" content=\"Pour profiter de taxes r\u00e9duites par les accords de libre-\u00e9change, comme l\u2019ALENA et l&rsquo;AECG, vous devez avoir un certificat d\u2019origine pour tous les produits admissibles de chacun de vos exp\u00e9diteurs, et ce, tous les ans. Pour les importateurs avec des vendeurs ind\u00e9pendants et une large assiette tarifaire, ramasser et v\u00e9rifier les certificats d\u2019origine peut \u00eatre... Read more &raquo;\" \/>\n<meta property=\"og:url\" content=\"https:\/\/staging.livingstonintl.com\/fr\/services-fr\/conseil-en-commerce\/accords-commerciaux-internationaux\/regles-dorigine-et-marquage\/\" \/>\n<meta property=\"og:site_name\" content=\"Livingston International\" \/>\n<meta property=\"article:publisher\" content=\"https:\/\/www.facebook.com\/livingstoninternational\" \/>\n<meta property=\"article:modified_time\" content=\"2017-09-19T21:21:40+00:00\" \/>\n<meta name=\"twitter:label1\" content=\"Dur\u00e9e de lecture estim\u00e9e\" \/>\n\t<meta name=\"twitter:data1\" content=\"1 minute\" \/>\n<script type=\"application\/ld+json\" class=\"yoast-schema-graph\">{\"@context\":\"https:\/\/schema.org\",\"@graph\":[{\"@type\":\"WebPage\",\"@id\":\"https:\/\/staging.livingstonintl.com\/fr\/services-fr\/conseil-en-commerce\/accords-commerciaux-internationaux\/regles-dorigine-et-marquage\/\",\"url\":\"https:\/\/staging.livingstonintl.com\/fr\/services-fr\/conseil-en-commerce\/accords-commerciaux-internationaux\/regles-dorigine-et-marquage\/\",\"name\":\"Service de sollicitation des certificats d\u2019origine pour les fournisseurs - Livingston International\",\"isPartOf\":{\"@id\":\"https:\/\/staging.livingstonintl.com\/fr\/#website\"},\"datePublished\":\"2015-04-29T15:19:32+00:00\",\"dateModified\":\"2017-09-19T21:21:40+00:00\",\"breadcrumb\":{\"@id\":\"https:\/\/staging.livingstonintl.com\/fr\/services-fr\/conseil-en-commerce\/accords-commerciaux-internationaux\/regles-dorigine-et-marquage\/#breadcrumb\"},\"inLanguage\":\"fr-FR\",\"potentialAction\":[{\"@type\":\"ReadAction\",\"target\":[\"https:\/\/staging.livingstonintl.com\/fr\/services-fr\/conseil-en-commerce\/accords-commerciaux-internationaux\/regles-dorigine-et-marquage\/\"]}]},{\"@type\":\"BreadcrumbList\",\"@id\":\"https:\/\/staging.livingstonintl.com\/fr\/services-fr\/conseil-en-commerce\/accords-commerciaux-internationaux\/regles-dorigine-et-marquage\/#breadcrumb\",\"itemListElement\":[{\"@type\":\"ListItem\",\"position\":1,\"name\":\"Accueil\",\"item\":\"https:\/\/staging.livingstonintl.com\/fr\/\"},{\"@type\":\"ListItem\",\"position\":2,\"name\":\"Services\",\"item\":\"https:\/\/staging.livingstonintl.com\/fr\/services-fr\/\"},{\"@type\":\"ListItem\",\"position\":3,\"name\":\"Conseil en commerce\",\"item\":\"https:\/\/staging.livingstonintl.com\/fr\/services-fr\/conseil-en-commerce\/\"},{\"@type\":\"ListItem\",\"position\":4,\"name\":\"Accords commerciaux internationaux\",\"item\":\"https:\/\/staging.livingstonintl.com\/fr\/services-fr\/conseil-en-commerce\/accords-commerciaux-internationaux\/\"},{\"@type\":\"ListItem\",\"position\":5,\"name\":\"Service de sollicitation des certificats d\u2019origine pour les fournisseurs\"}]},{\"@type\":\"WebSite\",\"@id\":\"https:\/\/staging.livingstonintl.com\/fr\/#website\",\"url\":\"https:\/\/staging.livingstonintl.com\/fr\/\",\"name\":\"Livingston International\",\"description\":\"Simplify Trade\",\"potentialAction\":[{\"@type\":\"SearchAction\",\"target\":{\"@type\":\"EntryPoint\",\"urlTemplate\":\"https:\/\/staging.livingstonintl.com\/fr\/?s={search_term_string}\"},\"query-input\":{\"@type\":\"PropertyValueSpecification\",\"valueRequired\":true,\"valueName\":\"search_term_string\"}}],\"inLanguage\":\"fr-FR\"}]}<\/script>\n<!-- \/ Yoast SEO plugin. -->","yoast_head_json":{"title":"Service de sollicitation des certificats d\u2019origine pour les fournisseurs - Livingston International","robots":{"index":"noindex","follow":"follow","max-snippet":"max-snippet:-1","max-image-preview":"max-image-preview:large","max-video-preview":"max-video-preview:-1"},"og_locale":"fr_FR","og_type":"article","og_title":"Service de sollicitation des certificats d\u2019origine pour les fournisseurs - Livingston International","og_description":"Pour profiter de taxes r\u00e9duites par les accords de libre-\u00e9change, comme l\u2019ALENA et l&rsquo;AECG, vous devez avoir un certificat d\u2019origine pour tous les produits admissibles de chacun de vos exp\u00e9diteurs, et ce, tous les ans. Pour les importateurs avec des vendeurs ind\u00e9pendants et une large assiette tarifaire, ramasser et v\u00e9rifier les certificats d\u2019origine peut \u00eatre... Read more &raquo;","og_url":"https:\/\/staging.livingstonintl.com\/fr\/services-fr\/conseil-en-commerce\/accords-commerciaux-internationaux\/regles-dorigine-et-marquage\/","og_site_name":"Livingston International","article_publisher":"https:\/\/www.facebook.com\/livingstoninternational","article_modified_time":"2017-09-19T21:21:40+00:00","twitter_misc":{"Dur\u00e9e de lecture estim\u00e9e":"1 minute"},"schema":{"@context":"https:\/\/schema.org","@graph":[{"@type":"WebPage","@id":"https:\/\/staging.livingstonintl.com\/fr\/services-fr\/conseil-en-commerce\/accords-commerciaux-internationaux\/regles-dorigine-et-marquage\/","url":"https:\/\/staging.livingstonintl.com\/fr\/services-fr\/conseil-en-commerce\/accords-commerciaux-internationaux\/regles-dorigine-et-marquage\/","name":"Service de sollicitation des certificats d\u2019origine pour les fournisseurs - Livingston International","isPartOf":{"@id":"https:\/\/staging.livingstonintl.com\/fr\/#website"},"datePublished":"2015-04-29T15:19:32+00:00","dateModified":"2017-09-19T21:21:40+00:00","breadcrumb":{"@id":"https:\/\/staging.livingstonintl.com\/fr\/services-fr\/conseil-en-commerce\/accords-commerciaux-internationaux\/regles-dorigine-et-marquage\/#breadcrumb"},"inLanguage":"fr-FR","potentialAction":[{"@type":"ReadAction","target":["https:\/\/staging.livingstonintl.com\/fr\/services-fr\/conseil-en-commerce\/accords-commerciaux-internationaux\/regles-dorigine-et-marquage\/"]}]},{"@type":"BreadcrumbList","@id":"https:\/\/staging.livingstonintl.com\/fr\/services-fr\/conseil-en-commerce\/accords-commerciaux-internationaux\/regles-dorigine-et-marquage\/#breadcrumb","itemListElement":[{"@type":"ListItem","position":1,"name":"Accueil","item":"https:\/\/staging.livingstonintl.com\/fr\/"},{"@type":"ListItem","position":2,"name":"Services","item":"https:\/\/staging.livingstonintl.com\/fr\/services-fr\/"},{"@type":"ListItem","position":3,"name":"Conseil en commerce","item":"https:\/\/staging.livingstonintl.com\/fr\/services-fr\/conseil-en-commerce\/"},{"@type":"ListItem","position":4,"name":"Accords commerciaux internationaux","item":"https:\/\/staging.livingstonintl.com\/fr\/services-fr\/conseil-en-commerce\/accords-commerciaux-internationaux\/"},{"@type":"ListItem","position":5,"name":"Service de sollicitation des certificats d\u2019origine pour les fournisseurs"}]},{"@type":"WebSite","@id":"https:\/\/staging.livingstonintl.com\/fr\/#website","url":"https:\/\/staging.livingstonintl.com\/fr\/","name":"Livingston International","description":"Simplify Trade","potentialAction":[{"@type":"SearchAction","target":{"@type":"EntryPoint","urlTemplate":"https:\/\/staging.livingstonintl.com\/fr\/?s={search_term_string}"},"query-input":{"@type":"PropertyValueSpecification","valueRequired":true,"valueName":"search_term_string"}}],"inLanguage":"fr-FR"}]}},"_links":{"self":[{"href":"https:\/\/staging.livingstonintl.com\/fr\/wp-json\/wp\/v2\/pages\/573","targetHints":{"allow":["GET"]}}],"collection":[{"href":"https:\/\/staging.livingstonintl.com\/fr\/wp-json\/wp\/v2\/pages"}],"about":[{"href":"https:\/\/staging.livingstonintl.com\/fr\/wp-json\/wp\/v2\/types\/page"}],"author":[{"embeddable":true,"href":"https:\/\/staging.livingstonintl.com\/fr\/wp-json\/wp\/v2\/users\/36"}],"replies":[{"embeddable":true,"href":"https:\/\/staging.livingstonintl.com\/fr\/wp-json\/wp\/v2\/comments?post=573"}],"version-history":[{"count":0,"href":"https:\/\/staging.livingstonintl.com\/fr\/wp-json\/wp\/v2\/pages\/573\/revisions"}],"up":[{"embeddable":true,"href":"https:\/\/staging.livingstonintl.com\/fr\/wp-json\/wp\/v2\/pages\/155"}],"wp:attachment":[{"href":"https:\/\/staging.livingstonintl.com\/fr\/wp-json\/wp\/v2\/media?parent=573"}],"curies":[{"name":"wp","href":"https:\/\/api.w.org\/{rel}","templated":true}]}}