{"id":572,"date":"2015-04-29T15:20:03","date_gmt":"2015-04-29T15:20:03","guid":{"rendered":"http:\/\/livingston.gocactus.com\/services\/trade-consulting\/international-trade-agreements\/origin-determination\/"},"modified":"2017-09-19T17:38:37","modified_gmt":"2017-09-19T21:38:37","slug":"determination-de-lorigine","status":"publish","type":"page","link":"https:\/\/staging.livingstonintl.com\/fr\/services-fr\/conseil-en-commerce\/accords-commerciaux-internationaux\/determination-de-lorigine\/","title":{"rendered":"Services de certificat d\u2019origine"},"content":{"rendered":"<p>Tirez parti des accords de libre-\u00e9change, comme l&rsquo;ALENA ou l&rsquo;AECG . D\u00e9terminez si vos produits sont admissibles aux droits de douane pr\u00e9f\u00e9rentiels et obtenez les meilleures \u00e9conomies possibles sur les droits de douane.<\/p>\n<p>Livingston Consulting vient en aide aux fabricants qui doivent qualifier leurs produits pour des accords de libre-\u00e9change pr\u00e9f\u00e9rentiels. Nous fournissons une analyse compl\u00e8te de votre gamme de produits afin de d\u00e9terminer son admissibilit\u00e9 \u00e0 la certification.<\/p>\n<p>Notre service de certification d\u2019origine inclut :<\/p>\n<ul>\n<li>L\u2019identification de la r\u00e8gle d\u2019origine sp\u00e9cifique bas\u00e9e sur la classification SH (et\/ou nomenclature).<\/li>\n<li>Un classement du composant du mat\u00e9riau au premier niveau.<\/li>\n<li>Les r\u00e9sultats du service de sollicitation du fournisseur sont incorpor\u00e9s (si disponibles).<\/li>\n<li>Une analyse pour d\u00e9terminer si le produit respecte les exigences de la r\u00e8gle d\u2019origine sp\u00e9cifique (affectation tarifaire et\/ou teneur en valeur r\u00e9gionale).<\/li>\n<li>Une d\u00e9termination de l\u2019origine d\u00e9taill\u00e9e identifiant l\u2019admissibilit\u00e9 du produit.<\/li>\n<li>S\u2019il y a inadmissibilit\u00e9, l\u2019analyse continue au deuxi\u00e8me, troisi\u00e8me ou quatri\u00e8me niveau de fabrication.<\/li>\n<\/ul>\n<p>Comment vous allez b\u00e9n\u00e9ficier:<\/p>\n<ul>\n<li>Comptez sur notre vaste expertise dans ce domaine pour une certification ponctuelle et pr\u00e9cise.<\/li>\n<li>Contr\u00f4lez les risques en mati\u00e8re de conformit\u00e9 et sachez que vous pouvez justifier vos r\u00e9clamations de l\u2019ALENA.<\/li>\n<li>Obtenez les meilleures \u00e9conomies de droits de douane qui s\u2019offrent \u00e0 vous et restez comp\u00e9titifs.<\/li>\n<\/ul>\n","protected":false},"excerpt":{"rendered":"<p>Tirez parti des accords de libre-\u00e9change, comme l&rsquo;ALENA ou l&rsquo;AECG . D\u00e9terminez si vos produits sont admissibles aux droits de douane pr\u00e9f\u00e9rentiels et obtenez les meilleures \u00e9conomies possibles sur les droits de douane. Livingston Consulting vient en aide aux fabricants qui doivent qualifier leurs produits pour des accords de libre-\u00e9change pr\u00e9f\u00e9rentiels. Nous fournissons une analyse<a class=\"excerpt-read-more\" href=\"https:\/\/staging.livingstonintl.com\/fr\/services-fr\/conseil-en-commerce\/accords-commerciaux-internationaux\/determination-de-lorigine\/\" title=\"ReadServices de certificat d\u2019origine\">&#8230; Read more &raquo;<\/a><\/p>\n","protected":false},"author":36,"featured_media":0,"parent":155,"menu_order":240,"comment_status":"closed","ping_status":"closed","template":"","meta":{"_acf_changed":false,"footnotes":""},"class_list":["post-572","page","type-page","status-publish","hentry"],"acf":[],"yoast_head":"<!-- This site is optimized with the Yoast SEO plugin v26.8 - https:\/\/yoast.com\/product\/yoast-seo-wordpress\/ -->\n<title>Services de certificat d\u2019origine - Livingston International<\/title>\n<meta name=\"robots\" content=\"noindex, follow, max-snippet:-1, max-image-preview:large, max-video-preview:-1\" \/>\n<meta property=\"og:locale\" content=\"fr_FR\" \/>\n<meta property=\"og:type\" content=\"article\" \/>\n<meta property=\"og:title\" content=\"Services de certificat d\u2019origine - Livingston International\" \/>\n<meta property=\"og:description\" content=\"Tirez parti des accords de libre-\u00e9change, comme l&rsquo;ALENA ou l&rsquo;AECG . D\u00e9terminez si vos produits sont admissibles aux droits de douane pr\u00e9f\u00e9rentiels et obtenez les meilleures \u00e9conomies possibles sur les droits de douane. Livingston Consulting vient en aide aux fabricants qui doivent qualifier leurs produits pour des accords de libre-\u00e9change pr\u00e9f\u00e9rentiels. Nous fournissons une analyse... Read more &raquo;\" \/>\n<meta property=\"og:url\" content=\"https:\/\/staging.livingstonintl.com\/fr\/services-fr\/conseil-en-commerce\/accords-commerciaux-internationaux\/determination-de-lorigine\/\" \/>\n<meta property=\"og:site_name\" content=\"Livingston International\" \/>\n<meta property=\"article:publisher\" content=\"https:\/\/www.facebook.com\/livingstoninternational\" \/>\n<meta property=\"article:modified_time\" content=\"2017-09-19T21:38:37+00:00\" \/>\n<meta name=\"twitter:label1\" content=\"Dur\u00e9e de lecture estim\u00e9e\" \/>\n\t<meta name=\"twitter:data1\" content=\"1 minute\" \/>\n<script type=\"application\/ld+json\" class=\"yoast-schema-graph\">{\"@context\":\"https:\/\/schema.org\",\"@graph\":[{\"@type\":\"WebPage\",\"@id\":\"https:\/\/staging.livingstonintl.com\/fr\/services-fr\/conseil-en-commerce\/accords-commerciaux-internationaux\/determination-de-lorigine\/\",\"url\":\"https:\/\/staging.livingstonintl.com\/fr\/services-fr\/conseil-en-commerce\/accords-commerciaux-internationaux\/determination-de-lorigine\/\",\"name\":\"Services de certificat d\u2019origine - Livingston International\",\"isPartOf\":{\"@id\":\"https:\/\/staging.livingstonintl.com\/fr\/#website\"},\"datePublished\":\"2015-04-29T15:20:03+00:00\",\"dateModified\":\"2017-09-19T21:38:37+00:00\",\"breadcrumb\":{\"@id\":\"https:\/\/staging.livingstonintl.com\/fr\/services-fr\/conseil-en-commerce\/accords-commerciaux-internationaux\/determination-de-lorigine\/#breadcrumb\"},\"inLanguage\":\"fr-FR\",\"potentialAction\":[{\"@type\":\"ReadAction\",\"target\":[\"https:\/\/staging.livingstonintl.com\/fr\/services-fr\/conseil-en-commerce\/accords-commerciaux-internationaux\/determination-de-lorigine\/\"]}]},{\"@type\":\"BreadcrumbList\",\"@id\":\"https:\/\/staging.livingstonintl.com\/fr\/services-fr\/conseil-en-commerce\/accords-commerciaux-internationaux\/determination-de-lorigine\/#breadcrumb\",\"itemListElement\":[{\"@type\":\"ListItem\",\"position\":1,\"name\":\"Accueil\",\"item\":\"https:\/\/staging.livingstonintl.com\/fr\/\"},{\"@type\":\"ListItem\",\"position\":2,\"name\":\"Services\",\"item\":\"https:\/\/staging.livingstonintl.com\/fr\/services-fr\/\"},{\"@type\":\"ListItem\",\"position\":3,\"name\":\"Conseil en commerce\",\"item\":\"https:\/\/staging.livingstonintl.com\/fr\/services-fr\/conseil-en-commerce\/\"},{\"@type\":\"ListItem\",\"position\":4,\"name\":\"Accords commerciaux internationaux\",\"item\":\"https:\/\/staging.livingstonintl.com\/fr\/services-fr\/conseil-en-commerce\/accords-commerciaux-internationaux\/\"},{\"@type\":\"ListItem\",\"position\":5,\"name\":\"Services de certificat d\u2019origine\"}]},{\"@type\":\"WebSite\",\"@id\":\"https:\/\/staging.livingstonintl.com\/fr\/#website\",\"url\":\"https:\/\/staging.livingstonintl.com\/fr\/\",\"name\":\"Livingston International\",\"description\":\"Simplify Trade\",\"potentialAction\":[{\"@type\":\"SearchAction\",\"target\":{\"@type\":\"EntryPoint\",\"urlTemplate\":\"https:\/\/staging.livingstonintl.com\/fr\/?s={search_term_string}\"},\"query-input\":{\"@type\":\"PropertyValueSpecification\",\"valueRequired\":true,\"valueName\":\"search_term_string\"}}],\"inLanguage\":\"fr-FR\"}]}<\/script>\n<!-- \/ Yoast SEO plugin. -->","yoast_head_json":{"title":"Services de certificat d\u2019origine - Livingston International","robots":{"index":"noindex","follow":"follow","max-snippet":"max-snippet:-1","max-image-preview":"max-image-preview:large","max-video-preview":"max-video-preview:-1"},"og_locale":"fr_FR","og_type":"article","og_title":"Services de certificat d\u2019origine - Livingston International","og_description":"Tirez parti des accords de libre-\u00e9change, comme l&rsquo;ALENA ou l&rsquo;AECG . D\u00e9terminez si vos produits sont admissibles aux droits de douane pr\u00e9f\u00e9rentiels et obtenez les meilleures \u00e9conomies possibles sur les droits de douane. Livingston Consulting vient en aide aux fabricants qui doivent qualifier leurs produits pour des accords de libre-\u00e9change pr\u00e9f\u00e9rentiels. Nous fournissons une analyse... Read more &raquo;","og_url":"https:\/\/staging.livingstonintl.com\/fr\/services-fr\/conseil-en-commerce\/accords-commerciaux-internationaux\/determination-de-lorigine\/","og_site_name":"Livingston International","article_publisher":"https:\/\/www.facebook.com\/livingstoninternational","article_modified_time":"2017-09-19T21:38:37+00:00","twitter_misc":{"Dur\u00e9e de lecture estim\u00e9e":"1 minute"},"schema":{"@context":"https:\/\/schema.org","@graph":[{"@type":"WebPage","@id":"https:\/\/staging.livingstonintl.com\/fr\/services-fr\/conseil-en-commerce\/accords-commerciaux-internationaux\/determination-de-lorigine\/","url":"https:\/\/staging.livingstonintl.com\/fr\/services-fr\/conseil-en-commerce\/accords-commerciaux-internationaux\/determination-de-lorigine\/","name":"Services de certificat d\u2019origine - Livingston International","isPartOf":{"@id":"https:\/\/staging.livingstonintl.com\/fr\/#website"},"datePublished":"2015-04-29T15:20:03+00:00","dateModified":"2017-09-19T21:38:37+00:00","breadcrumb":{"@id":"https:\/\/staging.livingstonintl.com\/fr\/services-fr\/conseil-en-commerce\/accords-commerciaux-internationaux\/determination-de-lorigine\/#breadcrumb"},"inLanguage":"fr-FR","potentialAction":[{"@type":"ReadAction","target":["https:\/\/staging.livingstonintl.com\/fr\/services-fr\/conseil-en-commerce\/accords-commerciaux-internationaux\/determination-de-lorigine\/"]}]},{"@type":"BreadcrumbList","@id":"https:\/\/staging.livingstonintl.com\/fr\/services-fr\/conseil-en-commerce\/accords-commerciaux-internationaux\/determination-de-lorigine\/#breadcrumb","itemListElement":[{"@type":"ListItem","position":1,"name":"Accueil","item":"https:\/\/staging.livingstonintl.com\/fr\/"},{"@type":"ListItem","position":2,"name":"Services","item":"https:\/\/staging.livingstonintl.com\/fr\/services-fr\/"},{"@type":"ListItem","position":3,"name":"Conseil en commerce","item":"https:\/\/staging.livingstonintl.com\/fr\/services-fr\/conseil-en-commerce\/"},{"@type":"ListItem","position":4,"name":"Accords commerciaux internationaux","item":"https:\/\/staging.livingstonintl.com\/fr\/services-fr\/conseil-en-commerce\/accords-commerciaux-internationaux\/"},{"@type":"ListItem","position":5,"name":"Services de certificat d\u2019origine"}]},{"@type":"WebSite","@id":"https:\/\/staging.livingstonintl.com\/fr\/#website","url":"https:\/\/staging.livingstonintl.com\/fr\/","name":"Livingston International","description":"Simplify Trade","potentialAction":[{"@type":"SearchAction","target":{"@type":"EntryPoint","urlTemplate":"https:\/\/staging.livingstonintl.com\/fr\/?s={search_term_string}"},"query-input":{"@type":"PropertyValueSpecification","valueRequired":true,"valueName":"search_term_string"}}],"inLanguage":"fr-FR"}]}},"_links":{"self":[{"href":"https:\/\/staging.livingstonintl.com\/fr\/wp-json\/wp\/v2\/pages\/572","targetHints":{"allow":["GET"]}}],"collection":[{"href":"https:\/\/staging.livingstonintl.com\/fr\/wp-json\/wp\/v2\/pages"}],"about":[{"href":"https:\/\/staging.livingstonintl.com\/fr\/wp-json\/wp\/v2\/types\/page"}],"author":[{"embeddable":true,"href":"https:\/\/staging.livingstonintl.com\/fr\/wp-json\/wp\/v2\/users\/36"}],"replies":[{"embeddable":true,"href":"https:\/\/staging.livingstonintl.com\/fr\/wp-json\/wp\/v2\/comments?post=572"}],"version-history":[{"count":0,"href":"https:\/\/staging.livingstonintl.com\/fr\/wp-json\/wp\/v2\/pages\/572\/revisions"}],"up":[{"embeddable":true,"href":"https:\/\/staging.livingstonintl.com\/fr\/wp-json\/wp\/v2\/pages\/155"}],"wp:attachment":[{"href":"https:\/\/staging.livingstonintl.com\/fr\/wp-json\/wp\/v2\/media?parent=572"}],"curies":[{"name":"wp","href":"https:\/\/api.w.org\/{rel}","templated":true}]}}