{"id":571,"date":"2015-04-29T15:20:27","date_gmt":"2015-04-29T15:20:27","guid":{"rendered":"http:\/\/livingston.gocactus.com\/services\/trade-consulting\/international-trade-agreements\/free-trade-agreement-program-compliance-review\/"},"modified":"2017-09-19T17:49:30","modified_gmt":"2017-09-19T21:49:30","slug":"verification-de-lorigine","status":"publish","type":"page","link":"https:\/\/staging.livingstonintl.com\/fr\/services-fr\/conseil-en-commerce\/accords-commerciaux-internationaux\/verification-de-lorigine\/","title":{"rendered":"Examen de conformit\u00e9 au programme d\u2019accord de libre-\u00e9change"},"content":{"rendered":"<p>Outre les avantages de profiter de taux de droits de douane r\u00e9duits, les accords de libre-\u00e9change peuvent exposer les importateurs ou les exportateurs \u00e0 des risques importants. Les cons\u00e9quences li\u00e9es \u00e0 la non-conformit\u00e9 aux exigences peuvent \u00eatre importantes et co\u00fbteuses.<br \/>\nPour limiter leurs risques, les gros importateurs qui sont tr\u00e8s d\u00e9pendants des \u00e9conomies r\u00e9alis\u00e9es sur les droits de douane doivent assurer le respect des exigences juridiques des accords commerciaux internationaux, comme l&rsquo;ALENA et l&rsquo;AECG. La conformit\u00e9 en ce qui concerne le libre-\u00e9change est \u00e9galement primordiale pour les fabricants et les exportateurs qui veulent s\u2019assurer que leurs relations avec les clients ne soient pas affect\u00e9es en causant des probl\u00e8mes de conformit\u00e9 aux\u00a0accords commerciaux internationaux pour leurs consignataires.<\/p>\n<p>Ce service de v\u00e9rification est personnalis\u00e9 selon les besoins sp\u00e9cifiques d\u2019une entreprise. Contrairement \u00e0 la v\u00e9rification douani\u00e8re, qui est semblable \u00e0 une v\u00e9rification compl\u00e8te, ou le diagnostic de conformit\u00e9, qui offre une indication de haut niveau de la conformit\u00e9 globale, l\u2019examen de conformit\u00e9 au programme de libre-\u00e9change se penche sur des \u00e9l\u00e9ments sp\u00e9cifiques du accord (ex :classification, \u00e9valuation, origine) ou sur votre processus li\u00e9 au libre-\u00e9change. Ce service vous permet d\u2019avoir le contr\u00f4le de la conformit\u00e9.<\/p>\n<p>Comment vous allez b\u00e9n\u00e9ficier:<\/p>\n<ul>\n<li>R\u00e9duisez les risques de non-conformit\u00e9 en identifiant et rectifiant les secteurs de risque.<\/li>\n<li>Assurez-vous que vous obtenez les meilleures \u00e9conomies en droits de douane possibles en vertu des accords de libre-\u00e9change.<\/li>\n<li>Vous serez conscient que le contenu associ\u00e9 aux\u00a0accords commerciaux internationaux que vous offrez \u00e0 vos clients est exact.<\/li>\n<li>Vous jouirez d\u2019une tranquillit\u00e9 d\u2019esprit en sachant que vous respectez vos obligations et vos exigences l\u00e9gales.<\/li>\n<\/ul>\n","protected":false},"excerpt":{"rendered":"<p>Outre les avantages de profiter de taux de droits de douane r\u00e9duits, les accords de libre-\u00e9change peuvent exposer les importateurs ou les exportateurs \u00e0 des risques importants. Les cons\u00e9quences li\u00e9es \u00e0 la non-conformit\u00e9 aux exigences peuvent \u00eatre importantes et co\u00fbteuses. Pour limiter leurs risques, les gros importateurs qui sont tr\u00e8s d\u00e9pendants des \u00e9conomies r\u00e9alis\u00e9es sur<a class=\"excerpt-read-more\" href=\"https:\/\/staging.livingstonintl.com\/fr\/services-fr\/conseil-en-commerce\/accords-commerciaux-internationaux\/verification-de-lorigine\/\" title=\"ReadExamen de conformit\u00e9 au programme d\u2019accord de libre-\u00e9change\">&#8230; Read more &raquo;<\/a><\/p>\n","protected":false},"author":36,"featured_media":0,"parent":155,"menu_order":243,"comment_status":"closed","ping_status":"closed","template":"","meta":{"_acf_changed":false,"footnotes":""},"class_list":["post-571","page","type-page","status-publish","hentry"],"acf":[],"yoast_head":"<!-- This site is optimized with the Yoast SEO plugin v26.8 - https:\/\/yoast.com\/product\/yoast-seo-wordpress\/ -->\n<title>Examen de conformit\u00e9 au programme d\u2019accord de libre-\u00e9change - Livingston International<\/title>\n<meta name=\"robots\" content=\"noindex, follow, max-snippet:-1, max-image-preview:large, max-video-preview:-1\" \/>\n<meta property=\"og:locale\" content=\"fr_FR\" \/>\n<meta property=\"og:type\" content=\"article\" \/>\n<meta property=\"og:title\" content=\"Examen de conformit\u00e9 au programme d\u2019accord de libre-\u00e9change - Livingston International\" \/>\n<meta property=\"og:description\" content=\"Outre les avantages de profiter de taux de droits de douane r\u00e9duits, les accords de libre-\u00e9change peuvent exposer les importateurs ou les exportateurs \u00e0 des risques importants. Les cons\u00e9quences li\u00e9es \u00e0 la non-conformit\u00e9 aux exigences peuvent \u00eatre importantes et co\u00fbteuses. Pour limiter leurs risques, les gros importateurs qui sont tr\u00e8s d\u00e9pendants des \u00e9conomies r\u00e9alis\u00e9es sur... Read more &raquo;\" \/>\n<meta property=\"og:url\" content=\"https:\/\/staging.livingstonintl.com\/fr\/services-fr\/conseil-en-commerce\/accords-commerciaux-internationaux\/verification-de-lorigine\/\" \/>\n<meta property=\"og:site_name\" content=\"Livingston International\" \/>\n<meta property=\"article:publisher\" content=\"https:\/\/www.facebook.com\/livingstoninternational\" \/>\n<meta property=\"article:modified_time\" content=\"2017-09-19T21:49:30+00:00\" \/>\n<meta name=\"twitter:label1\" content=\"Dur\u00e9e de lecture estim\u00e9e\" \/>\n\t<meta name=\"twitter:data1\" content=\"1 minute\" \/>\n<script type=\"application\/ld+json\" class=\"yoast-schema-graph\">{\"@context\":\"https:\/\/schema.org\",\"@graph\":[{\"@type\":\"WebPage\",\"@id\":\"https:\/\/staging.livingstonintl.com\/fr\/services-fr\/conseil-en-commerce\/accords-commerciaux-internationaux\/verification-de-lorigine\/\",\"url\":\"https:\/\/staging.livingstonintl.com\/fr\/services-fr\/conseil-en-commerce\/accords-commerciaux-internationaux\/verification-de-lorigine\/\",\"name\":\"Examen de conformit\u00e9 au programme d\u2019accord de libre-\u00e9change - Livingston International\",\"isPartOf\":{\"@id\":\"https:\/\/staging.livingstonintl.com\/fr\/#website\"},\"datePublished\":\"2015-04-29T15:20:27+00:00\",\"dateModified\":\"2017-09-19T21:49:30+00:00\",\"breadcrumb\":{\"@id\":\"https:\/\/staging.livingstonintl.com\/fr\/services-fr\/conseil-en-commerce\/accords-commerciaux-internationaux\/verification-de-lorigine\/#breadcrumb\"},\"inLanguage\":\"fr-FR\",\"potentialAction\":[{\"@type\":\"ReadAction\",\"target\":[\"https:\/\/staging.livingstonintl.com\/fr\/services-fr\/conseil-en-commerce\/accords-commerciaux-internationaux\/verification-de-lorigine\/\"]}]},{\"@type\":\"BreadcrumbList\",\"@id\":\"https:\/\/staging.livingstonintl.com\/fr\/services-fr\/conseil-en-commerce\/accords-commerciaux-internationaux\/verification-de-lorigine\/#breadcrumb\",\"itemListElement\":[{\"@type\":\"ListItem\",\"position\":1,\"name\":\"Accueil\",\"item\":\"https:\/\/staging.livingstonintl.com\/fr\/\"},{\"@type\":\"ListItem\",\"position\":2,\"name\":\"Services\",\"item\":\"https:\/\/staging.livingstonintl.com\/fr\/services-fr\/\"},{\"@type\":\"ListItem\",\"position\":3,\"name\":\"Conseil en commerce\",\"item\":\"https:\/\/staging.livingstonintl.com\/fr\/services-fr\/conseil-en-commerce\/\"},{\"@type\":\"ListItem\",\"position\":4,\"name\":\"Accords commerciaux internationaux\",\"item\":\"https:\/\/staging.livingstonintl.com\/fr\/services-fr\/conseil-en-commerce\/accords-commerciaux-internationaux\/\"},{\"@type\":\"ListItem\",\"position\":5,\"name\":\"Examen de conformit\u00e9 au programme d\u2019accord de libre-\u00e9change\"}]},{\"@type\":\"WebSite\",\"@id\":\"https:\/\/staging.livingstonintl.com\/fr\/#website\",\"url\":\"https:\/\/staging.livingstonintl.com\/fr\/\",\"name\":\"Livingston International\",\"description\":\"Simplify Trade\",\"potentialAction\":[{\"@type\":\"SearchAction\",\"target\":{\"@type\":\"EntryPoint\",\"urlTemplate\":\"https:\/\/staging.livingstonintl.com\/fr\/?s={search_term_string}\"},\"query-input\":{\"@type\":\"PropertyValueSpecification\",\"valueRequired\":true,\"valueName\":\"search_term_string\"}}],\"inLanguage\":\"fr-FR\"}]}<\/script>\n<!-- \/ Yoast SEO plugin. -->","yoast_head_json":{"title":"Examen de conformit\u00e9 au programme d\u2019accord de libre-\u00e9change - Livingston International","robots":{"index":"noindex","follow":"follow","max-snippet":"max-snippet:-1","max-image-preview":"max-image-preview:large","max-video-preview":"max-video-preview:-1"},"og_locale":"fr_FR","og_type":"article","og_title":"Examen de conformit\u00e9 au programme d\u2019accord de libre-\u00e9change - Livingston International","og_description":"Outre les avantages de profiter de taux de droits de douane r\u00e9duits, les accords de libre-\u00e9change peuvent exposer les importateurs ou les exportateurs \u00e0 des risques importants. Les cons\u00e9quences li\u00e9es \u00e0 la non-conformit\u00e9 aux exigences peuvent \u00eatre importantes et co\u00fbteuses. Pour limiter leurs risques, les gros importateurs qui sont tr\u00e8s d\u00e9pendants des \u00e9conomies r\u00e9alis\u00e9es sur... Read more &raquo;","og_url":"https:\/\/staging.livingstonintl.com\/fr\/services-fr\/conseil-en-commerce\/accords-commerciaux-internationaux\/verification-de-lorigine\/","og_site_name":"Livingston International","article_publisher":"https:\/\/www.facebook.com\/livingstoninternational","article_modified_time":"2017-09-19T21:49:30+00:00","twitter_misc":{"Dur\u00e9e de lecture estim\u00e9e":"1 minute"},"schema":{"@context":"https:\/\/schema.org","@graph":[{"@type":"WebPage","@id":"https:\/\/staging.livingstonintl.com\/fr\/services-fr\/conseil-en-commerce\/accords-commerciaux-internationaux\/verification-de-lorigine\/","url":"https:\/\/staging.livingstonintl.com\/fr\/services-fr\/conseil-en-commerce\/accords-commerciaux-internationaux\/verification-de-lorigine\/","name":"Examen de conformit\u00e9 au programme d\u2019accord de libre-\u00e9change - Livingston International","isPartOf":{"@id":"https:\/\/staging.livingstonintl.com\/fr\/#website"},"datePublished":"2015-04-29T15:20:27+00:00","dateModified":"2017-09-19T21:49:30+00:00","breadcrumb":{"@id":"https:\/\/staging.livingstonintl.com\/fr\/services-fr\/conseil-en-commerce\/accords-commerciaux-internationaux\/verification-de-lorigine\/#breadcrumb"},"inLanguage":"fr-FR","potentialAction":[{"@type":"ReadAction","target":["https:\/\/staging.livingstonintl.com\/fr\/services-fr\/conseil-en-commerce\/accords-commerciaux-internationaux\/verification-de-lorigine\/"]}]},{"@type":"BreadcrumbList","@id":"https:\/\/staging.livingstonintl.com\/fr\/services-fr\/conseil-en-commerce\/accords-commerciaux-internationaux\/verification-de-lorigine\/#breadcrumb","itemListElement":[{"@type":"ListItem","position":1,"name":"Accueil","item":"https:\/\/staging.livingstonintl.com\/fr\/"},{"@type":"ListItem","position":2,"name":"Services","item":"https:\/\/staging.livingstonintl.com\/fr\/services-fr\/"},{"@type":"ListItem","position":3,"name":"Conseil en commerce","item":"https:\/\/staging.livingstonintl.com\/fr\/services-fr\/conseil-en-commerce\/"},{"@type":"ListItem","position":4,"name":"Accords commerciaux internationaux","item":"https:\/\/staging.livingstonintl.com\/fr\/services-fr\/conseil-en-commerce\/accords-commerciaux-internationaux\/"},{"@type":"ListItem","position":5,"name":"Examen de conformit\u00e9 au programme d\u2019accord de libre-\u00e9change"}]},{"@type":"WebSite","@id":"https:\/\/staging.livingstonintl.com\/fr\/#website","url":"https:\/\/staging.livingstonintl.com\/fr\/","name":"Livingston International","description":"Simplify Trade","potentialAction":[{"@type":"SearchAction","target":{"@type":"EntryPoint","urlTemplate":"https:\/\/staging.livingstonintl.com\/fr\/?s={search_term_string}"},"query-input":{"@type":"PropertyValueSpecification","valueRequired":true,"valueName":"search_term_string"}}],"inLanguage":"fr-FR"}]}},"_links":{"self":[{"href":"https:\/\/staging.livingstonintl.com\/fr\/wp-json\/wp\/v2\/pages\/571","targetHints":{"allow":["GET"]}}],"collection":[{"href":"https:\/\/staging.livingstonintl.com\/fr\/wp-json\/wp\/v2\/pages"}],"about":[{"href":"https:\/\/staging.livingstonintl.com\/fr\/wp-json\/wp\/v2\/types\/page"}],"author":[{"embeddable":true,"href":"https:\/\/staging.livingstonintl.com\/fr\/wp-json\/wp\/v2\/users\/36"}],"replies":[{"embeddable":true,"href":"https:\/\/staging.livingstonintl.com\/fr\/wp-json\/wp\/v2\/comments?post=571"}],"version-history":[{"count":0,"href":"https:\/\/staging.livingstonintl.com\/fr\/wp-json\/wp\/v2\/pages\/571\/revisions"}],"up":[{"embeddable":true,"href":"https:\/\/staging.livingstonintl.com\/fr\/wp-json\/wp\/v2\/pages\/155"}],"wp:attachment":[{"href":"https:\/\/staging.livingstonintl.com\/fr\/wp-json\/wp\/v2\/media?parent=571"}],"curies":[{"name":"wp","href":"https:\/\/api.w.org\/{rel}","templated":true}]}}