{"id":570,"date":"2015-04-29T15:21:04","date_gmt":"2015-04-29T15:21:04","guid":{"rendered":"http:\/\/livingston.gocactus.com\/services\/trade-consulting\/duty-and-tax-recovery-services\/duty-drawback\/"},"modified":"2016-10-12T17:18:30","modified_gmt":"2016-10-12T17:18:30","slug":"drawback-de-droits","status":"publish","type":"page","link":"https:\/\/staging.livingstonintl.com\/fr\/services-fr\/conseil-en-commerce\/services-de-recouvrement-des-droits-et-des-impots\/drawback-de-droits\/","title":{"rendered":"Drawback de droits"},"content":{"rendered":"<p>Le drawback (remboursement) de droits permet aux entreprises de demander le remboursement des droits pay\u00e9s sur des marchandises import\u00e9es qui sont export\u00e9es dans le m\u00eame \u00e9tat ou qui sont trait\u00e9es ou assembl\u00e9es pour former un produit fini qui est ensuite export\u00e9.<\/p>\n<p>Seul un petit pourcentage des droits pay\u00e9s au gouvernement est rembours\u00e9. De nombreuses entreprises ignorent simplement qu\u2019elles ont la possibilit\u00e9 de demander un remboursement de droits et ne savent pas comment proc\u00e9der. Le remboursement de paiements exc\u00e9dentaires vous permet de r\u00e9cup\u00e9rer de l\u2019argent. Nos experts tr\u00e8s sp\u00e9cialis\u00e9s en drawbacks r\u00e9cup\u00e8rent des millions de dollars chaque ann\u00e9e pour nos clients.<\/p>\n<p>Nous offrons une consultation gratuite pour d\u00e9terminer s\u2019il existe une possibilit\u00e9 de remboursement de droits. En cas de drawbacks potentiels, nos sp\u00e9cialistes du remboursement travaillent avec vous pour d\u00e9terminer le montant approximatif et la m\u00e9thode pr\u00e9f\u00e9rable permettant de maximiser votre demande de remboursement. Chaque demande suppose une analyse tr\u00e8s d\u00e9taill\u00e9e de vos importations et exportations ainsi que la collecte de documents \u00e0 l\u2019appui, le tout \u00e9tant assujetti \u00e0 une l\u00e9gislation complexe et \u00e0 une r\u00e9glementation stricte. Nous proc\u00e9dons en minimisant toute perturbation de votre travail et, \u00e0 l\u2019exception de frais minimes de demande et de pr\u00e9paration, vous ne payez rien \u00e0 l\u2019avance \u00e9tant donn\u00e9 que ce service est fonction des r\u00e9sultats obtenus.<\/p>\n<p>Lorsqu\u2019il y a lieu, nous pouvons aussi vous aider \u00e0 adapter vos processus pour pr\u00e9senter r\u00e9guli\u00e8rement des demandes de drawbacks.<\/p>\n","protected":false},"excerpt":{"rendered":"<p>Le drawback (remboursement) de droits permet aux entreprises de demander le remboursement des droits pay\u00e9s sur des marchandises import\u00e9es qui sont export\u00e9es dans le m\u00eame \u00e9tat ou qui sont trait\u00e9es ou assembl\u00e9es pour former un produit fini qui est ensuite export\u00e9. Seul un petit pourcentage des droits pay\u00e9s au gouvernement est rembours\u00e9. De nombreuses entreprises<a class=\"excerpt-read-more\" href=\"https:\/\/staging.livingstonintl.com\/fr\/services-fr\/conseil-en-commerce\/services-de-recouvrement-des-droits-et-des-impots\/drawback-de-droits\/\" title=\"ReadDrawback de droits\">&#8230; Read more &raquo;<\/a><\/p>\n","protected":false},"author":36,"featured_media":0,"parent":154,"menu_order":413,"comment_status":"closed","ping_status":"closed","template":"","meta":{"_acf_changed":false,"footnotes":""},"class_list":["post-570","page","type-page","status-publish","hentry"],"acf":[],"yoast_head":"<!-- This site is optimized with the Yoast SEO plugin v26.8 - https:\/\/yoast.com\/product\/yoast-seo-wordpress\/ -->\n<title>Drawback de droits - Livingston International<\/title>\n<meta name=\"robots\" content=\"noindex, follow, max-snippet:-1, max-image-preview:large, max-video-preview:-1\" \/>\n<meta property=\"og:locale\" content=\"fr_FR\" \/>\n<meta property=\"og:type\" content=\"article\" \/>\n<meta property=\"og:title\" content=\"Drawback de droits - Livingston International\" \/>\n<meta property=\"og:description\" content=\"Le drawback (remboursement) de droits permet aux entreprises de demander le remboursement des droits pay\u00e9s sur des marchandises import\u00e9es qui sont export\u00e9es dans le m\u00eame \u00e9tat ou qui sont trait\u00e9es ou assembl\u00e9es pour former un produit fini qui est ensuite export\u00e9. Seul un petit pourcentage des droits pay\u00e9s au gouvernement est rembours\u00e9. De nombreuses entreprises... Read more &raquo;\" \/>\n<meta property=\"og:url\" content=\"https:\/\/staging.livingstonintl.com\/fr\/services-fr\/conseil-en-commerce\/services-de-recouvrement-des-droits-et-des-impots\/drawback-de-droits\/\" \/>\n<meta property=\"og:site_name\" content=\"Livingston International\" \/>\n<meta property=\"article:publisher\" content=\"https:\/\/www.facebook.com\/livingstoninternational\" \/>\n<meta property=\"article:modified_time\" content=\"2016-10-12T17:18:30+00:00\" \/>\n<meta name=\"twitter:label1\" content=\"Dur\u00e9e de lecture estim\u00e9e\" \/>\n\t<meta name=\"twitter:data1\" content=\"1 minute\" \/>\n<script type=\"application\/ld+json\" class=\"yoast-schema-graph\">{\"@context\":\"https:\/\/schema.org\",\"@graph\":[{\"@type\":\"WebPage\",\"@id\":\"https:\/\/staging.livingstonintl.com\/fr\/services-fr\/conseil-en-commerce\/services-de-recouvrement-des-droits-et-des-impots\/drawback-de-droits\/\",\"url\":\"https:\/\/staging.livingstonintl.com\/fr\/services-fr\/conseil-en-commerce\/services-de-recouvrement-des-droits-et-des-impots\/drawback-de-droits\/\",\"name\":\"Drawback de droits - Livingston International\",\"isPartOf\":{\"@id\":\"https:\/\/staging.livingstonintl.com\/fr\/#website\"},\"datePublished\":\"2015-04-29T15:21:04+00:00\",\"dateModified\":\"2016-10-12T17:18:30+00:00\",\"breadcrumb\":{\"@id\":\"https:\/\/staging.livingstonintl.com\/fr\/services-fr\/conseil-en-commerce\/services-de-recouvrement-des-droits-et-des-impots\/drawback-de-droits\/#breadcrumb\"},\"inLanguage\":\"fr-FR\",\"potentialAction\":[{\"@type\":\"ReadAction\",\"target\":[\"https:\/\/staging.livingstonintl.com\/fr\/services-fr\/conseil-en-commerce\/services-de-recouvrement-des-droits-et-des-impots\/drawback-de-droits\/\"]}]},{\"@type\":\"BreadcrumbList\",\"@id\":\"https:\/\/staging.livingstonintl.com\/fr\/services-fr\/conseil-en-commerce\/services-de-recouvrement-des-droits-et-des-impots\/drawback-de-droits\/#breadcrumb\",\"itemListElement\":[{\"@type\":\"ListItem\",\"position\":1,\"name\":\"Accueil\",\"item\":\"https:\/\/staging.livingstonintl.com\/fr\/\"},{\"@type\":\"ListItem\",\"position\":2,\"name\":\"Services\",\"item\":\"https:\/\/staging.livingstonintl.com\/fr\/services-fr\/\"},{\"@type\":\"ListItem\",\"position\":3,\"name\":\"Conseil en commerce\",\"item\":\"https:\/\/staging.livingstonintl.com\/fr\/services-fr\/conseil-en-commerce\/\"},{\"@type\":\"ListItem\",\"position\":4,\"name\":\"Services de recouvrement des droits et taxes\",\"item\":\"https:\/\/staging.livingstonintl.com\/fr\/services-fr\/conseil-en-commerce\/services-de-recouvrement-des-droits-et-des-impots\/\"},{\"@type\":\"ListItem\",\"position\":5,\"name\":\"Drawback de droits\"}]},{\"@type\":\"WebSite\",\"@id\":\"https:\/\/staging.livingstonintl.com\/fr\/#website\",\"url\":\"https:\/\/staging.livingstonintl.com\/fr\/\",\"name\":\"Livingston International\",\"description\":\"Simplify Trade\",\"potentialAction\":[{\"@type\":\"SearchAction\",\"target\":{\"@type\":\"EntryPoint\",\"urlTemplate\":\"https:\/\/staging.livingstonintl.com\/fr\/?s={search_term_string}\"},\"query-input\":{\"@type\":\"PropertyValueSpecification\",\"valueRequired\":true,\"valueName\":\"search_term_string\"}}],\"inLanguage\":\"fr-FR\"}]}<\/script>\n<!-- \/ Yoast SEO plugin. -->","yoast_head_json":{"title":"Drawback de droits - Livingston International","robots":{"index":"noindex","follow":"follow","max-snippet":"max-snippet:-1","max-image-preview":"max-image-preview:large","max-video-preview":"max-video-preview:-1"},"og_locale":"fr_FR","og_type":"article","og_title":"Drawback de droits - Livingston International","og_description":"Le drawback (remboursement) de droits permet aux entreprises de demander le remboursement des droits pay\u00e9s sur des marchandises import\u00e9es qui sont export\u00e9es dans le m\u00eame \u00e9tat ou qui sont trait\u00e9es ou assembl\u00e9es pour former un produit fini qui est ensuite export\u00e9. Seul un petit pourcentage des droits pay\u00e9s au gouvernement est rembours\u00e9. De nombreuses entreprises... Read more &raquo;","og_url":"https:\/\/staging.livingstonintl.com\/fr\/services-fr\/conseil-en-commerce\/services-de-recouvrement-des-droits-et-des-impots\/drawback-de-droits\/","og_site_name":"Livingston International","article_publisher":"https:\/\/www.facebook.com\/livingstoninternational","article_modified_time":"2016-10-12T17:18:30+00:00","twitter_misc":{"Dur\u00e9e de lecture estim\u00e9e":"1 minute"},"schema":{"@context":"https:\/\/schema.org","@graph":[{"@type":"WebPage","@id":"https:\/\/staging.livingstonintl.com\/fr\/services-fr\/conseil-en-commerce\/services-de-recouvrement-des-droits-et-des-impots\/drawback-de-droits\/","url":"https:\/\/staging.livingstonintl.com\/fr\/services-fr\/conseil-en-commerce\/services-de-recouvrement-des-droits-et-des-impots\/drawback-de-droits\/","name":"Drawback de droits - Livingston International","isPartOf":{"@id":"https:\/\/staging.livingstonintl.com\/fr\/#website"},"datePublished":"2015-04-29T15:21:04+00:00","dateModified":"2016-10-12T17:18:30+00:00","breadcrumb":{"@id":"https:\/\/staging.livingstonintl.com\/fr\/services-fr\/conseil-en-commerce\/services-de-recouvrement-des-droits-et-des-impots\/drawback-de-droits\/#breadcrumb"},"inLanguage":"fr-FR","potentialAction":[{"@type":"ReadAction","target":["https:\/\/staging.livingstonintl.com\/fr\/services-fr\/conseil-en-commerce\/services-de-recouvrement-des-droits-et-des-impots\/drawback-de-droits\/"]}]},{"@type":"BreadcrumbList","@id":"https:\/\/staging.livingstonintl.com\/fr\/services-fr\/conseil-en-commerce\/services-de-recouvrement-des-droits-et-des-impots\/drawback-de-droits\/#breadcrumb","itemListElement":[{"@type":"ListItem","position":1,"name":"Accueil","item":"https:\/\/staging.livingstonintl.com\/fr\/"},{"@type":"ListItem","position":2,"name":"Services","item":"https:\/\/staging.livingstonintl.com\/fr\/services-fr\/"},{"@type":"ListItem","position":3,"name":"Conseil en commerce","item":"https:\/\/staging.livingstonintl.com\/fr\/services-fr\/conseil-en-commerce\/"},{"@type":"ListItem","position":4,"name":"Services de recouvrement des droits et taxes","item":"https:\/\/staging.livingstonintl.com\/fr\/services-fr\/conseil-en-commerce\/services-de-recouvrement-des-droits-et-des-impots\/"},{"@type":"ListItem","position":5,"name":"Drawback de droits"}]},{"@type":"WebSite","@id":"https:\/\/staging.livingstonintl.com\/fr\/#website","url":"https:\/\/staging.livingstonintl.com\/fr\/","name":"Livingston International","description":"Simplify Trade","potentialAction":[{"@type":"SearchAction","target":{"@type":"EntryPoint","urlTemplate":"https:\/\/staging.livingstonintl.com\/fr\/?s={search_term_string}"},"query-input":{"@type":"PropertyValueSpecification","valueRequired":true,"valueName":"search_term_string"}}],"inLanguage":"fr-FR"}]}},"_links":{"self":[{"href":"https:\/\/staging.livingstonintl.com\/fr\/wp-json\/wp\/v2\/pages\/570","targetHints":{"allow":["GET"]}}],"collection":[{"href":"https:\/\/staging.livingstonintl.com\/fr\/wp-json\/wp\/v2\/pages"}],"about":[{"href":"https:\/\/staging.livingstonintl.com\/fr\/wp-json\/wp\/v2\/types\/page"}],"author":[{"embeddable":true,"href":"https:\/\/staging.livingstonintl.com\/fr\/wp-json\/wp\/v2\/users\/36"}],"replies":[{"embeddable":true,"href":"https:\/\/staging.livingstonintl.com\/fr\/wp-json\/wp\/v2\/comments?post=570"}],"version-history":[{"count":0,"href":"https:\/\/staging.livingstonintl.com\/fr\/wp-json\/wp\/v2\/pages\/570\/revisions"}],"up":[{"embeddable":true,"href":"https:\/\/staging.livingstonintl.com\/fr\/wp-json\/wp\/v2\/pages\/154"}],"wp:attachment":[{"href":"https:\/\/staging.livingstonintl.com\/fr\/wp-json\/wp\/v2\/media?parent=570"}],"curies":[{"name":"wp","href":"https:\/\/api.w.org\/{rel}","templated":true}]}}