{"id":569,"date":"2015-04-29T15:21:22","date_gmt":"2015-04-29T15:21:22","guid":{"rendered":"http:\/\/livingston.gocactus.com\/services\/trade-consulting\/duty-and-tax-recovery-services\/duty-recovery\/"},"modified":"2016-10-12T17:37:57","modified_gmt":"2016-10-12T17:37:57","slug":"recouvrement-de-droits","status":"publish","type":"page","link":"https:\/\/staging.livingstonintl.com\/fr\/services-fr\/conseil-en-commerce\/services-de-recouvrement-des-droits-et-des-impots\/recouvrement-de-droits\/","title":{"rendered":"Recouvrement de droits"},"content":{"rendered":"<p>De nombreuses entreprises paient trop de droits ou des montants de droits inexacts, sans s\u2019en rendre compte. Les entreprises qui paient des gros montants de droits chaque ann\u00e9e, qui importent et exportent ou qui travaillent dans des secteurs assujettis \u00e0 des taux de droits \u00e9lev\u00e9s pourraient rater des occasions de recouvrer des fonds. Demandez donc le remboursement de vos paiements exc\u00e9dentaires et soyez certains de payer le montant de droits exacts \u00e0 l\u2019avenir. Comme il est possible de demander le remboursement des droits exc\u00e9dentaires pay\u00e9s jusqu\u2019\u00e0 quatre ans en arri\u00e8re, le recouvrement peut \u00eatre important.<\/p>\n<p>Nos sp\u00e9cialistes du recouvrement peuvent analyser et examiner vos op\u00e9rations d\u2019importation et les droits que vous avez pay\u00e9s, pour d\u00e9celer les possibilit\u00e9s de recouvrement au moyen des services suivants :<\/p>\n<ul>\n<li>analyse bas\u00e9e sur les classements tarifaires du Syst\u00e8me harmonis\u00e9, la d\u00e9termination de l\u2019origine, l\u2019\u00e9tablissement de la valeur en douane, les d\u00e9cisions gouvernementales et les remises;<\/li>\n<li>rapport \u00e9crit d\u00e9crivant les r\u00e9sultats et identifiant les responsabilit\u00e9s et risques;<\/li>\n<li>pr\u00e9paration de toutes les demandes de remboursement.<\/li>\n<\/ul>\n<p>En outre, vous pouvez utiliser ces r\u00e9sultats et informations pour am\u00e9liorer la conformit\u00e9 r\u00e9glementaire de votre programme de gestion douani\u00e8re.<\/p>\n","protected":false},"excerpt":{"rendered":"<p>De nombreuses entreprises paient trop de droits ou des montants de droits inexacts, sans s\u2019en rendre compte. Les entreprises qui paient des gros montants de droits chaque ann\u00e9e, qui importent et exportent ou qui travaillent dans des secteurs assujettis \u00e0 des taux de droits \u00e9lev\u00e9s pourraient rater des occasions de recouvrer des fonds. Demandez donc<a class=\"excerpt-read-more\" href=\"https:\/\/staging.livingstonintl.com\/fr\/services-fr\/conseil-en-commerce\/services-de-recouvrement-des-droits-et-des-impots\/recouvrement-de-droits\/\" title=\"ReadRecouvrement de droits\">&#8230; Read more &raquo;<\/a><\/p>\n","protected":false},"author":36,"featured_media":0,"parent":154,"menu_order":325,"comment_status":"closed","ping_status":"closed","template":"","meta":{"_acf_changed":false,"footnotes":""},"class_list":["post-569","page","type-page","status-publish","hentry"],"acf":[],"yoast_head":"<!-- This site is optimized with the Yoast SEO plugin v26.8 - https:\/\/yoast.com\/product\/yoast-seo-wordpress\/ -->\n<title>Recouvrement de droits - Livingston International<\/title>\n<meta name=\"robots\" content=\"noindex, follow, max-snippet:-1, max-image-preview:large, max-video-preview:-1\" \/>\n<meta property=\"og:locale\" content=\"fr_FR\" \/>\n<meta property=\"og:type\" content=\"article\" \/>\n<meta property=\"og:title\" content=\"Recouvrement de droits - Livingston International\" \/>\n<meta property=\"og:description\" content=\"De nombreuses entreprises paient trop de droits ou des montants de droits inexacts, sans s\u2019en rendre compte. Les entreprises qui paient des gros montants de droits chaque ann\u00e9e, qui importent et exportent ou qui travaillent dans des secteurs assujettis \u00e0 des taux de droits \u00e9lev\u00e9s pourraient rater des occasions de recouvrer des fonds. Demandez donc... Read more &raquo;\" \/>\n<meta property=\"og:url\" content=\"https:\/\/staging.livingstonintl.com\/fr\/services-fr\/conseil-en-commerce\/services-de-recouvrement-des-droits-et-des-impots\/recouvrement-de-droits\/\" \/>\n<meta property=\"og:site_name\" content=\"Livingston International\" \/>\n<meta property=\"article:publisher\" content=\"https:\/\/www.facebook.com\/livingstoninternational\" \/>\n<meta property=\"article:modified_time\" content=\"2016-10-12T17:37:57+00:00\" \/>\n<meta name=\"twitter:label1\" content=\"Dur\u00e9e de lecture estim\u00e9e\" \/>\n\t<meta name=\"twitter:data1\" content=\"1 minute\" \/>\n<script type=\"application\/ld+json\" class=\"yoast-schema-graph\">{\"@context\":\"https:\/\/schema.org\",\"@graph\":[{\"@type\":\"WebPage\",\"@id\":\"https:\/\/staging.livingstonintl.com\/fr\/services-fr\/conseil-en-commerce\/services-de-recouvrement-des-droits-et-des-impots\/recouvrement-de-droits\/\",\"url\":\"https:\/\/staging.livingstonintl.com\/fr\/services-fr\/conseil-en-commerce\/services-de-recouvrement-des-droits-et-des-impots\/recouvrement-de-droits\/\",\"name\":\"Recouvrement de droits - Livingston International\",\"isPartOf\":{\"@id\":\"https:\/\/staging.livingstonintl.com\/fr\/#website\"},\"datePublished\":\"2015-04-29T15:21:22+00:00\",\"dateModified\":\"2016-10-12T17:37:57+00:00\",\"breadcrumb\":{\"@id\":\"https:\/\/staging.livingstonintl.com\/fr\/services-fr\/conseil-en-commerce\/services-de-recouvrement-des-droits-et-des-impots\/recouvrement-de-droits\/#breadcrumb\"},\"inLanguage\":\"fr-FR\",\"potentialAction\":[{\"@type\":\"ReadAction\",\"target\":[\"https:\/\/staging.livingstonintl.com\/fr\/services-fr\/conseil-en-commerce\/services-de-recouvrement-des-droits-et-des-impots\/recouvrement-de-droits\/\"]}]},{\"@type\":\"BreadcrumbList\",\"@id\":\"https:\/\/staging.livingstonintl.com\/fr\/services-fr\/conseil-en-commerce\/services-de-recouvrement-des-droits-et-des-impots\/recouvrement-de-droits\/#breadcrumb\",\"itemListElement\":[{\"@type\":\"ListItem\",\"position\":1,\"name\":\"Accueil\",\"item\":\"https:\/\/staging.livingstonintl.com\/fr\/\"},{\"@type\":\"ListItem\",\"position\":2,\"name\":\"Services\",\"item\":\"https:\/\/staging.livingstonintl.com\/fr\/services-fr\/\"},{\"@type\":\"ListItem\",\"position\":3,\"name\":\"Conseil en commerce\",\"item\":\"https:\/\/staging.livingstonintl.com\/fr\/services-fr\/conseil-en-commerce\/\"},{\"@type\":\"ListItem\",\"position\":4,\"name\":\"Services de recouvrement des droits et taxes\",\"item\":\"https:\/\/staging.livingstonintl.com\/fr\/services-fr\/conseil-en-commerce\/services-de-recouvrement-des-droits-et-des-impots\/\"},{\"@type\":\"ListItem\",\"position\":5,\"name\":\"Recouvrement de droits\"}]},{\"@type\":\"WebSite\",\"@id\":\"https:\/\/staging.livingstonintl.com\/fr\/#website\",\"url\":\"https:\/\/staging.livingstonintl.com\/fr\/\",\"name\":\"Livingston International\",\"description\":\"Simplify Trade\",\"potentialAction\":[{\"@type\":\"SearchAction\",\"target\":{\"@type\":\"EntryPoint\",\"urlTemplate\":\"https:\/\/staging.livingstonintl.com\/fr\/?s={search_term_string}\"},\"query-input\":{\"@type\":\"PropertyValueSpecification\",\"valueRequired\":true,\"valueName\":\"search_term_string\"}}],\"inLanguage\":\"fr-FR\"}]}<\/script>\n<!-- \/ Yoast SEO plugin. -->","yoast_head_json":{"title":"Recouvrement de droits - Livingston International","robots":{"index":"noindex","follow":"follow","max-snippet":"max-snippet:-1","max-image-preview":"max-image-preview:large","max-video-preview":"max-video-preview:-1"},"og_locale":"fr_FR","og_type":"article","og_title":"Recouvrement de droits - Livingston International","og_description":"De nombreuses entreprises paient trop de droits ou des montants de droits inexacts, sans s\u2019en rendre compte. Les entreprises qui paient des gros montants de droits chaque ann\u00e9e, qui importent et exportent ou qui travaillent dans des secteurs assujettis \u00e0 des taux de droits \u00e9lev\u00e9s pourraient rater des occasions de recouvrer des fonds. Demandez donc... Read more &raquo;","og_url":"https:\/\/staging.livingstonintl.com\/fr\/services-fr\/conseil-en-commerce\/services-de-recouvrement-des-droits-et-des-impots\/recouvrement-de-droits\/","og_site_name":"Livingston International","article_publisher":"https:\/\/www.facebook.com\/livingstoninternational","article_modified_time":"2016-10-12T17:37:57+00:00","twitter_misc":{"Dur\u00e9e de lecture estim\u00e9e":"1 minute"},"schema":{"@context":"https:\/\/schema.org","@graph":[{"@type":"WebPage","@id":"https:\/\/staging.livingstonintl.com\/fr\/services-fr\/conseil-en-commerce\/services-de-recouvrement-des-droits-et-des-impots\/recouvrement-de-droits\/","url":"https:\/\/staging.livingstonintl.com\/fr\/services-fr\/conseil-en-commerce\/services-de-recouvrement-des-droits-et-des-impots\/recouvrement-de-droits\/","name":"Recouvrement de droits - Livingston International","isPartOf":{"@id":"https:\/\/staging.livingstonintl.com\/fr\/#website"},"datePublished":"2015-04-29T15:21:22+00:00","dateModified":"2016-10-12T17:37:57+00:00","breadcrumb":{"@id":"https:\/\/staging.livingstonintl.com\/fr\/services-fr\/conseil-en-commerce\/services-de-recouvrement-des-droits-et-des-impots\/recouvrement-de-droits\/#breadcrumb"},"inLanguage":"fr-FR","potentialAction":[{"@type":"ReadAction","target":["https:\/\/staging.livingstonintl.com\/fr\/services-fr\/conseil-en-commerce\/services-de-recouvrement-des-droits-et-des-impots\/recouvrement-de-droits\/"]}]},{"@type":"BreadcrumbList","@id":"https:\/\/staging.livingstonintl.com\/fr\/services-fr\/conseil-en-commerce\/services-de-recouvrement-des-droits-et-des-impots\/recouvrement-de-droits\/#breadcrumb","itemListElement":[{"@type":"ListItem","position":1,"name":"Accueil","item":"https:\/\/staging.livingstonintl.com\/fr\/"},{"@type":"ListItem","position":2,"name":"Services","item":"https:\/\/staging.livingstonintl.com\/fr\/services-fr\/"},{"@type":"ListItem","position":3,"name":"Conseil en commerce","item":"https:\/\/staging.livingstonintl.com\/fr\/services-fr\/conseil-en-commerce\/"},{"@type":"ListItem","position":4,"name":"Services de recouvrement des droits et taxes","item":"https:\/\/staging.livingstonintl.com\/fr\/services-fr\/conseil-en-commerce\/services-de-recouvrement-des-droits-et-des-impots\/"},{"@type":"ListItem","position":5,"name":"Recouvrement de droits"}]},{"@type":"WebSite","@id":"https:\/\/staging.livingstonintl.com\/fr\/#website","url":"https:\/\/staging.livingstonintl.com\/fr\/","name":"Livingston International","description":"Simplify Trade","potentialAction":[{"@type":"SearchAction","target":{"@type":"EntryPoint","urlTemplate":"https:\/\/staging.livingstonintl.com\/fr\/?s={search_term_string}"},"query-input":{"@type":"PropertyValueSpecification","valueRequired":true,"valueName":"search_term_string"}}],"inLanguage":"fr-FR"}]}},"_links":{"self":[{"href":"https:\/\/staging.livingstonintl.com\/fr\/wp-json\/wp\/v2\/pages\/569","targetHints":{"allow":["GET"]}}],"collection":[{"href":"https:\/\/staging.livingstonintl.com\/fr\/wp-json\/wp\/v2\/pages"}],"about":[{"href":"https:\/\/staging.livingstonintl.com\/fr\/wp-json\/wp\/v2\/types\/page"}],"author":[{"embeddable":true,"href":"https:\/\/staging.livingstonintl.com\/fr\/wp-json\/wp\/v2\/users\/36"}],"replies":[{"embeddable":true,"href":"https:\/\/staging.livingstonintl.com\/fr\/wp-json\/wp\/v2\/comments?post=569"}],"version-history":[{"count":0,"href":"https:\/\/staging.livingstonintl.com\/fr\/wp-json\/wp\/v2\/pages\/569\/revisions"}],"up":[{"embeddable":true,"href":"https:\/\/staging.livingstonintl.com\/fr\/wp-json\/wp\/v2\/pages\/154"}],"wp:attachment":[{"href":"https:\/\/staging.livingstonintl.com\/fr\/wp-json\/wp\/v2\/media?parent=569"}],"curies":[{"name":"wp","href":"https:\/\/api.w.org\/{rel}","templated":true}]}}