{"id":568,"date":"2015-04-29T15:21:46","date_gmt":"2015-04-29T15:21:46","guid":{"rendered":"http:\/\/livingston.gocactus.com\/services\/trade-consulting\/duty-and-tax-recovery-services\/canadian-commodity-tax-recovery\/"},"modified":"2017-10-05T11:21:05","modified_gmt":"2017-10-05T15:21:05","slug":"recouvrement-des-taxes-canadiennes-la-consommation","status":"publish","type":"page","link":"https:\/\/staging.livingstonintl.com\/fr\/services-fr\/conseil-en-commerce\/services-de-recouvrement-des-droits-et-des-impots\/recouvrement-des-taxes-canadiennes-la-consommation\/","title":{"rendered":"Recouvrement des taxes canadiennes \u00e0 la consommation"},"content":{"rendered":"<p>La gestion des taxes \u00e0 la consommation de votre entreprise n\u00e9cessite de comprendre et d\u2019interpr\u00e9ter les lois fiscales qui s\u2019appliquent \u00e0 vos affaires. Nos experts en recouvrement des taxes se distinguent par leurs comp\u00e9tences dans ce domaine. Notre \u00e9quipe tr\u00e8s exp\u00e9riment\u00e9e de sp\u00e9cialistes provenant de l\u2019industrie, du gouvernement et des agences de r\u00e9glementation effectueront une analyse syst\u00e9matique de vos dossiers financiers, portant sur les taxes \u00e0 la consommation pay\u00e9es aux gouvernements provinciaux et f\u00e9d\u00e9ral. \u00c9tant donn\u00e9 que ce service est fonction des r\u00e9sultats obtenus, vous n\u2019encourez aucuns frais pr\u00e9alables s\u2019il n\u2019est pas possible de recouvrer des taxes ou droits.<br \/>\nAdapt\u00e9 \u00e0 vos besoins, notre service de recouvrement des taxes canadiennes \u00e0 la consommation comprend :<\/p>\n<ul>\n<li>l\u2019examen des paiements tels que <a href=\"\/fr\/services-fr\/conseil-en-commerce\/services-de-recouvrement-des-droits-et-des-impots\/services-de-gestion-de-la-tps\/\">la taxe sur les produits et services<\/a> (TPS), la taxe de vente provinciale (TVP \/ TVQ), la taxe de vente harmonis\u00e9e (TVH) et la taxe sur la valeur ajout\u00e9e (TVA);<\/li>\n<li>un rapport \u00e9crit d\u00e9taillant les r\u00e9sultats et les possibilit\u00e9s de recouvrement;<\/li>\n<li>la pr\u00e9paration et le traitement de toutes les demandes de remboursement;<\/li>\n<li>un point de contact unique pour g\u00e9rer l\u2019examen.<\/li>\n<\/ul>\n<p>Nous pouvons vous aider \u00e0 mettre en place un processus de recouvrement des taxes qui vous donne l\u2019assurance que votre entreprise g\u00e8re les taxes \u00e0 la consommation avec efficacit\u00e9.<\/p>\n","protected":false},"excerpt":{"rendered":"<p>La gestion des taxes \u00e0 la consommation de votre entreprise n\u00e9cessite de comprendre et d\u2019interpr\u00e9ter les lois fiscales qui s\u2019appliquent \u00e0 vos affaires. Nos experts en recouvrement des taxes se distinguent par leurs comp\u00e9tences dans ce domaine. Notre \u00e9quipe tr\u00e8s exp\u00e9riment\u00e9e de sp\u00e9cialistes provenant de l\u2019industrie, du gouvernement et des agences de r\u00e9glementation effectueront une<a class=\"excerpt-read-more\" href=\"https:\/\/staging.livingstonintl.com\/fr\/services-fr\/conseil-en-commerce\/services-de-recouvrement-des-droits-et-des-impots\/recouvrement-des-taxes-canadiennes-la-consommation\/\" title=\"ReadRecouvrement des taxes canadiennes \u00e0 la consommation\">&#8230; Read more &raquo;<\/a><\/p>\n","protected":false},"author":36,"featured_media":0,"parent":154,"menu_order":332,"comment_status":"closed","ping_status":"closed","template":"","meta":{"_acf_changed":false,"footnotes":""},"class_list":["post-568","page","type-page","status-publish","hentry"],"acf":[],"yoast_head":"<!-- This site is optimized with the Yoast SEO plugin v26.8 - https:\/\/yoast.com\/product\/yoast-seo-wordpress\/ -->\n<title>Recouvrement des taxes canadiennes \u00e0 la consommation - Livingston International<\/title>\n<meta name=\"robots\" content=\"noindex, follow, max-snippet:-1, max-image-preview:large, max-video-preview:-1\" \/>\n<meta property=\"og:locale\" content=\"fr_FR\" \/>\n<meta property=\"og:type\" content=\"article\" \/>\n<meta property=\"og:title\" content=\"Recouvrement des taxes canadiennes \u00e0 la consommation - Livingston International\" \/>\n<meta property=\"og:description\" content=\"La gestion des taxes \u00e0 la consommation de votre entreprise n\u00e9cessite de comprendre et d\u2019interpr\u00e9ter les lois fiscales qui s\u2019appliquent \u00e0 vos affaires. Nos experts en recouvrement des taxes se distinguent par leurs comp\u00e9tences dans ce domaine. Notre \u00e9quipe tr\u00e8s exp\u00e9riment\u00e9e de sp\u00e9cialistes provenant de l\u2019industrie, du gouvernement et des agences de r\u00e9glementation effectueront une... Read more &raquo;\" \/>\n<meta property=\"og:url\" content=\"https:\/\/staging.livingstonintl.com\/fr\/services-fr\/conseil-en-commerce\/services-de-recouvrement-des-droits-et-des-impots\/recouvrement-des-taxes-canadiennes-la-consommation\/\" \/>\n<meta property=\"og:site_name\" content=\"Livingston International\" \/>\n<meta property=\"article:publisher\" content=\"https:\/\/www.facebook.com\/livingstoninternational\" \/>\n<meta property=\"article:modified_time\" content=\"2017-10-05T15:21:05+00:00\" \/>\n<meta name=\"twitter:label1\" content=\"Dur\u00e9e de lecture estim\u00e9e\" \/>\n\t<meta name=\"twitter:data1\" content=\"1 minute\" \/>\n<script type=\"application\/ld+json\" class=\"yoast-schema-graph\">{\"@context\":\"https:\/\/schema.org\",\"@graph\":[{\"@type\":\"WebPage\",\"@id\":\"https:\/\/staging.livingstonintl.com\/fr\/services-fr\/conseil-en-commerce\/services-de-recouvrement-des-droits-et-des-impots\/recouvrement-des-taxes-canadiennes-la-consommation\/\",\"url\":\"https:\/\/staging.livingstonintl.com\/fr\/services-fr\/conseil-en-commerce\/services-de-recouvrement-des-droits-et-des-impots\/recouvrement-des-taxes-canadiennes-la-consommation\/\",\"name\":\"Recouvrement des taxes canadiennes \u00e0 la consommation - Livingston International\",\"isPartOf\":{\"@id\":\"https:\/\/staging.livingstonintl.com\/fr\/#website\"},\"datePublished\":\"2015-04-29T15:21:46+00:00\",\"dateModified\":\"2017-10-05T15:21:05+00:00\",\"breadcrumb\":{\"@id\":\"https:\/\/staging.livingstonintl.com\/fr\/services-fr\/conseil-en-commerce\/services-de-recouvrement-des-droits-et-des-impots\/recouvrement-des-taxes-canadiennes-la-consommation\/#breadcrumb\"},\"inLanguage\":\"fr-FR\",\"potentialAction\":[{\"@type\":\"ReadAction\",\"target\":[\"https:\/\/staging.livingstonintl.com\/fr\/services-fr\/conseil-en-commerce\/services-de-recouvrement-des-droits-et-des-impots\/recouvrement-des-taxes-canadiennes-la-consommation\/\"]}]},{\"@type\":\"BreadcrumbList\",\"@id\":\"https:\/\/staging.livingstonintl.com\/fr\/services-fr\/conseil-en-commerce\/services-de-recouvrement-des-droits-et-des-impots\/recouvrement-des-taxes-canadiennes-la-consommation\/#breadcrumb\",\"itemListElement\":[{\"@type\":\"ListItem\",\"position\":1,\"name\":\"Accueil\",\"item\":\"https:\/\/staging.livingstonintl.com\/fr\/\"},{\"@type\":\"ListItem\",\"position\":2,\"name\":\"Services\",\"item\":\"https:\/\/staging.livingstonintl.com\/fr\/services-fr\/\"},{\"@type\":\"ListItem\",\"position\":3,\"name\":\"Conseil en commerce\",\"item\":\"https:\/\/staging.livingstonintl.com\/fr\/services-fr\/conseil-en-commerce\/\"},{\"@type\":\"ListItem\",\"position\":4,\"name\":\"Services de recouvrement des droits et taxes\",\"item\":\"https:\/\/staging.livingstonintl.com\/fr\/services-fr\/conseil-en-commerce\/services-de-recouvrement-des-droits-et-des-impots\/\"},{\"@type\":\"ListItem\",\"position\":5,\"name\":\"Recouvrement des taxes canadiennes \u00e0 la consommation\"}]},{\"@type\":\"WebSite\",\"@id\":\"https:\/\/staging.livingstonintl.com\/fr\/#website\",\"url\":\"https:\/\/staging.livingstonintl.com\/fr\/\",\"name\":\"Livingston International\",\"description\":\"Simplify Trade\",\"potentialAction\":[{\"@type\":\"SearchAction\",\"target\":{\"@type\":\"EntryPoint\",\"urlTemplate\":\"https:\/\/staging.livingstonintl.com\/fr\/?s={search_term_string}\"},\"query-input\":{\"@type\":\"PropertyValueSpecification\",\"valueRequired\":true,\"valueName\":\"search_term_string\"}}],\"inLanguage\":\"fr-FR\"}]}<\/script>\n<!-- \/ Yoast SEO plugin. -->","yoast_head_json":{"title":"Recouvrement des taxes canadiennes \u00e0 la consommation - Livingston International","robots":{"index":"noindex","follow":"follow","max-snippet":"max-snippet:-1","max-image-preview":"max-image-preview:large","max-video-preview":"max-video-preview:-1"},"og_locale":"fr_FR","og_type":"article","og_title":"Recouvrement des taxes canadiennes \u00e0 la consommation - Livingston International","og_description":"La gestion des taxes \u00e0 la consommation de votre entreprise n\u00e9cessite de comprendre et d\u2019interpr\u00e9ter les lois fiscales qui s\u2019appliquent \u00e0 vos affaires. Nos experts en recouvrement des taxes se distinguent par leurs comp\u00e9tences dans ce domaine. Notre \u00e9quipe tr\u00e8s exp\u00e9riment\u00e9e de sp\u00e9cialistes provenant de l\u2019industrie, du gouvernement et des agences de r\u00e9glementation effectueront une... Read more &raquo;","og_url":"https:\/\/staging.livingstonintl.com\/fr\/services-fr\/conseil-en-commerce\/services-de-recouvrement-des-droits-et-des-impots\/recouvrement-des-taxes-canadiennes-la-consommation\/","og_site_name":"Livingston International","article_publisher":"https:\/\/www.facebook.com\/livingstoninternational","article_modified_time":"2017-10-05T15:21:05+00:00","twitter_misc":{"Dur\u00e9e de lecture estim\u00e9e":"1 minute"},"schema":{"@context":"https:\/\/schema.org","@graph":[{"@type":"WebPage","@id":"https:\/\/staging.livingstonintl.com\/fr\/services-fr\/conseil-en-commerce\/services-de-recouvrement-des-droits-et-des-impots\/recouvrement-des-taxes-canadiennes-la-consommation\/","url":"https:\/\/staging.livingstonintl.com\/fr\/services-fr\/conseil-en-commerce\/services-de-recouvrement-des-droits-et-des-impots\/recouvrement-des-taxes-canadiennes-la-consommation\/","name":"Recouvrement des taxes canadiennes \u00e0 la consommation - Livingston International","isPartOf":{"@id":"https:\/\/staging.livingstonintl.com\/fr\/#website"},"datePublished":"2015-04-29T15:21:46+00:00","dateModified":"2017-10-05T15:21:05+00:00","breadcrumb":{"@id":"https:\/\/staging.livingstonintl.com\/fr\/services-fr\/conseil-en-commerce\/services-de-recouvrement-des-droits-et-des-impots\/recouvrement-des-taxes-canadiennes-la-consommation\/#breadcrumb"},"inLanguage":"fr-FR","potentialAction":[{"@type":"ReadAction","target":["https:\/\/staging.livingstonintl.com\/fr\/services-fr\/conseil-en-commerce\/services-de-recouvrement-des-droits-et-des-impots\/recouvrement-des-taxes-canadiennes-la-consommation\/"]}]},{"@type":"BreadcrumbList","@id":"https:\/\/staging.livingstonintl.com\/fr\/services-fr\/conseil-en-commerce\/services-de-recouvrement-des-droits-et-des-impots\/recouvrement-des-taxes-canadiennes-la-consommation\/#breadcrumb","itemListElement":[{"@type":"ListItem","position":1,"name":"Accueil","item":"https:\/\/staging.livingstonintl.com\/fr\/"},{"@type":"ListItem","position":2,"name":"Services","item":"https:\/\/staging.livingstonintl.com\/fr\/services-fr\/"},{"@type":"ListItem","position":3,"name":"Conseil en commerce","item":"https:\/\/staging.livingstonintl.com\/fr\/services-fr\/conseil-en-commerce\/"},{"@type":"ListItem","position":4,"name":"Services de recouvrement des droits et taxes","item":"https:\/\/staging.livingstonintl.com\/fr\/services-fr\/conseil-en-commerce\/services-de-recouvrement-des-droits-et-des-impots\/"},{"@type":"ListItem","position":5,"name":"Recouvrement des taxes canadiennes \u00e0 la consommation"}]},{"@type":"WebSite","@id":"https:\/\/staging.livingstonintl.com\/fr\/#website","url":"https:\/\/staging.livingstonintl.com\/fr\/","name":"Livingston International","description":"Simplify Trade","potentialAction":[{"@type":"SearchAction","target":{"@type":"EntryPoint","urlTemplate":"https:\/\/staging.livingstonintl.com\/fr\/?s={search_term_string}"},"query-input":{"@type":"PropertyValueSpecification","valueRequired":true,"valueName":"search_term_string"}}],"inLanguage":"fr-FR"}]}},"_links":{"self":[{"href":"https:\/\/staging.livingstonintl.com\/fr\/wp-json\/wp\/v2\/pages\/568","targetHints":{"allow":["GET"]}}],"collection":[{"href":"https:\/\/staging.livingstonintl.com\/fr\/wp-json\/wp\/v2\/pages"}],"about":[{"href":"https:\/\/staging.livingstonintl.com\/fr\/wp-json\/wp\/v2\/types\/page"}],"author":[{"embeddable":true,"href":"https:\/\/staging.livingstonintl.com\/fr\/wp-json\/wp\/v2\/users\/36"}],"replies":[{"embeddable":true,"href":"https:\/\/staging.livingstonintl.com\/fr\/wp-json\/wp\/v2\/comments?post=568"}],"version-history":[{"count":0,"href":"https:\/\/staging.livingstonintl.com\/fr\/wp-json\/wp\/v2\/pages\/568\/revisions"}],"up":[{"embeddable":true,"href":"https:\/\/staging.livingstonintl.com\/fr\/wp-json\/wp\/v2\/pages\/154"}],"wp:attachment":[{"href":"https:\/\/staging.livingstonintl.com\/fr\/wp-json\/wp\/v2\/media?parent=568"}],"curies":[{"name":"wp","href":"https:\/\/api.w.org\/{rel}","templated":true}]}}