{"id":546,"date":"2015-04-28T21:12:14","date_gmt":"2015-04-28T21:12:14","guid":{"rendered":"http:\/\/livingston.gocactus.com\/services\/trade-consulting\/international-trade-compliance\/classification\/"},"modified":"2015-10-02T17:13:52","modified_gmt":"2015-10-02T17:13:52","slug":"services-de-classement","status":"publish","type":"page","link":"https:\/\/staging.livingstonintl.com\/fr\/services-fr\/conseil-en-commerce\/services-de-conformite-douaniere-internationale\/services-de-classement\/","title":{"rendered":"Services de classement"},"content":{"rendered":"<p>Les conseillers en commerce international de Livingston utilisent des m\u00e9thodes appropri\u00e9es pour d\u00e9terminer le classement tarifaire harmonis\u00e9 des importations ou le classement pour le contr\u00f4le des exportations, et ils vous fournissent une piste de v\u00e9rification compl\u00e8te pour justifier vos demandes de remboursement au titre du classement. Ils peuvent aussi faire des recherches dans les d\u00e9cisions existantes des douanes ou vous aider \u00e0 en obtenir une nouvelle. Nous pouvons \u00e9galement intervenir pour les demandes de num\u00e9ro de classement pour le contr\u00f4le des exportations (ECCN) du CCATS (Commodity Classification Automated Tracking System) et les demandes de d\u00e9termination de ressort pour les marchandises.<\/p>\n<p>Nos services de classement comprennent :<\/p>\n<ul>\n<li>Tarif harmonis\u00e9<\/li>\n<li>Classement pour le contr\u00f4le des exportations<\/li>\n<\/ul>\n<h3>Tarif harmonis\u00e9<\/h3>\n<p>Le classement tarifaire des marchandises est un \u00e9l\u00e9ment essentiel de la conformit\u00e9 \u00e0 la r\u00e9glementation. Le num\u00e9ro tarifaire harmonis\u00e9 appropri\u00e9 doit figurer dans les donn\u00e9es commerciales pr\u00e9alables et les autorit\u00e9s douani\u00e8res y attachent une attention particuli\u00e8re lors de v\u00e9rifications de conformit\u00e9 compl\u00e8tes ou cibl\u00e9es.<\/p>\n<p>Avec vous, nous analysons la fonction, la forme et la composition de vos produits ; nous employons les outils et les m\u00e9thodes de classement tarifaire appropri\u00e9s pour en d\u00e9terminer le classement et nous vous remettons une piste de v\u00e9rification compl\u00e8te justifiant celui-ci. Sur demande ou au besoin, nous pouvons aussi faire des recherches dans les d\u00e9cisions rendues par les douanes ou vous aider \u00e0 en obtenir une nouvelle.<\/p>\n<p>L\u2019aide de notre \u00e9quipe de sp\u00e9cialistes vous apporte l\u2019assurance que les classements de vos produits sont exacts et conformes \u00e0 la r\u00e9glementation. Elle peut aussi vous permettre de b\u00e9n\u00e9ficier de droits pr\u00e9f\u00e9rentiels en invoquant des dispositions d\u2019accords de libre-\u00e9change.<\/p>\n<h3>Classement pour le contr\u00f4le des exportations<\/h3>\n<p>L\u2019attribution du bon num\u00e9ro de classement pour le contr\u00f4le des exportations (ECCN) est important aussi du point de vue de la conformit\u00e9 \u00e0 la r\u00e9glementation. Si vous avez besoin d\u2019aide pour d\u00e9terminer ce num\u00e9ro, ou \u00e0 l\u2019\u00e9gard de l\u2019ITAR (International Traffic in Arms Regulations) ou de l\u2019Annexe B, nous serons heureux de vous aider.<\/p>\n<p>Nos sp\u00e9cialistes analysent les caract\u00e9ristiques et l\u2019utilisation finale de vos produits, de vos services et de vos technologies ; ils emploient les m\u00e9thodes appropri\u00e9es pour en d\u00e9terminer le classement tarifaire et ils vous remettent une piste de v\u00e9rification compl\u00e8te le justifiant.<\/p>\n<p>Si vous ignorez si votre produit ou service rel\u00e8ve d\u2019une autorit\u00e9 qui d\u00e9livre des licences d\u2019exportation, nous pouvons vous aider \u00e0 faire une demande de num\u00e9ro de classement pour le contr\u00f4le des exportations (ECCN) du CCATS (Commodity Classification Automated Tracking System) ou \u00e0 demander une d\u00e9termination de ressort pour les marchandises.<\/p>\n","protected":false},"excerpt":{"rendered":"<p>Les conseillers en commerce international de Livingston utilisent des m\u00e9thodes appropri\u00e9es pour d\u00e9terminer le classement tarifaire harmonis\u00e9 des importations ou le classement pour le contr\u00f4le des exportations, et ils vous fournissent une piste de v\u00e9rification compl\u00e8te pour justifier vos demandes de remboursement au titre du classement. Ils peuvent aussi faire des recherches dans les d\u00e9cisions<a class=\"excerpt-read-more\" href=\"https:\/\/staging.livingstonintl.com\/fr\/services-fr\/conseil-en-commerce\/services-de-conformite-douaniere-internationale\/services-de-classement\/\" title=\"ReadServices de classement\">&#8230; Read more &raquo;<\/a><\/p>\n","protected":false},"author":36,"featured_media":0,"parent":156,"menu_order":226,"comment_status":"closed","ping_status":"closed","template":"","meta":{"_acf_changed":false,"footnotes":""},"class_list":["post-546","page","type-page","status-publish","hentry"],"acf":[],"yoast_head":"<!-- This site is optimized with the Yoast SEO plugin v26.8 - https:\/\/yoast.com\/product\/yoast-seo-wordpress\/ -->\n<title>Services de classement - Livingston International<\/title>\n<meta name=\"robots\" content=\"noindex, follow, max-snippet:-1, max-image-preview:large, max-video-preview:-1\" \/>\n<meta property=\"og:locale\" content=\"fr_FR\" \/>\n<meta property=\"og:type\" content=\"article\" \/>\n<meta property=\"og:title\" content=\"Services de classement - Livingston International\" \/>\n<meta property=\"og:description\" content=\"Les conseillers en commerce international de Livingston utilisent des m\u00e9thodes appropri\u00e9es pour d\u00e9terminer le classement tarifaire harmonis\u00e9 des importations ou le classement pour le contr\u00f4le des exportations, et ils vous fournissent une piste de v\u00e9rification compl\u00e8te pour justifier vos demandes de remboursement au titre du classement. Ils peuvent aussi faire des recherches dans les d\u00e9cisions... Read more &raquo;\" \/>\n<meta property=\"og:url\" content=\"https:\/\/staging.livingstonintl.com\/fr\/services-fr\/conseil-en-commerce\/services-de-conformite-douaniere-internationale\/services-de-classement\/\" \/>\n<meta property=\"og:site_name\" content=\"Livingston International\" \/>\n<meta property=\"article:publisher\" content=\"https:\/\/www.facebook.com\/livingstoninternational\" \/>\n<meta property=\"article:modified_time\" content=\"2015-10-02T17:13:52+00:00\" \/>\n<meta name=\"twitter:label1\" content=\"Dur\u00e9e de lecture estim\u00e9e\" \/>\n\t<meta name=\"twitter:data1\" content=\"2 minutes\" \/>\n<script type=\"application\/ld+json\" class=\"yoast-schema-graph\">{\"@context\":\"https:\/\/schema.org\",\"@graph\":[{\"@type\":\"WebPage\",\"@id\":\"https:\/\/staging.livingstonintl.com\/fr\/services-fr\/conseil-en-commerce\/services-de-conformite-douaniere-internationale\/services-de-classement\/\",\"url\":\"https:\/\/staging.livingstonintl.com\/fr\/services-fr\/conseil-en-commerce\/services-de-conformite-douaniere-internationale\/services-de-classement\/\",\"name\":\"Services de classement - Livingston International\",\"isPartOf\":{\"@id\":\"https:\/\/staging.livingstonintl.com\/fr\/#website\"},\"datePublished\":\"2015-04-28T21:12:14+00:00\",\"dateModified\":\"2015-10-02T17:13:52+00:00\",\"breadcrumb\":{\"@id\":\"https:\/\/staging.livingstonintl.com\/fr\/services-fr\/conseil-en-commerce\/services-de-conformite-douaniere-internationale\/services-de-classement\/#breadcrumb\"},\"inLanguage\":\"fr-FR\",\"potentialAction\":[{\"@type\":\"ReadAction\",\"target\":[\"https:\/\/staging.livingstonintl.com\/fr\/services-fr\/conseil-en-commerce\/services-de-conformite-douaniere-internationale\/services-de-classement\/\"]}]},{\"@type\":\"BreadcrumbList\",\"@id\":\"https:\/\/staging.livingstonintl.com\/fr\/services-fr\/conseil-en-commerce\/services-de-conformite-douaniere-internationale\/services-de-classement\/#breadcrumb\",\"itemListElement\":[{\"@type\":\"ListItem\",\"position\":1,\"name\":\"Accueil\",\"item\":\"https:\/\/staging.livingstonintl.com\/fr\/\"},{\"@type\":\"ListItem\",\"position\":2,\"name\":\"Services\",\"item\":\"https:\/\/staging.livingstonintl.com\/fr\/services-fr\/\"},{\"@type\":\"ListItem\",\"position\":3,\"name\":\"Conseil en commerce\",\"item\":\"https:\/\/staging.livingstonintl.com\/fr\/services-fr\/conseil-en-commerce\/\"},{\"@type\":\"ListItem\",\"position\":4,\"name\":\"Conformit\u00e9 r\u00e9glementaire internationale\",\"item\":\"https:\/\/staging.livingstonintl.com\/fr\/services-fr\/conseil-en-commerce\/services-de-conformite-douaniere-internationale\/\"},{\"@type\":\"ListItem\",\"position\":5,\"name\":\"Services de classement\"}]},{\"@type\":\"WebSite\",\"@id\":\"https:\/\/staging.livingstonintl.com\/fr\/#website\",\"url\":\"https:\/\/staging.livingstonintl.com\/fr\/\",\"name\":\"Livingston International\",\"description\":\"Simplify Trade\",\"potentialAction\":[{\"@type\":\"SearchAction\",\"target\":{\"@type\":\"EntryPoint\",\"urlTemplate\":\"https:\/\/staging.livingstonintl.com\/fr\/?s={search_term_string}\"},\"query-input\":{\"@type\":\"PropertyValueSpecification\",\"valueRequired\":true,\"valueName\":\"search_term_string\"}}],\"inLanguage\":\"fr-FR\"}]}<\/script>\n<!-- \/ Yoast SEO plugin. -->","yoast_head_json":{"title":"Services de classement - Livingston International","robots":{"index":"noindex","follow":"follow","max-snippet":"max-snippet:-1","max-image-preview":"max-image-preview:large","max-video-preview":"max-video-preview:-1"},"og_locale":"fr_FR","og_type":"article","og_title":"Services de classement - Livingston International","og_description":"Les conseillers en commerce international de Livingston utilisent des m\u00e9thodes appropri\u00e9es pour d\u00e9terminer le classement tarifaire harmonis\u00e9 des importations ou le classement pour le contr\u00f4le des exportations, et ils vous fournissent une piste de v\u00e9rification compl\u00e8te pour justifier vos demandes de remboursement au titre du classement. Ils peuvent aussi faire des recherches dans les d\u00e9cisions... Read more &raquo;","og_url":"https:\/\/staging.livingstonintl.com\/fr\/services-fr\/conseil-en-commerce\/services-de-conformite-douaniere-internationale\/services-de-classement\/","og_site_name":"Livingston International","article_publisher":"https:\/\/www.facebook.com\/livingstoninternational","article_modified_time":"2015-10-02T17:13:52+00:00","twitter_misc":{"Dur\u00e9e de lecture estim\u00e9e":"2 minutes"},"schema":{"@context":"https:\/\/schema.org","@graph":[{"@type":"WebPage","@id":"https:\/\/staging.livingstonintl.com\/fr\/services-fr\/conseil-en-commerce\/services-de-conformite-douaniere-internationale\/services-de-classement\/","url":"https:\/\/staging.livingstonintl.com\/fr\/services-fr\/conseil-en-commerce\/services-de-conformite-douaniere-internationale\/services-de-classement\/","name":"Services de classement - Livingston International","isPartOf":{"@id":"https:\/\/staging.livingstonintl.com\/fr\/#website"},"datePublished":"2015-04-28T21:12:14+00:00","dateModified":"2015-10-02T17:13:52+00:00","breadcrumb":{"@id":"https:\/\/staging.livingstonintl.com\/fr\/services-fr\/conseil-en-commerce\/services-de-conformite-douaniere-internationale\/services-de-classement\/#breadcrumb"},"inLanguage":"fr-FR","potentialAction":[{"@type":"ReadAction","target":["https:\/\/staging.livingstonintl.com\/fr\/services-fr\/conseil-en-commerce\/services-de-conformite-douaniere-internationale\/services-de-classement\/"]}]},{"@type":"BreadcrumbList","@id":"https:\/\/staging.livingstonintl.com\/fr\/services-fr\/conseil-en-commerce\/services-de-conformite-douaniere-internationale\/services-de-classement\/#breadcrumb","itemListElement":[{"@type":"ListItem","position":1,"name":"Accueil","item":"https:\/\/staging.livingstonintl.com\/fr\/"},{"@type":"ListItem","position":2,"name":"Services","item":"https:\/\/staging.livingstonintl.com\/fr\/services-fr\/"},{"@type":"ListItem","position":3,"name":"Conseil en commerce","item":"https:\/\/staging.livingstonintl.com\/fr\/services-fr\/conseil-en-commerce\/"},{"@type":"ListItem","position":4,"name":"Conformit\u00e9 r\u00e9glementaire internationale","item":"https:\/\/staging.livingstonintl.com\/fr\/services-fr\/conseil-en-commerce\/services-de-conformite-douaniere-internationale\/"},{"@type":"ListItem","position":5,"name":"Services de classement"}]},{"@type":"WebSite","@id":"https:\/\/staging.livingstonintl.com\/fr\/#website","url":"https:\/\/staging.livingstonintl.com\/fr\/","name":"Livingston International","description":"Simplify Trade","potentialAction":[{"@type":"SearchAction","target":{"@type":"EntryPoint","urlTemplate":"https:\/\/staging.livingstonintl.com\/fr\/?s={search_term_string}"},"query-input":{"@type":"PropertyValueSpecification","valueRequired":true,"valueName":"search_term_string"}}],"inLanguage":"fr-FR"}]}},"_links":{"self":[{"href":"https:\/\/staging.livingstonintl.com\/fr\/wp-json\/wp\/v2\/pages\/546","targetHints":{"allow":["GET"]}}],"collection":[{"href":"https:\/\/staging.livingstonintl.com\/fr\/wp-json\/wp\/v2\/pages"}],"about":[{"href":"https:\/\/staging.livingstonintl.com\/fr\/wp-json\/wp\/v2\/types\/page"}],"author":[{"embeddable":true,"href":"https:\/\/staging.livingstonintl.com\/fr\/wp-json\/wp\/v2\/users\/36"}],"replies":[{"embeddable":true,"href":"https:\/\/staging.livingstonintl.com\/fr\/wp-json\/wp\/v2\/comments?post=546"}],"version-history":[{"count":0,"href":"https:\/\/staging.livingstonintl.com\/fr\/wp-json\/wp\/v2\/pages\/546\/revisions"}],"up":[{"embeddable":true,"href":"https:\/\/staging.livingstonintl.com\/fr\/wp-json\/wp\/v2\/pages\/156"}],"wp:attachment":[{"href":"https:\/\/staging.livingstonintl.com\/fr\/wp-json\/wp\/v2\/media?parent=546"}],"curies":[{"name":"wp","href":"https:\/\/api.w.org\/{rel}","templated":true}]}}