{"id":545,"date":"2015-04-28T21:15:40","date_gmt":"2015-04-28T21:15:40","guid":{"rendered":"http:\/\/livingston.gocactus.com\/services\/trade-consulting\/international-trade-compliance\/valuation\/"},"modified":"2015-08-17T14:41:50","modified_gmt":"2015-08-17T14:41:50","slug":"determination-de-la-valeur-en-douane","status":"publish","type":"page","link":"https:\/\/staging.livingstonintl.com\/fr\/services-fr\/conseil-en-commerce\/services-de-conformite-douaniere-internationale\/determination-de-la-valeur-en-douane\/","title":{"rendered":"D\u00e9termination de la valeur en douane"},"content":{"rendered":"<p>Les autorit\u00e9s douani\u00e8res font de plus en plus de v\u00e9rifications de conformit\u00e9 et la d\u00e9termination de la valeur en douane compte parmi leurs cibles de contr\u00f4le privil\u00e9gi\u00e9es.<\/p>\n<p>Les m\u00e9thodes de calcul \u00e9tant tr\u00e8s vari\u00e9es, la d\u00e9termination de la valeur en douane de vos marchandises peut \u00eatre incroyablement complexe. Elle doit tenir compte des commissions, aides, redevances et autres transactions avec des parties li\u00e9es, et les erreurs peuvent entra\u00eener l\u2019imposition de droits et des sanctions financi\u00e8res.<\/p>\n<p>Si vous tenez \u00e0 \u00eatre s\u00fbr d\u2019utiliser la m\u00e9thode d\u2019\u00e9valuation appropri\u00e9e et les prix les plus justes avec des fournisseurs li\u00e9s ou non, et que vous payez les droits appropri\u00e9s, Livingston peut vous y aider.<\/p>\n<p>Nos services de d\u00e9termination de la valeur en douane comportent les aspects suivants :<\/p>\n<ul>\n<li>Bonne compr\u00e9hension des processus de gestion des op\u00e9rations commerciales \u00e0 l\u2019importation.<\/li>\n<li>Examen de la documentation connexe, p. ex. conventions de vente et factures.<\/li>\n<li>Validation de votre m\u00e9thode de d\u00e9termination de la valeur en douane ou, au besoin, d\u00e9termination de la m\u00e9thode la plus appropri\u00e9e, \u00e9valuations exactes et recommandations pour rectifier les demandes ant\u00e9rieures.<\/li>\n<li>Cr\u00e9ation de la piste de v\u00e9rification et de la documentation requises pour justifier les \u00e9valuations.<\/li>\n<\/ul>\n<p>Vous aurez la satisfaction de savoir que vos \u00e9valuations sont justes et que vous appliquez correctement les r\u00e8gles d\u2019attribution des valeurs en douane. En cas de v\u00e9rification de conformit\u00e9, vous serez pr\u00eat \u00e0 r\u00e9pondre aux questions et pourrez \u00e9viter des sanctions (et, si votre soci\u00e9t\u00e9 est ouverte, des difficult\u00e9s li\u00e9es \u00e0 la loi Sarbanes-Oxley).<\/p>\n","protected":false},"excerpt":{"rendered":"<p>Les autorit\u00e9s douani\u00e8res font de plus en plus de v\u00e9rifications de conformit\u00e9 et la d\u00e9termination de la valeur en douane compte parmi leurs cibles de contr\u00f4le privil\u00e9gi\u00e9es. Les m\u00e9thodes de calcul \u00e9tant tr\u00e8s vari\u00e9es, la d\u00e9termination de la valeur en douane de vos marchandises peut \u00eatre incroyablement complexe. Elle doit tenir compte des commissions, aides,<a class=\"excerpt-read-more\" href=\"https:\/\/staging.livingstonintl.com\/fr\/services-fr\/conseil-en-commerce\/services-de-conformite-douaniere-internationale\/determination-de-la-valeur-en-douane\/\" title=\"ReadD\u00e9termination de la valeur en douane\">&#8230; Read more &raquo;<\/a><\/p>\n","protected":false},"author":36,"featured_media":0,"parent":156,"menu_order":227,"comment_status":"closed","ping_status":"closed","template":"","meta":{"_acf_changed":false,"footnotes":""},"class_list":["post-545","page","type-page","status-publish","hentry"],"acf":[],"yoast_head":"<!-- This site is optimized with the Yoast SEO plugin v26.8 - https:\/\/yoast.com\/product\/yoast-seo-wordpress\/ -->\n<title>D\u00e9termination de la valeur en douane - Livingston International<\/title>\n<meta name=\"robots\" content=\"noindex, follow, max-snippet:-1, max-image-preview:large, max-video-preview:-1\" \/>\n<meta property=\"og:locale\" content=\"fr_FR\" \/>\n<meta property=\"og:type\" content=\"article\" \/>\n<meta property=\"og:title\" content=\"D\u00e9termination de la valeur en douane - Livingston International\" \/>\n<meta property=\"og:description\" content=\"Les autorit\u00e9s douani\u00e8res font de plus en plus de v\u00e9rifications de conformit\u00e9 et la d\u00e9termination de la valeur en douane compte parmi leurs cibles de contr\u00f4le privil\u00e9gi\u00e9es. Les m\u00e9thodes de calcul \u00e9tant tr\u00e8s vari\u00e9es, la d\u00e9termination de la valeur en douane de vos marchandises peut \u00eatre incroyablement complexe. Elle doit tenir compte des commissions, aides,... Read more &raquo;\" \/>\n<meta property=\"og:url\" content=\"https:\/\/staging.livingstonintl.com\/fr\/services-fr\/conseil-en-commerce\/services-de-conformite-douaniere-internationale\/determination-de-la-valeur-en-douane\/\" \/>\n<meta property=\"og:site_name\" content=\"Livingston International\" \/>\n<meta property=\"article:publisher\" content=\"https:\/\/www.facebook.com\/livingstoninternational\" \/>\n<meta property=\"article:modified_time\" content=\"2015-08-17T14:41:50+00:00\" \/>\n<meta name=\"twitter:label1\" content=\"Dur\u00e9e de lecture estim\u00e9e\" \/>\n\t<meta name=\"twitter:data1\" content=\"1 minute\" \/>\n<script type=\"application\/ld+json\" class=\"yoast-schema-graph\">{\"@context\":\"https:\/\/schema.org\",\"@graph\":[{\"@type\":\"WebPage\",\"@id\":\"https:\/\/staging.livingstonintl.com\/fr\/services-fr\/conseil-en-commerce\/services-de-conformite-douaniere-internationale\/determination-de-la-valeur-en-douane\/\",\"url\":\"https:\/\/staging.livingstonintl.com\/fr\/services-fr\/conseil-en-commerce\/services-de-conformite-douaniere-internationale\/determination-de-la-valeur-en-douane\/\",\"name\":\"D\u00e9termination de la valeur en douane - Livingston International\",\"isPartOf\":{\"@id\":\"https:\/\/staging.livingstonintl.com\/fr\/#website\"},\"datePublished\":\"2015-04-28T21:15:40+00:00\",\"dateModified\":\"2015-08-17T14:41:50+00:00\",\"breadcrumb\":{\"@id\":\"https:\/\/staging.livingstonintl.com\/fr\/services-fr\/conseil-en-commerce\/services-de-conformite-douaniere-internationale\/determination-de-la-valeur-en-douane\/#breadcrumb\"},\"inLanguage\":\"fr-FR\",\"potentialAction\":[{\"@type\":\"ReadAction\",\"target\":[\"https:\/\/staging.livingstonintl.com\/fr\/services-fr\/conseil-en-commerce\/services-de-conformite-douaniere-internationale\/determination-de-la-valeur-en-douane\/\"]}]},{\"@type\":\"BreadcrumbList\",\"@id\":\"https:\/\/staging.livingstonintl.com\/fr\/services-fr\/conseil-en-commerce\/services-de-conformite-douaniere-internationale\/determination-de-la-valeur-en-douane\/#breadcrumb\",\"itemListElement\":[{\"@type\":\"ListItem\",\"position\":1,\"name\":\"Accueil\",\"item\":\"https:\/\/staging.livingstonintl.com\/fr\/\"},{\"@type\":\"ListItem\",\"position\":2,\"name\":\"Services\",\"item\":\"https:\/\/staging.livingstonintl.com\/fr\/services-fr\/\"},{\"@type\":\"ListItem\",\"position\":3,\"name\":\"Conseil en commerce\",\"item\":\"https:\/\/staging.livingstonintl.com\/fr\/services-fr\/conseil-en-commerce\/\"},{\"@type\":\"ListItem\",\"position\":4,\"name\":\"Conformit\u00e9 r\u00e9glementaire internationale\",\"item\":\"https:\/\/staging.livingstonintl.com\/fr\/services-fr\/conseil-en-commerce\/services-de-conformite-douaniere-internationale\/\"},{\"@type\":\"ListItem\",\"position\":5,\"name\":\"D\u00e9termination de la valeur en douane\"}]},{\"@type\":\"WebSite\",\"@id\":\"https:\/\/staging.livingstonintl.com\/fr\/#website\",\"url\":\"https:\/\/staging.livingstonintl.com\/fr\/\",\"name\":\"Livingston International\",\"description\":\"Simplify Trade\",\"potentialAction\":[{\"@type\":\"SearchAction\",\"target\":{\"@type\":\"EntryPoint\",\"urlTemplate\":\"https:\/\/staging.livingstonintl.com\/fr\/?s={search_term_string}\"},\"query-input\":{\"@type\":\"PropertyValueSpecification\",\"valueRequired\":true,\"valueName\":\"search_term_string\"}}],\"inLanguage\":\"fr-FR\"}]}<\/script>\n<!-- \/ Yoast SEO plugin. -->","yoast_head_json":{"title":"D\u00e9termination de la valeur en douane - Livingston International","robots":{"index":"noindex","follow":"follow","max-snippet":"max-snippet:-1","max-image-preview":"max-image-preview:large","max-video-preview":"max-video-preview:-1"},"og_locale":"fr_FR","og_type":"article","og_title":"D\u00e9termination de la valeur en douane - Livingston International","og_description":"Les autorit\u00e9s douani\u00e8res font de plus en plus de v\u00e9rifications de conformit\u00e9 et la d\u00e9termination de la valeur en douane compte parmi leurs cibles de contr\u00f4le privil\u00e9gi\u00e9es. Les m\u00e9thodes de calcul \u00e9tant tr\u00e8s vari\u00e9es, la d\u00e9termination de la valeur en douane de vos marchandises peut \u00eatre incroyablement complexe. Elle doit tenir compte des commissions, aides,... Read more &raquo;","og_url":"https:\/\/staging.livingstonintl.com\/fr\/services-fr\/conseil-en-commerce\/services-de-conformite-douaniere-internationale\/determination-de-la-valeur-en-douane\/","og_site_name":"Livingston International","article_publisher":"https:\/\/www.facebook.com\/livingstoninternational","article_modified_time":"2015-08-17T14:41:50+00:00","twitter_misc":{"Dur\u00e9e de lecture estim\u00e9e":"1 minute"},"schema":{"@context":"https:\/\/schema.org","@graph":[{"@type":"WebPage","@id":"https:\/\/staging.livingstonintl.com\/fr\/services-fr\/conseil-en-commerce\/services-de-conformite-douaniere-internationale\/determination-de-la-valeur-en-douane\/","url":"https:\/\/staging.livingstonintl.com\/fr\/services-fr\/conseil-en-commerce\/services-de-conformite-douaniere-internationale\/determination-de-la-valeur-en-douane\/","name":"D\u00e9termination de la valeur en douane - Livingston International","isPartOf":{"@id":"https:\/\/staging.livingstonintl.com\/fr\/#website"},"datePublished":"2015-04-28T21:15:40+00:00","dateModified":"2015-08-17T14:41:50+00:00","breadcrumb":{"@id":"https:\/\/staging.livingstonintl.com\/fr\/services-fr\/conseil-en-commerce\/services-de-conformite-douaniere-internationale\/determination-de-la-valeur-en-douane\/#breadcrumb"},"inLanguage":"fr-FR","potentialAction":[{"@type":"ReadAction","target":["https:\/\/staging.livingstonintl.com\/fr\/services-fr\/conseil-en-commerce\/services-de-conformite-douaniere-internationale\/determination-de-la-valeur-en-douane\/"]}]},{"@type":"BreadcrumbList","@id":"https:\/\/staging.livingstonintl.com\/fr\/services-fr\/conseil-en-commerce\/services-de-conformite-douaniere-internationale\/determination-de-la-valeur-en-douane\/#breadcrumb","itemListElement":[{"@type":"ListItem","position":1,"name":"Accueil","item":"https:\/\/staging.livingstonintl.com\/fr\/"},{"@type":"ListItem","position":2,"name":"Services","item":"https:\/\/staging.livingstonintl.com\/fr\/services-fr\/"},{"@type":"ListItem","position":3,"name":"Conseil en commerce","item":"https:\/\/staging.livingstonintl.com\/fr\/services-fr\/conseil-en-commerce\/"},{"@type":"ListItem","position":4,"name":"Conformit\u00e9 r\u00e9glementaire internationale","item":"https:\/\/staging.livingstonintl.com\/fr\/services-fr\/conseil-en-commerce\/services-de-conformite-douaniere-internationale\/"},{"@type":"ListItem","position":5,"name":"D\u00e9termination de la valeur en douane"}]},{"@type":"WebSite","@id":"https:\/\/staging.livingstonintl.com\/fr\/#website","url":"https:\/\/staging.livingstonintl.com\/fr\/","name":"Livingston International","description":"Simplify Trade","potentialAction":[{"@type":"SearchAction","target":{"@type":"EntryPoint","urlTemplate":"https:\/\/staging.livingstonintl.com\/fr\/?s={search_term_string}"},"query-input":{"@type":"PropertyValueSpecification","valueRequired":true,"valueName":"search_term_string"}}],"inLanguage":"fr-FR"}]}},"_links":{"self":[{"href":"https:\/\/staging.livingstonintl.com\/fr\/wp-json\/wp\/v2\/pages\/545","targetHints":{"allow":["GET"]}}],"collection":[{"href":"https:\/\/staging.livingstonintl.com\/fr\/wp-json\/wp\/v2\/pages"}],"about":[{"href":"https:\/\/staging.livingstonintl.com\/fr\/wp-json\/wp\/v2\/types\/page"}],"author":[{"embeddable":true,"href":"https:\/\/staging.livingstonintl.com\/fr\/wp-json\/wp\/v2\/users\/36"}],"replies":[{"embeddable":true,"href":"https:\/\/staging.livingstonintl.com\/fr\/wp-json\/wp\/v2\/comments?post=545"}],"version-history":[{"count":0,"href":"https:\/\/staging.livingstonintl.com\/fr\/wp-json\/wp\/v2\/pages\/545\/revisions"}],"up":[{"embeddable":true,"href":"https:\/\/staging.livingstonintl.com\/fr\/wp-json\/wp\/v2\/pages\/156"}],"wp:attachment":[{"href":"https:\/\/staging.livingstonintl.com\/fr\/wp-json\/wp\/v2\/media?parent=545"}],"curies":[{"name":"wp","href":"https:\/\/api.w.org\/{rel}","templated":true}]}}