{"id":544,"date":"2015-04-29T15:15:02","date_gmt":"2015-04-29T15:15:02","guid":{"rendered":"http:\/\/livingston.gocactus.com\/services\/trade-consulting\/international-trade-compliance\/voluntary-disclosures-appeals\/"},"modified":"2015-10-02T17:31:04","modified_gmt":"2015-10-02T17:31:04","slug":"divulgations-volontaires-et-appels","status":"publish","type":"page","link":"https:\/\/staging.livingstonintl.com\/fr\/services-fr\/conseil-en-commerce\/services-de-conformite-douaniere-internationale\/divulgations-volontaires-et-appels\/","title":{"rendered":"Divulgations volontaires et appels"},"content":{"rendered":"<h3>Divulgations volontaires<\/h3>\n<p>Personne n\u2019est \u00e0 l\u2019abri d\u2019une erreur. Les autorit\u00e9s douani\u00e8res savent que les importateurs et exportateurs peuvent en commettre et elles vous permettent de signaler les v\u00f4tres et d\u2019y rem\u00e9dier, m\u00eame au-del\u00e0 du d\u00e9lai normal.<\/p>\n<p>Vous pouvez donc divulguer volontairement une infraction \u00e0 la conformit\u00e9 \u00e0 la r\u00e9glementation douani\u00e8re, apporter les corrections requises et payer les droits et les taxes connexes avec les int\u00e9r\u00eats, \u00e0 condition, toutefois, que les douanes n\u2019aient pas encore d\u00e9couvert elles-m\u00eames votre erreur ou entrepris une v\u00e9rification.<\/p>\n<p>Nous pouvons d\u00e9terminer si vous remplissez les conditions requises pour faire une divulgation volontaire et vous aider \u00e0 la pr\u00e9senter et \u00e0 la faire accepter. Nos conseillers en commerce international :<\/p>\n<ul>\n<li>analysent le probl\u00e8me de non-conformit\u00e9 et en \u00e9valuent la gravit\u00e9 dans le contexte des transactions que vous faites;<\/li>\n<li>r\u00e9digent un rapport d\u00e9crivant l\u2019erreur ou l\u2019omission;<\/li>\n<li>en discutent les incidences avec les douanes et transmettent votre divulgation volontaire;<\/li>\n<li>n\u00e9gocient avec les douanes un all\u00e8gement des p\u00e9nalit\u00e9s et int\u00e9r\u00eats.<\/li>\n<\/ul>\n<p>Notre aide pourra r\u00e9duire le risque de sanctions, d\u2019amendes et de perte de privil\u00e8ges d\u2019importation en vous aidant \u00e0 r\u00e9gler les probl\u00e8mes avant que les autorit\u00e9s douani\u00e8res ne les d\u00e9couvrent.<\/p>\n<h3>Appels<\/h3>\n<p>Nos conseillers en commerce international ont les comp\u00e9tences et l\u2019exp\u00e9rience requises pour intervenir dans toute contestation, proc\u00e9dure d\u2019appel ou poursuite que vous pourriez entreprendre, quelle que soit sa complexit\u00e9.<\/p>\n<p>Vous pouvez compter sur notre exp\u00e9rience pour vous conseiller \u00e0 travers les proc\u00e9dures, depuis le premier contact et l\u2019entr\u00e9e en rapport avec les autorit\u00e9s douani\u00e8res jusqu\u2019\u00e0 la pr\u00e9sentation formelle de la contestation. Notre \u00e9quipe est parfaitement au courant du processus, des pr\u00e9paratifs et de la strat\u00e9gie \u00e0 utiliser pour accro\u00eetre la probabilit\u00e9 d\u2019une issue favorable. Elle vous aidera \u00e0 obtenir une r\u00e9duction des droits \u00e0 payer ou \u00e0 maximiser le remboursement.<\/p>\n","protected":false},"excerpt":{"rendered":"<p>Divulgations volontaires Personne n\u2019est \u00e0 l\u2019abri d\u2019une erreur. Les autorit\u00e9s douani\u00e8res savent que les importateurs et exportateurs peuvent en commettre et elles vous permettent de signaler les v\u00f4tres et d\u2019y rem\u00e9dier, m\u00eame au-del\u00e0 du d\u00e9lai normal. Vous pouvez donc divulguer volontairement une infraction \u00e0 la conformit\u00e9 \u00e0 la r\u00e9glementation douani\u00e8re, apporter les corrections requises et<a class=\"excerpt-read-more\" href=\"https:\/\/staging.livingstonintl.com\/fr\/services-fr\/conseil-en-commerce\/services-de-conformite-douaniere-internationale\/divulgations-volontaires-et-appels\/\" title=\"ReadDivulgations volontaires et appels\">&#8230; Read more &raquo;<\/a><\/p>\n","protected":false},"author":36,"featured_media":0,"parent":156,"menu_order":229,"comment_status":"closed","ping_status":"closed","template":"","meta":{"_acf_changed":false,"footnotes":""},"class_list":["post-544","page","type-page","status-publish","hentry"],"acf":[],"yoast_head":"<!-- This site is optimized with the Yoast SEO plugin v26.8 - https:\/\/yoast.com\/product\/yoast-seo-wordpress\/ -->\n<title>Divulgations volontaires et appels - Livingston International<\/title>\n<meta name=\"robots\" content=\"noindex, follow, max-snippet:-1, max-image-preview:large, max-video-preview:-1\" \/>\n<meta property=\"og:locale\" content=\"fr_FR\" \/>\n<meta property=\"og:type\" content=\"article\" \/>\n<meta property=\"og:title\" content=\"Divulgations volontaires et appels - Livingston International\" \/>\n<meta property=\"og:description\" content=\"Divulgations volontaires Personne n\u2019est \u00e0 l\u2019abri d\u2019une erreur. Les autorit\u00e9s douani\u00e8res savent que les importateurs et exportateurs peuvent en commettre et elles vous permettent de signaler les v\u00f4tres et d\u2019y rem\u00e9dier, m\u00eame au-del\u00e0 du d\u00e9lai normal. Vous pouvez donc divulguer volontairement une infraction \u00e0 la conformit\u00e9 \u00e0 la r\u00e9glementation douani\u00e8re, apporter les corrections requises et... Read more &raquo;\" \/>\n<meta property=\"og:url\" content=\"https:\/\/staging.livingstonintl.com\/fr\/services-fr\/conseil-en-commerce\/services-de-conformite-douaniere-internationale\/divulgations-volontaires-et-appels\/\" \/>\n<meta property=\"og:site_name\" content=\"Livingston International\" \/>\n<meta property=\"article:publisher\" content=\"https:\/\/www.facebook.com\/livingstoninternational\" \/>\n<meta property=\"article:modified_time\" content=\"2015-10-02T17:31:04+00:00\" \/>\n<meta name=\"twitter:label1\" content=\"Dur\u00e9e de lecture estim\u00e9e\" \/>\n\t<meta name=\"twitter:data1\" content=\"2 minutes\" \/>\n<script type=\"application\/ld+json\" class=\"yoast-schema-graph\">{\"@context\":\"https:\/\/schema.org\",\"@graph\":[{\"@type\":\"WebPage\",\"@id\":\"https:\/\/staging.livingstonintl.com\/fr\/services-fr\/conseil-en-commerce\/services-de-conformite-douaniere-internationale\/divulgations-volontaires-et-appels\/\",\"url\":\"https:\/\/staging.livingstonintl.com\/fr\/services-fr\/conseil-en-commerce\/services-de-conformite-douaniere-internationale\/divulgations-volontaires-et-appels\/\",\"name\":\"Divulgations volontaires et appels - Livingston International\",\"isPartOf\":{\"@id\":\"https:\/\/staging.livingstonintl.com\/fr\/#website\"},\"datePublished\":\"2015-04-29T15:15:02+00:00\",\"dateModified\":\"2015-10-02T17:31:04+00:00\",\"breadcrumb\":{\"@id\":\"https:\/\/staging.livingstonintl.com\/fr\/services-fr\/conseil-en-commerce\/services-de-conformite-douaniere-internationale\/divulgations-volontaires-et-appels\/#breadcrumb\"},\"inLanguage\":\"fr-FR\",\"potentialAction\":[{\"@type\":\"ReadAction\",\"target\":[\"https:\/\/staging.livingstonintl.com\/fr\/services-fr\/conseil-en-commerce\/services-de-conformite-douaniere-internationale\/divulgations-volontaires-et-appels\/\"]}]},{\"@type\":\"BreadcrumbList\",\"@id\":\"https:\/\/staging.livingstonintl.com\/fr\/services-fr\/conseil-en-commerce\/services-de-conformite-douaniere-internationale\/divulgations-volontaires-et-appels\/#breadcrumb\",\"itemListElement\":[{\"@type\":\"ListItem\",\"position\":1,\"name\":\"Accueil\",\"item\":\"https:\/\/staging.livingstonintl.com\/fr\/\"},{\"@type\":\"ListItem\",\"position\":2,\"name\":\"Services\",\"item\":\"https:\/\/staging.livingstonintl.com\/fr\/services-fr\/\"},{\"@type\":\"ListItem\",\"position\":3,\"name\":\"Conseil en commerce\",\"item\":\"https:\/\/staging.livingstonintl.com\/fr\/services-fr\/conseil-en-commerce\/\"},{\"@type\":\"ListItem\",\"position\":4,\"name\":\"Conformit\u00e9 r\u00e9glementaire internationale\",\"item\":\"https:\/\/staging.livingstonintl.com\/fr\/services-fr\/conseil-en-commerce\/services-de-conformite-douaniere-internationale\/\"},{\"@type\":\"ListItem\",\"position\":5,\"name\":\"Divulgations volontaires et appels\"}]},{\"@type\":\"WebSite\",\"@id\":\"https:\/\/staging.livingstonintl.com\/fr\/#website\",\"url\":\"https:\/\/staging.livingstonintl.com\/fr\/\",\"name\":\"Livingston International\",\"description\":\"Simplify Trade\",\"potentialAction\":[{\"@type\":\"SearchAction\",\"target\":{\"@type\":\"EntryPoint\",\"urlTemplate\":\"https:\/\/staging.livingstonintl.com\/fr\/?s={search_term_string}\"},\"query-input\":{\"@type\":\"PropertyValueSpecification\",\"valueRequired\":true,\"valueName\":\"search_term_string\"}}],\"inLanguage\":\"fr-FR\"}]}<\/script>\n<!-- \/ Yoast SEO plugin. -->","yoast_head_json":{"title":"Divulgations volontaires et appels - Livingston International","robots":{"index":"noindex","follow":"follow","max-snippet":"max-snippet:-1","max-image-preview":"max-image-preview:large","max-video-preview":"max-video-preview:-1"},"og_locale":"fr_FR","og_type":"article","og_title":"Divulgations volontaires et appels - Livingston International","og_description":"Divulgations volontaires Personne n\u2019est \u00e0 l\u2019abri d\u2019une erreur. Les autorit\u00e9s douani\u00e8res savent que les importateurs et exportateurs peuvent en commettre et elles vous permettent de signaler les v\u00f4tres et d\u2019y rem\u00e9dier, m\u00eame au-del\u00e0 du d\u00e9lai normal. Vous pouvez donc divulguer volontairement une infraction \u00e0 la conformit\u00e9 \u00e0 la r\u00e9glementation douani\u00e8re, apporter les corrections requises et... Read more &raquo;","og_url":"https:\/\/staging.livingstonintl.com\/fr\/services-fr\/conseil-en-commerce\/services-de-conformite-douaniere-internationale\/divulgations-volontaires-et-appels\/","og_site_name":"Livingston International","article_publisher":"https:\/\/www.facebook.com\/livingstoninternational","article_modified_time":"2015-10-02T17:31:04+00:00","twitter_misc":{"Dur\u00e9e de lecture estim\u00e9e":"2 minutes"},"schema":{"@context":"https:\/\/schema.org","@graph":[{"@type":"WebPage","@id":"https:\/\/staging.livingstonintl.com\/fr\/services-fr\/conseil-en-commerce\/services-de-conformite-douaniere-internationale\/divulgations-volontaires-et-appels\/","url":"https:\/\/staging.livingstonintl.com\/fr\/services-fr\/conseil-en-commerce\/services-de-conformite-douaniere-internationale\/divulgations-volontaires-et-appels\/","name":"Divulgations volontaires et appels - Livingston International","isPartOf":{"@id":"https:\/\/staging.livingstonintl.com\/fr\/#website"},"datePublished":"2015-04-29T15:15:02+00:00","dateModified":"2015-10-02T17:31:04+00:00","breadcrumb":{"@id":"https:\/\/staging.livingstonintl.com\/fr\/services-fr\/conseil-en-commerce\/services-de-conformite-douaniere-internationale\/divulgations-volontaires-et-appels\/#breadcrumb"},"inLanguage":"fr-FR","potentialAction":[{"@type":"ReadAction","target":["https:\/\/staging.livingstonintl.com\/fr\/services-fr\/conseil-en-commerce\/services-de-conformite-douaniere-internationale\/divulgations-volontaires-et-appels\/"]}]},{"@type":"BreadcrumbList","@id":"https:\/\/staging.livingstonintl.com\/fr\/services-fr\/conseil-en-commerce\/services-de-conformite-douaniere-internationale\/divulgations-volontaires-et-appels\/#breadcrumb","itemListElement":[{"@type":"ListItem","position":1,"name":"Accueil","item":"https:\/\/staging.livingstonintl.com\/fr\/"},{"@type":"ListItem","position":2,"name":"Services","item":"https:\/\/staging.livingstonintl.com\/fr\/services-fr\/"},{"@type":"ListItem","position":3,"name":"Conseil en commerce","item":"https:\/\/staging.livingstonintl.com\/fr\/services-fr\/conseil-en-commerce\/"},{"@type":"ListItem","position":4,"name":"Conformit\u00e9 r\u00e9glementaire internationale","item":"https:\/\/staging.livingstonintl.com\/fr\/services-fr\/conseil-en-commerce\/services-de-conformite-douaniere-internationale\/"},{"@type":"ListItem","position":5,"name":"Divulgations volontaires et appels"}]},{"@type":"WebSite","@id":"https:\/\/staging.livingstonintl.com\/fr\/#website","url":"https:\/\/staging.livingstonintl.com\/fr\/","name":"Livingston International","description":"Simplify Trade","potentialAction":[{"@type":"SearchAction","target":{"@type":"EntryPoint","urlTemplate":"https:\/\/staging.livingstonintl.com\/fr\/?s={search_term_string}"},"query-input":{"@type":"PropertyValueSpecification","valueRequired":true,"valueName":"search_term_string"}}],"inLanguage":"fr-FR"}]}},"_links":{"self":[{"href":"https:\/\/staging.livingstonintl.com\/fr\/wp-json\/wp\/v2\/pages\/544","targetHints":{"allow":["GET"]}}],"collection":[{"href":"https:\/\/staging.livingstonintl.com\/fr\/wp-json\/wp\/v2\/pages"}],"about":[{"href":"https:\/\/staging.livingstonintl.com\/fr\/wp-json\/wp\/v2\/types\/page"}],"author":[{"embeddable":true,"href":"https:\/\/staging.livingstonintl.com\/fr\/wp-json\/wp\/v2\/users\/36"}],"replies":[{"embeddable":true,"href":"https:\/\/staging.livingstonintl.com\/fr\/wp-json\/wp\/v2\/comments?post=544"}],"version-history":[{"count":0,"href":"https:\/\/staging.livingstonintl.com\/fr\/wp-json\/wp\/v2\/pages\/544\/revisions"}],"up":[{"embeddable":true,"href":"https:\/\/staging.livingstonintl.com\/fr\/wp-json\/wp\/v2\/pages\/156"}],"wp:attachment":[{"href":"https:\/\/staging.livingstonintl.com\/fr\/wp-json\/wp\/v2\/media?parent=544"}],"curies":[{"name":"wp","href":"https:\/\/api.w.org\/{rel}","templated":true}]}}