{"id":543,"date":"2015-04-29T15:15:32","date_gmt":"2015-04-29T15:15:32","guid":{"rendered":"http:\/\/livingston.gocactus.com\/services\/trade-consulting\/international-trade-compliance\/audits-audit-assistance\/"},"modified":"2015-08-17T14:56:37","modified_gmt":"2015-08-17T14:56:37","slug":"verifications-et-aide-a-la-verification","status":"publish","type":"page","link":"https:\/\/staging.livingstonintl.com\/fr\/services-fr\/conseil-en-commerce\/services-de-conformite-douaniere-internationale\/verifications-et-aide-a-la-verification\/","title":{"rendered":"V\u00e9rifications et aide \u00e0 la v\u00e9rification"},"content":{"rendered":"<p>Les autorit\u00e9s douani\u00e8res font de plus en plus de v\u00e9rifications et imposent de plus en plus d\u2019amendes. Et elles ne se limitent pas aux importateurs importants ; elles vont aussi dans les petites entreprises qui disposent de moyens limit\u00e9s pour g\u00e9rer leur programme de conformit\u00e9, exercer un contr\u00f4le et recruter du personnel pour g\u00e9rer le tout. Apr\u00e8s une v\u00e9rification, les douanes se pr\u00e9sentent \u00e0 nouveau 12 \u00e0 18 mois plus tard pour s\u2019assurer que les lacunes ont \u00e9t\u00e9 combl\u00e9es et que les changements recommand\u00e9s ont \u00e9t\u00e9 effectu\u00e9s.<\/p>\n<p>Si les douanes vous posent des questions sur vos pratiques en mati\u00e8re d\u2019importations, vous demandent de remplir un questionnaire ou vous informent qu\u2019elles vont vous soumettre \u00e0 une v\u00e9rification, nous pouvons vous aider \u00e0 vous assurer que vous \u00eates en r\u00e8gle, \u00e0 rep\u00e9rer les faiblesses de vos processus et \u00e0 les signaler aux douanes de la fa\u00e7on appropri\u00e9e.<\/p>\n<p>Notre service d\u2019aide \u00e0 la v\u00e9rification :<\/p>\n<ul>\n<li>\u00e9tudie et pr\u00e9pare les questionnaires;<\/li>\n<li>participe \u00e0 la premi\u00e8re rencontre avec les v\u00e9rificateurs;<\/li>\n<li>examine les transactions choisies par les douanes pour voir si elles sont compl\u00e8tes et exactes, et pour en d\u00e9terminer le degr\u00e9 de conformit\u00e9 avant de les soumettre aux v\u00e9rificateurs;<\/li>\n<li>vous fournit un soutien technique pendant toute la v\u00e9rification.<\/li>\n<\/ul>\n<p>En faisant appel \u00e0 nos connaissances et \u00e0 notre exp\u00e9rience en v\u00e9rifications douani\u00e8res, vous saurez que vous pouvez compter sur des sp\u00e9cialistes qui ont aid\u00e9 de nombreux autres importateurs \u00e0 faire face \u00e0 un processus de v\u00e9rification difficile.<\/p>\n","protected":false},"excerpt":{"rendered":"<p>Les autorit\u00e9s douani\u00e8res font de plus en plus de v\u00e9rifications et imposent de plus en plus d\u2019amendes. Et elles ne se limitent pas aux importateurs importants ; elles vont aussi dans les petites entreprises qui disposent de moyens limit\u00e9s pour g\u00e9rer leur programme de conformit\u00e9, exercer un contr\u00f4le et recruter du personnel pour g\u00e9rer le<a class=\"excerpt-read-more\" href=\"https:\/\/staging.livingstonintl.com\/fr\/services-fr\/conseil-en-commerce\/services-de-conformite-douaniere-internationale\/verifications-et-aide-a-la-verification\/\" title=\"ReadV\u00e9rifications et aide \u00e0 la v\u00e9rification\">&#8230; Read more &raquo;<\/a><\/p>\n","protected":false},"author":36,"featured_media":0,"parent":156,"menu_order":231,"comment_status":"closed","ping_status":"closed","template":"","meta":{"_acf_changed":false,"footnotes":""},"class_list":["post-543","page","type-page","status-publish","hentry"],"acf":[],"yoast_head":"<!-- This site is optimized with the Yoast SEO plugin v26.8 - https:\/\/yoast.com\/product\/yoast-seo-wordpress\/ -->\n<title>V\u00e9rifications et aide \u00e0 la v\u00e9rification - Livingston International<\/title>\n<meta name=\"robots\" content=\"noindex, follow, max-snippet:-1, max-image-preview:large, max-video-preview:-1\" \/>\n<meta property=\"og:locale\" content=\"fr_FR\" \/>\n<meta property=\"og:type\" content=\"article\" \/>\n<meta property=\"og:title\" content=\"V\u00e9rifications et aide \u00e0 la v\u00e9rification - Livingston International\" \/>\n<meta property=\"og:description\" content=\"Les autorit\u00e9s douani\u00e8res font de plus en plus de v\u00e9rifications et imposent de plus en plus d\u2019amendes. Et elles ne se limitent pas aux importateurs importants ; elles vont aussi dans les petites entreprises qui disposent de moyens limit\u00e9s pour g\u00e9rer leur programme de conformit\u00e9, exercer un contr\u00f4le et recruter du personnel pour g\u00e9rer le... Read more &raquo;\" \/>\n<meta property=\"og:url\" content=\"https:\/\/staging.livingstonintl.com\/fr\/services-fr\/conseil-en-commerce\/services-de-conformite-douaniere-internationale\/verifications-et-aide-a-la-verification\/\" \/>\n<meta property=\"og:site_name\" content=\"Livingston International\" \/>\n<meta property=\"article:publisher\" content=\"https:\/\/www.facebook.com\/livingstoninternational\" \/>\n<meta property=\"article:modified_time\" content=\"2015-08-17T14:56:37+00:00\" \/>\n<meta name=\"twitter:label1\" content=\"Dur\u00e9e de lecture estim\u00e9e\" \/>\n\t<meta name=\"twitter:data1\" content=\"1 minute\" \/>\n<script type=\"application\/ld+json\" class=\"yoast-schema-graph\">{\"@context\":\"https:\/\/schema.org\",\"@graph\":[{\"@type\":\"WebPage\",\"@id\":\"https:\/\/staging.livingstonintl.com\/fr\/services-fr\/conseil-en-commerce\/services-de-conformite-douaniere-internationale\/verifications-et-aide-a-la-verification\/\",\"url\":\"https:\/\/staging.livingstonintl.com\/fr\/services-fr\/conseil-en-commerce\/services-de-conformite-douaniere-internationale\/verifications-et-aide-a-la-verification\/\",\"name\":\"V\u00e9rifications et aide \u00e0 la v\u00e9rification - Livingston International\",\"isPartOf\":{\"@id\":\"https:\/\/staging.livingstonintl.com\/fr\/#website\"},\"datePublished\":\"2015-04-29T15:15:32+00:00\",\"dateModified\":\"2015-08-17T14:56:37+00:00\",\"breadcrumb\":{\"@id\":\"https:\/\/staging.livingstonintl.com\/fr\/services-fr\/conseil-en-commerce\/services-de-conformite-douaniere-internationale\/verifications-et-aide-a-la-verification\/#breadcrumb\"},\"inLanguage\":\"fr-FR\",\"potentialAction\":[{\"@type\":\"ReadAction\",\"target\":[\"https:\/\/staging.livingstonintl.com\/fr\/services-fr\/conseil-en-commerce\/services-de-conformite-douaniere-internationale\/verifications-et-aide-a-la-verification\/\"]}]},{\"@type\":\"BreadcrumbList\",\"@id\":\"https:\/\/staging.livingstonintl.com\/fr\/services-fr\/conseil-en-commerce\/services-de-conformite-douaniere-internationale\/verifications-et-aide-a-la-verification\/#breadcrumb\",\"itemListElement\":[{\"@type\":\"ListItem\",\"position\":1,\"name\":\"Accueil\",\"item\":\"https:\/\/staging.livingstonintl.com\/fr\/\"},{\"@type\":\"ListItem\",\"position\":2,\"name\":\"Services\",\"item\":\"https:\/\/staging.livingstonintl.com\/fr\/services-fr\/\"},{\"@type\":\"ListItem\",\"position\":3,\"name\":\"Conseil en commerce\",\"item\":\"https:\/\/staging.livingstonintl.com\/fr\/services-fr\/conseil-en-commerce\/\"},{\"@type\":\"ListItem\",\"position\":4,\"name\":\"Conformit\u00e9 r\u00e9glementaire internationale\",\"item\":\"https:\/\/staging.livingstonintl.com\/fr\/services-fr\/conseil-en-commerce\/services-de-conformite-douaniere-internationale\/\"},{\"@type\":\"ListItem\",\"position\":5,\"name\":\"V\u00e9rifications et aide \u00e0 la v\u00e9rification\"}]},{\"@type\":\"WebSite\",\"@id\":\"https:\/\/staging.livingstonintl.com\/fr\/#website\",\"url\":\"https:\/\/staging.livingstonintl.com\/fr\/\",\"name\":\"Livingston International\",\"description\":\"Simplify Trade\",\"potentialAction\":[{\"@type\":\"SearchAction\",\"target\":{\"@type\":\"EntryPoint\",\"urlTemplate\":\"https:\/\/staging.livingstonintl.com\/fr\/?s={search_term_string}\"},\"query-input\":{\"@type\":\"PropertyValueSpecification\",\"valueRequired\":true,\"valueName\":\"search_term_string\"}}],\"inLanguage\":\"fr-FR\"}]}<\/script>\n<!-- \/ Yoast SEO plugin. -->","yoast_head_json":{"title":"V\u00e9rifications et aide \u00e0 la v\u00e9rification - Livingston International","robots":{"index":"noindex","follow":"follow","max-snippet":"max-snippet:-1","max-image-preview":"max-image-preview:large","max-video-preview":"max-video-preview:-1"},"og_locale":"fr_FR","og_type":"article","og_title":"V\u00e9rifications et aide \u00e0 la v\u00e9rification - Livingston International","og_description":"Les autorit\u00e9s douani\u00e8res font de plus en plus de v\u00e9rifications et imposent de plus en plus d\u2019amendes. Et elles ne se limitent pas aux importateurs importants ; elles vont aussi dans les petites entreprises qui disposent de moyens limit\u00e9s pour g\u00e9rer leur programme de conformit\u00e9, exercer un contr\u00f4le et recruter du personnel pour g\u00e9rer le... Read more &raquo;","og_url":"https:\/\/staging.livingstonintl.com\/fr\/services-fr\/conseil-en-commerce\/services-de-conformite-douaniere-internationale\/verifications-et-aide-a-la-verification\/","og_site_name":"Livingston International","article_publisher":"https:\/\/www.facebook.com\/livingstoninternational","article_modified_time":"2015-08-17T14:56:37+00:00","twitter_misc":{"Dur\u00e9e de lecture estim\u00e9e":"1 minute"},"schema":{"@context":"https:\/\/schema.org","@graph":[{"@type":"WebPage","@id":"https:\/\/staging.livingstonintl.com\/fr\/services-fr\/conseil-en-commerce\/services-de-conformite-douaniere-internationale\/verifications-et-aide-a-la-verification\/","url":"https:\/\/staging.livingstonintl.com\/fr\/services-fr\/conseil-en-commerce\/services-de-conformite-douaniere-internationale\/verifications-et-aide-a-la-verification\/","name":"V\u00e9rifications et aide \u00e0 la v\u00e9rification - Livingston International","isPartOf":{"@id":"https:\/\/staging.livingstonintl.com\/fr\/#website"},"datePublished":"2015-04-29T15:15:32+00:00","dateModified":"2015-08-17T14:56:37+00:00","breadcrumb":{"@id":"https:\/\/staging.livingstonintl.com\/fr\/services-fr\/conseil-en-commerce\/services-de-conformite-douaniere-internationale\/verifications-et-aide-a-la-verification\/#breadcrumb"},"inLanguage":"fr-FR","potentialAction":[{"@type":"ReadAction","target":["https:\/\/staging.livingstonintl.com\/fr\/services-fr\/conseil-en-commerce\/services-de-conformite-douaniere-internationale\/verifications-et-aide-a-la-verification\/"]}]},{"@type":"BreadcrumbList","@id":"https:\/\/staging.livingstonintl.com\/fr\/services-fr\/conseil-en-commerce\/services-de-conformite-douaniere-internationale\/verifications-et-aide-a-la-verification\/#breadcrumb","itemListElement":[{"@type":"ListItem","position":1,"name":"Accueil","item":"https:\/\/staging.livingstonintl.com\/fr\/"},{"@type":"ListItem","position":2,"name":"Services","item":"https:\/\/staging.livingstonintl.com\/fr\/services-fr\/"},{"@type":"ListItem","position":3,"name":"Conseil en commerce","item":"https:\/\/staging.livingstonintl.com\/fr\/services-fr\/conseil-en-commerce\/"},{"@type":"ListItem","position":4,"name":"Conformit\u00e9 r\u00e9glementaire internationale","item":"https:\/\/staging.livingstonintl.com\/fr\/services-fr\/conseil-en-commerce\/services-de-conformite-douaniere-internationale\/"},{"@type":"ListItem","position":5,"name":"V\u00e9rifications et aide \u00e0 la v\u00e9rification"}]},{"@type":"WebSite","@id":"https:\/\/staging.livingstonintl.com\/fr\/#website","url":"https:\/\/staging.livingstonintl.com\/fr\/","name":"Livingston International","description":"Simplify Trade","potentialAction":[{"@type":"SearchAction","target":{"@type":"EntryPoint","urlTemplate":"https:\/\/staging.livingstonintl.com\/fr\/?s={search_term_string}"},"query-input":{"@type":"PropertyValueSpecification","valueRequired":true,"valueName":"search_term_string"}}],"inLanguage":"fr-FR"}]}},"_links":{"self":[{"href":"https:\/\/staging.livingstonintl.com\/fr\/wp-json\/wp\/v2\/pages\/543","targetHints":{"allow":["GET"]}}],"collection":[{"href":"https:\/\/staging.livingstonintl.com\/fr\/wp-json\/wp\/v2\/pages"}],"about":[{"href":"https:\/\/staging.livingstonintl.com\/fr\/wp-json\/wp\/v2\/types\/page"}],"author":[{"embeddable":true,"href":"https:\/\/staging.livingstonintl.com\/fr\/wp-json\/wp\/v2\/users\/36"}],"replies":[{"embeddable":true,"href":"https:\/\/staging.livingstonintl.com\/fr\/wp-json\/wp\/v2\/comments?post=543"}],"version-history":[{"count":0,"href":"https:\/\/staging.livingstonintl.com\/fr\/wp-json\/wp\/v2\/pages\/543\/revisions"}],"up":[{"embeddable":true,"href":"https:\/\/staging.livingstonintl.com\/fr\/wp-json\/wp\/v2\/pages\/156"}],"wp:attachment":[{"href":"https:\/\/staging.livingstonintl.com\/fr\/wp-json\/wp\/v2\/media?parent=543"}],"curies":[{"name":"wp","href":"https:\/\/api.w.org\/{rel}","templated":true}]}}