{"id":541,"date":"2015-04-29T15:16:41","date_gmt":"2015-04-29T15:16:41","guid":{"rendered":"http:\/\/livingston.gocactus.com\/services\/trade-consulting\/international-trade-compliance\/trade-compliance-assessments\/"},"modified":"2015-09-02T16:09:27","modified_gmt":"2015-09-02T16:09:27","slug":"evaluation-de-la-conformite","status":"publish","type":"page","link":"https:\/\/staging.livingstonintl.com\/fr\/services-fr\/conseil-en-commerce\/services-de-conformite-douaniere-internationale\/evaluation-de-la-conformite\/","title":{"rendered":"\u00c9valuation de la conformit\u00e9"},"content":{"rendered":"<p>Notre service des \u00e9valuations de conformit\u00e9 fait une simulation de v\u00e9rification douani\u00e8re compl\u00e8te pour d\u00e9terminer dans quelle mesure vous respectez la r\u00e9glementation et \u00e0 quels risques vous \u00eates expos\u00e9. Ses recommandations vous aideront \u00e0 am\u00e9liorer vos processus internes, \u00e0 r\u00e9duire les risques de sanction et, parfois, \u00e0 saisir des occasions que vous auriez autrement manqu\u00e9es.<\/p>\n<p>Dans le cadre de cette \u00e9valuation, Livingston examine tour \u00e0 tour les processus suivants :<\/p>\n<p><strong>Classements tarifaires<\/strong> \u2013 Nous nous assurons que vos d\u00e9terminations de classement sont satisfaisantes et que vous g\u00e9rez ou validez correctement les classements indiqu\u00e9s par des tiers.<\/p>\n<p><strong>D\u00e9termination de la valeur en douane<\/strong> \u2013 Nous nous assurons que la fa\u00e7on dont vous proc\u00e9dez pour d\u00e9terminer la valeur en douane de vos marchandises est logique et nous examinons la documentation utilis\u00e9e, ainsi que la concordance de vos prix avec ceux de tiers, li\u00e9s ou non.<\/p>\n<p><strong>D\u00e9termination de l\u2019origine<\/strong> \u2013 Nous nous assurons que vos pistes de v\u00e9rification peuvent justifier les r\u00e9clamations sur l\u2019origine aux termes d\u2019accords de libre-\u00e9change tels que l\u2019AL\u00c9NA.<\/p>\n<p><strong>Tenue des dossiers<\/strong> \u2013 Nous examinons la fa\u00e7on dont vos dossiers sont tenus pour en d\u00e9celer les lacunes \u00e9ventuelles touchant la r\u00e9glementation douani\u00e8re ou les dispositions de la loi Sarbanes-Oxley.<\/p>\n<p><strong>R\u00e9duction des droits<\/strong> \u2013 Nous nous assurons que tous les programmes relatifs aux droits de douane sont convenablement administr\u00e9s.<\/p>\n<p>Les conclusions tir\u00e9es des examens de vos documents et de vos processus vous renseigneront sur la mesure dans laquelle votre entreprise se conforme \u00e0 la r\u00e9glementation douani\u00e8re et aux autres dispositions auxquelles elle est assujettie, ainsi que sur les risques auxquels elle est expos\u00e9e. Vous aurez la satisfaction de savoir que, en cas de v\u00e9rification, vous aurez d\u00e9j\u00e0 en place des mesures appropri\u00e9es pour y faire face, que vous avez combl\u00e9 les lacunes \u00e9ventuelles, et que vous \u00e9viterez les sanctions et des probl\u00e8mes de non-conformit\u00e9 \u00e0 la loi Sarbanes-Oxley. Et si nous d\u00e9couvrons des infractions graves \u00e0 la r\u00e9glementation, vous pourrez faire une divulgation volontaire.<\/p>\n<p>&nbsp;<\/p>\n","protected":false},"excerpt":{"rendered":"<p>Notre service des \u00e9valuations de conformit\u00e9 fait une simulation de v\u00e9rification douani\u00e8re compl\u00e8te pour d\u00e9terminer dans quelle mesure vous respectez la r\u00e9glementation et \u00e0 quels risques vous \u00eates expos\u00e9. Ses recommandations vous aideront \u00e0 am\u00e9liorer vos processus internes, \u00e0 r\u00e9duire les risques de sanction et, parfois, \u00e0 saisir des occasions que vous auriez autrement manqu\u00e9es.<a class=\"excerpt-read-more\" href=\"https:\/\/staging.livingstonintl.com\/fr\/services-fr\/conseil-en-commerce\/services-de-conformite-douaniere-internationale\/evaluation-de-la-conformite\/\" title=\"Read\u00c9valuation de la conformit\u00e9\">&#8230; Read more &raquo;<\/a><\/p>\n","protected":false},"author":36,"featured_media":0,"parent":156,"menu_order":380,"comment_status":"closed","ping_status":"closed","template":"","meta":{"_acf_changed":false,"footnotes":""},"class_list":["post-541","page","type-page","status-publish","hentry"],"acf":[],"yoast_head":"<!-- This site is optimized with the Yoast SEO plugin v26.8 - https:\/\/yoast.com\/product\/yoast-seo-wordpress\/ -->\n<title>\u00c9valuation de la conformit\u00e9 - Livingston International<\/title>\n<meta name=\"robots\" content=\"noindex, follow, max-snippet:-1, max-image-preview:large, max-video-preview:-1\" \/>\n<meta property=\"og:locale\" content=\"fr_FR\" \/>\n<meta property=\"og:type\" content=\"article\" \/>\n<meta property=\"og:title\" content=\"\u00c9valuation de la conformit\u00e9 - Livingston International\" \/>\n<meta property=\"og:description\" content=\"Notre service des \u00e9valuations de conformit\u00e9 fait une simulation de v\u00e9rification douani\u00e8re compl\u00e8te pour d\u00e9terminer dans quelle mesure vous respectez la r\u00e9glementation et \u00e0 quels risques vous \u00eates expos\u00e9. Ses recommandations vous aideront \u00e0 am\u00e9liorer vos processus internes, \u00e0 r\u00e9duire les risques de sanction et, parfois, \u00e0 saisir des occasions que vous auriez autrement manqu\u00e9es.... Read more &raquo;\" \/>\n<meta property=\"og:url\" content=\"https:\/\/staging.livingstonintl.com\/fr\/services-fr\/conseil-en-commerce\/services-de-conformite-douaniere-internationale\/evaluation-de-la-conformite\/\" \/>\n<meta property=\"og:site_name\" content=\"Livingston International\" \/>\n<meta property=\"article:publisher\" content=\"https:\/\/www.facebook.com\/livingstoninternational\" \/>\n<meta property=\"article:modified_time\" content=\"2015-09-02T16:09:27+00:00\" \/>\n<meta name=\"twitter:label1\" content=\"Dur\u00e9e de lecture estim\u00e9e\" \/>\n\t<meta name=\"twitter:data1\" content=\"2 minutes\" \/>\n<script type=\"application\/ld+json\" class=\"yoast-schema-graph\">{\"@context\":\"https:\/\/schema.org\",\"@graph\":[{\"@type\":\"WebPage\",\"@id\":\"https:\/\/staging.livingstonintl.com\/fr\/services-fr\/conseil-en-commerce\/services-de-conformite-douaniere-internationale\/evaluation-de-la-conformite\/\",\"url\":\"https:\/\/staging.livingstonintl.com\/fr\/services-fr\/conseil-en-commerce\/services-de-conformite-douaniere-internationale\/evaluation-de-la-conformite\/\",\"name\":\"\u00c9valuation de la conformit\u00e9 - Livingston International\",\"isPartOf\":{\"@id\":\"https:\/\/staging.livingstonintl.com\/fr\/#website\"},\"datePublished\":\"2015-04-29T15:16:41+00:00\",\"dateModified\":\"2015-09-02T16:09:27+00:00\",\"breadcrumb\":{\"@id\":\"https:\/\/staging.livingstonintl.com\/fr\/services-fr\/conseil-en-commerce\/services-de-conformite-douaniere-internationale\/evaluation-de-la-conformite\/#breadcrumb\"},\"inLanguage\":\"fr-FR\",\"potentialAction\":[{\"@type\":\"ReadAction\",\"target\":[\"https:\/\/staging.livingstonintl.com\/fr\/services-fr\/conseil-en-commerce\/services-de-conformite-douaniere-internationale\/evaluation-de-la-conformite\/\"]}]},{\"@type\":\"BreadcrumbList\",\"@id\":\"https:\/\/staging.livingstonintl.com\/fr\/services-fr\/conseil-en-commerce\/services-de-conformite-douaniere-internationale\/evaluation-de-la-conformite\/#breadcrumb\",\"itemListElement\":[{\"@type\":\"ListItem\",\"position\":1,\"name\":\"Accueil\",\"item\":\"https:\/\/staging.livingstonintl.com\/fr\/\"},{\"@type\":\"ListItem\",\"position\":2,\"name\":\"Services\",\"item\":\"https:\/\/staging.livingstonintl.com\/fr\/services-fr\/\"},{\"@type\":\"ListItem\",\"position\":3,\"name\":\"Conseil en commerce\",\"item\":\"https:\/\/staging.livingstonintl.com\/fr\/services-fr\/conseil-en-commerce\/\"},{\"@type\":\"ListItem\",\"position\":4,\"name\":\"Conformit\u00e9 r\u00e9glementaire internationale\",\"item\":\"https:\/\/staging.livingstonintl.com\/fr\/services-fr\/conseil-en-commerce\/services-de-conformite-douaniere-internationale\/\"},{\"@type\":\"ListItem\",\"position\":5,\"name\":\"\u00c9valuation de la conformit\u00e9\"}]},{\"@type\":\"WebSite\",\"@id\":\"https:\/\/staging.livingstonintl.com\/fr\/#website\",\"url\":\"https:\/\/staging.livingstonintl.com\/fr\/\",\"name\":\"Livingston International\",\"description\":\"Simplify Trade\",\"potentialAction\":[{\"@type\":\"SearchAction\",\"target\":{\"@type\":\"EntryPoint\",\"urlTemplate\":\"https:\/\/staging.livingstonintl.com\/fr\/?s={search_term_string}\"},\"query-input\":{\"@type\":\"PropertyValueSpecification\",\"valueRequired\":true,\"valueName\":\"search_term_string\"}}],\"inLanguage\":\"fr-FR\"}]}<\/script>\n<!-- \/ Yoast SEO plugin. -->","yoast_head_json":{"title":"\u00c9valuation de la conformit\u00e9 - Livingston International","robots":{"index":"noindex","follow":"follow","max-snippet":"max-snippet:-1","max-image-preview":"max-image-preview:large","max-video-preview":"max-video-preview:-1"},"og_locale":"fr_FR","og_type":"article","og_title":"\u00c9valuation de la conformit\u00e9 - Livingston International","og_description":"Notre service des \u00e9valuations de conformit\u00e9 fait une simulation de v\u00e9rification douani\u00e8re compl\u00e8te pour d\u00e9terminer dans quelle mesure vous respectez la r\u00e9glementation et \u00e0 quels risques vous \u00eates expos\u00e9. Ses recommandations vous aideront \u00e0 am\u00e9liorer vos processus internes, \u00e0 r\u00e9duire les risques de sanction et, parfois, \u00e0 saisir des occasions que vous auriez autrement manqu\u00e9es.... Read more &raquo;","og_url":"https:\/\/staging.livingstonintl.com\/fr\/services-fr\/conseil-en-commerce\/services-de-conformite-douaniere-internationale\/evaluation-de-la-conformite\/","og_site_name":"Livingston International","article_publisher":"https:\/\/www.facebook.com\/livingstoninternational","article_modified_time":"2015-09-02T16:09:27+00:00","twitter_misc":{"Dur\u00e9e de lecture estim\u00e9e":"2 minutes"},"schema":{"@context":"https:\/\/schema.org","@graph":[{"@type":"WebPage","@id":"https:\/\/staging.livingstonintl.com\/fr\/services-fr\/conseil-en-commerce\/services-de-conformite-douaniere-internationale\/evaluation-de-la-conformite\/","url":"https:\/\/staging.livingstonintl.com\/fr\/services-fr\/conseil-en-commerce\/services-de-conformite-douaniere-internationale\/evaluation-de-la-conformite\/","name":"\u00c9valuation de la conformit\u00e9 - Livingston International","isPartOf":{"@id":"https:\/\/staging.livingstonintl.com\/fr\/#website"},"datePublished":"2015-04-29T15:16:41+00:00","dateModified":"2015-09-02T16:09:27+00:00","breadcrumb":{"@id":"https:\/\/staging.livingstonintl.com\/fr\/services-fr\/conseil-en-commerce\/services-de-conformite-douaniere-internationale\/evaluation-de-la-conformite\/#breadcrumb"},"inLanguage":"fr-FR","potentialAction":[{"@type":"ReadAction","target":["https:\/\/staging.livingstonintl.com\/fr\/services-fr\/conseil-en-commerce\/services-de-conformite-douaniere-internationale\/evaluation-de-la-conformite\/"]}]},{"@type":"BreadcrumbList","@id":"https:\/\/staging.livingstonintl.com\/fr\/services-fr\/conseil-en-commerce\/services-de-conformite-douaniere-internationale\/evaluation-de-la-conformite\/#breadcrumb","itemListElement":[{"@type":"ListItem","position":1,"name":"Accueil","item":"https:\/\/staging.livingstonintl.com\/fr\/"},{"@type":"ListItem","position":2,"name":"Services","item":"https:\/\/staging.livingstonintl.com\/fr\/services-fr\/"},{"@type":"ListItem","position":3,"name":"Conseil en commerce","item":"https:\/\/staging.livingstonintl.com\/fr\/services-fr\/conseil-en-commerce\/"},{"@type":"ListItem","position":4,"name":"Conformit\u00e9 r\u00e9glementaire internationale","item":"https:\/\/staging.livingstonintl.com\/fr\/services-fr\/conseil-en-commerce\/services-de-conformite-douaniere-internationale\/"},{"@type":"ListItem","position":5,"name":"\u00c9valuation de la conformit\u00e9"}]},{"@type":"WebSite","@id":"https:\/\/staging.livingstonintl.com\/fr\/#website","url":"https:\/\/staging.livingstonintl.com\/fr\/","name":"Livingston International","description":"Simplify Trade","potentialAction":[{"@type":"SearchAction","target":{"@type":"EntryPoint","urlTemplate":"https:\/\/staging.livingstonintl.com\/fr\/?s={search_term_string}"},"query-input":{"@type":"PropertyValueSpecification","valueRequired":true,"valueName":"search_term_string"}}],"inLanguage":"fr-FR"}]}},"_links":{"self":[{"href":"https:\/\/staging.livingstonintl.com\/fr\/wp-json\/wp\/v2\/pages\/541","targetHints":{"allow":["GET"]}}],"collection":[{"href":"https:\/\/staging.livingstonintl.com\/fr\/wp-json\/wp\/v2\/pages"}],"about":[{"href":"https:\/\/staging.livingstonintl.com\/fr\/wp-json\/wp\/v2\/types\/page"}],"author":[{"embeddable":true,"href":"https:\/\/staging.livingstonintl.com\/fr\/wp-json\/wp\/v2\/users\/36"}],"replies":[{"embeddable":true,"href":"https:\/\/staging.livingstonintl.com\/fr\/wp-json\/wp\/v2\/comments?post=541"}],"version-history":[{"count":0,"href":"https:\/\/staging.livingstonintl.com\/fr\/wp-json\/wp\/v2\/pages\/541\/revisions"}],"up":[{"embeddable":true,"href":"https:\/\/staging.livingstonintl.com\/fr\/wp-json\/wp\/v2\/pages\/156"}],"wp:attachment":[{"href":"https:\/\/staging.livingstonintl.com\/fr\/wp-json\/wp\/v2\/media?parent=541"}],"curies":[{"name":"wp","href":"https:\/\/api.w.org\/{rel}","templated":true}]}}