{"id":53215,"date":"2021-03-11T08:19:01","date_gmt":"2021-03-11T13:19:01","guid":{"rendered":"https:\/\/staging.livingstonintl.com\/a-propos-de-nous\/terms-of-use-privacy\/declaration-de-confidentialite\/privacy-inquiry-form\/"},"modified":"2021-05-06T04:49:57","modified_gmt":"2021-05-06T08:49:57","slug":"demande-relative-a-la-confidentialite","status":"publish","type":"page","link":"https:\/\/staging.livingstonintl.com\/fr\/a-propos-de-nous\/terms-of-use-privacy\/declaration-de-confidentialite\/demande-relative-a-la-confidentialite\/","title":{"rendered":"Demande relative \u00e0 la confidentialit\u00e9 \u2013 Communiquez avec nous"},"content":{"rendered":"\n<p>Pour obtenir des renseignements sur nos pratiques et vos droits en mati\u00e8re de confidentialit\u00e9 concernant les renseignements personnels que nous recueillons et traitons, consultez notre <a href=\"\/fr\/a-propos-de-nous\/terms-of-use-privacy\/declaration-de-confidentialite\/\">Politique de confidentialit\u00e9<\/a>.<\/p>\n\n\n\n<p><strong>Pour soumettre une demande, veuillez remplir et soumettre le formulaire de contact ci-dessous.<\/strong> Les renseignements fournis dans ce formulaire seront utilis\u00e9s pour r\u00e9pondre \u00e0 votre demande, y compris la v\u00e9rification de votre identit\u00e9, l\u2019identification des renseignements personnels relatifs \u00e0 votre demande et la conservation de votre demande. Si nous avons besoin de renseignements suppl\u00e9mentaires de votre part pour v\u00e9rifier ou traiter votre demande, ou si nous avons besoin de pr\u00e9cisions sur la nature de votre demande, nous communiquerons avec vous \u00e0 l\u2019adresse courriel indiqu\u00e9e ci-dessous. Vous pouvez soumettre plusieurs formulaires.<\/p>\n","protected":false},"excerpt":{"rendered":"<p>Pour obtenir des renseignements sur nos pratiques et vos droits en mati\u00e8re de confidentialit\u00e9 concernant les renseignements personnels que nous recueillons et traitons, consultez notre Politique de confidentialit\u00e9. Pour soumettre une demande, veuillez remplir et soumettre le formulaire de contact ci-dessous. Les renseignements fournis dans ce formulaire seront utilis\u00e9s pour r\u00e9pondre \u00e0 votre demande, y<a class=\"excerpt-read-more\" href=\"https:\/\/staging.livingstonintl.com\/fr\/a-propos-de-nous\/terms-of-use-privacy\/declaration-de-confidentialite\/demande-relative-a-la-confidentialite\/\" title=\"ReadDemande relative \u00e0 la confidentialit\u00e9 \u2013 Communiquez avec nous\">&#8230; Read more &raquo;<\/a><\/p>\n","protected":false},"author":45,"featured_media":0,"parent":34513,"menu_order":21,"comment_status":"closed","ping_status":"closed","template":"template-page\/page-privacy-inquiry.php","meta":{"_acf_changed":false,"footnotes":""},"class_list":["post-53215","page","type-page","status-publish","hentry"],"acf":[],"yoast_head":"<!-- This site is optimized with the Yoast SEO plugin v26.8 - https:\/\/yoast.com\/product\/yoast-seo-wordpress\/ -->\n<title>Demande relative \u00e0 la confidentialit\u00e9 \u2013 Communiquez avec nous - Livingston International<\/title>\n<meta name=\"robots\" content=\"noindex, follow, max-snippet:-1, max-image-preview:large, max-video-preview:-1\" \/>\n<meta property=\"og:locale\" content=\"fr_FR\" \/>\n<meta property=\"og:type\" content=\"article\" \/>\n<meta property=\"og:title\" content=\"Demande relative \u00e0 la confidentialit\u00e9 \u2013 Communiquez avec nous - Livingston International\" \/>\n<meta property=\"og:description\" content=\"Pour obtenir des renseignements sur nos pratiques et vos droits en mati\u00e8re de confidentialit\u00e9 concernant les renseignements personnels que nous recueillons et traitons, consultez notre Politique de confidentialit\u00e9. Pour soumettre une demande, veuillez remplir et soumettre le formulaire de contact ci-dessous. Les renseignements fournis dans ce formulaire seront utilis\u00e9s pour r\u00e9pondre \u00e0 votre demande, y... Read more &raquo;\" \/>\n<meta property=\"og:url\" content=\"https:\/\/staging.livingstonintl.com\/fr\/a-propos-de-nous\/terms-of-use-privacy\/declaration-de-confidentialite\/demande-relative-a-la-confidentialite\/\" \/>\n<meta property=\"og:site_name\" content=\"Livingston International\" \/>\n<meta property=\"article:publisher\" content=\"https:\/\/www.facebook.com\/livingstoninternational\" \/>\n<meta property=\"article:modified_time\" content=\"2021-05-06T08:49:57+00:00\" \/>\n<meta name=\"twitter:label1\" content=\"Dur\u00e9e de lecture estim\u00e9e\" \/>\n\t<meta name=\"twitter:data1\" content=\"1 minute\" \/>\n<script type=\"application\/ld+json\" class=\"yoast-schema-graph\">{\"@context\":\"https:\/\/schema.org\",\"@graph\":[{\"@type\":\"WebPage\",\"@id\":\"https:\/\/staging.livingstonintl.com\/fr\/a-propos-de-nous\/terms-of-use-privacy\/declaration-de-confidentialite\/demande-relative-a-la-confidentialite\/\",\"url\":\"https:\/\/staging.livingstonintl.com\/fr\/a-propos-de-nous\/terms-of-use-privacy\/declaration-de-confidentialite\/demande-relative-a-la-confidentialite\/\",\"name\":\"Demande relative \u00e0 la confidentialit\u00e9 \u2013 Communiquez avec nous - Livingston International\",\"isPartOf\":{\"@id\":\"https:\/\/staging.livingstonintl.com\/fr\/#website\"},\"datePublished\":\"2021-03-11T13:19:01+00:00\",\"dateModified\":\"2021-05-06T08:49:57+00:00\",\"breadcrumb\":{\"@id\":\"https:\/\/staging.livingstonintl.com\/fr\/a-propos-de-nous\/terms-of-use-privacy\/declaration-de-confidentialite\/demande-relative-a-la-confidentialite\/#breadcrumb\"},\"inLanguage\":\"fr-FR\",\"potentialAction\":[{\"@type\":\"ReadAction\",\"target\":[\"https:\/\/staging.livingstonintl.com\/fr\/a-propos-de-nous\/terms-of-use-privacy\/declaration-de-confidentialite\/demande-relative-a-la-confidentialite\/\"]}]},{\"@type\":\"BreadcrumbList\",\"@id\":\"https:\/\/staging.livingstonintl.com\/fr\/a-propos-de-nous\/terms-of-use-privacy\/declaration-de-confidentialite\/demande-relative-a-la-confidentialite\/#breadcrumb\",\"itemListElement\":[{\"@type\":\"ListItem\",\"position\":1,\"name\":\"Accueil\",\"item\":\"https:\/\/staging.livingstonintl.com\/fr\/\"},{\"@type\":\"ListItem\",\"position\":2,\"name\":\"\u00c0 propos de nous\",\"item\":\"https:\/\/staging.livingstonintl.com\/fr\/a-propos-de-nous\/\"},{\"@type\":\"ListItem\",\"position\":3,\"name\":\"Conditions d\u2019utilisation\",\"item\":\"https:\/\/staging.livingstonintl.com\/fr\/a-propos-de-nous\/terms-of-use-privacy\/\"},{\"@type\":\"ListItem\",\"position\":4,\"name\":\"Politique de confidentialit\u00e9\",\"item\":\"https:\/\/staging.livingstonintl.com\/fr\/a-propos-de-nous\/terms-of-use-privacy\/declaration-de-confidentialite\/\"},{\"@type\":\"ListItem\",\"position\":5,\"name\":\"Demande relative \u00e0 la confidentialit\u00e9 \u2013 Communiquez avec nous\"}]},{\"@type\":\"WebSite\",\"@id\":\"https:\/\/staging.livingstonintl.com\/fr\/#website\",\"url\":\"https:\/\/staging.livingstonintl.com\/fr\/\",\"name\":\"Livingston International\",\"description\":\"Simplify Trade\",\"potentialAction\":[{\"@type\":\"SearchAction\",\"target\":{\"@type\":\"EntryPoint\",\"urlTemplate\":\"https:\/\/staging.livingstonintl.com\/fr\/?s={search_term_string}\"},\"query-input\":{\"@type\":\"PropertyValueSpecification\",\"valueRequired\":true,\"valueName\":\"search_term_string\"}}],\"inLanguage\":\"fr-FR\"}]}<\/script>\n<!-- \/ Yoast SEO plugin. -->","yoast_head_json":{"title":"Demande relative \u00e0 la confidentialit\u00e9 \u2013 Communiquez avec nous - Livingston International","robots":{"index":"noindex","follow":"follow","max-snippet":"max-snippet:-1","max-image-preview":"max-image-preview:large","max-video-preview":"max-video-preview:-1"},"og_locale":"fr_FR","og_type":"article","og_title":"Demande relative \u00e0 la confidentialit\u00e9 \u2013 Communiquez avec nous - Livingston International","og_description":"Pour obtenir des renseignements sur nos pratiques et vos droits en mati\u00e8re de confidentialit\u00e9 concernant les renseignements personnels que nous recueillons et traitons, consultez notre Politique de confidentialit\u00e9. Pour soumettre une demande, veuillez remplir et soumettre le formulaire de contact ci-dessous. Les renseignements fournis dans ce formulaire seront utilis\u00e9s pour r\u00e9pondre \u00e0 votre demande, y... Read more &raquo;","og_url":"https:\/\/staging.livingstonintl.com\/fr\/a-propos-de-nous\/terms-of-use-privacy\/declaration-de-confidentialite\/demande-relative-a-la-confidentialite\/","og_site_name":"Livingston International","article_publisher":"https:\/\/www.facebook.com\/livingstoninternational","article_modified_time":"2021-05-06T08:49:57+00:00","twitter_misc":{"Dur\u00e9e de lecture estim\u00e9e":"1 minute"},"schema":{"@context":"https:\/\/schema.org","@graph":[{"@type":"WebPage","@id":"https:\/\/staging.livingstonintl.com\/fr\/a-propos-de-nous\/terms-of-use-privacy\/declaration-de-confidentialite\/demande-relative-a-la-confidentialite\/","url":"https:\/\/staging.livingstonintl.com\/fr\/a-propos-de-nous\/terms-of-use-privacy\/declaration-de-confidentialite\/demande-relative-a-la-confidentialite\/","name":"Demande relative \u00e0 la confidentialit\u00e9 \u2013 Communiquez avec nous - Livingston International","isPartOf":{"@id":"https:\/\/staging.livingstonintl.com\/fr\/#website"},"datePublished":"2021-03-11T13:19:01+00:00","dateModified":"2021-05-06T08:49:57+00:00","breadcrumb":{"@id":"https:\/\/staging.livingstonintl.com\/fr\/a-propos-de-nous\/terms-of-use-privacy\/declaration-de-confidentialite\/demande-relative-a-la-confidentialite\/#breadcrumb"},"inLanguage":"fr-FR","potentialAction":[{"@type":"ReadAction","target":["https:\/\/staging.livingstonintl.com\/fr\/a-propos-de-nous\/terms-of-use-privacy\/declaration-de-confidentialite\/demande-relative-a-la-confidentialite\/"]}]},{"@type":"BreadcrumbList","@id":"https:\/\/staging.livingstonintl.com\/fr\/a-propos-de-nous\/terms-of-use-privacy\/declaration-de-confidentialite\/demande-relative-a-la-confidentialite\/#breadcrumb","itemListElement":[{"@type":"ListItem","position":1,"name":"Accueil","item":"https:\/\/staging.livingstonintl.com\/fr\/"},{"@type":"ListItem","position":2,"name":"\u00c0 propos de nous","item":"https:\/\/staging.livingstonintl.com\/fr\/a-propos-de-nous\/"},{"@type":"ListItem","position":3,"name":"Conditions d\u2019utilisation","item":"https:\/\/staging.livingstonintl.com\/fr\/a-propos-de-nous\/terms-of-use-privacy\/"},{"@type":"ListItem","position":4,"name":"Politique de confidentialit\u00e9","item":"https:\/\/staging.livingstonintl.com\/fr\/a-propos-de-nous\/terms-of-use-privacy\/declaration-de-confidentialite\/"},{"@type":"ListItem","position":5,"name":"Demande relative \u00e0 la confidentialit\u00e9 \u2013 Communiquez avec nous"}]},{"@type":"WebSite","@id":"https:\/\/staging.livingstonintl.com\/fr\/#website","url":"https:\/\/staging.livingstonintl.com\/fr\/","name":"Livingston International","description":"Simplify Trade","potentialAction":[{"@type":"SearchAction","target":{"@type":"EntryPoint","urlTemplate":"https:\/\/staging.livingstonintl.com\/fr\/?s={search_term_string}"},"query-input":{"@type":"PropertyValueSpecification","valueRequired":true,"valueName":"search_term_string"}}],"inLanguage":"fr-FR"}]}},"_links":{"self":[{"href":"https:\/\/staging.livingstonintl.com\/fr\/wp-json\/wp\/v2\/pages\/53215","targetHints":{"allow":["GET"]}}],"collection":[{"href":"https:\/\/staging.livingstonintl.com\/fr\/wp-json\/wp\/v2\/pages"}],"about":[{"href":"https:\/\/staging.livingstonintl.com\/fr\/wp-json\/wp\/v2\/types\/page"}],"author":[{"embeddable":true,"href":"https:\/\/staging.livingstonintl.com\/fr\/wp-json\/wp\/v2\/users\/45"}],"replies":[{"embeddable":true,"href":"https:\/\/staging.livingstonintl.com\/fr\/wp-json\/wp\/v2\/comments?post=53215"}],"version-history":[{"count":2,"href":"https:\/\/staging.livingstonintl.com\/fr\/wp-json\/wp\/v2\/pages\/53215\/revisions"}],"predecessor-version":[{"id":53227,"href":"https:\/\/staging.livingstonintl.com\/fr\/wp-json\/wp\/v2\/pages\/53215\/revisions\/53227"}],"up":[{"embeddable":true,"href":"https:\/\/staging.livingstonintl.com\/fr\/wp-json\/wp\/v2\/pages\/34513"}],"wp:attachment":[{"href":"https:\/\/staging.livingstonintl.com\/fr\/wp-json\/wp\/v2\/media?parent=53215"}],"curies":[{"name":"wp","href":"https:\/\/api.w.org\/{rel}","templated":true}]}}