{"id":50640,"date":"2020-06-29T10:35:36","date_gmt":"2020-06-29T14:35:36","guid":{"rendered":"\/?page_id=50640"},"modified":"2020-06-29T10:35:36","modified_gmt":"2020-06-29T14:35:36","slug":"robert-closner","status":"publish","type":"page","link":"https:\/\/staging.livingstonintl.com\/fr\/a-propos-de-nous\/executive-team\/robert-closner\/","title":{"rendered":"Robert Closner"},"content":{"rendered":"<p><strong>Robert\u00a0Closner<br \/>\n<\/strong>Vice-pr\u00e9sident principal et avocat g\u00e9n\u00e9ral<\/p>\n<p>En tant que vice-pr\u00e9sident principal, avocat g\u00e9n\u00e9ral, Robert supervise les affaires juridiques de Livingston en se concentrant sp\u00e9cifiquement sur la gestion des contrats, les litiges, la conformit\u00e9 en mati\u00e8re de vie priv\u00e9e, les questions de gouvernance de l\u2019entreprise ainsi que les fusions et les acquisitions. Robert applique une mentalit\u00e9 commerciale \u00e0 ses conseils juridiques, en travaillant en \u00e9troite collaboration avec l\u2019\u00e9quipe de direction de l\u2019entreprise, afin d\u2019assurer sa capacit\u00e9 \u00e0 cro\u00eetre tout en s\u2019adaptant \u00e0 l\u2019\u00e9volution des d\u00e9fis de l\u2019industrie.<\/p>\n<p>Robert s\u2019est joint \u00e0 Livingston en f\u00e9vrier 2020, apportant 20 ans d\u2019exp\u00e9rience juridique, dont plus de 15 en tant que conseiller interne, g\u00e9rant des enjeux mondiaux et juridiques au sein de l\u2019industrie mini\u00e8re. Cela comprend son r\u00f4le d\u2019avocat g\u00e9n\u00e9ral d\u2019une soci\u00e9t\u00e9 mini\u00e8re junior en Australie occidentale et vice-pr\u00e9sident, avocat g\u00e9n\u00e9ral, pour la plus grande entreprise de services miniers en bourse au monde.<\/p>\n<p>Robert est titulaire d\u2019un doctorat en jurisprudence de l\u2019Universit\u00e9 Queen\u2019s et d\u2019un baccalaur\u00e9at \u00e8s arts de l\u2019Universit\u00e9 McGill.<\/p>\n","protected":false},"excerpt":{"rendered":"<p>Robert\u00a0Closner Vice-pr\u00e9sident principal et avocat g\u00e9n\u00e9ral En tant que vice-pr\u00e9sident principal, avocat g\u00e9n\u00e9ral, Robert supervise les affaires juridiques de Livingston en se concentrant sp\u00e9cifiquement sur la gestion des contrats, les litiges, la conformit\u00e9 en mati\u00e8re de vie priv\u00e9e, les questions de gouvernance de l\u2019entreprise ainsi que les fusions et les acquisitions. Robert applique une mentalit\u00e9<a class=\"excerpt-read-more\" href=\"https:\/\/staging.livingstonintl.com\/fr\/a-propos-de-nous\/executive-team\/robert-closner\/\" title=\"ReadRobert Closner\">&#8230; Read more &raquo;<\/a><\/p>\n","protected":false},"author":36,"featured_media":0,"parent":354,"menu_order":24,"comment_status":"closed","ping_status":"closed","template":"","meta":{"_acf_changed":false,"footnotes":""},"class_list":["post-50640","page","type-page","status-publish","hentry"],"acf":[],"yoast_head":"<!-- This site is optimized with the Yoast SEO plugin v26.8 - https:\/\/yoast.com\/product\/yoast-seo-wordpress\/ -->\n<title>Robert Closner - Livingston International<\/title>\n<meta name=\"robots\" content=\"noindex, follow, max-snippet:-1, max-image-preview:large, max-video-preview:-1\" \/>\n<meta property=\"og:locale\" content=\"fr_FR\" \/>\n<meta property=\"og:type\" content=\"article\" \/>\n<meta property=\"og:title\" content=\"Robert Closner - Livingston International\" \/>\n<meta property=\"og:description\" content=\"Robert\u00a0Closner Vice-pr\u00e9sident principal et avocat g\u00e9n\u00e9ral En tant que vice-pr\u00e9sident principal, avocat g\u00e9n\u00e9ral, Robert supervise les affaires juridiques de Livingston en se concentrant sp\u00e9cifiquement sur la gestion des contrats, les litiges, la conformit\u00e9 en mati\u00e8re de vie priv\u00e9e, les questions de gouvernance de l\u2019entreprise ainsi que les fusions et les acquisitions. Robert applique une mentalit\u00e9... Read more &raquo;\" \/>\n<meta property=\"og:url\" content=\"https:\/\/staging.livingstonintl.com\/fr\/a-propos-de-nous\/executive-team\/robert-closner\/\" \/>\n<meta property=\"og:site_name\" content=\"Livingston International\" \/>\n<meta property=\"article:publisher\" content=\"https:\/\/www.facebook.com\/livingstoninternational\" \/>\n<meta name=\"twitter:label1\" content=\"Dur\u00e9e de lecture estim\u00e9e\" \/>\n\t<meta name=\"twitter:data1\" content=\"1 minute\" \/>\n<script type=\"application\/ld+json\" class=\"yoast-schema-graph\">{\"@context\":\"https:\/\/schema.org\",\"@graph\":[{\"@type\":\"WebPage\",\"@id\":\"https:\/\/staging.livingstonintl.com\/fr\/a-propos-de-nous\/executive-team\/robert-closner\/\",\"url\":\"https:\/\/staging.livingstonintl.com\/fr\/a-propos-de-nous\/executive-team\/robert-closner\/\",\"name\":\"Robert Closner - Livingston International\",\"isPartOf\":{\"@id\":\"https:\/\/staging.livingstonintl.com\/fr\/#website\"},\"datePublished\":\"2020-06-29T14:35:36+00:00\",\"breadcrumb\":{\"@id\":\"https:\/\/staging.livingstonintl.com\/fr\/a-propos-de-nous\/executive-team\/robert-closner\/#breadcrumb\"},\"inLanguage\":\"fr-FR\",\"potentialAction\":[{\"@type\":\"ReadAction\",\"target\":[\"https:\/\/staging.livingstonintl.com\/fr\/a-propos-de-nous\/executive-team\/robert-closner\/\"]}]},{\"@type\":\"BreadcrumbList\",\"@id\":\"https:\/\/staging.livingstonintl.com\/fr\/a-propos-de-nous\/executive-team\/robert-closner\/#breadcrumb\",\"itemListElement\":[{\"@type\":\"ListItem\",\"position\":1,\"name\":\"Accueil\",\"item\":\"https:\/\/staging.livingstonintl.com\/fr\/\"},{\"@type\":\"ListItem\",\"position\":2,\"name\":\"\u00c0 propos de nous\",\"item\":\"https:\/\/staging.livingstonintl.com\/fr\/a-propos-de-nous\/\"},{\"@type\":\"ListItem\",\"position\":3,\"name\":\"Direction\",\"item\":\"https:\/\/staging.livingstonintl.com\/fr\/a-propos-de-nous\/executive-team\/\"},{\"@type\":\"ListItem\",\"position\":4,\"name\":\"Robert Closner\"}]},{\"@type\":\"WebSite\",\"@id\":\"https:\/\/staging.livingstonintl.com\/fr\/#website\",\"url\":\"https:\/\/staging.livingstonintl.com\/fr\/\",\"name\":\"Livingston International\",\"description\":\"Simplify Trade\",\"potentialAction\":[{\"@type\":\"SearchAction\",\"target\":{\"@type\":\"EntryPoint\",\"urlTemplate\":\"https:\/\/staging.livingstonintl.com\/fr\/?s={search_term_string}\"},\"query-input\":{\"@type\":\"PropertyValueSpecification\",\"valueRequired\":true,\"valueName\":\"search_term_string\"}}],\"inLanguage\":\"fr-FR\"}]}<\/script>\n<!-- \/ Yoast SEO plugin. -->","yoast_head_json":{"title":"Robert Closner - Livingston International","robots":{"index":"noindex","follow":"follow","max-snippet":"max-snippet:-1","max-image-preview":"max-image-preview:large","max-video-preview":"max-video-preview:-1"},"og_locale":"fr_FR","og_type":"article","og_title":"Robert Closner - Livingston International","og_description":"Robert\u00a0Closner Vice-pr\u00e9sident principal et avocat g\u00e9n\u00e9ral En tant que vice-pr\u00e9sident principal, avocat g\u00e9n\u00e9ral, Robert supervise les affaires juridiques de Livingston en se concentrant sp\u00e9cifiquement sur la gestion des contrats, les litiges, la conformit\u00e9 en mati\u00e8re de vie priv\u00e9e, les questions de gouvernance de l\u2019entreprise ainsi que les fusions et les acquisitions. Robert applique une mentalit\u00e9... Read more &raquo;","og_url":"https:\/\/staging.livingstonintl.com\/fr\/a-propos-de-nous\/executive-team\/robert-closner\/","og_site_name":"Livingston International","article_publisher":"https:\/\/www.facebook.com\/livingstoninternational","twitter_misc":{"Dur\u00e9e de lecture estim\u00e9e":"1 minute"},"schema":{"@context":"https:\/\/schema.org","@graph":[{"@type":"WebPage","@id":"https:\/\/staging.livingstonintl.com\/fr\/a-propos-de-nous\/executive-team\/robert-closner\/","url":"https:\/\/staging.livingstonintl.com\/fr\/a-propos-de-nous\/executive-team\/robert-closner\/","name":"Robert Closner - Livingston International","isPartOf":{"@id":"https:\/\/staging.livingstonintl.com\/fr\/#website"},"datePublished":"2020-06-29T14:35:36+00:00","breadcrumb":{"@id":"https:\/\/staging.livingstonintl.com\/fr\/a-propos-de-nous\/executive-team\/robert-closner\/#breadcrumb"},"inLanguage":"fr-FR","potentialAction":[{"@type":"ReadAction","target":["https:\/\/staging.livingstonintl.com\/fr\/a-propos-de-nous\/executive-team\/robert-closner\/"]}]},{"@type":"BreadcrumbList","@id":"https:\/\/staging.livingstonintl.com\/fr\/a-propos-de-nous\/executive-team\/robert-closner\/#breadcrumb","itemListElement":[{"@type":"ListItem","position":1,"name":"Accueil","item":"https:\/\/staging.livingstonintl.com\/fr\/"},{"@type":"ListItem","position":2,"name":"\u00c0 propos de nous","item":"https:\/\/staging.livingstonintl.com\/fr\/a-propos-de-nous\/"},{"@type":"ListItem","position":3,"name":"Direction","item":"https:\/\/staging.livingstonintl.com\/fr\/a-propos-de-nous\/executive-team\/"},{"@type":"ListItem","position":4,"name":"Robert Closner"}]},{"@type":"WebSite","@id":"https:\/\/staging.livingstonintl.com\/fr\/#website","url":"https:\/\/staging.livingstonintl.com\/fr\/","name":"Livingston International","description":"Simplify Trade","potentialAction":[{"@type":"SearchAction","target":{"@type":"EntryPoint","urlTemplate":"https:\/\/staging.livingstonintl.com\/fr\/?s={search_term_string}"},"query-input":{"@type":"PropertyValueSpecification","valueRequired":true,"valueName":"search_term_string"}}],"inLanguage":"fr-FR"}]}},"_links":{"self":[{"href":"https:\/\/staging.livingstonintl.com\/fr\/wp-json\/wp\/v2\/pages\/50640","targetHints":{"allow":["GET"]}}],"collection":[{"href":"https:\/\/staging.livingstonintl.com\/fr\/wp-json\/wp\/v2\/pages"}],"about":[{"href":"https:\/\/staging.livingstonintl.com\/fr\/wp-json\/wp\/v2\/types\/page"}],"author":[{"embeddable":true,"href":"https:\/\/staging.livingstonintl.com\/fr\/wp-json\/wp\/v2\/users\/36"}],"replies":[{"embeddable":true,"href":"https:\/\/staging.livingstonintl.com\/fr\/wp-json\/wp\/v2\/comments?post=50640"}],"version-history":[{"count":0,"href":"https:\/\/staging.livingstonintl.com\/fr\/wp-json\/wp\/v2\/pages\/50640\/revisions"}],"up":[{"embeddable":true,"href":"https:\/\/staging.livingstonintl.com\/fr\/wp-json\/wp\/v2\/pages\/354"}],"wp:attachment":[{"href":"https:\/\/staging.livingstonintl.com\/fr\/wp-json\/wp\/v2\/media?parent=50640"}],"curies":[{"name":"wp","href":"https:\/\/api.w.org\/{rel}","templated":true}]}}