{"id":50,"date":"2015-01-27T01:20:21","date_gmt":"2015-01-27T01:20:21","guid":{"rendered":"http:\/\/livingston.gocactus.com\/home-2\/"},"modified":"2022-04-19T18:04:06","modified_gmt":"2022-04-19T22:04:06","slug":"accueil","status":"publish","type":"page","link":"https:\/\/staging.livingstonintl.com\/fr\/","title":{"rendered":"Accueil"},"content":{"rendered":"\n\n\n<!-- MASTHEAD: MAIN -->\n<section id=\"masthead-block\" class=\"lii-block lii-block-masthead\">\n\n\t<div class=\"masthead-background hide-for-small-only\">\n\t\t\t<\/div>\n\n\t<div class=\"masthead-container\" style=\"background: linear-gradient(90deg, rgba(0, 14, 28, 0.6) 0%, rgba(49, 70, 87, 0) 80%);\">\n\t\t<div class=\"grid-container\">\n\t\t\t<div id=\"mastheadContent\" class=\"masthead-content no-padding-bottom\" style=\"filter: drop-shadow(0px 0px 40px rgba(0, 0, 0, 0.5))\">\n\t\t\t\t<div class=\"grid-x masthead-breadcrumbs\">\n\t\t\t\t\t<div class=\"small-12 cell\">\n\t\t\t\t\t\t\n\n\t<section class=\"breadcrumbs hide-for-small-only clearfix\" itemprop=\"breadcrumb\">\n\t\t<span property=\"itemListElement\" typeof=\"ListItem\">\n\t\t\t\t\t<a property=\"item\" typeof=\"WebPage\" title=\"Aller \u00e0 Soci\u00e9t\u00e9 internationale Livingston.\" href=\"https:\/\/staging.livingstonintl.com\/fr\/\" class=\"home\"><span property=\"name\">Accueil<\/span><\/a>&nbsp;\/&nbsp;\n\t\t\t\t<meta property=\"position\" content=\"1\"><\/span>\n\t\t<\/section>\n\t\t\t\t\t<\/div>\n\t\t\t\t<\/div>\n\t\t\t\t<div class=\"grid-x\">\n\t\t\t\t\t<div class=\"small-12 cell\">\n\t\t\t\t\t\t<h1 style=\"filter: drop-shadow(0px 0px 40px rgba(0, 0, 0, 0.5)); width:calc(1em * 10.7);\">\n\t\t\t\t\t\t\t<span class=\"white\">UN COURTIER EN DOUANE <\/span>\n\t\t\t\t\t\t\t<span class=\"orange\">QUI TIENT SES PROMESSES.<\/span>\n\t\t\t\t\t\t<\/h1>\n\t\t\t\t\t<\/div>\n\t\t\t\t<\/div>\n\t\t\t\t<div class=\"grid-x\">\n\t\t\t\t\t<div class=\"small-12 cell\">\n\t\t\t\t\t\t<p style=\"width:calc(1em * 25);\">\n\t\t\t\t\t\t\tNe vous inqui\u00e9tez pas des d\u00e9tails. Nous nous occuperons de tout. Les documents. Le d\u00e9douanement frontalier. Les droits de douanes et taxes. Nous tenons nos promesses pour que vous excelliez. \t\t\t\t\t\t<\/p>\n\t\t\t\t\t\t<div class=\"buttons\"><a href=\"\/fr\/obtenir-un-devis\/\" class=\"button arrow orange\">Obtenir un devis<\/a><\/div>\t\t\t\t\t<\/div>\n\t\t\t\t<\/div>\n\t\t\t<\/div>\n\t\t<\/div>\n\t<\/div>\n\n\t<div class=\"masthead-background show-for-small-only\">\n\t\t\t<\/div>\n\n\t<!--\t\t<div class=\"masthead-breadcrumbs\">-->\n<!--\t\t\t<div class=\"grid-container\">-->\n<!--\t\t\t\t<div class=\"grid-x\">-->\n<!--\t\t\t\t\t<div class=\"small-12 cell\">-->\n<!--\t\t\t\t\t\t--><!--\t\t\t\t\t<\/div>-->\n<!--\t\t\t\t<\/div>-->\n<!--\t\t\t<\/div>-->\n<!--\t\t<\/div>-->\n\t\n<\/section>\n<!-- \/ MASTHEAD: MAIN -->\n\n\n\n<!-- HERO BLOCKS -->\n<div id=\"hero-block_603e8115137bb\" class=\"lii-block lii-block-hero \">\n\n\t<section class=\"grid-container\">\n\t\t<div class=\"grid-x grid-padding-x\">\n\t\t\t<h2 class=\"visually-hidden\">Mises en \u00e9vidence<\/h2>\n\t\t\t\t\t\t<div class=\"cell small-12 medium-auto\">\n\t\t\t\t<h3>Nous sommes avec vous.<\/h3><p>Avec Livingston, vous avez un alli\u00e9 qui peut vous aider \u00e0 ouvrir le monde. Nous sommes l\u00e0 partout o\u00f9 vous voulez prendre de l\u2019expansion.<\/p>\t\t\t<\/div>\n\t\t\t\t\t\t<div class=\"cell small-12 medium-auto\">\n\t\t\t\t<h3>Ne laissez pas d\u2019argent \u00e0 la fronti\u00e8re.<\/h3><p>Les droits de douanes et taxes ont une incidence sur le bilan. Puisque Livingston s\u2019occupe de d\u00e9terminer vos obligations et vos possibilit\u00e9s, votre argent est prot\u00e9g\u00e9. <\/p>\t\t\t<\/div>\n\t\t\t\t\t\t<div class=\"cell small-12 medium-auto\">\n\t\t\t\t<h3>Soyez pr\u00eat \u00e0 tout.<\/h3><p>Faites de la pr\u00e9paration une routine. Nous nous occupons de la classification, des \u00e9ch\u00e9ances et des dossiers. Vous \u00eates donc toujours pr\u00eat si les douanes vous appellent.<\/p>\t\t\t<\/div>\n\t\t\t\t\t<\/div>\n\t<\/section>\n\n\t\n\t\n<\/div>\n<!-- \/ HERO BLOCKS -->\n\n<div class=\"angle-border up\"><\/div>\n\n\n","protected":false},"excerpt":{"rendered":"","protected":false},"author":36,"featured_media":0,"parent":0,"menu_order":257,"comment_status":"closed","ping_status":"closed","template":"template-page\/page-home-2021-fr.php","meta":{"_acf_changed":false,"footnotes":""},"class_list":["post-50","page","type-page","status-publish","hentry"],"acf":[],"yoast_head":"<!-- This site is optimized with the Yoast SEO plugin v26.8 - https:\/\/yoast.com\/product\/yoast-seo-wordpress\/ -->\n<title>Accueil - Livingston International<\/title>\n<meta name=\"description\" content=\"La Soci\u00e9t\u00e9 internationale Livingston est l\u2019un des premiers fournisseurs nord-am\u00e9ricains de services de courtage en douane, de transport et de logistique int\u00e9gr\u00e9e.\" \/>\n<meta name=\"robots\" content=\"noindex, follow, max-snippet:-1, max-image-preview:large, max-video-preview:-1\" \/>\n<meta property=\"og:locale\" content=\"fr_FR\" \/>\n<meta property=\"og:type\" content=\"article\" \/>\n<meta property=\"og:title\" content=\"Accueil - Livingston International\" \/>\n<meta property=\"og:description\" content=\"La Soci\u00e9t\u00e9 internationale Livingston est l\u2019un des premiers fournisseurs nord-am\u00e9ricains de services de courtage en douane, de transport et de logistique int\u00e9gr\u00e9e.\" \/>\n<meta property=\"og:url\" content=\"https:\/\/staging.livingstonintl.com\/fr\/\" \/>\n<meta property=\"og:site_name\" content=\"Livingston International\" \/>\n<meta property=\"article:publisher\" content=\"https:\/\/www.facebook.com\/livingstoninternational\" \/>\n<meta property=\"article:modified_time\" content=\"2022-04-19T22:04:06+00:00\" \/>\n<script type=\"application\/ld+json\" class=\"yoast-schema-graph\">{\"@context\":\"https:\/\/schema.org\",\"@graph\":[{\"@type\":\"WebPage\",\"@id\":\"https:\/\/staging.livingstonintl.com\/fr\/\",\"url\":\"https:\/\/staging.livingstonintl.com\/fr\/\",\"name\":\"Accueil - Livingston International\",\"isPartOf\":{\"@id\":\"https:\/\/staging.livingstonintl.com\/fr\/#website\"},\"datePublished\":\"2015-01-27T01:20:21+00:00\",\"dateModified\":\"2022-04-19T22:04:06+00:00\",\"description\":\"La Soci\u00e9t\u00e9 internationale Livingston est l\u2019un des premiers fournisseurs nord-am\u00e9ricains de services de courtage en douane, de transport et de logistique int\u00e9gr\u00e9e.\",\"breadcrumb\":{\"@id\":\"https:\/\/staging.livingstonintl.com\/fr\/#breadcrumb\"},\"inLanguage\":\"fr-FR\",\"potentialAction\":[{\"@type\":\"ReadAction\",\"target\":[\"https:\/\/staging.livingstonintl.com\/fr\/\"]}]},{\"@type\":\"BreadcrumbList\",\"@id\":\"https:\/\/staging.livingstonintl.com\/fr\/#breadcrumb\",\"itemListElement\":[{\"@type\":\"ListItem\",\"position\":1,\"name\":\"Accueil\",\"item\":\"https:\/\/staging.livingstonintl.com\/fr\/\"},{\"@type\":\"ListItem\",\"position\":2,\"name\":\"Accueil\"}]},{\"@type\":\"WebSite\",\"@id\":\"https:\/\/staging.livingstonintl.com\/fr\/#website\",\"url\":\"https:\/\/staging.livingstonintl.com\/fr\/\",\"name\":\"Livingston International\",\"description\":\"Simplify Trade\",\"potentialAction\":[{\"@type\":\"SearchAction\",\"target\":{\"@type\":\"EntryPoint\",\"urlTemplate\":\"https:\/\/staging.livingstonintl.com\/fr\/?s={search_term_string}\"},\"query-input\":{\"@type\":\"PropertyValueSpecification\",\"valueRequired\":true,\"valueName\":\"search_term_string\"}}],\"inLanguage\":\"fr-FR\"}]}<\/script>\n<!-- \/ Yoast SEO plugin. -->","yoast_head_json":{"title":"Accueil - Livingston International","description":"La Soci\u00e9t\u00e9 internationale Livingston est l\u2019un des premiers fournisseurs nord-am\u00e9ricains de services de courtage en douane, de transport et de logistique int\u00e9gr\u00e9e.","robots":{"index":"noindex","follow":"follow","max-snippet":"max-snippet:-1","max-image-preview":"max-image-preview:large","max-video-preview":"max-video-preview:-1"},"og_locale":"fr_FR","og_type":"article","og_title":"Accueil - Livingston International","og_description":"La Soci\u00e9t\u00e9 internationale Livingston est l\u2019un des premiers fournisseurs nord-am\u00e9ricains de services de courtage en douane, de transport et de logistique int\u00e9gr\u00e9e.","og_url":"https:\/\/staging.livingstonintl.com\/fr\/","og_site_name":"Livingston International","article_publisher":"https:\/\/www.facebook.com\/livingstoninternational","article_modified_time":"2022-04-19T22:04:06+00:00","schema":{"@context":"https:\/\/schema.org","@graph":[{"@type":"WebPage","@id":"https:\/\/staging.livingstonintl.com\/fr\/","url":"https:\/\/staging.livingstonintl.com\/fr\/","name":"Accueil - Livingston International","isPartOf":{"@id":"https:\/\/staging.livingstonintl.com\/fr\/#website"},"datePublished":"2015-01-27T01:20:21+00:00","dateModified":"2022-04-19T22:04:06+00:00","description":"La Soci\u00e9t\u00e9 internationale Livingston est l\u2019un des premiers fournisseurs nord-am\u00e9ricains de services de courtage en douane, de transport et de logistique int\u00e9gr\u00e9e.","breadcrumb":{"@id":"https:\/\/staging.livingstonintl.com\/fr\/#breadcrumb"},"inLanguage":"fr-FR","potentialAction":[{"@type":"ReadAction","target":["https:\/\/staging.livingstonintl.com\/fr\/"]}]},{"@type":"BreadcrumbList","@id":"https:\/\/staging.livingstonintl.com\/fr\/#breadcrumb","itemListElement":[{"@type":"ListItem","position":1,"name":"Accueil","item":"https:\/\/staging.livingstonintl.com\/fr\/"},{"@type":"ListItem","position":2,"name":"Accueil"}]},{"@type":"WebSite","@id":"https:\/\/staging.livingstonintl.com\/fr\/#website","url":"https:\/\/staging.livingstonintl.com\/fr\/","name":"Livingston International","description":"Simplify Trade","potentialAction":[{"@type":"SearchAction","target":{"@type":"EntryPoint","urlTemplate":"https:\/\/staging.livingstonintl.com\/fr\/?s={search_term_string}"},"query-input":{"@type":"PropertyValueSpecification","valueRequired":true,"valueName":"search_term_string"}}],"inLanguage":"fr-FR"}]}},"_links":{"self":[{"href":"https:\/\/staging.livingstonintl.com\/fr\/wp-json\/wp\/v2\/pages\/50","targetHints":{"allow":["GET"]}}],"collection":[{"href":"https:\/\/staging.livingstonintl.com\/fr\/wp-json\/wp\/v2\/pages"}],"about":[{"href":"https:\/\/staging.livingstonintl.com\/fr\/wp-json\/wp\/v2\/types\/page"}],"author":[{"embeddable":true,"href":"https:\/\/staging.livingstonintl.com\/fr\/wp-json\/wp\/v2\/users\/36"}],"replies":[{"embeddable":true,"href":"https:\/\/staging.livingstonintl.com\/fr\/wp-json\/wp\/v2\/comments?post=50"}],"version-history":[{"count":2,"href":"https:\/\/staging.livingstonintl.com\/fr\/wp-json\/wp\/v2\/pages\/50\/revisions"}],"predecessor-version":[{"id":53761,"href":"https:\/\/staging.livingstonintl.com\/fr\/wp-json\/wp\/v2\/pages\/50\/revisions\/53761"}],"wp:attachment":[{"href":"https:\/\/staging.livingstonintl.com\/fr\/wp-json\/wp\/v2\/media?parent=50"}],"curies":[{"name":"wp","href":"https:\/\/api.w.org\/{rel}","templated":true}]}}