{"id":46980,"date":"2019-05-08T07:51:46","date_gmt":"2019-05-08T11:51:46","guid":{"rendered":"\/?page_id=46980"},"modified":"2022-09-21T11:09:53","modified_gmt":"2022-09-21T15:09:53","slug":"my-livingston","status":"publish","type":"page","link":"https:\/\/staging.livingstonintl.com\/fr\/services-fr\/technologie-du-commerce-international\/my-livingston\/","title":{"rendered":"My Livingston"},"content":{"rendered":"<h1><span class=\"blue\">Livingston Portal<\/span> <span class=\"white\">CONTR\u00d4LE DU TABLEAU DE BORD<\/span><\/h1>\n<p>Les professionnels gardent leurs outils en un seul endroit. My Livingston est cet endroit en ligne pour garder toutes les donn\u00e9es commerciales de Livingston. Un seul portail. Plusieurs fonctions. Efficace et pratique \u00e0 la fois.<\/p>\n<p><a class=\"button hide-registered\" href=\"https:\/\/www3.livingstonintl.com\/fr\/forms\/trade-services\/MLP\/\">Inscrivez-vous d\u00e8s maintenant<\/a><\/p>\n","protected":false},"excerpt":{"rendered":"<p>Livingston Portal CONTR\u00d4LE DU TABLEAU DE BORD Les professionnels gardent leurs outils en un seul endroit. My Livingston est cet endroit en ligne pour garder toutes les donn\u00e9es commerciales de Livingston. Un seul portail. Plusieurs fonctions. Efficace et pratique \u00e0 la fois. Inscrivez-vous d\u00e8s maintenant<\/p>\n","protected":false},"author":45,"featured_media":0,"parent":29739,"menu_order":54,"comment_status":"closed","ping_status":"closed","template":"template-retired\/page-services-mlp.php","meta":{"_acf_changed":false,"footnotes":""},"class_list":["post-46980","page","type-page","status-publish","hentry"],"acf":[],"yoast_head":"<!-- This site is optimized with the Yoast SEO plugin v26.8 - https:\/\/yoast.com\/product\/yoast-seo-wordpress\/ -->\n<title>My Livingston - Livingston International<\/title>\n<meta name=\"robots\" content=\"noindex, follow, max-snippet:-1, max-image-preview:large, max-video-preview:-1\" \/>\n<meta property=\"og:locale\" content=\"fr_FR\" \/>\n<meta property=\"og:type\" content=\"article\" \/>\n<meta property=\"og:title\" content=\"My Livingston - Livingston International\" \/>\n<meta property=\"og:description\" content=\"Livingston Portal CONTR\u00d4LE DU TABLEAU DE BORD Les professionnels gardent leurs outils en un seul endroit. My Livingston est cet endroit en ligne pour garder toutes les donn\u00e9es commerciales de Livingston. Un seul portail. Plusieurs fonctions. Efficace et pratique \u00e0 la fois. Inscrivez-vous d\u00e8s maintenant\" \/>\n<meta property=\"og:url\" content=\"https:\/\/staging.livingstonintl.com\/fr\/services-fr\/technologie-du-commerce-international\/my-livingston\/\" \/>\n<meta property=\"og:site_name\" content=\"Livingston International\" \/>\n<meta property=\"article:publisher\" content=\"https:\/\/www.facebook.com\/livingstoninternational\" \/>\n<meta property=\"article:modified_time\" content=\"2022-09-21T15:09:53+00:00\" \/>\n<script type=\"application\/ld+json\" class=\"yoast-schema-graph\">{\"@context\":\"https:\/\/schema.org\",\"@graph\":[{\"@type\":\"WebPage\",\"@id\":\"https:\/\/staging.livingstonintl.com\/fr\/services-fr\/technologie-du-commerce-international\/my-livingston\/\",\"url\":\"https:\/\/staging.livingstonintl.com\/fr\/services-fr\/technologie-du-commerce-international\/my-livingston\/\",\"name\":\"My Livingston - Livingston International\",\"isPartOf\":{\"@id\":\"https:\/\/staging.livingstonintl.com\/fr\/#website\"},\"datePublished\":\"2019-05-08T11:51:46+00:00\",\"dateModified\":\"2022-09-21T15:09:53+00:00\",\"breadcrumb\":{\"@id\":\"https:\/\/staging.livingstonintl.com\/fr\/services-fr\/technologie-du-commerce-international\/my-livingston\/#breadcrumb\"},\"inLanguage\":\"fr-FR\",\"potentialAction\":[{\"@type\":\"ReadAction\",\"target\":[\"https:\/\/staging.livingstonintl.com\/fr\/services-fr\/technologie-du-commerce-international\/my-livingston\/\"]}]},{\"@type\":\"BreadcrumbList\",\"@id\":\"https:\/\/staging.livingstonintl.com\/fr\/services-fr\/technologie-du-commerce-international\/my-livingston\/#breadcrumb\",\"itemListElement\":[{\"@type\":\"ListItem\",\"position\":1,\"name\":\"Accueil\",\"item\":\"https:\/\/staging.livingstonintl.com\/fr\/\"},{\"@type\":\"ListItem\",\"position\":2,\"name\":\"Services\",\"item\":\"https:\/\/staging.livingstonintl.com\/fr\/services-fr\/\"},{\"@type\":\"ListItem\",\"position\":3,\"name\":\"Technologie du commerce international\",\"item\":\"https:\/\/staging.livingstonintl.com\/fr\/services-fr\/technologie-du-commerce-international\/\"},{\"@type\":\"ListItem\",\"position\":4,\"name\":\"My Livingston\"}]},{\"@type\":\"WebSite\",\"@id\":\"https:\/\/staging.livingstonintl.com\/fr\/#website\",\"url\":\"https:\/\/staging.livingstonintl.com\/fr\/\",\"name\":\"Livingston International\",\"description\":\"Simplify Trade\",\"potentialAction\":[{\"@type\":\"SearchAction\",\"target\":{\"@type\":\"EntryPoint\",\"urlTemplate\":\"https:\/\/staging.livingstonintl.com\/fr\/?s={search_term_string}\"},\"query-input\":{\"@type\":\"PropertyValueSpecification\",\"valueRequired\":true,\"valueName\":\"search_term_string\"}}],\"inLanguage\":\"fr-FR\"}]}<\/script>\n<!-- \/ Yoast SEO plugin. -->","yoast_head_json":{"title":"My Livingston - Livingston International","robots":{"index":"noindex","follow":"follow","max-snippet":"max-snippet:-1","max-image-preview":"max-image-preview:large","max-video-preview":"max-video-preview:-1"},"og_locale":"fr_FR","og_type":"article","og_title":"My Livingston - Livingston International","og_description":"Livingston Portal CONTR\u00d4LE DU TABLEAU DE BORD Les professionnels gardent leurs outils en un seul endroit. My Livingston est cet endroit en ligne pour garder toutes les donn\u00e9es commerciales de Livingston. Un seul portail. Plusieurs fonctions. Efficace et pratique \u00e0 la fois. Inscrivez-vous d\u00e8s maintenant","og_url":"https:\/\/staging.livingstonintl.com\/fr\/services-fr\/technologie-du-commerce-international\/my-livingston\/","og_site_name":"Livingston International","article_publisher":"https:\/\/www.facebook.com\/livingstoninternational","article_modified_time":"2022-09-21T15:09:53+00:00","schema":{"@context":"https:\/\/schema.org","@graph":[{"@type":"WebPage","@id":"https:\/\/staging.livingstonintl.com\/fr\/services-fr\/technologie-du-commerce-international\/my-livingston\/","url":"https:\/\/staging.livingstonintl.com\/fr\/services-fr\/technologie-du-commerce-international\/my-livingston\/","name":"My Livingston - Livingston International","isPartOf":{"@id":"https:\/\/staging.livingstonintl.com\/fr\/#website"},"datePublished":"2019-05-08T11:51:46+00:00","dateModified":"2022-09-21T15:09:53+00:00","breadcrumb":{"@id":"https:\/\/staging.livingstonintl.com\/fr\/services-fr\/technologie-du-commerce-international\/my-livingston\/#breadcrumb"},"inLanguage":"fr-FR","potentialAction":[{"@type":"ReadAction","target":["https:\/\/staging.livingstonintl.com\/fr\/services-fr\/technologie-du-commerce-international\/my-livingston\/"]}]},{"@type":"BreadcrumbList","@id":"https:\/\/staging.livingstonintl.com\/fr\/services-fr\/technologie-du-commerce-international\/my-livingston\/#breadcrumb","itemListElement":[{"@type":"ListItem","position":1,"name":"Accueil","item":"https:\/\/staging.livingstonintl.com\/fr\/"},{"@type":"ListItem","position":2,"name":"Services","item":"https:\/\/staging.livingstonintl.com\/fr\/services-fr\/"},{"@type":"ListItem","position":3,"name":"Technologie du commerce international","item":"https:\/\/staging.livingstonintl.com\/fr\/services-fr\/technologie-du-commerce-international\/"},{"@type":"ListItem","position":4,"name":"My Livingston"}]},{"@type":"WebSite","@id":"https:\/\/staging.livingstonintl.com\/fr\/#website","url":"https:\/\/staging.livingstonintl.com\/fr\/","name":"Livingston International","description":"Simplify Trade","potentialAction":[{"@type":"SearchAction","target":{"@type":"EntryPoint","urlTemplate":"https:\/\/staging.livingstonintl.com\/fr\/?s={search_term_string}"},"query-input":{"@type":"PropertyValueSpecification","valueRequired":true,"valueName":"search_term_string"}}],"inLanguage":"fr-FR"}]}},"_links":{"self":[{"href":"https:\/\/staging.livingstonintl.com\/fr\/wp-json\/wp\/v2\/pages\/46980","targetHints":{"allow":["GET"]}}],"collection":[{"href":"https:\/\/staging.livingstonintl.com\/fr\/wp-json\/wp\/v2\/pages"}],"about":[{"href":"https:\/\/staging.livingstonintl.com\/fr\/wp-json\/wp\/v2\/types\/page"}],"author":[{"embeddable":true,"href":"https:\/\/staging.livingstonintl.com\/fr\/wp-json\/wp\/v2\/users\/45"}],"replies":[{"embeddable":true,"href":"https:\/\/staging.livingstonintl.com\/fr\/wp-json\/wp\/v2\/comments?post=46980"}],"version-history":[{"count":3,"href":"https:\/\/staging.livingstonintl.com\/fr\/wp-json\/wp\/v2\/pages\/46980\/revisions"}],"predecessor-version":[{"id":53912,"href":"https:\/\/staging.livingstonintl.com\/fr\/wp-json\/wp\/v2\/pages\/46980\/revisions\/53912"}],"up":[{"embeddable":true,"href":"https:\/\/staging.livingstonintl.com\/fr\/wp-json\/wp\/v2\/pages\/29739"}],"wp:attachment":[{"href":"https:\/\/staging.livingstonintl.com\/fr\/wp-json\/wp\/v2\/media?parent=46980"}],"curies":[{"name":"wp","href":"https:\/\/api.w.org\/{rel}","templated":true}]}}