{"id":45120,"date":"2018-11-19T08:28:01","date_gmt":"2018-11-19T13:28:01","guid":{"rendered":"\/?page_id=45120"},"modified":"2018-11-20T05:10:29","modified_gmt":"2018-11-20T10:10:29","slug":"webinaires","status":"publish","type":"page","link":"https:\/\/staging.livingstonintl.com\/fr\/sgu\/webinaires\/","title":{"rendered":"Projet de services \u00e0 guichet unique &#8211; Webinaires"},"content":{"rendered":"<div class=\"full-width orange-background\">\n<div class=\"grid-x grid-margin-x masthead\">\n<div class=\"small-12 cell\">\n<section class=\"breadcrumbs hide-for-small-only\"><!-- Breadcrumb NavXT 6.0.3 --><br \/>\n\t\t\t\t<span property=\"itemListElement\" typeof=\"ListItem\"><a property=\"item\" typeof=\"WebPage\" title=\"Go to Livingston International.\" href=\"\/fr\/\" class=\"home\"><span property=\"name\">Accueil<\/span><\/a><meta property=\"position\" content=\"1\"><\/span><img decoding=\"async\" class=\"bread-crumb-divider\" src=\"\/livingston-content\/themes\/livingston2015\/lob\/images\/bread-crumb-divider.png\" alt=\"\"><a title=\"Projet de services \u00e0 guichet unique. Ce que les importateurs doivent savoir.\" href=\"\/fr\/sgu\/\">Projet de services \u00e0 guichet unique. Ce que les importateurs doivent savoir.<\/a><img decoding=\"async\" class=\"bread-crumb-divider\" src=\"\/livingston-content\/themes\/livingston2015\/lob\/images\/bread-crumb-divider.png\" alt=\"\">Webinars<\/section>\n<section class=\"section-content\">\n<h2><span class=\"blue\">PROJET DE SERVICES \u00c0 GUICHET UNIQUE<\/span><span class=\"white\">WEBINAIRES<\/span><\/h2>\n<\/section><\/div>\n<\/p><\/div>\n<\/div>\n<div id=\"webinars-on-demand\">\n<div class=\"grid-x grid-margin-x\">\n<div class=\"small-12 cell colwrap\">\n<section class=\"loop\">\n\t\t\t\t<!-- PART 1 --><\/p>\n<article id=\"post-44824\" class=\"full-width colwrap resource type-resource status-publish has-post-thumbnail hentry resource-center-category-customer-knowledge-center resource-center-format-webinar-on-demand\" role=\"article\">\n<header class=\"title\">\n<h3>Services \u00e0 guichet unique Partie 1 : Une vue d&rsquo;ensemble<\/h3>\n<\/header>\n<div class=\"grid-x grid-margin-x\">\n<div class=\"small-12 medium-9 cell decription\">\n<p>Le projet de Services \u00e0 guichet unique est une initiative conjointe de l&rsquo;Agence des services frontaliers du Canada (ASFC) et d&rsquo;autres organismes gouvernementaux canadiens participants (OGP) qui souhaitent recevoir des renseignements sur la mainlev\u00e9e des exp\u00e9ditions par voie \u00e9lectronique.<\/p>\n<p>Ce webinaire offre un aper\u00e7u du projet de Services \u00e0 guichet unique et fournit des d\u00e9tails sur les produits assujettis aux exigences de l&rsquo;OGP, l&rsquo;impact pour les importateurs, la D\u00e9claration d&rsquo;importation int\u00e9gr\u00e9e (DII), et plus encore.<\/p>\n<p>Cette session est id\u00e9ale pour les importateurs qui exp\u00e9dient des marchandises qui rel\u00e8vent de la juridiction des neuf OGP participant au SGU.\n<\/p>\n<\/p><\/div>\n<div class=\"small-12 medium-3 cell thumb\"><a href=\"https:\/\/www3.livingstonintl.com\/fr\/webinars\/ondemand\/swi\/part-1\/\" class=\"show-for-medium-up\"><img decoding=\"async\" src=\"\/livingston-content\/uploads\/2018\/11\/thumb-swi-part-1.jpg\" alt=\"\" target=\"_blank\"><\/a><a class=\"button small blue\" href=\"https:\/\/www3.livingstonintl.com\/fr\/webinars\/ondemand\/swi\/part-1\/\" target=\"_blank\">Regarder maintenant<\/a><\/div>\n<\/p><\/div>\n<\/article>\n<hr>\n<p>\t\t\t\t<!-- PART 2 --><\/p>\n<article id=\"post-44833\" class=\"full-width colwrap post-44833 resource type-resource status-publish has-post-thumbnail hentry resource-center-category-customer-knowledge-center resource-center-format-webinar-on-demand\" role=\"article\">\n<header class=\"title\">\n<h3>Conformit\u00e9 en vertu de la partie 2 des Services \u00e0 guichet unique : Transports Canada et Environnement et changement climatique Canada<\/h3>\n<\/header>\n<div class=\"grid-x grid-margin-x\">\n<div class=\"small-12 medium-9 cell decription\">\n<p>La deuxi\u00e8me partie de notre s\u00e9rie de webinaires sur les Services \u00e0 guichet unique porte sur deux organismes gouvernementaux participants : Transports Canada et Environnement et changement climatique Canada.<\/p>\n<p>Cette s\u00e9ance fournit des d\u00e9tails sur les programmes qui rel\u00e8vent de ces deux OGP, ainsi que des renseignements sur les \u00e9l\u00e9ments de donn\u00e9es, les changements apport\u00e9s dans le cadre du guichet unique et les r\u00e8gles et conditions.<\/p>\n<p>Cette s\u00e9ance est id\u00e9ale pour les importateurs exp\u00e9diant des marchandises qui rel\u00e8vent de la comp\u00e9tence de Transports Canada et d&rsquo;Environnement et changement climatique Canada.\n<\/p>\n<\/p><\/div>\n<div class=\"small-12 medium-3 cell thumb\"><a href=\"https:\/\/www3.livingstonintl.com\/fr\/webinars\/ondemand\/swi\/part-2\/\" class=\"show-for-medium-up\"><img decoding=\"async\" src=\"\/livingston-content\/uploads\/2018\/11\/thumb-swi-part-2.jpg\" alt=\"\" target=\"_blank\"><\/a><a class=\"button small blue\" href=\"https:\/\/www3.livingstonintl.com\/fr\/webinars\/ondemand\/swi\/part-2\/\" target=\"_blank\">Regarder maintenant<\/a><\/div>\n<\/p><\/div>\n<\/article>\n<hr>\n<p>\t\t\t\t<!-- PART 3 --><\/p>\n<article id=\"post-44834\" class=\"full-width colwrap post-44834 resource type-resource status-publish has-post-thumbnail hentry resource-center-category-customer-knowledge-center resource-center-format-webinar-on-demand\" role=\"article\">\n<header class=\"title\">\n<h3>Conformit\u00e9 en vertu de la partie 3 du Guichet unique : Sant\u00e9 Canada, Agence de la sant\u00e9 publique du Canada et Commission canadienne de s\u00fbret\u00e9 nucl\u00e9aire<\/h3>\n<\/header>\n<div class=\"grid-x grid-margin-x\">\n<div class=\"small-12 medium-9 cell decription\">\n<p>La troisi\u00e8me partie de notre s\u00e9rie de webinaires sur les Services \u00e0 guichet unique porte sur trois organismes gouvernementaux participants : Sant\u00e9 Canada, Agence de la sant\u00e9 publique du Canada et Commission canadienne de s\u00fbret\u00e9 nucl\u00e9aire.<\/p>\n<p>Cette s\u00e9ance fournit des d\u00e9tails sur les programmes qui rel\u00e8vent de ces trois OGP, ainsi que des renseignements sur les utilisations pr\u00e9vues, les \u00e9l\u00e9ments de donn\u00e9es et les cat\u00e9gories de produits.<\/p>\n<p>Cette s\u00e9ance est id\u00e9ale pour les importateurs exp\u00e9diant des marchandises qui rel\u00e8vent de la comp\u00e9tence de Sant\u00e9 Canada, de l&rsquo;Agence de la sant\u00e9 publique du Canada et de la Commission canadienne de s\u00fbret\u00e9 nucl\u00e9aire.<\/p>\n<\/p><\/div>\n<div class=\"small-12 medium-3 cell thumb\"><a href=\"https:\/\/www3.livingstonintl.com\/fr\/webinars\/ondemand\/swi\/part-3\/\" class=\"show-for-medium-up\"><img decoding=\"async\" src=\"\/livingston-content\/uploads\/2018\/11\/thumb-swi-part-3.jpg\" alt=\"\" target=\"_blank\"><\/a><a class=\"button small blue\" href=\"https:\/\/www3.livingstonintl.com\/fr\/webinars\/ondemand\/swi\/part-3\/\" target=\"_blank\">Regarder maintenant<\/a><\/div>\n<\/p><\/div>\n<\/article>\n<\/section><\/div>\n<\/p><\/div>\n<\/div>\n","protected":false},"excerpt":{"rendered":"<p>AccueilProjet de services \u00e0 guichet unique. Ce que les importateurs doivent savoir.Webinars PROJET DE SERVICES \u00c0 GUICHET UNIQUEWEBINAIRES Services \u00e0 guichet unique Partie 1 : Une vue d&rsquo;ensemble Le projet de Services \u00e0 guichet unique est une initiative conjointe de l&rsquo;Agence des services frontaliers du Canada (ASFC) et d&rsquo;autres organismes gouvernementaux canadiens participants (OGP) qui<a class=\"excerpt-read-more\" href=\"https:\/\/staging.livingstonintl.com\/fr\/sgu\/webinaires\/\" title=\"ReadProjet de services \u00e0 guichet unique &#8211; Webinaires\">&#8230; Read more &raquo;<\/a><\/p>\n","protected":false},"author":45,"featured_media":0,"parent":40860,"menu_order":75,"comment_status":"closed","ping_status":"closed","template":"template-retired\/page-landing-blank.php","meta":{"_acf_changed":false,"footnotes":""},"class_list":["post-45120","page","type-page","status-publish","hentry"],"acf":[],"yoast_head":"<!-- This site is optimized with the Yoast SEO plugin v26.8 - https:\/\/yoast.com\/product\/yoast-seo-wordpress\/ -->\n<title>Projet de services \u00e0 guichet unique - Webinaires - Livingston International<\/title>\n<meta name=\"robots\" content=\"noindex, follow, max-snippet:-1, max-image-preview:large, max-video-preview:-1\" \/>\n<meta property=\"og:locale\" content=\"fr_FR\" \/>\n<meta property=\"og:type\" content=\"article\" \/>\n<meta property=\"og:title\" content=\"Projet de services \u00e0 guichet unique - Webinaires - Livingston International\" \/>\n<meta property=\"og:description\" content=\"AccueilProjet de services \u00e0 guichet unique. Ce que les importateurs doivent savoir.Webinars PROJET DE SERVICES \u00c0 GUICHET UNIQUEWEBINAIRES Services \u00e0 guichet unique Partie 1 : Une vue d&rsquo;ensemble Le projet de Services \u00e0 guichet unique est une initiative conjointe de l&rsquo;Agence des services frontaliers du Canada (ASFC) et d&rsquo;autres organismes gouvernementaux canadiens participants (OGP) qui... Read more &raquo;\" \/>\n<meta property=\"og:url\" content=\"https:\/\/staging.livingstonintl.com\/fr\/sgu\/webinaires\/\" \/>\n<meta property=\"og:site_name\" content=\"Livingston International\" \/>\n<meta property=\"article:publisher\" content=\"https:\/\/www.facebook.com\/livingstoninternational\" \/>\n<meta property=\"article:modified_time\" content=\"2018-11-20T10:10:29+00:00\" \/>\n<meta name=\"twitter:label1\" content=\"Dur\u00e9e de lecture estim\u00e9e\" \/>\n\t<meta name=\"twitter:data1\" content=\"2 minutes\" \/>\n<script type=\"application\/ld+json\" class=\"yoast-schema-graph\">{\"@context\":\"https:\/\/schema.org\",\"@graph\":[{\"@type\":\"WebPage\",\"@id\":\"https:\/\/staging.livingstonintl.com\/fr\/sgu\/webinaires\/\",\"url\":\"https:\/\/staging.livingstonintl.com\/fr\/sgu\/webinaires\/\",\"name\":\"Projet de services \u00e0 guichet unique - Webinaires - Livingston International\",\"isPartOf\":{\"@id\":\"https:\/\/staging.livingstonintl.com\/fr\/#website\"},\"datePublished\":\"2018-11-19T13:28:01+00:00\",\"dateModified\":\"2018-11-20T10:10:29+00:00\",\"breadcrumb\":{\"@id\":\"https:\/\/staging.livingstonintl.com\/fr\/sgu\/webinaires\/#breadcrumb\"},\"inLanguage\":\"fr-FR\",\"potentialAction\":[{\"@type\":\"ReadAction\",\"target\":[\"https:\/\/staging.livingstonintl.com\/fr\/sgu\/webinaires\/\"]}]},{\"@type\":\"BreadcrumbList\",\"@id\":\"https:\/\/staging.livingstonintl.com\/fr\/sgu\/webinaires\/#breadcrumb\",\"itemListElement\":[{\"@type\":\"ListItem\",\"position\":1,\"name\":\"Accueil\",\"item\":\"https:\/\/staging.livingstonintl.com\/fr\/\"},{\"@type\":\"ListItem\",\"position\":2,\"name\":\"Projet de services \u00e0 guichet unique. Ce que les importateurs doivent savoir.\",\"item\":\"https:\/\/staging.livingstonintl.com\/fr\/sgu\/\"},{\"@type\":\"ListItem\",\"position\":3,\"name\":\"Projet de services \u00e0 guichet unique &#8211; Webinaires\"}]},{\"@type\":\"WebSite\",\"@id\":\"https:\/\/staging.livingstonintl.com\/fr\/#website\",\"url\":\"https:\/\/staging.livingstonintl.com\/fr\/\",\"name\":\"Livingston International\",\"description\":\"Simplify Trade\",\"potentialAction\":[{\"@type\":\"SearchAction\",\"target\":{\"@type\":\"EntryPoint\",\"urlTemplate\":\"https:\/\/staging.livingstonintl.com\/fr\/?s={search_term_string}\"},\"query-input\":{\"@type\":\"PropertyValueSpecification\",\"valueRequired\":true,\"valueName\":\"search_term_string\"}}],\"inLanguage\":\"fr-FR\"}]}<\/script>\n<!-- \/ Yoast SEO plugin. -->","yoast_head_json":{"title":"Projet de services \u00e0 guichet unique - Webinaires - Livingston International","robots":{"index":"noindex","follow":"follow","max-snippet":"max-snippet:-1","max-image-preview":"max-image-preview:large","max-video-preview":"max-video-preview:-1"},"og_locale":"fr_FR","og_type":"article","og_title":"Projet de services \u00e0 guichet unique - Webinaires - Livingston International","og_description":"AccueilProjet de services \u00e0 guichet unique. Ce que les importateurs doivent savoir.Webinars PROJET DE SERVICES \u00c0 GUICHET UNIQUEWEBINAIRES Services \u00e0 guichet unique Partie 1 : Une vue d&rsquo;ensemble Le projet de Services \u00e0 guichet unique est une initiative conjointe de l&rsquo;Agence des services frontaliers du Canada (ASFC) et d&rsquo;autres organismes gouvernementaux canadiens participants (OGP) qui... Read more &raquo;","og_url":"https:\/\/staging.livingstonintl.com\/fr\/sgu\/webinaires\/","og_site_name":"Livingston International","article_publisher":"https:\/\/www.facebook.com\/livingstoninternational","article_modified_time":"2018-11-20T10:10:29+00:00","twitter_misc":{"Dur\u00e9e de lecture estim\u00e9e":"2 minutes"},"schema":{"@context":"https:\/\/schema.org","@graph":[{"@type":"WebPage","@id":"https:\/\/staging.livingstonintl.com\/fr\/sgu\/webinaires\/","url":"https:\/\/staging.livingstonintl.com\/fr\/sgu\/webinaires\/","name":"Projet de services \u00e0 guichet unique - Webinaires - Livingston International","isPartOf":{"@id":"https:\/\/staging.livingstonintl.com\/fr\/#website"},"datePublished":"2018-11-19T13:28:01+00:00","dateModified":"2018-11-20T10:10:29+00:00","breadcrumb":{"@id":"https:\/\/staging.livingstonintl.com\/fr\/sgu\/webinaires\/#breadcrumb"},"inLanguage":"fr-FR","potentialAction":[{"@type":"ReadAction","target":["https:\/\/staging.livingstonintl.com\/fr\/sgu\/webinaires\/"]}]},{"@type":"BreadcrumbList","@id":"https:\/\/staging.livingstonintl.com\/fr\/sgu\/webinaires\/#breadcrumb","itemListElement":[{"@type":"ListItem","position":1,"name":"Accueil","item":"https:\/\/staging.livingstonintl.com\/fr\/"},{"@type":"ListItem","position":2,"name":"Projet de services \u00e0 guichet unique. Ce que les importateurs doivent savoir.","item":"https:\/\/staging.livingstonintl.com\/fr\/sgu\/"},{"@type":"ListItem","position":3,"name":"Projet de services \u00e0 guichet unique &#8211; Webinaires"}]},{"@type":"WebSite","@id":"https:\/\/staging.livingstonintl.com\/fr\/#website","url":"https:\/\/staging.livingstonintl.com\/fr\/","name":"Livingston International","description":"Simplify Trade","potentialAction":[{"@type":"SearchAction","target":{"@type":"EntryPoint","urlTemplate":"https:\/\/staging.livingstonintl.com\/fr\/?s={search_term_string}"},"query-input":{"@type":"PropertyValueSpecification","valueRequired":true,"valueName":"search_term_string"}}],"inLanguage":"fr-FR"}]}},"_links":{"self":[{"href":"https:\/\/staging.livingstonintl.com\/fr\/wp-json\/wp\/v2\/pages\/45120","targetHints":{"allow":["GET"]}}],"collection":[{"href":"https:\/\/staging.livingstonintl.com\/fr\/wp-json\/wp\/v2\/pages"}],"about":[{"href":"https:\/\/staging.livingstonintl.com\/fr\/wp-json\/wp\/v2\/types\/page"}],"author":[{"embeddable":true,"href":"https:\/\/staging.livingstonintl.com\/fr\/wp-json\/wp\/v2\/users\/45"}],"replies":[{"embeddable":true,"href":"https:\/\/staging.livingstonintl.com\/fr\/wp-json\/wp\/v2\/comments?post=45120"}],"version-history":[{"count":0,"href":"https:\/\/staging.livingstonintl.com\/fr\/wp-json\/wp\/v2\/pages\/45120\/revisions"}],"up":[{"embeddable":true,"href":"https:\/\/staging.livingstonintl.com\/fr\/wp-json\/wp\/v2\/pages\/40860"}],"wp:attachment":[{"href":"https:\/\/staging.livingstonintl.com\/fr\/wp-json\/wp\/v2\/media?parent=45120"}],"curies":[{"name":"wp","href":"https:\/\/api.w.org\/{rel}","templated":true}]}}