{"id":44418,"date":"2018-10-09T03:56:57","date_gmt":"2018-10-09T07:56:57","guid":{"rendered":"\/sgu\/gac\/"},"modified":"2018-11-14T02:48:54","modified_gmt":"2018-11-14T07:48:54","slug":"amc","status":"publish","type":"page","link":"https:\/\/staging.livingstonintl.com\/fr\/sgu\/amc\/","title":{"rendered":"Gestion des donn\u00e9es d&rsquo;AMC sous les services \u00e0 guichet unique"},"content":{"rendered":"<p class=\"medium\">Affaires mondiales Canada (AMC) est responsable de la conduite des relations internationales du Canada, y compris les affaires \u00e9trang\u00e8res, le commerce international, le d\u00e9veloppement international et l\u2019aide humanitaire, les services consulaires aux Canadiens et le r\u00e9seau mondial des missions du gouvernement du Canada.<\/p>\n<p><strong>Pour les Services \u00e0 guichet unique, un programme gouvernemental rel\u00e8ve d\u2019AMC :<\/strong><\/p>\n<ul>\n<li>Contr\u00f4les \u00e0 l\u2019importation pour les produits agricoles, l\u2019acier, les textiles et les v\u00eatements<\/li>\n<\/ul>\n<p>Pour obtenir des renseignements sur les motifs des \u00e9l\u00e9ments de donn\u00e9es du programme ci-dessus, veuillez vous rendre \u00e0 :<br \/>\n<a href=\"https:\/\/www.cbsa-asfc.gc.ca\/prog\/sw-gu\/data\/gac-amc-fra.html#s1\" target=\"_blank\">https:\/\/www.cbsa-asfc.gc.ca\/prog\/sw-gu\/data\/gac-amc-fra.html#s1<\/a>.<\/p>\n<h3>Conditions pour le programme<\/h3>\n<p>Des conditions peuvent s\u2019appliquer pour d\u00e9terminer si des donn\u00e9es doivent \u00eatre soumises \u00e0 Affaires mondiales Canada pour le programme susmentionn\u00e9. Pour plus de d\u00e9tails sur les conditions du programme, veuillez consulter la fiche d\u2019information correspondante ci-dessous.<\/p>\n<h3>En savoir davantage<\/h3>\n<p>Pour de plus amples renseignements sur chacun des programmes supervis\u00e9s par Affaires mondiales Canada et sur les exigences en mati\u00e8re de donn\u00e9es sous Services \u00e0 guichet unique, <strong>t\u00e9l\u00e9chargez la fiche d\u2019information <\/strong>:<\/p>\n<p><a href=\"\/livingston-content\/uploads\/2018\/11\/Program-sheet-Import-Controls-of-Agricultural-Steel-and-Textiles-and-Clothing-Products-FR.pdf\" class=\"button small pdf-download\" target=\"_blank\">Contr\u00f4les \u00e0 l\u2019importation pour les produits agricoles, l\u2019acier, les textiles et les v\u00eatements<\/a><\/p>\n<h3>Faites confiance \u00e0 Livingston pour vos importations avec l\u2019AMC<\/h3>\n<p>Les experts en douane de Livingston sont l\u00e0 pour vous aider. Avec un effectif exhaustif d\u2019experts en affaires r\u00e9glementaires au Canada, nous connaissons les exigences d\u2019AMC en d\u00e9tail et nous sommes pr\u00eats \u00e0 vous aider \u00e0 assurer votre conformit\u00e9.<\/p>\n<p>Livingston s\u2019engage \u00e0 assurer un processus d\u2019int\u00e9gration du SGU transparent pour ses clients actuels et nous sommes pr\u00eats \u00e0 soutenir de nouveaux clients ayant des besoins en mati\u00e8re de SGU, y compris leurs exigences pour l\u2019AMC et d\u2019autres OGP.<\/p>\n<p style=\"margin-top: 60px; font-size: 14px;\"><i>Nous nous effor\u00e7ons de veiller \u00e0 ce que l\u2019information publi\u00e9e sur la pr\u00e9sente page soit correcte et \u00e0 jour. Toutefois, il se peut que certains faits aient chang\u00e9 depuis notre derni\u00e8re mise \u00e0 jour. La derni\u00e8re mise \u00e0 jour du contenu de la pr\u00e9sente page a eu lieu le 12 novembre 2018.<\/i><\/p>\n","protected":false},"excerpt":{"rendered":"<p>Affaires mondiales Canada (AMC) est responsable de la conduite des relations internationales du Canada, y compris les affaires \u00e9trang\u00e8res, le commerce international, le d\u00e9veloppement international et l\u2019aide humanitaire, les services consulaires aux Canadiens et le r\u00e9seau mondial des missions du gouvernement du Canada. Pour les Services \u00e0 guichet unique, un programme gouvernemental rel\u00e8ve d\u2019AMC :<a class=\"excerpt-read-more\" href=\"https:\/\/staging.livingstonintl.com\/fr\/sgu\/amc\/\" title=\"ReadGestion des donn\u00e9es d&rsquo;AMC sous les services \u00e0 guichet unique\">&#8230; Read more &raquo;<\/a><\/p>\n","protected":false},"author":45,"featured_media":0,"parent":40860,"menu_order":78,"comment_status":"closed","ping_status":"closed","template":"template-retired\/page-landing-withsidebar.php","meta":{"_acf_changed":false,"footnotes":""},"class_list":["post-44418","page","type-page","status-publish","hentry"],"acf":[],"yoast_head":"<!-- This site is optimized with the Yoast SEO plugin v26.8 - https:\/\/yoast.com\/product\/yoast-seo-wordpress\/ -->\n<title>Gestion des donn\u00e9es d&#039;AMC sous les services \u00e0 guichet unique - Livingston International<\/title>\n<meta name=\"robots\" content=\"noindex, follow, max-snippet:-1, max-image-preview:large, max-video-preview:-1\" \/>\n<meta property=\"og:locale\" content=\"fr_FR\" \/>\n<meta property=\"og:type\" content=\"article\" \/>\n<meta property=\"og:title\" content=\"Gestion des donn\u00e9es d&#039;AMC sous les services \u00e0 guichet unique - Livingston International\" \/>\n<meta property=\"og:description\" content=\"Affaires mondiales Canada (AMC) est responsable de la conduite des relations internationales du Canada, y compris les affaires \u00e9trang\u00e8res, le commerce international, le d\u00e9veloppement international et l\u2019aide humanitaire, les services consulaires aux Canadiens et le r\u00e9seau mondial des missions du gouvernement du Canada. Pour les Services \u00e0 guichet unique, un programme gouvernemental rel\u00e8ve d\u2019AMC :... Read more &raquo;\" \/>\n<meta property=\"og:url\" content=\"https:\/\/staging.livingstonintl.com\/fr\/sgu\/amc\/\" \/>\n<meta property=\"og:site_name\" content=\"Livingston International\" \/>\n<meta property=\"article:publisher\" content=\"https:\/\/www.facebook.com\/livingstoninternational\" \/>\n<meta property=\"article:modified_time\" content=\"2018-11-14T07:48:54+00:00\" \/>\n<meta name=\"twitter:label1\" content=\"Dur\u00e9e de lecture estim\u00e9e\" \/>\n\t<meta name=\"twitter:data1\" content=\"2 minutes\" \/>\n<script type=\"application\/ld+json\" class=\"yoast-schema-graph\">{\"@context\":\"https:\/\/schema.org\",\"@graph\":[{\"@type\":\"WebPage\",\"@id\":\"https:\/\/staging.livingstonintl.com\/fr\/sgu\/amc\/\",\"url\":\"https:\/\/staging.livingstonintl.com\/fr\/sgu\/amc\/\",\"name\":\"Gestion des donn\u00e9es d'AMC sous les services \u00e0 guichet unique - Livingston International\",\"isPartOf\":{\"@id\":\"https:\/\/staging.livingstonintl.com\/fr\/#website\"},\"datePublished\":\"2018-10-09T07:56:57+00:00\",\"dateModified\":\"2018-11-14T07:48:54+00:00\",\"breadcrumb\":{\"@id\":\"https:\/\/staging.livingstonintl.com\/fr\/sgu\/amc\/#breadcrumb\"},\"inLanguage\":\"fr-FR\",\"potentialAction\":[{\"@type\":\"ReadAction\",\"target\":[\"https:\/\/staging.livingstonintl.com\/fr\/sgu\/amc\/\"]}]},{\"@type\":\"BreadcrumbList\",\"@id\":\"https:\/\/staging.livingstonintl.com\/fr\/sgu\/amc\/#breadcrumb\",\"itemListElement\":[{\"@type\":\"ListItem\",\"position\":1,\"name\":\"Accueil\",\"item\":\"https:\/\/staging.livingstonintl.com\/fr\/\"},{\"@type\":\"ListItem\",\"position\":2,\"name\":\"Projet de services \u00e0 guichet unique. Ce que les importateurs doivent savoir.\",\"item\":\"https:\/\/staging.livingstonintl.com\/fr\/sgu\/\"},{\"@type\":\"ListItem\",\"position\":3,\"name\":\"Gestion des donn\u00e9es d&rsquo;AMC sous les services \u00e0 guichet unique\"}]},{\"@type\":\"WebSite\",\"@id\":\"https:\/\/staging.livingstonintl.com\/fr\/#website\",\"url\":\"https:\/\/staging.livingstonintl.com\/fr\/\",\"name\":\"Livingston International\",\"description\":\"Simplify Trade\",\"potentialAction\":[{\"@type\":\"SearchAction\",\"target\":{\"@type\":\"EntryPoint\",\"urlTemplate\":\"https:\/\/staging.livingstonintl.com\/fr\/?s={search_term_string}\"},\"query-input\":{\"@type\":\"PropertyValueSpecification\",\"valueRequired\":true,\"valueName\":\"search_term_string\"}}],\"inLanguage\":\"fr-FR\"}]}<\/script>\n<!-- \/ Yoast SEO plugin. -->","yoast_head_json":{"title":"Gestion des donn\u00e9es d'AMC sous les services \u00e0 guichet unique - Livingston International","robots":{"index":"noindex","follow":"follow","max-snippet":"max-snippet:-1","max-image-preview":"max-image-preview:large","max-video-preview":"max-video-preview:-1"},"og_locale":"fr_FR","og_type":"article","og_title":"Gestion des donn\u00e9es d'AMC sous les services \u00e0 guichet unique - Livingston International","og_description":"Affaires mondiales Canada (AMC) est responsable de la conduite des relations internationales du Canada, y compris les affaires \u00e9trang\u00e8res, le commerce international, le d\u00e9veloppement international et l\u2019aide humanitaire, les services consulaires aux Canadiens et le r\u00e9seau mondial des missions du gouvernement du Canada. Pour les Services \u00e0 guichet unique, un programme gouvernemental rel\u00e8ve d\u2019AMC :... Read more &raquo;","og_url":"https:\/\/staging.livingstonintl.com\/fr\/sgu\/amc\/","og_site_name":"Livingston International","article_publisher":"https:\/\/www.facebook.com\/livingstoninternational","article_modified_time":"2018-11-14T07:48:54+00:00","twitter_misc":{"Dur\u00e9e de lecture estim\u00e9e":"2 minutes"},"schema":{"@context":"https:\/\/schema.org","@graph":[{"@type":"WebPage","@id":"https:\/\/staging.livingstonintl.com\/fr\/sgu\/amc\/","url":"https:\/\/staging.livingstonintl.com\/fr\/sgu\/amc\/","name":"Gestion des donn\u00e9es d'AMC sous les services \u00e0 guichet unique - Livingston International","isPartOf":{"@id":"https:\/\/staging.livingstonintl.com\/fr\/#website"},"datePublished":"2018-10-09T07:56:57+00:00","dateModified":"2018-11-14T07:48:54+00:00","breadcrumb":{"@id":"https:\/\/staging.livingstonintl.com\/fr\/sgu\/amc\/#breadcrumb"},"inLanguage":"fr-FR","potentialAction":[{"@type":"ReadAction","target":["https:\/\/staging.livingstonintl.com\/fr\/sgu\/amc\/"]}]},{"@type":"BreadcrumbList","@id":"https:\/\/staging.livingstonintl.com\/fr\/sgu\/amc\/#breadcrumb","itemListElement":[{"@type":"ListItem","position":1,"name":"Accueil","item":"https:\/\/staging.livingstonintl.com\/fr\/"},{"@type":"ListItem","position":2,"name":"Projet de services \u00e0 guichet unique. Ce que les importateurs doivent savoir.","item":"https:\/\/staging.livingstonintl.com\/fr\/sgu\/"},{"@type":"ListItem","position":3,"name":"Gestion des donn\u00e9es d&rsquo;AMC sous les services \u00e0 guichet unique"}]},{"@type":"WebSite","@id":"https:\/\/staging.livingstonintl.com\/fr\/#website","url":"https:\/\/staging.livingstonintl.com\/fr\/","name":"Livingston International","description":"Simplify Trade","potentialAction":[{"@type":"SearchAction","target":{"@type":"EntryPoint","urlTemplate":"https:\/\/staging.livingstonintl.com\/fr\/?s={search_term_string}"},"query-input":{"@type":"PropertyValueSpecification","valueRequired":true,"valueName":"search_term_string"}}],"inLanguage":"fr-FR"}]}},"_links":{"self":[{"href":"https:\/\/staging.livingstonintl.com\/fr\/wp-json\/wp\/v2\/pages\/44418","targetHints":{"allow":["GET"]}}],"collection":[{"href":"https:\/\/staging.livingstonintl.com\/fr\/wp-json\/wp\/v2\/pages"}],"about":[{"href":"https:\/\/staging.livingstonintl.com\/fr\/wp-json\/wp\/v2\/types\/page"}],"author":[{"embeddable":true,"href":"https:\/\/staging.livingstonintl.com\/fr\/wp-json\/wp\/v2\/users\/45"}],"replies":[{"embeddable":true,"href":"https:\/\/staging.livingstonintl.com\/fr\/wp-json\/wp\/v2\/comments?post=44418"}],"version-history":[{"count":0,"href":"https:\/\/staging.livingstonintl.com\/fr\/wp-json\/wp\/v2\/pages\/44418\/revisions"}],"up":[{"embeddable":true,"href":"https:\/\/staging.livingstonintl.com\/fr\/wp-json\/wp\/v2\/pages\/40860"}],"wp:attachment":[{"href":"https:\/\/staging.livingstonintl.com\/fr\/wp-json\/wp\/v2\/media?parent=44418"}],"curies":[{"name":"wp","href":"https:\/\/api.w.org\/{rel}","templated":true}]}}