{"id":44417,"date":"2018-10-04T12:31:21","date_gmt":"2018-10-04T16:31:21","guid":{"rendered":"\/sgu\/dfo\/"},"modified":"2018-11-14T02:48:49","modified_gmt":"2018-11-14T07:48:49","slug":"mpo","status":"publish","type":"page","link":"https:\/\/staging.livingstonintl.com\/fr\/sgu\/mpo\/","title":{"rendered":"Gestion des donn\u00e9es de la MPO sous les services \u00e0 guichet unique"},"content":{"rendered":"<p class=\"medium\">P\u00eaches et Oc\u00e9ans Canada (MPO) assure la sauvegarde des eaux canadiennes et g\u00e8re les ressources halieutiques, oc\u00e9aniques et d\u2019eau douce du Canada.<\/p>\n<p><strong>L\u2019Agence est charg\u00e9e de faire respecter les lois importantes suivantes :<\/strong><\/p>\n<ul>\n<li><a href=\"https:\/\/laws-lois.justice.gc.ca\/fra\/lois\/O-2.4\/\" target=\"_blank\" rel=\"noopener\">Loi sur les oc\u00e9ans :<\/a> Le MPO met en \u0153uvre des plans de gestion int\u00e9gr\u00e9e pour les activit\u00e9s ayant trait aux estuaires et aux eaux c\u00f4ti\u00e8res et marines. L\u2019Agence est \u00e9galement responsable des services de garde c\u00f4ti\u00e8re et des services de science de la mer.<\/li>\n<li><a href=\"https:\/\/laws-lois.justice.gc.ca\/fra\/lois\/F-14\/\" target=\"_blank\" rel=\"noopener\">Loi sur les p\u00eaches :<\/a> Le MPO g\u00e8re et contr\u00f4le les p\u00eaches commerciales, autochtones et r\u00e9cr\u00e9atives, ainsi que les exploitations aquicoles. Remarque : la majorit\u00e9 des activit\u00e9s de p\u00eache int\u00e9rieure sont g\u00e9r\u00e9es par les provinces.<\/li>\n<li><a href=\"https:\/\/laws-lois.justice.gc.ca\/fra\/lois\/S-15.3\/\" target=\"_blank\" rel=\"noopener\">Loi sur les esp\u00e8ces en p\u00e9ril :<\/a> M\u00eame si cette loi est principalement supervis\u00e9e par Environnement et Changement climatique Canada (ECCC), le MPO est responsable des esp\u00e8ces aquatiques en p\u00e9ril.<\/li>\n<li><a href=\"https:\/\/laws-lois.justice.gc.ca\/fra\/lois\/C-33\/\" target=\"_blank\" rel=\"noopener\">Loi sur la protection des p\u00eaches c\u00f4ti\u00e8res :<\/a> Le MPO r\u00e9gule l\u2019acc\u00e8s des bateaux de p\u00eache \u00e9trangers dans les ports ainsi que dans les eaux des p\u00eacheries du Canada. L\u2019Agence d\u00e9livre des permis autorisant les bateaux de p\u00eache \u00e9trangers \u00e0 entrer dans les eaux des p\u00eacheries canadiennes et \u00e0 mener les activit\u00e9s de p\u00eache sp\u00e9cifi\u00e9es.<\/li>\n<li><a href=\"https:\/\/laws-lois.justice.gc.ca\/fra\/lois\/C-10.15\/\" target=\"_blank\" rel=\"noopener\">Loi de 2001 sur la marine marchande du Canada :<\/a> Dirig\u00e9e par Transports Canada (TC), la loi expose les responsabilit\u00e9s des gardes c\u00f4tiers canadiens en ce qui concerne la recherche, le sauvetage et les phares, y compris les feux, les bou\u00e9es et les balises.<\/li>\n<li><a href=\"https:\/\/laws-lois.justice.gc.ca\/fra\/lois\/F-24\/index.html\" target=\"_blank\" rel=\"noopener\">Loi sur les ports de p\u00eache et de plaisance :<\/a> Le MPO supervise l\u2019utilisation, la gestion et la maintenance des ports list\u00e9s dans l\u2019Annexe I de la Loi, et d\u00e9tient le pouvoir d\u2019entreprendre des projets ainsi que de louer les ports annex\u00e9s \u00e0 n\u2019importe qui.<\/li>\n<\/ul>\n<p><strong>Pour les Services \u00e0 guichet unique, trois programmes gouvernementaux rel\u00e8vent du MPO.<\/strong><\/p>\n<ul>\n<li>Programme de suivi des activit\u00e9s commerciales<\/li>\n<li>Esp\u00e8ces aquatiques envahissantes<\/li>\n<li>Biotechnologie aquatique<\/li>\n<\/ul>\n<p>Pour obtenir des renseignements sur les motifs des \u00e9l\u00e9ments de donn\u00e9es du programme ci-dessus, veuillez vous rendre \u00e0 :<br \/>\n<a href=\"https:\/\/www.cbsa-asfc.gc.ca\/prog\/sw-gu\/data\/dfo-mpo-fra.html\" target=\"_blank\" rel=\"noopener\">https:\/\/www.cbsa-asfc.gc.ca\/prog\/sw-gu\/data\/dfo-mpo-fra.html<\/a>.<\/p>\n<h3>Conditions des programmes<\/h3>\n<p>Des conditions peuvent s\u2019appliquer pour d\u00e9terminer si des donn\u00e9es doivent \u00eatre soumises \u00e0 P\u00eaches et Oc\u00e9ans Canada pour les programmes susmentionn\u00e9s. Pour plus de d\u00e9tails sur les conditions du programme, veuillez consulter les fiches d\u2019information correspondantes ci-dessous.<\/p>\n<h3>En savoir davantage<\/h3>\n<p>Pour de plus amples renseignements sur les programmes supervis\u00e9s par P\u00eaches et Oc\u00e9ans Canada et sur les exigences en mati\u00e8re de donn\u00e9es sous Services \u00e0 guichet unique, <strong>t\u00e9l\u00e9chargez les fiches d\u2019information <\/strong>:<\/p>\n<p><a class=\"button small pdf-download\" href=\"\/livingston-content\/uploads\/2018\/11\/Program-sheet-Trade-Tracking-FR.pdf\" target=\"_blank\" rel=\"noopener\">Programme de suivi des activit\u00e9s commerciales<\/a><a class=\"button small pdf-download\" href=\"\/livingston-content\/uploads\/2018\/11\/Program-Sheet-Aquatic-Invasive-Species-FR-1.pdf\" target=\"_blank\" rel=\"noopener\">Esp\u00e8ces aquatiques envahissantes<\/a><a class=\"button small pdf-download\" href=\"\/livingston-content\/uploads\/2018\/11\/Program-Sheet-Aquatic-Biotechnology-Program-FR.pdf\" target=\"_blank\" rel=\"noopener\">Biotechnologie aquatique<\/a><\/p>\n<h3>Faites confiance \u00e0 Livingston pour vos importations qui concernent le MPO<\/h3>\n<p>Les experts en douane de Livingston sont l\u00e0 pour vous aider. Avec un effectif exhaustif d\u2019experts en affaires r\u00e9glementaires au Canada, nous connaissons les exigences du MPO en d\u00e9tail et nous sommes pr\u00eats \u00e0 vous aider \u00e0 assurer votre conformit\u00e9.<\/p>\n<p>Livingston s\u2019engage \u00e0 assurer un processus d\u2019int\u00e9gration du SGU transparent pour ses clients actuels et nous sommes pr\u00eats \u00e0 soutenir de nouveaux clients ayant des besoins en mati\u00e8re de SGU, y compris leurs exigences pour le MPO et d\u2019autres OGP.<\/p>\n<p style=\"margin-top: 60px; font-size: 14px;\"><i>Nous nous effor\u00e7ons de veiller \u00e0 ce que l\u2019information publi\u00e9e sur la pr\u00e9sente page soit correcte et \u00e0 jour. Toutefois, il se peut que certains faits aient chang\u00e9 depuis notre derni\u00e8re mise \u00e0 jour. La derni\u00e8re mise \u00e0 jour du contenu de la pr\u00e9sente page a eu lieu le 12 novembre 2018.<\/i><\/p>\n","protected":false},"excerpt":{"rendered":"<p>P\u00eaches et Oc\u00e9ans Canada (MPO) assure la sauvegarde des eaux canadiennes et g\u00e8re les ressources halieutiques, oc\u00e9aniques et d\u2019eau douce du Canada. L\u2019Agence est charg\u00e9e de faire respecter les lois importantes suivantes : Loi sur les oc\u00e9ans : Le MPO met en \u0153uvre des plans de gestion int\u00e9gr\u00e9e pour les activit\u00e9s ayant trait aux estuaires<a class=\"excerpt-read-more\" href=\"https:\/\/staging.livingstonintl.com\/fr\/sgu\/mpo\/\" title=\"ReadGestion des donn\u00e9es de la MPO sous les services \u00e0 guichet unique\">&#8230; Read more &raquo;<\/a><\/p>\n","protected":false},"author":45,"featured_media":0,"parent":40860,"menu_order":79,"comment_status":"closed","ping_status":"closed","template":"template-retired\/page-landing-withsidebar.php","meta":{"_acf_changed":false,"footnotes":""},"class_list":["post-44417","page","type-page","status-publish","hentry"],"acf":[],"yoast_head":"<!-- This site is optimized with the Yoast SEO plugin v26.8 - https:\/\/yoast.com\/product\/yoast-seo-wordpress\/ -->\n<title>Gestion des donn\u00e9es de la MPO sous les services \u00e0 guichet unique - Livingston International<\/title>\n<meta name=\"robots\" content=\"noindex, follow, max-snippet:-1, max-image-preview:large, max-video-preview:-1\" \/>\n<meta property=\"og:locale\" content=\"fr_FR\" \/>\n<meta property=\"og:type\" content=\"article\" \/>\n<meta property=\"og:title\" content=\"Gestion des donn\u00e9es de la MPO sous les services \u00e0 guichet unique - Livingston International\" \/>\n<meta property=\"og:description\" content=\"P\u00eaches et Oc\u00e9ans Canada (MPO) assure la sauvegarde des eaux canadiennes et g\u00e8re les ressources halieutiques, oc\u00e9aniques et d\u2019eau douce du Canada. L\u2019Agence est charg\u00e9e de faire respecter les lois importantes suivantes : Loi sur les oc\u00e9ans : Le MPO met en \u0153uvre des plans de gestion int\u00e9gr\u00e9e pour les activit\u00e9s ayant trait aux estuaires... Read more &raquo;\" \/>\n<meta property=\"og:url\" content=\"https:\/\/staging.livingstonintl.com\/fr\/sgu\/mpo\/\" \/>\n<meta property=\"og:site_name\" content=\"Livingston International\" \/>\n<meta property=\"article:publisher\" content=\"https:\/\/www.facebook.com\/livingstoninternational\" \/>\n<meta property=\"article:modified_time\" content=\"2018-11-14T07:48:49+00:00\" \/>\n<meta name=\"twitter:label1\" content=\"Dur\u00e9e de lecture estim\u00e9e\" \/>\n\t<meta name=\"twitter:data1\" content=\"3 minutes\" \/>\n<script type=\"application\/ld+json\" class=\"yoast-schema-graph\">{\"@context\":\"https:\/\/schema.org\",\"@graph\":[{\"@type\":\"WebPage\",\"@id\":\"https:\/\/staging.livingstonintl.com\/fr\/sgu\/mpo\/\",\"url\":\"https:\/\/staging.livingstonintl.com\/fr\/sgu\/mpo\/\",\"name\":\"Gestion des donn\u00e9es de la MPO sous les services \u00e0 guichet unique - Livingston International\",\"isPartOf\":{\"@id\":\"https:\/\/staging.livingstonintl.com\/fr\/#website\"},\"datePublished\":\"2018-10-04T16:31:21+00:00\",\"dateModified\":\"2018-11-14T07:48:49+00:00\",\"breadcrumb\":{\"@id\":\"https:\/\/staging.livingstonintl.com\/fr\/sgu\/mpo\/#breadcrumb\"},\"inLanguage\":\"fr-FR\",\"potentialAction\":[{\"@type\":\"ReadAction\",\"target\":[\"https:\/\/staging.livingstonintl.com\/fr\/sgu\/mpo\/\"]}]},{\"@type\":\"BreadcrumbList\",\"@id\":\"https:\/\/staging.livingstonintl.com\/fr\/sgu\/mpo\/#breadcrumb\",\"itemListElement\":[{\"@type\":\"ListItem\",\"position\":1,\"name\":\"Accueil\",\"item\":\"https:\/\/staging.livingstonintl.com\/fr\/\"},{\"@type\":\"ListItem\",\"position\":2,\"name\":\"Projet de services \u00e0 guichet unique. Ce que les importateurs doivent savoir.\",\"item\":\"https:\/\/staging.livingstonintl.com\/fr\/sgu\/\"},{\"@type\":\"ListItem\",\"position\":3,\"name\":\"Gestion des donn\u00e9es de la MPO sous les services \u00e0 guichet unique\"}]},{\"@type\":\"WebSite\",\"@id\":\"https:\/\/staging.livingstonintl.com\/fr\/#website\",\"url\":\"https:\/\/staging.livingstonintl.com\/fr\/\",\"name\":\"Livingston International\",\"description\":\"Simplify Trade\",\"potentialAction\":[{\"@type\":\"SearchAction\",\"target\":{\"@type\":\"EntryPoint\",\"urlTemplate\":\"https:\/\/staging.livingstonintl.com\/fr\/?s={search_term_string}\"},\"query-input\":{\"@type\":\"PropertyValueSpecification\",\"valueRequired\":true,\"valueName\":\"search_term_string\"}}],\"inLanguage\":\"fr-FR\"}]}<\/script>\n<!-- \/ Yoast SEO plugin. -->","yoast_head_json":{"title":"Gestion des donn\u00e9es de la MPO sous les services \u00e0 guichet unique - Livingston International","robots":{"index":"noindex","follow":"follow","max-snippet":"max-snippet:-1","max-image-preview":"max-image-preview:large","max-video-preview":"max-video-preview:-1"},"og_locale":"fr_FR","og_type":"article","og_title":"Gestion des donn\u00e9es de la MPO sous les services \u00e0 guichet unique - Livingston International","og_description":"P\u00eaches et Oc\u00e9ans Canada (MPO) assure la sauvegarde des eaux canadiennes et g\u00e8re les ressources halieutiques, oc\u00e9aniques et d\u2019eau douce du Canada. L\u2019Agence est charg\u00e9e de faire respecter les lois importantes suivantes : Loi sur les oc\u00e9ans : Le MPO met en \u0153uvre des plans de gestion int\u00e9gr\u00e9e pour les activit\u00e9s ayant trait aux estuaires... Read more &raquo;","og_url":"https:\/\/staging.livingstonintl.com\/fr\/sgu\/mpo\/","og_site_name":"Livingston International","article_publisher":"https:\/\/www.facebook.com\/livingstoninternational","article_modified_time":"2018-11-14T07:48:49+00:00","twitter_misc":{"Dur\u00e9e de lecture estim\u00e9e":"3 minutes"},"schema":{"@context":"https:\/\/schema.org","@graph":[{"@type":"WebPage","@id":"https:\/\/staging.livingstonintl.com\/fr\/sgu\/mpo\/","url":"https:\/\/staging.livingstonintl.com\/fr\/sgu\/mpo\/","name":"Gestion des donn\u00e9es de la MPO sous les services \u00e0 guichet unique - Livingston International","isPartOf":{"@id":"https:\/\/staging.livingstonintl.com\/fr\/#website"},"datePublished":"2018-10-04T16:31:21+00:00","dateModified":"2018-11-14T07:48:49+00:00","breadcrumb":{"@id":"https:\/\/staging.livingstonintl.com\/fr\/sgu\/mpo\/#breadcrumb"},"inLanguage":"fr-FR","potentialAction":[{"@type":"ReadAction","target":["https:\/\/staging.livingstonintl.com\/fr\/sgu\/mpo\/"]}]},{"@type":"BreadcrumbList","@id":"https:\/\/staging.livingstonintl.com\/fr\/sgu\/mpo\/#breadcrumb","itemListElement":[{"@type":"ListItem","position":1,"name":"Accueil","item":"https:\/\/staging.livingstonintl.com\/fr\/"},{"@type":"ListItem","position":2,"name":"Projet de services \u00e0 guichet unique. Ce que les importateurs doivent savoir.","item":"https:\/\/staging.livingstonintl.com\/fr\/sgu\/"},{"@type":"ListItem","position":3,"name":"Gestion des donn\u00e9es de la MPO sous les services \u00e0 guichet unique"}]},{"@type":"WebSite","@id":"https:\/\/staging.livingstonintl.com\/fr\/#website","url":"https:\/\/staging.livingstonintl.com\/fr\/","name":"Livingston International","description":"Simplify Trade","potentialAction":[{"@type":"SearchAction","target":{"@type":"EntryPoint","urlTemplate":"https:\/\/staging.livingstonintl.com\/fr\/?s={search_term_string}"},"query-input":{"@type":"PropertyValueSpecification","valueRequired":true,"valueName":"search_term_string"}}],"inLanguage":"fr-FR"}]}},"_links":{"self":[{"href":"https:\/\/staging.livingstonintl.com\/fr\/wp-json\/wp\/v2\/pages\/44417","targetHints":{"allow":["GET"]}}],"collection":[{"href":"https:\/\/staging.livingstonintl.com\/fr\/wp-json\/wp\/v2\/pages"}],"about":[{"href":"https:\/\/staging.livingstonintl.com\/fr\/wp-json\/wp\/v2\/types\/page"}],"author":[{"embeddable":true,"href":"https:\/\/staging.livingstonintl.com\/fr\/wp-json\/wp\/v2\/users\/45"}],"replies":[{"embeddable":true,"href":"https:\/\/staging.livingstonintl.com\/fr\/wp-json\/wp\/v2\/comments?post=44417"}],"version-history":[{"count":0,"href":"https:\/\/staging.livingstonintl.com\/fr\/wp-json\/wp\/v2\/pages\/44417\/revisions"}],"up":[{"embeddable":true,"href":"https:\/\/staging.livingstonintl.com\/fr\/wp-json\/wp\/v2\/pages\/40860"}],"wp:attachment":[{"href":"https:\/\/staging.livingstonintl.com\/fr\/wp-json\/wp\/v2\/media?parent=44417"}],"curies":[{"name":"wp","href":"https:\/\/api.w.org\/{rel}","templated":true}]}}