{"id":44314,"date":"2018-10-09T04:32:14","date_gmt":"2018-10-09T08:32:14","guid":{"rendered":"\/?page_id=44314"},"modified":"2018-11-14T02:46:32","modified_gmt":"2018-11-14T07:46:32","slug":"ccsn","status":"publish","type":"page","link":"https:\/\/staging.livingstonintl.com\/fr\/sgu\/ccsn\/","title":{"rendered":"Gestion des donn\u00e9es de la CCSN sous les services \u00e0 guichet unique"},"content":{"rendered":"<p class=\"medium\">La Commission canadienne de s\u00fbret\u00e9 nucl\u00e9aire (CCSN) r\u00e9glemente l\u2019utilisation de l\u2019\u00e9nergie et des mati\u00e8res nucl\u00e9aires<\/p>\n<p><strong>Son mandat couvre les quatre domaines cl\u00e9s suivants :<\/strong><\/p>\n<ul>\n<li>r\u00e9glementer le d\u00e9veloppement, la production et l\u2019utilisation de l\u2019\u00e9nergie nucl\u00e9aire au Canada;<\/li>\n<li>r\u00e9glementer la production, la possession, l\u2019utilisation et le transport de substances nucl\u00e9aires ainsi que la production, la possession et l\u2019utilisation d\u2019\u00e9quipements et de renseignements r\u00e9glement\u00e9s;<\/li>\n<li>mettre en \u0153uvre des mesures de contr\u00f4le international du d\u00e9veloppement, de la production, du transport et de l\u2019utilisation de l\u2019\u00e9nergie et des substances nucl\u00e9aires;<\/li>\n<li>informer objectivement le public, sur les plans scientifique, technique et r\u00e9glementaire au sujet des activit\u00e9s de la CCSN ainsi que des effets du d\u00e9veloppement, de la production, de la possession, du transport et de l\u2019utilisation des substances nucl\u00e9aires sur la sant\u00e9 et la s\u00e9curit\u00e9 des personnes.\n<\/ul>\n<p><strong>Pour les Services \u00e0 guichet unique, un programme gouvernemental rel\u00e8ve de la CCSN :<\/strong><\/p>\n<ul>\n<li>Substances et \u00e9quipement nucl\u00e9aires<\/li>\n<\/ul>\n<p>Pour obtenir des renseignements sur les motifs des \u00e9l\u00e9ments de donn\u00e9es du programme ci-dessus, veuillez vous rendre \u00e0 :<br \/>\n<a href=\"https:\/\/www.cbsa-asfc.gc.ca\/prog\/sw-gu\/data\/cnsc-ccsn-fra.html\" target=\"_blank\">https:\/\/www.cbsa-asfc.gc.ca\/prog\/sw-gu\/data\/cnsc-ccsn-fra.html<\/a>.<\/p>\n<h3>Utilisation pr\u00e9vue et conditions des programmes<\/h3>\n<p>Des conditions peuvent s\u2019appliquer pour d\u00e9terminer si des donn\u00e9es doivent \u00eatre soumises \u00e0 la Commission canadienne de s\u00fbret\u00e9 nucl\u00e9aire pour le programme susmentionn\u00e9. Pour plus de d\u00e9tails sur les conditions du programme, veuillez consulter la fiche d\u2019information correspondante ci-dessous.<\/p>\n<h3>En savoir davantage<\/h3>\n<p>Pour de plus amples renseignements sur le programme supervis\u00e9 par la Commission canadienne de s\u00fbret\u00e9 nucl\u00e9aire et sur les exigences en mati\u00e8re de donn\u00e9es pour les Services \u00e0 guichet unique, <strong>t\u00e9l\u00e9chargez la fiche d\u2019information <\/strong>:<\/p>\n<p><a href=\"\/livingston-content\/uploads\/2018\/11\/Product-sheet-Nuclear-Substances-and-Equipment-FR.pdf\" class=\"button small pdf-download\" target=\"_blank\">Substances et \u00e9quipements nucl\u00e9aires<\/a><\/p>\n<h3>Faites confiance \u00e0 Livingston pour vos importations qui concernent la CCSN<\/h3>\n<p>Les experts en douane de Livingston sont l\u00e0 pour vous aider. Avec un effectif exhaustif d\u2019experts en affaires r\u00e9glementaires au Canada, nous connaissons les exigences de la CCSN en d\u00e9tail et nous sommes pr\u00eats \u00e0 vous aider \u00e0 assurer votre conformit\u00e9.<\/p>\n<p>Livingston s\u2019engage \u00e0 assurer un processus d\u2019int\u00e9gration du SGU transparent pour ses clients actuels et nous sommes pr\u00eats \u00e0 soutenir de nouveaux clients ayant des besoins en mati\u00e8re de SGU, y compris leurs exigences pour la CCSN et d\u2019autres OGP.<\/p>\n<p style=\"margin-top: 60px; font-size: 14px;\"><i>Nous nous effor\u00e7ons de veiller \u00e0 ce que l\u2019information publi\u00e9e sur la pr\u00e9sente page soit correcte et \u00e0 jour. Toutefois, il se peut que certains faits aient chang\u00e9 depuis notre derni\u00e8re mise \u00e0 jour. La derni\u00e8re mise \u00e0 jour du contenu de la pr\u00e9sente page a eu lieu le 12 novembre 2018.<\/i><\/p>\n","protected":false},"excerpt":{"rendered":"<p>La Commission canadienne de s\u00fbret\u00e9 nucl\u00e9aire (CCSN) r\u00e9glemente l\u2019utilisation de l\u2019\u00e9nergie et des mati\u00e8res nucl\u00e9aires Son mandat couvre les quatre domaines cl\u00e9s suivants : r\u00e9glementer le d\u00e9veloppement, la production et l\u2019utilisation de l\u2019\u00e9nergie nucl\u00e9aire au Canada; r\u00e9glementer la production, la possession, l\u2019utilisation et le transport de substances nucl\u00e9aires ainsi que la production, la possession et<a class=\"excerpt-read-more\" href=\"https:\/\/staging.livingstonintl.com\/fr\/sgu\/ccsn\/\" title=\"ReadGestion des donn\u00e9es de la CCSN sous les services \u00e0 guichet unique\">&#8230; Read more &raquo;<\/a><\/p>\n","protected":false},"author":45,"featured_media":0,"parent":40860,"menu_order":84,"comment_status":"closed","ping_status":"closed","template":"template-retired\/page-landing-withsidebar.php","meta":{"_acf_changed":false,"footnotes":""},"class_list":["post-44314","page","type-page","status-publish","hentry"],"acf":[],"yoast_head":"<!-- This site is optimized with the Yoast SEO plugin v26.8 - https:\/\/yoast.com\/product\/yoast-seo-wordpress\/ -->\n<title>Gestion des donn\u00e9es de la CCSN sous les services \u00e0 guichet unique - Livingston International<\/title>\n<meta name=\"robots\" content=\"noindex, follow, max-snippet:-1, max-image-preview:large, max-video-preview:-1\" \/>\n<meta property=\"og:locale\" content=\"fr_FR\" \/>\n<meta property=\"og:type\" content=\"article\" \/>\n<meta property=\"og:title\" content=\"Gestion des donn\u00e9es de la CCSN sous les services \u00e0 guichet unique - Livingston International\" \/>\n<meta property=\"og:description\" content=\"La Commission canadienne de s\u00fbret\u00e9 nucl\u00e9aire (CCSN) r\u00e9glemente l\u2019utilisation de l\u2019\u00e9nergie et des mati\u00e8res nucl\u00e9aires Son mandat couvre les quatre domaines cl\u00e9s suivants : r\u00e9glementer le d\u00e9veloppement, la production et l\u2019utilisation de l\u2019\u00e9nergie nucl\u00e9aire au Canada; r\u00e9glementer la production, la possession, l\u2019utilisation et le transport de substances nucl\u00e9aires ainsi que la production, la possession et... Read more &raquo;\" \/>\n<meta property=\"og:url\" content=\"https:\/\/staging.livingstonintl.com\/fr\/sgu\/ccsn\/\" \/>\n<meta property=\"og:site_name\" content=\"Livingston International\" \/>\n<meta property=\"article:publisher\" content=\"https:\/\/www.facebook.com\/livingstoninternational\" \/>\n<meta property=\"article:modified_time\" content=\"2018-11-14T07:46:32+00:00\" \/>\n<meta name=\"twitter:label1\" content=\"Dur\u00e9e de lecture estim\u00e9e\" \/>\n\t<meta name=\"twitter:data1\" content=\"2 minutes\" \/>\n<script type=\"application\/ld+json\" class=\"yoast-schema-graph\">{\"@context\":\"https:\/\/schema.org\",\"@graph\":[{\"@type\":\"WebPage\",\"@id\":\"https:\/\/staging.livingstonintl.com\/fr\/sgu\/ccsn\/\",\"url\":\"https:\/\/staging.livingstonintl.com\/fr\/sgu\/ccsn\/\",\"name\":\"Gestion des donn\u00e9es de la CCSN sous les services \u00e0 guichet unique - Livingston International\",\"isPartOf\":{\"@id\":\"https:\/\/staging.livingstonintl.com\/fr\/#website\"},\"datePublished\":\"2018-10-09T08:32:14+00:00\",\"dateModified\":\"2018-11-14T07:46:32+00:00\",\"breadcrumb\":{\"@id\":\"https:\/\/staging.livingstonintl.com\/fr\/sgu\/ccsn\/#breadcrumb\"},\"inLanguage\":\"fr-FR\",\"potentialAction\":[{\"@type\":\"ReadAction\",\"target\":[\"https:\/\/staging.livingstonintl.com\/fr\/sgu\/ccsn\/\"]}]},{\"@type\":\"BreadcrumbList\",\"@id\":\"https:\/\/staging.livingstonintl.com\/fr\/sgu\/ccsn\/#breadcrumb\",\"itemListElement\":[{\"@type\":\"ListItem\",\"position\":1,\"name\":\"Accueil\",\"item\":\"https:\/\/staging.livingstonintl.com\/fr\/\"},{\"@type\":\"ListItem\",\"position\":2,\"name\":\"Projet de services \u00e0 guichet unique. Ce que les importateurs doivent savoir.\",\"item\":\"https:\/\/staging.livingstonintl.com\/fr\/sgu\/\"},{\"@type\":\"ListItem\",\"position\":3,\"name\":\"Gestion des donn\u00e9es de la CCSN sous les services \u00e0 guichet unique\"}]},{\"@type\":\"WebSite\",\"@id\":\"https:\/\/staging.livingstonintl.com\/fr\/#website\",\"url\":\"https:\/\/staging.livingstonintl.com\/fr\/\",\"name\":\"Livingston International\",\"description\":\"Simplify Trade\",\"potentialAction\":[{\"@type\":\"SearchAction\",\"target\":{\"@type\":\"EntryPoint\",\"urlTemplate\":\"https:\/\/staging.livingstonintl.com\/fr\/?s={search_term_string}\"},\"query-input\":{\"@type\":\"PropertyValueSpecification\",\"valueRequired\":true,\"valueName\":\"search_term_string\"}}],\"inLanguage\":\"fr-FR\"}]}<\/script>\n<!-- \/ Yoast SEO plugin. -->","yoast_head_json":{"title":"Gestion des donn\u00e9es de la CCSN sous les services \u00e0 guichet unique - Livingston International","robots":{"index":"noindex","follow":"follow","max-snippet":"max-snippet:-1","max-image-preview":"max-image-preview:large","max-video-preview":"max-video-preview:-1"},"og_locale":"fr_FR","og_type":"article","og_title":"Gestion des donn\u00e9es de la CCSN sous les services \u00e0 guichet unique - Livingston International","og_description":"La Commission canadienne de s\u00fbret\u00e9 nucl\u00e9aire (CCSN) r\u00e9glemente l\u2019utilisation de l\u2019\u00e9nergie et des mati\u00e8res nucl\u00e9aires Son mandat couvre les quatre domaines cl\u00e9s suivants : r\u00e9glementer le d\u00e9veloppement, la production et l\u2019utilisation de l\u2019\u00e9nergie nucl\u00e9aire au Canada; r\u00e9glementer la production, la possession, l\u2019utilisation et le transport de substances nucl\u00e9aires ainsi que la production, la possession et... Read more &raquo;","og_url":"https:\/\/staging.livingstonintl.com\/fr\/sgu\/ccsn\/","og_site_name":"Livingston International","article_publisher":"https:\/\/www.facebook.com\/livingstoninternational","article_modified_time":"2018-11-14T07:46:32+00:00","twitter_misc":{"Dur\u00e9e de lecture estim\u00e9e":"2 minutes"},"schema":{"@context":"https:\/\/schema.org","@graph":[{"@type":"WebPage","@id":"https:\/\/staging.livingstonintl.com\/fr\/sgu\/ccsn\/","url":"https:\/\/staging.livingstonintl.com\/fr\/sgu\/ccsn\/","name":"Gestion des donn\u00e9es de la CCSN sous les services \u00e0 guichet unique - Livingston International","isPartOf":{"@id":"https:\/\/staging.livingstonintl.com\/fr\/#website"},"datePublished":"2018-10-09T08:32:14+00:00","dateModified":"2018-11-14T07:46:32+00:00","breadcrumb":{"@id":"https:\/\/staging.livingstonintl.com\/fr\/sgu\/ccsn\/#breadcrumb"},"inLanguage":"fr-FR","potentialAction":[{"@type":"ReadAction","target":["https:\/\/staging.livingstonintl.com\/fr\/sgu\/ccsn\/"]}]},{"@type":"BreadcrumbList","@id":"https:\/\/staging.livingstonintl.com\/fr\/sgu\/ccsn\/#breadcrumb","itemListElement":[{"@type":"ListItem","position":1,"name":"Accueil","item":"https:\/\/staging.livingstonintl.com\/fr\/"},{"@type":"ListItem","position":2,"name":"Projet de services \u00e0 guichet unique. Ce que les importateurs doivent savoir.","item":"https:\/\/staging.livingstonintl.com\/fr\/sgu\/"},{"@type":"ListItem","position":3,"name":"Gestion des donn\u00e9es de la CCSN sous les services \u00e0 guichet unique"}]},{"@type":"WebSite","@id":"https:\/\/staging.livingstonintl.com\/fr\/#website","url":"https:\/\/staging.livingstonintl.com\/fr\/","name":"Livingston International","description":"Simplify Trade","potentialAction":[{"@type":"SearchAction","target":{"@type":"EntryPoint","urlTemplate":"https:\/\/staging.livingstonintl.com\/fr\/?s={search_term_string}"},"query-input":{"@type":"PropertyValueSpecification","valueRequired":true,"valueName":"search_term_string"}}],"inLanguage":"fr-FR"}]}},"_links":{"self":[{"href":"https:\/\/staging.livingstonintl.com\/fr\/wp-json\/wp\/v2\/pages\/44314","targetHints":{"allow":["GET"]}}],"collection":[{"href":"https:\/\/staging.livingstonintl.com\/fr\/wp-json\/wp\/v2\/pages"}],"about":[{"href":"https:\/\/staging.livingstonintl.com\/fr\/wp-json\/wp\/v2\/types\/page"}],"author":[{"embeddable":true,"href":"https:\/\/staging.livingstonintl.com\/fr\/wp-json\/wp\/v2\/users\/45"}],"replies":[{"embeddable":true,"href":"https:\/\/staging.livingstonintl.com\/fr\/wp-json\/wp\/v2\/comments?post=44314"}],"version-history":[{"count":0,"href":"https:\/\/staging.livingstonintl.com\/fr\/wp-json\/wp\/v2\/pages\/44314\/revisions"}],"up":[{"embeddable":true,"href":"https:\/\/staging.livingstonintl.com\/fr\/wp-json\/wp\/v2\/pages\/40860"}],"wp:attachment":[{"href":"https:\/\/staging.livingstonintl.com\/fr\/wp-json\/wp\/v2\/media?parent=44314"}],"curies":[{"name":"wp","href":"https:\/\/api.w.org\/{rel}","templated":true}]}}