{"id":44309,"date":"2018-10-09T04:13:43","date_gmt":"2018-10-09T08:13:43","guid":{"rendered":"\/?page_id=44309"},"modified":"2018-11-14T02:49:01","modified_gmt":"2018-11-14T07:49:01","slug":"aspc","status":"publish","type":"page","link":"https:\/\/staging.livingstonintl.com\/fr\/sgu\/aspc\/","title":{"rendered":"Gestion des donn\u00e9es de l\u2019ASPC sous les services \u00e0 guichet unique"},"content":{"rendered":"<p class=\"medium\">L\u2019Agence de la sant\u00e9 publique du Canada (ASPC) est l\u2019organisme gouvernemental participant qui s\u2019occupe de la sant\u00e9 publique au pays.<\/p>\n<p><strong>Le r\u00f4le de l\u2019Agence consiste \u00e0 :<\/strong><\/p>\n<ul>\n<li>promouvoir la sant\u00e9;<\/li>\n<li>pr\u00e9venir et contr\u00f4ler les maladies chroniques et les blessures;<\/li>\n<li>pr\u00e9venir et contr\u00f4ler les maladies infectieuses;<\/li>\n<li>se pr\u00e9parer et intervenir en cas d\u2019urgence en sant\u00e9 publique;<\/li>\n<li>\u00eatre une plaque tournante favorisant la diffusion du savoir-faire canadien dans le reste du monde;<\/li>\n<li>appliquer aux programmes de sant\u00e9 publique du Canada les r\u00e9sultats des travaux internationaux de recherche et de d\u00e9veloppement;<\/li>\n<li>renforcer la collaboration intergouvernementale dans le domaine de la sant\u00e9 publique et faciliter l\u2019adoption d\u2019approches nationales en mati\u00e8re d\u2019\u00e9laboration de plans et de politiques en sant\u00e9 publique.<\/li>\n<\/ul>\n<p><strong>Un programme rel\u00e8ve de l\u2019Agence de la sant\u00e9 publique du Canada :<\/strong><\/p>\n<ul>\n<li>Biotoxines et pathog\u00e8nes<\/li>\n<\/ul>\n<p>Pour obtenir des renseignements sur les motifs des \u00e9l\u00e9ments de donn\u00e9es du programme ci-dessus, veuillez vous rendre \u00e0 :<br \/>\n<a href=\"https:\/\/www.cbsa-asfc.gc.ca\/prog\/sw-gu\/data\/phac-aspc-fra.html\" target=\"_blank\">https:\/\/www.cbsa-asfc.gc.ca\/prog\/sw-gu\/data\/phac-aspc-fra.html<\/a>.<\/p>\n<h3>Utilisation pr\u00e9vue et conditions des programmes<\/h3>\n<p>Des conditions peuvent s\u2019appliquer pour d\u00e9terminer si des donn\u00e9es doivent \u00eatre soumises \u00e0 l\u2019Agence de la sant\u00e9 publique du Canada pour le programme susmentionn\u00e9. Pour plus de d\u00e9tails sur les conditions du programme, veuillez consulter la fiche d\u2019information correspondante ci-dessous.<\/p>\n<h3>En savoir davantage<\/h3>\n<p>Pour de plus amples renseignements sur le programme supervis\u00e9 par l\u2019Agence de la sant\u00e9 publique du Canada et sur les exigences en mati\u00e8re de donn\u00e9es pour les Services \u00e0 guichet uniqu, <strong>t\u00e9l\u00e9chargez la fiche d\u2019information <\/strong>:<\/p>\n<p><a href=\"\/livingston-content\/uploads\/2018\/11\/Product-sheet_PHAC_Human-and-Terrestrial-Animal-Pathogens-Biological-Toxins-FR.pdf\" class=\"button small pdf-download\" target=\"_blank\">Biotoxines et pathog\u00e8nes<\/a><\/p>\n<h3>Faites confiance \u00e0 Livingston pour vos importations qui concernent l\u2019Agence de la sant\u00e9 publique du Canada<\/h3>\n<p>Les experts en douane de Livingston sont l\u00e0 pour vous aider. Avec un effectif exhaustif d\u2019experts en affaires r\u00e9glementaires au Canada, nous connaissons les exigences de l\u2019ASPC en d\u00e9tail et nous sommes pr\u00eats \u00e0 vous aider \u00e0 assurer votre conformit\u00e9.<\/p>\n<p>Livingston s\u2019engage \u00e0 assurer un processus d\u2019int\u00e9gration du SGU transparent pour ses clients actuels et nous sommes pr\u00eats \u00e0 soutenir de nouveaux clients ayant des besoins en mati\u00e8re de SGU, y compris leurs exigences pour l\u2019ASPC et d\u2019autres OGP.<\/p>\n<p style=\"margin-top: 60px; font-size: 14px;\"><i>Nous nous effor\u00e7ons de veiller \u00e0 ce que l\u2019information publi\u00e9e sur la pr\u00e9sente page soit correcte et \u00e0 jour. Toutefois, il se peut que certains faits aient chang\u00e9 depuis notre derni\u00e8re mise \u00e0 jour. La derni\u00e8re mise \u00e0 jour du contenu de la pr\u00e9sente page a eu lieu le 12 novembre 2018.<\/i><\/p>\n","protected":false},"excerpt":{"rendered":"<p>L\u2019Agence de la sant\u00e9 publique du Canada (ASPC) est l\u2019organisme gouvernemental participant qui s\u2019occupe de la sant\u00e9 publique au pays. Le r\u00f4le de l\u2019Agence consiste \u00e0 : promouvoir la sant\u00e9; pr\u00e9venir et contr\u00f4ler les maladies chroniques et les blessures; pr\u00e9venir et contr\u00f4ler les maladies infectieuses; se pr\u00e9parer et intervenir en cas d\u2019urgence en sant\u00e9 publique;<a class=\"excerpt-read-more\" href=\"https:\/\/staging.livingstonintl.com\/fr\/sgu\/aspc\/\" title=\"ReadGestion des donn\u00e9es de l\u2019ASPC sous les services \u00e0 guichet unique\">&#8230; Read more &raquo;<\/a><\/p>\n","protected":false},"author":45,"featured_media":0,"parent":40860,"menu_order":76,"comment_status":"closed","ping_status":"closed","template":"template-retired\/page-landing-withsidebar.php","meta":{"_acf_changed":false,"footnotes":""},"class_list":["post-44309","page","type-page","status-publish","hentry"],"acf":[],"yoast_head":"<!-- This site is optimized with the Yoast SEO plugin v26.8 - https:\/\/yoast.com\/product\/yoast-seo-wordpress\/ -->\n<title>Gestion des donn\u00e9es de l\u2019ASPC sous les services \u00e0 guichet unique - Livingston International<\/title>\n<meta name=\"robots\" content=\"noindex, follow, max-snippet:-1, max-image-preview:large, max-video-preview:-1\" \/>\n<meta property=\"og:locale\" content=\"fr_FR\" \/>\n<meta property=\"og:type\" content=\"article\" \/>\n<meta property=\"og:title\" content=\"Gestion des donn\u00e9es de l\u2019ASPC sous les services \u00e0 guichet unique - Livingston International\" \/>\n<meta property=\"og:description\" content=\"L\u2019Agence de la sant\u00e9 publique du Canada (ASPC) est l\u2019organisme gouvernemental participant qui s\u2019occupe de la sant\u00e9 publique au pays. Le r\u00f4le de l\u2019Agence consiste \u00e0 : promouvoir la sant\u00e9; pr\u00e9venir et contr\u00f4ler les maladies chroniques et les blessures; pr\u00e9venir et contr\u00f4ler les maladies infectieuses; se pr\u00e9parer et intervenir en cas d\u2019urgence en sant\u00e9 publique;... Read more &raquo;\" \/>\n<meta property=\"og:url\" content=\"https:\/\/staging.livingstonintl.com\/fr\/sgu\/aspc\/\" \/>\n<meta property=\"og:site_name\" content=\"Livingston International\" \/>\n<meta property=\"article:publisher\" content=\"https:\/\/www.facebook.com\/livingstoninternational\" \/>\n<meta property=\"article:modified_time\" content=\"2018-11-14T07:49:01+00:00\" \/>\n<meta name=\"twitter:label1\" content=\"Dur\u00e9e de lecture estim\u00e9e\" \/>\n\t<meta name=\"twitter:data1\" content=\"2 minutes\" \/>\n<script type=\"application\/ld+json\" class=\"yoast-schema-graph\">{\"@context\":\"https:\/\/schema.org\",\"@graph\":[{\"@type\":\"WebPage\",\"@id\":\"https:\/\/staging.livingstonintl.com\/fr\/sgu\/aspc\/\",\"url\":\"https:\/\/staging.livingstonintl.com\/fr\/sgu\/aspc\/\",\"name\":\"Gestion des donn\u00e9es de l\u2019ASPC sous les services \u00e0 guichet unique - Livingston International\",\"isPartOf\":{\"@id\":\"https:\/\/staging.livingstonintl.com\/fr\/#website\"},\"datePublished\":\"2018-10-09T08:13:43+00:00\",\"dateModified\":\"2018-11-14T07:49:01+00:00\",\"breadcrumb\":{\"@id\":\"https:\/\/staging.livingstonintl.com\/fr\/sgu\/aspc\/#breadcrumb\"},\"inLanguage\":\"fr-FR\",\"potentialAction\":[{\"@type\":\"ReadAction\",\"target\":[\"https:\/\/staging.livingstonintl.com\/fr\/sgu\/aspc\/\"]}]},{\"@type\":\"BreadcrumbList\",\"@id\":\"https:\/\/staging.livingstonintl.com\/fr\/sgu\/aspc\/#breadcrumb\",\"itemListElement\":[{\"@type\":\"ListItem\",\"position\":1,\"name\":\"Accueil\",\"item\":\"https:\/\/staging.livingstonintl.com\/fr\/\"},{\"@type\":\"ListItem\",\"position\":2,\"name\":\"Projet de services \u00e0 guichet unique. Ce que les importateurs doivent savoir.\",\"item\":\"https:\/\/staging.livingstonintl.com\/fr\/sgu\/\"},{\"@type\":\"ListItem\",\"position\":3,\"name\":\"Gestion des donn\u00e9es de l\u2019ASPC sous les services \u00e0 guichet unique\"}]},{\"@type\":\"WebSite\",\"@id\":\"https:\/\/staging.livingstonintl.com\/fr\/#website\",\"url\":\"https:\/\/staging.livingstonintl.com\/fr\/\",\"name\":\"Livingston International\",\"description\":\"Simplify Trade\",\"potentialAction\":[{\"@type\":\"SearchAction\",\"target\":{\"@type\":\"EntryPoint\",\"urlTemplate\":\"https:\/\/staging.livingstonintl.com\/fr\/?s={search_term_string}\"},\"query-input\":{\"@type\":\"PropertyValueSpecification\",\"valueRequired\":true,\"valueName\":\"search_term_string\"}}],\"inLanguage\":\"fr-FR\"}]}<\/script>\n<!-- \/ Yoast SEO plugin. -->","yoast_head_json":{"title":"Gestion des donn\u00e9es de l\u2019ASPC sous les services \u00e0 guichet unique - Livingston International","robots":{"index":"noindex","follow":"follow","max-snippet":"max-snippet:-1","max-image-preview":"max-image-preview:large","max-video-preview":"max-video-preview:-1"},"og_locale":"fr_FR","og_type":"article","og_title":"Gestion des donn\u00e9es de l\u2019ASPC sous les services \u00e0 guichet unique - Livingston International","og_description":"L\u2019Agence de la sant\u00e9 publique du Canada (ASPC) est l\u2019organisme gouvernemental participant qui s\u2019occupe de la sant\u00e9 publique au pays. Le r\u00f4le de l\u2019Agence consiste \u00e0 : promouvoir la sant\u00e9; pr\u00e9venir et contr\u00f4ler les maladies chroniques et les blessures; pr\u00e9venir et contr\u00f4ler les maladies infectieuses; se pr\u00e9parer et intervenir en cas d\u2019urgence en sant\u00e9 publique;... Read more &raquo;","og_url":"https:\/\/staging.livingstonintl.com\/fr\/sgu\/aspc\/","og_site_name":"Livingston International","article_publisher":"https:\/\/www.facebook.com\/livingstoninternational","article_modified_time":"2018-11-14T07:49:01+00:00","twitter_misc":{"Dur\u00e9e de lecture estim\u00e9e":"2 minutes"},"schema":{"@context":"https:\/\/schema.org","@graph":[{"@type":"WebPage","@id":"https:\/\/staging.livingstonintl.com\/fr\/sgu\/aspc\/","url":"https:\/\/staging.livingstonintl.com\/fr\/sgu\/aspc\/","name":"Gestion des donn\u00e9es de l\u2019ASPC sous les services \u00e0 guichet unique - Livingston International","isPartOf":{"@id":"https:\/\/staging.livingstonintl.com\/fr\/#website"},"datePublished":"2018-10-09T08:13:43+00:00","dateModified":"2018-11-14T07:49:01+00:00","breadcrumb":{"@id":"https:\/\/staging.livingstonintl.com\/fr\/sgu\/aspc\/#breadcrumb"},"inLanguage":"fr-FR","potentialAction":[{"@type":"ReadAction","target":["https:\/\/staging.livingstonintl.com\/fr\/sgu\/aspc\/"]}]},{"@type":"BreadcrumbList","@id":"https:\/\/staging.livingstonintl.com\/fr\/sgu\/aspc\/#breadcrumb","itemListElement":[{"@type":"ListItem","position":1,"name":"Accueil","item":"https:\/\/staging.livingstonintl.com\/fr\/"},{"@type":"ListItem","position":2,"name":"Projet de services \u00e0 guichet unique. Ce que les importateurs doivent savoir.","item":"https:\/\/staging.livingstonintl.com\/fr\/sgu\/"},{"@type":"ListItem","position":3,"name":"Gestion des donn\u00e9es de l\u2019ASPC sous les services \u00e0 guichet unique"}]},{"@type":"WebSite","@id":"https:\/\/staging.livingstonintl.com\/fr\/#website","url":"https:\/\/staging.livingstonintl.com\/fr\/","name":"Livingston International","description":"Simplify Trade","potentialAction":[{"@type":"SearchAction","target":{"@type":"EntryPoint","urlTemplate":"https:\/\/staging.livingstonintl.com\/fr\/?s={search_term_string}"},"query-input":{"@type":"PropertyValueSpecification","valueRequired":true,"valueName":"search_term_string"}}],"inLanguage":"fr-FR"}]}},"_links":{"self":[{"href":"https:\/\/staging.livingstonintl.com\/fr\/wp-json\/wp\/v2\/pages\/44309","targetHints":{"allow":["GET"]}}],"collection":[{"href":"https:\/\/staging.livingstonintl.com\/fr\/wp-json\/wp\/v2\/pages"}],"about":[{"href":"https:\/\/staging.livingstonintl.com\/fr\/wp-json\/wp\/v2\/types\/page"}],"author":[{"embeddable":true,"href":"https:\/\/staging.livingstonintl.com\/fr\/wp-json\/wp\/v2\/users\/45"}],"replies":[{"embeddable":true,"href":"https:\/\/staging.livingstonintl.com\/fr\/wp-json\/wp\/v2\/comments?post=44309"}],"version-history":[{"count":0,"href":"https:\/\/staging.livingstonintl.com\/fr\/wp-json\/wp\/v2\/pages\/44309\/revisions"}],"up":[{"embeddable":true,"href":"https:\/\/staging.livingstonintl.com\/fr\/wp-json\/wp\/v2\/pages\/40860"}],"wp:attachment":[{"href":"https:\/\/staging.livingstonintl.com\/fr\/wp-json\/wp\/v2\/media?parent=44309"}],"curies":[{"name":"wp","href":"https:\/\/api.w.org\/{rel}","templated":true}]}}