{"id":44259,"date":"2018-10-04T10:53:59","date_gmt":"2018-10-04T14:53:59","guid":{"rendered":"\/?page_id=44259"},"modified":"2018-11-14T02:46:42","modified_gmt":"2018-11-14T07:46:42","slug":"sc","status":"publish","type":"page","link":"https:\/\/staging.livingstonintl.com\/fr\/sgu\/sc\/","title":{"rendered":"Gestion des donn\u00e9es Sant\u00e9 Canada sous les services \u00e0 guichet unique"},"content":{"rendered":"<p class=\"medium\">Sant\u00e9 Canada est l\u2019organisme gouvernemental participant responsable de la sant\u00e9 publique nationale.<\/p>\n<p><strong>Douze programmes rel\u00e8vent du ressort de Sant\u00e9 Canada. Les voici :<\/strong><\/p>\n<ul>\n<li>S\u00e9curit\u00e9 des produits de consommation<\/li>\n<li>M\u00e9dicaments \u00e0 usage humain<\/li>\n<li>Produits de sant\u00e9 naturels<\/li>\n<li>Bureau des substances contr\u00f4l\u00e9es<\/li>\n<li>M\u00e9dicaments v\u00e9t\u00e9rinaires<\/li>\n<li>Dispositifs \u00e9mettant des radiations<\/li>\n<li>Sang et composants du sang<\/li>\n<li>Cellules, tissus et organes<\/li>\n<li>Ingr\u00e9dients pharmaceutiques actifs<\/li>\n<li>Sperme de donneurs<\/li>\n<li>Instruments m\u00e9dicaux<\/li>\n<li>Pesticides<\/li>\n<\/ul>\n<p>Pour obtenir des renseignements sur les motifs des \u00e9l\u00e9ments de donn\u00e9es de chaque programme, veuillez consulter le site Web suivant : <a href=\"https:\/\/www.cbsa-asfc.gc.ca\/prog\/sw-gu\/data\/hc-sc-fra.html\" target=\"_blank\">https:\/\/www.cbsa-asfc.gc.ca\/prog\/sw-gu\/data\/hc-sc-fra.html<\/a>.<\/p>\n<h3>Utilisation pr\u00e9vue et conditions des programmes<\/h3>\n<p>Des conditions peuvent s\u2019appliquer pour d\u00e9terminer si des donn\u00e9es doivent \u00eatre soumises \u00e0 Sant\u00e9 Canada pour chacun des programmes susmentionn\u00e9s. Pour plus de d\u00e9tails sur les conditions du programme, veuillez consulter la fiche d\u2019information correspondante ci-dessous.<\/p>\n<h3>En savoir davantage<\/h3>\n<p>Pour de plus amples renseignements sur chacun des programmes supervis\u00e9s par Sant\u00e9 Canada et sur les exigences en mati\u00e8re de donn\u00e9es sous Services \u00e0 guichet unique, <strong>t\u00e9l\u00e9chargez les fiches d\u2019information <\/strong>:<\/p>\n<p><a href=\"\/livingston-content\/uploads\/2018\/11\/Program-sheet-Consumer-Product-Safety-FR-2.pdf\" class=\"button small pdf-download\" target=\"_blank\">S\u00e9curit\u00e9 des produits de consommation<\/a><a href=\"\/livingston-content\/uploads\/2018\/11\/Program-sheet_HC_Human-drugs-FR-1.pdf\" class=\"button small pdf-download\" target=\"_blank\">M\u00e9dicaments \u00e0 usage humain<\/a><a href=\"\/livingston-content\/uploads\/2018\/11\/Program-sheet-Natural-Health-Products-FR.pdf\" class=\"button small pdf-download\" target=\"_blank\">Produits de sant\u00e9 naturels<\/a><a href=\"\/livingston-content\/uploads\/2018\/11\/Program-sheet-Import-of-Controlled-Substances-Precursors-FR.pdf\" class=\"button small pdf-download\" target=\"_blank\">Substances contr\u00f4l\u00e9es<\/a><a href=\"\/livingston-content\/uploads\/2018\/11\/Program-sheet-Veterinary-drugs-FR.pdf\" class=\"button small pdf-download\" target=\"_blank\">M\u00e9dicaments v\u00e9t\u00e9rinaires<\/a><a href=\"\/livingston-content\/uploads\/2018\/11\/Program-sheet-Radiation-Emitting-Devices-FR.pdf\" class=\"button small pdf-download\" target=\"_blank\">Dispositifs \u00e9mettant des radiations<\/a><a href=\"\/livingston-content\/uploads\/2018\/11\/Program-sheet_HC_Blood-and-Blood-Components-FR-1.pdf\" class=\"button small pdf-download\" target=\"_blank\">Sang et composants du sang<\/a><a href=\"\/livingston-content\/uploads\/2018\/11\/Program-sheet_HC_Cells-Tissues-and-Organs-_-FR.pdf\" class=\"button small pdf-download\" target=\"_blank\">Cellules, tissus et organes<\/a><a href=\"\/livingston-content\/uploads\/2018\/11\/Program-Sheet-Active-Pharmaceuticals-FR.pdf\" class=\"button small pdf-download\" target=\"_blank\">Ingr\u00e9dients pharmaceutiques actifs<\/a><a href=\"\/livingston-content\/uploads\/2018\/11\/Program-sheet-Donor-semen-FR.pdf\" class=\"button small pdf-download\" target=\"_blank\">Sperme de donneurs<\/a><a href=\"\/livingston-content\/uploads\/2018\/11\/Program-sheet_HC_Medical-Devices-Fr.pdf\" class=\"button small pdf-download\" target=\"_blank\">Instruments m\u00e9dicaux<\/a><a href=\"\/livingston-content\/uploads\/2018\/11\/Program-sheet_HC_Pesticides-FR.pdf\" class=\"button small pdf-download\" target=\"_blank\">Pesticides<\/a><\/p>\n<h3>Faites confiance \u00e0 Livingston pour vos importations avec Sant\u00e9 Canada<\/h3>\n<p>Les experts en douane de Livingston sont l\u00e0 pour vous aider. Avec un effectif exhaustif d\u2019experts en affaires r\u00e9glementaires au Canada, nous connaissons les exigences de Sant\u00e9 Canada en d\u00e9tail et nous sommes pr\u00eats \u00e0 vous aider \u00e0 assurer votre conformit\u00e9.<\/p>\n<p>Livingston s\u2019engage \u00e0 assurer un processus d\u2019int\u00e9gration du SGU transparent pour ses clients actuels et nous sommes pr\u00eats \u00e0 soutenir de nouveaux clients ayant des besoins en mati\u00e8re de SGU, y compris leurs exigences pour Sant\u00e9 Canada et d\u2019autres OGP.<\/p>\n<p style=\"margin-top: 60px; font-size: 14px;\"><i>Nous nous effor\u00e7ons de veiller \u00e0 ce que l\u2019information publi\u00e9e sur la pr\u00e9sente page soit correcte et \u00e0 jour. Toutefois, il se peut que certains faits aient chang\u00e9 depuis notre derni\u00e8re mise \u00e0 jour. La derni\u00e8re mise \u00e0 jour du contenu de la pr\u00e9sente page a eu lieu le 12 novembre 2018.<\/i><\/p>\n","protected":false},"excerpt":{"rendered":"<p>Sant\u00e9 Canada est l\u2019organisme gouvernemental participant responsable de la sant\u00e9 publique nationale. Douze programmes rel\u00e8vent du ressort de Sant\u00e9 Canada. Les voici : S\u00e9curit\u00e9 des produits de consommation M\u00e9dicaments \u00e0 usage humain Produits de sant\u00e9 naturels Bureau des substances contr\u00f4l\u00e9es M\u00e9dicaments v\u00e9t\u00e9rinaires Dispositifs \u00e9mettant des radiations Sang et composants du sang Cellules, tissus et organes<a class=\"excerpt-read-more\" href=\"https:\/\/staging.livingstonintl.com\/fr\/sgu\/sc\/\" title=\"ReadGestion des donn\u00e9es Sant\u00e9 Canada sous les services \u00e0 guichet unique\">&#8230; Read more &raquo;<\/a><\/p>\n","protected":false},"author":45,"featured_media":0,"parent":40860,"menu_order":86,"comment_status":"closed","ping_status":"closed","template":"template-retired\/page-landing-withsidebar.php","meta":{"_acf_changed":false,"footnotes":""},"class_list":["post-44259","page","type-page","status-publish","hentry"],"acf":[],"yoast_head":"<!-- This site is optimized with the Yoast SEO plugin v26.8 - https:\/\/yoast.com\/product\/yoast-seo-wordpress\/ -->\n<title>Gestion des donn\u00e9es Sant\u00e9 Canada sous les services \u00e0 guichet unique - Livingston International<\/title>\n<meta name=\"robots\" content=\"noindex, follow, max-snippet:-1, max-image-preview:large, max-video-preview:-1\" \/>\n<meta property=\"og:locale\" content=\"fr_FR\" \/>\n<meta property=\"og:type\" content=\"article\" \/>\n<meta property=\"og:title\" content=\"Gestion des donn\u00e9es Sant\u00e9 Canada sous les services \u00e0 guichet unique - Livingston International\" \/>\n<meta property=\"og:description\" content=\"Sant\u00e9 Canada est l\u2019organisme gouvernemental participant responsable de la sant\u00e9 publique nationale. Douze programmes rel\u00e8vent du ressort de Sant\u00e9 Canada. Les voici : S\u00e9curit\u00e9 des produits de consommation M\u00e9dicaments \u00e0 usage humain Produits de sant\u00e9 naturels Bureau des substances contr\u00f4l\u00e9es M\u00e9dicaments v\u00e9t\u00e9rinaires Dispositifs \u00e9mettant des radiations Sang et composants du sang Cellules, tissus et organes... Read more &raquo;\" \/>\n<meta property=\"og:url\" content=\"https:\/\/staging.livingstonintl.com\/fr\/sgu\/sc\/\" \/>\n<meta property=\"og:site_name\" content=\"Livingston International\" \/>\n<meta property=\"article:publisher\" content=\"https:\/\/www.facebook.com\/livingstoninternational\" \/>\n<meta property=\"article:modified_time\" content=\"2018-11-14T07:46:42+00:00\" \/>\n<meta name=\"twitter:label1\" content=\"Dur\u00e9e de lecture estim\u00e9e\" \/>\n\t<meta name=\"twitter:data1\" content=\"2 minutes\" \/>\n<script type=\"application\/ld+json\" class=\"yoast-schema-graph\">{\"@context\":\"https:\/\/schema.org\",\"@graph\":[{\"@type\":\"WebPage\",\"@id\":\"https:\/\/staging.livingstonintl.com\/fr\/sgu\/sc\/\",\"url\":\"https:\/\/staging.livingstonintl.com\/fr\/sgu\/sc\/\",\"name\":\"Gestion des donn\u00e9es Sant\u00e9 Canada sous les services \u00e0 guichet unique - Livingston International\",\"isPartOf\":{\"@id\":\"https:\/\/staging.livingstonintl.com\/fr\/#website\"},\"datePublished\":\"2018-10-04T14:53:59+00:00\",\"dateModified\":\"2018-11-14T07:46:42+00:00\",\"breadcrumb\":{\"@id\":\"https:\/\/staging.livingstonintl.com\/fr\/sgu\/sc\/#breadcrumb\"},\"inLanguage\":\"fr-FR\",\"potentialAction\":[{\"@type\":\"ReadAction\",\"target\":[\"https:\/\/staging.livingstonintl.com\/fr\/sgu\/sc\/\"]}]},{\"@type\":\"BreadcrumbList\",\"@id\":\"https:\/\/staging.livingstonintl.com\/fr\/sgu\/sc\/#breadcrumb\",\"itemListElement\":[{\"@type\":\"ListItem\",\"position\":1,\"name\":\"Accueil\",\"item\":\"https:\/\/staging.livingstonintl.com\/fr\/\"},{\"@type\":\"ListItem\",\"position\":2,\"name\":\"Projet de services \u00e0 guichet unique. Ce que les importateurs doivent savoir.\",\"item\":\"https:\/\/staging.livingstonintl.com\/fr\/sgu\/\"},{\"@type\":\"ListItem\",\"position\":3,\"name\":\"Gestion des donn\u00e9es Sant\u00e9 Canada sous les services \u00e0 guichet unique\"}]},{\"@type\":\"WebSite\",\"@id\":\"https:\/\/staging.livingstonintl.com\/fr\/#website\",\"url\":\"https:\/\/staging.livingstonintl.com\/fr\/\",\"name\":\"Livingston International\",\"description\":\"Simplify Trade\",\"potentialAction\":[{\"@type\":\"SearchAction\",\"target\":{\"@type\":\"EntryPoint\",\"urlTemplate\":\"https:\/\/staging.livingstonintl.com\/fr\/?s={search_term_string}\"},\"query-input\":{\"@type\":\"PropertyValueSpecification\",\"valueRequired\":true,\"valueName\":\"search_term_string\"}}],\"inLanguage\":\"fr-FR\"}]}<\/script>\n<!-- \/ Yoast SEO plugin. -->","yoast_head_json":{"title":"Gestion des donn\u00e9es Sant\u00e9 Canada sous les services \u00e0 guichet unique - Livingston International","robots":{"index":"noindex","follow":"follow","max-snippet":"max-snippet:-1","max-image-preview":"max-image-preview:large","max-video-preview":"max-video-preview:-1"},"og_locale":"fr_FR","og_type":"article","og_title":"Gestion des donn\u00e9es Sant\u00e9 Canada sous les services \u00e0 guichet unique - Livingston International","og_description":"Sant\u00e9 Canada est l\u2019organisme gouvernemental participant responsable de la sant\u00e9 publique nationale. Douze programmes rel\u00e8vent du ressort de Sant\u00e9 Canada. Les voici : S\u00e9curit\u00e9 des produits de consommation M\u00e9dicaments \u00e0 usage humain Produits de sant\u00e9 naturels Bureau des substances contr\u00f4l\u00e9es M\u00e9dicaments v\u00e9t\u00e9rinaires Dispositifs \u00e9mettant des radiations Sang et composants du sang Cellules, tissus et organes... Read more &raquo;","og_url":"https:\/\/staging.livingstonintl.com\/fr\/sgu\/sc\/","og_site_name":"Livingston International","article_publisher":"https:\/\/www.facebook.com\/livingstoninternational","article_modified_time":"2018-11-14T07:46:42+00:00","twitter_misc":{"Dur\u00e9e de lecture estim\u00e9e":"2 minutes"},"schema":{"@context":"https:\/\/schema.org","@graph":[{"@type":"WebPage","@id":"https:\/\/staging.livingstonintl.com\/fr\/sgu\/sc\/","url":"https:\/\/staging.livingstonintl.com\/fr\/sgu\/sc\/","name":"Gestion des donn\u00e9es Sant\u00e9 Canada sous les services \u00e0 guichet unique - Livingston International","isPartOf":{"@id":"https:\/\/staging.livingstonintl.com\/fr\/#website"},"datePublished":"2018-10-04T14:53:59+00:00","dateModified":"2018-11-14T07:46:42+00:00","breadcrumb":{"@id":"https:\/\/staging.livingstonintl.com\/fr\/sgu\/sc\/#breadcrumb"},"inLanguage":"fr-FR","potentialAction":[{"@type":"ReadAction","target":["https:\/\/staging.livingstonintl.com\/fr\/sgu\/sc\/"]}]},{"@type":"BreadcrumbList","@id":"https:\/\/staging.livingstonintl.com\/fr\/sgu\/sc\/#breadcrumb","itemListElement":[{"@type":"ListItem","position":1,"name":"Accueil","item":"https:\/\/staging.livingstonintl.com\/fr\/"},{"@type":"ListItem","position":2,"name":"Projet de services \u00e0 guichet unique. Ce que les importateurs doivent savoir.","item":"https:\/\/staging.livingstonintl.com\/fr\/sgu\/"},{"@type":"ListItem","position":3,"name":"Gestion des donn\u00e9es Sant\u00e9 Canada sous les services \u00e0 guichet unique"}]},{"@type":"WebSite","@id":"https:\/\/staging.livingstonintl.com\/fr\/#website","url":"https:\/\/staging.livingstonintl.com\/fr\/","name":"Livingston International","description":"Simplify Trade","potentialAction":[{"@type":"SearchAction","target":{"@type":"EntryPoint","urlTemplate":"https:\/\/staging.livingstonintl.com\/fr\/?s={search_term_string}"},"query-input":{"@type":"PropertyValueSpecification","valueRequired":true,"valueName":"search_term_string"}}],"inLanguage":"fr-FR"}]}},"_links":{"self":[{"href":"https:\/\/staging.livingstonintl.com\/fr\/wp-json\/wp\/v2\/pages\/44259","targetHints":{"allow":["GET"]}}],"collection":[{"href":"https:\/\/staging.livingstonintl.com\/fr\/wp-json\/wp\/v2\/pages"}],"about":[{"href":"https:\/\/staging.livingstonintl.com\/fr\/wp-json\/wp\/v2\/types\/page"}],"author":[{"embeddable":true,"href":"https:\/\/staging.livingstonintl.com\/fr\/wp-json\/wp\/v2\/users\/45"}],"replies":[{"embeddable":true,"href":"https:\/\/staging.livingstonintl.com\/fr\/wp-json\/wp\/v2\/comments?post=44259"}],"version-history":[{"count":0,"href":"https:\/\/staging.livingstonintl.com\/fr\/wp-json\/wp\/v2\/pages\/44259\/revisions"}],"up":[{"embeddable":true,"href":"https:\/\/staging.livingstonintl.com\/fr\/wp-json\/wp\/v2\/pages\/40860"}],"wp:attachment":[{"href":"https:\/\/staging.livingstonintl.com\/fr\/wp-json\/wp\/v2\/media?parent=44259"}],"curies":[{"name":"wp","href":"https:\/\/api.w.org\/{rel}","templated":true}]}}