{"id":42400,"date":"2018-05-28T11:38:14","date_gmt":"2018-05-28T15:38:14","guid":{"rendered":"\/?page_id=42400"},"modified":"2021-03-11T09:18:17","modified_gmt":"2021-03-11T14:18:17","slug":"gerer-lincertitude-commerciale","status":"publish","type":"page","link":"https:\/\/staging.livingstonintl.com\/fr\/gerer-lincertitude-commerciale\/","title":{"rendered":"Mises \u00e0 jour r\u00e9glementaires"},"content":{"rendered":"<h1>LE MONDE DU COMMERCE EST EN CHANGEMENT.<span class=\"white\">L\u2019\u00caTES-VOUS?<\/span><\/h1>\n<p>Les nouvelles zones d\u2019\u00e9changes commerciaux, l\u2019\u00e9volution des accords de libre-\u00e9change et le renforcement des politiques commerciales protectionnistes continuent de cr\u00e9er des occasions et des risques commerciaux. <strong>Or, le changement constant ne se traduit pas n\u00e9cessairement par une perturbation constante.<\/strong><\/p>\n","protected":false},"excerpt":{"rendered":"<p>LE MONDE DU COMMERCE EST EN CHANGEMENT.L\u2019\u00caTES-VOUS? Les nouvelles zones d\u2019\u00e9changes commerciaux, l\u2019\u00e9volution des accords de libre-\u00e9change et le renforcement des politiques commerciales protectionnistes continuent de cr\u00e9er des occasions et des risques commerciaux. Or, le changement constant ne se traduit pas n\u00e9cessairement par une perturbation constante.<\/p>\n","protected":false},"author":45,"featured_media":53189,"parent":0,"menu_order":97,"comment_status":"closed","ping_status":"closed","template":"template-retired\/page-regulatory-changes.php","meta":{"_acf_changed":false,"footnotes":""},"class_list":["post-42400","page","type-page","status-publish","has-post-thumbnail","hentry"],"acf":[],"yoast_head":"<!-- This site is optimized with the Yoast SEO plugin v26.8 - https:\/\/yoast.com\/product\/yoast-seo-wordpress\/ -->\n<title>Mises \u00e0 jour r\u00e9glementaires - Livingston International<\/title>\n<meta name=\"robots\" content=\"noindex, follow, max-snippet:-1, max-image-preview:large, max-video-preview:-1\" \/>\n<meta property=\"og:locale\" content=\"fr_FR\" \/>\n<meta property=\"og:type\" content=\"article\" \/>\n<meta property=\"og:title\" content=\"Mises \u00e0 jour r\u00e9glementaires - Livingston International\" \/>\n<meta property=\"og:description\" content=\"LE MONDE DU COMMERCE EST EN CHANGEMENT.L\u2019\u00caTES-VOUS? Les nouvelles zones d\u2019\u00e9changes commerciaux, l\u2019\u00e9volution des accords de libre-\u00e9change et le renforcement des politiques commerciales protectionnistes continuent de cr\u00e9er des occasions et des risques commerciaux. Or, le changement constant ne se traduit pas n\u00e9cessairement par une perturbation constante.\" \/>\n<meta property=\"og:url\" content=\"https:\/\/staging.livingstonintl.com\/fr\/gerer-lincertitude-commerciale\/\" \/>\n<meta property=\"og:site_name\" content=\"Livingston International\" \/>\n<meta property=\"article:publisher\" content=\"https:\/\/www.facebook.com\/livingstoninternational\" \/>\n<meta property=\"article:modified_time\" content=\"2021-03-11T14:18:17+00:00\" \/>\n<meta property=\"og:image\" content=\"https:\/\/lii-mkt-content.s3.amazonaws.com\/staging.livingstonintl.com\/livingston-content\/uploads\/2021\/03\/04094225\/masthead-home.jpg\" \/>\n\t<meta property=\"og:image:width\" content=\"1920\" \/>\n\t<meta property=\"og:image:height\" content=\"1080\" \/>\n\t<meta property=\"og:image:type\" content=\"image\/jpeg\" \/>\n<script type=\"application\/ld+json\" class=\"yoast-schema-graph\">{\"@context\":\"https:\/\/schema.org\",\"@graph\":[{\"@type\":\"WebPage\",\"@id\":\"https:\/\/staging.livingstonintl.com\/fr\/gerer-lincertitude-commerciale\/\",\"url\":\"https:\/\/staging.livingstonintl.com\/fr\/gerer-lincertitude-commerciale\/\",\"name\":\"Mises \u00e0 jour r\u00e9glementaires - Livingston International\",\"isPartOf\":{\"@id\":\"https:\/\/staging.livingstonintl.com\/fr\/#website\"},\"primaryImageOfPage\":{\"@id\":\"https:\/\/staging.livingstonintl.com\/fr\/gerer-lincertitude-commerciale\/#primaryimage\"},\"image\":{\"@id\":\"https:\/\/staging.livingstonintl.com\/fr\/gerer-lincertitude-commerciale\/#primaryimage\"},\"thumbnailUrl\":\"https:\/\/lii-mkt-content.s3.amazonaws.com\/staging.livingstonintl.com\/livingston-content\/uploads\/2021\/03\/04094225\/masthead-home.jpg\",\"datePublished\":\"2018-05-28T15:38:14+00:00\",\"dateModified\":\"2021-03-11T14:18:17+00:00\",\"breadcrumb\":{\"@id\":\"https:\/\/staging.livingstonintl.com\/fr\/gerer-lincertitude-commerciale\/#breadcrumb\"},\"inLanguage\":\"fr-FR\",\"potentialAction\":[{\"@type\":\"ReadAction\",\"target\":[\"https:\/\/staging.livingstonintl.com\/fr\/gerer-lincertitude-commerciale\/\"]}]},{\"@type\":\"ImageObject\",\"inLanguage\":\"fr-FR\",\"@id\":\"https:\/\/staging.livingstonintl.com\/fr\/gerer-lincertitude-commerciale\/#primaryimage\",\"url\":\"https:\/\/lii-mkt-content.s3.amazonaws.com\/staging.livingstonintl.com\/livingston-content\/uploads\/2021\/03\/04094225\/masthead-home.jpg\",\"contentUrl\":\"https:\/\/lii-mkt-content.s3.amazonaws.com\/staging.livingstonintl.com\/livingston-content\/uploads\/2021\/03\/04094225\/masthead-home.jpg\",\"width\":1920,\"height\":1080},{\"@type\":\"BreadcrumbList\",\"@id\":\"https:\/\/staging.livingstonintl.com\/fr\/gerer-lincertitude-commerciale\/#breadcrumb\",\"itemListElement\":[{\"@type\":\"ListItem\",\"position\":1,\"name\":\"Accueil\",\"item\":\"https:\/\/staging.livingstonintl.com\/fr\/\"},{\"@type\":\"ListItem\",\"position\":2,\"name\":\"Mises \u00e0 jour r\u00e9glementaires\"}]},{\"@type\":\"WebSite\",\"@id\":\"https:\/\/staging.livingstonintl.com\/fr\/#website\",\"url\":\"https:\/\/staging.livingstonintl.com\/fr\/\",\"name\":\"Livingston International\",\"description\":\"Simplify Trade\",\"potentialAction\":[{\"@type\":\"SearchAction\",\"target\":{\"@type\":\"EntryPoint\",\"urlTemplate\":\"https:\/\/staging.livingstonintl.com\/fr\/?s={search_term_string}\"},\"query-input\":{\"@type\":\"PropertyValueSpecification\",\"valueRequired\":true,\"valueName\":\"search_term_string\"}}],\"inLanguage\":\"fr-FR\"}]}<\/script>\n<!-- \/ Yoast SEO plugin. -->","yoast_head_json":{"title":"Mises \u00e0 jour r\u00e9glementaires - Livingston International","robots":{"index":"noindex","follow":"follow","max-snippet":"max-snippet:-1","max-image-preview":"max-image-preview:large","max-video-preview":"max-video-preview:-1"},"og_locale":"fr_FR","og_type":"article","og_title":"Mises \u00e0 jour r\u00e9glementaires - Livingston International","og_description":"LE MONDE DU COMMERCE EST EN CHANGEMENT.L\u2019\u00caTES-VOUS? Les nouvelles zones d\u2019\u00e9changes commerciaux, l\u2019\u00e9volution des accords de libre-\u00e9change et le renforcement des politiques commerciales protectionnistes continuent de cr\u00e9er des occasions et des risques commerciaux. Or, le changement constant ne se traduit pas n\u00e9cessairement par une perturbation constante.","og_url":"https:\/\/staging.livingstonintl.com\/fr\/gerer-lincertitude-commerciale\/","og_site_name":"Livingston International","article_publisher":"https:\/\/www.facebook.com\/livingstoninternational","article_modified_time":"2021-03-11T14:18:17+00:00","og_image":[{"width":1920,"height":1080,"url":"https:\/\/lii-mkt-content.s3.amazonaws.com\/staging.livingstonintl.com\/livingston-content\/uploads\/2021\/03\/04094225\/masthead-home.jpg","type":"image\/jpeg"}],"schema":{"@context":"https:\/\/schema.org","@graph":[{"@type":"WebPage","@id":"https:\/\/staging.livingstonintl.com\/fr\/gerer-lincertitude-commerciale\/","url":"https:\/\/staging.livingstonintl.com\/fr\/gerer-lincertitude-commerciale\/","name":"Mises \u00e0 jour r\u00e9glementaires - Livingston International","isPartOf":{"@id":"https:\/\/staging.livingstonintl.com\/fr\/#website"},"primaryImageOfPage":{"@id":"https:\/\/staging.livingstonintl.com\/fr\/gerer-lincertitude-commerciale\/#primaryimage"},"image":{"@id":"https:\/\/staging.livingstonintl.com\/fr\/gerer-lincertitude-commerciale\/#primaryimage"},"thumbnailUrl":"https:\/\/lii-mkt-content.s3.amazonaws.com\/staging.livingstonintl.com\/livingston-content\/uploads\/2021\/03\/04094225\/masthead-home.jpg","datePublished":"2018-05-28T15:38:14+00:00","dateModified":"2021-03-11T14:18:17+00:00","breadcrumb":{"@id":"https:\/\/staging.livingstonintl.com\/fr\/gerer-lincertitude-commerciale\/#breadcrumb"},"inLanguage":"fr-FR","potentialAction":[{"@type":"ReadAction","target":["https:\/\/staging.livingstonintl.com\/fr\/gerer-lincertitude-commerciale\/"]}]},{"@type":"ImageObject","inLanguage":"fr-FR","@id":"https:\/\/staging.livingstonintl.com\/fr\/gerer-lincertitude-commerciale\/#primaryimage","url":"https:\/\/lii-mkt-content.s3.amazonaws.com\/staging.livingstonintl.com\/livingston-content\/uploads\/2021\/03\/04094225\/masthead-home.jpg","contentUrl":"https:\/\/lii-mkt-content.s3.amazonaws.com\/staging.livingstonintl.com\/livingston-content\/uploads\/2021\/03\/04094225\/masthead-home.jpg","width":1920,"height":1080},{"@type":"BreadcrumbList","@id":"https:\/\/staging.livingstonintl.com\/fr\/gerer-lincertitude-commerciale\/#breadcrumb","itemListElement":[{"@type":"ListItem","position":1,"name":"Accueil","item":"https:\/\/staging.livingstonintl.com\/fr\/"},{"@type":"ListItem","position":2,"name":"Mises \u00e0 jour r\u00e9glementaires"}]},{"@type":"WebSite","@id":"https:\/\/staging.livingstonintl.com\/fr\/#website","url":"https:\/\/staging.livingstonintl.com\/fr\/","name":"Livingston International","description":"Simplify Trade","potentialAction":[{"@type":"SearchAction","target":{"@type":"EntryPoint","urlTemplate":"https:\/\/staging.livingstonintl.com\/fr\/?s={search_term_string}"},"query-input":{"@type":"PropertyValueSpecification","valueRequired":true,"valueName":"search_term_string"}}],"inLanguage":"fr-FR"}]}},"_links":{"self":[{"href":"https:\/\/staging.livingstonintl.com\/fr\/wp-json\/wp\/v2\/pages\/42400","targetHints":{"allow":["GET"]}}],"collection":[{"href":"https:\/\/staging.livingstonintl.com\/fr\/wp-json\/wp\/v2\/pages"}],"about":[{"href":"https:\/\/staging.livingstonintl.com\/fr\/wp-json\/wp\/v2\/types\/page"}],"author":[{"embeddable":true,"href":"https:\/\/staging.livingstonintl.com\/fr\/wp-json\/wp\/v2\/users\/45"}],"replies":[{"embeddable":true,"href":"https:\/\/staging.livingstonintl.com\/fr\/wp-json\/wp\/v2\/comments?post=42400"}],"version-history":[{"count":1,"href":"https:\/\/staging.livingstonintl.com\/fr\/wp-json\/wp\/v2\/pages\/42400\/revisions"}],"predecessor-version":[{"id":50965,"href":"https:\/\/staging.livingstonintl.com\/fr\/wp-json\/wp\/v2\/pages\/42400\/revisions\/50965"}],"wp:featuredmedia":[{"embeddable":true,"href":"https:\/\/staging.livingstonintl.com\/fr\/wp-json\/wp\/v2\/media\/53189"}],"wp:attachment":[{"href":"https:\/\/staging.livingstonintl.com\/fr\/wp-json\/wp\/v2\/media?parent=42400"}],"curies":[{"name":"wp","href":"https:\/\/api.w.org\/{rel}","templated":true}]}}