{"id":41369,"date":"2018-03-16T12:00:30","date_gmt":"2018-03-16T16:00:30","guid":{"rendered":"\/?page_id=41369"},"modified":"2019-01-07T10:38:22","modified_gmt":"2019-01-07T15:38:22","slug":"acia","status":"publish","type":"page","link":"https:\/\/staging.livingstonintl.com\/fr\/sgu\/acia\/","title":{"rendered":"Gestion des donn\u00e9es de l\u2019ACIA sous les services \u00e0 guichet unique"},"content":{"rendered":"<p class=\"medium\">L\u2019Agence canadienne d\u2019inspection des aliments (ACIA) applique les r\u00e8glements et les normes \u00e9tablies par Sant\u00e9 Canada, qui r\u00e9gissent la salubrit\u00e9 et la qualit\u00e9 nutritionnelle de tous les aliments vendus au Canada. L\u2019Agence applique des normes strictes qui permettent de r\u00e9glementer et d\u2019assurer une surveillance des aliments, afin de pr\u00e9venir l\u2019introduction et la propagation de ravageurs et de maladies des v\u00e9g\u00e9taux, des animaux et de leurs produits, et de lutter contre ceux-ci et de les \u00e9radiquer.<\/p>\n<p><strong>Pour les services \u00e0 guichet unique, le programme suivant rel\u00e8ve de la comp\u00e9tence de l\u2019ACIA :<\/strong><\/p>\n<ul>\n<li>Tous les programmes (sant\u00e9 des animaux (notamment, la sant\u00e9 des animaux terrestres, la sant\u00e9 des animaux aquatiques et les produits biologiques \u00e0 usage v\u00e9t\u00e9rinaire), nourriture pour animaux, innocuit\u00e9 des engrais, aliments (y compris produits agroalimentaires, poissons et fruits de mer, viandes, aliments import\u00e9s et fabriqu\u00e9s), protection des v\u00e9g\u00e9taux, v\u00e9g\u00e9taux \u00e0 caract\u00e8res nouveaux, et semences)<\/li>\n<\/ul>\n<p>Certaines marchandises r\u00e9glement\u00e9es par l\u2019Agence canadienne d\u2019inspection des aliments (ACIA) requi\u00e8rent l\u2019envoi d\u2019un <a href=\"http:\/\/inspection.gc.ca\/about-the-cfia\/forms-and-publications\/forms-catalogue\/eng\/1328823628115\/1328823702784?form=c4560\">Formulaire de d\u00e9claration d\u2019importation (CFIA\/ACIA 4560)<\/a> au moment de l\u2019importation. Bien qu\u2019il ne s\u2019agisse pas d\u2019une nouvelle exigence, l\u2019application de la D\u00e9claration d\u2019importation par l\u2019ASFC et l\u2019ACIA variait d\u2019une r\u00e9gion \u00e0 l\u2019autre. Toutefois, en vertu des SGU, remplir et soumettre la D\u00e9claration d\u2019importation au moment du d\u00e9douanement deviendra une pratique uniforme et obligatoire.<\/p>\n<p>Les marchandises soumises \u00e0 la D\u00e9claration d\u2019importation de l\u2019ACIA comprennent :<\/p>\n<ul>\n<li>Produits laitiers<\/li>\n<li>Fruits et l\u00e9gumes transform\u00e9s<\/li>\n<li>Produits de l\u2019\u00e9rable<\/li>\n<li>Miel<\/li>\n<li>Semences<\/li>\n<li>Moul\u00e9e<\/li>\n<li>Engrais<\/li>\n<\/ul>\n<p>\u00c0 des fins de conformit\u00e9, une D\u00e9claration d\u2019importation remplie par l\u2019importateur ou le repr\u00e9sentant de l\u2019importateur (p. ex., un courtier en douane) est requise au moment de l\u2019importation.<\/p>\n<p>Afin d\u2019\u00e9viter les retards de d\u00e9douanement, nous vous recommandons de joindre \u00e0 toutes les importations de marchandises \u00e9num\u00e9r\u00e9es ci-dessus une D\u00e9claration d\u2019importation d\u00fbment remplie.<\/p>\n<p>Pour obtenir des renseignements sur les motifs des \u00e9l\u00e9ments de donn\u00e9es du programme, veuillez vous rendre \u00e0 :<br \/>\n<a href=\"https:\/\/www.cbsa-asfc.gc.ca\/prog\/sw-gu\/data\/cfia-acia-fra.html\" target=\"_blank\" rel=\"noopener\">https:\/\/www.cbsa-asfc.gc.ca\/prog\/sw-gu\/data\/cfia-acia-fra.html<\/a>.<\/p>\n<h3>Conditions du programme<\/h3>\n<p>Des conditions peuvent s\u2019appliquer pour d\u00e9terminer si des donn\u00e9es doivent \u00eatre soumises \u00e0 l\u2019Agence canadienne d\u2019inspection des aliments pour le programme susmentionn\u00e9. Pour plus de d\u00e9tails sur les conditions du programme, veuillez consulter la fiche d\u2019information correspondante ci-dessous.<\/p>\n<h3>En savoir davantage<\/h3>\n<p>Pour de plus amples renseignements sur le programme supervis\u00e9 par l\u2019Agence canadienne d\u2019inspection des aliments et sur les exigences en mati\u00e8re de donn\u00e9es pour les services \u00e0 guichet unique, <strong>t\u00e9l\u00e9chargez la fiche d\u2019information <\/strong>:<\/p>\n<p><a class=\"button small pdf-download\" href=\"\/livingston-content\/uploads\/2018\/11\/Program-sheet-Food-plants-animals-and-related-products-Fr.pdf\" target=\"_blank\" rel=\"noopener\">Tous les programmes (sant\u00e9 des animaux (notamment, la sant\u00e9 des animaux terrestres, la sant\u00e9 des animaux aquatiques et les produits biologiques \u00e0 usage v\u00e9t\u00e9rinaire), nourriture pour animaux, innocuit\u00e9 des engrais, aliments (y compris produits agroalimentaires, poissons et fruits de mer, viandes, aliments import\u00e9s et fabriqu\u00e9s), protection des v\u00e9g\u00e9taux, v\u00e9g\u00e9taux \u00e0 caract\u00e8res nouveaux, et semences)<\/a><\/p>\n<h3>Faites confiance \u00e0 Livingston pour vos importations avec l\u2019ACIA<\/h3>\n<p>Les experts en douane de Livingston sont l\u00e0 pour vous aider. Avec un personnel exhaustif d\u2019experts en affaires r\u00e9glementaires au Canada, nous connaissons les exigences de l\u2019ACIA en d\u00e9tail et nous sommes pr\u00eats \u00e0 vous aider \u00e0 assurer votre conformit\u00e9.<\/p>\n<p>Livingston s\u2019engage \u00e0 assurer un processus d\u2019int\u00e9gration du SGU transparent pour ses clients actuels, et nous sommes pr\u00eats \u00e0 soutenir de nouveaux clients avec leurs besoins en mati\u00e8re de SGU, y compris les exigences de l\u2019ACIA et d\u2019autres exigences des OGP.<\/p>\n<p style=\"margin-top: 60px; font-size: 14px;\"><i>Nous nous effor\u00e7ons de veiller \u00e0 ce que l\u2019information publi\u00e9e sur la pr\u00e9sente page soit correcte et \u00e0 jour. Toutefois, il se peut que certains faits aient chang\u00e9 depuis notre derni\u00e8re mise \u00e0 jour. La derni\u00e8re mise \u00e0 jour du contenu de la pr\u00e9sente page a eu lieu le 12 novembre 2018.<\/i><\/p>\n","protected":false},"excerpt":{"rendered":"<p>L\u2019Agence canadienne d\u2019inspection des aliments (ACIA) applique les r\u00e8glements et les normes \u00e9tablies par Sant\u00e9 Canada, qui r\u00e9gissent la salubrit\u00e9 et la qualit\u00e9 nutritionnelle de tous les aliments vendus au Canada. L\u2019Agence applique des normes strictes qui permettent de r\u00e9glementer et d\u2019assurer une surveillance des aliments, afin de pr\u00e9venir l\u2019introduction et la propagation de ravageurs<a class=\"excerpt-read-more\" href=\"https:\/\/staging.livingstonintl.com\/fr\/sgu\/acia\/\" title=\"ReadGestion des donn\u00e9es de l\u2019ACIA sous les services \u00e0 guichet unique\">&#8230; Read more &raquo;<\/a><\/p>\n","protected":false},"author":36,"featured_media":35089,"parent":40860,"menu_order":209,"comment_status":"closed","ping_status":"closed","template":"template-retired\/page-landing-withsidebar.php","meta":{"_acf_changed":false,"footnotes":""},"class_list":["post-41369","page","type-page","status-publish","has-post-thumbnail","hentry"],"acf":[],"yoast_head":"<!-- This site is optimized with the Yoast SEO plugin v26.8 - https:\/\/yoast.com\/product\/yoast-seo-wordpress\/ -->\n<title>Gestion des donn\u00e9es de l\u2019ACIA sous les services \u00e0 guichet unique - Livingston International<\/title>\n<meta name=\"robots\" content=\"noindex, follow, max-snippet:-1, max-image-preview:large, max-video-preview:-1\" \/>\n<meta property=\"og:locale\" content=\"fr_FR\" \/>\n<meta property=\"og:type\" content=\"article\" \/>\n<meta property=\"og:title\" content=\"Gestion des donn\u00e9es de l\u2019ACIA sous les services \u00e0 guichet unique - Livingston International\" \/>\n<meta property=\"og:description\" content=\"L\u2019Agence canadienne d\u2019inspection des aliments (ACIA) applique les r\u00e8glements et les normes \u00e9tablies par Sant\u00e9 Canada, qui r\u00e9gissent la salubrit\u00e9 et la qualit\u00e9 nutritionnelle de tous les aliments vendus au Canada. L\u2019Agence applique des normes strictes qui permettent de r\u00e9glementer et d\u2019assurer une surveillance des aliments, afin de pr\u00e9venir l\u2019introduction et la propagation de ravageurs... Read more &raquo;\" \/>\n<meta property=\"og:url\" content=\"https:\/\/staging.livingstonintl.com\/fr\/sgu\/acia\/\" \/>\n<meta property=\"og:site_name\" content=\"Livingston International\" \/>\n<meta property=\"article:publisher\" content=\"https:\/\/www.facebook.com\/livingstoninternational\" \/>\n<meta property=\"article:modified_time\" content=\"2019-01-07T15:38:22+00:00\" \/>\n<meta property=\"og:image\" content=\"https:\/\/lii-mkt-content.s3.amazonaws.com\/livingston-content\/uploads\/2017\/02\/25230146\/03-canada-FTA.jpg\" \/>\n\t<meta property=\"og:image:width\" content=\"900\" \/>\n\t<meta property=\"og:image:height\" content=\"600\" \/>\n\t<meta property=\"og:image:type\" content=\"image\/jpeg\" \/>\n<meta name=\"twitter:label1\" content=\"Dur\u00e9e de lecture estim\u00e9e\" \/>\n\t<meta name=\"twitter:data1\" content=\"3 minutes\" \/>\n<script type=\"application\/ld+json\" class=\"yoast-schema-graph\">{\"@context\":\"https:\/\/schema.org\",\"@graph\":[{\"@type\":\"WebPage\",\"@id\":\"https:\/\/staging.livingstonintl.com\/fr\/sgu\/acia\/\",\"url\":\"https:\/\/staging.livingstonintl.com\/fr\/sgu\/acia\/\",\"name\":\"Gestion des donn\u00e9es de l\u2019ACIA sous les services \u00e0 guichet unique - Livingston International\",\"isPartOf\":{\"@id\":\"https:\/\/staging.livingstonintl.com\/fr\/#website\"},\"primaryImageOfPage\":{\"@id\":\"https:\/\/staging.livingstonintl.com\/fr\/sgu\/acia\/#primaryimage\"},\"image\":{\"@id\":\"https:\/\/staging.livingstonintl.com\/fr\/sgu\/acia\/#primaryimage\"},\"thumbnailUrl\":\"https:\/\/lii-mkt-content.s3.amazonaws.com\/livingston-content\/uploads\/2017\/02\/25230146\/03-canada-FTA.jpg\",\"datePublished\":\"2018-03-16T16:00:30+00:00\",\"dateModified\":\"2019-01-07T15:38:22+00:00\",\"breadcrumb\":{\"@id\":\"https:\/\/staging.livingstonintl.com\/fr\/sgu\/acia\/#breadcrumb\"},\"inLanguage\":\"fr-FR\",\"potentialAction\":[{\"@type\":\"ReadAction\",\"target\":[\"https:\/\/staging.livingstonintl.com\/fr\/sgu\/acia\/\"]}]},{\"@type\":\"ImageObject\",\"inLanguage\":\"fr-FR\",\"@id\":\"https:\/\/staging.livingstonintl.com\/fr\/sgu\/acia\/#primaryimage\",\"url\":\"https:\/\/lii-mkt-content.s3.amazonaws.com\/livingston-content\/uploads\/2017\/02\/25230146\/03-canada-FTA.jpg\",\"contentUrl\":\"https:\/\/lii-mkt-content.s3.amazonaws.com\/livingston-content\/uploads\/2017\/02\/25230146\/03-canada-FTA.jpg\",\"width\":900,\"height\":600},{\"@type\":\"BreadcrumbList\",\"@id\":\"https:\/\/staging.livingstonintl.com\/fr\/sgu\/acia\/#breadcrumb\",\"itemListElement\":[{\"@type\":\"ListItem\",\"position\":1,\"name\":\"Accueil\",\"item\":\"https:\/\/staging.livingstonintl.com\/fr\/\"},{\"@type\":\"ListItem\",\"position\":2,\"name\":\"Projet de services \u00e0 guichet unique. Ce que les importateurs doivent savoir.\",\"item\":\"https:\/\/staging.livingstonintl.com\/fr\/sgu\/\"},{\"@type\":\"ListItem\",\"position\":3,\"name\":\"Gestion des donn\u00e9es de l\u2019ACIA sous les services \u00e0 guichet unique\"}]},{\"@type\":\"WebSite\",\"@id\":\"https:\/\/staging.livingstonintl.com\/fr\/#website\",\"url\":\"https:\/\/staging.livingstonintl.com\/fr\/\",\"name\":\"Livingston International\",\"description\":\"Simplify Trade\",\"potentialAction\":[{\"@type\":\"SearchAction\",\"target\":{\"@type\":\"EntryPoint\",\"urlTemplate\":\"https:\/\/staging.livingstonintl.com\/fr\/?s={search_term_string}\"},\"query-input\":{\"@type\":\"PropertyValueSpecification\",\"valueRequired\":true,\"valueName\":\"search_term_string\"}}],\"inLanguage\":\"fr-FR\"}]}<\/script>\n<!-- \/ Yoast SEO plugin. -->","yoast_head_json":{"title":"Gestion des donn\u00e9es de l\u2019ACIA sous les services \u00e0 guichet unique - Livingston International","robots":{"index":"noindex","follow":"follow","max-snippet":"max-snippet:-1","max-image-preview":"max-image-preview:large","max-video-preview":"max-video-preview:-1"},"og_locale":"fr_FR","og_type":"article","og_title":"Gestion des donn\u00e9es de l\u2019ACIA sous les services \u00e0 guichet unique - Livingston International","og_description":"L\u2019Agence canadienne d\u2019inspection des aliments (ACIA) applique les r\u00e8glements et les normes \u00e9tablies par Sant\u00e9 Canada, qui r\u00e9gissent la salubrit\u00e9 et la qualit\u00e9 nutritionnelle de tous les aliments vendus au Canada. L\u2019Agence applique des normes strictes qui permettent de r\u00e9glementer et d\u2019assurer une surveillance des aliments, afin de pr\u00e9venir l\u2019introduction et la propagation de ravageurs... Read more &raquo;","og_url":"https:\/\/staging.livingstonintl.com\/fr\/sgu\/acia\/","og_site_name":"Livingston International","article_publisher":"https:\/\/www.facebook.com\/livingstoninternational","article_modified_time":"2019-01-07T15:38:22+00:00","og_image":[{"width":900,"height":600,"url":"https:\/\/lii-mkt-content.s3.amazonaws.com\/livingston-content\/uploads\/2017\/02\/25230146\/03-canada-FTA.jpg","type":"image\/jpeg"}],"twitter_misc":{"Dur\u00e9e de lecture estim\u00e9e":"3 minutes"},"schema":{"@context":"https:\/\/schema.org","@graph":[{"@type":"WebPage","@id":"https:\/\/staging.livingstonintl.com\/fr\/sgu\/acia\/","url":"https:\/\/staging.livingstonintl.com\/fr\/sgu\/acia\/","name":"Gestion des donn\u00e9es de l\u2019ACIA sous les services \u00e0 guichet unique - Livingston International","isPartOf":{"@id":"https:\/\/staging.livingstonintl.com\/fr\/#website"},"primaryImageOfPage":{"@id":"https:\/\/staging.livingstonintl.com\/fr\/sgu\/acia\/#primaryimage"},"image":{"@id":"https:\/\/staging.livingstonintl.com\/fr\/sgu\/acia\/#primaryimage"},"thumbnailUrl":"https:\/\/lii-mkt-content.s3.amazonaws.com\/livingston-content\/uploads\/2017\/02\/25230146\/03-canada-FTA.jpg","datePublished":"2018-03-16T16:00:30+00:00","dateModified":"2019-01-07T15:38:22+00:00","breadcrumb":{"@id":"https:\/\/staging.livingstonintl.com\/fr\/sgu\/acia\/#breadcrumb"},"inLanguage":"fr-FR","potentialAction":[{"@type":"ReadAction","target":["https:\/\/staging.livingstonintl.com\/fr\/sgu\/acia\/"]}]},{"@type":"ImageObject","inLanguage":"fr-FR","@id":"https:\/\/staging.livingstonintl.com\/fr\/sgu\/acia\/#primaryimage","url":"https:\/\/lii-mkt-content.s3.amazonaws.com\/livingston-content\/uploads\/2017\/02\/25230146\/03-canada-FTA.jpg","contentUrl":"https:\/\/lii-mkt-content.s3.amazonaws.com\/livingston-content\/uploads\/2017\/02\/25230146\/03-canada-FTA.jpg","width":900,"height":600},{"@type":"BreadcrumbList","@id":"https:\/\/staging.livingstonintl.com\/fr\/sgu\/acia\/#breadcrumb","itemListElement":[{"@type":"ListItem","position":1,"name":"Accueil","item":"https:\/\/staging.livingstonintl.com\/fr\/"},{"@type":"ListItem","position":2,"name":"Projet de services \u00e0 guichet unique. Ce que les importateurs doivent savoir.","item":"https:\/\/staging.livingstonintl.com\/fr\/sgu\/"},{"@type":"ListItem","position":3,"name":"Gestion des donn\u00e9es de l\u2019ACIA sous les services \u00e0 guichet unique"}]},{"@type":"WebSite","@id":"https:\/\/staging.livingstonintl.com\/fr\/#website","url":"https:\/\/staging.livingstonintl.com\/fr\/","name":"Livingston International","description":"Simplify Trade","potentialAction":[{"@type":"SearchAction","target":{"@type":"EntryPoint","urlTemplate":"https:\/\/staging.livingstonintl.com\/fr\/?s={search_term_string}"},"query-input":{"@type":"PropertyValueSpecification","valueRequired":true,"valueName":"search_term_string"}}],"inLanguage":"fr-FR"}]}},"_links":{"self":[{"href":"https:\/\/staging.livingstonintl.com\/fr\/wp-json\/wp\/v2\/pages\/41369","targetHints":{"allow":["GET"]}}],"collection":[{"href":"https:\/\/staging.livingstonintl.com\/fr\/wp-json\/wp\/v2\/pages"}],"about":[{"href":"https:\/\/staging.livingstonintl.com\/fr\/wp-json\/wp\/v2\/types\/page"}],"author":[{"embeddable":true,"href":"https:\/\/staging.livingstonintl.com\/fr\/wp-json\/wp\/v2\/users\/36"}],"replies":[{"embeddable":true,"href":"https:\/\/staging.livingstonintl.com\/fr\/wp-json\/wp\/v2\/comments?post=41369"}],"version-history":[{"count":0,"href":"https:\/\/staging.livingstonintl.com\/fr\/wp-json\/wp\/v2\/pages\/41369\/revisions"}],"up":[{"embeddable":true,"href":"https:\/\/staging.livingstonintl.com\/fr\/wp-json\/wp\/v2\/pages\/40860"}],"wp:featuredmedia":[{"embeddable":true,"href":"https:\/\/staging.livingstonintl.com\/fr\/wp-json\/wp\/v2\/media\/35089"}],"wp:attachment":[{"href":"https:\/\/staging.livingstonintl.com\/fr\/wp-json\/wp\/v2\/media?parent=41369"}],"curies":[{"name":"wp","href":"https:\/\/api.w.org\/{rel}","templated":true}]}}