{"id":40860,"date":"2018-02-08T21:23:49","date_gmt":"2018-02-09T02:23:49","guid":{"rendered":"\/?page_id=40860"},"modified":"2020-03-26T13:10:39","modified_gmt":"2020-03-26T17:10:39","slug":"sgu","status":"publish","type":"page","link":"https:\/\/staging.livingstonintl.com\/fr\/sgu\/","title":{"rendered":"Projet de services \u00e0 guichet unique. Ce que les importateurs doivent savoir."},"content":{"rendered":"<h3 class=\"medium\">AVIS : En raison de la pand\u00e9mie de la COVID-19, l\u2019Agence des services frontaliers du Canada (ASFC) retarde la mise hors service des anciennes options de services pour les autres minist\u00e8res. Une nouvelle date n\u2019a pas encore \u00e9t\u00e9 d\u00e9termin\u00e9e. Nous encourageons les courtiers et les importateurs \u00e0 continuer d\u2019utiliser la DII des SGU ou les anciennes options de service (SEA d\u2019autres minist\u00e8res, MDM d\u2019autres minist\u00e8res) afin de d\u00e9douaner les marchandises r\u00e9glement\u00e9es par l\u2019OGP.<\/h3>\n<p class=\"medium\">Le projet de Services \u00e0 guichet unique\u00a0(SGU) de l\u2019Agence des services frontaliers du Canada\u00a0(ASFC) se concentre sur la normalisation des donn\u00e9es et la simplification des processus.<\/p>\n<p>Ce projet r\u00e9duira en partie les risques et am\u00e9liorera les contr\u00f4les \u00e0 la fronti\u00e8re en permettant \u00e0 la Douane de mieux cibler les marchandises avec des besoins d\u2019importation, de valider les permis et d\u2019\u00e9changer des renseignements avec les Organismes gouvernementales participantes\u00a0(OGP).<\/p>\n<p>L\u2019int\u00e9gration aux services \u00e0 guichet unique s\u2019est effectu\u00e9e le 1er janvier 2019 \u2013 d\u2019ici cette date, les courtiers en douane doivent avoir termin\u00e9 les tests et \u00eatre certifi\u00e9s pour la transmission par l\u2019entremise de la D\u00e9claration int\u00e9gr\u00e9e des importations (DII). Il \u00e9tait pr\u00e9vu que les options de service existantes du Syst\u00e8me d\u2019examen avant l\u2019arriv\u00e9e (PARS) et de la Mainlev\u00e9e contre documentation minimale (MDM) pour les OGP soient interrompues le 1er avril 2019, cependant l\u2019ASFC a annonc\u00e9 une prolongation jusqu&rsquo;en octobre 2019 et, plus r\u00e9cemment, une nouvelle prolongation a \u00e9t\u00e9 annonc\u00e9e pour le 1er avril 2020.<\/p>\n<h3>Contexte du programme<\/h3>\n<p>Le programme modernise et harmonise les processus de traitement des importations canadiennes et am\u00e9ricaines dans le cadre du Plan d\u2019action Par-del\u00e0 la fronti\u00e8re.<\/p>\n<p>Avec le SGU, les importateurs peuvent d\u00e9poser \u00e9lectroniquement tous les documents requis \u00e0 l\u2019ASFC, y compris les renseignements exig\u00e9s par les OGP. L\u2019ASFC transmettra alors toutes les donn\u00e9es applicables directement aux AGP respectives. Les OGP passeront en revue les renseignements ayant \u00e9t\u00e9 re\u00e7us et retourneront leur d\u00e9cision de lev\u00e9e \u00e0 la Douane qui la transmettra \u00e0 l\u2019importateur concern\u00e9.<\/p>\n<p>Cette solution int\u00e9gr\u00e9e permet aux importateurs de se conformer aux exigences r\u00e9glementaires de multiples agences gouvernementales en envoyant les donn\u00e9es relatives \u00e0 leurs chargements par la d\u00e9claration int\u00e9gr\u00e9e des importations\u00a0(DII). Cela permet non seulement de simplifier le processus d\u2019importation, mais aussi d\u2019\u00e9liminer la redondance et r\u00e9duit les d\u00e9lais de d\u00e9douanement.<\/p>\n<p><strong style=\"font-size: 18px;\">La date de transition \u00e0 venir affectera les OGP suivants :<\/strong><\/p>\n<p>Pour plus d&rsquo;informations sur les OGP et leurs programmes respectifs, cliquez sur le nom de l&rsquo;OGP.<\/p>\n<ul>\n<li><a href=\"\/fr\/sgu\/acia\/\">Agence canadienne d\u2019inspection des aliments (ACIA)<\/a><\/li>\n<li><a href=\"\/fr\/sgu\/ccsn\/\">Commission canadienne de s\u00fbret\u00e9 nucl\u00e9aire (CCSN)<\/a><\/li>\n<li><a href=\"\/fr\/sgu\/eccc\/\">Environnement et changement climatique Canada (ECCC)<\/a><\/li>\n<li><a href=\"\/fr\/sgu\/mpo\/\">P\u00eaches et Oc\u00e9ans Canada (MPO)<\/a><\/li>\n<li><a href=\"\/fr\/sgu\/amc\/\">Affaires mondiales Canada (AMC)<\/a><\/li>\n<li><a href=\"\/fr\/sgu\/sc\/\">Sant\u00e9 Canada (SC)<\/a><\/li>\n<li><a href=\"\/fr\/sgu\/rncan\/\">Ressources naturelles Canada (RNCAN)<\/a><\/li>\n<li><a href=\"\/fr\/sgu\/aspc\/\">Agence de la sant\u00e9 publique du Canada (ASPC)<\/a><\/li>\n<li><a href=\"\/fr\/sgu\/tc\/\">Transports\u00a0Canada (TC)<\/a><\/li>\n<\/ul>\n<h3>Dates importantes pour le d\u00e9ploiement du SGU<\/h3>\n<p><strong>1er janvier 2019<\/strong> : Date limite pour obtenir la certification du syst\u00e8me pour tous les OGP et les titres de compte.<\/p>\n<p><strong>1er avril 2020:<\/strong> Date limite pour temporiser les anciennes options de service pour le Syst\u00e8me d\u2019examen avant l\u2019arriv\u00e9e (SEA) des autres organismes gouvernementaux et les exp\u00e9ditions avec mainlev\u00e9e contre documentation minimale (MDM).<\/p>\n<h3>Livingston est pr\u00eat pour le SGU<\/h3>\n<p>Les gens, les processus et la technologie de Livingston sont tous pr\u00eats pour le SGU\u00a0:<\/p>\n<ul>\n<li>Nous participons au Guichet unique depuis octobre\u00a02016 pour nous assurer de bien conna\u00eetre le SGU et ses exigences.<\/li>\n<li>Nous avons mis \u00e0 jour nos syst\u00e8mes de courtage afin qu\u2019ils soient enti\u00e8rement conformes aux normes du SGU.<\/li>\n<li>Nous nous engageons \u00e0 informer nos clients de tout changement d\u00e8s que nous en prendrons connaissance.<\/li>\n<\/ul>\n<p style=\"margin-top: 60px; font-size: 14px;\"><i>Bien que nous ayons tout mis en \u0153uvre pour nous assurer que l\u2019information publi\u00e9e sur les pages des ressources du projet de Services \u00e0 guichet unique (SGU) a \u00e9t\u00e9 obtenue aupr\u00e8s de sources fiables, Livingston International n\u2019est responsable d\u2019aucune erreur ou omission, et n\u2019est pas responsable des r\u00e9sultats obtenus \u00e0 la suite de l\u2019utilisation de cette information.<\/i><\/p>\n","protected":false},"excerpt":{"rendered":"<p>AVIS : En raison de la pand\u00e9mie de la COVID-19, l\u2019Agence des services frontaliers du Canada (ASFC) retarde la mise hors service des anciennes options de services pour les autres minist\u00e8res. Une nouvelle date n\u2019a pas encore \u00e9t\u00e9 d\u00e9termin\u00e9e. Nous encourageons les courtiers et les importateurs \u00e0 continuer d\u2019utiliser la DII des SGU ou les<a class=\"excerpt-read-more\" href=\"https:\/\/staging.livingstonintl.com\/fr\/sgu\/\" title=\"ReadProjet de services \u00e0 guichet unique. Ce que les importateurs doivent savoir.\">&#8230; Read more &raquo;<\/a><\/p>\n","protected":false},"author":36,"featured_media":0,"parent":0,"menu_order":207,"comment_status":"closed","ping_status":"closed","template":"template-retired\/page-landing-withsidebar.php","meta":{"_acf_changed":false,"footnotes":""},"class_list":["post-40860","page","type-page","status-publish","hentry"],"acf":[],"yoast_head":"<!-- This site is optimized with the Yoast SEO plugin v26.8 - https:\/\/yoast.com\/product\/yoast-seo-wordpress\/ -->\n<title>Projet de services \u00e0 guichet unique. Ce que les importateurs doivent savoir. - Livingston International<\/title>\n<meta name=\"robots\" content=\"noindex, follow, max-snippet:-1, max-image-preview:large, max-video-preview:-1\" \/>\n<meta property=\"og:locale\" content=\"fr_FR\" \/>\n<meta property=\"og:type\" content=\"article\" \/>\n<meta property=\"og:title\" content=\"Projet de services \u00e0 guichet unique. Ce que les importateurs doivent savoir. - Livingston International\" \/>\n<meta property=\"og:description\" content=\"AVIS : En raison de la pand\u00e9mie de la COVID-19, l\u2019Agence des services frontaliers du Canada (ASFC) retarde la mise hors service des anciennes options de services pour les autres minist\u00e8res. Une nouvelle date n\u2019a pas encore \u00e9t\u00e9 d\u00e9termin\u00e9e. Nous encourageons les courtiers et les importateurs \u00e0 continuer d\u2019utiliser la DII des SGU ou les... Read more &raquo;\" \/>\n<meta property=\"og:url\" content=\"https:\/\/staging.livingstonintl.com\/fr\/sgu\/\" \/>\n<meta property=\"og:site_name\" content=\"Livingston International\" \/>\n<meta property=\"article:publisher\" content=\"https:\/\/www.facebook.com\/livingstoninternational\" \/>\n<meta property=\"article:modified_time\" content=\"2020-03-26T17:10:39+00:00\" \/>\n<meta name=\"twitter:label1\" content=\"Dur\u00e9e de lecture estim\u00e9e\" \/>\n\t<meta name=\"twitter:data1\" content=\"4 minutes\" \/>\n<script type=\"application\/ld+json\" class=\"yoast-schema-graph\">{\"@context\":\"https:\/\/schema.org\",\"@graph\":[{\"@type\":\"WebPage\",\"@id\":\"https:\/\/staging.livingstonintl.com\/fr\/sgu\/\",\"url\":\"https:\/\/staging.livingstonintl.com\/fr\/sgu\/\",\"name\":\"Projet de services \u00e0 guichet unique. Ce que les importateurs doivent savoir. - Livingston International\",\"isPartOf\":{\"@id\":\"https:\/\/staging.livingstonintl.com\/fr\/#website\"},\"datePublished\":\"2018-02-09T02:23:49+00:00\",\"dateModified\":\"2020-03-26T17:10:39+00:00\",\"breadcrumb\":{\"@id\":\"https:\/\/staging.livingstonintl.com\/fr\/sgu\/#breadcrumb\"},\"inLanguage\":\"fr-FR\",\"potentialAction\":[{\"@type\":\"ReadAction\",\"target\":[\"https:\/\/staging.livingstonintl.com\/fr\/sgu\/\"]}]},{\"@type\":\"BreadcrumbList\",\"@id\":\"https:\/\/staging.livingstonintl.com\/fr\/sgu\/#breadcrumb\",\"itemListElement\":[{\"@type\":\"ListItem\",\"position\":1,\"name\":\"Accueil\",\"item\":\"https:\/\/staging.livingstonintl.com\/fr\/\"},{\"@type\":\"ListItem\",\"position\":2,\"name\":\"Projet de services \u00e0 guichet unique. Ce que les importateurs doivent savoir.\"}]},{\"@type\":\"WebSite\",\"@id\":\"https:\/\/staging.livingstonintl.com\/fr\/#website\",\"url\":\"https:\/\/staging.livingstonintl.com\/fr\/\",\"name\":\"Livingston International\",\"description\":\"Simplify Trade\",\"potentialAction\":[{\"@type\":\"SearchAction\",\"target\":{\"@type\":\"EntryPoint\",\"urlTemplate\":\"https:\/\/staging.livingstonintl.com\/fr\/?s={search_term_string}\"},\"query-input\":{\"@type\":\"PropertyValueSpecification\",\"valueRequired\":true,\"valueName\":\"search_term_string\"}}],\"inLanguage\":\"fr-FR\"}]}<\/script>\n<!-- \/ Yoast SEO plugin. -->","yoast_head_json":{"title":"Projet de services \u00e0 guichet unique. Ce que les importateurs doivent savoir. - Livingston International","robots":{"index":"noindex","follow":"follow","max-snippet":"max-snippet:-1","max-image-preview":"max-image-preview:large","max-video-preview":"max-video-preview:-1"},"og_locale":"fr_FR","og_type":"article","og_title":"Projet de services \u00e0 guichet unique. Ce que les importateurs doivent savoir. - Livingston International","og_description":"AVIS : En raison de la pand\u00e9mie de la COVID-19, l\u2019Agence des services frontaliers du Canada (ASFC) retarde la mise hors service des anciennes options de services pour les autres minist\u00e8res. Une nouvelle date n\u2019a pas encore \u00e9t\u00e9 d\u00e9termin\u00e9e. Nous encourageons les courtiers et les importateurs \u00e0 continuer d\u2019utiliser la DII des SGU ou les... Read more &raquo;","og_url":"https:\/\/staging.livingstonintl.com\/fr\/sgu\/","og_site_name":"Livingston International","article_publisher":"https:\/\/www.facebook.com\/livingstoninternational","article_modified_time":"2020-03-26T17:10:39+00:00","twitter_misc":{"Dur\u00e9e de lecture estim\u00e9e":"4 minutes"},"schema":{"@context":"https:\/\/schema.org","@graph":[{"@type":"WebPage","@id":"https:\/\/staging.livingstonintl.com\/fr\/sgu\/","url":"https:\/\/staging.livingstonintl.com\/fr\/sgu\/","name":"Projet de services \u00e0 guichet unique. Ce que les importateurs doivent savoir. - Livingston International","isPartOf":{"@id":"https:\/\/staging.livingstonintl.com\/fr\/#website"},"datePublished":"2018-02-09T02:23:49+00:00","dateModified":"2020-03-26T17:10:39+00:00","breadcrumb":{"@id":"https:\/\/staging.livingstonintl.com\/fr\/sgu\/#breadcrumb"},"inLanguage":"fr-FR","potentialAction":[{"@type":"ReadAction","target":["https:\/\/staging.livingstonintl.com\/fr\/sgu\/"]}]},{"@type":"BreadcrumbList","@id":"https:\/\/staging.livingstonintl.com\/fr\/sgu\/#breadcrumb","itemListElement":[{"@type":"ListItem","position":1,"name":"Accueil","item":"https:\/\/staging.livingstonintl.com\/fr\/"},{"@type":"ListItem","position":2,"name":"Projet de services \u00e0 guichet unique. Ce que les importateurs doivent savoir."}]},{"@type":"WebSite","@id":"https:\/\/staging.livingstonintl.com\/fr\/#website","url":"https:\/\/staging.livingstonintl.com\/fr\/","name":"Livingston International","description":"Simplify Trade","potentialAction":[{"@type":"SearchAction","target":{"@type":"EntryPoint","urlTemplate":"https:\/\/staging.livingstonintl.com\/fr\/?s={search_term_string}"},"query-input":{"@type":"PropertyValueSpecification","valueRequired":true,"valueName":"search_term_string"}}],"inLanguage":"fr-FR"}]}},"_links":{"self":[{"href":"https:\/\/staging.livingstonintl.com\/fr\/wp-json\/wp\/v2\/pages\/40860","targetHints":{"allow":["GET"]}}],"collection":[{"href":"https:\/\/staging.livingstonintl.com\/fr\/wp-json\/wp\/v2\/pages"}],"about":[{"href":"https:\/\/staging.livingstonintl.com\/fr\/wp-json\/wp\/v2\/types\/page"}],"author":[{"embeddable":true,"href":"https:\/\/staging.livingstonintl.com\/fr\/wp-json\/wp\/v2\/users\/36"}],"replies":[{"embeddable":true,"href":"https:\/\/staging.livingstonintl.com\/fr\/wp-json\/wp\/v2\/comments?post=40860"}],"version-history":[{"count":0,"href":"https:\/\/staging.livingstonintl.com\/fr\/wp-json\/wp\/v2\/pages\/40860\/revisions"}],"wp:attachment":[{"href":"https:\/\/staging.livingstonintl.com\/fr\/wp-json\/wp\/v2\/media?parent=40860"}],"curies":[{"name":"wp","href":"https:\/\/api.w.org\/{rel}","templated":true}]}}