{"id":39644,"date":"2017-11-09T21:04:35","date_gmt":"2017-11-10T02:04:35","guid":{"rendered":"\/?page_id=39644\/"},"modified":"2020-06-26T11:49:12","modified_gmt":"2020-06-26T15:49:12","slug":"aecg","status":"publish","type":"page","link":"https:\/\/staging.livingstonintl.com\/fr\/aecg\/","title":{"rendered":"Un monde de possibilit\u00e9s l\u2019aecg offre des possibilit\u00e9s de commerce transatlantique sans pr\u00e9c\u00e9dentun monde de possibilit\u00e9s l\u2019aecg offre des possibilit\u00e9s de commerce transatlantique sans pr\u00e9c\u00e9dent"},"content":{"rendered":"<p><strong>Nombreuses occasions \u00e0 saisir<\/strong><\/p>\n<p>L\u2019Accord \u00e9conomique et commercial global (AECG) entre le Canada et l\u2019Union europ\u00e9enne repr\u00e9sente un accord de libre-\u00e9change historique en vertu duquel\u00a098\u00a0% des tarifs sur les biens et services \u00e9chang\u00e9s par l\u2019interm\u00e9diaire de l\u2019Atlantique sont \u00e9limin\u00e9s. En outre, cet accord \u00e9tablit un cadre de travail commun pour la coop\u00e9ration en mati\u00e8re de r\u00e9glementation et la reconnaissance des qualifications et certifications professionnelles.<\/p>\n<p>Apr\u00e8s sept\u00a0ann\u00e9es de n\u00e9gociations ayant port\u00e9 sur de nombreux probl\u00e8mes de contentieux et certaines tractations de derni\u00e8re minute, l\u2019AECG a \u00e9t\u00e9 ratifi\u00e9 par le gouvernement canadien et le Parlement europ\u00e9en au d\u00e9but de 2017 avant d\u2019entrer en vigueur officiellement, \u00e0 titre provisoire, le 21\u00a0septembre\u00a02017.<\/p>\n<p>L\u2019AECG permet aux entreprises canadiennes d\u2019acc\u00e9der au march\u00e9 de 500\u00a0millions de personnes des 28\u00a0pays de l\u2019UE et offre aux Europ\u00e9ens l\u2019acc\u00e8s \u00e0 des importations de ressources naturelles b\u00e9n\u00e9ficiant de l\u2019entr\u00e9e en franchise (par exemple, foresterie, m\u00e9taux, poissons, p\u00e9trole et gaz).<\/p>\n<p>Outre l\u2019\u00e9limination de tarifs, l\u2019AECG r\u00e9duit les obstacles au commerce des services, permettant ainsi aux fournisseurs de services d\u2019une des deux entit\u00e9s de livrer concurrence sur les march\u00e9s de l\u2019autre, y compris les soumissions sur les projets du secteur public aux niveaux f\u00e9d\u00e9ral et sous-f\u00e9d\u00e9ral. L\u2019accord pr\u00e9voit \u00e9galement la lib\u00e9ralisation de la mobilit\u00e9 de la main-d\u2019\u0153uvre en harmonisant la reconnaissance des qualifications professionnelles sur les deux march\u00e9s. Cela est particuli\u00e8rement avantageux pour les entreprises canadiennes dans la mesure o\u00f9 l\u2019UE est le plus important acheteur de services \u00e9trangers dans le monde avec des importations atteignant 936\u00a0milliards de dollars en services en\u00a02015.<\/p>\n<p><strong>Principaux points \u00e0 prendre en consid\u00e9ration <\/strong><\/p>\n<p>L\u2019AECG vise \u00e0 supprimer les obstacles pour aider les entreprises des deux c\u00f4t\u00e9s de l\u2019Atlantique \u00e0 tirer le maximum de profit de leurs relations commerciales. Cependant, le Canada et l\u2019UE sont des march\u00e9s uniques et complexes, chacun se caract\u00e9risant par un \u00e9ventail de conditions \u00e9conomiques et commerciales, de politiques et de cadres r\u00e9glementaires et de consid\u00e9rations r\u00e9gionales qui lui sont propres.<\/p>\n<p>L\u2019AECG offre aux entreprises canadiennes la possibilit\u00e9 de diversifier les occasions commerciales et les partenariats. Toutefois, le commerce avec l\u2019UE incite les entreprises canadiennes \u00e0 tenir compte de nouveaux aspects, notamment le transport de plus grands volumes de biens par fret maritime, les nuances linguistiques et culturelles du march\u00e9 de l\u2019UE et l\u2019utilisation de l\u2019infrastructure logistique du continent.<\/p>\n<p>En ce qui concerne les entreprises de l\u2019UE, le Canada se caract\u00e9rise par divers aspects qui lui sont propres, notamment les diff\u00e9rentes r\u00e9glementations provinciales et les barri\u00e8res commerciales interprovinciales susceptibles de compliquer les exportations \u00e0 l\u2019\u00e9chelle nationale. Les vastes \u00e9tendues g\u00e9ographiques et topographiques ainsi que les r\u00e9gimes climatiques repr\u00e9sentent de nouveaux facteurs qui doivent \u00eatre pris en consid\u00e9ration par les entreprises europ\u00e9ennes souhaitant faire des exportations.<\/p>\n<p><strong>Application provisoire<\/strong><\/p>\n<p>Les avantages offerts par l\u2019AECG demeurent pour l\u2019instant provisoires. Autrement dit, bien que les entreprises europ\u00e9ennes et canadiennes puissent utiliser l\u2019AECG, l\u2019accord doit encore \u00eatre ratifi\u00e9 par les divers organismes gouvernementaux des \u00c9tats membres de l\u2019UE avant d\u2019\u00eatre appliqu\u00e9 int\u00e9gralement. Il est tr\u00e8s peu probable que l\u2019un de ces organismes l\u00e9gislatifs ne ratifie pas l\u2019AECG, mais c\u2019est une \u00e9ventualit\u00e9 \u00e0 ne pas n\u00e9gliger et elle repr\u00e9sente un certain niveau de risque pour les investisseurs \u00e9trangers.<\/p>\n<p><strong>Brexit<\/strong><\/p>\n<p>La sortie anticip\u00e9e du Royaume-Uni de l\u2019Union europ\u00e9enne fait actuellement l\u2019objet de n\u00e9gociations entre le RU et l\u2019UE. Les conditions de ce qu\u2019on appelle le Brexit sont toujours \u00e0 l\u2019\u00e9tape de proposition et il est peu probable qu\u2019elles soient consolid\u00e9es pendant un certain temps. Toutefois, une chose s\u00fbre\u00a0: le RU va rompre avec l\u2019UE le 31 octobre 2019. Les conditions du d\u00e9roulement du Brexit ne manqueront pas d\u2019avoir une incidence directe sur les cha\u00eenes d\u2019approvisionnement concernant \u00e0 la fois l\u2019UE et le RU. Cette situation repr\u00e9sente des d\u00e9fis pour les entreprises qui utilisent le RU comme point d\u2019entr\u00e9e en Europe ou point de sortie de l\u2019Europe.<\/p>\n<p><strong>Qui ne risque rien n\u2019a rien<\/strong><\/p>\n<p>L\u2019\u00e9tablissement de nouvelles relations avec les fournisseurs, les distributeurs et les revendeurs \u00e0 l\u2019\u00e9tranger ainsi que la mise en place de cha\u00eenes d\u2019approvisionnement peuvent repr\u00e9senter un d\u00e9fi de taille. Cependant, les entreprises au Canada et dans l\u2019UE ont la possibilit\u00e9 de tirer profit de nouveaux march\u00e9s ouverts pour r\u00e9aliser des \u00e9conomies de co\u00fbt, d\u00e9couvrir de nouvelles occasions de ventes, \u00e9tablir des cha\u00eenes d\u2019approvisionnement efficaces et int\u00e9gr\u00e9es et \u00e9largir leur pr\u00e9sence mondiale. Bref, les r\u00e9compenses d\u00e9passent largement les risques, et Livingston est en mesure d\u2019aider \u00e0 simplifier le commerce et de donner un sens aux complexit\u00e9s de l\u2019AECG pour permettre aux d\u00e9cideurs des entreprises de se concentrer sur ce qu\u2019ils font de mieux.<\/p>\n<p>Livingston International a acquis une expertise in\u00e9gal\u00e9e lui permettant de ma\u00eetriser les complexit\u00e9s des accords de libre-\u00e9change. Gr\u00e2ce \u00e0 notre travail en mati\u00e8re de consultation et de conformit\u00e9, nous pouvons aider les entreprises \u00e0 \u00e9viter les retards aux fronti\u00e8res internationales, \u00e9viter les co\u00fbts inutiles associ\u00e9s \u00e0 la non-conformit\u00e9 et s\u2019assurer qu\u2019elles disposent d\u2019un flux de tr\u00e9sorerie ad\u00e9quat. Notre \u00e9quipe d\u2019experts peut aider les entreprises \u00e0 d\u00e9terminer les risques et les occasions pour leur permettre de r\u00e9ussir sur les nouveaux march\u00e9s.<\/p>\n<p>&nbsp;<\/p>\n<p><strong>Nos experts vous parlent de l\u2019AECG<\/strong><\/p>\n<p>Les experts en la mati\u00e8re de Livingston ont suivi de pr\u00e8s l\u2019\u00e9volution de l\u2019AECG et ont offert des perspectives et des conseils en cours de route. Voici ci-apr\u00e8s des exemples d\u2019articles publi\u00e9s par nos experts sur l\u2019AECG et les risques qui y sont associ\u00e9s, ainsi que les possibilit\u00e9s d\u2019affaires.<\/p>\n<p><a href=\"\/fr\/nos-experts-vous-parlent\/ceta-as-nafta-alternative\/\">L\u2019UE offre des alternatives au Canada face \u00e0 l\u2019incertitude de l\u2019ALENA<\/a> par Candace Sider, vice-pr\u00e9sidente, Affaires r\u00e9glementaires, Am\u00e9rique du Nord<\/p>\n<p><a href=\"\/fr\/nos-experts-vous-parlent\/le-brexit-aura-des-incidences-importantes-sur-le-commerce-canadien\/\">Le Brexit aura des incidences importantes sur le commerce canadien<\/a> par Cora Di Pietro, vice-pr\u00e9sidente, conseil en commerce mondial, Soci\u00e9t\u00e9 internationale Livingston<\/p>\n<p><a href=\"\/fr\/nos-experts-vous-parlent\/sil-faut-en-croire-les-indications-precedentes-les-entreprises-canadiennes-ne-saisiront-pas-le-plein-potentiel-de-laccord-economique-et-commercial-global-aecg\/\">S\u2019il faut en croire les indications pr\u00e9c\u00e9dentes, les entreprises canadiennes ne saisiront pas le plein potentiel de l\u2019Accord \u00e9conomique et commercial global (AECG) par Candace Sider, vice-pr\u00e9sidente, Affaires r\u00e9glementaires, Am\u00e9rique du Nord<\/a><\/p>\n<p>N\u2019h\u00e9sitez pas \u00e0 nous joindre d\u00e8s aujourd\u2019hui pour d\u00e9couvrir comment nous vous aidons \u00e0 faire cro\u00eetre votre entreprise.<\/p>\n<p>&nbsp;<\/p>\n","protected":false},"excerpt":{"rendered":"<p>Nombreuses occasions \u00e0 saisir L\u2019Accord \u00e9conomique et commercial global (AECG) entre le Canada et l\u2019Union europ\u00e9enne repr\u00e9sente un accord de libre-\u00e9change historique en vertu duquel\u00a098\u00a0% des tarifs sur les biens et services \u00e9chang\u00e9s par l\u2019interm\u00e9diaire de l\u2019Atlantique sont \u00e9limin\u00e9s. En outre, cet accord \u00e9tablit un cadre de travail commun pour la coop\u00e9ration en mati\u00e8re de<a class=\"excerpt-read-more\" href=\"https:\/\/staging.livingstonintl.com\/fr\/aecg\/\" title=\"ReadUn monde de possibilit\u00e9s l\u2019aecg offre des possibilit\u00e9s de commerce transatlantique sans pr\u00e9c\u00e9dentun monde de possibilit\u00e9s l\u2019aecg offre des possibilit\u00e9s de commerce transatlantique sans pr\u00e9c\u00e9dent\">&#8230; Read more &raquo;<\/a><\/p>\n","protected":false},"author":36,"featured_media":0,"parent":0,"menu_order":118,"comment_status":"closed","ping_status":"closed","template":"template-retired\/page-landing-withsidebar.php","meta":{"_acf_changed":false,"footnotes":""},"class_list":["post-39644","page","type-page","status-publish","hentry"],"acf":[],"yoast_head":"<!-- This site is optimized with the Yoast SEO plugin v26.8 - https:\/\/yoast.com\/product\/yoast-seo-wordpress\/ -->\n<title>Un monde de possibilit\u00e9s l\u2019aecg offre des possibilit\u00e9s de commerce transatlantique sans pr\u00e9c\u00e9dentun monde de possibilit\u00e9s l\u2019aecg offre des possibilit\u00e9s de commerce transatlantique sans pr\u00e9c\u00e9dent - Livingston International<\/title>\n<meta name=\"robots\" content=\"noindex, follow, max-snippet:-1, max-image-preview:large, max-video-preview:-1\" \/>\n<meta property=\"og:locale\" content=\"fr_FR\" \/>\n<meta property=\"og:type\" content=\"article\" \/>\n<meta property=\"og:title\" content=\"Un monde de possibilit\u00e9s l\u2019aecg offre des possibilit\u00e9s de commerce transatlantique sans pr\u00e9c\u00e9dentun monde de possibilit\u00e9s l\u2019aecg offre des possibilit\u00e9s de commerce transatlantique sans pr\u00e9c\u00e9dent - Livingston International\" \/>\n<meta property=\"og:description\" content=\"Nombreuses occasions \u00e0 saisir L\u2019Accord \u00e9conomique et commercial global (AECG) entre le Canada et l\u2019Union europ\u00e9enne repr\u00e9sente un accord de libre-\u00e9change historique en vertu duquel\u00a098\u00a0% des tarifs sur les biens et services \u00e9chang\u00e9s par l\u2019interm\u00e9diaire de l\u2019Atlantique sont \u00e9limin\u00e9s. En outre, cet accord \u00e9tablit un cadre de travail commun pour la coop\u00e9ration en mati\u00e8re de... Read more &raquo;\" \/>\n<meta property=\"og:url\" content=\"https:\/\/staging.livingstonintl.com\/fr\/aecg\/\" \/>\n<meta property=\"og:site_name\" content=\"Livingston International\" \/>\n<meta property=\"article:publisher\" content=\"https:\/\/www.facebook.com\/livingstoninternational\" \/>\n<meta property=\"article:modified_time\" content=\"2020-06-26T15:49:12+00:00\" \/>\n<meta name=\"twitter:label1\" content=\"Dur\u00e9e de lecture estim\u00e9e\" \/>\n\t<meta name=\"twitter:data1\" content=\"6 minutes\" \/>\n<script type=\"application\/ld+json\" class=\"yoast-schema-graph\">{\"@context\":\"https:\/\/schema.org\",\"@graph\":[{\"@type\":\"WebPage\",\"@id\":\"https:\/\/staging.livingstonintl.com\/fr\/aecg\/\",\"url\":\"https:\/\/staging.livingstonintl.com\/fr\/aecg\/\",\"name\":\"Un monde de possibilit\u00e9s l\u2019aecg offre des possibilit\u00e9s de commerce transatlantique sans pr\u00e9c\u00e9dentun monde de possibilit\u00e9s l\u2019aecg offre des possibilit\u00e9s de commerce transatlantique sans pr\u00e9c\u00e9dent - Livingston International\",\"isPartOf\":{\"@id\":\"https:\/\/staging.livingstonintl.com\/fr\/#website\"},\"datePublished\":\"2017-11-10T02:04:35+00:00\",\"dateModified\":\"2020-06-26T15:49:12+00:00\",\"breadcrumb\":{\"@id\":\"https:\/\/staging.livingstonintl.com\/fr\/aecg\/#breadcrumb\"},\"inLanguage\":\"fr-FR\",\"potentialAction\":[{\"@type\":\"ReadAction\",\"target\":[\"https:\/\/staging.livingstonintl.com\/fr\/aecg\/\"]}]},{\"@type\":\"BreadcrumbList\",\"@id\":\"https:\/\/staging.livingstonintl.com\/fr\/aecg\/#breadcrumb\",\"itemListElement\":[{\"@type\":\"ListItem\",\"position\":1,\"name\":\"Accueil\",\"item\":\"https:\/\/staging.livingstonintl.com\/fr\/\"},{\"@type\":\"ListItem\",\"position\":2,\"name\":\"Un monde de possibilit\u00e9s l\u2019aecg offre des possibilit\u00e9s de commerce transatlantique sans pr\u00e9c\u00e9dentun monde de possibilit\u00e9s l\u2019aecg offre des possibilit\u00e9s de commerce transatlantique sans pr\u00e9c\u00e9dent\"}]},{\"@type\":\"WebSite\",\"@id\":\"https:\/\/staging.livingstonintl.com\/fr\/#website\",\"url\":\"https:\/\/staging.livingstonintl.com\/fr\/\",\"name\":\"Livingston International\",\"description\":\"Simplify Trade\",\"potentialAction\":[{\"@type\":\"SearchAction\",\"target\":{\"@type\":\"EntryPoint\",\"urlTemplate\":\"https:\/\/staging.livingstonintl.com\/fr\/?s={search_term_string}\"},\"query-input\":{\"@type\":\"PropertyValueSpecification\",\"valueRequired\":true,\"valueName\":\"search_term_string\"}}],\"inLanguage\":\"fr-FR\"}]}<\/script>\n<!-- \/ Yoast SEO plugin. -->","yoast_head_json":{"title":"Un monde de possibilit\u00e9s l\u2019aecg offre des possibilit\u00e9s de commerce transatlantique sans pr\u00e9c\u00e9dentun monde de possibilit\u00e9s l\u2019aecg offre des possibilit\u00e9s de commerce transatlantique sans pr\u00e9c\u00e9dent - Livingston International","robots":{"index":"noindex","follow":"follow","max-snippet":"max-snippet:-1","max-image-preview":"max-image-preview:large","max-video-preview":"max-video-preview:-1"},"og_locale":"fr_FR","og_type":"article","og_title":"Un monde de possibilit\u00e9s l\u2019aecg offre des possibilit\u00e9s de commerce transatlantique sans pr\u00e9c\u00e9dentun monde de possibilit\u00e9s l\u2019aecg offre des possibilit\u00e9s de commerce transatlantique sans pr\u00e9c\u00e9dent - Livingston International","og_description":"Nombreuses occasions \u00e0 saisir L\u2019Accord \u00e9conomique et commercial global (AECG) entre le Canada et l\u2019Union europ\u00e9enne repr\u00e9sente un accord de libre-\u00e9change historique en vertu duquel\u00a098\u00a0% des tarifs sur les biens et services \u00e9chang\u00e9s par l\u2019interm\u00e9diaire de l\u2019Atlantique sont \u00e9limin\u00e9s. En outre, cet accord \u00e9tablit un cadre de travail commun pour la coop\u00e9ration en mati\u00e8re de... Read more &raquo;","og_url":"https:\/\/staging.livingstonintl.com\/fr\/aecg\/","og_site_name":"Livingston International","article_publisher":"https:\/\/www.facebook.com\/livingstoninternational","article_modified_time":"2020-06-26T15:49:12+00:00","twitter_misc":{"Dur\u00e9e de lecture estim\u00e9e":"6 minutes"},"schema":{"@context":"https:\/\/schema.org","@graph":[{"@type":"WebPage","@id":"https:\/\/staging.livingstonintl.com\/fr\/aecg\/","url":"https:\/\/staging.livingstonintl.com\/fr\/aecg\/","name":"Un monde de possibilit\u00e9s l\u2019aecg offre des possibilit\u00e9s de commerce transatlantique sans pr\u00e9c\u00e9dentun monde de possibilit\u00e9s l\u2019aecg offre des possibilit\u00e9s de commerce transatlantique sans pr\u00e9c\u00e9dent - Livingston International","isPartOf":{"@id":"https:\/\/staging.livingstonintl.com\/fr\/#website"},"datePublished":"2017-11-10T02:04:35+00:00","dateModified":"2020-06-26T15:49:12+00:00","breadcrumb":{"@id":"https:\/\/staging.livingstonintl.com\/fr\/aecg\/#breadcrumb"},"inLanguage":"fr-FR","potentialAction":[{"@type":"ReadAction","target":["https:\/\/staging.livingstonintl.com\/fr\/aecg\/"]}]},{"@type":"BreadcrumbList","@id":"https:\/\/staging.livingstonintl.com\/fr\/aecg\/#breadcrumb","itemListElement":[{"@type":"ListItem","position":1,"name":"Accueil","item":"https:\/\/staging.livingstonintl.com\/fr\/"},{"@type":"ListItem","position":2,"name":"Un monde de possibilit\u00e9s l\u2019aecg offre des possibilit\u00e9s de commerce transatlantique sans pr\u00e9c\u00e9dentun monde de possibilit\u00e9s l\u2019aecg offre des possibilit\u00e9s de commerce transatlantique sans pr\u00e9c\u00e9dent"}]},{"@type":"WebSite","@id":"https:\/\/staging.livingstonintl.com\/fr\/#website","url":"https:\/\/staging.livingstonintl.com\/fr\/","name":"Livingston International","description":"Simplify Trade","potentialAction":[{"@type":"SearchAction","target":{"@type":"EntryPoint","urlTemplate":"https:\/\/staging.livingstonintl.com\/fr\/?s={search_term_string}"},"query-input":{"@type":"PropertyValueSpecification","valueRequired":true,"valueName":"search_term_string"}}],"inLanguage":"fr-FR"}]}},"_links":{"self":[{"href":"https:\/\/staging.livingstonintl.com\/fr\/wp-json\/wp\/v2\/pages\/39644","targetHints":{"allow":["GET"]}}],"collection":[{"href":"https:\/\/staging.livingstonintl.com\/fr\/wp-json\/wp\/v2\/pages"}],"about":[{"href":"https:\/\/staging.livingstonintl.com\/fr\/wp-json\/wp\/v2\/types\/page"}],"author":[{"embeddable":true,"href":"https:\/\/staging.livingstonintl.com\/fr\/wp-json\/wp\/v2\/users\/36"}],"replies":[{"embeddable":true,"href":"https:\/\/staging.livingstonintl.com\/fr\/wp-json\/wp\/v2\/comments?post=39644"}],"version-history":[{"count":0,"href":"https:\/\/staging.livingstonintl.com\/fr\/wp-json\/wp\/v2\/pages\/39644\/revisions"}],"wp:attachment":[{"href":"https:\/\/staging.livingstonintl.com\/fr\/wp-json\/wp\/v2\/media?parent=39644"}],"curies":[{"name":"wp","href":"https:\/\/api.w.org\/{rel}","templated":true}]}}