{"id":39202,"date":"2017-10-03T14:15:59","date_gmt":"2017-10-03T18:15:59","guid":{"rendered":"\/schedule-a-call\/"},"modified":"2023-06-30T11:50:20","modified_gmt":"2023-06-30T15:50:20","slug":"planifier-un-appel","status":"publish","type":"page","link":"https:\/\/staging.livingstonintl.com\/fr\/planifier-un-appel\/","title":{"rendered":"Planifier un appel"},"content":{"rendered":"\n<!-- Step 0: Loader -->\n<section class=\"schedule-loader grid-x grid-margin-x\">\n\t<div class=\"small-12 medium-10 cell\">\n\t\tchargement&#8230;\n\t<\/div>\n<\/section>\n<!-- Step 1: Select services -->\n<section class=\"schedule-services grid-x grid-margin-x\">\n\t<div class=\"small-12 medium-10 cell\">\n\t\t<h2>S\u00e9lectionnez un service<\/h2>\n\t\t<div class=\"service-holder\">\n\t\t\t<div class=\"service\" data-id=\"Customs Brokerage\">\n\t\t\t\t<div class=\"service-content\">\n\t\t\t\t\t<h3>Courtage en douane<\/h3>\n\t\t\t\t\t<p>Les importateurs comptent sur Livingston pour faire le courtage en douane de la bonne mani\u00e8re. Du d\u00e9douanement \u00e0 l\u2019autod\u00e9p\u00f4t et de l\u2019auto-\u00e9valuation en passant par les services aux importateurs non r\u00e9sidents, notre \u00e9quipe d\u2019experts en commerce offre des solutions sur mesure pour assurer des processus de d\u00e9douanement harmonieux.<\/p>\n\t\t\t\t<\/div>\n\t\t\t<\/div>\n\t\t\t<div class=\"service\" data-id=\"Freight Forwarding\">\n\t\t\t\t<div class=\"service-content\">\n\t\t\t\t\t<h3>Services de fret et de transport<\/h3>\n\t\t\t\t\t<p>Les services de fret et de transport de Livingston s\u2019int\u00e8grent parfaitement \u00e0 nos offres de courtage en douanes. Nos services incluent le fret a\u00e9rien, maritime et terrestre, le projet de cargaison, l\u2019assurance pour les cargaisons, la barge et la gestion du fret.<\/p>\n\t\t\t\t<\/div>\n\t\t\t<\/div>\n\t\t\t<div class=\"service\" data-id=\"eCommerce\">\n\t\t\t\t<div class=\"service-content\">\n\t\t\t\t\t<h3>Commerce \u00e9lectronique<\/h3>\n\t\t\t\t\t<p>Livingston fournit des solutions technologiques et de courtage pour la livraison automatis\u00e9e \u00e0 volume \u00e9lev\u00e9 de vos envois de commerce \u00e9lectronique aux \u00c9tats-Unis et au Canada. Pour les exp\u00e9ditions de commerce \u00e9lectronique aux \u00c9tats-Unis, nous tirons parti du programme de la section 321 de la CBP, et pour le Canada, nous \u00e9valuons les options de d\u00e9douanement de l\u2019ASFC afin d\u2019aider les importateurs \u00e0 gagner du temps, \u00e0 r\u00e9duire leurs co\u00fbts et \u00e0 att\u00e9nuer les risques.<\/p>\n\t\t\t\t<\/div>\n\t\t\t<\/div>\n\t\t<\/div>\n\t<\/div>\n<\/section>\n\n<!-- Step 2: Complete form -->\n<section class=\"schedule-form grid-x grid-margin-x\">\n\t<div class=\"small-12 medium-10 cell\">\n\t\t<h2>Vos details<\/h2>\n\t\t<div id=\"form\" class=\"form-holder\"><\/div>\n\t<\/div>\n<\/section>\n\n<!-- Step 3: Submitted form to ChiliPiper -->\n<section class=\"schedule-submitted grid-x grid-margin-x\">\n\t<div class=\"small-12 medium-10 cell\">\n\t\t<h2>Termin\u00e9<\/h2>\n\t<\/div>\n<\/section>\n","protected":false},"excerpt":{"rendered":"<p>chargement&#8230; S\u00e9lectionnez un service Courtage en douane Les importateurs comptent sur Livingston pour faire le courtage en douane de la bonne mani\u00e8re. Du d\u00e9douanement \u00e0 l\u2019autod\u00e9p\u00f4t et de l\u2019auto-\u00e9valuation en passant par les services aux importateurs non r\u00e9sidents, notre \u00e9quipe d\u2019experts en commerce offre des solutions sur mesure pour assurer des processus de d\u00e9douanement harmonieux.<a class=\"excerpt-read-more\" href=\"https:\/\/staging.livingstonintl.com\/fr\/planifier-un-appel\/\" title=\"ReadPlanifier un appel\">&#8230; Read more &raquo;<\/a><\/p>\n","protected":false},"author":36,"featured_media":0,"parent":0,"menu_order":103,"comment_status":"closed","ping_status":"closed","template":"template-page\/page-schedule-a-call.php","meta":{"_acf_changed":false,"footnotes":""},"class_list":["post-39202","page","type-page","status-publish","hentry"],"acf":[],"yoast_head":"<!-- This site is optimized with the Yoast SEO plugin v26.8 - https:\/\/yoast.com\/product\/yoast-seo-wordpress\/ -->\n<title>Planifier un appel - Livingston International<\/title>\n<meta name=\"robots\" content=\"noindex, follow, max-snippet:-1, max-image-preview:large, max-video-preview:-1\" \/>\n<meta property=\"og:locale\" content=\"fr_FR\" \/>\n<meta property=\"og:type\" content=\"article\" \/>\n<meta property=\"og:title\" content=\"Planifier un appel - Livingston International\" \/>\n<meta property=\"og:description\" content=\"chargement&#8230; S\u00e9lectionnez un service Courtage en douane Les importateurs comptent sur Livingston pour faire le courtage en douane de la bonne mani\u00e8re. Du d\u00e9douanement \u00e0 l\u2019autod\u00e9p\u00f4t et de l\u2019auto-\u00e9valuation en passant par les services aux importateurs non r\u00e9sidents, notre \u00e9quipe d\u2019experts en commerce offre des solutions sur mesure pour assurer des processus de d\u00e9douanement harmonieux.... Read more &raquo;\" \/>\n<meta property=\"og:url\" content=\"https:\/\/staging.livingstonintl.com\/fr\/planifier-un-appel\/\" \/>\n<meta property=\"og:site_name\" content=\"Livingston International\" \/>\n<meta property=\"article:publisher\" content=\"https:\/\/www.facebook.com\/livingstoninternational\" \/>\n<meta property=\"article:modified_time\" content=\"2023-06-30T15:50:20+00:00\" \/>\n<meta name=\"twitter:label1\" content=\"Dur\u00e9e de lecture estim\u00e9e\" \/>\n\t<meta name=\"twitter:data1\" content=\"1 minute\" \/>\n<script type=\"application\/ld+json\" class=\"yoast-schema-graph\">{\"@context\":\"https:\/\/schema.org\",\"@graph\":[{\"@type\":\"WebPage\",\"@id\":\"https:\/\/staging.livingstonintl.com\/fr\/planifier-un-appel\/\",\"url\":\"https:\/\/staging.livingstonintl.com\/fr\/planifier-un-appel\/\",\"name\":\"Planifier un appel - Livingston International\",\"isPartOf\":{\"@id\":\"https:\/\/staging.livingstonintl.com\/fr\/#website\"},\"datePublished\":\"2017-10-03T18:15:59+00:00\",\"dateModified\":\"2023-06-30T15:50:20+00:00\",\"breadcrumb\":{\"@id\":\"https:\/\/staging.livingstonintl.com\/fr\/planifier-un-appel\/#breadcrumb\"},\"inLanguage\":\"fr-FR\",\"potentialAction\":[{\"@type\":\"ReadAction\",\"target\":[\"https:\/\/staging.livingstonintl.com\/fr\/planifier-un-appel\/\"]}]},{\"@type\":\"BreadcrumbList\",\"@id\":\"https:\/\/staging.livingstonintl.com\/fr\/planifier-un-appel\/#breadcrumb\",\"itemListElement\":[{\"@type\":\"ListItem\",\"position\":1,\"name\":\"Accueil\",\"item\":\"https:\/\/staging.livingstonintl.com\/fr\/\"},{\"@type\":\"ListItem\",\"position\":2,\"name\":\"Planifier un appel\"}]},{\"@type\":\"WebSite\",\"@id\":\"https:\/\/staging.livingstonintl.com\/fr\/#website\",\"url\":\"https:\/\/staging.livingstonintl.com\/fr\/\",\"name\":\"Livingston International\",\"description\":\"Simplify Trade\",\"potentialAction\":[{\"@type\":\"SearchAction\",\"target\":{\"@type\":\"EntryPoint\",\"urlTemplate\":\"https:\/\/staging.livingstonintl.com\/fr\/?s={search_term_string}\"},\"query-input\":{\"@type\":\"PropertyValueSpecification\",\"valueRequired\":true,\"valueName\":\"search_term_string\"}}],\"inLanguage\":\"fr-FR\"}]}<\/script>\n<!-- \/ Yoast SEO plugin. -->","yoast_head_json":{"title":"Planifier un appel - Livingston International","robots":{"index":"noindex","follow":"follow","max-snippet":"max-snippet:-1","max-image-preview":"max-image-preview:large","max-video-preview":"max-video-preview:-1"},"og_locale":"fr_FR","og_type":"article","og_title":"Planifier un appel - Livingston International","og_description":"chargement&#8230; S\u00e9lectionnez un service Courtage en douane Les importateurs comptent sur Livingston pour faire le courtage en douane de la bonne mani\u00e8re. Du d\u00e9douanement \u00e0 l\u2019autod\u00e9p\u00f4t et de l\u2019auto-\u00e9valuation en passant par les services aux importateurs non r\u00e9sidents, notre \u00e9quipe d\u2019experts en commerce offre des solutions sur mesure pour assurer des processus de d\u00e9douanement harmonieux.... Read more &raquo;","og_url":"https:\/\/staging.livingstonintl.com\/fr\/planifier-un-appel\/","og_site_name":"Livingston International","article_publisher":"https:\/\/www.facebook.com\/livingstoninternational","article_modified_time":"2023-06-30T15:50:20+00:00","twitter_misc":{"Dur\u00e9e de lecture estim\u00e9e":"1 minute"},"schema":{"@context":"https:\/\/schema.org","@graph":[{"@type":"WebPage","@id":"https:\/\/staging.livingstonintl.com\/fr\/planifier-un-appel\/","url":"https:\/\/staging.livingstonintl.com\/fr\/planifier-un-appel\/","name":"Planifier un appel - Livingston International","isPartOf":{"@id":"https:\/\/staging.livingstonintl.com\/fr\/#website"},"datePublished":"2017-10-03T18:15:59+00:00","dateModified":"2023-06-30T15:50:20+00:00","breadcrumb":{"@id":"https:\/\/staging.livingstonintl.com\/fr\/planifier-un-appel\/#breadcrumb"},"inLanguage":"fr-FR","potentialAction":[{"@type":"ReadAction","target":["https:\/\/staging.livingstonintl.com\/fr\/planifier-un-appel\/"]}]},{"@type":"BreadcrumbList","@id":"https:\/\/staging.livingstonintl.com\/fr\/planifier-un-appel\/#breadcrumb","itemListElement":[{"@type":"ListItem","position":1,"name":"Accueil","item":"https:\/\/staging.livingstonintl.com\/fr\/"},{"@type":"ListItem","position":2,"name":"Planifier un appel"}]},{"@type":"WebSite","@id":"https:\/\/staging.livingstonintl.com\/fr\/#website","url":"https:\/\/staging.livingstonintl.com\/fr\/","name":"Livingston International","description":"Simplify Trade","potentialAction":[{"@type":"SearchAction","target":{"@type":"EntryPoint","urlTemplate":"https:\/\/staging.livingstonintl.com\/fr\/?s={search_term_string}"},"query-input":{"@type":"PropertyValueSpecification","valueRequired":true,"valueName":"search_term_string"}}],"inLanguage":"fr-FR"}]}},"_links":{"self":[{"href":"https:\/\/staging.livingstonintl.com\/fr\/wp-json\/wp\/v2\/pages\/39202","targetHints":{"allow":["GET"]}}],"collection":[{"href":"https:\/\/staging.livingstonintl.com\/fr\/wp-json\/wp\/v2\/pages"}],"about":[{"href":"https:\/\/staging.livingstonintl.com\/fr\/wp-json\/wp\/v2\/types\/page"}],"author":[{"embeddable":true,"href":"https:\/\/staging.livingstonintl.com\/fr\/wp-json\/wp\/v2\/users\/36"}],"replies":[{"embeddable":true,"href":"https:\/\/staging.livingstonintl.com\/fr\/wp-json\/wp\/v2\/comments?post=39202"}],"version-history":[{"count":3,"href":"https:\/\/staging.livingstonintl.com\/fr\/wp-json\/wp\/v2\/pages\/39202\/revisions"}],"predecessor-version":[{"id":55333,"href":"https:\/\/staging.livingstonintl.com\/fr\/wp-json\/wp\/v2\/pages\/39202\/revisions\/55333"}],"wp:attachment":[{"href":"https:\/\/staging.livingstonintl.com\/fr\/wp-json\/wp\/v2\/media?parent=39202"}],"curies":[{"name":"wp","href":"https:\/\/api.w.org\/{rel}","templated":true}]}}