{"id":38321,"date":"2017-08-24T22:33:40","date_gmt":"2017-08-25T02:33:40","guid":{"rendered":"\/?page_id=38321\/"},"modified":"2020-05-23T13:13:32","modified_gmt":"2020-05-23T17:13:32","slug":"alena","status":"publish","type":"page","link":"https:\/\/staging.livingstonintl.com\/fr\/alena\/","title":{"rendered":"De l\u2019ALENA \u00e0 l\u2019AEUMC Libre-\u00e9change en Am\u00e9rique du Nord, aujourd&rsquo;hui et demain"},"content":{"rendered":"<p><strong>Le 24 avril 2020, l\u2019administration Trump a inform\u00e9 le Congr\u00e8s que l\u2019Accord Canada-\u00c9tats-Unis-Mexique (ACEUM) entrera en vigueur le 1er juillet 2020.<\/strong><\/p>\n<h2>Contexte<\/h2>\n<p>Le 30 septembre 2018, les gouvernements des \u00c9tats-Unis, du Canada et du Mexique ont annonc\u00e9 la conclusion d\u2019un accord de libre-\u00e9change trilat\u00e9ral (de principe), concluant plus de treize mois de n\u00e9gociations.<\/p>\n<p>L\u2019accord, portant le nom d\u2019Accord \u00c9tats-Unis-Mexique-Canada (AEUMC) aux \u00c9tats-Unis, mais portant officiellement le nom d\u2019Accord Canada\u2013\u00c9tats-Unis-Mexique (ACEUM) au Canada, et celui de Tratado entre M\u00e9xico, Estados Unidos y Canad\u00e1 (T-MEC) au Mexique, remplacera l\u2019Accord de libre-\u00e9change nord-am\u00e9ricain (ALENA). Il cr\u00e9e un syst\u00e8me de libre-\u00e9change modernis\u00e9 entre les trois parties qui tient compte des nouveaux probl\u00e8mes commerciaux critiques et des plus r\u00e9cents, comme l\u2019harmonisation des syst\u00e8mes de r\u00e9glementation, le commerce \u00e9lectronique, ainsi que la protection de la propri\u00e9t\u00e9 intellectuelle.<\/p>\n<p>En outre, l\u2019AEUMC modifie certaines des r\u00e8gles et des proc\u00e9dures r\u00e9gissant la mani\u00e8re dont certains produits sont \u00e9chang\u00e9s en Am\u00e9rique du Nord et les m\u00e9canismes disponibles pour la r\u00e9solution des diff\u00e9rends commerciaux.<\/p>\n<p>Il y a d\u2019importants changements dans les r\u00e8gles d\u2019origine de certains secteurs sp\u00e9cifiques :<\/p>\n<ul>\n<li>Automobile<\/li>\n<li>Technologies de l\u2019information et communications<\/li>\n<li>Pharmaceutique<\/li>\n<li>Produits de soins de sant\u00e9<\/li>\n<li>Produits cosm\u00e9tiques<\/li>\n<li>Produits chimiques<\/li>\n<\/ul>\n<p>&nbsp;<\/p>\n<p>L\u2019accord a \u00e9t\u00e9 officiellement sign\u00e9 par les trois parties le 30 novembre 2018 en marge du Sommet des chefs du G20 qui a eu lieu \u00e0 Buenos Aires.<\/p>\n<p>D\u00e8s l\u2019entr\u00e9e en vigueur de l\u2019accord, \u00e0 l&rsquo;exception de quelques produits agricoles, toutes les importations admissibles au Canada en provenance d&rsquo;un pays de l\u2019ACEUM seront exemptes de droits de douane.<\/p>\n<h2>\u00c9tapes suivantes<\/h2>\n<p>Le Mexique a \u00e9t\u00e9 le premier pays \u00e0 ratifier l\u2019ACEUM le 19 juin 2019. Il a \u00e9t\u00e9 suivi par les \u00c9tats-Unis le 29 janvier 2020, puis le Canada, le 13 mars 2020.<\/p>\n<p>Avant l\u2019entr\u00e9e en vigueur de l\u2019ACEUM, les trois pays doivent mettre en place les diff\u00e9rents m\u00e9canismes n\u00e9cessaires pour respecter les exigences du nouvel accord. Il n\u2019y a pas de calendrier fixe pour la p\u00e9riode de pr\u00e9paration et celle-ci pourrait s\u2019\u00e9tendre sur plusieurs mois. Chaque pays informera l\u2019autre lorsqu\u2019il aura termin\u00e9 ses pr\u00e9paratifs.<\/p>\n<p>Le 2 avril 2020, le Canada a \u00e9t\u00e9 le premier pays \u00e0 informer les \u00c9tats-Unis et le Mexique qu\u2019il avait termin\u00e9 les proc\u00e9dures internes requises en vue de l\u2019entr\u00e9e en vigueur de l\u2019accord.<\/p>\n<p>Le 3 avril 2020, le Mexique a inform\u00e9 les autres parties qu\u2019il avait termin\u00e9 son processus interne de ratification du r\u00e8glement, et qu\u2019il \u00e9tait pr\u00eat \u00e0 mettre en application l\u2019accord.<\/p>\n<p>L\u2019accord entrera en vigueur le premier jour du troisi\u00e8me mois apr\u00e8s lequel le dernier pays aura inform\u00e9, par \u00e9crit, les autres parties qu\u2019il a achev\u00e9 tous les processus requis par ses lois nationales. Le 24 avril 2020, l\u2019administration Trump a inform\u00e9 le Congr\u00e8s que l\u2019ACEUM entrera en vigueur le 1er juillet 2020.<\/p>\n<p>Lors de la derni\u00e8re \u00e9tape, les parties devront cr\u00e9er des r\u00e8glements uniformes, qui serviront \u00e0 mettre en application les nouvelles r\u00e8gles d\u2019origine (RO) complexes qui touchent l\u2019automobile. Les r\u00e8glements uniformes sont obligatoires pour r\u00e9gir l\u2019interpr\u00e9tation et l\u2019application des r\u00e8gles d\u2019origine.<\/p>\n<h3><strong>Principaux changements<\/strong><\/h3>\n<p>Voici certaines des principales diff\u00e9rences entre l\u2019ALENA et l\u2019AEUMC.<\/p>\n<h4>Certificat d\u2019origine<\/h4>\n<ul>\n<li>En vertu de l\u2019AEUMC, les importateurs ne seront plus tenus de remplir un document de certification officiel.<\/li>\n<li>La certification de l\u2019origine peut \u00eatre obtenue \u00e0 l\u2019aide de documents informels, tels que des factures commerciales, et peut \u00eatre remplie par l\u2019importateur, l\u2019exportateur ou le producteur.<\/li>\n<li>Les anciens certificats de l\u2019ALENA et les documents de certification de l\u2019AEUMC doivent \u00eatre conserv\u00e9s pendant au moins cinq ans.<\/li>\n<\/ul>\n<h4>De minimis<\/h4>\n<ul>\n<li>L\u2019AEUMC a modifi\u00e9 le seuil \u00e0 partir duquel les marchandises de faible valeur peuvent entrer dans chaque pays en franchise de droits.<\/li>\n<li>Les seuils de minimis pr\u00e9vus par l\u2019AEUMC sont les suivants\u00a0:<\/li>\n<\/ul>\n<ul>\n<li style=\"list-style-type: none;\">\n<ul>\n<li>Canada &#8211; 150\u00a0$ CA pour les douanes et 40\u00a0$ CA pour les taxes<\/li>\n<li>Mexique &#8211; 117\u00a0$ US pour les douanes et 50\u00a0$ US pour les taxes<\/li>\n<li>\u00c9tats-Unis &#8211; 800 $ US<\/li>\n<\/ul>\n<\/li>\n<\/ul>\n<h4>R\u00e8glement des diff\u00e9rends<\/h4>\n<ul>\n<li>Chapitre 20 de l\u2019ALENA, maintien du m\u00e9canisme de r\u00e8glement des diff\u00e9rends entre pays<\/li>\n<li>Chapitre 19 de l\u2019ALENA, maintien du m\u00e9canisme de r\u00e8glement des diff\u00e9rends relatifs aux droits antidumping\/compensateurs<\/li>\n<li>Chapitre 11 de l\u2019ALENA, \u00e9limination entre le Canada et les \u00c9tats-Unis du m\u00e9canisme de r\u00e8glement des diff\u00e9rends entre investisseurs et \u00c9tats, mais maintenu entre les \u00c9tats-Unis et le Mexique.<\/li>\n<\/ul>\n<h4>R\u00e8gles d\u2019origine automobile et contenu de valeur r\u00e9gionale<\/h4>\n<ul>\n<li>Le contenu nord-am\u00e9ricain total du v\u00e9hicule doit atteindre 75\u00a0% (valeur pr\u00e9c\u00e9dente\u00a0: 62,5\u00a0%).<\/li>\n<li>70\u00a0% de l\u2019aluminium et du verre utilis\u00e9s dans la production de l\u2019automobile doivent provenir de l\u2019Am\u00e9rique du Nord. Dans le protocole de r\u00e9forme, la d\u00e9finition de l\u2019acier a \u00e9t\u00e9 modifi\u00e9e pour indiquer qu\u2019il doit \u00eatre \u00ab\u00a0fondu et coul\u00e9\u00a0\u00bb en Am\u00e9rique du Nord pour pouvoir b\u00e9n\u00e9ficier de l\u2019exemption de droits. La nouvelle d\u00e9finition prendra effet sept ans apr\u00e8s la mise en \u0153uvre de l\u2019AEUMC. La d\u00e9finition de l\u2019aluminium reste la m\u00eame que dans le cadre de l\u2019ALENA, mais sera r\u00e9examin\u00e9e dix ans apr\u00e8s la mise en \u0153uvre de l\u2019AEUMC.<\/li>\n<li>Le contenu des pi\u00e8ces sera divis\u00e9 entre les pi\u00e8ces centrales, principales et accessoires; les exigences relatives au contenu auxquelles elles feront respectivement l\u2019objet sont de 75\u00a0%, 65\u00a0% et 60\u00a0%.<\/li>\n<li>Une proportion de 40\u00a0% d\u2019une automobile et de 45\u00a0% des camionnettes devra \u00eatre produite en ayant recours \u00e0 une main-d\u2019\u0153uvre dont le salaire horaire moyen est de 16\u00a0$.<\/li>\n<li>Des contingents totalisant 2,6\u00a0millions de v\u00e9hicules canadiens et mexicains (bien au-dessus des 1,8\u00a0million actuels) ont \u00e9t\u00e9 \u00e9tablis par l\u2019AEUMC<\/li>\n<li>Des contingents de 32,4 milliards de dollars d\u2019importations de pi\u00e8ces automobiles du Canada et de 108 milliards de dollars d\u2019importations de pi\u00e8ces d\u2019automobile du Mexique ont \u00e9t\u00e9 \u00e9tablis par l\u2019USMCA<\/li>\n<\/ul>\n<h4>Acc\u00e8s au march\u00e9 laitier<\/h4>\n<ul>\n<li>Les restrictions \u00e0 l\u2019importation de lait am\u00e9ricain ultrafiltr\u00e9 au Canada ont \u00e9t\u00e9 supprim\u00e9es<\/li>\n<li>Les producteurs des \u00c9tats-Unis auront acc\u00e8s \u00e0 3,6\u00a0% suppl\u00e9mentaires du march\u00e9 laitier canadien<\/li>\n<li>Le syst\u00e8me de gestion de l\u2019approvisionnement en produits laitiers du Canada, qui limite les importations \u00e9trang\u00e8res, est maintenu<\/li>\n<\/ul>\n<h4>Propri\u00e9t\u00e9 intellectuelle<\/h4>\n<ul>\n<li>Les modifications apport\u00e9es aux brevets sur les produits biologiques dans l\u2019accord initial devaient \u00eatre fix\u00e9es \u00e0 dix ans pour tous les pays. Toutefois, le protocole de r\u00e9forme a supprim\u00e9 cette disposition, laissant la dur\u00e9e du brevet identique \u00e0 celle de l\u2019ALENA\u00a0: cinq ans au Mexique, douze ans aux \u00c9tats-Unis et huit ans au Canada.<\/li>\n<li>La dur\u00e9e du droit d\u2019auteur est pass\u00e9e de 50 ans apr\u00e8s le d\u00e9c\u00e8s de l\u2019auteur \u00e0 70 ans.<\/li>\n<\/ul>\n<h4>Clause cr\u00e9pusculaire<\/h4>\n<ul>\n<li>Les conditions de l\u2019AEUMC resteront en vigueur pendant une p\u00e9riode de 16\u00a0ans, \u00e0 la suite de quoi les parties peuvent choisir de revoir ou de ren\u00e9gocier ces conditions ou de se retirer compl\u00e8tement de l\u2019accord.<\/li>\n<li>Cependant, apr\u00e8s six ans, le d\u00e9lai d\u2019expiration de l\u2019AEUMC (16 ans) peut \u00eatre r\u00e9examin\u00e9 et \u00e9ventuellement prolong\u00e9 si les parties estiment que cela serait b\u00e9n\u00e9fique.<\/li>\n<\/ul>\n<h4>Section 232 Tarifs<\/h4>\n<ul>\n<li>Les \u00c9tats-Unis conservent le droit d\u2019imposer des tarifs douaniers en vertu de la section 232 du Trade Expansion Act de 1962, qui autorise le pr\u00e9sident \u00e0 imposer des tarifs douaniers pour des raisons de s\u00e9curit\u00e9 nationale.<\/li>\n<li>Ces droits de douane ont \u00e9t\u00e9 impos\u00e9s au Canada et au Mexique, ainsi qu\u2019\u00e0 un certain nombre d\u2019autres pays au cours de l\u2019\u00e9t\u00e9 2018. Le Canada et le Mexique ont impos\u00e9 des contre-mesures sur les biens de consommation am\u00e9ricains, mais les parties ont r\u00e9gl\u00e9 le diff\u00e9rend au printemps 2019.<\/li>\n<li>Une lettre d\u2019accompagnement a \u00e9t\u00e9 sign\u00e9e dans le cadre de l\u2019AEUMC pour accorder au Canada et au Mexique une p\u00e9riode de consultation de 60 jours avant que les droits de douane de l\u2019article 232 puissent \u00eatre appliqu\u00e9s sur les marchandises canadiennes ou mexicaines.<\/li>\n<\/ul>\n<h3><strong>Soutien aux besoins du client<\/strong><\/h3>\n<p>La ratification de l\u2019AEUMC et sa mise en \u0153uvre imminente entra\u00eeneront des changements importants pour les entreprises qui participent au commerce nord-am\u00e9ricain. Chez Livingston, nous offrons de nombreuses ressources \u00e9ducatives ainsi que des services de conseil et de facilitation du commerce. Si vous avez des questions urgentes concernant l\u2019AEUMC et sa diff\u00e9rence avec l\u2019ALENA, ou sur la mani\u00e8re de pr\u00e9parer sa mise en \u0153uvre, veuillez contacter le <a href=\"tel: 1-800-837-1063\">1-800\u00a0837-1063<\/a> ou envoyer un courriel \u00e0 <a href=\"mailto:simplifier@livingstonintl.com\">simplifier@livingstonintl.com<\/a>.<\/p>\n","protected":false},"excerpt":{"rendered":"<p>Le 24 avril 2020, l\u2019administration Trump a inform\u00e9 le Congr\u00e8s que l\u2019Accord Canada-\u00c9tats-Unis-Mexique (ACEUM) entrera en vigueur le 1er juillet 2020. Contexte Le 30 septembre 2018, les gouvernements des \u00c9tats-Unis, du Canada et du Mexique ont annonc\u00e9 la conclusion d\u2019un accord de libre-\u00e9change trilat\u00e9ral (de principe), concluant plus de treize mois de n\u00e9gociations. L\u2019accord, portant<a class=\"excerpt-read-more\" href=\"https:\/\/staging.livingstonintl.com\/fr\/alena\/\" title=\"ReadDe l\u2019ALENA \u00e0 l\u2019AEUMC Libre-\u00e9change en Am\u00e9rique du Nord, aujourd&rsquo;hui et demain\">&#8230; Read more &raquo;<\/a><\/p>\n","protected":false},"author":36,"featured_media":41511,"parent":0,"menu_order":134,"comment_status":"closed","ping_status":"closed","template":"template-retired\/page-landing-withsidebar.php","meta":{"_acf_changed":false,"footnotes":""},"class_list":["post-38321","page","type-page","status-publish","has-post-thumbnail","hentry"],"acf":[],"yoast_head":"<!-- This site is optimized with the Yoast SEO plugin v26.8 - https:\/\/yoast.com\/product\/yoast-seo-wordpress\/ -->\n<title>De l\u2019ALENA \u00e0 l\u2019AEUMC Libre-\u00e9change en Am\u00e9rique du Nord, aujourd&#039;hui et demain - Livingston International<\/title>\n<meta name=\"robots\" content=\"noindex, follow, max-snippet:-1, max-image-preview:large, max-video-preview:-1\" \/>\n<meta property=\"og:locale\" content=\"fr_FR\" \/>\n<meta property=\"og:type\" content=\"article\" \/>\n<meta property=\"og:title\" content=\"De l\u2019ALENA \u00e0 l\u2019AEUMC Libre-\u00e9change en Am\u00e9rique du Nord, aujourd&#039;hui et demain - Livingston International\" \/>\n<meta property=\"og:description\" content=\"Le 24 avril 2020, l\u2019administration Trump a inform\u00e9 le Congr\u00e8s que l\u2019Accord Canada-\u00c9tats-Unis-Mexique (ACEUM) entrera en vigueur le 1er juillet 2020. Contexte Le 30 septembre 2018, les gouvernements des \u00c9tats-Unis, du Canada et du Mexique ont annonc\u00e9 la conclusion d\u2019un accord de libre-\u00e9change trilat\u00e9ral (de principe), concluant plus de treize mois de n\u00e9gociations. L\u2019accord, portant... Read more &raquo;\" \/>\n<meta property=\"og:url\" content=\"https:\/\/staging.livingstonintl.com\/fr\/alena\/\" \/>\n<meta property=\"og:site_name\" content=\"Livingston International\" \/>\n<meta property=\"article:publisher\" content=\"https:\/\/www.facebook.com\/livingstoninternational\" \/>\n<meta property=\"article:modified_time\" content=\"2020-05-23T17:13:32+00:00\" \/>\n<meta property=\"og:image\" content=\"https:\/\/lii-mkt-content.s3.amazonaws.com\/livingston-content\/uploads\/2018\/03\/25225833\/TN_nafta_03.jpg\" \/>\n\t<meta property=\"og:image:width\" content=\"640\" \/>\n\t<meta property=\"og:image:height\" content=\"424\" \/>\n\t<meta property=\"og:image:type\" content=\"image\/jpeg\" \/>\n<meta name=\"twitter:label1\" content=\"Dur\u00e9e de lecture estim\u00e9e\" \/>\n\t<meta name=\"twitter:data1\" content=\"7 minutes\" \/>\n<script type=\"application\/ld+json\" class=\"yoast-schema-graph\">{\"@context\":\"https:\/\/schema.org\",\"@graph\":[{\"@type\":\"WebPage\",\"@id\":\"https:\/\/staging.livingstonintl.com\/fr\/alena\/\",\"url\":\"https:\/\/staging.livingstonintl.com\/fr\/alena\/\",\"name\":\"De l\u2019ALENA \u00e0 l\u2019AEUMC Libre-\u00e9change en Am\u00e9rique du Nord, aujourd'hui et demain - Livingston International\",\"isPartOf\":{\"@id\":\"https:\/\/staging.livingstonintl.com\/fr\/#website\"},\"primaryImageOfPage\":{\"@id\":\"https:\/\/staging.livingstonintl.com\/fr\/alena\/#primaryimage\"},\"image\":{\"@id\":\"https:\/\/staging.livingstonintl.com\/fr\/alena\/#primaryimage\"},\"thumbnailUrl\":\"https:\/\/lii-mkt-content.s3.amazonaws.com\/livingston-content\/uploads\/2018\/03\/25225833\/TN_nafta_03.jpg\",\"datePublished\":\"2017-08-25T02:33:40+00:00\",\"dateModified\":\"2020-05-23T17:13:32+00:00\",\"breadcrumb\":{\"@id\":\"https:\/\/staging.livingstonintl.com\/fr\/alena\/#breadcrumb\"},\"inLanguage\":\"fr-FR\",\"potentialAction\":[{\"@type\":\"ReadAction\",\"target\":[\"https:\/\/staging.livingstonintl.com\/fr\/alena\/\"]}]},{\"@type\":\"ImageObject\",\"inLanguage\":\"fr-FR\",\"@id\":\"https:\/\/staging.livingstonintl.com\/fr\/alena\/#primaryimage\",\"url\":\"https:\/\/lii-mkt-content.s3.amazonaws.com\/livingston-content\/uploads\/2018\/03\/25225833\/TN_nafta_03.jpg\",\"contentUrl\":\"https:\/\/lii-mkt-content.s3.amazonaws.com\/livingston-content\/uploads\/2018\/03\/25225833\/TN_nafta_03.jpg\",\"width\":640,\"height\":424},{\"@type\":\"BreadcrumbList\",\"@id\":\"https:\/\/staging.livingstonintl.com\/fr\/alena\/#breadcrumb\",\"itemListElement\":[{\"@type\":\"ListItem\",\"position\":1,\"name\":\"Accueil\",\"item\":\"https:\/\/staging.livingstonintl.com\/fr\/\"},{\"@type\":\"ListItem\",\"position\":2,\"name\":\"De l\u2019ALENA \u00e0 l\u2019AEUMC Libre-\u00e9change en Am\u00e9rique du Nord, aujourd&#8217;hui et demain\"}]},{\"@type\":\"WebSite\",\"@id\":\"https:\/\/staging.livingstonintl.com\/fr\/#website\",\"url\":\"https:\/\/staging.livingstonintl.com\/fr\/\",\"name\":\"Livingston International\",\"description\":\"Simplify Trade\",\"potentialAction\":[{\"@type\":\"SearchAction\",\"target\":{\"@type\":\"EntryPoint\",\"urlTemplate\":\"https:\/\/staging.livingstonintl.com\/fr\/?s={search_term_string}\"},\"query-input\":{\"@type\":\"PropertyValueSpecification\",\"valueRequired\":true,\"valueName\":\"search_term_string\"}}],\"inLanguage\":\"fr-FR\"}]}<\/script>\n<!-- \/ Yoast SEO plugin. -->","yoast_head_json":{"title":"De l\u2019ALENA \u00e0 l\u2019AEUMC Libre-\u00e9change en Am\u00e9rique du Nord, aujourd'hui et demain - Livingston International","robots":{"index":"noindex","follow":"follow","max-snippet":"max-snippet:-1","max-image-preview":"max-image-preview:large","max-video-preview":"max-video-preview:-1"},"og_locale":"fr_FR","og_type":"article","og_title":"De l\u2019ALENA \u00e0 l\u2019AEUMC Libre-\u00e9change en Am\u00e9rique du Nord, aujourd'hui et demain - Livingston International","og_description":"Le 24 avril 2020, l\u2019administration Trump a inform\u00e9 le Congr\u00e8s que l\u2019Accord Canada-\u00c9tats-Unis-Mexique (ACEUM) entrera en vigueur le 1er juillet 2020. Contexte Le 30 septembre 2018, les gouvernements des \u00c9tats-Unis, du Canada et du Mexique ont annonc\u00e9 la conclusion d\u2019un accord de libre-\u00e9change trilat\u00e9ral (de principe), concluant plus de treize mois de n\u00e9gociations. L\u2019accord, portant... Read more &raquo;","og_url":"https:\/\/staging.livingstonintl.com\/fr\/alena\/","og_site_name":"Livingston International","article_publisher":"https:\/\/www.facebook.com\/livingstoninternational","article_modified_time":"2020-05-23T17:13:32+00:00","og_image":[{"width":640,"height":424,"url":"https:\/\/lii-mkt-content.s3.amazonaws.com\/livingston-content\/uploads\/2018\/03\/25225833\/TN_nafta_03.jpg","type":"image\/jpeg"}],"twitter_misc":{"Dur\u00e9e de lecture estim\u00e9e":"7 minutes"},"schema":{"@context":"https:\/\/schema.org","@graph":[{"@type":"WebPage","@id":"https:\/\/staging.livingstonintl.com\/fr\/alena\/","url":"https:\/\/staging.livingstonintl.com\/fr\/alena\/","name":"De l\u2019ALENA \u00e0 l\u2019AEUMC Libre-\u00e9change en Am\u00e9rique du Nord, aujourd'hui et demain - Livingston International","isPartOf":{"@id":"https:\/\/staging.livingstonintl.com\/fr\/#website"},"primaryImageOfPage":{"@id":"https:\/\/staging.livingstonintl.com\/fr\/alena\/#primaryimage"},"image":{"@id":"https:\/\/staging.livingstonintl.com\/fr\/alena\/#primaryimage"},"thumbnailUrl":"https:\/\/lii-mkt-content.s3.amazonaws.com\/livingston-content\/uploads\/2018\/03\/25225833\/TN_nafta_03.jpg","datePublished":"2017-08-25T02:33:40+00:00","dateModified":"2020-05-23T17:13:32+00:00","breadcrumb":{"@id":"https:\/\/staging.livingstonintl.com\/fr\/alena\/#breadcrumb"},"inLanguage":"fr-FR","potentialAction":[{"@type":"ReadAction","target":["https:\/\/staging.livingstonintl.com\/fr\/alena\/"]}]},{"@type":"ImageObject","inLanguage":"fr-FR","@id":"https:\/\/staging.livingstonintl.com\/fr\/alena\/#primaryimage","url":"https:\/\/lii-mkt-content.s3.amazonaws.com\/livingston-content\/uploads\/2018\/03\/25225833\/TN_nafta_03.jpg","contentUrl":"https:\/\/lii-mkt-content.s3.amazonaws.com\/livingston-content\/uploads\/2018\/03\/25225833\/TN_nafta_03.jpg","width":640,"height":424},{"@type":"BreadcrumbList","@id":"https:\/\/staging.livingstonintl.com\/fr\/alena\/#breadcrumb","itemListElement":[{"@type":"ListItem","position":1,"name":"Accueil","item":"https:\/\/staging.livingstonintl.com\/fr\/"},{"@type":"ListItem","position":2,"name":"De l\u2019ALENA \u00e0 l\u2019AEUMC Libre-\u00e9change en Am\u00e9rique du Nord, aujourd&#8217;hui et demain"}]},{"@type":"WebSite","@id":"https:\/\/staging.livingstonintl.com\/fr\/#website","url":"https:\/\/staging.livingstonintl.com\/fr\/","name":"Livingston International","description":"Simplify Trade","potentialAction":[{"@type":"SearchAction","target":{"@type":"EntryPoint","urlTemplate":"https:\/\/staging.livingstonintl.com\/fr\/?s={search_term_string}"},"query-input":{"@type":"PropertyValueSpecification","valueRequired":true,"valueName":"search_term_string"}}],"inLanguage":"fr-FR"}]}},"_links":{"self":[{"href":"https:\/\/staging.livingstonintl.com\/fr\/wp-json\/wp\/v2\/pages\/38321","targetHints":{"allow":["GET"]}}],"collection":[{"href":"https:\/\/staging.livingstonintl.com\/fr\/wp-json\/wp\/v2\/pages"}],"about":[{"href":"https:\/\/staging.livingstonintl.com\/fr\/wp-json\/wp\/v2\/types\/page"}],"author":[{"embeddable":true,"href":"https:\/\/staging.livingstonintl.com\/fr\/wp-json\/wp\/v2\/users\/36"}],"replies":[{"embeddable":true,"href":"https:\/\/staging.livingstonintl.com\/fr\/wp-json\/wp\/v2\/comments?post=38321"}],"version-history":[{"count":0,"href":"https:\/\/staging.livingstonintl.com\/fr\/wp-json\/wp\/v2\/pages\/38321\/revisions"}],"wp:featuredmedia":[{"embeddable":true,"href":"https:\/\/staging.livingstonintl.com\/fr\/wp-json\/wp\/v2\/media\/41511"}],"wp:attachment":[{"href":"https:\/\/staging.livingstonintl.com\/fr\/wp-json\/wp\/v2\/media?parent=38321"}],"curies":[{"name":"wp","href":"https:\/\/api.w.org\/{rel}","templated":true}]}}