{"id":36998,"date":"2017-07-06T12:17:11","date_gmt":"2017-07-06T16:17:11","guid":{"rendered":"http:\/\/livingston-tmp.dev\/solutions-daffaires\/frequent-shippers\/"},"modified":"2020-12-23T20:43:57","modified_gmt":"2020-12-24T01:43:57","slug":"les-expediteurs-frequents","status":"publish","type":"page","link":"https:\/\/staging.livingstonintl.com\/fr\/solutions-daffaires\/les-expediteurs-frequents\/","title":{"rendered":"Les exp\u00e9diteurs fr\u00e9quents"},"content":{"rendered":"\n\n\n<!-- MASTHEAD: MAIN -->\n<section id=\"masthead-block\" class=\"lii-block lii-block-masthead\">\n\n\t<div class=\"masthead-background hide-for-small-only\">\n\t\t\t\t<img decoding=\"async\" src=\"data:image\/image\/jpeg;base64, \/9j\/4AAQSkZJRgABAQEAYABgAAD\/\/gA7Q1JFQVRPUjogZ2QtanBlZyB2MS4wICh1c2luZyBJSkcgSlBFRyB2NjIpLCBxdWFsaXR5ID0gODIK\/9sAQwAGBAQFBAQGBQUFBgYGBwkOCQkICAkSDQ0KDhUSFhYVEhQUFxohHBcYHxkUFB0nHR8iIyUlJRYcKSwoJCshJCUk\/9sAQwEGBgYJCAkRCQkRJBgUGCQkJCQkJCQkJCQkJCQkJCQkJCQkJCQkJCQkJCQkJCQkJCQkJCQkJCQkJCQkJCQkJCQk\/8AAEQgAawC+AwEiAAIRAQMRAf\/EAB8AAAEFAQEBAQEBAAAAAAAAAAABAgMEBQYHCAkKC\/\/EALUQAAIBAwMCBAMFBQQEAAABfQECAwAEEQUSITFBBhNRYQcicRQygZGhCCNCscEVUtHwJDNicoIJChYXGBkaJSYnKCkqNDU2Nzg5OkNERUZHSElKU1RVVldYWVpjZGVmZ2hpanN0dXZ3eHl6g4SFhoeIiYqSk5SVlpeYmZqio6Slpqeoqaqys7S1tre4ubrCw8TFxsfIycrS09TV1tfY2drh4uPk5ebn6Onq8fLz9PX29\/j5+v\/EAB8BAAMBAQEBAQEBAQEAAAAAAAABAgMEBQYHCAkKC\/\/EALURAAIBAgQEAwQHBQQEAAECdwABAgMRBAUhMQYSQVEHYXETIjKBCBRCkaGxwQkjM1LwFWJy0QoWJDThJfEXGBkaJicoKSo1Njc4OTpDREVGR0hJSlNUVVZXWFlaY2RlZmdoaWpzdHV2d3h5eoKDhIWGh4iJipKTlJWWl5iZmqKjpKWmp6ipqrKztLW2t7i5usLDxMXGx8jJytLT1NXW19jZ2uLj5OXm5+jp6vLz9PX29\/j5+v\/aAAwDAQACEQMRAD8A8HUgjmpY1z06VSiYlhV6HtXTYwuTyJ\/xLpweOlYrJiukgEckLrINyswGPeqk8EAk2LDGfxPFCBmHijArctLa1mmMMkEeWUlWUnrTbgWUExj+xrhRjJJ5NKwiv4fER1aDzG2rnk7c9vStmW4jj1jO8sqvkZ44qil5b2MqyR2dsrgZ5ZsipLq7s3ihvvKRGdyHCk8nHaplG5SZm6rfNcTyAgAcniug07xLFbWFsjIrMEw3zgdK5u7iDbnT5gwyPpTI7eBbTzpWTdg4XccmolFNDT1PSYNVs5IUc3Ea7gDgt0qjr2r2aaZOonR2dcBVOc1haNdWtw1vE8MBDDb05qn4qaCO6EUMSIEH8Pc1nGOtimzJfUJS+VwoHtVm3vRIQrjDetZg65\/zmpYopH4RGJHPAya6HFEKTNtgAq+9IoBODWloRsryyH2m3QyRMef7wweKzmvLhJONNhRWb5Q0ZP4ZrPlNOYRfvj61urDvhDiKUgDkhDVOyVlikluraCFiQqEpgD3q\/YS3FpqcUcBEjSEso2gnijlE3cotPad5P0pnn2X\/AD0H5V1HjPQgIo9Rs7XDEA3SpghWYAg47c5z+HrXGmOcciAn8KLoVmPlntcEBxRa4e2YjpvNV\/stxdqWjiLYODjtU9ta3sSsnk\/LnODRdAkz0vRVzoln9VrqbBP37H\/Z\/qK5nw\/JHPoFqEYM0Uio4H8J9K7C0i2uTjqKiTKSPme2GXrRQEDiqFoMsa0lGVrsMCwj7bRm6EOv9ahjKyCR2I+Vf61J5Uj2jqgJO4H+dVWhlhSRTG+JFx0qWikS29wqyJtwCDgc1XvXeXV2hZsoGxj8KTT7FvticMBgnJHSpbuCU6y85X5d2Tj6VK0BlLU2ZLySNcbV4AqSZmbR4c44lb+VSXlhPc3ckkYBVjkZNSyWEv8AZkcRaJWEhPzMAOlFwsZ9wCsNqwbB25OPrUiKt5KYpNoUA7XHUU3UIHiht1yrbU\/hbI61TExVCckE8cUmA9t1vjY5xnIPQ1oaqks0MEzlizKB+VZkYZtnG45rcuJPtBjhjAKqBuY8Y9hQotvRBzJblH+yGcRGLnOM+x967rwlpVkbyKzmQxXWQMP\/ABA+h\/z1rPsrBYdS+wyA7yFb8xW54hnsLZUiCH7TPEioFb75DDhgO2M8d+fasHO7sdkYKK5jFks4YdTvGtiPs7zuY\/8Ad3HH6VX1ZsCEA4+eul03QomkzdbzIACIs4Az+uatX9pbRLGptoj83ynYOO9aRpSerMJVFsjlLi2kME9wVZ490aBQP4sZ6fTn8q9A+Hllol+guL9rceW20iUgFG981xCXEqX93DcZcLLI8SdAz5wP0x+Vd94O8Nx2OlvqN7CJLmVzcK7KAQEXhMsCRyV6A\/Wsp7WR1Urr3mVPiLq0CajPpGlAw20R\/elCR5pKjj6D+ZNcTEgFu3fg1Nrn9pGedtQXy753LydFGSe2OMfTiqdl5gtnEjZ4JHOam1tzO99UN0FMx3AP\/PQ\/zNXYYSGcnpmqujKTb3IA5MjAVZ06CZWJdiV6dTUy3Y47HX+FYtuhTPj716P6V3sEfI+lcd4aix4ULjvff1Fd7b2\/zfhTb90yfxHypZDrWipwKo2Q+Wry16BzEomeOB2RipyBkfjVVtRuWZyZmOxcjmppP+PV\/wDeH9aoQqHeZScfuzUsaLFlqFzPeIruduDkA+1R6ncXKX8ojmdRxwD7U2zQR3ibTxg\/yo1HLXkhHfH8qkZB9svf+fiT86lmuJX06MySFyJT949sVXwx7dKllXOnDPaQn9KAKssnnYPI28AdgKIleWUKihi\/GGFRAgcZ4qxZEqJH\/ixtH4\/5\/Wmld2Jbsi0ghify0AKjv\/ePrXS2tlDeWu5AoZVJwB0Nchvw2DW7omr\/AGRxuOR6iuyk7Oxy1V1NH+2pb3ULdShilt4lCyKOSw4J\/lxVmyEk2vfapJXeWJWlye5PH9elOP2U289zbAblwcls9eeB25\/lV\/SbfBlY4DStgeuFHY\/U\/pXPVw\/JNNbM6KWI54uL6GpBeNaTrdXBG1fLZm7Fd3P6Vp6npb3lvcCJiHt2PzL1HvWXqkax6XDFcqd8kwVZMcFev55Bz9R61o6Tf3CXXmlg+1Am3H3hnJzWiQm3ujn7mAxxwXWGFzIC7tgHJ6Hj+naup8IWF5dXzG4uZrkLGRMzuWCqeSq\/jgfU5p2taTayXsZjRkUsrmKPkhscKP8AaPH049RXQNC+kWMWiWKhtRuiDMU\/5Z+i59uefrWSopSuazxDlBRKevaRD4g028RUD3EKM0boOVbOAAfQkEYryNUleBiJNoAPGK9we4ttLhj0WzlWW4MgE7p8zZAGVAHfHH4GvMPGWnwaVr99aW\/mIm7cEkTYVLDdgDPTnis8THaSDDS3ic7o\/mPHN5cm0K5B4681p2olYlVfGDzxVLQomEUrBcjzG59ea17WNg7ZUjnuK45bnZHY7bw1Cw8FgnH\/AB\/4yB7ivQ4LbgH2rg\/DeoaefD9tov2gfb5b3zBFtP3c5znp0r1M24RVHciom\/dM\/tHxfaDCCroPHWqlv90VYLV6Zykyxma2lAZRggkk49appaMGlAngO9Cv3+lSO\/8AokvP8S\/1rOjHmSOP9k1LGXbO1McinzoW29drVqLbQEhnijY+pzzWNprLZ3YaZXZMHhCMmtdrqWQKRFPtP3cmoauUmTR6bYvIZHU5PIXPy1dTSrOaMg2ibByADnms1bp48+ZAzA9AXwfwNWbS5u3yIdOmlHsxOPyxUuJRBqen6bYRtO1mRxwCDgmsGU5VXWERK2Dgfjz\/AJ9K2L26F9GyTxyhE+YKznC1hTTmdwEGyNRhR7VdJamdTYimJPzDtU1vICAxB+q9RSmD5QMUqwSRyqifeIGAe+a6Ummc7aasbVnd+bHsLnAGWx6D2rZ8DamZdQihmbcrShtjfxcDNc1pKCa6KTBk2thgDjn0rTutJQ37y6fIoQn5lYYwe+DW0qkbLmZnClK75Ueh+KoTezWmm2yuBEnmszcKMn5Qe+evAqslrc6biYTN5rDC4XgD1AqvZ3kc1rAl3NulhTy9zKQWXtz7dK2rBoblRP8AaInn34QFxhQPUe5\/lWfNFvRmyjKKV0aOiQSaYkM0iebqDg\/Z4RyY89ZG\/wBs5z7VX8R67ceH45rDTmEutXKHzrjr5II6J7+9bNmy6fHJcl43kIJaRmySf6V51dzPc+J1nlBLSKWx\/wACH4fj\/Wsa83FWRpRipO7Ot8D6ja6FaRXErAX06kM7oDIhBPQkjr39ar\/EvS7m4u7G9KO8txHnkfMoGMZA6dTxnPr6Vls8llercRvHEjkBnOdy\/QivQ9BjtvGNpLDNLPFaxyD7OcDoPYj0\/mfSspSvTuWo8tS55Jo2myW0TxsyZZywx71v2mjrPjdchPoua9RT4Q6MTv8Atl4gPZdoH8qll+G\/h\/TbWW5m1DUBHChdjuToBn+7XI03szpjOC3RxWleGoLG4j1K2ma4urf544mGFc+h71qyfE3W7tRFBp1khU5OI3Zvx+asaw1KVZD5IwmeAxyce\/Sux8JyLp4uL+GCE3Nw212ZScDg4HPGTyazV4351c1qqMrOGh8rw8KKlLVDGeKc5r0jgJ7eA3avCGALMOfzp8GjW80jos7RSEbR5hAB9eaisScSnBwMcjtXeqLDT4o0a3hJkRWAlUjIx1+YUAcJFYS6dcgnDr0Ulcg\/0rsLPUJNdhh06FoEkij3\/OmwKKuJa2ITdFa7VJwRFIP5VCulRLcLc2t3cQSp03rn8PpUp2G0+hmanpjW7J5t7YkLnOJOe3t7Ulvqk8EawW9xaPt6KBg\/mQKl8RW9o01mm1YLuSTYgiUCKUnv6qenqOe3NYssTxSPFKhV1OGVhyDSk0nccbtWZQ1eXy5HhkwhON4OQfpiqlnFFIxPUr09KNQlWW6JOWKrsyefapbW3RMFgycZ45zW9Kysc9W7vqTxw5k5HHei9XytQUxqWEce849hmop2UsfKdsBfXqaX+0EWExQ2sUYOQzAklsjBySfetpytsjKELvVl+5jSCxi1GMqjjIZQOHz0\/wD11Ss9SmGMQyEk8sATmohczOoUyOUBztzgU9WBXk81zezurSZ0+0s7xRuW+vyRqBJG\/wD3zVuPXYCchTn0Fc7BguuWIrYQo6oH27iCM47DH8qiVCKV0bQrybsyy2qGWT5M4Az75roLOJGmtHk2sXwpkLD5cnODWda20N7JCIIUFwMiSNQAMeueg56euamvbOe3uVt54ZYpSQVVh1+mOv1FRymjl3N3XLdEvY7KzJnScgKO6nOMZrdsNdi8PNBbwv8AJDwc\/wAXqfxOaz9Gs3sG+2T5+6cRhN2xsYLYGeevT1FZut6NerILgENDJyDk5A9wQD+lNx6PYyTufQ1nqFrqOjwXlrMkqSIGypzj2rzz4keIWjt00qJ8NMd8mD\/ADwPxP8q89sTf2EKXcBnhUEJ5kDEY9OR9D+RqxcS3GoObm6D3LnAMpJ3YA6f5Fc8afK9zS5Y02UKw3Guw0jVba3gaORyuW3D5T6VxMBjT7pcH0I6fj\/8AWrVt5\/l61o6akLnZ4nYaY12BiTb\/AMBzW5aeCZ7ojNwoU\/7NZ+lXawhQa6\/T9WjjAy1dSjcwuRW\/w21GTy7SymYo7hndELEH6d\/pRqXgvxNYlVvLkXUELGFElkKscdFJwTj\/AGa0L\/Xv3R8qQqfVetU38Tzi0MMMrq7oVkYjO4f48A5pSdgSbMa58MauJAdsVq\/TakhA+vPWrFl4b8QSII1mR9pz9\/P68UWeo6gJt32mYHu24g10MK395becVndSPv7yM1Ny+U5jVoVsoJre\/ninvYtnlIRho8nJIz3x396j1lk1CxtNVQ\/vCPIuP99RwfxH8qs6xYC5EcMi7inJJ65PU5qpBZyQQSwZLRSYyD2I6GjfQmzvc5A2kkshfuTU8VvKnyjJ+prqY9Kix92p9P0uCXUo0cfKOatSsS4aGXp3h6a+X96cBhjOK1G8CRwW27cXfrnH9K9K0jw3augKkAAVX1+KKyhIUg4Fac3MZpKOx4heQ\/Y7h4c\/dpkeXPoK2dUMd9cTquI3Y8sB97HY1meS9ufnGPfsaTTQyzCEhUs1WLC3l1K+hgQfPKwRR6ZqtZ2txqEyxQRPI3ZVFd14e8KyafItxO26UgjavRc+\/rWcpo0jBlt4ILAmztOYIzwSBlyP4jVj7bcSqiyTOwT7oJzir0fh+FSThueepqRtKt4hhmIb0zWDldm6VlYq2EhN3FuYkFhkE9a1bto5ZA7IrMOhIziqiWkEUqsrEEd81YiS0e4VbiWRYycFlbke9J9wWmhb1vU4odBstMtzFh\/9Im2gg78soB5I+76Adaj0XXdJs9M+yXmmNPIWZjL5+3r0GNjYxin6n9gWOOKHUZ3jHGN2Rj6VzlwEVyI2LL6mkoqS1ByaehavbiCaZjAFSPPAySQPrgU6GYgdayy2KnimGMGtoozl3PKYXwQfSte2vQAM1jR9KmUkdDVok6RNTt9uHGKa09szZU4zXOSyN\/eNNWR\/7xptXC51Ami7HitZPE6w2SWyKVVePv8AH5Vwyyvx8xqTzHI+8aTiuo7nUHUYZZNxOSac11FjtXMxO2epqbzH\/vGpaHc2PtS7sCr+l4+0lyK522YluTXRaZ96hA9jr9PvZEUhWwMVleIpJpYHJftU1sxHQ1l+K5pFs22sRkc1pexnY88eQidznPzdanWTzF2uNw96gA+Y1PGKnmY7I67Sb5tOtUjtVt48gEnHJ+prSi1y7U5EkRPriuJi6VdgHArLkNVI7RNfvj\/y0j\/AUp1S6kbczIfwrnrX7v5VoR9KOVILmmt9MTyV\/Kni4djztqjH0FTCqSJbLM0\/mfwqPoKqvT6Y3SmkK5E1RFyp4qV6gfrQFz\/\/2Q==\" data-src='https:\/\/lii-mkt-content.s3.amazonaws.com\/livingston-content\/uploads\/2020\/11\/08060225\/masthead-solutions-frequent.jpg' alt=\"\" \/>\n\t\t\t<\/div>\n\n\t<div class=\"masthead-container\" style=\"background: linear-gradient(90deg, rgba(0, 14, 28, 0.8) 0%, rgba(49, 70, 87, 0) 61%);\">\n\t\t<div class=\"grid-container\">\n\t\t\t<div id=\"mastheadContent\" class=\"masthead-content \" style=\"filter: drop-shadow(0px 0px 40px rgba(42, 52, 61, 0.5))\">\n\t\t\t\t<div class=\"grid-x masthead-breadcrumbs\">\n\t\t\t\t\t<div class=\"small-12 cell\">\n\t\t\t\t\t\t\n\n\t<section class=\"breadcrumbs hide-for-small-only clearfix\" itemprop=\"breadcrumb\">\n\t\t<span property=\"itemListElement\" typeof=\"ListItem\">\n\t\t\t\t\t<a property=\"item\" typeof=\"WebPage\" title=\"Aller \u00e0 Soci\u00e9t\u00e9 internationale Livingston.\" href=\"https:\/\/staging.livingstonintl.com\/fr\/\" class=\"home\"><span property=\"name\">Accueil<\/span><\/a>&nbsp;\/&nbsp;\n\t\t\t\t<meta property=\"position\" content=\"1\"><\/span>\n\t\t<\/section>\n\t\t\t\t\t<\/div>\n\t\t\t\t<\/div>\n\t\t\t\t<div class=\"grid-x\">\n\t\t\t\t\t<div class=\"small-12 cell\">\n\t\t\t\t\t\t<h1 style=\"filter: drop-shadow(0px 0px 40px rgba(42, 52, 61, 0.5)); width:calc(1em * 10.7);\">\n\t\t\t\t\t\t\t<span class=\"white\">ENVOIS FR\u00c9QUENTS. <\/span>\n\t\t\t\t\t\t\t<span class=\"orange\">RESSOURCES <br>LIB\u00c9R\u00c9ES.<\/span>\n\t\t\t\t\t\t<\/h1>\n\t\t\t\t\t<\/div>\n\t\t\t\t<\/div>\n\t\t\t\t<div class=\"grid-x\">\n\t\t\t\t\t<div class=\"small-12 cell\">\n\t\t\t\t\t\t<p style=\"width:calc(1em * 23);\">\n\t\t\t\t\t\t\tLes exp\u00e9ditions internationales sont complexes et demandent beaucoup de temps. Ne les laissez pas nuire \u00e0 votre croissance. Augmentez votre productivit\u00e9. Lib\u00e9rez du temps. \u00c9conomisez de l\u2019argent. Avec Livingston.\t\t\t\t\t\t<\/p>\n\t\t\t\t\t\t\t\t\t\t\t<\/div>\n\t\t\t\t<\/div>\n\t\t\t<\/div>\n\t\t<\/div>\n\t<\/div>\n\n\t<div class=\"masthead-background show-for-small-only\">\n\t\t\t\t\t<img decoding=\"async\" src=\"data:image\/image\/jpeg;base64, \/9j\/4AAQSkZJRgABAQEAYABgAAD\/\/gA7Q1JFQVRPUjogZ2QtanBlZyB2MS4wICh1c2luZyBJSkcgSlBFRyB2NjIpLCBxdWFsaXR5ID0gODIK\/9sAQwAGBAQFBAQGBQUFBgYGBwkOCQkICAkSDQ0KDhUSFhYVEhQUFxohHBcYHxkUFB0nHR8iIyUlJRYcKSwoJCshJCUk\/9sAQwEGBgYJCAkRCQkRJBgUGCQkJCQkJCQkJCQkJCQkJCQkJCQkJCQkJCQkJCQkJCQkJCQkJCQkJCQkJCQkJCQkJCQk\/8AAEQgAawC+AwEiAAIRAQMRAf\/EAB8AAAEFAQEBAQEBAAAAAAAAAAABAgMEBQYHCAkKC\/\/EALUQAAIBAwMCBAMFBQQEAAABfQECAwAEEQUSITFBBhNRYQcicRQygZGhCCNCscEVUtHwJDNicoIJChYXGBkaJSYnKCkqNDU2Nzg5OkNERUZHSElKU1RVVldYWVpjZGVmZ2hpanN0dXZ3eHl6g4SFhoeIiYqSk5SVlpeYmZqio6Slpqeoqaqys7S1tre4ubrCw8TFxsfIycrS09TV1tfY2drh4uPk5ebn6Onq8fLz9PX29\/j5+v\/EAB8BAAMBAQEBAQEBAQEAAAAAAAABAgMEBQYHCAkKC\/\/EALURAAIBAgQEAwQHBQQEAAECdwABAgMRBAUhMQYSQVEHYXETIjKBCBRCkaGxwQkjM1LwFWJy0QoWJDThJfEXGBkaJicoKSo1Njc4OTpDREVGR0hJSlNUVVZXWFlaY2RlZmdoaWpzdHV2d3h5eoKDhIWGh4iJipKTlJWWl5iZmqKjpKWmp6ipqrKztLW2t7i5usLDxMXGx8jJytLT1NXW19jZ2uLj5OXm5+jp6vLz9PX29\/j5+v\/aAAwDAQACEQMRAD8A8HUgjmpY1z06VSiYlhV6HtXTYwuTyJ\/xLpweOlYrJiukgEckLrINyswGPeqk8EAk2LDGfxPFCBmHijArctLa1mmMMkEeWUlWUnrTbgWUExj+xrhRjJJ5NKwiv4fER1aDzG2rnk7c9vStmW4jj1jO8sqvkZ44qil5b2MqyR2dsrgZ5ZsipLq7s3ihvvKRGdyHCk8nHaplG5SZm6rfNcTyAgAcniug07xLFbWFsjIrMEw3zgdK5u7iDbnT5gwyPpTI7eBbTzpWTdg4XccmolFNDT1PSYNVs5IUc3Ea7gDgt0qjr2r2aaZOonR2dcBVOc1haNdWtw1vE8MBDDb05qn4qaCO6EUMSIEH8Pc1nGOtimzJfUJS+VwoHtVm3vRIQrjDetZg65\/zmpYopH4RGJHPAya6HFEKTNtgAq+9IoBODWloRsryyH2m3QyRMef7wweKzmvLhJONNhRWb5Q0ZP4ZrPlNOYRfvj61urDvhDiKUgDkhDVOyVlikluraCFiQqEpgD3q\/YS3FpqcUcBEjSEso2gnijlE3cotPad5P0pnn2X\/AD0H5V1HjPQgIo9Rs7XDEA3SpghWYAg47c5z+HrXGmOcciAn8KLoVmPlntcEBxRa4e2YjpvNV\/stxdqWjiLYODjtU9ta3sSsnk\/LnODRdAkz0vRVzoln9VrqbBP37H\/Z\/qK5nw\/JHPoFqEYM0Uio4H8J9K7C0i2uTjqKiTKSPme2GXrRQEDiqFoMsa0lGVrsMCwj7bRm6EOv9ahjKyCR2I+Vf61J5Uj2jqgJO4H+dVWhlhSRTG+JFx0qWikS29wqyJtwCDgc1XvXeXV2hZsoGxj8KTT7FvticMBgnJHSpbuCU6y85X5d2Tj6VK0BlLU2ZLySNcbV4AqSZmbR4c44lb+VSXlhPc3ckkYBVjkZNSyWEv8AZkcRaJWEhPzMAOlFwsZ9wCsNqwbB25OPrUiKt5KYpNoUA7XHUU3UIHiht1yrbU\/hbI61TExVCckE8cUmA9t1vjY5xnIPQ1oaqks0MEzlizKB+VZkYZtnG45rcuJPtBjhjAKqBuY8Y9hQotvRBzJblH+yGcRGLnOM+x967rwlpVkbyKzmQxXWQMP\/ABA+h\/z1rPsrBYdS+wyA7yFb8xW54hnsLZUiCH7TPEioFb75DDhgO2M8d+fasHO7sdkYKK5jFks4YdTvGtiPs7zuY\/8Ad3HH6VX1ZsCEA4+eul03QomkzdbzIACIs4Az+uatX9pbRLGptoj83ynYOO9aRpSerMJVFsjlLi2kME9wVZ490aBQP4sZ6fTn8q9A+Hllol+guL9rceW20iUgFG981xCXEqX93DcZcLLI8SdAz5wP0x+Vd94O8Nx2OlvqN7CJLmVzcK7KAQEXhMsCRyV6A\/Wsp7WR1Urr3mVPiLq0CajPpGlAw20R\/elCR5pKjj6D+ZNcTEgFu3fg1Nrn9pGedtQXy753LydFGSe2OMfTiqdl5gtnEjZ4JHOam1tzO99UN0FMx3AP\/PQ\/zNXYYSGcnpmqujKTb3IA5MjAVZ06CZWJdiV6dTUy3Y47HX+FYtuhTPj716P6V3sEfI+lcd4aix4ULjvff1Fd7b2\/zfhTb90yfxHypZDrWipwKo2Q+Wry16BzEomeOB2RipyBkfjVVtRuWZyZmOxcjmppP+PV\/wDeH9aoQqHeZScfuzUsaLFlqFzPeIruduDkA+1R6ncXKX8ojmdRxwD7U2zQR3ibTxg\/yo1HLXkhHfH8qkZB9svf+fiT86lmuJX06MySFyJT949sVXwx7dKllXOnDPaQn9KAKssnnYPI28AdgKIleWUKihi\/GGFRAgcZ4qxZEqJH\/ixtH4\/5\/Wmld2Jbsi0ghify0AKjv\/ePrXS2tlDeWu5AoZVJwB0Nchvw2DW7omr\/AGRxuOR6iuyk7Oxy1V1NH+2pb3ULdShilt4lCyKOSw4J\/lxVmyEk2vfapJXeWJWlye5PH9elOP2U289zbAblwcls9eeB25\/lV\/SbfBlY4DStgeuFHY\/U\/pXPVw\/JNNbM6KWI54uL6GpBeNaTrdXBG1fLZm7Fd3P6Vp6npb3lvcCJiHt2PzL1HvWXqkax6XDFcqd8kwVZMcFev55Bz9R61o6Tf3CXXmlg+1Am3H3hnJzWiQm3ujn7mAxxwXWGFzIC7tgHJ6Hj+naup8IWF5dXzG4uZrkLGRMzuWCqeSq\/jgfU5p2taTayXsZjRkUsrmKPkhscKP8AaPH049RXQNC+kWMWiWKhtRuiDMU\/5Z+i59uefrWSopSuazxDlBRKevaRD4g028RUD3EKM0boOVbOAAfQkEYryNUleBiJNoAPGK9we4ttLhj0WzlWW4MgE7p8zZAGVAHfHH4GvMPGWnwaVr99aW\/mIm7cEkTYVLDdgDPTnis8THaSDDS3ic7o\/mPHN5cm0K5B4681p2olYlVfGDzxVLQomEUrBcjzG59ea17WNg7ZUjnuK45bnZHY7bw1Cw8FgnH\/AB\/4yB7ivQ4LbgH2rg\/DeoaefD9tov2gfb5b3zBFtP3c5znp0r1M24RVHciom\/dM\/tHxfaDCCroPHWqlv90VYLV6Zykyxma2lAZRggkk49appaMGlAngO9Cv3+lSO\/8AokvP8S\/1rOjHmSOP9k1LGXbO1McinzoW29drVqLbQEhnijY+pzzWNprLZ3YaZXZMHhCMmtdrqWQKRFPtP3cmoauUmTR6bYvIZHU5PIXPy1dTSrOaMg2ibByADnms1bp48+ZAzA9AXwfwNWbS5u3yIdOmlHsxOPyxUuJRBqen6bYRtO1mRxwCDgmsGU5VXWERK2Dgfjz\/AJ9K2L26F9GyTxyhE+YKznC1hTTmdwEGyNRhR7VdJamdTYimJPzDtU1vICAxB+q9RSmD5QMUqwSRyqifeIGAe+a6Ummc7aasbVnd+bHsLnAGWx6D2rZ8DamZdQihmbcrShtjfxcDNc1pKCa6KTBk2thgDjn0rTutJQ37y6fIoQn5lYYwe+DW0qkbLmZnClK75Ueh+KoTezWmm2yuBEnmszcKMn5Qe+evAqslrc6biYTN5rDC4XgD1AqvZ3kc1rAl3NulhTy9zKQWXtz7dK2rBoblRP8AaInn34QFxhQPUe5\/lWfNFvRmyjKKV0aOiQSaYkM0iebqDg\/Z4RyY89ZG\/wBs5z7VX8R67ceH45rDTmEutXKHzrjr5II6J7+9bNmy6fHJcl43kIJaRmySf6V51dzPc+J1nlBLSKWx\/wACH4fj\/Wsa83FWRpRipO7Ot8D6ja6FaRXErAX06kM7oDIhBPQkjr39ar\/EvS7m4u7G9KO8txHnkfMoGMZA6dTxnPr6Vls8llercRvHEjkBnOdy\/QivQ9BjtvGNpLDNLPFaxyD7OcDoPYj0\/mfSspSvTuWo8tS55Jo2myW0TxsyZZywx71v2mjrPjdchPoua9RT4Q6MTv8Atl4gPZdoH8qll+G\/h\/TbWW5m1DUBHChdjuToBn+7XI03szpjOC3RxWleGoLG4j1K2ma4urf544mGFc+h71qyfE3W7tRFBp1khU5OI3Zvx+asaw1KVZD5IwmeAxyce\/Sux8JyLp4uL+GCE3Nw212ZScDg4HPGTyazV4351c1qqMrOGh8rw8KKlLVDGeKc5r0jgJ7eA3avCGALMOfzp8GjW80jos7RSEbR5hAB9eaisScSnBwMcjtXeqLDT4o0a3hJkRWAlUjIx1+YUAcJFYS6dcgnDr0Ulcg\/0rsLPUJNdhh06FoEkij3\/OmwKKuJa2ITdFa7VJwRFIP5VCulRLcLc2t3cQSp03rn8PpUp2G0+hmanpjW7J5t7YkLnOJOe3t7Ulvqk8EawW9xaPt6KBg\/mQKl8RW9o01mm1YLuSTYgiUCKUnv6qenqOe3NYssTxSPFKhV1OGVhyDSk0nccbtWZQ1eXy5HhkwhON4OQfpiqlnFFIxPUr09KNQlWW6JOWKrsyefapbW3RMFgycZ45zW9Kysc9W7vqTxw5k5HHei9XytQUxqWEce849hmop2UsfKdsBfXqaX+0EWExQ2sUYOQzAklsjBySfetpytsjKELvVl+5jSCxi1GMqjjIZQOHz0\/wD11Ss9SmGMQyEk8sATmohczOoUyOUBztzgU9WBXk81zezurSZ0+0s7xRuW+vyRqBJG\/wD3zVuPXYCchTn0Fc7BguuWIrYQo6oH27iCM47DH8qiVCKV0bQrybsyy2qGWT5M4Az75roLOJGmtHk2sXwpkLD5cnODWda20N7JCIIUFwMiSNQAMeueg56euamvbOe3uVt54ZYpSQVVh1+mOv1FRymjl3N3XLdEvY7KzJnScgKO6nOMZrdsNdi8PNBbwv8AJDwc\/wAXqfxOaz9Gs3sG+2T5+6cRhN2xsYLYGeevT1FZut6NerILgENDJyDk5A9wQD+lNx6PYyTufQ1nqFrqOjwXlrMkqSIGypzj2rzz4keIWjt00qJ8NMd8mD\/ADwPxP8q89sTf2EKXcBnhUEJ5kDEY9OR9D+RqxcS3GoObm6D3LnAMpJ3YA6f5Fc8afK9zS5Y02UKw3Guw0jVba3gaORyuW3D5T6VxMBjT7pcH0I6fj\/8AWrVt5\/l61o6akLnZ4nYaY12BiTb\/AMBzW5aeCZ7ojNwoU\/7NZ+lXawhQa6\/T9WjjAy1dSjcwuRW\/w21GTy7SymYo7hndELEH6d\/pRqXgvxNYlVvLkXUELGFElkKscdFJwTj\/AGa0L\/Xv3R8qQqfVetU38Tzi0MMMrq7oVkYjO4f48A5pSdgSbMa58MauJAdsVq\/TakhA+vPWrFl4b8QSII1mR9pz9\/P68UWeo6gJt32mYHu24g10MK395becVndSPv7yM1Ny+U5jVoVsoJre\/ninvYtnlIRho8nJIz3x396j1lk1CxtNVQ\/vCPIuP99RwfxH8qs6xYC5EcMi7inJJ65PU5qpBZyQQSwZLRSYyD2I6GjfQmzvc5A2kkshfuTU8VvKnyjJ+prqY9Kix92p9P0uCXUo0cfKOatSsS4aGXp3h6a+X96cBhjOK1G8CRwW27cXfrnH9K9K0jw3augKkAAVX1+KKyhIUg4Fac3MZpKOx4heQ\/Y7h4c\/dpkeXPoK2dUMd9cTquI3Y8sB97HY1meS9ufnGPfsaTTQyzCEhUs1WLC3l1K+hgQfPKwRR6ZqtZ2txqEyxQRPI3ZVFd14e8KyafItxO26UgjavRc+\/rWcpo0jBlt4ILAmztOYIzwSBlyP4jVj7bcSqiyTOwT7oJzir0fh+FSThueepqRtKt4hhmIb0zWDldm6VlYq2EhN3FuYkFhkE9a1bto5ZA7IrMOhIziqiWkEUqsrEEd81YiS0e4VbiWRYycFlbke9J9wWmhb1vU4odBstMtzFh\/9Im2gg78soB5I+76Adaj0XXdJs9M+yXmmNPIWZjL5+3r0GNjYxin6n9gWOOKHUZ3jHGN2Rj6VzlwEVyI2LL6mkoqS1ByaehavbiCaZjAFSPPAySQPrgU6GYgdayy2KnimGMGtoozl3PKYXwQfSte2vQAM1jR9KmUkdDVok6RNTt9uHGKa09szZU4zXOSyN\/eNNWR\/7xptXC51Ami7HitZPE6w2SWyKVVePv8AH5Vwyyvx8xqTzHI+8aTiuo7nUHUYZZNxOSac11FjtXMxO2epqbzH\/vGpaHc2PtS7sCr+l4+0lyK522YluTXRaZ96hA9jr9PvZEUhWwMVleIpJpYHJftU1sxHQ1l+K5pFs22sRkc1pexnY88eQidznPzdanWTzF2uNw96gA+Y1PGKnmY7I67Sb5tOtUjtVt48gEnHJ+prSi1y7U5EkRPriuJi6VdgHArLkNVI7RNfvj\/y0j\/AUp1S6kbczIfwrnrX7v5VoR9KOVILmmt9MTyV\/Kni4djztqjH0FTCqSJbLM0\/mfwqPoKqvT6Y3SmkK5E1RFyp4qV6gfrQFz\/\/2Q==\" class=\"lii-lazy\" data-src='https:\/\/lii-mkt-content.s3.amazonaws.com\/livingston-content\/uploads\/2020\/11\/08060225\/masthead-solutions-frequent.jpg' alt=\"\" \/>\n\t\t\t<\/div>\n\n\t<!--\t\t<div class=\"masthead-breadcrumbs\">-->\n<!--\t\t\t<div class=\"grid-container\">-->\n<!--\t\t\t\t<div class=\"grid-x\">-->\n<!--\t\t\t\t\t<div class=\"small-12 cell\">-->\n<!--\t\t\t\t\t\t--><!--\t\t\t\t\t<\/div>-->\n<!--\t\t\t\t<\/div>-->\n<!--\t\t\t<\/div>-->\n<!--\t\t<\/div>-->\n\t\n<\/section>\n<!-- \/ MASTHEAD: MAIN -->\n","protected":false},"excerpt":{"rendered":"<p>Vous importez et exportez r\u00e9guli\u00e8rement et fr\u00e9quemment. Vous avez choisi des courtiers en douane et transitaires pour vous aider, mais g\u00e9rer plusieurs exp\u00e9ditions et plusieurs partenaires peut vite \u00e9puiser votre temps et vos ressources.<\/p>\n","protected":false},"author":36,"featured_media":36830,"parent":36756,"menu_order":111,"comment_status":"closed","ping_status":"closed","template":"template-retired\/page-persona-frequent-advert.php","meta":{"_acf_changed":false,"footnotes":""},"class_list":["post-36998","page","type-page","status-publish","has-post-thumbnail","hentry"],"acf":[],"yoast_head":"<!-- This site is optimized with the Yoast SEO plugin v26.8 - https:\/\/yoast.com\/product\/yoast-seo-wordpress\/ -->\n<title>Les exp\u00e9diteurs fr\u00e9quents - Livingston International<\/title>\n<meta name=\"robots\" content=\"noindex, follow, max-snippet:-1, max-image-preview:large, max-video-preview:-1\" \/>\n<meta property=\"og:locale\" content=\"fr_FR\" \/>\n<meta property=\"og:type\" content=\"article\" \/>\n<meta property=\"og:title\" content=\"Les exp\u00e9diteurs fr\u00e9quents - Livingston International\" \/>\n<meta property=\"og:description\" content=\"Vous importez et exportez r\u00e9guli\u00e8rement et fr\u00e9quemment. Vous avez choisi des courtiers en douane et transitaires pour vous aider, mais g\u00e9rer plusieurs exp\u00e9ditions et plusieurs partenaires peut vite \u00e9puiser votre temps et vos ressources.\" \/>\n<meta property=\"og:url\" content=\"https:\/\/staging.livingstonintl.com\/fr\/solutions-daffaires\/les-expediteurs-frequents\/\" \/>\n<meta property=\"og:site_name\" content=\"Livingston International\" \/>\n<meta property=\"article:publisher\" content=\"https:\/\/www.facebook.com\/livingstoninternational\" \/>\n<meta property=\"article:modified_time\" content=\"2020-12-24T01:43:57+00:00\" \/>\n<meta property=\"og:image\" content=\"https:\/\/lii-mkt-content.s3.amazonaws.com\/livingston-content\/uploads\/2017\/07\/25230025\/h_frequent.jpg\" \/>\n\t<meta property=\"og:image:width\" content=\"1440\" \/>\n\t<meta property=\"og:image:height\" content=\"678\" \/>\n\t<meta property=\"og:image:type\" content=\"image\/jpeg\" \/>\n<script type=\"application\/ld+json\" class=\"yoast-schema-graph\">{\"@context\":\"https:\/\/schema.org\",\"@graph\":[{\"@type\":\"WebPage\",\"@id\":\"https:\/\/staging.livingstonintl.com\/fr\/solutions-daffaires\/les-expediteurs-frequents\/\",\"url\":\"https:\/\/staging.livingstonintl.com\/fr\/solutions-daffaires\/les-expediteurs-frequents\/\",\"name\":\"Les exp\u00e9diteurs fr\u00e9quents - Livingston International\",\"isPartOf\":{\"@id\":\"https:\/\/staging.livingstonintl.com\/fr\/#website\"},\"primaryImageOfPage\":{\"@id\":\"https:\/\/staging.livingstonintl.com\/fr\/solutions-daffaires\/les-expediteurs-frequents\/#primaryimage\"},\"image\":{\"@id\":\"https:\/\/staging.livingstonintl.com\/fr\/solutions-daffaires\/les-expediteurs-frequents\/#primaryimage\"},\"thumbnailUrl\":\"https:\/\/lii-mkt-content.s3.amazonaws.com\/livingston-content\/uploads\/2017\/07\/25230025\/h_frequent.jpg\",\"datePublished\":\"2017-07-06T16:17:11+00:00\",\"dateModified\":\"2020-12-24T01:43:57+00:00\",\"breadcrumb\":{\"@id\":\"https:\/\/staging.livingstonintl.com\/fr\/solutions-daffaires\/les-expediteurs-frequents\/#breadcrumb\"},\"inLanguage\":\"fr-FR\",\"potentialAction\":[{\"@type\":\"ReadAction\",\"target\":[\"https:\/\/staging.livingstonintl.com\/fr\/solutions-daffaires\/les-expediteurs-frequents\/\"]}]},{\"@type\":\"ImageObject\",\"inLanguage\":\"fr-FR\",\"@id\":\"https:\/\/staging.livingstonintl.com\/fr\/solutions-daffaires\/les-expediteurs-frequents\/#primaryimage\",\"url\":\"https:\/\/lii-mkt-content.s3.amazonaws.com\/livingston-content\/uploads\/2017\/07\/25230025\/h_frequent.jpg\",\"contentUrl\":\"https:\/\/lii-mkt-content.s3.amazonaws.com\/livingston-content\/uploads\/2017\/07\/25230025\/h_frequent.jpg\",\"width\":1440,\"height\":678},{\"@type\":\"BreadcrumbList\",\"@id\":\"https:\/\/staging.livingstonintl.com\/fr\/solutions-daffaires\/les-expediteurs-frequents\/#breadcrumb\",\"itemListElement\":[{\"@type\":\"ListItem\",\"position\":1,\"name\":\"Accueil\",\"item\":\"https:\/\/staging.livingstonintl.com\/fr\/\"},{\"@type\":\"ListItem\",\"position\":2,\"name\":\"Solutions d&rsquo;affaires\",\"item\":\"https:\/\/staging.livingstonintl.com\/fr\/solutions-daffaires\/\"},{\"@type\":\"ListItem\",\"position\":3,\"name\":\"Les exp\u00e9diteurs fr\u00e9quents\"}]},{\"@type\":\"WebSite\",\"@id\":\"https:\/\/staging.livingstonintl.com\/fr\/#website\",\"url\":\"https:\/\/staging.livingstonintl.com\/fr\/\",\"name\":\"Livingston International\",\"description\":\"Simplify Trade\",\"potentialAction\":[{\"@type\":\"SearchAction\",\"target\":{\"@type\":\"EntryPoint\",\"urlTemplate\":\"https:\/\/staging.livingstonintl.com\/fr\/?s={search_term_string}\"},\"query-input\":{\"@type\":\"PropertyValueSpecification\",\"valueRequired\":true,\"valueName\":\"search_term_string\"}}],\"inLanguage\":\"fr-FR\"}]}<\/script>\n<!-- \/ Yoast SEO plugin. -->","yoast_head_json":{"title":"Les exp\u00e9diteurs fr\u00e9quents - Livingston International","robots":{"index":"noindex","follow":"follow","max-snippet":"max-snippet:-1","max-image-preview":"max-image-preview:large","max-video-preview":"max-video-preview:-1"},"og_locale":"fr_FR","og_type":"article","og_title":"Les exp\u00e9diteurs fr\u00e9quents - Livingston International","og_description":"Vous importez et exportez r\u00e9guli\u00e8rement et fr\u00e9quemment. Vous avez choisi des courtiers en douane et transitaires pour vous aider, mais g\u00e9rer plusieurs exp\u00e9ditions et plusieurs partenaires peut vite \u00e9puiser votre temps et vos ressources.","og_url":"https:\/\/staging.livingstonintl.com\/fr\/solutions-daffaires\/les-expediteurs-frequents\/","og_site_name":"Livingston International","article_publisher":"https:\/\/www.facebook.com\/livingstoninternational","article_modified_time":"2020-12-24T01:43:57+00:00","og_image":[{"width":1440,"height":678,"url":"https:\/\/lii-mkt-content.s3.amazonaws.com\/livingston-content\/uploads\/2017\/07\/25230025\/h_frequent.jpg","type":"image\/jpeg"}],"schema":{"@context":"https:\/\/schema.org","@graph":[{"@type":"WebPage","@id":"https:\/\/staging.livingstonintl.com\/fr\/solutions-daffaires\/les-expediteurs-frequents\/","url":"https:\/\/staging.livingstonintl.com\/fr\/solutions-daffaires\/les-expediteurs-frequents\/","name":"Les exp\u00e9diteurs fr\u00e9quents - Livingston International","isPartOf":{"@id":"https:\/\/staging.livingstonintl.com\/fr\/#website"},"primaryImageOfPage":{"@id":"https:\/\/staging.livingstonintl.com\/fr\/solutions-daffaires\/les-expediteurs-frequents\/#primaryimage"},"image":{"@id":"https:\/\/staging.livingstonintl.com\/fr\/solutions-daffaires\/les-expediteurs-frequents\/#primaryimage"},"thumbnailUrl":"https:\/\/lii-mkt-content.s3.amazonaws.com\/livingston-content\/uploads\/2017\/07\/25230025\/h_frequent.jpg","datePublished":"2017-07-06T16:17:11+00:00","dateModified":"2020-12-24T01:43:57+00:00","breadcrumb":{"@id":"https:\/\/staging.livingstonintl.com\/fr\/solutions-daffaires\/les-expediteurs-frequents\/#breadcrumb"},"inLanguage":"fr-FR","potentialAction":[{"@type":"ReadAction","target":["https:\/\/staging.livingstonintl.com\/fr\/solutions-daffaires\/les-expediteurs-frequents\/"]}]},{"@type":"ImageObject","inLanguage":"fr-FR","@id":"https:\/\/staging.livingstonintl.com\/fr\/solutions-daffaires\/les-expediteurs-frequents\/#primaryimage","url":"https:\/\/lii-mkt-content.s3.amazonaws.com\/livingston-content\/uploads\/2017\/07\/25230025\/h_frequent.jpg","contentUrl":"https:\/\/lii-mkt-content.s3.amazonaws.com\/livingston-content\/uploads\/2017\/07\/25230025\/h_frequent.jpg","width":1440,"height":678},{"@type":"BreadcrumbList","@id":"https:\/\/staging.livingstonintl.com\/fr\/solutions-daffaires\/les-expediteurs-frequents\/#breadcrumb","itemListElement":[{"@type":"ListItem","position":1,"name":"Accueil","item":"https:\/\/staging.livingstonintl.com\/fr\/"},{"@type":"ListItem","position":2,"name":"Solutions d&rsquo;affaires","item":"https:\/\/staging.livingstonintl.com\/fr\/solutions-daffaires\/"},{"@type":"ListItem","position":3,"name":"Les exp\u00e9diteurs fr\u00e9quents"}]},{"@type":"WebSite","@id":"https:\/\/staging.livingstonintl.com\/fr\/#website","url":"https:\/\/staging.livingstonintl.com\/fr\/","name":"Livingston International","description":"Simplify Trade","potentialAction":[{"@type":"SearchAction","target":{"@type":"EntryPoint","urlTemplate":"https:\/\/staging.livingstonintl.com\/fr\/?s={search_term_string}"},"query-input":{"@type":"PropertyValueSpecification","valueRequired":true,"valueName":"search_term_string"}}],"inLanguage":"fr-FR"}]}},"_links":{"self":[{"href":"https:\/\/staging.livingstonintl.com\/fr\/wp-json\/wp\/v2\/pages\/36998","targetHints":{"allow":["GET"]}}],"collection":[{"href":"https:\/\/staging.livingstonintl.com\/fr\/wp-json\/wp\/v2\/pages"}],"about":[{"href":"https:\/\/staging.livingstonintl.com\/fr\/wp-json\/wp\/v2\/types\/page"}],"author":[{"embeddable":true,"href":"https:\/\/staging.livingstonintl.com\/fr\/wp-json\/wp\/v2\/users\/36"}],"replies":[{"embeddable":true,"href":"https:\/\/staging.livingstonintl.com\/fr\/wp-json\/wp\/v2\/comments?post=36998"}],"version-history":[{"count":3,"href":"https:\/\/staging.livingstonintl.com\/fr\/wp-json\/wp\/v2\/pages\/36998\/revisions"}],"predecessor-version":[{"id":53372,"href":"https:\/\/staging.livingstonintl.com\/fr\/wp-json\/wp\/v2\/pages\/36998\/revisions\/53372"}],"up":[{"embeddable":true,"href":"https:\/\/staging.livingstonintl.com\/fr\/wp-json\/wp\/v2\/pages\/36756"}],"wp:featuredmedia":[{"embeddable":true,"href":"https:\/\/staging.livingstonintl.com\/fr\/wp-json\/wp\/v2\/media\/36830"}],"wp:attachment":[{"href":"https:\/\/staging.livingstonintl.com\/fr\/wp-json\/wp\/v2\/media?parent=36998"}],"curies":[{"name":"wp","href":"https:\/\/api.w.org\/{rel}","templated":true}]}}