{"id":354,"date":"2015-04-28T16:08:51","date_gmt":"2015-04-28T16:08:51","guid":{"rendered":"http:\/\/livingston.gocactus.com\/careers\/executive-team\/"},"modified":"2025-05-13T03:09:07","modified_gmt":"2025-05-13T07:09:07","slug":"executive-team","status":"publish","type":"page","link":"https:\/\/staging.livingstonintl.com\/fr\/a-propos-de-nous\/executive-team\/","title":{"rendered":"Direction"},"content":{"rendered":"\n<style type=\"text\/css\">\n\/* Style text blocks title *\/\n.c-text-block{\n   padding-top:3.5rem;\n   padding-bottom:3.5rem;\n   border-bottom: 1px solid #D0DBE5 !important;\n}\n\n.c-text-block:last-of-type {\n   border-bottom:none !important;\n}\n\n.c-text-block section.grid-container.offset-bottom .cell{\n   margin:0;\n   width:100%;\n}\n\n.c-text-block h2{\n   text-align:left\n}\n\n.c-text-block section.grid-container.lii-columns{\n   padding:0;\n} \n\n.c-text-block .lii-columns p {\n   font-size:0.875rem;\n}\n\n.c-text-block .lii-columns h3 {\n   margin-bottom: 0;\n   line-height:1.5em;\n}\n\n.c-text-block.lii-block-text .lii-columns .thumbnail{\n   object-position:top;\n}\n\n.c-text-block section.grid-container.lii-columns .cell p span{\n   color:#7D8E9F;\n   font-size:0.875rem;\n}\n\n\/* ----- MOBILE ----- *\/\n@media print, screen and (max-width: 39.99875em){\n    .c-text-block.lii-block-text .lii-columns .thumbnail{\n        height:18rem;\n    }\n}\n\n<\/style>\n\n<script>\n\/* ---- ADD CLASS TO ENTRY CONTENT ---- *\/\ndocument.addEventListener(\"DOMContentLoaded\", function () {\n   document.querySelector(\"section.entry-content\").classList.add(\"medium-10\");\n});\n<\/script>\n\n\n\n<!-- TEXT BLOCKS -->\n<div id=\"text-block_ff37b658015ae1b602a49beee4b0d7e5\" class=\"lii-block lii-block-text c-text-block no-padding-top white-background no-border\">\n\n\t\n\t\t<section class=\"grid-container lii-columns \">\n\t\t<div class=\"grid-x grid-margin-x \">\n\t\t\t\t\t\t<div class=\"cell small-12 medium-auto\">\n\t\t\t\t\t\t\t\t<h3 class=\"\"><a href=\"\/fr\/a-propos-de-nous\/executive-team\/robert-smith\/\">Robert Smith<\/a><\/h3><p>Pr\u00e9sident-directeur g\u00e9n\u00e9ral<\/p>\t\t\t<\/div>\n\t\t\t\t\t\t<div class=\"cell small-12 medium-auto\">\n\t\t\t\t\t\t\t\t<h3 class=\"\"><a href=\"\/fr\/a-propos-de-nous\/executive-team\/silvio-silvestre\/\">Silvio Silvestre<\/a><\/h3><p>Directeur g\u00e9n\u00e9ral des finances<\/p>\t\t\t<\/div>\n\t\t\t\t\t\t<div class=\"cell small-12 medium-auto\">\n\t\t\t\t\t\t\t\t<h3 class=\"\"><a href=\"\/fr\/a-propos-de-nous\/executive-team\/mohan-subbarayan\/\">Mohan Subbarayan<\/a><\/h3><p>Directeur g\u00e9n\u00e9ral de l\u2019informatique<\/p>\t\t\t<\/div>\n\t\t\t\t\t\t<div class=\"cell small-12 medium-auto\">\n\t\t\t\t\t\t\t\t<h3 class=\"\"><a href=\"\/fr\/a-propos-de-nous\/executive-team\/lisa-zangari\/\">Lisa Zangari<\/a><\/h3><p>Directrice g\u00e9n\u00e9rale des ressources humaines<\/p>\t\t\t<\/div>\n\t\t\t\t\t<\/div>\n\t<\/section>\n\t\n\t\n\t\n<\/div>\n<!-- \/ TEXT BLOCKS -->\n\n\n\n\n\n<!-- TEXT BLOCKS -->\n<div id=\"text-block_55934185a265abf2f2defc90595a58ea\" class=\"lii-block lii-block-text c-text-block white-background no-border\">\n\n\t\n\t\t<section class=\"grid-container lii-columns \">\n\t\t<div class=\"grid-x grid-margin-x \">\n\t\t\t\t\t\t<div class=\"cell small-12 medium-auto\">\n\t\t\t\t\t\t\t\t<h3 class=\"\"><a href=\"\/fr\/a-propos-de-nous\/executive-team\/shawn-kloostra\/\">Shawn Kloostra<\/a><\/h3><p>Vice-pr\u00e9sident principal<br><span>Solutions douani\u00e8res<\/span><\/p>\t\t\t<\/div>\n\t\t\t\t\t\t<div class=\"cell small-12 medium-auto\">\n\t\t\t\t\t\t\t\t<h3 class=\"\"><a href=\"\/fr\/a-propos-de-nous\/executive-team\/michael-wilder\/\">Michael Wilder<\/a><\/h3><p>Vice-pr\u00e9sident principal<br><span>Gestion du commerce\r\nmondial<\/span><\/p>\t\t\t<\/div>\n\t\t\t\t\t\t<div class=\"cell small-12 medium-auto\">\n\t\t\t\t\t\t\t\t<h3 class=\"\"><a href=\"\/fr\/a-propos-de-nous\/executive-team\/eric-dewey\/\">Eric Dewey<\/a><\/h3><p>Vice-pr\u00e9sident principal<br><span>Exp\u00e9dition de fret mondiale<\/span><\/p>\t\t\t<\/div>\n\t\t\t\t\t\t<div class=\"cell small-12 medium-auto\">\n\t\t\t\t\t\t\t\t\t\t\t<\/div>\n\t\t\t\t\t<\/div>\n\t<\/section>\n\t\n\t\n\t\n<\/div>\n<!-- \/ TEXT BLOCKS -->\n\n\n\n\n\n<!-- TEXT BLOCKS -->\n<div id=\"text-block_adbdd8d63d56e526a745f53072bb61aa\" class=\"lii-block lii-block-text c-text-block white-background no-border\">\n\n\t\n\t\t<section class=\"grid-container lii-columns \">\n\t\t<div class=\"grid-x grid-margin-x \">\n\t\t\t\t\t\t<div class=\"cell small-12 medium-auto\">\n\t\t\t\t\t\t\t\t<h3 class=\"\"><a href=\"\/fr\/a-propos-de-nous\/executive-team\/robert-closner\/\">Robert Closner<\/a><\/h3><p>Chef des affaires juridiques<\/p>\t\t\t<\/div>\n\t\t\t\t\t\t<div class=\"cell small-12 medium-auto\">\n\t\t\t\t\t\t\t\t<h3 class=\"\"><a href=\"\/fr\/a-propos-de-nous\/executive-team\/stephan-galarneau\/\">Stephan Galarneau<\/a><\/h3><p>Vice-pr\u00e9sident principal<br><span>Ventes et exp\u00e9rience-client<\/span><\/p>\t\t\t<\/div>\n\t\t\t\t\t\t<div class=\"cell small-12 medium-auto\">\n\t\t\t\t\t\t\t\t<h3 class=\"\"><a href=\"\/fr\/a-propos-de-nous\/executive-team\/pat-stanghieri\/\">Pat Stanghieri<\/a><\/h3><p>Vice-pr\u00e9sident principal<br><span>Marketing et produit<\/span><\/p>\t\t\t<\/div>\n\t\t\t\t\t\t<div class=\"cell small-12 medium-auto\">\n\t\t\t\t\t\t\t\t\t\t\t<\/div>\n\t\t\t\t\t<\/div>\n\t<\/section>\n\t\n\t\n\t\n<\/div>\n<!-- \/ TEXT BLOCKS -->\n\n\n","protected":false},"excerpt":{"rendered":"","protected":false},"author":36,"featured_media":0,"parent":73,"menu_order":573,"comment_status":"closed","ping_status":"closed","template":"template-page\/page-minimal.php","meta":{"_acf_changed":false,"footnotes":""},"class_list":["post-354","page","type-page","status-publish","hentry"],"acf":[],"yoast_head":"<!-- This site is optimized with the Yoast SEO plugin v26.8 - https:\/\/yoast.com\/product\/yoast-seo-wordpress\/ -->\n<title>Direction - Livingston International<\/title>\n<meta name=\"robots\" content=\"noindex, follow, max-snippet:-1, max-image-preview:large, max-video-preview:-1\" \/>\n<meta property=\"og:locale\" content=\"fr_FR\" \/>\n<meta property=\"og:type\" content=\"article\" \/>\n<meta property=\"og:title\" content=\"Direction - Livingston International\" \/>\n<meta property=\"og:url\" content=\"https:\/\/staging.livingstonintl.com\/fr\/a-propos-de-nous\/executive-team\/\" \/>\n<meta property=\"og:site_name\" content=\"Livingston International\" \/>\n<meta property=\"article:publisher\" content=\"https:\/\/www.facebook.com\/livingstoninternational\" \/>\n<meta property=\"article:modified_time\" content=\"2025-05-13T07:09:07+00:00\" \/>\n<script type=\"application\/ld+json\" class=\"yoast-schema-graph\">{\"@context\":\"https:\/\/schema.org\",\"@graph\":[{\"@type\":\"WebPage\",\"@id\":\"https:\/\/staging.livingstonintl.com\/fr\/a-propos-de-nous\/executive-team\/\",\"url\":\"https:\/\/staging.livingstonintl.com\/fr\/a-propos-de-nous\/executive-team\/\",\"name\":\"Direction - Livingston International\",\"isPartOf\":{\"@id\":\"https:\/\/staging.livingstonintl.com\/fr\/#website\"},\"datePublished\":\"2015-04-28T16:08:51+00:00\",\"dateModified\":\"2025-05-13T07:09:07+00:00\",\"breadcrumb\":{\"@id\":\"https:\/\/staging.livingstonintl.com\/fr\/a-propos-de-nous\/executive-team\/#breadcrumb\"},\"inLanguage\":\"fr-FR\",\"potentialAction\":[{\"@type\":\"ReadAction\",\"target\":[\"https:\/\/staging.livingstonintl.com\/fr\/a-propos-de-nous\/executive-team\/\"]}]},{\"@type\":\"BreadcrumbList\",\"@id\":\"https:\/\/staging.livingstonintl.com\/fr\/a-propos-de-nous\/executive-team\/#breadcrumb\",\"itemListElement\":[{\"@type\":\"ListItem\",\"position\":1,\"name\":\"Accueil\",\"item\":\"https:\/\/staging.livingstonintl.com\/fr\/\"},{\"@type\":\"ListItem\",\"position\":2,\"name\":\"\u00c0 propos de nous\",\"item\":\"https:\/\/staging.livingstonintl.com\/fr\/a-propos-de-nous\/\"},{\"@type\":\"ListItem\",\"position\":3,\"name\":\"Direction\"}]},{\"@type\":\"WebSite\",\"@id\":\"https:\/\/staging.livingstonintl.com\/fr\/#website\",\"url\":\"https:\/\/staging.livingstonintl.com\/fr\/\",\"name\":\"Livingston International\",\"description\":\"Simplify Trade\",\"potentialAction\":[{\"@type\":\"SearchAction\",\"target\":{\"@type\":\"EntryPoint\",\"urlTemplate\":\"https:\/\/staging.livingstonintl.com\/fr\/?s={search_term_string}\"},\"query-input\":{\"@type\":\"PropertyValueSpecification\",\"valueRequired\":true,\"valueName\":\"search_term_string\"}}],\"inLanguage\":\"fr-FR\"}]}<\/script>\n<!-- \/ Yoast SEO plugin. -->","yoast_head_json":{"title":"Direction - Livingston International","robots":{"index":"noindex","follow":"follow","max-snippet":"max-snippet:-1","max-image-preview":"max-image-preview:large","max-video-preview":"max-video-preview:-1"},"og_locale":"fr_FR","og_type":"article","og_title":"Direction - Livingston International","og_url":"https:\/\/staging.livingstonintl.com\/fr\/a-propos-de-nous\/executive-team\/","og_site_name":"Livingston International","article_publisher":"https:\/\/www.facebook.com\/livingstoninternational","article_modified_time":"2025-05-13T07:09:07+00:00","schema":{"@context":"https:\/\/schema.org","@graph":[{"@type":"WebPage","@id":"https:\/\/staging.livingstonintl.com\/fr\/a-propos-de-nous\/executive-team\/","url":"https:\/\/staging.livingstonintl.com\/fr\/a-propos-de-nous\/executive-team\/","name":"Direction - Livingston International","isPartOf":{"@id":"https:\/\/staging.livingstonintl.com\/fr\/#website"},"datePublished":"2015-04-28T16:08:51+00:00","dateModified":"2025-05-13T07:09:07+00:00","breadcrumb":{"@id":"https:\/\/staging.livingstonintl.com\/fr\/a-propos-de-nous\/executive-team\/#breadcrumb"},"inLanguage":"fr-FR","potentialAction":[{"@type":"ReadAction","target":["https:\/\/staging.livingstonintl.com\/fr\/a-propos-de-nous\/executive-team\/"]}]},{"@type":"BreadcrumbList","@id":"https:\/\/staging.livingstonintl.com\/fr\/a-propos-de-nous\/executive-team\/#breadcrumb","itemListElement":[{"@type":"ListItem","position":1,"name":"Accueil","item":"https:\/\/staging.livingstonintl.com\/fr\/"},{"@type":"ListItem","position":2,"name":"\u00c0 propos de nous","item":"https:\/\/staging.livingstonintl.com\/fr\/a-propos-de-nous\/"},{"@type":"ListItem","position":3,"name":"Direction"}]},{"@type":"WebSite","@id":"https:\/\/staging.livingstonintl.com\/fr\/#website","url":"https:\/\/staging.livingstonintl.com\/fr\/","name":"Livingston International","description":"Simplify Trade","potentialAction":[{"@type":"SearchAction","target":{"@type":"EntryPoint","urlTemplate":"https:\/\/staging.livingstonintl.com\/fr\/?s={search_term_string}"},"query-input":{"@type":"PropertyValueSpecification","valueRequired":true,"valueName":"search_term_string"}}],"inLanguage":"fr-FR"}]}},"_links":{"self":[{"href":"https:\/\/staging.livingstonintl.com\/fr\/wp-json\/wp\/v2\/pages\/354","targetHints":{"allow":["GET"]}}],"collection":[{"href":"https:\/\/staging.livingstonintl.com\/fr\/wp-json\/wp\/v2\/pages"}],"about":[{"href":"https:\/\/staging.livingstonintl.com\/fr\/wp-json\/wp\/v2\/types\/page"}],"author":[{"embeddable":true,"href":"https:\/\/staging.livingstonintl.com\/fr\/wp-json\/wp\/v2\/users\/36"}],"replies":[{"embeddable":true,"href":"https:\/\/staging.livingstonintl.com\/fr\/wp-json\/wp\/v2\/comments?post=354"}],"version-history":[{"count":4,"href":"https:\/\/staging.livingstonintl.com\/fr\/wp-json\/wp\/v2\/pages\/354\/revisions"}],"predecessor-version":[{"id":59173,"href":"https:\/\/staging.livingstonintl.com\/fr\/wp-json\/wp\/v2\/pages\/354\/revisions\/59173"}],"up":[{"embeddable":true,"href":"https:\/\/staging.livingstonintl.com\/fr\/wp-json\/wp\/v2\/pages\/73"}],"wp:attachment":[{"href":"https:\/\/staging.livingstonintl.com\/fr\/wp-json\/wp\/v2\/media?parent=354"}],"curies":[{"name":"wp","href":"https:\/\/api.w.org\/{rel}","templated":true}]}}