{"id":353,"date":"2015-04-28T16:09:10","date_gmt":"2015-04-28T16:09:10","guid":{"rendered":"http:\/\/livingston.gocactus.com\/careers\/history\/"},"modified":"2017-04-28T19:03:04","modified_gmt":"2017-04-28T23:03:04","slug":"historique","status":"publish","type":"page","link":"https:\/\/staging.livingstonintl.com\/fr\/a-propos-de-nous\/historique\/","title":{"rendered":"Historique"},"content":{"rendered":"<h3>Historique De Livingston<\/h3>\n<table border=\"1\">\n<tbody>\n<tr>\n<td align=\"center\" valign=\"middle\" width=\"15%\">\n<h4>1945<\/h4>\n<\/td>\n<td>\n<ul>\n<li>Constitution en soci\u00e9t\u00e9 de l\u2019entreprise d\u2019emballage pour l\u2019exportation de Gerry Livingston, sous la raison sociale Livingston Lumber &amp; Manufacturing Ltd.<\/li>\n<li>Expansion pendant 30 ans dans l\u2019entreposage et le transport.<\/li>\n<\/ul>\n<\/td>\n<\/tr>\n<tr>\n<td align=\"center\" valign=\"middle\">\n<h4>1960<\/h4>\n<\/td>\n<td>\n<ul>\n<li>Les \u00ab Livvies \u00bb de Tillsonburg, \u00e9quipe locale de basket parrain\u00e9e par Gerry Livingston, gagnent le championnat canadien.<\/li>\n<\/ul>\n<\/td>\n<\/tr>\n<tr>\n<td align=\"center\" valign=\"middle\">\n<h4>1967<\/h4>\n<\/td>\n<td>\n<ul>\n<li>Nouvelle raison sociale : Livingston Industries Limited.<\/li>\n<\/ul>\n<\/td>\n<\/tr>\n<tr>\n<td align=\"center\" valign=\"middle\">\n<h4>1978<\/h4>\n<\/td>\n<td>\n<ul>\n<li>Livingston se lance dans le courtage en douane.<\/li>\n<li>Croissance par acquisitions pendant les dix ann\u00e9es suivantes.<\/li>\n<\/ul>\n<\/td>\n<\/tr>\n<tr>\n<td align=\"center\" valign=\"middle\">\n<h4>1981<\/h4>\n<\/td>\n<td>\n<ul>\n<li>Nouvelle raison sociale : Soci\u00e9t\u00e9 internationale Livingston.<\/li>\n<\/ul>\n<\/td>\n<\/tr>\n<tr>\n<td align=\"center\" valign=\"middle\">\n<h4>1986<\/h4>\n<\/td>\n<td>\n<ul>\n<li>Restructuration des activit\u00e9s de l\u2019entreprise sous le nom de Livingston Group.<\/li>\n<li>L\u2019unit\u00e9 de courtage en douane conserve le nom de Soci\u00e9t\u00e9 internationale Livingston.<\/li>\n<\/ul>\n<\/td>\n<\/tr>\n<tr>\n<td align=\"center\" valign=\"middle\">\n<h4>1993<\/h4>\n<\/td>\n<td>\n<ul>\n<li>Livingston offre ses services de courtage en douane aux \u00c9tats-Unis, devenant ainsi la premi\u00e8re entreprise de courtage \u00e0 travailler d\u2019un oc\u00e9an \u00e0 l\u2019autre, des deux c\u00f4t\u00e9s de la fronti\u00e8re.<\/li>\n<\/ul>\n<\/td>\n<\/tr>\n<tr>\n<td align=\"center\" valign=\"middle\">\n<h4>1997<\/h4>\n<\/td>\n<td>\n<ul>\n<li>Achat de la Soci\u00e9t\u00e9 internationale Livingston par une soci\u00e9t\u00e9 de placements priv\u00e9s, CAI Capital.<\/li>\n<\/ul>\n<\/td>\n<\/tr>\n<tr>\n<td align=\"center\" valign=\"middle\">\n<h4>1999<\/h4>\n<\/td>\n<td>\n<ul>\n<li>Acquisition de Blaiklock, la plus ancienne entreprise de courtage du Canada fond\u00e9e en 1876, \u00e0 peu pr\u00e8s quatre fois plus petite que Livingston, s\u2019occupant aussi de transit international.<\/li>\n<\/ul>\n<\/td>\n<\/tr>\n<tr>\n<td align=\"center\" valign=\"middle\">\n<h4>2000-2001<\/h4>\n<\/td>\n<td>\n<ul>\n<li>Livingston est proclam\u00e9e l\u2019une des 50 entreprises les mieux g\u00e9r\u00e9es au Canada en 2000.<\/li>\n<li>Elle se requalifie en 2001.<\/li>\n<\/ul>\n<\/td>\n<\/tr>\n<tr>\n<td align=\"center\" valign=\"middle\">\n<h4>2002<\/h4>\n<\/td>\n<td>\n<ul>\n<li>Introduction en bourse sous la forme d\u2019une fiducie de revenu, cot\u00e9e \u00e0 la Bourse de Toronto sous le symbole LIV.UN.<\/li>\n<li>Acquisition de Consultrans, petite entreprise d\u2019affr\u00e9tage, permettant \u00e0 Livingston de doubler ses activit\u00e9s de transport routier en Am\u00e9rique du Nord.<\/li>\n<\/ul>\n<\/td>\n<\/tr>\n<tr>\n<td align=\"center\" valign=\"middle\">\n<h4>2003<\/h4>\n<\/td>\n<td>\n<ul>\n<li>Acquisition d\u2019Osowski, courtier en douane et transitaire bas\u00e9 \u00e0 Chicago, pour p\u00e9n\u00e9trer les march\u00e9s a\u00e9riens et maritimes aux \u00c9tats-Unis.<\/li>\n<\/ul>\n<\/td>\n<\/tr>\n<tr>\n<td align=\"center\" valign=\"middle\">\n<h4>2005<\/h4>\n<\/td>\n<td>\n<ul>\n<li>Acquisition de Great Lakes, entreprise am\u00e9ricaine de courtage en douane \u00e0 la fronti\u00e8re nord des \u00c9tats-Unis, et de sa division de logiciels cr\u00e9atrice de SmartBorder\u00ae \u00e0 l\u2019intention des courtiers a\u00e9riens et maritimes aux \u00c9tats-Unis.<\/li>\n<li>Acquisition de Searail, courtier en transport de v\u00e9hicules bas\u00e9 \u00e0 Vancouver.<\/li>\n<\/ul>\n<\/td>\n<\/tr>\n<tr>\n<td align=\"center\" valign=\"middle\">\n<h4>2006<\/h4>\n<\/td>\n<td>\n<ul>\n<li>Livingston absorbe son plus gros concurrent, PBB Global Logistics, entreprise canadienne de courtage en douane et de logistique exer\u00e7ant ses activit\u00e9s en Am\u00e9rique du Nord.<\/li>\n<\/ul>\n<\/td>\n<\/tr>\n<tr>\n<td align=\"center\" valign=\"middle\">\n<h4>2010<\/h4>\n<\/td>\n<td>\n<ul>\n<li>Achat de Livingston par le consortium de Sterling Partners et de l\u2019Office d\u2019investissement du r\u00e9gime de pensions du Canada.<\/li>\n<li>Acquisition de Maquilogistics \u00e9tablissant une pr\u00e9sence \u00e0 la fronti\u00e8re \u00c9tats-Unis-Mexique.<\/li>\n<\/ul>\n<\/td>\n<\/tr>\n<tr>\n<td align=\"center\" valign=\"middle\">\n<h4>2011<\/h4>\n<\/td>\n<td>\n<ul>\n<li>Acquisition de Hipage augmentant les offres de services a\u00e9riens et maritimes et \u00e9tablissant une pr\u00e9sence dans le sud-est des \u00c9tats-Unis.<\/li>\n<\/ul>\n<\/td>\n<\/tr>\n<tr>\n<td align=\"center\" valign=\"middle\">\n<h4>2012<\/h4>\n<\/td>\n<td>\n<ul>\n<li>Acquisition de Vastera, ancienne unit\u00e9 de douane et de conformit\u00e9 commerciale de JPMorgan, \u00e9tendant les op\u00e9rations de Livingston au Mexique, \u00e0 l\u2019Europe et \u00e0 l\u2019Asie.<\/li>\n<li>Renforcement des capacit\u00e9s de courtage en douane et de transit international, principalement aux \u00c9tats-Unis, par l\u2019acquisition de Dell Will, Maher, Evans and Wood, Jensen et MBLX.<\/li>\n<\/ul>\n<\/td>\n<\/tr>\n<tr>\n<td align=\"center\" valign=\"middle\">\n<h4>2013<\/h4>\n<\/td>\n<td>\n<ul>\n<li>Acquisition d\u2019Advantex Express Inc. au Canada et de ses deux entit\u00e9s am\u00e9ricaines, Advantex Express, Inc. et Andina Group International.<\/li>\n<\/ul>\n<\/td>\n<\/tr>\n<tr>\n<td align=\"center\" valign=\"middle\">\n<h4>2014<\/h4>\n<\/td>\n<td>\n<ul>\n<li>Acquisition de FPA Customs Brokers, bas\u00e9e \u00e0 New York et Los Angeles, pour augmenter notre sp\u00e9cialisation dans la vente au d\u00e9tail et les textiles.<\/li>\n<\/ul>\n<\/td>\n<\/tr>\n<tr>\n<td align=\"center\" valign=\"middle\">\n<h4>2015<\/h4>\n<\/td>\n<td>\n<ul>\n<li>Expansion de notre gestion du commerce mondial au Br\u00e9sil et en Inde, pour servir nos clients.<\/li>\n<\/ul>\n<\/td>\n<\/tr>\n<tr>\n<td align=\"center\" valign=\"middle\">\n<h4>2016<\/h4>\n<\/td>\n<td>\n<ul>\n<li>Expansion de notre gestion du commerce mondial \u00e0 Taiwan, pour servir nos clients.<\/li>\n<li>Acquisition de la soci\u00e9t\u00e9 montr\u00e9alaise AFFILIATED AGENTS EN DOUANE LIMIT\u00c9E, y compris les soci\u00e9t\u00e9s apparent\u00e9es : Affiliated Customs Brokers USA, L\u00e9veill\u00e9 et Fils, P. Mines Customs Services, A.W.W. Kyle Logistics Inc. et ACTS.<\/li>\n<\/ul>\n<\/td>\n<\/tr>\n<\/tbody>\n<\/table>\n<h4><\/h4>\n","protected":false},"excerpt":{"rendered":"<p>Historique De Livingston 1945 Constitution en soci\u00e9t\u00e9 de l\u2019entreprise d\u2019emballage pour l\u2019exportation de Gerry Livingston, sous la raison sociale Livingston Lumber &amp; Manufacturing Ltd. Expansion pendant 30 ans dans l\u2019entreposage et le transport. 1960 Les \u00ab Livvies \u00bb de Tillsonburg, \u00e9quipe locale de basket parrain\u00e9e par Gerry Livingston, gagnent le championnat canadien. 1967 Nouvelle raison<a class=\"excerpt-read-more\" href=\"https:\/\/staging.livingstonintl.com\/fr\/a-propos-de-nous\/historique\/\" title=\"ReadHistorique\">&#8230; Read more &raquo;<\/a><\/p>\n","protected":false},"author":36,"featured_media":0,"parent":73,"menu_order":635,"comment_status":"closed","ping_status":"closed","template":"","meta":{"_acf_changed":false,"footnotes":""},"class_list":["post-353","page","type-page","status-publish","hentry"],"acf":[],"yoast_head":"<!-- This site is optimized with the Yoast SEO plugin v26.8 - https:\/\/yoast.com\/product\/yoast-seo-wordpress\/ -->\n<title>Historique - Livingston International<\/title>\n<meta name=\"robots\" content=\"noindex, follow, max-snippet:-1, max-image-preview:large, max-video-preview:-1\" \/>\n<meta property=\"og:locale\" content=\"fr_FR\" \/>\n<meta property=\"og:type\" content=\"article\" \/>\n<meta property=\"og:title\" content=\"Historique - Livingston International\" \/>\n<meta property=\"og:description\" content=\"Historique De Livingston 1945 Constitution en soci\u00e9t\u00e9 de l\u2019entreprise d\u2019emballage pour l\u2019exportation de Gerry Livingston, sous la raison sociale Livingston Lumber &amp; Manufacturing Ltd. Expansion pendant 30 ans dans l\u2019entreposage et le transport. 1960 Les \u00ab Livvies \u00bb de Tillsonburg, \u00e9quipe locale de basket parrain\u00e9e par Gerry Livingston, gagnent le championnat canadien. 1967 Nouvelle raison... Read more &raquo;\" \/>\n<meta property=\"og:url\" content=\"https:\/\/staging.livingstonintl.com\/fr\/a-propos-de-nous\/historique\/\" \/>\n<meta property=\"og:site_name\" content=\"Livingston International\" \/>\n<meta property=\"article:publisher\" content=\"https:\/\/www.facebook.com\/livingstoninternational\" \/>\n<meta property=\"article:modified_time\" content=\"2017-04-28T23:03:04+00:00\" \/>\n<meta name=\"twitter:label1\" content=\"Dur\u00e9e de lecture estim\u00e9e\" \/>\n\t<meta name=\"twitter:data1\" content=\"3 minutes\" \/>\n<script type=\"application\/ld+json\" class=\"yoast-schema-graph\">{\"@context\":\"https:\/\/schema.org\",\"@graph\":[{\"@type\":\"WebPage\",\"@id\":\"https:\/\/staging.livingstonintl.com\/fr\/a-propos-de-nous\/historique\/\",\"url\":\"https:\/\/staging.livingstonintl.com\/fr\/a-propos-de-nous\/historique\/\",\"name\":\"Historique - Livingston International\",\"isPartOf\":{\"@id\":\"https:\/\/staging.livingstonintl.com\/fr\/#website\"},\"datePublished\":\"2015-04-28T16:09:10+00:00\",\"dateModified\":\"2017-04-28T23:03:04+00:00\",\"breadcrumb\":{\"@id\":\"https:\/\/staging.livingstonintl.com\/fr\/a-propos-de-nous\/historique\/#breadcrumb\"},\"inLanguage\":\"fr-FR\",\"potentialAction\":[{\"@type\":\"ReadAction\",\"target\":[\"https:\/\/staging.livingstonintl.com\/fr\/a-propos-de-nous\/historique\/\"]}]},{\"@type\":\"BreadcrumbList\",\"@id\":\"https:\/\/staging.livingstonintl.com\/fr\/a-propos-de-nous\/historique\/#breadcrumb\",\"itemListElement\":[{\"@type\":\"ListItem\",\"position\":1,\"name\":\"Accueil\",\"item\":\"https:\/\/staging.livingstonintl.com\/fr\/\"},{\"@type\":\"ListItem\",\"position\":2,\"name\":\"\u00c0 propos de nous\",\"item\":\"https:\/\/staging.livingstonintl.com\/fr\/a-propos-de-nous\/\"},{\"@type\":\"ListItem\",\"position\":3,\"name\":\"Historique\"}]},{\"@type\":\"WebSite\",\"@id\":\"https:\/\/staging.livingstonintl.com\/fr\/#website\",\"url\":\"https:\/\/staging.livingstonintl.com\/fr\/\",\"name\":\"Livingston International\",\"description\":\"Simplify Trade\",\"potentialAction\":[{\"@type\":\"SearchAction\",\"target\":{\"@type\":\"EntryPoint\",\"urlTemplate\":\"https:\/\/staging.livingstonintl.com\/fr\/?s={search_term_string}\"},\"query-input\":{\"@type\":\"PropertyValueSpecification\",\"valueRequired\":true,\"valueName\":\"search_term_string\"}}],\"inLanguage\":\"fr-FR\"}]}<\/script>\n<!-- \/ Yoast SEO plugin. -->","yoast_head_json":{"title":"Historique - Livingston International","robots":{"index":"noindex","follow":"follow","max-snippet":"max-snippet:-1","max-image-preview":"max-image-preview:large","max-video-preview":"max-video-preview:-1"},"og_locale":"fr_FR","og_type":"article","og_title":"Historique - Livingston International","og_description":"Historique De Livingston 1945 Constitution en soci\u00e9t\u00e9 de l\u2019entreprise d\u2019emballage pour l\u2019exportation de Gerry Livingston, sous la raison sociale Livingston Lumber &amp; Manufacturing Ltd. Expansion pendant 30 ans dans l\u2019entreposage et le transport. 1960 Les \u00ab Livvies \u00bb de Tillsonburg, \u00e9quipe locale de basket parrain\u00e9e par Gerry Livingston, gagnent le championnat canadien. 1967 Nouvelle raison... Read more &raquo;","og_url":"https:\/\/staging.livingstonintl.com\/fr\/a-propos-de-nous\/historique\/","og_site_name":"Livingston International","article_publisher":"https:\/\/www.facebook.com\/livingstoninternational","article_modified_time":"2017-04-28T23:03:04+00:00","twitter_misc":{"Dur\u00e9e de lecture estim\u00e9e":"3 minutes"},"schema":{"@context":"https:\/\/schema.org","@graph":[{"@type":"WebPage","@id":"https:\/\/staging.livingstonintl.com\/fr\/a-propos-de-nous\/historique\/","url":"https:\/\/staging.livingstonintl.com\/fr\/a-propos-de-nous\/historique\/","name":"Historique - Livingston International","isPartOf":{"@id":"https:\/\/staging.livingstonintl.com\/fr\/#website"},"datePublished":"2015-04-28T16:09:10+00:00","dateModified":"2017-04-28T23:03:04+00:00","breadcrumb":{"@id":"https:\/\/staging.livingstonintl.com\/fr\/a-propos-de-nous\/historique\/#breadcrumb"},"inLanguage":"fr-FR","potentialAction":[{"@type":"ReadAction","target":["https:\/\/staging.livingstonintl.com\/fr\/a-propos-de-nous\/historique\/"]}]},{"@type":"BreadcrumbList","@id":"https:\/\/staging.livingstonintl.com\/fr\/a-propos-de-nous\/historique\/#breadcrumb","itemListElement":[{"@type":"ListItem","position":1,"name":"Accueil","item":"https:\/\/staging.livingstonintl.com\/fr\/"},{"@type":"ListItem","position":2,"name":"\u00c0 propos de nous","item":"https:\/\/staging.livingstonintl.com\/fr\/a-propos-de-nous\/"},{"@type":"ListItem","position":3,"name":"Historique"}]},{"@type":"WebSite","@id":"https:\/\/staging.livingstonintl.com\/fr\/#website","url":"https:\/\/staging.livingstonintl.com\/fr\/","name":"Livingston International","description":"Simplify Trade","potentialAction":[{"@type":"SearchAction","target":{"@type":"EntryPoint","urlTemplate":"https:\/\/staging.livingstonintl.com\/fr\/?s={search_term_string}"},"query-input":{"@type":"PropertyValueSpecification","valueRequired":true,"valueName":"search_term_string"}}],"inLanguage":"fr-FR"}]}},"_links":{"self":[{"href":"https:\/\/staging.livingstonintl.com\/fr\/wp-json\/wp\/v2\/pages\/353","targetHints":{"allow":["GET"]}}],"collection":[{"href":"https:\/\/staging.livingstonintl.com\/fr\/wp-json\/wp\/v2\/pages"}],"about":[{"href":"https:\/\/staging.livingstonintl.com\/fr\/wp-json\/wp\/v2\/types\/page"}],"author":[{"embeddable":true,"href":"https:\/\/staging.livingstonintl.com\/fr\/wp-json\/wp\/v2\/users\/36"}],"replies":[{"embeddable":true,"href":"https:\/\/staging.livingstonintl.com\/fr\/wp-json\/wp\/v2\/comments?post=353"}],"version-history":[{"count":0,"href":"https:\/\/staging.livingstonintl.com\/fr\/wp-json\/wp\/v2\/pages\/353\/revisions"}],"up":[{"embeddable":true,"href":"https:\/\/staging.livingstonintl.com\/fr\/wp-json\/wp\/v2\/pages\/73"}],"wp:attachment":[{"href":"https:\/\/staging.livingstonintl.com\/fr\/wp-json\/wp\/v2\/media?parent=353"}],"curies":[{"name":"wp","href":"https:\/\/api.w.org\/{rel}","templated":true}]}}