{"id":35265,"date":"2017-02-27T12:15:51","date_gmt":"2017-02-27T17:15:51","guid":{"rendered":"\/lumber\/"},"modified":"2021-01-20T19:01:39","modified_gmt":"2021-01-21T00:01:39","slug":"changements-apportes-au-reglement-sur-le-bois-doeuvre-resineux","status":"publish","type":"page","link":"https:\/\/staging.livingstonintl.com\/fr\/changements-apportes-au-reglement-sur-le-bois-doeuvre-resineux\/","title":{"rendered":"Changements apport\u00e9s au r\u00e8glement sur le bois d\u2019\u0153uvre r\u00e9sineux"},"content":{"rendered":"<h5>Le Department of Commerce a publi\u00e9 son intention de proc\u00e9der \u00e0 un examen administratif des produits de bois d&rsquo;\u0153uvre r\u00e9sineux du Canada. Pour en savoir davantage:<a href=\"https:\/\/staging.livingstonintl.com\/fr\/troisieme-examen-administratif-des-produits-de-bois-doeuvre-resineux-du-canada\/\"> Troisi\u00e8me examen administratif des produits de bois d\u2019\u0153uvre r\u00e9sineux du Canada<\/a>.<\/h5>\n<p>Le Department of Commerce des \u00c9tats-Unis a pris sa d\u00e9cision provisoire concernant l\u2019enqu\u00eate sur les droits antidumping relativement \u00e0 certains produits de bois d\u2019\u0153uvre r\u00e9sineux en provenance du Canada (A-122-857), y compris un vote sur des \u00ab circonstances critiques \u00bb. Dans sa d\u00e9cision, le Department of Commerce a d\u00e9termin\u00e9 qu\u2019\u00e0 compter du 26 juin 2017, des droits antidumping seront pr\u00e9lev\u00e9s.<\/p>\n<p>Le Department of Commerce suspendra la liquidation et exigera des d\u00e9p\u00f4ts en esp\u00e8ces correspondant aux droits antidumping estim\u00e9s \u00e0 compter du 26 juin 2017. Nous attendons le \u00ab message \u00bb du Department of Commerce \u00e0 la U.S. Customs and Border Protection (CBP) qui permettra \u00e0 cette derni\u00e8re de programmer le syst\u00e8me ACE et de permettre le d\u00e9p\u00f4t des d\u00e9clarations en cons\u00e9quence.<\/p>\n<p>La p\u00e9riode de 90 jours relative au vote favorable sur les \u00ab circonstances critiques \u00bb remonte au 28 mars 2017 pour toutes les d\u00e9clarations touch\u00e9es. Dans cette situation, seules \u00ab toutes les autres \u00bb seront touch\u00e9es.<\/p>\n<p>Les soci\u00e9t\u00e9s assujetties \u00e0 des cautionnements permanents pourraient subir une augmentation de leur cautionnement, et les importateurs non assujettis \u00e0 un cautionnement permanent seront tenus de verser un d\u00e9p\u00f4t en esp\u00e8ces.<\/p>\n<p><a href=\"\/livingston-content\/uploads\/2017\/07\/Softwood-lumber-CVD-ADD-FAQ-July-10-FR.pdf\">La foire aux questions<\/a> sur les droits antidumping et les droits compensateurs renferme des renseignements importants sur les cautionnements, les exceptions ou les exclusions, les circonstances critiques et le recouvrement r\u00e9troactif des droits compensateurs et antidumping.<\/p>\n<h3>\u00c9tapes cl\u00e9s<\/h3>\n<p><strong>28 janvier 2019<\/strong><\/p>\n<ul>\n<li>Suite \u00e0 un m\u00e9mo du DOC, la date limite de soumission a \u00e9t\u00e9 prolong\u00e9e jusqu&rsquo;aux 28 f\u00e9vrier 2019.<\/li>\n<\/ul>\n<p><strong>10 septembre 2018<\/strong><\/p>\n<ul>\n<li>D\u00e9cision sur la port\u00e9e \u00e9mise par le d\u00e9partement du Commerce des \u00c9tats-Unis : Bardeaux de fentes et bardeaux en c\u00e8dre \u2013 Dans la port\u00e9e.<\/li>\n<\/ul>\n<p><strong>12 juin 2018<\/strong><\/p>\n<ul>\n<li>Demande de d\u00e9cision sur la port\u00e9e d\u00e9pos\u00e9e au nom de la Shake and Shingle Alliance concernant les bardeaux de fente et les bardeaux en c\u00e8dre.<\/li>\n<\/ul>\n<p><strong>24 janvier 2018<\/strong><\/p>\n<ul>\n<li>Message 8024302 : Remboursement du versement en esp\u00e8ces des droits antidumping sur certains produits de bois d\u2019\u0153uvre r\u00e9sineux en provenance du Canada, conform\u00e9ment \u00e0 la d\u00e9cision d\u00e9finitive modifi\u00e9e pour la p\u00e9riode du 8 novembre 2017 au 2 janvier 2018 (A-122-857).<\/li>\n<\/ul>\n<p><strong>3 janvier 2018<\/strong><\/p>\n<ul>\n<li>Tel qu\u2019il a \u00e9t\u00e9 publi\u00e9 dans le Federal Register, l\u2019ordonnance modifi\u00e9e sur la d\u00e9termination d\u00e9finitive des droits compensateurs positifs et l\u2019ordonnance en mati\u00e8re de droits compensateurs.<\/li>\n<li>Tel qu\u2019il a \u00e9t\u00e9 publi\u00e9 dans le Federal Register, l\u2019ordonnance relative aux droits antidumping et la d\u00e9termination finale partielle modifi\u00e9e \u2013 D\u00e9termination de la non-existence de pr\u00e9judice dans des circonstances graves.<\/li>\n<\/ul>\n<p><strong>28 d\u00e9cembre 2017<\/strong><\/p>\n<ul>\n<li>L\u2019ITC a publi\u00e9 sa d\u00e9cision d\u00e9finitive dans le Federal Register (FR), informant le d\u00e9partement du Commerce des \u00c9tats-Unis (DOC) d\u2019\u00e9mettre des ordonnances relatives aux droits antidumping et aux droits compensateurs. La p\u00e9riode de transitoire pour les droits compensatoires et antidumping se termine le jour pr\u00e9c\u00e9dent (27 d\u00e9cembre 2017).<\/li>\n<\/ul>\n<p><strong>27 d\u00e9cembre 2017<\/strong><\/p>\n<ul>\n<li>La p\u00e9riode transitoire pour les droits antidumping commence.<\/li>\n<\/ul>\n<p><strong>8 novembre 2017<\/strong><\/p>\n<ul>\n<li>Le d\u00e9partement du Commerce des \u00c9tats-Unis a publi\u00e9 dans le Federal Register des d\u00e9cisions sans appel affirmatives en ce qui concerne les enqu\u00eates sur les droits antidumping et les droits compensateurs applicables aux produits de bois d\u2019\u0153uvre r\u00e9sineux en provenance du Canada.<\/li>\n<li>Le d\u00e9partement du Commerce des \u00c9tats-Unis est \u00e9galement parvenu \u00e0 une d\u00e9termination de la non-existence de pr\u00e9judice sur des \u00ab circonstances graves \u00bb en mati\u00e8re de droits compensateurs et, en rendant cette d\u00e9cision, a report\u00e9 la date d\u2019entr\u00e9e en vigueur des droits compensateurs au 28 avril 2017.<\/li>\n<li>Exclusion des droits antidumping et compensateurs dans les provinces de l\u2019Atlantique (sauf le Nouveau-Brunswick), si le produit de bois d\u2019\u0153uvre r\u00e9sineux a \u00e9t\u00e9 certifi\u00e9 par le Atlantic Lumber Board (ALB) et publi\u00e9 dans le Federal Register.<\/li>\n<\/ul>\n<p><strong>28 ao\u00fbt 2017<\/strong><\/p>\n<ul>\n<li>Le d\u00e9partement du Commerce des \u00c9tats-Unis a report\u00e9 les d\u00e9cisions finales en ce qui concerne les enqu\u00eates sur les droits antidumping et les droits compensateurs applicables aux produits de bois d\u2019\u0153uvre r\u00e9sineux en provenance du Canada au 14 novembre 2017, au plus tard.<\/li>\n<li>En raison de ce report, la \u00ab p\u00e9riode transitoire \u00bb est ouverte pour la pr\u00e9sentation des formulaires de d\u00e9claration en douane.<\/li>\n<\/ul>\n<p><strong>Le 26 ao\u00fbt 2017<\/strong><\/p>\n<ul>\n<li>Le pr\u00e9l\u00e8vement du droit compensatoire prendra fin le 26 ao\u00fbt 2017 et ledit droit ne peut pas \u00eatre remis en vigueur avant la d\u00e9cision d\u00e9finitive de la U.S. International Trade Commission (ITC) en ce qui a trait au dossier C-122-858. La p\u00e9riode de temps qui couvre la fin des mesures du droit compensatoire provisoire jusqu\u2019\u00e0 la d\u00e9cision finale de l\u2019ITC s\u2019appelle une \u00ab p\u00e9riode de d\u00e9calage \u00bb.<\/li>\n<\/ul>\n<p><strong>Le 26 juin 2017<\/strong><\/p>\n<ul>\n<li>Le Department of Commerce a termin\u00e9 son enqu\u00eate et a d\u00e9termin\u00e9 que des circonstances critiques existent pour des droits compensateurs et des droits antidumping. Des droits de douane r\u00e9troactifs seront impos\u00e9s pour la p\u00e9riode de 90 jours avant la date de prise d\u2019effet.<\/li>\n<\/ul>\n<p class=\"tight\"><strong>Le 24 avril 2017\u00a0<\/strong><\/p>\n<ul class=\"tight\">\n<li>Date limite pour la d\u00e9cision pr\u00e9liminaire de l\u2019enqu\u00eate de droits compensateurs sur divers produits de bois d\u2019\u0153uvre r\u00e9sineux originaires du Canada.<\/li>\n<\/ul>\n<p class=\"tight\"><strong>Le 19 avril 2017<\/strong><\/p>\n<ul class=\"tight\">\n<li>Une p\u00e9tition pr\u00e9par\u00e9e et pr\u00e9sent\u00e9e le 26 janvier 2017 \u00e0 l\u2019International Trade Administration des \u00c9tats-Unis par la COALITION, demandant un report de la d\u00e9cision en mati\u00e8re de droits antidumping, a \u00e9t\u00e9 accept\u00e9e, et la nouvelle date du <strong>vendredi 23 juin 2017<\/strong> a \u00e9t\u00e9 fix\u00e9e comme date de <strong>d\u00e9cision pr\u00e9liminaire en mati\u00e8re de droits antidumping<\/strong>.<\/li>\n<\/ul>\n<p class=\"tight\"><strong>Le 2 f\u00e9vrier 2017<\/strong><\/p>\n<ul class=\"tight\">\n<li>Une p\u00e9tition pr\u00e9par\u00e9e et pr\u00e9sent\u00e9e le 26 janvier 2017 \u00e0 l\u2019International Trade Administration des \u00c9tats-Unis par la COALITION, demandant un report de la d\u00e9cision en mati\u00e8re de droits compensateurs, a \u00e9t\u00e9 accept\u00e9e, et la nouvelle date du <strong>lundi 24 avril 2017<\/strong> a \u00e9t\u00e9 fix\u00e9e comme date de <strong>d\u00e9cision pr\u00e9liminaire en mati\u00e8re de droits compensateurs<\/strong>.<\/li>\n<\/ul>\n<p class=\"tight\"><strong>Le 26 janvier 2017<\/strong><\/p>\n<ul class=\"tight\">\n<li>L\u2019International Trade Administration des \u00c9tats-Unis re\u00e7oit une p\u00e9tition demandant le report de la d\u00e9cision pr\u00e9liminaire dans le cadre de l\u2019enqu\u00eate ci-dessus.<\/li>\n<\/ul>\n<p class=\"tight\"><strong>Le 6 janvier 2016<\/strong><\/p>\n<ul class=\"tight\">\n<li>L\u2019United States International Trade Commission (USITC) d\u00e9termine l\u2019existence d\u2019une indication raisonnable de pr\u00e9judice important \u00e0 l\u2019encontre d\u2019une industrie am\u00e9ricaine, \u00e0 la suite de l\u2019importation de produits de bois d\u2019\u0153uvre r\u00e9sineux du Canada pr\u00e9tendument subventionn\u00e9s et vendus aux \u00c9tats-Unis \u00e0 des prix inf\u00e9rieurs \u00e0 leur juste valeur.<\/li>\n<\/ul>\n<p class=\"tight\"><strong>Le 22 d\u00e9cembre 2016<\/strong><\/p>\n<ul class=\"tight\">\n<li>Le d\u00e9partement du Commerce lance une enqu\u00eate de droits compensateurs sur les produits de bois d\u2019\u0153uvre r\u00e9sineux originaires du Canada.<\/li>\n<\/ul>\n<p class=\"tight\"><strong>Le 25 novembre 2016<\/strong><\/p>\n<ul class=\"tight\">\n<li>La COALITION (Committee Overseeing Action for Lumber International Trade Investigations or Negotiations) pr\u00e9sente une p\u00e9tition au d\u00e9partement du Commerce et \u00e0 l\u2019International Trade Administration des \u00c9tats-Unis.<\/li>\n<\/ul>\n<h3>Articles et rensignements<\/h3>\n<p>Un groupe de travail f\u00e9d\u00e9ral-provincial sur le bois d\u2019\u0153uvre r\u00e9sineux \u00e9valuera les r\u00e9percussions possibles et les fa\u00e7ons de r\u00e9pondre aux besoins des travailleurs et des collectivit\u00e9s touch\u00e9s. Consultez <a href=\"\/fr\/nouvelles-de-la-reglementation-americaine\/le-gouvernement-du-canada-annonce-la-creation-du-groupe-de-travail-sur-le-bois-doeuvre\/\" target=\"_blank\" rel=\"noopener\">l\u2019article \u00e0 ce sujet dans la section Nouvelles de notre site Web<\/a> ou <a href=\"https:\/\/www.canada.ca\/fr\/ressources-naturelles-canada\/nouvelles\/2017\/02\/le_gouvernement_ducanadaannoncelacreationdugroupedetravailsurleb.html\" target=\"_blank\" rel=\"noopener\">le communiqu\u00e9 de presse du gouvernement du Canada<\/a>.<\/p>\n<h3>R\u00e9pondre aux besoins de nos clients<\/h3>\n<p>Comme toujours, Livingston continuera de surveiller l\u2019\u00e9volution des discussions concernant le diff\u00e9rend entre le Canada et les \u00c9tats-Unis sur le bois d\u2019\u0153uvre r\u00e9sineux et vous tiendra au courant de tout nouveau renseignement.<\/p>\n<p>Pour toute question, veuillez communiquer avec\u00a0: <a href=\"mailto:softwoodlumber@livingstonintl.com\">softwoodlumber@livingstonintl.com<\/a>.<\/p>\n","protected":false},"excerpt":{"rendered":"<p>Le Department of Commerce a publi\u00e9 son intention de proc\u00e9der \u00e0 un examen administratif des produits de bois d&rsquo;\u0153uvre r\u00e9sineux du Canada. Pour en savoir davantage: Troisi\u00e8me examen administratif des produits de bois d\u2019\u0153uvre r\u00e9sineux du Canada. Le Department of Commerce des \u00c9tats-Unis a pris sa d\u00e9cision provisoire concernant l\u2019enqu\u00eate sur les droits antidumping relativement<a class=\"excerpt-read-more\" href=\"https:\/\/staging.livingstonintl.com\/fr\/changements-apportes-au-reglement-sur-le-bois-doeuvre-resineux\/\" title=\"ReadChangements apport\u00e9s au r\u00e8glement sur le bois d\u2019\u0153uvre r\u00e9sineux\">&#8230; Read more &raquo;<\/a><\/p>\n","protected":false},"author":36,"featured_media":0,"parent":0,"menu_order":136,"comment_status":"closed","ping_status":"closed","template":"template-retired\/page-landing-withsidebar.php","meta":{"_acf_changed":false,"footnotes":""},"class_list":["post-35265","page","type-page","status-publish","hentry"],"acf":[],"yoast_head":"<!-- This site is optimized with the Yoast SEO plugin v26.8 - https:\/\/yoast.com\/product\/yoast-seo-wordpress\/ -->\n<title>Changements apport\u00e9s au r\u00e8glement sur le bois d\u2019\u0153uvre r\u00e9sineux - Livingston International<\/title>\n<meta name=\"robots\" content=\"noindex, follow, max-snippet:-1, max-image-preview:large, max-video-preview:-1\" \/>\n<meta property=\"og:locale\" content=\"fr_FR\" \/>\n<meta property=\"og:type\" content=\"article\" \/>\n<meta property=\"og:title\" content=\"Changements apport\u00e9s au r\u00e8glement sur le bois d\u2019\u0153uvre r\u00e9sineux - Livingston International\" \/>\n<meta property=\"og:description\" content=\"Le Department of Commerce a publi\u00e9 son intention de proc\u00e9der \u00e0 un examen administratif des produits de bois d&rsquo;\u0153uvre r\u00e9sineux du Canada. Pour en savoir davantage: Troisi\u00e8me examen administratif des produits de bois d\u2019\u0153uvre r\u00e9sineux du Canada. Le Department of Commerce des \u00c9tats-Unis a pris sa d\u00e9cision provisoire concernant l\u2019enqu\u00eate sur les droits antidumping relativement... Read more &raquo;\" \/>\n<meta property=\"og:url\" content=\"https:\/\/staging.livingstonintl.com\/fr\/changements-apportes-au-reglement-sur-le-bois-doeuvre-resineux\/\" \/>\n<meta property=\"og:site_name\" content=\"Livingston International\" \/>\n<meta property=\"article:publisher\" content=\"https:\/\/www.facebook.com\/livingstoninternational\" \/>\n<meta property=\"article:modified_time\" content=\"2021-01-21T00:01:39+00:00\" \/>\n<meta name=\"twitter:label1\" content=\"Dur\u00e9e de lecture estim\u00e9e\" \/>\n\t<meta name=\"twitter:data1\" content=\"6 minutes\" \/>\n<script type=\"application\/ld+json\" class=\"yoast-schema-graph\">{\"@context\":\"https:\/\/schema.org\",\"@graph\":[{\"@type\":\"WebPage\",\"@id\":\"https:\/\/staging.livingstonintl.com\/fr\/changements-apportes-au-reglement-sur-le-bois-doeuvre-resineux\/\",\"url\":\"https:\/\/staging.livingstonintl.com\/fr\/changements-apportes-au-reglement-sur-le-bois-doeuvre-resineux\/\",\"name\":\"Changements apport\u00e9s au r\u00e8glement sur le bois d\u2019\u0153uvre r\u00e9sineux - Livingston International\",\"isPartOf\":{\"@id\":\"https:\/\/staging.livingstonintl.com\/fr\/#website\"},\"datePublished\":\"2017-02-27T17:15:51+00:00\",\"dateModified\":\"2021-01-21T00:01:39+00:00\",\"breadcrumb\":{\"@id\":\"https:\/\/staging.livingstonintl.com\/fr\/changements-apportes-au-reglement-sur-le-bois-doeuvre-resineux\/#breadcrumb\"},\"inLanguage\":\"fr-FR\",\"potentialAction\":[{\"@type\":\"ReadAction\",\"target\":[\"https:\/\/staging.livingstonintl.com\/fr\/changements-apportes-au-reglement-sur-le-bois-doeuvre-resineux\/\"]}]},{\"@type\":\"BreadcrumbList\",\"@id\":\"https:\/\/staging.livingstonintl.com\/fr\/changements-apportes-au-reglement-sur-le-bois-doeuvre-resineux\/#breadcrumb\",\"itemListElement\":[{\"@type\":\"ListItem\",\"position\":1,\"name\":\"Accueil\",\"item\":\"https:\/\/staging.livingstonintl.com\/fr\/\"},{\"@type\":\"ListItem\",\"position\":2,\"name\":\"Changements apport\u00e9s au r\u00e8glement sur le bois d\u2019\u0153uvre r\u00e9sineux\"}]},{\"@type\":\"WebSite\",\"@id\":\"https:\/\/staging.livingstonintl.com\/fr\/#website\",\"url\":\"https:\/\/staging.livingstonintl.com\/fr\/\",\"name\":\"Livingston International\",\"description\":\"Simplify Trade\",\"potentialAction\":[{\"@type\":\"SearchAction\",\"target\":{\"@type\":\"EntryPoint\",\"urlTemplate\":\"https:\/\/staging.livingstonintl.com\/fr\/?s={search_term_string}\"},\"query-input\":{\"@type\":\"PropertyValueSpecification\",\"valueRequired\":true,\"valueName\":\"search_term_string\"}}],\"inLanguage\":\"fr-FR\"}]}<\/script>\n<!-- \/ Yoast SEO plugin. -->","yoast_head_json":{"title":"Changements apport\u00e9s au r\u00e8glement sur le bois d\u2019\u0153uvre r\u00e9sineux - Livingston International","robots":{"index":"noindex","follow":"follow","max-snippet":"max-snippet:-1","max-image-preview":"max-image-preview:large","max-video-preview":"max-video-preview:-1"},"og_locale":"fr_FR","og_type":"article","og_title":"Changements apport\u00e9s au r\u00e8glement sur le bois d\u2019\u0153uvre r\u00e9sineux - Livingston International","og_description":"Le Department of Commerce a publi\u00e9 son intention de proc\u00e9der \u00e0 un examen administratif des produits de bois d&rsquo;\u0153uvre r\u00e9sineux du Canada. Pour en savoir davantage: Troisi\u00e8me examen administratif des produits de bois d\u2019\u0153uvre r\u00e9sineux du Canada. Le Department of Commerce des \u00c9tats-Unis a pris sa d\u00e9cision provisoire concernant l\u2019enqu\u00eate sur les droits antidumping relativement... Read more &raquo;","og_url":"https:\/\/staging.livingstonintl.com\/fr\/changements-apportes-au-reglement-sur-le-bois-doeuvre-resineux\/","og_site_name":"Livingston International","article_publisher":"https:\/\/www.facebook.com\/livingstoninternational","article_modified_time":"2021-01-21T00:01:39+00:00","twitter_misc":{"Dur\u00e9e de lecture estim\u00e9e":"6 minutes"},"schema":{"@context":"https:\/\/schema.org","@graph":[{"@type":"WebPage","@id":"https:\/\/staging.livingstonintl.com\/fr\/changements-apportes-au-reglement-sur-le-bois-doeuvre-resineux\/","url":"https:\/\/staging.livingstonintl.com\/fr\/changements-apportes-au-reglement-sur-le-bois-doeuvre-resineux\/","name":"Changements apport\u00e9s au r\u00e8glement sur le bois d\u2019\u0153uvre r\u00e9sineux - Livingston International","isPartOf":{"@id":"https:\/\/staging.livingstonintl.com\/fr\/#website"},"datePublished":"2017-02-27T17:15:51+00:00","dateModified":"2021-01-21T00:01:39+00:00","breadcrumb":{"@id":"https:\/\/staging.livingstonintl.com\/fr\/changements-apportes-au-reglement-sur-le-bois-doeuvre-resineux\/#breadcrumb"},"inLanguage":"fr-FR","potentialAction":[{"@type":"ReadAction","target":["https:\/\/staging.livingstonintl.com\/fr\/changements-apportes-au-reglement-sur-le-bois-doeuvre-resineux\/"]}]},{"@type":"BreadcrumbList","@id":"https:\/\/staging.livingstonintl.com\/fr\/changements-apportes-au-reglement-sur-le-bois-doeuvre-resineux\/#breadcrumb","itemListElement":[{"@type":"ListItem","position":1,"name":"Accueil","item":"https:\/\/staging.livingstonintl.com\/fr\/"},{"@type":"ListItem","position":2,"name":"Changements apport\u00e9s au r\u00e8glement sur le bois d\u2019\u0153uvre r\u00e9sineux"}]},{"@type":"WebSite","@id":"https:\/\/staging.livingstonintl.com\/fr\/#website","url":"https:\/\/staging.livingstonintl.com\/fr\/","name":"Livingston International","description":"Simplify Trade","potentialAction":[{"@type":"SearchAction","target":{"@type":"EntryPoint","urlTemplate":"https:\/\/staging.livingstonintl.com\/fr\/?s={search_term_string}"},"query-input":{"@type":"PropertyValueSpecification","valueRequired":true,"valueName":"search_term_string"}}],"inLanguage":"fr-FR"}]}},"_links":{"self":[{"href":"https:\/\/staging.livingstonintl.com\/fr\/wp-json\/wp\/v2\/pages\/35265","targetHints":{"allow":["GET"]}}],"collection":[{"href":"https:\/\/staging.livingstonintl.com\/fr\/wp-json\/wp\/v2\/pages"}],"about":[{"href":"https:\/\/staging.livingstonintl.com\/fr\/wp-json\/wp\/v2\/types\/page"}],"author":[{"embeddable":true,"href":"https:\/\/staging.livingstonintl.com\/fr\/wp-json\/wp\/v2\/users\/36"}],"replies":[{"embeddable":true,"href":"https:\/\/staging.livingstonintl.com\/fr\/wp-json\/wp\/v2\/comments?post=35265"}],"version-history":[{"count":3,"href":"https:\/\/staging.livingstonintl.com\/fr\/wp-json\/wp\/v2\/pages\/35265\/revisions"}],"predecessor-version":[{"id":53113,"href":"https:\/\/staging.livingstonintl.com\/fr\/wp-json\/wp\/v2\/pages\/35265\/revisions\/53113"}],"wp:attachment":[{"href":"https:\/\/staging.livingstonintl.com\/fr\/wp-json\/wp\/v2\/media?parent=35265"}],"curies":[{"name":"wp","href":"https:\/\/api.w.org\/{rel}","templated":true}]}}