{"id":33845,"date":"2016-10-28T13:43:14","date_gmt":"2016-10-28T13:43:14","guid":{"rendered":"http:\/\/livingston-new.dev\/fr\/a-propos-de-nous\/executive-team\/michael-meierkort\/"},"modified":"2017-06-12T15:26:11","modified_gmt":"2017-06-12T19:26:11","slug":"michael-meierkort","status":"publish","type":"page","link":"https:\/\/staging.livingstonintl.com\/fr\/a-propos-de-nous\/executive-team\/michael-meierkort\/","title":{"rendered":"Michael Meierkort"},"content":{"rendered":"<p><strong>Michael Meierkort<\/strong><br \/>\nPr\u00e9sident, solutions de transit international et de transport<\/p>\n<p><strong><img loading=\"lazy\" decoding=\"async\" class=\"alignleft size-medium wp-image-36441\" src=\"\/livingston-content\/uploads\/2017\/02\/web_Michael-Meierkort-204x300.jpg\" alt=\"\" width=\"204\" height=\"300\" srcset=\"https:\/\/lii-mkt-content.s3.amazonaws.com\/livingston-content\/uploads\/2017\/02\/25230056\/web_Michael-Meierkort-204x300.jpg 204w, https:\/\/lii-mkt-content.s3.amazonaws.com\/livingston-content\/uploads\/2017\/02\/25230056\/web_Michael-Meierkort.jpg 500w\" sizes=\"auto, (max-width: 204px) 100vw, 204px\" \/>Michael Meierkort<\/strong> est entr\u00e9 chez Livingston en ao\u00fbt 2016 comme pr\u00e9sident, solutions de transit international et de transport, responsable de la croissance strat\u00e9gique et de la gestion des offres de transport de Livingston. Il a \u00e9t\u00e9 nomm\u00e9 pour augmenter la notori\u00e9t\u00e9 des offres de transport de Livingston comme ressources utiles pour les organisations \u00e0 la recherche d\u2019une solution int\u00e9grale pour leur cha\u00eene d\u2019approvisionnement, en mettant en \u00e9vidence la capacit\u00e9 de Livingston \u00e0 servir de partenaire strat\u00e9gique pour les entreprises d\u2019envergure mondiale.<\/p>\n<p>Michael a une exp\u00e9rience diversifi\u00e9e et une connaissance approfondie de la gestion des cha\u00eenes d\u2019approvisionnement nationales et internationales, ainsi que du transit international; il nous apporte en outre des ant\u00e9c\u00e9dents de succ\u00e8s \u00e9prouv\u00e9s dans des secteurs tr\u00e8s concurrentiels. Son leadership est d\u2019envergure mondiale; il a d\u00e9velopp\u00e9 une grande capacit\u00e9 d\u2019\u00e9valuation du potentiel op\u00e9rationnel et commercial. Il a dirig\u00e9 la croissance dans plusieurs march\u00e9s du monde et plusieurs cultures, en mettant en \u0153uvre des offres de services compl\u00e8tes et en assurant une expansion organique.<\/p>\n<p>Avant d\u2019entrer chez Livingston, Michael travaillait chez Vanguard Logistics Services o\u00f9 il \u00e9tait directeur g\u00e9n\u00e9ral, r\u00e9gion de l\u2019Am\u00e9rique du Nord, responsable de la gestion commerciale et op\u00e9rationnelle de 700 employ\u00e9s r\u00e9partis dans 16 bureaux. Avant cela, Michael a pass\u00e9 plusieurs ann\u00e9es chez Panalpina World Transport \u00e0 des postes de cadre, plus r\u00e9cemment en tant que directeur g\u00e9n\u00e9ral, Royaume d\u2019Arabie Saoudite et Bahre\u00efn. \u00c0 ce poste, il a dirig\u00e9 dans ces deux pays l\u2019organisation de Panalpina dans les secteurs du transit a\u00e9rien et maritime, du transport associ\u00e9 \u00e0 des projets, de la logistique et de la gestion des cha\u00eenes d\u2019approvisionnement. Il a \u00e9galement occup\u00e9 des postes de direction chez JAS Forwarding en tant que vice-pr\u00e9sident, services maritimes, et chez Exel Global Logistics en tant que vice-pr\u00e9sident, fret maritime pour les Am\u00e9riques.<\/p>\n<p>Michael est dipl\u00f4m\u00e9 de la Southern Illinois University; il est devenu plus tard chercheur-boursier de la Kellogg School of Management \u00e0 Evanston, Illinois.<\/p>\n","protected":false},"excerpt":{"rendered":"<p>Michael Meierkort Pr\u00e9sident, solutions de transit international et de transport Michael Meierkort est entr\u00e9 chez Livingston en ao\u00fbt 2016 comme pr\u00e9sident, solutions de transit international et de transport, responsable de la croissance strat\u00e9gique et de la gestion des offres de transport de Livingston. Il a \u00e9t\u00e9 nomm\u00e9 pour augmenter la notori\u00e9t\u00e9 des offres de transport<a class=\"excerpt-read-more\" href=\"https:\/\/staging.livingstonintl.com\/fr\/a-propos-de-nous\/executive-team\/michael-meierkort\/\" title=\"ReadMichael Meierkort\">&#8230; Read more &raquo;<\/a><\/p>\n","protected":false},"author":36,"featured_media":0,"parent":354,"menu_order":612,"comment_status":"closed","ping_status":"closed","template":"","meta":{"_acf_changed":false,"footnotes":""},"class_list":["post-33845","page","type-page","status-publish","hentry"],"acf":[],"yoast_head":"<!-- This site is optimized with the Yoast SEO plugin v26.8 - https:\/\/yoast.com\/product\/yoast-seo-wordpress\/ -->\n<title>Michael Meierkort - Livingston International<\/title>\n<meta name=\"robots\" content=\"noindex, follow, max-snippet:-1, max-image-preview:large, max-video-preview:-1\" \/>\n<meta property=\"og:locale\" content=\"fr_FR\" \/>\n<meta property=\"og:type\" content=\"article\" \/>\n<meta property=\"og:title\" content=\"Michael Meierkort - Livingston International\" \/>\n<meta property=\"og:description\" content=\"Michael Meierkort Pr\u00e9sident, solutions de transit international et de transport Michael Meierkort est entr\u00e9 chez Livingston en ao\u00fbt 2016 comme pr\u00e9sident, solutions de transit international et de transport, responsable de la croissance strat\u00e9gique et de la gestion des offres de transport de Livingston. Il a \u00e9t\u00e9 nomm\u00e9 pour augmenter la notori\u00e9t\u00e9 des offres de transport... Read more &raquo;\" \/>\n<meta property=\"og:url\" content=\"https:\/\/staging.livingstonintl.com\/fr\/a-propos-de-nous\/executive-team\/michael-meierkort\/\" \/>\n<meta property=\"og:site_name\" content=\"Livingston International\" \/>\n<meta property=\"article:publisher\" content=\"https:\/\/www.facebook.com\/livingstoninternational\" \/>\n<meta property=\"article:modified_time\" content=\"2017-06-12T19:26:11+00:00\" \/>\n<meta name=\"twitter:label1\" content=\"Dur\u00e9e de lecture estim\u00e9e\" \/>\n\t<meta name=\"twitter:data1\" content=\"2 minutes\" \/>\n<script type=\"application\/ld+json\" class=\"yoast-schema-graph\">{\"@context\":\"https:\/\/schema.org\",\"@graph\":[{\"@type\":\"WebPage\",\"@id\":\"https:\/\/staging.livingstonintl.com\/fr\/a-propos-de-nous\/executive-team\/michael-meierkort\/\",\"url\":\"https:\/\/staging.livingstonintl.com\/fr\/a-propos-de-nous\/executive-team\/michael-meierkort\/\",\"name\":\"Michael Meierkort - Livingston International\",\"isPartOf\":{\"@id\":\"https:\/\/staging.livingstonintl.com\/fr\/#website\"},\"datePublished\":\"2016-10-28T13:43:14+00:00\",\"dateModified\":\"2017-06-12T19:26:11+00:00\",\"breadcrumb\":{\"@id\":\"https:\/\/staging.livingstonintl.com\/fr\/a-propos-de-nous\/executive-team\/michael-meierkort\/#breadcrumb\"},\"inLanguage\":\"fr-FR\",\"potentialAction\":[{\"@type\":\"ReadAction\",\"target\":[\"https:\/\/staging.livingstonintl.com\/fr\/a-propos-de-nous\/executive-team\/michael-meierkort\/\"]}]},{\"@type\":\"BreadcrumbList\",\"@id\":\"https:\/\/staging.livingstonintl.com\/fr\/a-propos-de-nous\/executive-team\/michael-meierkort\/#breadcrumb\",\"itemListElement\":[{\"@type\":\"ListItem\",\"position\":1,\"name\":\"Accueil\",\"item\":\"https:\/\/staging.livingstonintl.com\/fr\/\"},{\"@type\":\"ListItem\",\"position\":2,\"name\":\"\u00c0 propos de nous\",\"item\":\"https:\/\/staging.livingstonintl.com\/fr\/a-propos-de-nous\/\"},{\"@type\":\"ListItem\",\"position\":3,\"name\":\"Direction\",\"item\":\"https:\/\/staging.livingstonintl.com\/fr\/a-propos-de-nous\/executive-team\/\"},{\"@type\":\"ListItem\",\"position\":4,\"name\":\"Michael Meierkort\"}]},{\"@type\":\"WebSite\",\"@id\":\"https:\/\/staging.livingstonintl.com\/fr\/#website\",\"url\":\"https:\/\/staging.livingstonintl.com\/fr\/\",\"name\":\"Livingston International\",\"description\":\"Simplify Trade\",\"potentialAction\":[{\"@type\":\"SearchAction\",\"target\":{\"@type\":\"EntryPoint\",\"urlTemplate\":\"https:\/\/staging.livingstonintl.com\/fr\/?s={search_term_string}\"},\"query-input\":{\"@type\":\"PropertyValueSpecification\",\"valueRequired\":true,\"valueName\":\"search_term_string\"}}],\"inLanguage\":\"fr-FR\"}]}<\/script>\n<!-- \/ Yoast SEO plugin. -->","yoast_head_json":{"title":"Michael Meierkort - Livingston International","robots":{"index":"noindex","follow":"follow","max-snippet":"max-snippet:-1","max-image-preview":"max-image-preview:large","max-video-preview":"max-video-preview:-1"},"og_locale":"fr_FR","og_type":"article","og_title":"Michael Meierkort - Livingston International","og_description":"Michael Meierkort Pr\u00e9sident, solutions de transit international et de transport Michael Meierkort est entr\u00e9 chez Livingston en ao\u00fbt 2016 comme pr\u00e9sident, solutions de transit international et de transport, responsable de la croissance strat\u00e9gique et de la gestion des offres de transport de Livingston. Il a \u00e9t\u00e9 nomm\u00e9 pour augmenter la notori\u00e9t\u00e9 des offres de transport... Read more &raquo;","og_url":"https:\/\/staging.livingstonintl.com\/fr\/a-propos-de-nous\/executive-team\/michael-meierkort\/","og_site_name":"Livingston International","article_publisher":"https:\/\/www.facebook.com\/livingstoninternational","article_modified_time":"2017-06-12T19:26:11+00:00","twitter_misc":{"Dur\u00e9e de lecture estim\u00e9e":"2 minutes"},"schema":{"@context":"https:\/\/schema.org","@graph":[{"@type":"WebPage","@id":"https:\/\/staging.livingstonintl.com\/fr\/a-propos-de-nous\/executive-team\/michael-meierkort\/","url":"https:\/\/staging.livingstonintl.com\/fr\/a-propos-de-nous\/executive-team\/michael-meierkort\/","name":"Michael Meierkort - Livingston International","isPartOf":{"@id":"https:\/\/staging.livingstonintl.com\/fr\/#website"},"datePublished":"2016-10-28T13:43:14+00:00","dateModified":"2017-06-12T19:26:11+00:00","breadcrumb":{"@id":"https:\/\/staging.livingstonintl.com\/fr\/a-propos-de-nous\/executive-team\/michael-meierkort\/#breadcrumb"},"inLanguage":"fr-FR","potentialAction":[{"@type":"ReadAction","target":["https:\/\/staging.livingstonintl.com\/fr\/a-propos-de-nous\/executive-team\/michael-meierkort\/"]}]},{"@type":"BreadcrumbList","@id":"https:\/\/staging.livingstonintl.com\/fr\/a-propos-de-nous\/executive-team\/michael-meierkort\/#breadcrumb","itemListElement":[{"@type":"ListItem","position":1,"name":"Accueil","item":"https:\/\/staging.livingstonintl.com\/fr\/"},{"@type":"ListItem","position":2,"name":"\u00c0 propos de nous","item":"https:\/\/staging.livingstonintl.com\/fr\/a-propos-de-nous\/"},{"@type":"ListItem","position":3,"name":"Direction","item":"https:\/\/staging.livingstonintl.com\/fr\/a-propos-de-nous\/executive-team\/"},{"@type":"ListItem","position":4,"name":"Michael Meierkort"}]},{"@type":"WebSite","@id":"https:\/\/staging.livingstonintl.com\/fr\/#website","url":"https:\/\/staging.livingstonintl.com\/fr\/","name":"Livingston International","description":"Simplify Trade","potentialAction":[{"@type":"SearchAction","target":{"@type":"EntryPoint","urlTemplate":"https:\/\/staging.livingstonintl.com\/fr\/?s={search_term_string}"},"query-input":{"@type":"PropertyValueSpecification","valueRequired":true,"valueName":"search_term_string"}}],"inLanguage":"fr-FR"}]}},"_links":{"self":[{"href":"https:\/\/staging.livingstonintl.com\/fr\/wp-json\/wp\/v2\/pages\/33845","targetHints":{"allow":["GET"]}}],"collection":[{"href":"https:\/\/staging.livingstonintl.com\/fr\/wp-json\/wp\/v2\/pages"}],"about":[{"href":"https:\/\/staging.livingstonintl.com\/fr\/wp-json\/wp\/v2\/types\/page"}],"author":[{"embeddable":true,"href":"https:\/\/staging.livingstonintl.com\/fr\/wp-json\/wp\/v2\/users\/36"}],"replies":[{"embeddable":true,"href":"https:\/\/staging.livingstonintl.com\/fr\/wp-json\/wp\/v2\/comments?post=33845"}],"version-history":[{"count":0,"href":"https:\/\/staging.livingstonintl.com\/fr\/wp-json\/wp\/v2\/pages\/33845\/revisions"}],"up":[{"embeddable":true,"href":"https:\/\/staging.livingstonintl.com\/fr\/wp-json\/wp\/v2\/pages\/354"}],"wp:attachment":[{"href":"https:\/\/staging.livingstonintl.com\/fr\/wp-json\/wp\/v2\/media?parent=33845"}],"curies":[{"name":"wp","href":"https:\/\/api.w.org\/{rel}","templated":true}]}}