{"id":33570,"date":"2015-08-18T20:15:44","date_gmt":"2015-08-18T20:15:44","guid":{"rendered":"http:\/\/livingston-new.dev\/fr\/?page_id=33570"},"modified":"2020-12-23T20:15:30","modified_gmt":"2020-12-24T01:15:30","slug":"tradesphere-restricted-party-screening-rps","status":"publish","type":"page","link":"https:\/\/staging.livingstonintl.com\/fr\/services-fr\/tradesphere\/tradesphere-restricted-party-screening-rps\/","title":{"rendered":"Filtrage des parties et entit\u00e9s assujetties \u00e0 des restrictions"},"content":{"rendered":"<h1><span class=\"blue\">Tradesphere\u00ae<\/span> <span class=\"orange\">(Restricted Party Screening, RPS)<\/span><\/h1>\n<p>La conformit\u00e9 r\u00e9glementaire implique de savoir avec qui vous faites affaire. De nombreux gouvernements interdisent le commerce avec des joueurs ou des organisations figurant sur la liste noire. Notre solution logicielle les identifie rapidement.<\/p>\n","protected":false},"excerpt":{"rendered":"<p>Filtrez rapidement les parties refus\u00e9es sur plus de 100 listes publi\u00e9es par divers gouvernements gr\u00e2ce \u00e0 notre portail simple \u00e0 utiliser.<\/p>\n","protected":false},"author":36,"featured_media":27525,"parent":99,"menu_order":366,"comment_status":"closed","ping_status":"closed","template":"template-retired\/page-default-child.php","meta":{"_acf_changed":false,"footnotes":""},"class_list":["post-33570","page","type-page","status-publish","has-post-thumbnail","hentry"],"acf":[],"yoast_head":"<!-- This site is optimized with the Yoast SEO plugin v26.8 - https:\/\/yoast.com\/product\/yoast-seo-wordpress\/ -->\n<title>Filtrage des parties et entit\u00e9s assujetties \u00e0 des restrictions - Livingston International<\/title>\n<meta name=\"robots\" content=\"noindex, follow, max-snippet:-1, max-image-preview:large, max-video-preview:-1\" \/>\n<meta property=\"og:locale\" content=\"fr_FR\" \/>\n<meta property=\"og:type\" content=\"article\" \/>\n<meta property=\"og:title\" content=\"Filtrage des parties et entit\u00e9s assujetties \u00e0 des restrictions - Livingston International\" \/>\n<meta property=\"og:description\" content=\"Filtrez rapidement les parties refus\u00e9es sur plus de 100 listes publi\u00e9es par divers gouvernements gr\u00e2ce \u00e0 notre portail simple \u00e0 utiliser.\" \/>\n<meta property=\"og:url\" content=\"https:\/\/staging.livingstonintl.com\/fr\/services-fr\/tradesphere\/tradesphere-restricted-party-screening-rps\/\" \/>\n<meta property=\"og:site_name\" content=\"Livingston International\" \/>\n<meta property=\"article:publisher\" content=\"https:\/\/www.facebook.com\/livingstoninternational\" \/>\n<meta property=\"article:modified_time\" content=\"2020-12-24T01:15:30+00:00\" \/>\n<script type=\"application\/ld+json\" class=\"yoast-schema-graph\">{\"@context\":\"https:\/\/schema.org\",\"@graph\":[{\"@type\":\"WebPage\",\"@id\":\"https:\/\/staging.livingstonintl.com\/fr\/services-fr\/tradesphere\/tradesphere-restricted-party-screening-rps\/\",\"url\":\"https:\/\/staging.livingstonintl.com\/fr\/services-fr\/tradesphere\/tradesphere-restricted-party-screening-rps\/\",\"name\":\"Filtrage des parties et entit\u00e9s assujetties \u00e0 des restrictions - Livingston International\",\"isPartOf\":{\"@id\":\"https:\/\/staging.livingstonintl.com\/fr\/#website\"},\"primaryImageOfPage\":{\"@id\":\"https:\/\/staging.livingstonintl.com\/fr\/services-fr\/tradesphere\/tradesphere-restricted-party-screening-rps\/#primaryimage\"},\"image\":{\"@id\":\"https:\/\/staging.livingstonintl.com\/fr\/services-fr\/tradesphere\/tradesphere-restricted-party-screening-rps\/#primaryimage\"},\"thumbnailUrl\":\"https:\/\/lii-mkt-content.s3.amazonaws.com\/livingston-content\/uploads\/2015\/08\/25230435\/icon-restricted-party-screening.svg\",\"datePublished\":\"2015-08-18T20:15:44+00:00\",\"dateModified\":\"2020-12-24T01:15:30+00:00\",\"breadcrumb\":{\"@id\":\"https:\/\/staging.livingstonintl.com\/fr\/services-fr\/tradesphere\/tradesphere-restricted-party-screening-rps\/#breadcrumb\"},\"inLanguage\":\"fr-FR\",\"potentialAction\":[{\"@type\":\"ReadAction\",\"target\":[\"https:\/\/staging.livingstonintl.com\/fr\/services-fr\/tradesphere\/tradesphere-restricted-party-screening-rps\/\"]}]},{\"@type\":\"ImageObject\",\"inLanguage\":\"fr-FR\",\"@id\":\"https:\/\/staging.livingstonintl.com\/fr\/services-fr\/tradesphere\/tradesphere-restricted-party-screening-rps\/#primaryimage\",\"url\":\"https:\/\/lii-mkt-content.s3.amazonaws.com\/livingston-content\/uploads\/2015\/08\/25230435\/icon-restricted-party-screening.svg\",\"contentUrl\":\"https:\/\/lii-mkt-content.s3.amazonaws.com\/livingston-content\/uploads\/2015\/08\/25230435\/icon-restricted-party-screening.svg\",\"width\":60,\"height\":60},{\"@type\":\"BreadcrumbList\",\"@id\":\"https:\/\/staging.livingstonintl.com\/fr\/services-fr\/tradesphere\/tradesphere-restricted-party-screening-rps\/#breadcrumb\",\"itemListElement\":[{\"@type\":\"ListItem\",\"position\":1,\"name\":\"Accueil\",\"item\":\"https:\/\/staging.livingstonintl.com\/fr\/\"},{\"@type\":\"ListItem\",\"position\":2,\"name\":\"Services\",\"item\":\"https:\/\/staging.livingstonintl.com\/fr\/services-fr\/\"},{\"@type\":\"ListItem\",\"position\":3,\"name\":\"TradeSphere\u00ae\",\"item\":\"https:\/\/staging.livingstonintl.com\/fr\/services-fr\/tradesphere\/\"},{\"@type\":\"ListItem\",\"position\":4,\"name\":\"Filtrage des parties et entit\u00e9s assujetties \u00e0 des restrictions\"}]},{\"@type\":\"WebSite\",\"@id\":\"https:\/\/staging.livingstonintl.com\/fr\/#website\",\"url\":\"https:\/\/staging.livingstonintl.com\/fr\/\",\"name\":\"Livingston International\",\"description\":\"Simplify Trade\",\"potentialAction\":[{\"@type\":\"SearchAction\",\"target\":{\"@type\":\"EntryPoint\",\"urlTemplate\":\"https:\/\/staging.livingstonintl.com\/fr\/?s={search_term_string}\"},\"query-input\":{\"@type\":\"PropertyValueSpecification\",\"valueRequired\":true,\"valueName\":\"search_term_string\"}}],\"inLanguage\":\"fr-FR\"}]}<\/script>\n<!-- \/ Yoast SEO plugin. -->","yoast_head_json":{"title":"Filtrage des parties et entit\u00e9s assujetties \u00e0 des restrictions - Livingston International","robots":{"index":"noindex","follow":"follow","max-snippet":"max-snippet:-1","max-image-preview":"max-image-preview:large","max-video-preview":"max-video-preview:-1"},"og_locale":"fr_FR","og_type":"article","og_title":"Filtrage des parties et entit\u00e9s assujetties \u00e0 des restrictions - Livingston International","og_description":"Filtrez rapidement les parties refus\u00e9es sur plus de 100 listes publi\u00e9es par divers gouvernements gr\u00e2ce \u00e0 notre portail simple \u00e0 utiliser.","og_url":"https:\/\/staging.livingstonintl.com\/fr\/services-fr\/tradesphere\/tradesphere-restricted-party-screening-rps\/","og_site_name":"Livingston International","article_publisher":"https:\/\/www.facebook.com\/livingstoninternational","article_modified_time":"2020-12-24T01:15:30+00:00","schema":{"@context":"https:\/\/schema.org","@graph":[{"@type":"WebPage","@id":"https:\/\/staging.livingstonintl.com\/fr\/services-fr\/tradesphere\/tradesphere-restricted-party-screening-rps\/","url":"https:\/\/staging.livingstonintl.com\/fr\/services-fr\/tradesphere\/tradesphere-restricted-party-screening-rps\/","name":"Filtrage des parties et entit\u00e9s assujetties \u00e0 des restrictions - Livingston International","isPartOf":{"@id":"https:\/\/staging.livingstonintl.com\/fr\/#website"},"primaryImageOfPage":{"@id":"https:\/\/staging.livingstonintl.com\/fr\/services-fr\/tradesphere\/tradesphere-restricted-party-screening-rps\/#primaryimage"},"image":{"@id":"https:\/\/staging.livingstonintl.com\/fr\/services-fr\/tradesphere\/tradesphere-restricted-party-screening-rps\/#primaryimage"},"thumbnailUrl":"https:\/\/lii-mkt-content.s3.amazonaws.com\/livingston-content\/uploads\/2015\/08\/25230435\/icon-restricted-party-screening.svg","datePublished":"2015-08-18T20:15:44+00:00","dateModified":"2020-12-24T01:15:30+00:00","breadcrumb":{"@id":"https:\/\/staging.livingstonintl.com\/fr\/services-fr\/tradesphere\/tradesphere-restricted-party-screening-rps\/#breadcrumb"},"inLanguage":"fr-FR","potentialAction":[{"@type":"ReadAction","target":["https:\/\/staging.livingstonintl.com\/fr\/services-fr\/tradesphere\/tradesphere-restricted-party-screening-rps\/"]}]},{"@type":"ImageObject","inLanguage":"fr-FR","@id":"https:\/\/staging.livingstonintl.com\/fr\/services-fr\/tradesphere\/tradesphere-restricted-party-screening-rps\/#primaryimage","url":"https:\/\/lii-mkt-content.s3.amazonaws.com\/livingston-content\/uploads\/2015\/08\/25230435\/icon-restricted-party-screening.svg","contentUrl":"https:\/\/lii-mkt-content.s3.amazonaws.com\/livingston-content\/uploads\/2015\/08\/25230435\/icon-restricted-party-screening.svg","width":60,"height":60},{"@type":"BreadcrumbList","@id":"https:\/\/staging.livingstonintl.com\/fr\/services-fr\/tradesphere\/tradesphere-restricted-party-screening-rps\/#breadcrumb","itemListElement":[{"@type":"ListItem","position":1,"name":"Accueil","item":"https:\/\/staging.livingstonintl.com\/fr\/"},{"@type":"ListItem","position":2,"name":"Services","item":"https:\/\/staging.livingstonintl.com\/fr\/services-fr\/"},{"@type":"ListItem","position":3,"name":"TradeSphere\u00ae","item":"https:\/\/staging.livingstonintl.com\/fr\/services-fr\/tradesphere\/"},{"@type":"ListItem","position":4,"name":"Filtrage des parties et entit\u00e9s assujetties \u00e0 des restrictions"}]},{"@type":"WebSite","@id":"https:\/\/staging.livingstonintl.com\/fr\/#website","url":"https:\/\/staging.livingstonintl.com\/fr\/","name":"Livingston International","description":"Simplify Trade","potentialAction":[{"@type":"SearchAction","target":{"@type":"EntryPoint","urlTemplate":"https:\/\/staging.livingstonintl.com\/fr\/?s={search_term_string}"},"query-input":{"@type":"PropertyValueSpecification","valueRequired":true,"valueName":"search_term_string"}}],"inLanguage":"fr-FR"}]}},"_links":{"self":[{"href":"https:\/\/staging.livingstonintl.com\/fr\/wp-json\/wp\/v2\/pages\/33570","targetHints":{"allow":["GET"]}}],"collection":[{"href":"https:\/\/staging.livingstonintl.com\/fr\/wp-json\/wp\/v2\/pages"}],"about":[{"href":"https:\/\/staging.livingstonintl.com\/fr\/wp-json\/wp\/v2\/types\/page"}],"author":[{"embeddable":true,"href":"https:\/\/staging.livingstonintl.com\/fr\/wp-json\/wp\/v2\/users\/36"}],"replies":[{"embeddable":true,"href":"https:\/\/staging.livingstonintl.com\/fr\/wp-json\/wp\/v2\/comments?post=33570"}],"version-history":[{"count":3,"href":"https:\/\/staging.livingstonintl.com\/fr\/wp-json\/wp\/v2\/pages\/33570\/revisions"}],"predecessor-version":[{"id":52816,"href":"https:\/\/staging.livingstonintl.com\/fr\/wp-json\/wp\/v2\/pages\/33570\/revisions\/52816"}],"up":[{"embeddable":true,"href":"https:\/\/staging.livingstonintl.com\/fr\/wp-json\/wp\/v2\/pages\/99"}],"wp:featuredmedia":[{"embeddable":true,"href":"https:\/\/staging.livingstonintl.com\/fr\/wp-json\/wp\/v2\/media\/27525"}],"wp:attachment":[{"href":"https:\/\/staging.livingstonintl.com\/fr\/wp-json\/wp\/v2\/media?parent=33570"}],"curies":[{"name":"wp","href":"https:\/\/api.w.org\/{rel}","templated":true}]}}