{"id":33569,"date":"2015-08-18T20:32:47","date_gmt":"2015-08-18T20:32:47","guid":{"rendered":"http:\/\/livingston-new.dev\/fr\/?page_id=33569"},"modified":"2020-12-23T20:06:17","modified_gmt":"2020-12-24T01:06:17","slug":"tradesphere-importer","status":"publish","type":"page","link":"https:\/\/staging.livingstonintl.com\/fr\/services-fr\/tradesphere\/tradesphere-importer\/","title":{"rendered":"TradeSphere\u00ae Importer"},"content":{"rendered":"<h1><span class=\"blue\">TradeSphere\u00ae<\/span> <span class=\"orange\">Importer<\/span><\/h1>\n<p>Les complexit\u00e9s du commerce international concernent principalement les donn\u00e9es. Elles sont plus nombreuses. Elles doivent \u00eatre exactes et \u00e0 jour. Dans le cas contraire, des retards co\u00fbteux peuvent survenir. TradeSphere Importer automatise vos donn\u00e9es commerciales entrantes pour une communication pr\u00e9cise entre vous, vos partenaires et les douanes.<\/p>\n","protected":false},"excerpt":{"rendered":"<p>Prenez le contr\u00f4le de votre processus d\u2019importation, de la classification au d\u00e9p\u00f4t par le courtier en passant par la liste de v\u00e9rification.<\/p>\n","protected":false},"author":3,"featured_media":27517,"parent":99,"menu_order":363,"comment_status":"closed","ping_status":"closed","template":"template-retired\/page-default-child.php","meta":{"_acf_changed":false,"footnotes":""},"class_list":["post-33569","page","type-page","status-publish","has-post-thumbnail","hentry"],"acf":[],"yoast_head":"<!-- This site is optimized with the Yoast SEO plugin v26.8 - https:\/\/yoast.com\/product\/yoast-seo-wordpress\/ -->\n<title>TradeSphere\u00ae Importer - Livingston International<\/title>\n<meta name=\"robots\" content=\"noindex, follow, max-snippet:-1, max-image-preview:large, max-video-preview:-1\" \/>\n<meta property=\"og:locale\" content=\"fr_FR\" \/>\n<meta property=\"og:type\" content=\"article\" \/>\n<meta property=\"og:title\" content=\"TradeSphere\u00ae Importer - Livingston International\" \/>\n<meta property=\"og:description\" content=\"Prenez le contr\u00f4le de votre processus d\u2019importation, de la classification au d\u00e9p\u00f4t par le courtier en passant par la liste de v\u00e9rification.\" \/>\n<meta property=\"og:url\" content=\"https:\/\/staging.livingstonintl.com\/fr\/services-fr\/tradesphere\/tradesphere-importer\/\" \/>\n<meta property=\"og:site_name\" content=\"Livingston International\" \/>\n<meta property=\"article:publisher\" content=\"https:\/\/www.facebook.com\/livingstoninternational\" \/>\n<meta property=\"article:modified_time\" content=\"2020-12-24T01:06:17+00:00\" \/>\n<script type=\"application\/ld+json\" class=\"yoast-schema-graph\">{\"@context\":\"https:\/\/schema.org\",\"@graph\":[{\"@type\":\"WebPage\",\"@id\":\"https:\/\/staging.livingstonintl.com\/fr\/services-fr\/tradesphere\/tradesphere-importer\/\",\"url\":\"https:\/\/staging.livingstonintl.com\/fr\/services-fr\/tradesphere\/tradesphere-importer\/\",\"name\":\"TradeSphere\u00ae Importer - Livingston International\",\"isPartOf\":{\"@id\":\"https:\/\/staging.livingstonintl.com\/fr\/#website\"},\"primaryImageOfPage\":{\"@id\":\"https:\/\/staging.livingstonintl.com\/fr\/services-fr\/tradesphere\/tradesphere-importer\/#primaryimage\"},\"image\":{\"@id\":\"https:\/\/staging.livingstonintl.com\/fr\/services-fr\/tradesphere\/tradesphere-importer\/#primaryimage\"},\"thumbnailUrl\":\"https:\/\/lii-mkt-content.s3.amazonaws.com\/livingston-content\/uploads\/2015\/08\/25230436\/icon-importer.svg\",\"datePublished\":\"2015-08-18T20:32:47+00:00\",\"dateModified\":\"2020-12-24T01:06:17+00:00\",\"breadcrumb\":{\"@id\":\"https:\/\/staging.livingstonintl.com\/fr\/services-fr\/tradesphere\/tradesphere-importer\/#breadcrumb\"},\"inLanguage\":\"fr-FR\",\"potentialAction\":[{\"@type\":\"ReadAction\",\"target\":[\"https:\/\/staging.livingstonintl.com\/fr\/services-fr\/tradesphere\/tradesphere-importer\/\"]}]},{\"@type\":\"ImageObject\",\"inLanguage\":\"fr-FR\",\"@id\":\"https:\/\/staging.livingstonintl.com\/fr\/services-fr\/tradesphere\/tradesphere-importer\/#primaryimage\",\"url\":\"https:\/\/lii-mkt-content.s3.amazonaws.com\/livingston-content\/uploads\/2015\/08\/25230436\/icon-importer.svg\",\"contentUrl\":\"https:\/\/lii-mkt-content.s3.amazonaws.com\/livingston-content\/uploads\/2015\/08\/25230436\/icon-importer.svg\",\"width\":60,\"height\":60},{\"@type\":\"BreadcrumbList\",\"@id\":\"https:\/\/staging.livingstonintl.com\/fr\/services-fr\/tradesphere\/tradesphere-importer\/#breadcrumb\",\"itemListElement\":[{\"@type\":\"ListItem\",\"position\":1,\"name\":\"Accueil\",\"item\":\"https:\/\/staging.livingstonintl.com\/fr\/\"},{\"@type\":\"ListItem\",\"position\":2,\"name\":\"Services\",\"item\":\"https:\/\/staging.livingstonintl.com\/fr\/services-fr\/\"},{\"@type\":\"ListItem\",\"position\":3,\"name\":\"TradeSphere\u00ae\",\"item\":\"https:\/\/staging.livingstonintl.com\/fr\/services-fr\/tradesphere\/\"},{\"@type\":\"ListItem\",\"position\":4,\"name\":\"TradeSphere\u00ae Importer\"}]},{\"@type\":\"WebSite\",\"@id\":\"https:\/\/staging.livingstonintl.com\/fr\/#website\",\"url\":\"https:\/\/staging.livingstonintl.com\/fr\/\",\"name\":\"Livingston International\",\"description\":\"Simplify Trade\",\"potentialAction\":[{\"@type\":\"SearchAction\",\"target\":{\"@type\":\"EntryPoint\",\"urlTemplate\":\"https:\/\/staging.livingstonintl.com\/fr\/?s={search_term_string}\"},\"query-input\":{\"@type\":\"PropertyValueSpecification\",\"valueRequired\":true,\"valueName\":\"search_term_string\"}}],\"inLanguage\":\"fr-FR\"}]}<\/script>\n<!-- \/ Yoast SEO plugin. -->","yoast_head_json":{"title":"TradeSphere\u00ae Importer - Livingston International","robots":{"index":"noindex","follow":"follow","max-snippet":"max-snippet:-1","max-image-preview":"max-image-preview:large","max-video-preview":"max-video-preview:-1"},"og_locale":"fr_FR","og_type":"article","og_title":"TradeSphere\u00ae Importer - Livingston International","og_description":"Prenez le contr\u00f4le de votre processus d\u2019importation, de la classification au d\u00e9p\u00f4t par le courtier en passant par la liste de v\u00e9rification.","og_url":"https:\/\/staging.livingstonintl.com\/fr\/services-fr\/tradesphere\/tradesphere-importer\/","og_site_name":"Livingston International","article_publisher":"https:\/\/www.facebook.com\/livingstoninternational","article_modified_time":"2020-12-24T01:06:17+00:00","schema":{"@context":"https:\/\/schema.org","@graph":[{"@type":"WebPage","@id":"https:\/\/staging.livingstonintl.com\/fr\/services-fr\/tradesphere\/tradesphere-importer\/","url":"https:\/\/staging.livingstonintl.com\/fr\/services-fr\/tradesphere\/tradesphere-importer\/","name":"TradeSphere\u00ae Importer - Livingston International","isPartOf":{"@id":"https:\/\/staging.livingstonintl.com\/fr\/#website"},"primaryImageOfPage":{"@id":"https:\/\/staging.livingstonintl.com\/fr\/services-fr\/tradesphere\/tradesphere-importer\/#primaryimage"},"image":{"@id":"https:\/\/staging.livingstonintl.com\/fr\/services-fr\/tradesphere\/tradesphere-importer\/#primaryimage"},"thumbnailUrl":"https:\/\/lii-mkt-content.s3.amazonaws.com\/livingston-content\/uploads\/2015\/08\/25230436\/icon-importer.svg","datePublished":"2015-08-18T20:32:47+00:00","dateModified":"2020-12-24T01:06:17+00:00","breadcrumb":{"@id":"https:\/\/staging.livingstonintl.com\/fr\/services-fr\/tradesphere\/tradesphere-importer\/#breadcrumb"},"inLanguage":"fr-FR","potentialAction":[{"@type":"ReadAction","target":["https:\/\/staging.livingstonintl.com\/fr\/services-fr\/tradesphere\/tradesphere-importer\/"]}]},{"@type":"ImageObject","inLanguage":"fr-FR","@id":"https:\/\/staging.livingstonintl.com\/fr\/services-fr\/tradesphere\/tradesphere-importer\/#primaryimage","url":"https:\/\/lii-mkt-content.s3.amazonaws.com\/livingston-content\/uploads\/2015\/08\/25230436\/icon-importer.svg","contentUrl":"https:\/\/lii-mkt-content.s3.amazonaws.com\/livingston-content\/uploads\/2015\/08\/25230436\/icon-importer.svg","width":60,"height":60},{"@type":"BreadcrumbList","@id":"https:\/\/staging.livingstonintl.com\/fr\/services-fr\/tradesphere\/tradesphere-importer\/#breadcrumb","itemListElement":[{"@type":"ListItem","position":1,"name":"Accueil","item":"https:\/\/staging.livingstonintl.com\/fr\/"},{"@type":"ListItem","position":2,"name":"Services","item":"https:\/\/staging.livingstonintl.com\/fr\/services-fr\/"},{"@type":"ListItem","position":3,"name":"TradeSphere\u00ae","item":"https:\/\/staging.livingstonintl.com\/fr\/services-fr\/tradesphere\/"},{"@type":"ListItem","position":4,"name":"TradeSphere\u00ae Importer"}]},{"@type":"WebSite","@id":"https:\/\/staging.livingstonintl.com\/fr\/#website","url":"https:\/\/staging.livingstonintl.com\/fr\/","name":"Livingston International","description":"Simplify Trade","potentialAction":[{"@type":"SearchAction","target":{"@type":"EntryPoint","urlTemplate":"https:\/\/staging.livingstonintl.com\/fr\/?s={search_term_string}"},"query-input":{"@type":"PropertyValueSpecification","valueRequired":true,"valueName":"search_term_string"}}],"inLanguage":"fr-FR"}]}},"_links":{"self":[{"href":"https:\/\/staging.livingstonintl.com\/fr\/wp-json\/wp\/v2\/pages\/33569","targetHints":{"allow":["GET"]}}],"collection":[{"href":"https:\/\/staging.livingstonintl.com\/fr\/wp-json\/wp\/v2\/pages"}],"about":[{"href":"https:\/\/staging.livingstonintl.com\/fr\/wp-json\/wp\/v2\/types\/page"}],"author":[{"embeddable":true,"href":"https:\/\/staging.livingstonintl.com\/fr\/wp-json\/wp\/v2\/users\/3"}],"replies":[{"embeddable":true,"href":"https:\/\/staging.livingstonintl.com\/fr\/wp-json\/wp\/v2\/comments?post=33569"}],"version-history":[{"count":2,"href":"https:\/\/staging.livingstonintl.com\/fr\/wp-json\/wp\/v2\/pages\/33569\/revisions"}],"predecessor-version":[{"id":52813,"href":"https:\/\/staging.livingstonintl.com\/fr\/wp-json\/wp\/v2\/pages\/33569\/revisions\/52813"}],"up":[{"embeddable":true,"href":"https:\/\/staging.livingstonintl.com\/fr\/wp-json\/wp\/v2\/pages\/99"}],"wp:featuredmedia":[{"embeddable":true,"href":"https:\/\/staging.livingstonintl.com\/fr\/wp-json\/wp\/v2\/media\/27517"}],"wp:attachment":[{"href":"https:\/\/staging.livingstonintl.com\/fr\/wp-json\/wp\/v2\/media?parent=33569"}],"curies":[{"name":"wp","href":"https:\/\/api.w.org\/{rel}","templated":true}]}}