{"id":33547,"date":"2015-11-16T18:49:14","date_gmt":"2015-11-16T18:49:14","guid":{"rendered":"http:\/\/livingston-new.dev\/fr\/services-fr\/conseil-en-commerce\/duty-and-tax-recovery-services\/gst-services\/"},"modified":"2016-10-12T17:47:52","modified_gmt":"2016-10-12T17:47:52","slug":"services-de-gestion-de-la-tps","status":"publish","type":"page","link":"https:\/\/staging.livingstonintl.com\/fr\/services-fr\/conseil-en-commerce\/services-de-recouvrement-des-droits-et-des-impots\/services-de-gestion-de-la-tps\/","title":{"rendered":"Services de gestion de la TPS"},"content":{"rendered":"<h1><span class=\"blue\">Services de gestion de la taxe canadienne sur les produits et services (TPS)<\/span><\/h1>\n<p>Les fiscalistes comp\u00e9tents de Livingston offrent des services de gestion de la TPS\/TVH aux importateurs canadiens non-r\u00e9sidents et les aident \u00e0 comprendre comment utiliser les services de facturation directe de la TPS.<\/p>\n<p>Nos services comprennent :<\/p>\n<ul>\n<li>facturation directe de la TPS;<\/li>\n<li>services de gestion de la TPS\/TVH pour les importateurs canadiens non-r\u00e9sidents (INR)<\/li>\n<\/ul>\n<h2>Facturation directe de la TPS<\/h2>\n<p>Les importateurs non-r\u00e9sidents (INR) qui exp\u00e9dient des marchandises au Canada ont souvent beaucoup de difficult\u00e9s \u00e0 naviguer dans le syst\u00e8me fiscal canadien.<\/p>\n<p>Voici comment proc\u00e9der :<\/p>\n<ol>\n<li>Confirmez que votre entreprise n\u2019a pas d\u2019emplacement physique ni d\u2019autre pr\u00e9sence commerciale courante au Canada.<\/li>\n<li>Vous, ou un signataire autoris\u00e9 de votre entreprise, signez un Contrat de service \u00e0 la client\u00e8le de Livingston pour notre service de facturation directe de la TPS.<\/li>\n<li>Vos clients signent un contrat de facturation \u00e0 une tierce partie, dans lequel ils d\u00e9clarent qu\u2019ils paieront la TPS directement \u00e0 Livingston.<\/li>\n<li>Livingston envoie une seule facture de TPS au client, par courriel.<\/li>\n<li>Livingston vous envoie une seule facture pour les frais de service et les droits.<\/li>\n<\/ol>\n<p>Cette solution peut vous aider \u00e0 am\u00e9liorer votre fonds de roulement et \u00e0 vous faire \u00e9conomiser de l\u2019argent en \u00e9liminant l\u2019obligation de d\u00e9poser une caution ou une autre garantie aupr\u00e8s de l\u2019Agence du revenu du Canada, pour 50 pour cent de la taxe annuelle nette per\u00e7ue.<\/p>\n<h2>Services de gestion de la TPS\/TVH pour les importateurs canadiens non-r\u00e9sidents (INR)<\/h2>\n<p>La taxe sur les produits et services (TPS) et la taxe de vente harmonis\u00e9e (TVH) du Canada posent souvent des difficult\u00e9s aux importateurs non-r\u00e9sidents (INR) qui exp\u00e9dient des marchandises au Canada. Beaucoup d\u2019entre eux ne per\u00e7oivent et ne remettent pas convenablement la TPS\/TVH au gouvernement canadien, ce qui les expose \u00e0 des risques financiers. Livingston peut aider votre entreprise \u00e0 mettre en place des modalit\u00e9s efficaces et exactes pour la TPS\/TVH, conform\u00e9ment aux obligations stipul\u00e9es par la loi.<\/p>\n<p>Nos fiscalistes ont aid\u00e9 de nombreuses entreprises \u00e0 \u00e9liminer les paiements de taxes inutiles et \u00e0 recouvrer les paiements exc\u00e9dentaires, de la mani\u00e8re suivante :<\/p>\n<ul>\n<li>Mise au point de modalit\u00e9s efficaces et exactes pour la TPS\/TVH.<\/li>\n<li>Examen des processus existants pour assurer leur conformit\u00e9 aux exigences des lois fiscales sur la TPS\/TVH.<\/li>\n<li>V\u00e9rification de l\u2019exactitude des paiements.<\/li>\n<li>Lorsqu\u2019un recouvrement de paiements exc\u00e9dentaires est possible, sollicitation des remboursements de TPS par notre service de recouvrement des taxes canadiennes \u00e0 la consommation.<\/li>\n<\/ul>\n","protected":false},"excerpt":{"rendered":"<p>Services de gestion de la taxe canadienne sur les produits et services (TPS) Les fiscalistes comp\u00e9tents de Livingston offrent des services de gestion de la TPS\/TVH aux importateurs canadiens non-r\u00e9sidents et les aident \u00e0 comprendre comment utiliser les services de facturation directe de la TPS. Nos services comprennent : facturation directe de la TPS; services<a class=\"excerpt-read-more\" href=\"https:\/\/staging.livingstonintl.com\/fr\/services-fr\/conseil-en-commerce\/services-de-recouvrement-des-droits-et-des-impots\/services-de-gestion-de-la-tps\/\" title=\"ReadServices de gestion de la TPS\">&#8230; Read more &raquo;<\/a><\/p>\n","protected":false},"author":36,"featured_media":0,"parent":154,"menu_order":415,"comment_status":"closed","ping_status":"closed","template":"","meta":{"_acf_changed":false,"footnotes":""},"class_list":["post-33547","page","type-page","status-publish","hentry"],"acf":[],"yoast_head":"<!-- This site is optimized with the Yoast SEO plugin v26.8 - https:\/\/yoast.com\/product\/yoast-seo-wordpress\/ -->\n<title>Services de gestion de la TPS - Livingston International<\/title>\n<meta name=\"robots\" content=\"noindex, follow, max-snippet:-1, max-image-preview:large, max-video-preview:-1\" \/>\n<meta property=\"og:locale\" content=\"fr_FR\" \/>\n<meta property=\"og:type\" content=\"article\" \/>\n<meta property=\"og:title\" content=\"Services de gestion de la TPS - Livingston International\" \/>\n<meta property=\"og:description\" content=\"Services de gestion de la taxe canadienne sur les produits et services (TPS) Les fiscalistes comp\u00e9tents de Livingston offrent des services de gestion de la TPS\/TVH aux importateurs canadiens non-r\u00e9sidents et les aident \u00e0 comprendre comment utiliser les services de facturation directe de la TPS. Nos services comprennent : facturation directe de la TPS; services... Read more &raquo;\" \/>\n<meta property=\"og:url\" content=\"https:\/\/staging.livingstonintl.com\/fr\/services-fr\/conseil-en-commerce\/services-de-recouvrement-des-droits-et-des-impots\/services-de-gestion-de-la-tps\/\" \/>\n<meta property=\"og:site_name\" content=\"Livingston International\" \/>\n<meta property=\"article:publisher\" content=\"https:\/\/www.facebook.com\/livingstoninternational\" \/>\n<meta property=\"article:modified_time\" content=\"2016-10-12T17:47:52+00:00\" \/>\n<meta name=\"twitter:label1\" content=\"Dur\u00e9e de lecture estim\u00e9e\" \/>\n\t<meta name=\"twitter:data1\" content=\"2 minutes\" \/>\n<script type=\"application\/ld+json\" class=\"yoast-schema-graph\">{\"@context\":\"https:\/\/schema.org\",\"@graph\":[{\"@type\":\"WebPage\",\"@id\":\"https:\/\/staging.livingstonintl.com\/fr\/services-fr\/conseil-en-commerce\/services-de-recouvrement-des-droits-et-des-impots\/services-de-gestion-de-la-tps\/\",\"url\":\"https:\/\/staging.livingstonintl.com\/fr\/services-fr\/conseil-en-commerce\/services-de-recouvrement-des-droits-et-des-impots\/services-de-gestion-de-la-tps\/\",\"name\":\"Services de gestion de la TPS - Livingston International\",\"isPartOf\":{\"@id\":\"https:\/\/staging.livingstonintl.com\/fr\/#website\"},\"datePublished\":\"2015-11-16T18:49:14+00:00\",\"dateModified\":\"2016-10-12T17:47:52+00:00\",\"breadcrumb\":{\"@id\":\"https:\/\/staging.livingstonintl.com\/fr\/services-fr\/conseil-en-commerce\/services-de-recouvrement-des-droits-et-des-impots\/services-de-gestion-de-la-tps\/#breadcrumb\"},\"inLanguage\":\"fr-FR\",\"potentialAction\":[{\"@type\":\"ReadAction\",\"target\":[\"https:\/\/staging.livingstonintl.com\/fr\/services-fr\/conseil-en-commerce\/services-de-recouvrement-des-droits-et-des-impots\/services-de-gestion-de-la-tps\/\"]}]},{\"@type\":\"BreadcrumbList\",\"@id\":\"https:\/\/staging.livingstonintl.com\/fr\/services-fr\/conseil-en-commerce\/services-de-recouvrement-des-droits-et-des-impots\/services-de-gestion-de-la-tps\/#breadcrumb\",\"itemListElement\":[{\"@type\":\"ListItem\",\"position\":1,\"name\":\"Accueil\",\"item\":\"https:\/\/staging.livingstonintl.com\/fr\/\"},{\"@type\":\"ListItem\",\"position\":2,\"name\":\"Services\",\"item\":\"https:\/\/staging.livingstonintl.com\/fr\/services-fr\/\"},{\"@type\":\"ListItem\",\"position\":3,\"name\":\"Conseil en commerce\",\"item\":\"https:\/\/staging.livingstonintl.com\/fr\/services-fr\/conseil-en-commerce\/\"},{\"@type\":\"ListItem\",\"position\":4,\"name\":\"Services de recouvrement des droits et taxes\",\"item\":\"https:\/\/staging.livingstonintl.com\/fr\/services-fr\/conseil-en-commerce\/services-de-recouvrement-des-droits-et-des-impots\/\"},{\"@type\":\"ListItem\",\"position\":5,\"name\":\"Services de gestion de la TPS\"}]},{\"@type\":\"WebSite\",\"@id\":\"https:\/\/staging.livingstonintl.com\/fr\/#website\",\"url\":\"https:\/\/staging.livingstonintl.com\/fr\/\",\"name\":\"Livingston International\",\"description\":\"Simplify Trade\",\"potentialAction\":[{\"@type\":\"SearchAction\",\"target\":{\"@type\":\"EntryPoint\",\"urlTemplate\":\"https:\/\/staging.livingstonintl.com\/fr\/?s={search_term_string}\"},\"query-input\":{\"@type\":\"PropertyValueSpecification\",\"valueRequired\":true,\"valueName\":\"search_term_string\"}}],\"inLanguage\":\"fr-FR\"}]}<\/script>\n<!-- \/ Yoast SEO plugin. -->","yoast_head_json":{"title":"Services de gestion de la TPS - Livingston International","robots":{"index":"noindex","follow":"follow","max-snippet":"max-snippet:-1","max-image-preview":"max-image-preview:large","max-video-preview":"max-video-preview:-1"},"og_locale":"fr_FR","og_type":"article","og_title":"Services de gestion de la TPS - Livingston International","og_description":"Services de gestion de la taxe canadienne sur les produits et services (TPS) Les fiscalistes comp\u00e9tents de Livingston offrent des services de gestion de la TPS\/TVH aux importateurs canadiens non-r\u00e9sidents et les aident \u00e0 comprendre comment utiliser les services de facturation directe de la TPS. Nos services comprennent : facturation directe de la TPS; services... Read more &raquo;","og_url":"https:\/\/staging.livingstonintl.com\/fr\/services-fr\/conseil-en-commerce\/services-de-recouvrement-des-droits-et-des-impots\/services-de-gestion-de-la-tps\/","og_site_name":"Livingston International","article_publisher":"https:\/\/www.facebook.com\/livingstoninternational","article_modified_time":"2016-10-12T17:47:52+00:00","twitter_misc":{"Dur\u00e9e de lecture estim\u00e9e":"2 minutes"},"schema":{"@context":"https:\/\/schema.org","@graph":[{"@type":"WebPage","@id":"https:\/\/staging.livingstonintl.com\/fr\/services-fr\/conseil-en-commerce\/services-de-recouvrement-des-droits-et-des-impots\/services-de-gestion-de-la-tps\/","url":"https:\/\/staging.livingstonintl.com\/fr\/services-fr\/conseil-en-commerce\/services-de-recouvrement-des-droits-et-des-impots\/services-de-gestion-de-la-tps\/","name":"Services de gestion de la TPS - Livingston International","isPartOf":{"@id":"https:\/\/staging.livingstonintl.com\/fr\/#website"},"datePublished":"2015-11-16T18:49:14+00:00","dateModified":"2016-10-12T17:47:52+00:00","breadcrumb":{"@id":"https:\/\/staging.livingstonintl.com\/fr\/services-fr\/conseil-en-commerce\/services-de-recouvrement-des-droits-et-des-impots\/services-de-gestion-de-la-tps\/#breadcrumb"},"inLanguage":"fr-FR","potentialAction":[{"@type":"ReadAction","target":["https:\/\/staging.livingstonintl.com\/fr\/services-fr\/conseil-en-commerce\/services-de-recouvrement-des-droits-et-des-impots\/services-de-gestion-de-la-tps\/"]}]},{"@type":"BreadcrumbList","@id":"https:\/\/staging.livingstonintl.com\/fr\/services-fr\/conseil-en-commerce\/services-de-recouvrement-des-droits-et-des-impots\/services-de-gestion-de-la-tps\/#breadcrumb","itemListElement":[{"@type":"ListItem","position":1,"name":"Accueil","item":"https:\/\/staging.livingstonintl.com\/fr\/"},{"@type":"ListItem","position":2,"name":"Services","item":"https:\/\/staging.livingstonintl.com\/fr\/services-fr\/"},{"@type":"ListItem","position":3,"name":"Conseil en commerce","item":"https:\/\/staging.livingstonintl.com\/fr\/services-fr\/conseil-en-commerce\/"},{"@type":"ListItem","position":4,"name":"Services de recouvrement des droits et taxes","item":"https:\/\/staging.livingstonintl.com\/fr\/services-fr\/conseil-en-commerce\/services-de-recouvrement-des-droits-et-des-impots\/"},{"@type":"ListItem","position":5,"name":"Services de gestion de la TPS"}]},{"@type":"WebSite","@id":"https:\/\/staging.livingstonintl.com\/fr\/#website","url":"https:\/\/staging.livingstonintl.com\/fr\/","name":"Livingston International","description":"Simplify Trade","potentialAction":[{"@type":"SearchAction","target":{"@type":"EntryPoint","urlTemplate":"https:\/\/staging.livingstonintl.com\/fr\/?s={search_term_string}"},"query-input":{"@type":"PropertyValueSpecification","valueRequired":true,"valueName":"search_term_string"}}],"inLanguage":"fr-FR"}]}},"_links":{"self":[{"href":"https:\/\/staging.livingstonintl.com\/fr\/wp-json\/wp\/v2\/pages\/33547","targetHints":{"allow":["GET"]}}],"collection":[{"href":"https:\/\/staging.livingstonintl.com\/fr\/wp-json\/wp\/v2\/pages"}],"about":[{"href":"https:\/\/staging.livingstonintl.com\/fr\/wp-json\/wp\/v2\/types\/page"}],"author":[{"embeddable":true,"href":"https:\/\/staging.livingstonintl.com\/fr\/wp-json\/wp\/v2\/users\/36"}],"replies":[{"embeddable":true,"href":"https:\/\/staging.livingstonintl.com\/fr\/wp-json\/wp\/v2\/comments?post=33547"}],"version-history":[{"count":0,"href":"https:\/\/staging.livingstonintl.com\/fr\/wp-json\/wp\/v2\/pages\/33547\/revisions"}],"up":[{"embeddable":true,"href":"https:\/\/staging.livingstonintl.com\/fr\/wp-json\/wp\/v2\/pages\/154"}],"wp:attachment":[{"href":"https:\/\/staging.livingstonintl.com\/fr\/wp-json\/wp\/v2\/media?parent=33547"}],"curies":[{"name":"wp","href":"https:\/\/api.w.org\/{rel}","templated":true}]}}