{"id":30243,"date":"2016-01-06T15:58:09","date_gmt":"2016-01-06T15:58:09","guid":{"rendered":"\/fr\/?page_id=30243"},"modified":"2019-09-30T07:36:27","modified_gmt":"2019-09-30T11:36:27","slug":"acia","status":"publish","type":"page","link":"https:\/\/staging.livingstonintl.com\/fr\/acia\/","title":{"rendered":"Programme de modernisation de l\u2019ACIA et son impact sur les importateurs"},"content":{"rendered":"<p><img loading=\"lazy\" decoding=\"async\" class=\"alignnone wp-image-33036 size-full\" style=\"margin-bottom: 20px;\" src=\"\/livingston-content\/uploads\/2016\/07\/CFIA-food-header.jpg\" alt=\"\" width=\"700\" height=\"250\" srcset=\"https:\/\/lii-mkt-content.s3.amazonaws.com\/livingston-content\/uploads\/2016\/07\/25230227\/CFIA-food-header.jpg 700w, https:\/\/lii-mkt-content.s3.amazonaws.com\/livingston-content\/uploads\/2016\/07\/25230227\/CFIA-food-header-300x107.jpg 300w\" sizes=\"auto, (max-width: 700px) 100vw, 700px\" \/><\/p>\n<h6 style=\"font-size: 22px; line-height: 26px;\">Dans la foul\u00e9e de la nouvelle <a href=\"http:\/\/laws-lois.justice.gc.ca\/fra\/lois\/S-1.1\/index.html\" target=\"_blank\" rel=\"noopener noreferrer\">Loi sur la salubrit\u00e9 des aliments au Canada<\/a>, l\u2019Agence canadienne d\u2019inspection des aliments (ACIA) a adopt\u00e9 un programme de changement et de modernisation visant la mise en place de r\u00e8gles plus rigoureuses en mati\u00e8re de salubrit\u00e9 alimentaire, des inspections plus efficaces, un engagement en mati\u00e8re de service et plus d\u2019informations claires \u00e0 l\u2019intention des consommateurs.<\/h6>\n<p>La Loi sur la salubrit\u00e9 des aliments au Canada est la pierre angulaire du programme de changement de l\u2019ACIA qui pr\u00e9conise une meilleure salubrit\u00e9 des aliments et une protection accrue, afin de prot\u00e9ger la sant\u00e9 et la s\u00e9curit\u00e9 des Canadiens et de rendre les entreprises canadiennes plus concurrentielles \u00e0 l\u2019\u00e9chelle mondiale. Les principales initiatives du programme de changement incluent :<\/p>\n<ul style=\"margin-bottom: 20px;\">\n<li>la modernisation des inspections;<\/li>\n<li>la modernisation de la r\u00e9glementation des aliments;<\/li>\n<li>un syst\u00e8me de d\u00e9livrance de licences d\u2019importation du Plan d\u2019action pour assurer la s\u00e9curit\u00e9 des produits alimentaires;<\/li>\n<li>la promotion de la conformit\u00e9;<\/li>\n<li>la modernisation de l\u2019\u00e9tiquetage des aliments.<\/li>\n<\/ul>\n<p>Consultez la documentation en dix parties que nous avons pr\u00e9par\u00e9e sur l\u2019incidence de l\u2019initiative de modernisation de l\u2019ACIA sur les importateurs :<\/p>\n<ul>\n<li><a href=\"\/livingston-content\/uploads\/2018\/06\/CFIA-PART-1-Present-and-Future-FR-2017.11.23.pdf\">1re partie \u2013 Le pr\u00e9sent et le futur<\/a><\/li>\n<li><a href=\"\/livingston-content\/uploads\/2018\/06\/CFIA-PART-2-License-FR-2017.11.29.pdf\">2e partie \u2013 L\u2019octroi de licences<\/a><\/li>\n<li><a href=\"\/livingston-content\/uploads\/2018\/06\/CFIA-PART-3-Traceabilty-FR-2017.11.23.pdf\">3e partie \u2013 La tra\u00e7abilit\u00e9<\/a><\/li>\n<li><a href=\"\/livingston-content\/uploads\/2018\/06\/CFIA-PART-4-PCP-FR-2017.11.23.pdf\">4e partie \u2013 Le Plan de contr\u00f4le pr\u00e9ventif (PCP)<\/a><\/li>\n<li><a href=\"\/livingston-content\/uploads\/2018\/06\/CFIA-PART-5-Timelines-FR-2017.11.23.pdf\">5e partie \u2013 Le calendrier d\u2019implantation<\/a><\/li>\n<li><a href=\"\/livingston-content\/uploads\/2018\/06\/CFIA-PART-6-Labelling-FR-2017.11.23.pdf\">6e partie &#8211; L\u2019\u00e9tiquetage des aliments<\/a><\/li>\n<li><a href=\"\/livingston-content\/uploads\/2018\/03\/CFIA-PART-7-NRI-Food-Importer-FR-2018.02.28.pdf\" target=\"_blank\" rel=\"noopener noreferrer\">7e partie &#8211;\u00a0INR de produits alimentaires\u00a0<\/a><\/li>\n<li><a href=\"\/livingston-content\/uploads\/2018\/06\/CFIA-PART-8-Exemptions-FR-2018.05.22.pdf\" target=\"_blank\" rel=\"noopener noreferrer\">8e partie &#8211; Exemptions et exceptions \u00e0 l&rsquo;heure actuelle et \u00e0 l&rsquo;avenir<br \/>\n<\/a><\/li>\n<li><a href=\"\/livingston-content\/uploads\/2018\/06\/CFIA-PART-9-MyCFIA-Services-FR-2018.06.18.pdf\" target=\"_blank\" rel=\"noopener noreferrer\">9e partie &#8211; Obtenir des licences, des permis, des certificats et des exemptions minist\u00e9rielles<br \/>\n<\/a><\/li>\n<li><a href=\"\/livingston-content\/uploads\/2018\/09\/CFIA-PART-10-Timetable-by-food-sector-FR-2018.09.12.pdf\" target=\"_blank\" rel=\"noopener noreferrer\">10e partie &#8211; \u00c9ch\u00e9ancier par secteur des aliments<\/a><\/li>\n<\/ul>\n<p>Livingston est en train d\u2019analyser le Projet de r\u00e8glement pour le secteur des aliments import\u00e9s ainsi que les programmes de modernisation des inspections et de l\u2019\u00e9tiquetage des aliments, pour comprendre leur impact potentiel sur ses clients. Au cours des prochains mois, nous mettrons \u00e0 jour r\u00e9guli\u00e8rement notre site web d\u00e8s que nous aurons des nouvelles des changements \u00e0 venir et de leur influence \u00e9ventuelle sur vos affaires.<\/p>\n<h2>Entr\u00e9e en vigueur du plan de l\u2019ACIA<\/h2>\n<table border=\"0\" width=\"100%\" cellspacing=\"0\" cellpadding=\"0\">\n<tbody>\n<tr>\n<td align=\"left\" valign=\"bottom\"><\/td>\n<td align=\"center\" valign=\"top\"><\/td>\n<td align=\"center\" valign=\"top\"><strong>Secteur enregistr\u00e9*<\/strong><\/td>\n<td align=\"center\" valign=\"top\"><strong>Fruits et l\u00e9gumes frais<\/strong><\/td>\n<td align=\"center\" valign=\"top\"><strong>Non enregistr\u00e9*<\/strong><\/td>\n<\/tr>\n<tr>\n<td align=\"left\" valign=\"middle\"><strong>Licence f\u00e9d\u00e9rale<\/strong><br \/>\n<strong> de l\u2019ACIA<\/strong><\/td>\n<td align=\"left\" valign=\"middle\"><\/td>\n<td align=\"center\" valign=\"middle\">15 janvier 2019<\/td>\n<td align=\"center\" valign=\"middle\">15 janvier 2019<\/td>\n<td align=\"center\" valign=\"middle\">15 juillet 2020<\/td>\n<\/tr>\n<tr>\n<td align=\"left\" valign=\"middle\"><strong>Plan de contr\u00f4le<\/strong><br \/>\n<strong> pr\u00e9ventif<\/strong><\/td>\n<td align=\"left\" valign=\"middle\"><\/td>\n<td align=\"center\" valign=\"middle\">15 janvier 2019<\/td>\n<td align=\"center\" valign=\"middle\">15 janvier 2020<\/td>\n<td align=\"center\" valign=\"middle\">15 juillet 2020<\/td>\n<\/tr>\n<tr>\n<td align=\"left\" valign=\"middle\"><\/td>\n<td align=\"left\" valign=\"middle\"><\/td>\n<td style=\"padding: 10px;\" align=\"center\" valign=\"middle\">\u2013 Changements minimes pour le secteur<\/td>\n<td style=\"padding: 10px;\" align=\"center\" valign=\"middle\">\u2013 Aucun article de fond quant \u00e0 la salubrit\u00e9 des aliments; les r\u00e8gles de la FDA s\u2019appliquent<\/td>\n<td style=\"padding: 10px;\" align=\"center\" valign=\"middle\">\u2013 Majeure partie des changements que le secteur rencontre; les r\u00e8gles de la FDA s\u2019appliquent<\/td>\n<\/tr>\n<\/tbody>\n<\/table>\n<p>* Comprend de nouvelles exigences en ce qui a trait \u00e0 l\u2019exportation de ces produits.<\/p>\n<h1>AVIS<\/h1>\n<p>Le R\u00e8glement sur la salubrit\u00e9 des aliments au Canada (RSAC) entrera en vigueur le 15 janvier 2019. L&rsquo;ACIA a organis\u00e9 une s\u00e9rie de <a href=\"https:\/\/protect-us.mimecast.com\/s\/PKMyCxkyoLiRBlrNfRTcja?domain=inspection.gc.ca\">webinaires sur le RSAC<\/a> afin d&rsquo;aider les entreprises alimentaires et les associations de l&rsquo;industrie \u00e0 s&rsquo;y pr\u00e9parer.<\/p>\n<p>Le <a href=\"https:\/\/protect-us.mimecast.com\/s\/WP20CyPzp2c2J19VcAYvHM?domain=inspection.gc.ca\">webinaire pr\u00e9enregistr\u00e9<\/a> est d\u00e9sormais en ligne si vous n&rsquo;avez pas \u00e9t\u00e9 en mesure de vous joindre \u00e0 l&rsquo;une de nos r\u00e9centes s\u00e9ances en direct.<\/p>\n<p>Le webinaire de 37 minutes pr\u00e9sente un aper\u00e7u des principaux \u00e9l\u00e9ments du <a href=\"https:\/\/protect-us.mimecast.com\/s\/k4jkCzpAqYTwn1JVFBrwoE?domain=inspection.gc.ca\">RSAC<\/a> et de <a href=\"https:\/\/protect-us.mimecast.com\/s\/qlZ0CADr8KTlVQ7qSOJDLS?domain=inspection.gc.ca\">Mon ACIA<\/a>. La s\u00e9ance porte notamment sur les \u00e9ch\u00e9anciers importants relativement \u00e0 l&rsquo;entr\u00e9e en vigueur et pr\u00e9sente des renseignements sur les activit\u00e9s en cours de l&rsquo;ACIA en pr\u00e9paration de la mise en \u0153uvre du R\u00e8glement.<\/p>\n<p>Veuillez consulter la page Web du <a href=\"https:\/\/protect-us.mimecast.com\/s\/k4jkCzpAqYTwn1JVFBrwoE?domain=inspection.gc.ca\">R\u00e8glement sur la salubrit\u00e9 des aliments au Canada<\/a> pour en apprendre davantage.<\/p>\n","protected":false},"excerpt":{"rendered":"<p>Dans la foul\u00e9e de la nouvelle Loi sur la salubrit\u00e9 des aliments au Canada, l\u2019Agence canadienne d\u2019inspection des aliments (ACIA) a adopt\u00e9 un programme de changement et de modernisation visant la mise en place de r\u00e8gles plus rigoureuses en mati\u00e8re de salubrit\u00e9 alimentaire, des inspections plus efficaces, un engagement en mati\u00e8re de service et plus<a class=\"excerpt-read-more\" href=\"https:\/\/staging.livingstonintl.com\/fr\/acia\/\" title=\"ReadProgramme de modernisation de l\u2019ACIA et son impact sur les importateurs\">&#8230; Read more &raquo;<\/a><\/p>\n","protected":false},"author":36,"featured_media":0,"parent":0,"menu_order":146,"comment_status":"closed","ping_status":"closed","template":"template-retired\/page-landing-withsidebar.php","meta":{"_acf_changed":false,"footnotes":""},"class_list":["post-30243","page","type-page","status-publish","hentry"],"acf":[],"yoast_head":"<!-- This site is optimized with the Yoast SEO plugin v26.8 - https:\/\/yoast.com\/product\/yoast-seo-wordpress\/ -->\n<title>Programme de modernisation de l\u2019ACIA et son impact sur les importateurs - Livingston International<\/title>\n<meta name=\"robots\" content=\"noindex, follow, max-snippet:-1, max-image-preview:large, max-video-preview:-1\" \/>\n<meta property=\"og:locale\" content=\"fr_FR\" \/>\n<meta property=\"og:type\" content=\"article\" \/>\n<meta property=\"og:title\" content=\"Programme de modernisation de l\u2019ACIA et son impact sur les importateurs - Livingston International\" \/>\n<meta property=\"og:description\" content=\"Dans la foul\u00e9e de la nouvelle Loi sur la salubrit\u00e9 des aliments au Canada, l\u2019Agence canadienne d\u2019inspection des aliments (ACIA) a adopt\u00e9 un programme de changement et de modernisation visant la mise en place de r\u00e8gles plus rigoureuses en mati\u00e8re de salubrit\u00e9 alimentaire, des inspections plus efficaces, un engagement en mati\u00e8re de service et plus... Read more &raquo;\" \/>\n<meta property=\"og:url\" content=\"https:\/\/staging.livingstonintl.com\/fr\/acia\/\" \/>\n<meta property=\"og:site_name\" content=\"Livingston International\" \/>\n<meta property=\"article:publisher\" content=\"https:\/\/www.facebook.com\/livingstoninternational\" \/>\n<meta property=\"article:modified_time\" content=\"2019-09-30T11:36:27+00:00\" \/>\n<meta name=\"twitter:label1\" content=\"Dur\u00e9e de lecture estim\u00e9e\" \/>\n\t<meta name=\"twitter:data1\" content=\"3 minutes\" \/>\n<script type=\"application\/ld+json\" class=\"yoast-schema-graph\">{\"@context\":\"https:\/\/schema.org\",\"@graph\":[{\"@type\":\"WebPage\",\"@id\":\"https:\/\/staging.livingstonintl.com\/fr\/acia\/\",\"url\":\"https:\/\/staging.livingstonintl.com\/fr\/acia\/\",\"name\":\"Programme de modernisation de l\u2019ACIA et son impact sur les importateurs - Livingston International\",\"isPartOf\":{\"@id\":\"https:\/\/staging.livingstonintl.com\/fr\/#website\"},\"datePublished\":\"2016-01-06T15:58:09+00:00\",\"dateModified\":\"2019-09-30T11:36:27+00:00\",\"breadcrumb\":{\"@id\":\"https:\/\/staging.livingstonintl.com\/fr\/acia\/#breadcrumb\"},\"inLanguage\":\"fr-FR\",\"potentialAction\":[{\"@type\":\"ReadAction\",\"target\":[\"https:\/\/staging.livingstonintl.com\/fr\/acia\/\"]}]},{\"@type\":\"BreadcrumbList\",\"@id\":\"https:\/\/staging.livingstonintl.com\/fr\/acia\/#breadcrumb\",\"itemListElement\":[{\"@type\":\"ListItem\",\"position\":1,\"name\":\"Accueil\",\"item\":\"https:\/\/staging.livingstonintl.com\/fr\/\"},{\"@type\":\"ListItem\",\"position\":2,\"name\":\"Programme de modernisation de l\u2019ACIA et son impact sur les importateurs\"}]},{\"@type\":\"WebSite\",\"@id\":\"https:\/\/staging.livingstonintl.com\/fr\/#website\",\"url\":\"https:\/\/staging.livingstonintl.com\/fr\/\",\"name\":\"Livingston International\",\"description\":\"Simplify Trade\",\"potentialAction\":[{\"@type\":\"SearchAction\",\"target\":{\"@type\":\"EntryPoint\",\"urlTemplate\":\"https:\/\/staging.livingstonintl.com\/fr\/?s={search_term_string}\"},\"query-input\":{\"@type\":\"PropertyValueSpecification\",\"valueRequired\":true,\"valueName\":\"search_term_string\"}}],\"inLanguage\":\"fr-FR\"}]}<\/script>\n<!-- \/ Yoast SEO plugin. -->","yoast_head_json":{"title":"Programme de modernisation de l\u2019ACIA et son impact sur les importateurs - Livingston International","robots":{"index":"noindex","follow":"follow","max-snippet":"max-snippet:-1","max-image-preview":"max-image-preview:large","max-video-preview":"max-video-preview:-1"},"og_locale":"fr_FR","og_type":"article","og_title":"Programme de modernisation de l\u2019ACIA et son impact sur les importateurs - Livingston International","og_description":"Dans la foul\u00e9e de la nouvelle Loi sur la salubrit\u00e9 des aliments au Canada, l\u2019Agence canadienne d\u2019inspection des aliments (ACIA) a adopt\u00e9 un programme de changement et de modernisation visant la mise en place de r\u00e8gles plus rigoureuses en mati\u00e8re de salubrit\u00e9 alimentaire, des inspections plus efficaces, un engagement en mati\u00e8re de service et plus... Read more &raquo;","og_url":"https:\/\/staging.livingstonintl.com\/fr\/acia\/","og_site_name":"Livingston International","article_publisher":"https:\/\/www.facebook.com\/livingstoninternational","article_modified_time":"2019-09-30T11:36:27+00:00","twitter_misc":{"Dur\u00e9e de lecture estim\u00e9e":"3 minutes"},"schema":{"@context":"https:\/\/schema.org","@graph":[{"@type":"WebPage","@id":"https:\/\/staging.livingstonintl.com\/fr\/acia\/","url":"https:\/\/staging.livingstonintl.com\/fr\/acia\/","name":"Programme de modernisation de l\u2019ACIA et son impact sur les importateurs - Livingston International","isPartOf":{"@id":"https:\/\/staging.livingstonintl.com\/fr\/#website"},"datePublished":"2016-01-06T15:58:09+00:00","dateModified":"2019-09-30T11:36:27+00:00","breadcrumb":{"@id":"https:\/\/staging.livingstonintl.com\/fr\/acia\/#breadcrumb"},"inLanguage":"fr-FR","potentialAction":[{"@type":"ReadAction","target":["https:\/\/staging.livingstonintl.com\/fr\/acia\/"]}]},{"@type":"BreadcrumbList","@id":"https:\/\/staging.livingstonintl.com\/fr\/acia\/#breadcrumb","itemListElement":[{"@type":"ListItem","position":1,"name":"Accueil","item":"https:\/\/staging.livingstonintl.com\/fr\/"},{"@type":"ListItem","position":2,"name":"Programme de modernisation de l\u2019ACIA et son impact sur les importateurs"}]},{"@type":"WebSite","@id":"https:\/\/staging.livingstonintl.com\/fr\/#website","url":"https:\/\/staging.livingstonintl.com\/fr\/","name":"Livingston International","description":"Simplify Trade","potentialAction":[{"@type":"SearchAction","target":{"@type":"EntryPoint","urlTemplate":"https:\/\/staging.livingstonintl.com\/fr\/?s={search_term_string}"},"query-input":{"@type":"PropertyValueSpecification","valueRequired":true,"valueName":"search_term_string"}}],"inLanguage":"fr-FR"}]}},"_links":{"self":[{"href":"https:\/\/staging.livingstonintl.com\/fr\/wp-json\/wp\/v2\/pages\/30243","targetHints":{"allow":["GET"]}}],"collection":[{"href":"https:\/\/staging.livingstonintl.com\/fr\/wp-json\/wp\/v2\/pages"}],"about":[{"href":"https:\/\/staging.livingstonintl.com\/fr\/wp-json\/wp\/v2\/types\/page"}],"author":[{"embeddable":true,"href":"https:\/\/staging.livingstonintl.com\/fr\/wp-json\/wp\/v2\/users\/36"}],"replies":[{"embeddable":true,"href":"https:\/\/staging.livingstonintl.com\/fr\/wp-json\/wp\/v2\/comments?post=30243"}],"version-history":[{"count":0,"href":"https:\/\/staging.livingstonintl.com\/fr\/wp-json\/wp\/v2\/pages\/30243\/revisions"}],"wp:attachment":[{"href":"https:\/\/staging.livingstonintl.com\/fr\/wp-json\/wp\/v2\/media?parent=30243"}],"curies":[{"name":"wp","href":"https:\/\/api.w.org\/{rel}","templated":true}]}}