{"id":29812,"date":"2015-12-15T16:31:55","date_gmt":"2015-12-15T16:31:55","guid":{"rendered":"\/fr\/?page_id=29812"},"modified":"2015-12-15T16:31:55","modified_gmt":"2015-12-15T16:31:55","slug":"pat-stanghieri","status":"publish","type":"page","link":"https:\/\/staging.livingstonintl.com\/fr\/a-propos-de-nous\/executive-team\/pat-stanghieri\/","title":{"rendered":"Pat Stanghieri"},"content":{"rendered":"<p><strong>Pat Stanghieri<\/strong><br \/>\nVice-pr\u00e9sident, marketing<\/p>\n<p><img loading=\"lazy\" decoding=\"async\" class=\"alignleft wp-image-28354 size-full\" src=\"\/livingston-content\/uploads\/2015\/12\/pat_stanghieri.jpg\" alt=\"pat_stanghieri\" width=\"167\" height=\"250\" \/><\/p>\n<p>Pat Stanghieri est entr\u00e9 chez Livingston en septembre 2011 pour diriger sa strat\u00e9gie de marketing, dans le but de renforcer la notori\u00e9t\u00e9 de la marque et le leadership de Livingston en conformit\u00e9 \u00e0 la r\u00e9glementation douani\u00e8re et du commerce international en Am\u00e9rique du Nord.<\/p>\n<p>Pat a de robustes ant\u00e9c\u00e9dents en planification des march\u00e9s, en cr\u00e9ation de nouveaux produits, en recherche et analyse commerciales, en strat\u00e9gie et mod\u00e9lisation financi\u00e8res, ainsi qu\u2019en gestion des ventes et des marques. Pr\u00e9c\u00e9demment vice-pr\u00e9sident, marketing, chez UPS Canada, il a forg\u00e9 sa carri\u00e8re pendant 16 ans dans cette entreprise, en progressant de la segmentation des march\u00e9s \u00e0 des postes de vente et de gestion des revenus.<\/p>\n<p>Pat a obtenu un baccalaur\u00e9at en arts appliqu\u00e9s de l\u2019Universit\u00e9 Ryerson \u00e0 Toronto. Il a \u00e9galement suivi des cours \u00e0 la Management Leadership School de Seattle (Washington), \u00e0 la Senior Management Leadership School de New Hampshire University et \u00e0 la Leadership Academy d&rsquo;Atlanta (Georgia).<\/p>\n","protected":false},"excerpt":{"rendered":"<p>Pat Stanghieri Vice-pr\u00e9sident, marketing Pat Stanghieri est entr\u00e9 chez Livingston en septembre 2011 pour diriger sa strat\u00e9gie de marketing, dans le but de renforcer la notori\u00e9t\u00e9 de la marque et le leadership de Livingston en conformit\u00e9 \u00e0 la r\u00e9glementation douani\u00e8re et du commerce international en Am\u00e9rique du Nord. Pat a de robustes ant\u00e9c\u00e9dents en planification<a class=\"excerpt-read-more\" href=\"https:\/\/staging.livingstonintl.com\/fr\/a-propos-de-nous\/executive-team\/pat-stanghieri\/\" title=\"ReadPat Stanghieri\">&#8230; Read more &raquo;<\/a><\/p>\n","protected":false},"author":36,"featured_media":0,"parent":354,"menu_order":611,"comment_status":"closed","ping_status":"closed","template":"","meta":{"_acf_changed":false,"footnotes":""},"class_list":["post-29812","page","type-page","status-publish","hentry"],"acf":[],"yoast_head":"<!-- This site is optimized with the Yoast SEO plugin v26.8 - https:\/\/yoast.com\/product\/yoast-seo-wordpress\/ -->\n<title>Pat Stanghieri - Livingston International<\/title>\n<meta name=\"robots\" content=\"noindex, follow, max-snippet:-1, max-image-preview:large, max-video-preview:-1\" \/>\n<meta property=\"og:locale\" content=\"fr_FR\" \/>\n<meta property=\"og:type\" content=\"article\" \/>\n<meta property=\"og:title\" content=\"Pat Stanghieri - Livingston International\" \/>\n<meta property=\"og:description\" content=\"Pat Stanghieri Vice-pr\u00e9sident, marketing Pat Stanghieri est entr\u00e9 chez Livingston en septembre 2011 pour diriger sa strat\u00e9gie de marketing, dans le but de renforcer la notori\u00e9t\u00e9 de la marque et le leadership de Livingston en conformit\u00e9 \u00e0 la r\u00e9glementation douani\u00e8re et du commerce international en Am\u00e9rique du Nord. Pat a de robustes ant\u00e9c\u00e9dents en planification... Read more &raquo;\" \/>\n<meta property=\"og:url\" content=\"https:\/\/staging.livingstonintl.com\/fr\/a-propos-de-nous\/executive-team\/pat-stanghieri\/\" \/>\n<meta property=\"og:site_name\" content=\"Livingston International\" \/>\n<meta property=\"article:publisher\" content=\"https:\/\/www.facebook.com\/livingstoninternational\" \/>\n<meta name=\"twitter:label1\" content=\"Dur\u00e9e de lecture estim\u00e9e\" \/>\n\t<meta name=\"twitter:data1\" content=\"1 minute\" \/>\n<script type=\"application\/ld+json\" class=\"yoast-schema-graph\">{\"@context\":\"https:\/\/schema.org\",\"@graph\":[{\"@type\":\"WebPage\",\"@id\":\"https:\/\/staging.livingstonintl.com\/fr\/a-propos-de-nous\/executive-team\/pat-stanghieri\/\",\"url\":\"https:\/\/staging.livingstonintl.com\/fr\/a-propos-de-nous\/executive-team\/pat-stanghieri\/\",\"name\":\"Pat Stanghieri - Livingston International\",\"isPartOf\":{\"@id\":\"https:\/\/staging.livingstonintl.com\/fr\/#website\"},\"datePublished\":\"2015-12-15T16:31:55+00:00\",\"breadcrumb\":{\"@id\":\"https:\/\/staging.livingstonintl.com\/fr\/a-propos-de-nous\/executive-team\/pat-stanghieri\/#breadcrumb\"},\"inLanguage\":\"fr-FR\",\"potentialAction\":[{\"@type\":\"ReadAction\",\"target\":[\"https:\/\/staging.livingstonintl.com\/fr\/a-propos-de-nous\/executive-team\/pat-stanghieri\/\"]}]},{\"@type\":\"BreadcrumbList\",\"@id\":\"https:\/\/staging.livingstonintl.com\/fr\/a-propos-de-nous\/executive-team\/pat-stanghieri\/#breadcrumb\",\"itemListElement\":[{\"@type\":\"ListItem\",\"position\":1,\"name\":\"Accueil\",\"item\":\"https:\/\/staging.livingstonintl.com\/fr\/\"},{\"@type\":\"ListItem\",\"position\":2,\"name\":\"\u00c0 propos de nous\",\"item\":\"https:\/\/staging.livingstonintl.com\/fr\/a-propos-de-nous\/\"},{\"@type\":\"ListItem\",\"position\":3,\"name\":\"Direction\",\"item\":\"https:\/\/staging.livingstonintl.com\/fr\/a-propos-de-nous\/executive-team\/\"},{\"@type\":\"ListItem\",\"position\":4,\"name\":\"Pat Stanghieri\"}]},{\"@type\":\"WebSite\",\"@id\":\"https:\/\/staging.livingstonintl.com\/fr\/#website\",\"url\":\"https:\/\/staging.livingstonintl.com\/fr\/\",\"name\":\"Livingston International\",\"description\":\"Simplify Trade\",\"potentialAction\":[{\"@type\":\"SearchAction\",\"target\":{\"@type\":\"EntryPoint\",\"urlTemplate\":\"https:\/\/staging.livingstonintl.com\/fr\/?s={search_term_string}\"},\"query-input\":{\"@type\":\"PropertyValueSpecification\",\"valueRequired\":true,\"valueName\":\"search_term_string\"}}],\"inLanguage\":\"fr-FR\"}]}<\/script>\n<!-- \/ Yoast SEO plugin. -->","yoast_head_json":{"title":"Pat Stanghieri - Livingston International","robots":{"index":"noindex","follow":"follow","max-snippet":"max-snippet:-1","max-image-preview":"max-image-preview:large","max-video-preview":"max-video-preview:-1"},"og_locale":"fr_FR","og_type":"article","og_title":"Pat Stanghieri - Livingston International","og_description":"Pat Stanghieri Vice-pr\u00e9sident, marketing Pat Stanghieri est entr\u00e9 chez Livingston en septembre 2011 pour diriger sa strat\u00e9gie de marketing, dans le but de renforcer la notori\u00e9t\u00e9 de la marque et le leadership de Livingston en conformit\u00e9 \u00e0 la r\u00e9glementation douani\u00e8re et du commerce international en Am\u00e9rique du Nord. Pat a de robustes ant\u00e9c\u00e9dents en planification... Read more &raquo;","og_url":"https:\/\/staging.livingstonintl.com\/fr\/a-propos-de-nous\/executive-team\/pat-stanghieri\/","og_site_name":"Livingston International","article_publisher":"https:\/\/www.facebook.com\/livingstoninternational","twitter_misc":{"Dur\u00e9e de lecture estim\u00e9e":"1 minute"},"schema":{"@context":"https:\/\/schema.org","@graph":[{"@type":"WebPage","@id":"https:\/\/staging.livingstonintl.com\/fr\/a-propos-de-nous\/executive-team\/pat-stanghieri\/","url":"https:\/\/staging.livingstonintl.com\/fr\/a-propos-de-nous\/executive-team\/pat-stanghieri\/","name":"Pat Stanghieri - Livingston International","isPartOf":{"@id":"https:\/\/staging.livingstonintl.com\/fr\/#website"},"datePublished":"2015-12-15T16:31:55+00:00","breadcrumb":{"@id":"https:\/\/staging.livingstonintl.com\/fr\/a-propos-de-nous\/executive-team\/pat-stanghieri\/#breadcrumb"},"inLanguage":"fr-FR","potentialAction":[{"@type":"ReadAction","target":["https:\/\/staging.livingstonintl.com\/fr\/a-propos-de-nous\/executive-team\/pat-stanghieri\/"]}]},{"@type":"BreadcrumbList","@id":"https:\/\/staging.livingstonintl.com\/fr\/a-propos-de-nous\/executive-team\/pat-stanghieri\/#breadcrumb","itemListElement":[{"@type":"ListItem","position":1,"name":"Accueil","item":"https:\/\/staging.livingstonintl.com\/fr\/"},{"@type":"ListItem","position":2,"name":"\u00c0 propos de nous","item":"https:\/\/staging.livingstonintl.com\/fr\/a-propos-de-nous\/"},{"@type":"ListItem","position":3,"name":"Direction","item":"https:\/\/staging.livingstonintl.com\/fr\/a-propos-de-nous\/executive-team\/"},{"@type":"ListItem","position":4,"name":"Pat Stanghieri"}]},{"@type":"WebSite","@id":"https:\/\/staging.livingstonintl.com\/fr\/#website","url":"https:\/\/staging.livingstonintl.com\/fr\/","name":"Livingston International","description":"Simplify Trade","potentialAction":[{"@type":"SearchAction","target":{"@type":"EntryPoint","urlTemplate":"https:\/\/staging.livingstonintl.com\/fr\/?s={search_term_string}"},"query-input":{"@type":"PropertyValueSpecification","valueRequired":true,"valueName":"search_term_string"}}],"inLanguage":"fr-FR"}]}},"_links":{"self":[{"href":"https:\/\/staging.livingstonintl.com\/fr\/wp-json\/wp\/v2\/pages\/29812","targetHints":{"allow":["GET"]}}],"collection":[{"href":"https:\/\/staging.livingstonintl.com\/fr\/wp-json\/wp\/v2\/pages"}],"about":[{"href":"https:\/\/staging.livingstonintl.com\/fr\/wp-json\/wp\/v2\/types\/page"}],"author":[{"embeddable":true,"href":"https:\/\/staging.livingstonintl.com\/fr\/wp-json\/wp\/v2\/users\/36"}],"replies":[{"embeddable":true,"href":"https:\/\/staging.livingstonintl.com\/fr\/wp-json\/wp\/v2\/comments?post=29812"}],"version-history":[{"count":0,"href":"https:\/\/staging.livingstonintl.com\/fr\/wp-json\/wp\/v2\/pages\/29812\/revisions"}],"up":[{"embeddable":true,"href":"https:\/\/staging.livingstonintl.com\/fr\/wp-json\/wp\/v2\/pages\/354"}],"wp:attachment":[{"href":"https:\/\/staging.livingstonintl.com\/fr\/wp-json\/wp\/v2\/media?parent=29812"}],"curies":[{"name":"wp","href":"https:\/\/api.w.org\/{rel}","templated":true}]}}