{"id":29776,"date":"2015-12-03T22:09:41","date_gmt":"2015-12-03T22:09:41","guid":{"rendered":"http:\/\/livingston.gocactus.com\/fr\/services-fr\/trade-technology\/file-your-customs-entries-insight-partner\/"},"modified":"2019-05-20T07:50:14","modified_gmt":"2019-05-20T11:50:14","slug":"file-your-customs-entries","status":"publish","type":"page","link":"https:\/\/staging.livingstonintl.com\/fr\/services-fr\/technologie-du-commerce-international\/file-your-customs-entries\/","title":{"rendered":"Solution Livingston pour les importateurs autod\u00e9douaneurs"},"content":{"rendered":"<p>Un meilleur contr\u00f4le, des \u00e9conomies et une conformit\u00e9 douani\u00e8re am\u00e9lior\u00e9e. Voil\u00e0 ce que signifie l\u2019option d\u2019autod\u00e9douanement pour les importateurs. <\/p>\n<p>\u00c0 titre d\u2019importateur autod\u00e9douaneur, votre entreprise conna\u00eet la valeur et l\u2019importance du processus de d\u00e9douanement. En g\u00e9rant ce processus vous-m\u00eame, vous serez en mesure d\u2019att\u00e9nuer les risques et d\u2019assurer un meilleur contr\u00f4le de vos co\u00fbts. <\/p>\n<h3>Pr\u00e9parez votre entreprise \u00e0 l\u2019autod\u00e9p\u00f4t<\/h3>\n<p>Effectuer les op\u00e9rations de d\u00e9douanement au sein de votre entreprise signifie que vous devrez prendre des d\u00e9cisions pour mettre en place le processus. Le choix des bons syst\u00e8mes et des bonnes structures de soutien est un \u00e9l\u00e9ment essentiel pour devenir importateur autod\u00e9p\u00f4t. Vous devez disposer des outils n\u00e9cessaires, y compris des options de contingence, pour vous assurer que vos marchandises peuvent \u00eatre achemin\u00e9es m\u00eame si vous ou vos employ\u00e9s n\u2019\u00eates pas disponibles.<br \/>\nL\u2019automatisation de la technologie permet une transition harmonieuse et homog\u00e8ne vers l\u2019autod\u00e9douanement. <\/p>\n<h3>Livingston a le logiciel dont vous avez besoin pour votre autod\u00e9p\u00f4t<\/h3>\n<p>Disponible pour les \u00c9tats-Unis et le Canada, ce puissant logiciel vous donne le plein contr\u00f4le de la transmission de vos d\u00e9clarations douani\u00e8res. Cela signifie qu\u2019My Livingston vous permet d\u2019effectuer toutes les t\u00e2ches de notre service \u00e0 la client\u00e8le \u00e0 partir de notre propre syst\u00e8me d\u2019exploitation interne.   <\/p>\n<h3>Comment tirer avantage de ce syst\u00e8me<\/h3>\n<p><strong>Processus simplifi\u00e9s.<\/strong> Notre solution d\u2019autod\u00e9douanement est sp\u00e9cialement con\u00e7ue pour vous faire gagner du temps, am\u00e9liorer la conformit\u00e9 et augmenter votre rentabilit\u00e9. <\/p>\n<p><strong>Fiabilit\u00e9.<\/strong> Vous utiliserez l\u2019une des solutions de d\u00e9douanement les plus r\u00e9pandues en Am\u00e9rique du Nord et aurez acc\u00e8s aux ressources de l\u2019un des plus importants courtiers en douanes de cette partie du monde.  <\/p>\n<p><strong>Filet de s\u00e9curit\u00e9 avec ressources.<\/strong> Il suffit d\u2019un appel et les experts en courtage en douanes de Livingstone sont pr\u00eats \u00e0 vous servir de filet de s\u00e9curit\u00e9 et \u00e0 prendre en charge une partie ou l\u2019ensemble du travail. <\/p>\n<p><strong>Aucun investissement n\u00e9cessaire.<\/strong> My Livingston est une solution payable \u00e0 l\u2019utilisation; aucune ressource informatique et aucun investissement suppl\u00e9mentaires ne sont n\u00e9cessaires.<\/p>\n<p><strong>Lacunes combl\u00e9es.<\/strong> Faites appel \u00e0 nos consultants professionnels pour vous aider \u00e0 \u00e9tablir et \u00e0 maintenir des programmes de conformit\u00e9 douani\u00e8re, \u00e0 r\u00e9pondre aux exigences des audits, \u00e0 recouvrer droits et taxes, en plus de g\u00e9rer la s\u00e9curit\u00e9 aux fronti\u00e8res.<\/p>\n","protected":false},"excerpt":{"rendered":"<p>Un meilleur contr\u00f4le, des \u00e9conomies et une conformit\u00e9 douani\u00e8re am\u00e9lior\u00e9e. Voil\u00e0 ce que signifie l\u2019option d\u2019autod\u00e9douanement pour les importateurs. \u00c0 titre d\u2019importateur autod\u00e9douaneur, votre entreprise conna\u00eet la valeur et l\u2019importance du processus de d\u00e9douanement. En g\u00e9rant ce processus vous-m\u00eame, vous serez en mesure d\u2019att\u00e9nuer les risques et d\u2019assurer un meilleur contr\u00f4le de vos co\u00fbts. Pr\u00e9parez<a class=\"excerpt-read-more\" href=\"https:\/\/staging.livingstonintl.com\/fr\/services-fr\/technologie-du-commerce-international\/file-your-customs-entries\/\" title=\"ReadSolution Livingston pour les importateurs autod\u00e9douaneurs\">&#8230; Read more &raquo;<\/a><\/p>\n","protected":false},"author":36,"featured_media":0,"parent":29739,"menu_order":271,"comment_status":"closed","ping_status":"closed","template":"","meta":{"_acf_changed":false,"footnotes":""},"class_list":["post-29776","page","type-page","status-publish","hentry"],"acf":[],"yoast_head":"<!-- This site is optimized with the Yoast SEO plugin v26.8 - https:\/\/yoast.com\/product\/yoast-seo-wordpress\/ -->\n<title>Solution Livingston pour les importateurs autod\u00e9douaneurs - Livingston International<\/title>\n<meta name=\"robots\" content=\"noindex, follow, max-snippet:-1, max-image-preview:large, max-video-preview:-1\" \/>\n<meta property=\"og:locale\" content=\"fr_FR\" \/>\n<meta property=\"og:type\" content=\"article\" \/>\n<meta property=\"og:title\" content=\"Solution Livingston pour les importateurs autod\u00e9douaneurs - Livingston International\" \/>\n<meta property=\"og:description\" content=\"Un meilleur contr\u00f4le, des \u00e9conomies et une conformit\u00e9 douani\u00e8re am\u00e9lior\u00e9e. Voil\u00e0 ce que signifie l\u2019option d\u2019autod\u00e9douanement pour les importateurs. \u00c0 titre d\u2019importateur autod\u00e9douaneur, votre entreprise conna\u00eet la valeur et l\u2019importance du processus de d\u00e9douanement. En g\u00e9rant ce processus vous-m\u00eame, vous serez en mesure d\u2019att\u00e9nuer les risques et d\u2019assurer un meilleur contr\u00f4le de vos co\u00fbts. Pr\u00e9parez... Read more &raquo;\" \/>\n<meta property=\"og:url\" content=\"https:\/\/staging.livingstonintl.com\/fr\/services-fr\/technologie-du-commerce-international\/file-your-customs-entries\/\" \/>\n<meta property=\"og:site_name\" content=\"Livingston International\" \/>\n<meta property=\"article:publisher\" content=\"https:\/\/www.facebook.com\/livingstoninternational\" \/>\n<meta property=\"article:modified_time\" content=\"2019-05-20T11:50:14+00:00\" \/>\n<meta name=\"twitter:label1\" content=\"Dur\u00e9e de lecture estim\u00e9e\" \/>\n\t<meta name=\"twitter:data1\" content=\"2 minutes\" \/>\n<script type=\"application\/ld+json\" class=\"yoast-schema-graph\">{\"@context\":\"https:\/\/schema.org\",\"@graph\":[{\"@type\":\"WebPage\",\"@id\":\"https:\/\/staging.livingstonintl.com\/fr\/services-fr\/technologie-du-commerce-international\/file-your-customs-entries\/\",\"url\":\"https:\/\/staging.livingstonintl.com\/fr\/services-fr\/technologie-du-commerce-international\/file-your-customs-entries\/\",\"name\":\"Solution Livingston pour les importateurs autod\u00e9douaneurs - Livingston International\",\"isPartOf\":{\"@id\":\"https:\/\/staging.livingstonintl.com\/fr\/#website\"},\"datePublished\":\"2015-12-03T22:09:41+00:00\",\"dateModified\":\"2019-05-20T11:50:14+00:00\",\"breadcrumb\":{\"@id\":\"https:\/\/staging.livingstonintl.com\/fr\/services-fr\/technologie-du-commerce-international\/file-your-customs-entries\/#breadcrumb\"},\"inLanguage\":\"fr-FR\",\"potentialAction\":[{\"@type\":\"ReadAction\",\"target\":[\"https:\/\/staging.livingstonintl.com\/fr\/services-fr\/technologie-du-commerce-international\/file-your-customs-entries\/\"]}]},{\"@type\":\"BreadcrumbList\",\"@id\":\"https:\/\/staging.livingstonintl.com\/fr\/services-fr\/technologie-du-commerce-international\/file-your-customs-entries\/#breadcrumb\",\"itemListElement\":[{\"@type\":\"ListItem\",\"position\":1,\"name\":\"Accueil\",\"item\":\"https:\/\/staging.livingstonintl.com\/fr\/\"},{\"@type\":\"ListItem\",\"position\":2,\"name\":\"Services\",\"item\":\"https:\/\/staging.livingstonintl.com\/fr\/services-fr\/\"},{\"@type\":\"ListItem\",\"position\":3,\"name\":\"Technologie du commerce international\",\"item\":\"https:\/\/staging.livingstonintl.com\/fr\/services-fr\/technologie-du-commerce-international\/\"},{\"@type\":\"ListItem\",\"position\":4,\"name\":\"Solution Livingston pour les importateurs autod\u00e9douaneurs\"}]},{\"@type\":\"WebSite\",\"@id\":\"https:\/\/staging.livingstonintl.com\/fr\/#website\",\"url\":\"https:\/\/staging.livingstonintl.com\/fr\/\",\"name\":\"Livingston International\",\"description\":\"Simplify Trade\",\"potentialAction\":[{\"@type\":\"SearchAction\",\"target\":{\"@type\":\"EntryPoint\",\"urlTemplate\":\"https:\/\/staging.livingstonintl.com\/fr\/?s={search_term_string}\"},\"query-input\":{\"@type\":\"PropertyValueSpecification\",\"valueRequired\":true,\"valueName\":\"search_term_string\"}}],\"inLanguage\":\"fr-FR\"}]}<\/script>\n<!-- \/ Yoast SEO plugin. -->","yoast_head_json":{"title":"Solution Livingston pour les importateurs autod\u00e9douaneurs - Livingston International","robots":{"index":"noindex","follow":"follow","max-snippet":"max-snippet:-1","max-image-preview":"max-image-preview:large","max-video-preview":"max-video-preview:-1"},"og_locale":"fr_FR","og_type":"article","og_title":"Solution Livingston pour les importateurs autod\u00e9douaneurs - Livingston International","og_description":"Un meilleur contr\u00f4le, des \u00e9conomies et une conformit\u00e9 douani\u00e8re am\u00e9lior\u00e9e. Voil\u00e0 ce que signifie l\u2019option d\u2019autod\u00e9douanement pour les importateurs. \u00c0 titre d\u2019importateur autod\u00e9douaneur, votre entreprise conna\u00eet la valeur et l\u2019importance du processus de d\u00e9douanement. En g\u00e9rant ce processus vous-m\u00eame, vous serez en mesure d\u2019att\u00e9nuer les risques et d\u2019assurer un meilleur contr\u00f4le de vos co\u00fbts. Pr\u00e9parez... Read more &raquo;","og_url":"https:\/\/staging.livingstonintl.com\/fr\/services-fr\/technologie-du-commerce-international\/file-your-customs-entries\/","og_site_name":"Livingston International","article_publisher":"https:\/\/www.facebook.com\/livingstoninternational","article_modified_time":"2019-05-20T11:50:14+00:00","twitter_misc":{"Dur\u00e9e de lecture estim\u00e9e":"2 minutes"},"schema":{"@context":"https:\/\/schema.org","@graph":[{"@type":"WebPage","@id":"https:\/\/staging.livingstonintl.com\/fr\/services-fr\/technologie-du-commerce-international\/file-your-customs-entries\/","url":"https:\/\/staging.livingstonintl.com\/fr\/services-fr\/technologie-du-commerce-international\/file-your-customs-entries\/","name":"Solution Livingston pour les importateurs autod\u00e9douaneurs - Livingston International","isPartOf":{"@id":"https:\/\/staging.livingstonintl.com\/fr\/#website"},"datePublished":"2015-12-03T22:09:41+00:00","dateModified":"2019-05-20T11:50:14+00:00","breadcrumb":{"@id":"https:\/\/staging.livingstonintl.com\/fr\/services-fr\/technologie-du-commerce-international\/file-your-customs-entries\/#breadcrumb"},"inLanguage":"fr-FR","potentialAction":[{"@type":"ReadAction","target":["https:\/\/staging.livingstonintl.com\/fr\/services-fr\/technologie-du-commerce-international\/file-your-customs-entries\/"]}]},{"@type":"BreadcrumbList","@id":"https:\/\/staging.livingstonintl.com\/fr\/services-fr\/technologie-du-commerce-international\/file-your-customs-entries\/#breadcrumb","itemListElement":[{"@type":"ListItem","position":1,"name":"Accueil","item":"https:\/\/staging.livingstonintl.com\/fr\/"},{"@type":"ListItem","position":2,"name":"Services","item":"https:\/\/staging.livingstonintl.com\/fr\/services-fr\/"},{"@type":"ListItem","position":3,"name":"Technologie du commerce international","item":"https:\/\/staging.livingstonintl.com\/fr\/services-fr\/technologie-du-commerce-international\/"},{"@type":"ListItem","position":4,"name":"Solution Livingston pour les importateurs autod\u00e9douaneurs"}]},{"@type":"WebSite","@id":"https:\/\/staging.livingstonintl.com\/fr\/#website","url":"https:\/\/staging.livingstonintl.com\/fr\/","name":"Livingston International","description":"Simplify Trade","potentialAction":[{"@type":"SearchAction","target":{"@type":"EntryPoint","urlTemplate":"https:\/\/staging.livingstonintl.com\/fr\/?s={search_term_string}"},"query-input":{"@type":"PropertyValueSpecification","valueRequired":true,"valueName":"search_term_string"}}],"inLanguage":"fr-FR"}]}},"_links":{"self":[{"href":"https:\/\/staging.livingstonintl.com\/fr\/wp-json\/wp\/v2\/pages\/29776","targetHints":{"allow":["GET"]}}],"collection":[{"href":"https:\/\/staging.livingstonintl.com\/fr\/wp-json\/wp\/v2\/pages"}],"about":[{"href":"https:\/\/staging.livingstonintl.com\/fr\/wp-json\/wp\/v2\/types\/page"}],"author":[{"embeddable":true,"href":"https:\/\/staging.livingstonintl.com\/fr\/wp-json\/wp\/v2\/users\/36"}],"replies":[{"embeddable":true,"href":"https:\/\/staging.livingstonintl.com\/fr\/wp-json\/wp\/v2\/comments?post=29776"}],"version-history":[{"count":0,"href":"https:\/\/staging.livingstonintl.com\/fr\/wp-json\/wp\/v2\/pages\/29776\/revisions"}],"up":[{"embeddable":true,"href":"https:\/\/staging.livingstonintl.com\/fr\/wp-json\/wp\/v2\/pages\/29739"}],"wp:attachment":[{"href":"https:\/\/staging.livingstonintl.com\/fr\/wp-json\/wp\/v2\/media?parent=29776"}],"curies":[{"name":"wp","href":"https:\/\/api.w.org\/{rel}","templated":true}]}}