{"id":29772,"date":"2015-12-04T17:40:09","date_gmt":"2015-12-04T17:40:09","guid":{"rendered":"http:\/\/livingston.gocactus.com\/fr\/services-fr\/trade-technology\/emanifest-solutions\/"},"modified":"2017-07-22T14:12:31","modified_gmt":"2017-07-22T18:12:31","slug":"emanifest-solutions","status":"publish","type":"page","link":"https:\/\/staging.livingstonintl.com\/fr\/services-fr\/technologie-du-commerce-international\/emanifest-solutions\/","title":{"rendered":"Solutions de manifeste \u00e9lectronique"},"content":{"rendered":"<p>Livingston offre aux transporteurs et aux importateurs disposant de leurs propres camions diverses options pour d\u00e9poser leur manifeste \u00e9lectronique de l\u2019ACE aux \u00c9tats-Unis ou leur manifeste \u00e9lectronique de l\u2019IPEC au Canada.  <\/p>\n<p>Nos solutions permettent aux utilisateurs de transmettre leur manifeste \u00e9lectronique aux autorit\u00e9s am\u00e9ricaines (par l\u2019entremise de l\u2019ACE) et aux douanes canadiennes (par l\u2019entremise de l\u2019IPEC). En outre, ce logiciel associe toutes les informations proforma entr\u00e9es \u00e0 l\u2019aide de nos outils de cr\u00e9ation de documents d\u2019exp\u00e9dition, tirant ainsi avantage de l\u2019automatisation et \u00e9vitant de devoir saisir deux fois les m\u00eames donn\u00e9es.<\/p>\n<p><a class=\"button small blue\" href=\"\/livingston-content\/uploads\/2017\/07\/Outsourcing-your-ACI-eManifest-requirements_FR.pdf\" target=\"_blank\">Manifeste \u00e9lectronique<\/a><\/p>\n<h3>Pr\u00e9parez les transporteurs en vue d\u2019int\u00e9grer le programme d\u2019Automated Commercial Environment (ACE) ainsi que celui de l\u2019information pr\u00e9alable sur les exp\u00e9ditions commerciales (IPEC)<\/h3>\n<p>L\u2019Automated Commercial Environment (ACE) est un syst\u00e8me mis en place par les douanes am\u00e9ricaines et la U.S. Customs and Border Protection (CBP), alors que le programme de l\u2019information pr\u00e9alable sur les exp\u00e9ditions commerciales est un syst\u00e8me qui rel\u00e8ve de l\u2019Agence des services frontaliers du Canada (ASFC). Les deux programmes ont \u00e9t\u00e9 con\u00e7us pour faciliter les \u00e9changes commerciaux l\u00e9gitimes et mettre en \u0153uvre des processus et outils de gestion du risque plus efficaces en vue de rep\u00e9rer les menaces pour notre sant\u00e9, pour notre s\u00e9curit\u00e9, avant l\u2019arriv\u00e9e de fret ou de transporteurs aux \u00c9tats-Unis et au Canada. <\/p>\n<p>Bien que ces programmes exigent que les transporteurs endossent des responsabilit\u00e9s suppl\u00e9mentaires \u00e0 l\u2019\u00e9gard de la transmission de renseignements exacts en temps opportun, ils pourraient aussi r\u00e9duire les temps d\u2019attentes et accro\u00eetre la satisfaction des clients, \u00e0 condition toutefois que les transporteurs disposent des outils ad\u00e9quats pour \u00eatre bien pr\u00e9par\u00e9s et bien organis\u00e9s.<\/p>\n<h3>Livingston a le logiciel pour r\u00e9pondre \u00e0 vos besoins en mati\u00e8re de transmission de manifestes \u00e9lectroniques<\/h3>\n<p>Nos solutions de manifestes \u00e9lectroniques vous permettent de g\u00e9rer la charge de travail suppl\u00e9mentaire de mani\u00e8re efficace et efficience, sans devoir engager de ressources additionnelles ou de d\u00e9penses importantes. De plus, elles sont toutes assorties de notre programme de formation de pointe et de notre service \u00e0 la client\u00e8le disponible 24 heures par jour, 7 jours par semaine. Rien d\u2019\u00e9tonnant alors que les transporteurs et les courtiers en douanes de partout au Canada, peu importe leur taille, se fient \u00e0 nous pour les aider \u00e0 s\u2019adapter \u00e0 ces nouvelles obligations.<\/p>\n<h3>Comment tirer avantage de ce syst\u00e8me.<\/h3>\n<p><strong>Meilleures d\u00e9cisions.<\/strong> Retirer le maximum d\u2019informations \u00e0 partir des rapports en temps r\u00e9el que tout employ\u00e9 peut cr\u00e9er. <\/p>\n<p><strong>Gains de temps.<\/strong> Gr\u00e2ce \u00e0 la fonction \u00ab S\u00e9lectionner et cliquer \u00bb, vous pouvez regrouper tous les renseignements n\u00e9cessaires avant de cr\u00e9er une exp\u00e9dition et r\u00e9utiliser ces donn\u00e9es au besoin. <\/p>\n<p><strong>R\u00e9ussite du premier coup.<\/strong> Gr\u00e2ce \u00e0 la centaine de v\u00e9rifications de donn\u00e9es, les erreurs de saisies sont signal\u00e9es avant m\u00eame que l\u2019information ne soit envoy\u00e9e aux services douaniers. <\/p>\n<p><strong>Informations en temps r\u00e9el.<\/strong> Gr\u00e2ce \u00e0 l\u2019alimentation de donn\u00e9es en temps r\u00e9el, vous pouvez imm\u00e9diatement visualiser le statut du transport en cours sans devoir naviguer d\u2019un \u00e9cran \u00e0 l\u2019autre. Recevez des avis par courriel et par message texte, y compris Sur le point d\u2019arriver. <\/p>\n<p><strong>Int\u00e9gration des donn\u00e9es selon vos besoins.<\/strong> Les options d\u2019int\u00e9gration de donn\u00e9es flexibles vous permettent d\u2019int\u00e9grer vos syst\u00e8mes aux n\u00f4tres par l\u2019entremise de l\u2019\u00e9change de donn\u00e9es informatis\u00e9 ou d\u2019un service Web. <\/p>\n","protected":false},"excerpt":{"rendered":"<p>Livingston offre aux transporteurs et aux importateurs disposant de leurs propres camions diverses options pour d\u00e9poser leur manifeste \u00e9lectronique de l\u2019ACE aux \u00c9tats-Unis ou leur manifeste \u00e9lectronique de l\u2019IPEC au Canada. Nos solutions permettent aux utilisateurs de transmettre leur manifeste \u00e9lectronique aux autorit\u00e9s am\u00e9ricaines (par l\u2019entremise de l\u2019ACE) et aux douanes canadiennes (par l\u2019entremise de<a class=\"excerpt-read-more\" href=\"https:\/\/staging.livingstonintl.com\/fr\/services-fr\/technologie-du-commerce-international\/emanifest-solutions\/\" title=\"ReadSolutions de manifeste \u00e9lectronique\">&#8230; Read more &raquo;<\/a><\/p>\n","protected":false},"author":36,"featured_media":0,"parent":29739,"menu_order":268,"comment_status":"closed","ping_status":"closed","template":"","meta":{"_acf_changed":false,"footnotes":""},"class_list":["post-29772","page","type-page","status-publish","hentry"],"acf":[],"yoast_head":"<!-- This site is optimized with the Yoast SEO plugin v26.8 - https:\/\/yoast.com\/product\/yoast-seo-wordpress\/ -->\n<title>Solutions de manifeste \u00e9lectronique - Livingston International<\/title>\n<meta name=\"robots\" content=\"noindex, follow, max-snippet:-1, max-image-preview:large, max-video-preview:-1\" \/>\n<meta property=\"og:locale\" content=\"fr_FR\" \/>\n<meta property=\"og:type\" content=\"article\" \/>\n<meta property=\"og:title\" content=\"Solutions de manifeste \u00e9lectronique - Livingston International\" \/>\n<meta property=\"og:description\" content=\"Livingston offre aux transporteurs et aux importateurs disposant de leurs propres camions diverses options pour d\u00e9poser leur manifeste \u00e9lectronique de l\u2019ACE aux \u00c9tats-Unis ou leur manifeste \u00e9lectronique de l\u2019IPEC au Canada. Nos solutions permettent aux utilisateurs de transmettre leur manifeste \u00e9lectronique aux autorit\u00e9s am\u00e9ricaines (par l\u2019entremise de l\u2019ACE) et aux douanes canadiennes (par l\u2019entremise de... Read more &raquo;\" \/>\n<meta property=\"og:url\" content=\"https:\/\/staging.livingstonintl.com\/fr\/services-fr\/technologie-du-commerce-international\/emanifest-solutions\/\" \/>\n<meta property=\"og:site_name\" content=\"Livingston International\" \/>\n<meta property=\"article:publisher\" content=\"https:\/\/www.facebook.com\/livingstoninternational\" \/>\n<meta property=\"article:modified_time\" content=\"2017-07-22T18:12:31+00:00\" \/>\n<meta name=\"twitter:label1\" content=\"Dur\u00e9e de lecture estim\u00e9e\" \/>\n\t<meta name=\"twitter:data1\" content=\"3 minutes\" \/>\n<script type=\"application\/ld+json\" class=\"yoast-schema-graph\">{\"@context\":\"https:\/\/schema.org\",\"@graph\":[{\"@type\":\"WebPage\",\"@id\":\"https:\/\/staging.livingstonintl.com\/fr\/services-fr\/technologie-du-commerce-international\/emanifest-solutions\/\",\"url\":\"https:\/\/staging.livingstonintl.com\/fr\/services-fr\/technologie-du-commerce-international\/emanifest-solutions\/\",\"name\":\"Solutions de manifeste \u00e9lectronique - Livingston International\",\"isPartOf\":{\"@id\":\"https:\/\/staging.livingstonintl.com\/fr\/#website\"},\"datePublished\":\"2015-12-04T17:40:09+00:00\",\"dateModified\":\"2017-07-22T18:12:31+00:00\",\"breadcrumb\":{\"@id\":\"https:\/\/staging.livingstonintl.com\/fr\/services-fr\/technologie-du-commerce-international\/emanifest-solutions\/#breadcrumb\"},\"inLanguage\":\"fr-FR\",\"potentialAction\":[{\"@type\":\"ReadAction\",\"target\":[\"https:\/\/staging.livingstonintl.com\/fr\/services-fr\/technologie-du-commerce-international\/emanifest-solutions\/\"]}]},{\"@type\":\"BreadcrumbList\",\"@id\":\"https:\/\/staging.livingstonintl.com\/fr\/services-fr\/technologie-du-commerce-international\/emanifest-solutions\/#breadcrumb\",\"itemListElement\":[{\"@type\":\"ListItem\",\"position\":1,\"name\":\"Accueil\",\"item\":\"https:\/\/staging.livingstonintl.com\/fr\/\"},{\"@type\":\"ListItem\",\"position\":2,\"name\":\"Services\",\"item\":\"https:\/\/staging.livingstonintl.com\/fr\/services-fr\/\"},{\"@type\":\"ListItem\",\"position\":3,\"name\":\"Technologie du commerce international\",\"item\":\"https:\/\/staging.livingstonintl.com\/fr\/services-fr\/technologie-du-commerce-international\/\"},{\"@type\":\"ListItem\",\"position\":4,\"name\":\"Solutions de manifeste \u00e9lectronique\"}]},{\"@type\":\"WebSite\",\"@id\":\"https:\/\/staging.livingstonintl.com\/fr\/#website\",\"url\":\"https:\/\/staging.livingstonintl.com\/fr\/\",\"name\":\"Livingston International\",\"description\":\"Simplify Trade\",\"potentialAction\":[{\"@type\":\"SearchAction\",\"target\":{\"@type\":\"EntryPoint\",\"urlTemplate\":\"https:\/\/staging.livingstonintl.com\/fr\/?s={search_term_string}\"},\"query-input\":{\"@type\":\"PropertyValueSpecification\",\"valueRequired\":true,\"valueName\":\"search_term_string\"}}],\"inLanguage\":\"fr-FR\"}]}<\/script>\n<!-- \/ Yoast SEO plugin. -->","yoast_head_json":{"title":"Solutions de manifeste \u00e9lectronique - Livingston International","robots":{"index":"noindex","follow":"follow","max-snippet":"max-snippet:-1","max-image-preview":"max-image-preview:large","max-video-preview":"max-video-preview:-1"},"og_locale":"fr_FR","og_type":"article","og_title":"Solutions de manifeste \u00e9lectronique - Livingston International","og_description":"Livingston offre aux transporteurs et aux importateurs disposant de leurs propres camions diverses options pour d\u00e9poser leur manifeste \u00e9lectronique de l\u2019ACE aux \u00c9tats-Unis ou leur manifeste \u00e9lectronique de l\u2019IPEC au Canada. Nos solutions permettent aux utilisateurs de transmettre leur manifeste \u00e9lectronique aux autorit\u00e9s am\u00e9ricaines (par l\u2019entremise de l\u2019ACE) et aux douanes canadiennes (par l\u2019entremise de... Read more &raquo;","og_url":"https:\/\/staging.livingstonintl.com\/fr\/services-fr\/technologie-du-commerce-international\/emanifest-solutions\/","og_site_name":"Livingston International","article_publisher":"https:\/\/www.facebook.com\/livingstoninternational","article_modified_time":"2017-07-22T18:12:31+00:00","twitter_misc":{"Dur\u00e9e de lecture estim\u00e9e":"3 minutes"},"schema":{"@context":"https:\/\/schema.org","@graph":[{"@type":"WebPage","@id":"https:\/\/staging.livingstonintl.com\/fr\/services-fr\/technologie-du-commerce-international\/emanifest-solutions\/","url":"https:\/\/staging.livingstonintl.com\/fr\/services-fr\/technologie-du-commerce-international\/emanifest-solutions\/","name":"Solutions de manifeste \u00e9lectronique - Livingston International","isPartOf":{"@id":"https:\/\/staging.livingstonintl.com\/fr\/#website"},"datePublished":"2015-12-04T17:40:09+00:00","dateModified":"2017-07-22T18:12:31+00:00","breadcrumb":{"@id":"https:\/\/staging.livingstonintl.com\/fr\/services-fr\/technologie-du-commerce-international\/emanifest-solutions\/#breadcrumb"},"inLanguage":"fr-FR","potentialAction":[{"@type":"ReadAction","target":["https:\/\/staging.livingstonintl.com\/fr\/services-fr\/technologie-du-commerce-international\/emanifest-solutions\/"]}]},{"@type":"BreadcrumbList","@id":"https:\/\/staging.livingstonintl.com\/fr\/services-fr\/technologie-du-commerce-international\/emanifest-solutions\/#breadcrumb","itemListElement":[{"@type":"ListItem","position":1,"name":"Accueil","item":"https:\/\/staging.livingstonintl.com\/fr\/"},{"@type":"ListItem","position":2,"name":"Services","item":"https:\/\/staging.livingstonintl.com\/fr\/services-fr\/"},{"@type":"ListItem","position":3,"name":"Technologie du commerce international","item":"https:\/\/staging.livingstonintl.com\/fr\/services-fr\/technologie-du-commerce-international\/"},{"@type":"ListItem","position":4,"name":"Solutions de manifeste \u00e9lectronique"}]},{"@type":"WebSite","@id":"https:\/\/staging.livingstonintl.com\/fr\/#website","url":"https:\/\/staging.livingstonintl.com\/fr\/","name":"Livingston International","description":"Simplify Trade","potentialAction":[{"@type":"SearchAction","target":{"@type":"EntryPoint","urlTemplate":"https:\/\/staging.livingstonintl.com\/fr\/?s={search_term_string}"},"query-input":{"@type":"PropertyValueSpecification","valueRequired":true,"valueName":"search_term_string"}}],"inLanguage":"fr-FR"}]}},"_links":{"self":[{"href":"https:\/\/staging.livingstonintl.com\/fr\/wp-json\/wp\/v2\/pages\/29772","targetHints":{"allow":["GET"]}}],"collection":[{"href":"https:\/\/staging.livingstonintl.com\/fr\/wp-json\/wp\/v2\/pages"}],"about":[{"href":"https:\/\/staging.livingstonintl.com\/fr\/wp-json\/wp\/v2\/types\/page"}],"author":[{"embeddable":true,"href":"https:\/\/staging.livingstonintl.com\/fr\/wp-json\/wp\/v2\/users\/36"}],"replies":[{"embeddable":true,"href":"https:\/\/staging.livingstonintl.com\/fr\/wp-json\/wp\/v2\/comments?post=29772"}],"version-history":[{"count":0,"href":"https:\/\/staging.livingstonintl.com\/fr\/wp-json\/wp\/v2\/pages\/29772\/revisions"}],"up":[{"embeddable":true,"href":"https:\/\/staging.livingstonintl.com\/fr\/wp-json\/wp\/v2\/pages\/29739"}],"wp:attachment":[{"href":"https:\/\/staging.livingstonintl.com\/fr\/wp-json\/wp\/v2\/media?parent=29772"}],"curies":[{"name":"wp","href":"https:\/\/api.w.org\/{rel}","templated":true}]}}