{"id":29762,"date":"2015-12-04T18:14:24","date_gmt":"2015-12-04T18:14:24","guid":{"rendered":"http:\/\/livingston.gocactus.com\/fr\/services-fr\/trade-technology\/insight-elink\/"},"modified":"2019-05-20T07:58:45","modified_gmt":"2019-05-20T11:58:45","slug":"elink","status":"publish","type":"page","link":"https:\/\/staging.livingstonintl.com\/fr\/services-fr\/technologie-du-commerce-international\/elink\/","title":{"rendered":"Livingston eLink"},"content":{"rendered":"<p>Comme importateur ou exportateur, vous savez que fournir rapidement des documents bien remplis aux fronti\u00e8res pour le d\u00e9douanement constitue une part essentielle de vos activit\u00e9s. Malheureusement, les documents sur papier et les t\u00e9l\u00e9copies sont souvent illisibles, mal achemin\u00e9s ou perdus. S\u2019ensuivent alors des retards d\u2019exp\u00e9dition.<br \/>\ne-Link vous permet, \u00e0 vous ou \u00e0 vos fournisseurs, de transmettre toute information d\u2019exportation par voie \u00e9lectronique, et ce, dans pratiquement n\u2019importe quel format. R\u00e9duisez les d\u00e9lais de d\u00e9douanement, am\u00e9liorez la conformit\u00e9 et gagnez du temps.  <\/p>\n<h3>Transmettez \u00e0 Livingston l\u2019information par voie \u00e9lectronique rapidement et efficacement<\/h3>\n<p>Notre syst\u00e8me e-Link peut accepter les informations d\u2019exportation de vos fournisseurs dans presque n\u2019importe quel format \u00e9lectronique, les utiliser pour cr\u00e9er la facture des douanes canadienne ou la facture commerciale am\u00e9ricaine et les soumettre aux services douaniers par envoi \u00e9lectronique. <\/p>\n<p>Nos experts travailleront en collaboration avec vos fournisseurs pour revoir les documents, les guider pour mettre en \u0153uvre le processus et pour s\u2019assurer que nos syst\u00e8mes sont pr\u00eats \u00e0 recevoir les documents de vos fournisseurs dans leur format actuel.<br \/>\n\u00c0 titre d\u2019utilisateur du syst\u00e8me e-Link, vous serez en mesure de cr\u00e9er des filtres et d\u2019effectuer les v\u00e9rifications n\u00e9cessaires pour vous assurer que les documents d\u2019exportation de vos fournisseurs (et vos d\u00e9clarations douani\u00e8res) sont exacts et valides, en plus de veiller \u00e0 ce que les donn\u00e9es des principaux champs soient bien achemin\u00e9es aux services douaniers.<\/p>\n<h3>Comment tirer avantage de ce syst\u00e8me<\/h3>\n<p><strong>Conformit\u00e9 am\u00e9lior\u00e9e.<\/strong> Vos exp\u00e9ditions seront conformes aux exigences douani\u00e8res, et pourront ainsi \u00eatre lib\u00e9r\u00e9es rapidement.<\/p>\n<p><strong>Risque att\u00e9nu\u00e9. <\/strong>Des renseignements plus pr\u00e9cis et plus complets assurent une meilleure conformit\u00e9 et une r\u00e9duction des risques de p\u00e9nalit\u00e9s. <\/p>\n<p><strong>Meilleure efficacit\u00e9.<\/strong> Les modifications de derni\u00e8re minute et les probl\u00e8mes li\u00e9s \u00e0 la documentation incompl\u00e8te sont \u00e9limin\u00e9s.<\/p>\n","protected":false},"excerpt":{"rendered":"<p>Comme importateur ou exportateur, vous savez que fournir rapidement des documents bien remplis aux fronti\u00e8res pour le d\u00e9douanement constitue une part essentielle de vos activit\u00e9s. Malheureusement, les documents sur papier et les t\u00e9l\u00e9copies sont souvent illisibles, mal achemin\u00e9s ou perdus. S\u2019ensuivent alors des retards d\u2019exp\u00e9dition. e-Link vous permet, \u00e0 vous ou \u00e0 vos fournisseurs, de<a class=\"excerpt-read-more\" href=\"https:\/\/staging.livingstonintl.com\/fr\/services-fr\/technologie-du-commerce-international\/elink\/\" title=\"ReadLivingston eLink\">&#8230; Read more &raquo;<\/a><\/p>\n","protected":false},"author":36,"featured_media":0,"parent":29739,"menu_order":264,"comment_status":"closed","ping_status":"closed","template":"","meta":{"_acf_changed":false,"footnotes":""},"class_list":["post-29762","page","type-page","status-publish","hentry"],"acf":[],"yoast_head":"<!-- This site is optimized with the Yoast SEO plugin v26.8 - https:\/\/yoast.com\/product\/yoast-seo-wordpress\/ -->\n<title>Livingston eLink - Livingston International<\/title>\n<meta name=\"robots\" content=\"noindex, follow, max-snippet:-1, max-image-preview:large, max-video-preview:-1\" \/>\n<meta property=\"og:locale\" content=\"fr_FR\" \/>\n<meta property=\"og:type\" content=\"article\" \/>\n<meta property=\"og:title\" content=\"Livingston eLink - Livingston International\" \/>\n<meta property=\"og:description\" content=\"Comme importateur ou exportateur, vous savez que fournir rapidement des documents bien remplis aux fronti\u00e8res pour le d\u00e9douanement constitue une part essentielle de vos activit\u00e9s. Malheureusement, les documents sur papier et les t\u00e9l\u00e9copies sont souvent illisibles, mal achemin\u00e9s ou perdus. S\u2019ensuivent alors des retards d\u2019exp\u00e9dition. e-Link vous permet, \u00e0 vous ou \u00e0 vos fournisseurs, de... Read more &raquo;\" \/>\n<meta property=\"og:url\" content=\"https:\/\/staging.livingstonintl.com\/fr\/services-fr\/technologie-du-commerce-international\/elink\/\" \/>\n<meta property=\"og:site_name\" content=\"Livingston International\" \/>\n<meta property=\"article:publisher\" content=\"https:\/\/www.facebook.com\/livingstoninternational\" \/>\n<meta property=\"article:modified_time\" content=\"2019-05-20T11:58:45+00:00\" \/>\n<meta name=\"twitter:label1\" content=\"Dur\u00e9e de lecture estim\u00e9e\" \/>\n\t<meta name=\"twitter:data1\" content=\"2 minutes\" \/>\n<script type=\"application\/ld+json\" class=\"yoast-schema-graph\">{\"@context\":\"https:\/\/schema.org\",\"@graph\":[{\"@type\":\"WebPage\",\"@id\":\"https:\/\/staging.livingstonintl.com\/fr\/services-fr\/technologie-du-commerce-international\/elink\/\",\"url\":\"https:\/\/staging.livingstonintl.com\/fr\/services-fr\/technologie-du-commerce-international\/elink\/\",\"name\":\"Livingston eLink - Livingston International\",\"isPartOf\":{\"@id\":\"https:\/\/staging.livingstonintl.com\/fr\/#website\"},\"datePublished\":\"2015-12-04T18:14:24+00:00\",\"dateModified\":\"2019-05-20T11:58:45+00:00\",\"breadcrumb\":{\"@id\":\"https:\/\/staging.livingstonintl.com\/fr\/services-fr\/technologie-du-commerce-international\/elink\/#breadcrumb\"},\"inLanguage\":\"fr-FR\",\"potentialAction\":[{\"@type\":\"ReadAction\",\"target\":[\"https:\/\/staging.livingstonintl.com\/fr\/services-fr\/technologie-du-commerce-international\/elink\/\"]}]},{\"@type\":\"BreadcrumbList\",\"@id\":\"https:\/\/staging.livingstonintl.com\/fr\/services-fr\/technologie-du-commerce-international\/elink\/#breadcrumb\",\"itemListElement\":[{\"@type\":\"ListItem\",\"position\":1,\"name\":\"Accueil\",\"item\":\"https:\/\/staging.livingstonintl.com\/fr\/\"},{\"@type\":\"ListItem\",\"position\":2,\"name\":\"Services\",\"item\":\"https:\/\/staging.livingstonintl.com\/fr\/services-fr\/\"},{\"@type\":\"ListItem\",\"position\":3,\"name\":\"Technologie du commerce international\",\"item\":\"https:\/\/staging.livingstonintl.com\/fr\/services-fr\/technologie-du-commerce-international\/\"},{\"@type\":\"ListItem\",\"position\":4,\"name\":\"Livingston eLink\"}]},{\"@type\":\"WebSite\",\"@id\":\"https:\/\/staging.livingstonintl.com\/fr\/#website\",\"url\":\"https:\/\/staging.livingstonintl.com\/fr\/\",\"name\":\"Livingston International\",\"description\":\"Simplify Trade\",\"potentialAction\":[{\"@type\":\"SearchAction\",\"target\":{\"@type\":\"EntryPoint\",\"urlTemplate\":\"https:\/\/staging.livingstonintl.com\/fr\/?s={search_term_string}\"},\"query-input\":{\"@type\":\"PropertyValueSpecification\",\"valueRequired\":true,\"valueName\":\"search_term_string\"}}],\"inLanguage\":\"fr-FR\"}]}<\/script>\n<!-- \/ Yoast SEO plugin. -->","yoast_head_json":{"title":"Livingston eLink - Livingston International","robots":{"index":"noindex","follow":"follow","max-snippet":"max-snippet:-1","max-image-preview":"max-image-preview:large","max-video-preview":"max-video-preview:-1"},"og_locale":"fr_FR","og_type":"article","og_title":"Livingston eLink - Livingston International","og_description":"Comme importateur ou exportateur, vous savez que fournir rapidement des documents bien remplis aux fronti\u00e8res pour le d\u00e9douanement constitue une part essentielle de vos activit\u00e9s. Malheureusement, les documents sur papier et les t\u00e9l\u00e9copies sont souvent illisibles, mal achemin\u00e9s ou perdus. S\u2019ensuivent alors des retards d\u2019exp\u00e9dition. e-Link vous permet, \u00e0 vous ou \u00e0 vos fournisseurs, de... Read more &raquo;","og_url":"https:\/\/staging.livingstonintl.com\/fr\/services-fr\/technologie-du-commerce-international\/elink\/","og_site_name":"Livingston International","article_publisher":"https:\/\/www.facebook.com\/livingstoninternational","article_modified_time":"2019-05-20T11:58:45+00:00","twitter_misc":{"Dur\u00e9e de lecture estim\u00e9e":"2 minutes"},"schema":{"@context":"https:\/\/schema.org","@graph":[{"@type":"WebPage","@id":"https:\/\/staging.livingstonintl.com\/fr\/services-fr\/technologie-du-commerce-international\/elink\/","url":"https:\/\/staging.livingstonintl.com\/fr\/services-fr\/technologie-du-commerce-international\/elink\/","name":"Livingston eLink - Livingston International","isPartOf":{"@id":"https:\/\/staging.livingstonintl.com\/fr\/#website"},"datePublished":"2015-12-04T18:14:24+00:00","dateModified":"2019-05-20T11:58:45+00:00","breadcrumb":{"@id":"https:\/\/staging.livingstonintl.com\/fr\/services-fr\/technologie-du-commerce-international\/elink\/#breadcrumb"},"inLanguage":"fr-FR","potentialAction":[{"@type":"ReadAction","target":["https:\/\/staging.livingstonintl.com\/fr\/services-fr\/technologie-du-commerce-international\/elink\/"]}]},{"@type":"BreadcrumbList","@id":"https:\/\/staging.livingstonintl.com\/fr\/services-fr\/technologie-du-commerce-international\/elink\/#breadcrumb","itemListElement":[{"@type":"ListItem","position":1,"name":"Accueil","item":"https:\/\/staging.livingstonintl.com\/fr\/"},{"@type":"ListItem","position":2,"name":"Services","item":"https:\/\/staging.livingstonintl.com\/fr\/services-fr\/"},{"@type":"ListItem","position":3,"name":"Technologie du commerce international","item":"https:\/\/staging.livingstonintl.com\/fr\/services-fr\/technologie-du-commerce-international\/"},{"@type":"ListItem","position":4,"name":"Livingston eLink"}]},{"@type":"WebSite","@id":"https:\/\/staging.livingstonintl.com\/fr\/#website","url":"https:\/\/staging.livingstonintl.com\/fr\/","name":"Livingston International","description":"Simplify Trade","potentialAction":[{"@type":"SearchAction","target":{"@type":"EntryPoint","urlTemplate":"https:\/\/staging.livingstonintl.com\/fr\/?s={search_term_string}"},"query-input":{"@type":"PropertyValueSpecification","valueRequired":true,"valueName":"search_term_string"}}],"inLanguage":"fr-FR"}]}},"_links":{"self":[{"href":"https:\/\/staging.livingstonintl.com\/fr\/wp-json\/wp\/v2\/pages\/29762","targetHints":{"allow":["GET"]}}],"collection":[{"href":"https:\/\/staging.livingstonintl.com\/fr\/wp-json\/wp\/v2\/pages"}],"about":[{"href":"https:\/\/staging.livingstonintl.com\/fr\/wp-json\/wp\/v2\/types\/page"}],"author":[{"embeddable":true,"href":"https:\/\/staging.livingstonintl.com\/fr\/wp-json\/wp\/v2\/users\/36"}],"replies":[{"embeddable":true,"href":"https:\/\/staging.livingstonintl.com\/fr\/wp-json\/wp\/v2\/comments?post=29762"}],"version-history":[{"count":0,"href":"https:\/\/staging.livingstonintl.com\/fr\/wp-json\/wp\/v2\/pages\/29762\/revisions"}],"up":[{"embeddable":true,"href":"https:\/\/staging.livingstonintl.com\/fr\/wp-json\/wp\/v2\/pages\/29739"}],"wp:attachment":[{"href":"https:\/\/staging.livingstonintl.com\/fr\/wp-json\/wp\/v2\/media?parent=29762"}],"curies":[{"name":"wp","href":"https:\/\/api.w.org\/{rel}","templated":true}]}}