{"id":29739,"date":"2015-12-03T21:45:34","date_gmt":"2015-12-03T21:45:34","guid":{"rendered":"http:\/\/livingston.gocactus.com\/fr\/services-fr\/trade-technology\/"},"modified":"2020-12-23T19:04:20","modified_gmt":"2020-12-24T00:04:20","slug":"technologie-du-commerce-international","status":"publish","type":"page","link":"https:\/\/staging.livingstonintl.com\/fr\/services-fr\/technologie-du-commerce-international\/","title":{"rendered":"Technologie du commerce international"},"content":{"rendered":"\n\n\n<!-- MASTHEAD: MAIN -->\n<section id=\"masthead-block\" class=\"lii-block lii-block-masthead\">\n\n\t<div class=\"masthead-background hide-for-small-only\">\n\t\t\t\t<img decoding=\"async\" src=\"data:image\/image\/jpeg;base64, \/9j\/4AAQSkZJRgABAQEAYABgAAD\/\/gA7Q1JFQVRPUjogZ2QtanBlZyB2MS4wICh1c2luZyBJSkcgSlBFRyB2NjIpLCBxdWFsaXR5ID0gODIK\/9sAQwAGBAQFBAQGBQUFBgYGBwkOCQkICAkSDQ0KDhUSFhYVEhQUFxohHBcYHxkUFB0nHR8iIyUlJRYcKSwoJCshJCUk\/9sAQwEGBgYJCAkRCQkRJBgUGCQkJCQkJCQkJCQkJCQkJCQkJCQkJCQkJCQkJCQkJCQkJCQkJCQkJCQkJCQkJCQkJCQk\/8AAEQgAawC+AwEiAAIRAQMRAf\/EAB8AAAEFAQEBAQEBAAAAAAAAAAABAgMEBQYHCAkKC\/\/EALUQAAIBAwMCBAMFBQQEAAABfQECAwAEEQUSITFBBhNRYQcicRQygZGhCCNCscEVUtHwJDNicoIJChYXGBkaJSYnKCkqNDU2Nzg5OkNERUZHSElKU1RVVldYWVpjZGVmZ2hpanN0dXZ3eHl6g4SFhoeIiYqSk5SVlpeYmZqio6Slpqeoqaqys7S1tre4ubrCw8TFxsfIycrS09TV1tfY2drh4uPk5ebn6Onq8fLz9PX29\/j5+v\/EAB8BAAMBAQEBAQEBAQEAAAAAAAABAgMEBQYHCAkKC\/\/EALURAAIBAgQEAwQHBQQEAAECdwABAgMRBAUhMQYSQVEHYXETIjKBCBRCkaGxwQkjM1LwFWJy0QoWJDThJfEXGBkaJicoKSo1Njc4OTpDREVGR0hJSlNUVVZXWFlaY2RlZmdoaWpzdHV2d3h5eoKDhIWGh4iJipKTlJWWl5iZmqKjpKWmp6ipqrKztLW2t7i5usLDxMXGx8jJytLT1NXW19jZ2uLj5OXm5+jp6vLz9PX29\/j5+v\/aAAwDAQACEQMRAD8A+dJphkKKrTyZ4FAHeoW60DuIDzSY3HmlKkc09RkUCEWPBqzBFvIGKZCpY4rd07TCI\/NccUDirjbPSZr2RIIELO\/AFXNW8GX+ixCe4AKH07V2XgWzgiWS\/lAyvTPpTfFWqTazHIgAEa8AU1c6HTSjdnO+DwP7QjAH417LoNrbXN5CLmUKjFoyO+DE4yPxIrxTQJjZ3WW4IOBX0Z8K3t7jTJJWiBnDffxz6VvR1Zy1dImlY68ZbRVTT7+6lPLCGEhdx+98xwOue9LYWhsS81r4duLd5Dlg88frnj5jge1dDFB9mDfMx3MSPxOaQy\/NjGT7113OLl7nhHj7xtP4lhvLEWSwvpsh3OGyQC22vK9V0RXuoioGyRRwvr7Cut1y9bT\/ABnrtsYt8d3JJC6jtltwP4Yrl9avJILoSxqysnA5xj0rnqPmVluWk09DWtNC07TImmvE864bnn7qD0Fc\/q2yW88+1XylXGGHAU\/Wohf32puYjdOc84xyKoXoIm8rcxCccnrWKRoovdmjbG4TBhZwfUHNem\/DjxLe61r0FldDc1v8+\/vxgYryvTJpre6Xy2OGYAqeQa9D8E3B0nxc88nlQ4hO1pDtVySCBmtYaNCfW575LMZR8wC49etVi7Anao57msTWfFUOkadFe3sFxA8uAoeNioY9MkdqTQPFQ1izkkl069t5EByzQv5XTIO7HAPvXZdbHKeO\/EC5M\/ia+nJyPM2A\/Suq+DMjXbajaorsxVWAUZJ5IrgPFF4ZZXkb70szP\/Ot3wd4nufDJhn0hRbzXFqY5Wf5tx3H5h+lcdOXv8x3zjeHKe5Xek2llZNJrd3BZ2+MlWYbjXL3\/wAVdB0lhBoumG7C8NNL3+ma8x1jWbrUpjNqF5LdSE\/xtkCsOe\/2kAcfSuiVQ5o0jiRnFRkEnNWYoTJ04FSNbBV96807bFQjK9KVVp5GODT4kDHigRa022Msq8d666eEQ2OB6Vl6DaAuGYVu3qhoCtWloaxLml3PkaG2305p9nCL3TnuBxiqmgSxOBbSkbScEVua\/Hb6XZAWrYVxyKEaT1RxMg23fyjo1e9fCrUoLPTZDcTxwBjwZDtB\/E8V4dpaLcTsW5JNeoeENavNNtzbWJlad+RExQxMP9oMP1BFaUX72py1\/hPZVu4rlflZZBjqpyKxfEN9qttYN\/ZFtHcXZcKokOAq9zXFvrN9E4kbQJNKvWOGkt7kQqx9drDa34g1pDxRrCRIl\/pYfLY8+GZCMerDt\/L6V2pHA5XPIfEtvcW3i\/UZnMd1dCQ+ZEgxk4Gdo7iuc1Gznula4uTHbw7sbpVK8\/3cYyT9K2fH+1\/E1\/OZGSZpAfKxyvA53dPyrU+EGnweIvG9nbatF9vtxFNIY5iWHypj+bCuHaozpUfducPp6QW9wSstrs2kbt2CT\/wLFVLqwaW6kdZICrHIPnJ\/jX1HP4D8F3cmIotJJ7K+8DHtiQZq4fhJ8P7sExaQnHUxzMcf+PGt3GEdXf7v+CQpyeiS+\/8A4B8rxWbRmM+ZbkqQfkmQn+ddxodqPEd3HaS3NtYpj\/XXLYQD617JL8B\/AsvS2vIv92Uf1BqnN+z14OcHyrrU0PYF0x\/6BStTb3\/AUuZ7r8SzFr\/hPQNMtI5LuXXJrWMJHEBkMwHDHsPauS8R\/E7xDqFjPBBGthbOCCsa4LZ4xmtWb9nDw+2fL1O8X6qrf4VVm\/ZzsbeJ5LfXLkMqlgqwgM2BnA\/ede1auUH1\/P8AyJimt4\/l\/meJeIwQLVSfmKkkenNaRYQwWsYI3IgXjtXc23wdvtRu47NZ9etWkyPOubcrEmBnlg5xXNyeGLq21HVdKnuhdS6bctbif++QAevU9cc1nKly6Jm0Kyk72sc+xuLqTZGjEk4rSs\/Ds5XfOpGemOa2tBitHtSTHidTtfHWtjYEGVOR6VcKaauyJ1GnZHicUbqtPzxzUyQsSAelTGy3EbQa887EZkkZfoKuadZliCRV+HTGbAK1q2lgIF+7zVJBYmsYxEowMVbceYCDTEGB0p+cU0yzPaB7e5WWMnGeava9qHnacq5O7FNfms2+mXd5bGgbZD4evFtrwNLyCa9I8O3Mkut6ZcWYdis4DIv8S4Of0zXmNmiifDcAV2Wk6g2n2ssto7LcBfkYHoO\/6Uk7GUloe2abfw61YxSxRsoKkeW45HOOR+FJH4dmW4MkUi2UKjLE8L+XSr\/wp0S71zwdYz26wwJukH2lzlvvHoo\/qa3tf1nwT4CTzdd1Jb28X5liY+Y+faMcD613qqrKxwunqfMXxRsoLLxXcxwPvQojb+xyOwrf\/Z6tWl8ayzbSUhsJzu7ZLwjH5ZrE+LXjK18c+KX1eztHtYDEsSo5GSFzycdOtd1+zXb7rjU5cceURn6sv\/xNcu82zp2gj2R9Njd2RodOPzEKGhBJ9vvDmpjp9tpq7bO2gg3DLBI9oJGPT61bl8tLmJnLtmVlA8ktgnAHI+6Pc\/0pNQX7w\/2OPxYChyZKiitF5ruoaEAFsZBf+RT+tWvsw\/vGvKvDvxYit9SuY9Rjmb7dfyMpDFlhQJHGiKOTy456Abs0al8VNWNzNc2EccMCW12Uglw4LxyrGjE4B5+Y4z374zRXTozVOe7\/AFv\/AJE0pxqQc47L+v1PVPs3+1+lVruBkClfObqP3Yz271y1z4q1KLxPLZRXKNbHVLWzVSikKjWzSvg++Bzzist\/Heo3Uqarar5KzabYOlpI5eNXnuymeMZOwda1jRm9f61JlVgtP60O3iicMHMk+P7si4zXz7FKs+v+JJw3+s1a5x+DkfyxXunh3VLrVrO8mupA+zU7qCLCgYjjkZFHHXp1rwDw1Mk1veTuCTcX1xJ9cuaummpNMUrON0VL5W0LUVu4z\/o9wcP\/ALLVtRlJUV87lYZBp17YpeRNbzpiOQY9fxFc9a6k3huaSyvh5sQ5ik9RVX9m9dmJL2i03RBc+CgH8yL7vpQugJGMFeRXaOhXIqlOgIPFcUj0lA5dNOCNjbUhtAO1aM4IPAqu3BzSFYoSweX9aqt1q9cPk1UK80ARPwprmdZkZZQw4rp5FOziub11cug7mgTJbZRdWylDiTvXqPwy8CQa3EZtSuJRGOPLjIBb6n0rzvw7pUkzxKoyzHGK+kvBmhJomkxZXbIwyc96pR6szvfQ39N06HR9OisLBGgtYiWSMMSAT1PPeuK8afCax8QmS9sZBY3zZZjjMcp\/2h2PuPyNdhNqsUAOW4+tYOoeIyOjqMd81an2E4I+d\/FGhaj4c1A2GpQCOYDIKnKuvqD3Fezfs0xqlnq8wGW\/crj6tJ\/hXGfFi7\/tC0s5G+aSOfYrHsGByM\/UCu4\/ZwtXtLLW955+0wJn6Ju\/9npWabZMmrWPX2ntEdXdpkKkttM5UHJzyCRmi6E07SD7OyLlQhHJIGDkjtzkYz2z7Vk+MvE8\/hfRzfsksmZVjCxQbm5zz97pxXFx\/G+FWVZ18otwBLbOD+hrGc6i+GlKS7pX\/wCCJez2lNJ9m7FJPgvPDe2s6a1FIsEvmENbOpb96H9T2GKWb4X6qLdkS8sHzEyZZ2XJafe3Vf7v616NbS6os6JPpNvHGx+eSKQcD1x3q4sC7BI+cnafkLA4x3weaTrrGP2k73Vt01tr+oRw\/wBXXJG1nfZ33OGHhbU49RFwBA4W\/e5G2UfdWw8lOv8At5qnZeEtXt47GJ7Jisa6JCxVlYYgZnlPB6AmvSoIIAxZPMJAxh2Yj8mptzax4MoGNvUKq8\/n\/jXVTrOEVBbJJfcZSoqTcnu\/1Oc8LRy6V4ZC3kZhuVku7mSNvvAPO7Ake4rwPwXLs0G2JXl9z7j7mvoXxRKlp4a1i6VQpjsZ3JwM8ISOQT7182+D2WLSYw10JYzg7SuPKOBlQe\/IrSnK8m31FKNo2OtE6EffHXv3qK7tLa7QLcRRyAHIBHSqMkYkl3AkDGQfUVE91JG3Ube2RXRozHVHSHDrnNVJoQc80kVwHUc02V+DXltnuK1jNu4+uDWc65zzWhcnOeay7iTYDU3MmitJHl+DThb5HvUBuAG61LHcr600IjmhKqay7jwfrWs3EdxaWckkI\/iHStyaVJICO9d54Z8W2Vho0FnvRZgMVooszlJFfwD4IbRwl9qIHnDlUPQV2d\/r2xOCFHYelYdzrJnQlGXaehBrMmuS\/wB5gfaqt3IvbY0L\/WJGzhs85rGnvZLiQIoZ3YgBRyWPpTJpMnqN3vV\/wlbG58QW7FQUizK3tjofzIqrpIle87CXPwzvfEMMcGqSR2cAcSsFcNIAAcDHQE57\/lWxp3w+Hh\/jR\/EuvWU85BaGCVNrsBgMylcZwPyArulntFLyMOQeWPc49Kxr+9ttMgluUl3M4JLMMYUenoKydRndHDw7HJeL9A8bXlkYYvFLapFERJ9mubSLfkA9HTBPU8HFcHpes+K\/D2oxXcEGnTSQucRzI4UnoQwDCmeIfiXqtxron0oyR2kXG9uFfnkg\/pmkGuDVbpbqWCGOSQ75dshALeuegzweK6KNWoly30OKvQoyfOlqjuE+PHjCIFbvwzpk3GD5Mzp\/PNWo\/wBoO4MYjvfBtzGBjmK7V88ejKK898\/eG2YwXAAEuT3\/AD+tdZqXgq40jRjrNxe+dCih54o15VAOee+O\/Tik4xQoxctjpbT9orw\/ECl1oWuQknJ8uBHA+uG\/pWlF+0H4ElQia7vbQ4\/5bWj8f98g1l61o+nX3hg3dtYQBYYxMpjQAso5Iz3yM1i+NfDOlR6fBPp2nQiTcihQMBweMHPvjmo901dGSVza8b\/GDwZqfgfXLaw1+Ce6uLGWGKLy3VnZ1KgAFR615BpUz21lGqnAKjI98dam13w02kP5epadHFI3KEYKt9COKryMqRgA\/dWtIq2xi10Zovqwh2uAQucHPOavLcQTRqZ9oHVB1OPWuNvLsqCmSRjpmrPh\/WQry20jAYG9WPXHcfqD+dWqmtmZypmha+KhboFep38ZwlOBk1yLBWJD1TkKRvwaxlBG8aktjtf+EgSU5INVJ9Qa4z5aHFYSXKxKMnOa0bLUI1ib1pqEROchZjLLjapBqSPdHF84+aqyXkruCw+WknWW4lG1iq1SSJbbLkWp7QUaPirUE8MqfKhB9apCzZ1VcHPrViO3mhTYq5+tWiTcsb6eHGGJQ8YNbUU5uEypFchbNeJ8roQp6GtSEXj2xW3kCNnn1IolG60Fex0+n6bPqMjCJRsThpCPlX6+p9hzXbaBo0WjRbjnzZBh3PVsdvYVzui2HhsQxbFup5ZTsaNl2P77juY\/ipFdLqF\/HZl7eUhYwAylj1Hb39R+FctS6OzDKLZZlCyjzJJNyDnGcA+led\/EPV9RdI9M0qEzXl83kxhQTsXklvTA9+Oa2r3xDBkBXkKjjCgnpWfJ4ih0uznvLj\/RVIJMsoAkb2A7CsVvc7JtNWuUdG8K6H4JtPt2rJDqGp7dzyXHzKg9FB4UD9a5C91aPV9Rlu7K3jtrWRtyRwqAh\/2gAO\/WuF8Z+N7vxLdSKkki2meAW5f3P+Fcwk8sX3JHT\/dJFaRlyu7OKrJSXLFWR7do9pFq015BNK6XBgZ4diAYYHr06D2rv\/Dfi6R\/D9tDcxwzB4ykwcZHUg\/hXi3wX1B5vFTW93NLJ5tuyIXcnHI4\/wA+leoaRFa2ETWoKsyMwOfXJzWrlzK4UtGdjNrRitYYLCGKOBAIxGigKqjoAOmKpapNBrlqLW5jMaKySArxgowYfhxVC3mERYhhggVK6SbSCzMH6gVgzsvocz8ULv7SdPYNuDMzfgAP8RXCzyjGPzrrviIyLDYqF27GYD8R\/wDWriXkzk5ropvQ4a3xsz7xzg4GSTWXNK0T7lYg9MitC9JVmZfugfrWNcTLExJQPzgDOO1S2ZGlMzocAk1VmZsdK24kUo2QKz2RWmwVBGauSEioJ2QD5c1LFqjxggQ1MY0EpAUYq5aW8TglkBNJJhcr2s+o3ZxFHgeuK1bGwvHkxcShe9WIwIY\/3Y2\/Sq8cjvP8zE1aVhGrahoJNu4Pirnns0g+XA7mq9qox0p5YhuDWiEWL24wqqnSqiXUqnccqo7irMyhrfcRk+tUZGPlEZ4piLA8TzWNwrQTlZB3rS\/4TSS9MYu51lKgjn3rnTbxGHeUG7PWtDTtPtWBJhUk0Wu9QvbY6FtZVLR5bZVd8ZVQcV5X4qvtf125KzwzrDngH7pr0c2VvEqlIlU57VdlgikQB41YY7ipeHi9ivrErWZ49aeH4oPnunDt2Veg\/wAaoX9gtnK4VR5UgJU+ntXres6daCyJFvGCO+K801VR5ci44Vjj2rGrS5BwnzFTwvrB0fWYrncUBGxmXque\/wCeK9P0\/Vbr7YzzhdkhzuHvXjsQGZD33YrutCnlfToNzsflK8+g6VmtrGqep69YKJcEHeDxkc1qxWr52HcQqnaT1rjvAE8pidS7EB8DnpXdOxyrZO496lo6qctDz74hHNjCTgFJh1HOcGvPpZPk5J69K9S+IiifQZWkAZo2VlJ6g5xXk0nGKuOxzVl7xHPITG2e53VgXEn77G5QVAGf8\/54rZkJ3fhWI6j7TKMcbj\/OlIzR\/9k=\" data-src='https:\/\/lii-mkt-content.s3.amazonaws.com\/livingston-content\/uploads\/2020\/11\/08053622\/masthead-services-trade-technology-mylivingston.jpg' alt=\"\" \/>\n\t\t\t<\/div>\n\n\t<div class=\"masthead-container\" style=\"background: linear-gradient(90deg, rgba(0, 14, 28, 0.8) 0%, rgba(49, 70, 87, 0) 60%);\">\n\t\t<div class=\"grid-container\">\n\t\t\t<div id=\"mastheadContent\" class=\"masthead-content \" style=\"filter: drop-shadow(0px 0px 40px rgba(42, 52, 61, 0.5))\">\n\t\t\t\t<div class=\"grid-x masthead-breadcrumbs\">\n\t\t\t\t\t<div class=\"small-12 cell\">\n\t\t\t\t\t\t\n\n\t<section class=\"breadcrumbs hide-for-small-only clearfix\" itemprop=\"breadcrumb\">\n\t\t<span property=\"itemListElement\" typeof=\"ListItem\">\n\t\t\t\t\t<a property=\"item\" typeof=\"WebPage\" title=\"Aller \u00e0 Soci\u00e9t\u00e9 internationale Livingston.\" href=\"https:\/\/staging.livingstonintl.com\/fr\/\" class=\"home\"><span property=\"name\">Accueil<\/span><\/a>&nbsp;\/&nbsp;\n\t\t\t\t<meta property=\"position\" content=\"1\"><\/span>\n\t\t<\/section>\n\t\t\t\t\t<\/div>\n\t\t\t\t<\/div>\n\t\t\t\t<div class=\"grid-x\">\n\t\t\t\t\t<div class=\"small-12 cell\">\n\t\t\t\t\t\t<h1 style=\"filter: drop-shadow(0px 0px 40px rgba(42, 52, 61, 0.5)); width:calc(1em * 10.7);\">\n\t\t\t\t\t\t\t<span class=\"white\">ASSURANCE <br>INT\u00c9GR\u00c9E DES <\/span>\n\t\t\t\t\t\t\t<span class=\"orange\">TECHNOLOGIES <br>COMMERCIALES<\/span>\n\t\t\t\t\t\t<\/h1>\n\t\t\t\t\t<\/div>\n\t\t\t\t<\/div>\n\t\t\t\t<div class=\"grid-x\">\n\t\t\t\t\t<div class=\"small-12 cell\">\n\t\t\t\t\t\t<p style=\"width:calc(1em * 25);\">\n\t\t\t\t\t\t\tLa technologie du commerce offre un contr\u00f4le int\u00e9gr\u00e9 ultime. Perspectives plus claires. Conformit\u00e9 fiable. Une documentation pr\u00e9cise pour d\u00e9douaner sans d\u00e9lai.\t\t\t\t\t\t<\/p>\n\t\t\t\t\t\t\t\t\t\t\t<\/div>\n\t\t\t\t<\/div>\n\t\t\t<\/div>\n\t\t<\/div>\n\t<\/div>\n\n\t<div class=\"masthead-background show-for-small-only\">\n\t\t\t\t\t<img decoding=\"async\" src=\"data:image\/image\/jpeg;base64, \/9j\/4AAQSkZJRgABAQEAYABgAAD\/\/gA7Q1JFQVRPUjogZ2QtanBlZyB2MS4wICh1c2luZyBJSkcgSlBFRyB2NjIpLCBxdWFsaXR5ID0gODIK\/9sAQwAGBAQFBAQGBQUFBgYGBwkOCQkICAkSDQ0KDhUSFhYVEhQUFxohHBcYHxkUFB0nHR8iIyUlJRYcKSwoJCshJCUk\/9sAQwEGBgYJCAkRCQkRJBgUGCQkJCQkJCQkJCQkJCQkJCQkJCQkJCQkJCQkJCQkJCQkJCQkJCQkJCQkJCQkJCQkJCQk\/8AAEQgAawC+AwEiAAIRAQMRAf\/EAB8AAAEFAQEBAQEBAAAAAAAAAAABAgMEBQYHCAkKC\/\/EALUQAAIBAwMCBAMFBQQEAAABfQECAwAEEQUSITFBBhNRYQcicRQygZGhCCNCscEVUtHwJDNicoIJChYXGBkaJSYnKCkqNDU2Nzg5OkNERUZHSElKU1RVVldYWVpjZGVmZ2hpanN0dXZ3eHl6g4SFhoeIiYqSk5SVlpeYmZqio6Slpqeoqaqys7S1tre4ubrCw8TFxsfIycrS09TV1tfY2drh4uPk5ebn6Onq8fLz9PX29\/j5+v\/EAB8BAAMBAQEBAQEBAQEAAAAAAAABAgMEBQYHCAkKC\/\/EALURAAIBAgQEAwQHBQQEAAECdwABAgMRBAUhMQYSQVEHYXETIjKBCBRCkaGxwQkjM1LwFWJy0QoWJDThJfEXGBkaJicoKSo1Njc4OTpDREVGR0hJSlNUVVZXWFlaY2RlZmdoaWpzdHV2d3h5eoKDhIWGh4iJipKTlJWWl5iZmqKjpKWmp6ipqrKztLW2t7i5usLDxMXGx8jJytLT1NXW19jZ2uLj5OXm5+jp6vLz9PX29\/j5+v\/aAAwDAQACEQMRAD8A+dJphkKKrTyZ4FAHeoW60DuIDzSY3HmlKkc09RkUCEWPBqzBFvIGKZCpY4rd07TCI\/NccUDirjbPSZr2RIIELO\/AFXNW8GX+ixCe4AKH07V2XgWzgiWS\/lAyvTPpTfFWqTazHIgAEa8AU1c6HTSjdnO+DwP7QjAH417LoNrbXN5CLmUKjFoyO+DE4yPxIrxTQJjZ3WW4IOBX0Z8K3t7jTJJWiBnDffxz6VvR1Zy1dImlY68ZbRVTT7+6lPLCGEhdx+98xwOue9LYWhsS81r4duLd5Dlg88frnj5jge1dDFB9mDfMx3MSPxOaQy\/NjGT7113OLl7nhHj7xtP4lhvLEWSwvpsh3OGyQC22vK9V0RXuoioGyRRwvr7Cut1y9bT\/ABnrtsYt8d3JJC6jtltwP4Yrl9avJILoSxqysnA5xj0rnqPmVluWk09DWtNC07TImmvE864bnn7qD0Fc\/q2yW88+1XylXGGHAU\/Wohf32puYjdOc84xyKoXoIm8rcxCccnrWKRoovdmjbG4TBhZwfUHNem\/DjxLe61r0FldDc1v8+\/vxgYryvTJpre6Xy2OGYAqeQa9D8E3B0nxc88nlQ4hO1pDtVySCBmtYaNCfW575LMZR8wC49etVi7Anao57msTWfFUOkadFe3sFxA8uAoeNioY9MkdqTQPFQ1izkkl069t5EByzQv5XTIO7HAPvXZdbHKeO\/EC5M\/ia+nJyPM2A\/Suq+DMjXbajaorsxVWAUZJ5IrgPFF4ZZXkb70szP\/Ot3wd4nufDJhn0hRbzXFqY5Wf5tx3H5h+lcdOXv8x3zjeHKe5Xek2llZNJrd3BZ2+MlWYbjXL3\/wAVdB0lhBoumG7C8NNL3+ma8x1jWbrUpjNqF5LdSE\/xtkCsOe\/2kAcfSuiVQ5o0jiRnFRkEnNWYoTJ04FSNbBV96807bFQjK9KVVp5GODT4kDHigRa022Msq8d666eEQ2OB6Vl6DaAuGYVu3qhoCtWloaxLml3PkaG2305p9nCL3TnuBxiqmgSxOBbSkbScEVua\/Hb6XZAWrYVxyKEaT1RxMg23fyjo1e9fCrUoLPTZDcTxwBjwZDtB\/E8V4dpaLcTsW5JNeoeENavNNtzbWJlad+RExQxMP9oMP1BFaUX72py1\/hPZVu4rlflZZBjqpyKxfEN9qttYN\/ZFtHcXZcKokOAq9zXFvrN9E4kbQJNKvWOGkt7kQqx9drDa34g1pDxRrCRIl\/pYfLY8+GZCMerDt\/L6V2pHA5XPIfEtvcW3i\/UZnMd1dCQ+ZEgxk4Gdo7iuc1Gznula4uTHbw7sbpVK8\/3cYyT9K2fH+1\/E1\/OZGSZpAfKxyvA53dPyrU+EGnweIvG9nbatF9vtxFNIY5iWHypj+bCuHaozpUfducPp6QW9wSstrs2kbt2CT\/wLFVLqwaW6kdZICrHIPnJ\/jX1HP4D8F3cmIotJJ7K+8DHtiQZq4fhJ8P7sExaQnHUxzMcf+PGt3GEdXf7v+CQpyeiS+\/8A4B8rxWbRmM+ZbkqQfkmQn+ddxodqPEd3HaS3NtYpj\/XXLYQD617JL8B\/AsvS2vIv92Uf1BqnN+z14OcHyrrU0PYF0x\/6BStTb3\/AUuZ7r8SzFr\/hPQNMtI5LuXXJrWMJHEBkMwHDHsPauS8R\/E7xDqFjPBBGthbOCCsa4LZ4xmtWb9nDw+2fL1O8X6qrf4VVm\/ZzsbeJ5LfXLkMqlgqwgM2BnA\/ede1auUH1\/P8AyJimt4\/l\/meJeIwQLVSfmKkkenNaRYQwWsYI3IgXjtXc23wdvtRu47NZ9etWkyPOubcrEmBnlg5xXNyeGLq21HVdKnuhdS6bctbif++QAevU9cc1nKly6Jm0Kyk72sc+xuLqTZGjEk4rSs\/Ds5XfOpGemOa2tBitHtSTHidTtfHWtjYEGVOR6VcKaauyJ1GnZHicUbqtPzxzUyQsSAelTGy3EbQa887EZkkZfoKuadZliCRV+HTGbAK1q2lgIF+7zVJBYmsYxEowMVbceYCDTEGB0p+cU0yzPaB7e5WWMnGeava9qHnacq5O7FNfms2+mXd5bGgbZD4evFtrwNLyCa9I8O3Mkut6ZcWYdis4DIv8S4Of0zXmNmiifDcAV2Wk6g2n2ssto7LcBfkYHoO\/6Uk7GUloe2abfw61YxSxRsoKkeW45HOOR+FJH4dmW4MkUi2UKjLE8L+XSr\/wp0S71zwdYz26wwJukH2lzlvvHoo\/qa3tf1nwT4CTzdd1Jb28X5liY+Y+faMcD613qqrKxwunqfMXxRsoLLxXcxwPvQojb+xyOwrf\/Z6tWl8ayzbSUhsJzu7ZLwjH5ZrE+LXjK18c+KX1eztHtYDEsSo5GSFzycdOtd1+zXb7rjU5cceURn6sv\/xNcu82zp2gj2R9Njd2RodOPzEKGhBJ9vvDmpjp9tpq7bO2gg3DLBI9oJGPT61bl8tLmJnLtmVlA8ktgnAHI+6Pc\/0pNQX7w\/2OPxYChyZKiitF5ruoaEAFsZBf+RT+tWvsw\/vGvKvDvxYit9SuY9Rjmb7dfyMpDFlhQJHGiKOTy456Abs0al8VNWNzNc2EccMCW12Uglw4LxyrGjE4B5+Y4z374zRXTozVOe7\/AFv\/AJE0pxqQc47L+v1PVPs3+1+lVruBkClfObqP3Yz271y1z4q1KLxPLZRXKNbHVLWzVSikKjWzSvg++Bzzist\/Heo3Uqarar5KzabYOlpI5eNXnuymeMZOwda1jRm9f61JlVgtP60O3iicMHMk+P7si4zXz7FKs+v+JJw3+s1a5x+DkfyxXunh3VLrVrO8mupA+zU7qCLCgYjjkZFHHXp1rwDw1Mk1veTuCTcX1xJ9cuaummpNMUrON0VL5W0LUVu4z\/o9wcP\/ALLVtRlJUV87lYZBp17YpeRNbzpiOQY9fxFc9a6k3huaSyvh5sQ5ik9RVX9m9dmJL2i03RBc+CgH8yL7vpQugJGMFeRXaOhXIqlOgIPFcUj0lA5dNOCNjbUhtAO1aM4IPAqu3BzSFYoSweX9aqt1q9cPk1UK80ARPwprmdZkZZQw4rp5FOziub11cug7mgTJbZRdWylDiTvXqPwy8CQa3EZtSuJRGOPLjIBb6n0rzvw7pUkzxKoyzHGK+kvBmhJomkxZXbIwyc96pR6szvfQ39N06HR9OisLBGgtYiWSMMSAT1PPeuK8afCax8QmS9sZBY3zZZjjMcp\/2h2PuPyNdhNqsUAOW4+tYOoeIyOjqMd81an2E4I+d\/FGhaj4c1A2GpQCOYDIKnKuvqD3Fezfs0xqlnq8wGW\/crj6tJ\/hXGfFi7\/tC0s5G+aSOfYrHsGByM\/UCu4\/ZwtXtLLW955+0wJn6Ju\/9npWabZMmrWPX2ntEdXdpkKkttM5UHJzyCRmi6E07SD7OyLlQhHJIGDkjtzkYz2z7Vk+MvE8\/hfRzfsksmZVjCxQbm5zz97pxXFx\/G+FWVZ18otwBLbOD+hrGc6i+GlKS7pX\/wCCJez2lNJ9m7FJPgvPDe2s6a1FIsEvmENbOpb96H9T2GKWb4X6qLdkS8sHzEyZZ2XJafe3Vf7v616NbS6os6JPpNvHGx+eSKQcD1x3q4sC7BI+cnafkLA4x3weaTrrGP2k73Vt01tr+oRw\/wBXXJG1nfZ33OGHhbU49RFwBA4W\/e5G2UfdWw8lOv8At5qnZeEtXt47GJ7Jisa6JCxVlYYgZnlPB6AmvSoIIAxZPMJAxh2Yj8mptzax4MoGNvUKq8\/n\/jXVTrOEVBbJJfcZSoqTcnu\/1Oc8LRy6V4ZC3kZhuVku7mSNvvAPO7Ake4rwPwXLs0G2JXl9z7j7mvoXxRKlp4a1i6VQpjsZ3JwM8ISOQT7182+D2WLSYw10JYzg7SuPKOBlQe\/IrSnK8m31FKNo2OtE6EffHXv3qK7tLa7QLcRRyAHIBHSqMkYkl3AkDGQfUVE91JG3Ube2RXRozHVHSHDrnNVJoQc80kVwHUc02V+DXltnuK1jNu4+uDWc65zzWhcnOeay7iTYDU3MmitJHl+DThb5HvUBuAG61LHcr600IjmhKqay7jwfrWs3EdxaWckkI\/iHStyaVJICO9d54Z8W2Vho0FnvRZgMVooszlJFfwD4IbRwl9qIHnDlUPQV2d\/r2xOCFHYelYdzrJnQlGXaehBrMmuS\/wB5gfaqt3IvbY0L\/WJGzhs85rGnvZLiQIoZ3YgBRyWPpTJpMnqN3vV\/wlbG58QW7FQUizK3tjofzIqrpIle87CXPwzvfEMMcGqSR2cAcSsFcNIAAcDHQE57\/lWxp3w+Hh\/jR\/EuvWU85BaGCVNrsBgMylcZwPyArulntFLyMOQeWPc49Kxr+9ttMgluUl3M4JLMMYUenoKydRndHDw7HJeL9A8bXlkYYvFLapFERJ9mubSLfkA9HTBPU8HFcHpes+K\/D2oxXcEGnTSQucRzI4UnoQwDCmeIfiXqtxron0oyR2kXG9uFfnkg\/pmkGuDVbpbqWCGOSQ75dshALeuegzweK6KNWoly30OKvQoyfOlqjuE+PHjCIFbvwzpk3GD5Mzp\/PNWo\/wBoO4MYjvfBtzGBjmK7V88ejKK898\/eG2YwXAAEuT3\/AD+tdZqXgq40jRjrNxe+dCih54o15VAOee+O\/Tik4xQoxctjpbT9orw\/ECl1oWuQknJ8uBHA+uG\/pWlF+0H4ElQia7vbQ4\/5bWj8f98g1l61o+nX3hg3dtYQBYYxMpjQAso5Iz3yM1i+NfDOlR6fBPp2nQiTcihQMBweMHPvjmo901dGSVza8b\/GDwZqfgfXLaw1+Ce6uLGWGKLy3VnZ1KgAFR615BpUz21lGqnAKjI98dam13w02kP5epadHFI3KEYKt9COKryMqRgA\/dWtIq2xi10Zovqwh2uAQucHPOavLcQTRqZ9oHVB1OPWuNvLsqCmSRjpmrPh\/WQry20jAYG9WPXHcfqD+dWqmtmZypmha+KhboFep38ZwlOBk1yLBWJD1TkKRvwaxlBG8aktjtf+EgSU5INVJ9Qa4z5aHFYSXKxKMnOa0bLUI1ib1pqEROchZjLLjapBqSPdHF84+aqyXkruCw+WknWW4lG1iq1SSJbbLkWp7QUaPirUE8MqfKhB9apCzZ1VcHPrViO3mhTYq5+tWiTcsb6eHGGJQ8YNbUU5uEypFchbNeJ8roQp6GtSEXj2xW3kCNnn1IolG60Fex0+n6bPqMjCJRsThpCPlX6+p9hzXbaBo0WjRbjnzZBh3PVsdvYVzui2HhsQxbFup5ZTsaNl2P77juY\/ipFdLqF\/HZl7eUhYwAylj1Hb39R+FctS6OzDKLZZlCyjzJJNyDnGcA+led\/EPV9RdI9M0qEzXl83kxhQTsXklvTA9+Oa2r3xDBkBXkKjjCgnpWfJ4ih0uznvLj\/RVIJMsoAkb2A7CsVvc7JtNWuUdG8K6H4JtPt2rJDqGp7dzyXHzKg9FB4UD9a5C91aPV9Rlu7K3jtrWRtyRwqAh\/2gAO\/WuF8Z+N7vxLdSKkki2meAW5f3P+Fcwk8sX3JHT\/dJFaRlyu7OKrJSXLFWR7do9pFq015BNK6XBgZ4diAYYHr06D2rv\/Dfi6R\/D9tDcxwzB4ykwcZHUg\/hXi3wX1B5vFTW93NLJ5tuyIXcnHI4\/wA+leoaRFa2ETWoKsyMwOfXJzWrlzK4UtGdjNrRitYYLCGKOBAIxGigKqjoAOmKpapNBrlqLW5jMaKySArxgowYfhxVC3mERYhhggVK6SbSCzMH6gVgzsvocz8ULv7SdPYNuDMzfgAP8RXCzyjGPzrrviIyLDYqF27GYD8R\/wDWriXkzk5ropvQ4a3xsz7xzg4GSTWXNK0T7lYg9MitC9JVmZfugfrWNcTLExJQPzgDOO1S2ZGlMzocAk1VmZsdK24kUo2QKz2RWmwVBGauSEioJ2QD5c1LFqjxggQ1MY0EpAUYq5aW8TglkBNJJhcr2s+o3ZxFHgeuK1bGwvHkxcShe9WIwIY\/3Y2\/Sq8cjvP8zE1aVhGrahoJNu4Pirnns0g+XA7mq9qox0p5YhuDWiEWL24wqqnSqiXUqnccqo7irMyhrfcRk+tUZGPlEZ4piLA8TzWNwrQTlZB3rS\/4TSS9MYu51lKgjn3rnTbxGHeUG7PWtDTtPtWBJhUk0Wu9QvbY6FtZVLR5bZVd8ZVQcV5X4qvtf125KzwzrDngH7pr0c2VvEqlIlU57VdlgikQB41YY7ipeHi9ivrErWZ49aeH4oPnunDt2Veg\/wAaoX9gtnK4VR5UgJU+ntXres6daCyJFvGCO+K801VR5ci44Vjj2rGrS5BwnzFTwvrB0fWYrncUBGxmXque\/wCeK9P0\/Vbr7YzzhdkhzuHvXjsQGZD33YrutCnlfToNzsflK8+g6VmtrGqep69YKJcEHeDxkc1qxWr52HcQqnaT1rjvAE8pidS7EB8DnpXdOxyrZO496lo6qctDz74hHNjCTgFJh1HOcGvPpZPk5J69K9S+IiifQZWkAZo2VlJ6g5xXk0nGKuOxzVl7xHPITG2e53VgXEn77G5QVAGf8\/54rZkJ3fhWI6j7TKMcbj\/OlIzR\/9k=\" class=\"lii-lazy\" data-src='https:\/\/lii-mkt-content.s3.amazonaws.com\/livingston-content\/uploads\/2020\/11\/08053622\/masthead-services-trade-technology-mylivingston.jpg' alt=\"\" \/>\n\t\t\t<\/div>\n\n\t<!--\t\t<div class=\"masthead-breadcrumbs\">-->\n<!--\t\t\t<div class=\"grid-container\">-->\n<!--\t\t\t\t<div class=\"grid-x\">-->\n<!--\t\t\t\t\t<div class=\"small-12 cell\">-->\n<!--\t\t\t\t\t\t--><!--\t\t\t\t\t<\/div>-->\n<!--\t\t\t\t<\/div>-->\n<!--\t\t\t<\/div>-->\n<!--\t\t<\/div>-->\n\t\n<\/section>\n<!-- \/ MASTHEAD: MAIN -->\n","protected":false},"excerpt":{"rendered":"","protected":false},"author":36,"featured_media":0,"parent":27117,"menu_order":262,"comment_status":"closed","ping_status":"closed","template":"template-retired\/page-services-trade-technology.php","meta":{"_acf_changed":false,"footnotes":""},"class_list":["post-29739","page","type-page","status-publish","hentry"],"acf":[],"yoast_head":"<!-- This site is optimized with the Yoast SEO plugin v26.8 - https:\/\/yoast.com\/product\/yoast-seo-wordpress\/ -->\n<title>Technologie du commerce international - Livingston International<\/title>\n<meta name=\"robots\" content=\"noindex, follow, max-snippet:-1, max-image-preview:large, max-video-preview:-1\" \/>\n<meta property=\"og:locale\" content=\"fr_FR\" \/>\n<meta property=\"og:type\" content=\"article\" \/>\n<meta property=\"og:title\" content=\"Technologie du commerce international - Livingston International\" \/>\n<meta property=\"og:url\" content=\"https:\/\/staging.livingstonintl.com\/fr\/services-fr\/technologie-du-commerce-international\/\" \/>\n<meta property=\"og:site_name\" content=\"Livingston International\" \/>\n<meta property=\"article:publisher\" content=\"https:\/\/www.facebook.com\/livingstoninternational\" \/>\n<meta property=\"article:modified_time\" content=\"2020-12-24T00:04:20+00:00\" \/>\n<script type=\"application\/ld+json\" class=\"yoast-schema-graph\">{\"@context\":\"https:\/\/schema.org\",\"@graph\":[{\"@type\":\"WebPage\",\"@id\":\"https:\/\/staging.livingstonintl.com\/fr\/services-fr\/technologie-du-commerce-international\/\",\"url\":\"https:\/\/staging.livingstonintl.com\/fr\/services-fr\/technologie-du-commerce-international\/\",\"name\":\"Technologie du commerce international - Livingston International\",\"isPartOf\":{\"@id\":\"https:\/\/staging.livingstonintl.com\/fr\/#website\"},\"datePublished\":\"2015-12-03T21:45:34+00:00\",\"dateModified\":\"2020-12-24T00:04:20+00:00\",\"breadcrumb\":{\"@id\":\"https:\/\/staging.livingstonintl.com\/fr\/services-fr\/technologie-du-commerce-international\/#breadcrumb\"},\"inLanguage\":\"fr-FR\",\"potentialAction\":[{\"@type\":\"ReadAction\",\"target\":[\"https:\/\/staging.livingstonintl.com\/fr\/services-fr\/technologie-du-commerce-international\/\"]}]},{\"@type\":\"BreadcrumbList\",\"@id\":\"https:\/\/staging.livingstonintl.com\/fr\/services-fr\/technologie-du-commerce-international\/#breadcrumb\",\"itemListElement\":[{\"@type\":\"ListItem\",\"position\":1,\"name\":\"Accueil\",\"item\":\"https:\/\/staging.livingstonintl.com\/fr\/\"},{\"@type\":\"ListItem\",\"position\":2,\"name\":\"Services\",\"item\":\"https:\/\/staging.livingstonintl.com\/fr\/services-fr\/\"},{\"@type\":\"ListItem\",\"position\":3,\"name\":\"Technologie du commerce international\"}]},{\"@type\":\"WebSite\",\"@id\":\"https:\/\/staging.livingstonintl.com\/fr\/#website\",\"url\":\"https:\/\/staging.livingstonintl.com\/fr\/\",\"name\":\"Livingston International\",\"description\":\"Simplify Trade\",\"potentialAction\":[{\"@type\":\"SearchAction\",\"target\":{\"@type\":\"EntryPoint\",\"urlTemplate\":\"https:\/\/staging.livingstonintl.com\/fr\/?s={search_term_string}\"},\"query-input\":{\"@type\":\"PropertyValueSpecification\",\"valueRequired\":true,\"valueName\":\"search_term_string\"}}],\"inLanguage\":\"fr-FR\"}]}<\/script>\n<!-- \/ Yoast SEO plugin. -->","yoast_head_json":{"title":"Technologie du commerce international - Livingston International","robots":{"index":"noindex","follow":"follow","max-snippet":"max-snippet:-1","max-image-preview":"max-image-preview:large","max-video-preview":"max-video-preview:-1"},"og_locale":"fr_FR","og_type":"article","og_title":"Technologie du commerce international - Livingston International","og_url":"https:\/\/staging.livingstonintl.com\/fr\/services-fr\/technologie-du-commerce-international\/","og_site_name":"Livingston International","article_publisher":"https:\/\/www.facebook.com\/livingstoninternational","article_modified_time":"2020-12-24T00:04:20+00:00","schema":{"@context":"https:\/\/schema.org","@graph":[{"@type":"WebPage","@id":"https:\/\/staging.livingstonintl.com\/fr\/services-fr\/technologie-du-commerce-international\/","url":"https:\/\/staging.livingstonintl.com\/fr\/services-fr\/technologie-du-commerce-international\/","name":"Technologie du commerce international - Livingston International","isPartOf":{"@id":"https:\/\/staging.livingstonintl.com\/fr\/#website"},"datePublished":"2015-12-03T21:45:34+00:00","dateModified":"2020-12-24T00:04:20+00:00","breadcrumb":{"@id":"https:\/\/staging.livingstonintl.com\/fr\/services-fr\/technologie-du-commerce-international\/#breadcrumb"},"inLanguage":"fr-FR","potentialAction":[{"@type":"ReadAction","target":["https:\/\/staging.livingstonintl.com\/fr\/services-fr\/technologie-du-commerce-international\/"]}]},{"@type":"BreadcrumbList","@id":"https:\/\/staging.livingstonintl.com\/fr\/services-fr\/technologie-du-commerce-international\/#breadcrumb","itemListElement":[{"@type":"ListItem","position":1,"name":"Accueil","item":"https:\/\/staging.livingstonintl.com\/fr\/"},{"@type":"ListItem","position":2,"name":"Services","item":"https:\/\/staging.livingstonintl.com\/fr\/services-fr\/"},{"@type":"ListItem","position":3,"name":"Technologie du commerce international"}]},{"@type":"WebSite","@id":"https:\/\/staging.livingstonintl.com\/fr\/#website","url":"https:\/\/staging.livingstonintl.com\/fr\/","name":"Livingston International","description":"Simplify Trade","potentialAction":[{"@type":"SearchAction","target":{"@type":"EntryPoint","urlTemplate":"https:\/\/staging.livingstonintl.com\/fr\/?s={search_term_string}"},"query-input":{"@type":"PropertyValueSpecification","valueRequired":true,"valueName":"search_term_string"}}],"inLanguage":"fr-FR"}]}},"_links":{"self":[{"href":"https:\/\/staging.livingstonintl.com\/fr\/wp-json\/wp\/v2\/pages\/29739","targetHints":{"allow":["GET"]}}],"collection":[{"href":"https:\/\/staging.livingstonintl.com\/fr\/wp-json\/wp\/v2\/pages"}],"about":[{"href":"https:\/\/staging.livingstonintl.com\/fr\/wp-json\/wp\/v2\/types\/page"}],"author":[{"embeddable":true,"href":"https:\/\/staging.livingstonintl.com\/fr\/wp-json\/wp\/v2\/users\/36"}],"replies":[{"embeddable":true,"href":"https:\/\/staging.livingstonintl.com\/fr\/wp-json\/wp\/v2\/comments?post=29739"}],"version-history":[{"count":2,"href":"https:\/\/staging.livingstonintl.com\/fr\/wp-json\/wp\/v2\/pages\/29739\/revisions"}],"predecessor-version":[{"id":52773,"href":"https:\/\/staging.livingstonintl.com\/fr\/wp-json\/wp\/v2\/pages\/29739\/revisions\/52773"}],"up":[{"embeddable":true,"href":"https:\/\/staging.livingstonintl.com\/fr\/wp-json\/wp\/v2\/pages\/27117"}],"wp:attachment":[{"href":"https:\/\/staging.livingstonintl.com\/fr\/wp-json\/wp\/v2\/media?parent=29739"}],"curies":[{"name":"wp","href":"https:\/\/api.w.org\/{rel}","templated":true}]}}