{"id":28743,"date":"2015-11-12T17:31:44","date_gmt":"2015-11-12T17:31:44","guid":{"rendered":"http:\/\/livingston.gocactus.com\/fr\/?page_id=28743"},"modified":"2018-07-23T10:08:06","modified_gmt":"2018-07-23T14:08:06","slug":"candace-sider","status":"publish","type":"page","link":"https:\/\/staging.livingstonintl.com\/fr\/a-propos-de-nous\/executive-team\/candace-sider\/","title":{"rendered":"Candace Sider"},"content":{"rendered":"<p><strong>Candace Sider<br \/>\n<\/strong>Vice-pr\u00e9sidente des affaires gouvernementales et r\u00e9glementaires, Am\u00e9rique du Nord<\/p>\n<p><img loading=\"lazy\" decoding=\"async\" class=\"alignleft\" src=\"\/livingston-content\/uploads\/2014\/10\/Candace-Sider.jpg\" alt=\"Candace Sider\" width=\"135\" height=\"190\" \/><\/p>\n<p>Candace Sider a \u00e9t\u00e9 nomm\u00e9e vice-pr\u00e9sidente, affaires r\u00e9glementaires, Canada en 2014, charg\u00e9e de cr\u00e9er et mettre en \u0153uvre la strat\u00e9gie des affaires gouvernementales de la Soci\u00e9t\u00e9 internationale Livingston. Depuis son arriv\u00e9e chez Livingston en 2006 \u00e0 la suite de l\u2019acquisition de PBB, elle a exerc\u00e9 une influence profonde sur notre secteur, par sa promotion et sa d\u00e9fense du commerce international. Candace assure les liaisons politiques avec les autorit\u00e9s f\u00e9d\u00e9rales provinciales, les agences de r\u00e9glementation et les responsables des politiques. Elle contribue \u00e0 la d\u00e9finition de politiques et proc\u00e9dures du commerce international, pour aider Livingston \u00e0 mettre au point des solutions de gestion qui r\u00e9pondront aux besoins futurs de ses clients.<\/p>\n<p>Candace est sp\u00e9cialiste certifi\u00e9e des douanes et courtier en douane agr\u00e9\u00e9 depuis 1986. Elle est \u00e9galement lobbyiste enregistr\u00e9e aupr\u00e8s du gouvernement du Canada.<\/p>\n<p>En 2018, Candace a \u00e9t\u00e9 nomm\u00e9e pr\u00e9sidente de l\u2019International Federation of Custom Brokers Associations pour un mandat d\u2019une dur\u00e9e de 2 ans.\u00a0Elle si\u00e8ge au Comit\u00e9 consultatif sur les activit\u00e9s commerciales \u00e0 la fronti\u00e8re (CCACF) et \u00e0 plusieurs de ses comit\u00e9s de haut niveau. Elle est \u00e9galement ancienne pr\u00e9sidente et membre actuelle du conseil de la Soci\u00e9t\u00e9 canadienne des courtiers en douane, ainsi que directrice et tr\u00e9sori\u00e8re du conseil de l\u2019International Federation of Customs Brokers Associations.<\/p>\n<p>Sp\u00e9cialiste respect\u00e9e de la gestion des risques et de la conformit\u00e9, Candace prend souvent la parole \u00e0 des congr\u00e8s et s\u00e9minaires; elle est l\u2019auteure de divers articles sur les strat\u00e9gies de commerce international. Elle \u00e9crit r\u00e9guli\u00e8rement dans les Nouvelles du commerce international de Livingston, r\u00e9dige des livres blancs et tient un blogue hebdomadaire sur les questions de r\u00e9glementation, \u00e0 l\u2019\u00e9chelle mondiale.<\/p>\n","protected":false},"excerpt":{"rendered":"<p>Candace Sider Vice-pr\u00e9sidente des affaires gouvernementales et r\u00e9glementaires, Am\u00e9rique du Nord Candace Sider a \u00e9t\u00e9 nomm\u00e9e vice-pr\u00e9sidente, affaires r\u00e9glementaires, Canada en 2014, charg\u00e9e de cr\u00e9er et mettre en \u0153uvre la strat\u00e9gie des affaires gouvernementales de la Soci\u00e9t\u00e9 internationale Livingston. Depuis son arriv\u00e9e chez Livingston en 2006 \u00e0 la suite de l\u2019acquisition de PBB, elle a<a class=\"excerpt-read-more\" href=\"https:\/\/staging.livingstonintl.com\/fr\/a-propos-de-nous\/executive-team\/candace-sider\/\" title=\"ReadCandace Sider\">&#8230; Read more &raquo;<\/a><\/p>\n","protected":false},"author":36,"featured_media":0,"parent":354,"menu_order":591,"comment_status":"closed","ping_status":"closed","template":"","meta":{"_acf_changed":false,"footnotes":""},"class_list":["post-28743","page","type-page","status-publish","hentry"],"acf":[],"yoast_head":"<!-- This site is optimized with the Yoast SEO plugin v26.8 - https:\/\/yoast.com\/product\/yoast-seo-wordpress\/ -->\n<title>Candace Sider - Livingston International<\/title>\n<meta name=\"robots\" content=\"noindex, follow, max-snippet:-1, max-image-preview:large, max-video-preview:-1\" \/>\n<meta property=\"og:locale\" content=\"fr_FR\" \/>\n<meta property=\"og:type\" content=\"article\" \/>\n<meta property=\"og:title\" content=\"Candace Sider - Livingston International\" \/>\n<meta property=\"og:description\" content=\"Candace Sider Vice-pr\u00e9sidente des affaires gouvernementales et r\u00e9glementaires, Am\u00e9rique du Nord Candace Sider a \u00e9t\u00e9 nomm\u00e9e vice-pr\u00e9sidente, affaires r\u00e9glementaires, Canada en 2014, charg\u00e9e de cr\u00e9er et mettre en \u0153uvre la strat\u00e9gie des affaires gouvernementales de la Soci\u00e9t\u00e9 internationale Livingston. Depuis son arriv\u00e9e chez Livingston en 2006 \u00e0 la suite de l\u2019acquisition de PBB, elle a... Read more &raquo;\" \/>\n<meta property=\"og:url\" content=\"https:\/\/staging.livingstonintl.com\/fr\/a-propos-de-nous\/executive-team\/candace-sider\/\" \/>\n<meta property=\"og:site_name\" content=\"Livingston International\" \/>\n<meta property=\"article:publisher\" content=\"https:\/\/www.facebook.com\/livingstoninternational\" \/>\n<meta property=\"article:modified_time\" content=\"2018-07-23T14:08:06+00:00\" \/>\n<meta name=\"twitter:label1\" content=\"Dur\u00e9e de lecture estim\u00e9e\" \/>\n\t<meta name=\"twitter:data1\" content=\"2 minutes\" \/>\n<script type=\"application\/ld+json\" class=\"yoast-schema-graph\">{\"@context\":\"https:\/\/schema.org\",\"@graph\":[{\"@type\":\"WebPage\",\"@id\":\"https:\/\/staging.livingstonintl.com\/fr\/a-propos-de-nous\/executive-team\/candace-sider\/\",\"url\":\"https:\/\/staging.livingstonintl.com\/fr\/a-propos-de-nous\/executive-team\/candace-sider\/\",\"name\":\"Candace Sider - Livingston International\",\"isPartOf\":{\"@id\":\"https:\/\/staging.livingstonintl.com\/fr\/#website\"},\"datePublished\":\"2015-11-12T17:31:44+00:00\",\"dateModified\":\"2018-07-23T14:08:06+00:00\",\"breadcrumb\":{\"@id\":\"https:\/\/staging.livingstonintl.com\/fr\/a-propos-de-nous\/executive-team\/candace-sider\/#breadcrumb\"},\"inLanguage\":\"fr-FR\",\"potentialAction\":[{\"@type\":\"ReadAction\",\"target\":[\"https:\/\/staging.livingstonintl.com\/fr\/a-propos-de-nous\/executive-team\/candace-sider\/\"]}]},{\"@type\":\"BreadcrumbList\",\"@id\":\"https:\/\/staging.livingstonintl.com\/fr\/a-propos-de-nous\/executive-team\/candace-sider\/#breadcrumb\",\"itemListElement\":[{\"@type\":\"ListItem\",\"position\":1,\"name\":\"Accueil\",\"item\":\"https:\/\/staging.livingstonintl.com\/fr\/\"},{\"@type\":\"ListItem\",\"position\":2,\"name\":\"\u00c0 propos de nous\",\"item\":\"https:\/\/staging.livingstonintl.com\/fr\/a-propos-de-nous\/\"},{\"@type\":\"ListItem\",\"position\":3,\"name\":\"Direction\",\"item\":\"https:\/\/staging.livingstonintl.com\/fr\/a-propos-de-nous\/executive-team\/\"},{\"@type\":\"ListItem\",\"position\":4,\"name\":\"Candace Sider\"}]},{\"@type\":\"WebSite\",\"@id\":\"https:\/\/staging.livingstonintl.com\/fr\/#website\",\"url\":\"https:\/\/staging.livingstonintl.com\/fr\/\",\"name\":\"Livingston International\",\"description\":\"Simplify Trade\",\"potentialAction\":[{\"@type\":\"SearchAction\",\"target\":{\"@type\":\"EntryPoint\",\"urlTemplate\":\"https:\/\/staging.livingstonintl.com\/fr\/?s={search_term_string}\"},\"query-input\":{\"@type\":\"PropertyValueSpecification\",\"valueRequired\":true,\"valueName\":\"search_term_string\"}}],\"inLanguage\":\"fr-FR\"}]}<\/script>\n<!-- \/ Yoast SEO plugin. -->","yoast_head_json":{"title":"Candace Sider - Livingston International","robots":{"index":"noindex","follow":"follow","max-snippet":"max-snippet:-1","max-image-preview":"max-image-preview:large","max-video-preview":"max-video-preview:-1"},"og_locale":"fr_FR","og_type":"article","og_title":"Candace Sider - Livingston International","og_description":"Candace Sider Vice-pr\u00e9sidente des affaires gouvernementales et r\u00e9glementaires, Am\u00e9rique du Nord Candace Sider a \u00e9t\u00e9 nomm\u00e9e vice-pr\u00e9sidente, affaires r\u00e9glementaires, Canada en 2014, charg\u00e9e de cr\u00e9er et mettre en \u0153uvre la strat\u00e9gie des affaires gouvernementales de la Soci\u00e9t\u00e9 internationale Livingston. Depuis son arriv\u00e9e chez Livingston en 2006 \u00e0 la suite de l\u2019acquisition de PBB, elle a... Read more &raquo;","og_url":"https:\/\/staging.livingstonintl.com\/fr\/a-propos-de-nous\/executive-team\/candace-sider\/","og_site_name":"Livingston International","article_publisher":"https:\/\/www.facebook.com\/livingstoninternational","article_modified_time":"2018-07-23T14:08:06+00:00","twitter_misc":{"Dur\u00e9e de lecture estim\u00e9e":"2 minutes"},"schema":{"@context":"https:\/\/schema.org","@graph":[{"@type":"WebPage","@id":"https:\/\/staging.livingstonintl.com\/fr\/a-propos-de-nous\/executive-team\/candace-sider\/","url":"https:\/\/staging.livingstonintl.com\/fr\/a-propos-de-nous\/executive-team\/candace-sider\/","name":"Candace Sider - Livingston International","isPartOf":{"@id":"https:\/\/staging.livingstonintl.com\/fr\/#website"},"datePublished":"2015-11-12T17:31:44+00:00","dateModified":"2018-07-23T14:08:06+00:00","breadcrumb":{"@id":"https:\/\/staging.livingstonintl.com\/fr\/a-propos-de-nous\/executive-team\/candace-sider\/#breadcrumb"},"inLanguage":"fr-FR","potentialAction":[{"@type":"ReadAction","target":["https:\/\/staging.livingstonintl.com\/fr\/a-propos-de-nous\/executive-team\/candace-sider\/"]}]},{"@type":"BreadcrumbList","@id":"https:\/\/staging.livingstonintl.com\/fr\/a-propos-de-nous\/executive-team\/candace-sider\/#breadcrumb","itemListElement":[{"@type":"ListItem","position":1,"name":"Accueil","item":"https:\/\/staging.livingstonintl.com\/fr\/"},{"@type":"ListItem","position":2,"name":"\u00c0 propos de nous","item":"https:\/\/staging.livingstonintl.com\/fr\/a-propos-de-nous\/"},{"@type":"ListItem","position":3,"name":"Direction","item":"https:\/\/staging.livingstonintl.com\/fr\/a-propos-de-nous\/executive-team\/"},{"@type":"ListItem","position":4,"name":"Candace Sider"}]},{"@type":"WebSite","@id":"https:\/\/staging.livingstonintl.com\/fr\/#website","url":"https:\/\/staging.livingstonintl.com\/fr\/","name":"Livingston International","description":"Simplify Trade","potentialAction":[{"@type":"SearchAction","target":{"@type":"EntryPoint","urlTemplate":"https:\/\/staging.livingstonintl.com\/fr\/?s={search_term_string}"},"query-input":{"@type":"PropertyValueSpecification","valueRequired":true,"valueName":"search_term_string"}}],"inLanguage":"fr-FR"}]}},"_links":{"self":[{"href":"https:\/\/staging.livingstonintl.com\/fr\/wp-json\/wp\/v2\/pages\/28743","targetHints":{"allow":["GET"]}}],"collection":[{"href":"https:\/\/staging.livingstonintl.com\/fr\/wp-json\/wp\/v2\/pages"}],"about":[{"href":"https:\/\/staging.livingstonintl.com\/fr\/wp-json\/wp\/v2\/types\/page"}],"author":[{"embeddable":true,"href":"https:\/\/staging.livingstonintl.com\/fr\/wp-json\/wp\/v2\/users\/36"}],"replies":[{"embeddable":true,"href":"https:\/\/staging.livingstonintl.com\/fr\/wp-json\/wp\/v2\/comments?post=28743"}],"version-history":[{"count":0,"href":"https:\/\/staging.livingstonintl.com\/fr\/wp-json\/wp\/v2\/pages\/28743\/revisions"}],"up":[{"embeddable":true,"href":"https:\/\/staging.livingstonintl.com\/fr\/wp-json\/wp\/v2\/pages\/354"}],"wp:attachment":[{"href":"https:\/\/staging.livingstonintl.com\/fr\/wp-json\/wp\/v2\/media?parent=28743"}],"curies":[{"name":"wp","href":"https:\/\/api.w.org\/{rel}","templated":true}]}}