{"id":27535,"date":"2015-08-18T20:19:05","date_gmt":"2015-08-18T20:19:05","guid":{"rendered":"http:\/\/livingston.gocactus.com\/fr\/services-fr\/tradesphere\/tradesphere-restricted-party-screening-rps-2\/"},"modified":"2020-12-23T20:01:20","modified_gmt":"2020-12-24T01:01:20","slug":"tradesphere-mexico","status":"publish","type":"page","link":"https:\/\/staging.livingstonintl.com\/fr\/services-fr\/tradesphere\/tradesphere-mexico\/","title":{"rendered":"TradeSphere\u00ae IMMEX"},"content":{"rendered":"<h1><span class=\"blue\">TradeSphere\u00ae<\/span> <span class=\"orange\">IMMEX<\/span><\/h1>\n<p>TradeSphere IMMEX est une solution logicielle indispensable pour g\u00e9rer la complexit\u00e9 du transport de marchandises \u00e0 destination et en provenance du Mexique. Automatisez votre processus d\u2019exp\u00e9dition tout en r\u00e9duisant les erreurs et en cr\u00e9ant une piste de v\u00e9rification fiable.<\/p>\n","protected":false},"excerpt":{"rendered":"<p>Automatisez et g\u00e9rez les exp\u00e9ditions tout en rentabilisant les programmes commerciaux IMMEX applicables.<\/p>\n","protected":false},"author":3,"featured_media":27521,"parent":99,"menu_order":367,"comment_status":"closed","ping_status":"closed","template":"template-retired\/page-default-child.php","meta":{"_acf_changed":false,"footnotes":""},"class_list":["post-27535","page","type-page","status-publish","has-post-thumbnail","hentry"],"acf":[],"yoast_head":"<!-- This site is optimized with the Yoast SEO plugin v26.8 - https:\/\/yoast.com\/product\/yoast-seo-wordpress\/ -->\n<title>TradeSphere\u00ae IMMEX - Livingston International<\/title>\n<meta name=\"robots\" content=\"noindex, follow, max-snippet:-1, max-image-preview:large, max-video-preview:-1\" \/>\n<meta property=\"og:locale\" content=\"fr_FR\" \/>\n<meta property=\"og:type\" content=\"article\" \/>\n<meta property=\"og:title\" content=\"TradeSphere\u00ae IMMEX - Livingston International\" \/>\n<meta property=\"og:description\" content=\"Automatisez et g\u00e9rez les exp\u00e9ditions tout en rentabilisant les programmes commerciaux IMMEX applicables.\" \/>\n<meta property=\"og:url\" content=\"https:\/\/staging.livingstonintl.com\/fr\/services-fr\/tradesphere\/tradesphere-mexico\/\" \/>\n<meta property=\"og:site_name\" content=\"Livingston International\" \/>\n<meta property=\"article:publisher\" content=\"https:\/\/www.facebook.com\/livingstoninternational\" \/>\n<meta property=\"article:modified_time\" content=\"2020-12-24T01:01:20+00:00\" \/>\n<script type=\"application\/ld+json\" class=\"yoast-schema-graph\">{\"@context\":\"https:\/\/schema.org\",\"@graph\":[{\"@type\":\"WebPage\",\"@id\":\"https:\/\/staging.livingstonintl.com\/fr\/services-fr\/tradesphere\/tradesphere-mexico\/\",\"url\":\"https:\/\/staging.livingstonintl.com\/fr\/services-fr\/tradesphere\/tradesphere-mexico\/\",\"name\":\"TradeSphere\u00ae IMMEX - Livingston International\",\"isPartOf\":{\"@id\":\"https:\/\/staging.livingstonintl.com\/fr\/#website\"},\"primaryImageOfPage\":{\"@id\":\"https:\/\/staging.livingstonintl.com\/fr\/services-fr\/tradesphere\/tradesphere-mexico\/#primaryimage\"},\"image\":{\"@id\":\"https:\/\/staging.livingstonintl.com\/fr\/services-fr\/tradesphere\/tradesphere-mexico\/#primaryimage\"},\"thumbnailUrl\":\"https:\/\/lii-mkt-content.s3.amazonaws.com\/livingston-content\/uploads\/2015\/08\/25230435\/icon-mexico.svg\",\"datePublished\":\"2015-08-18T20:19:05+00:00\",\"dateModified\":\"2020-12-24T01:01:20+00:00\",\"breadcrumb\":{\"@id\":\"https:\/\/staging.livingstonintl.com\/fr\/services-fr\/tradesphere\/tradesphere-mexico\/#breadcrumb\"},\"inLanguage\":\"fr-FR\",\"potentialAction\":[{\"@type\":\"ReadAction\",\"target\":[\"https:\/\/staging.livingstonintl.com\/fr\/services-fr\/tradesphere\/tradesphere-mexico\/\"]}]},{\"@type\":\"ImageObject\",\"inLanguage\":\"fr-FR\",\"@id\":\"https:\/\/staging.livingstonintl.com\/fr\/services-fr\/tradesphere\/tradesphere-mexico\/#primaryimage\",\"url\":\"https:\/\/lii-mkt-content.s3.amazonaws.com\/livingston-content\/uploads\/2015\/08\/25230435\/icon-mexico.svg\",\"contentUrl\":\"https:\/\/lii-mkt-content.s3.amazonaws.com\/livingston-content\/uploads\/2015\/08\/25230435\/icon-mexico.svg\",\"width\":60,\"height\":60},{\"@type\":\"BreadcrumbList\",\"@id\":\"https:\/\/staging.livingstonintl.com\/fr\/services-fr\/tradesphere\/tradesphere-mexico\/#breadcrumb\",\"itemListElement\":[{\"@type\":\"ListItem\",\"position\":1,\"name\":\"Accueil\",\"item\":\"https:\/\/staging.livingstonintl.com\/fr\/\"},{\"@type\":\"ListItem\",\"position\":2,\"name\":\"Services\",\"item\":\"https:\/\/staging.livingstonintl.com\/fr\/services-fr\/\"},{\"@type\":\"ListItem\",\"position\":3,\"name\":\"TradeSphere\u00ae\",\"item\":\"https:\/\/staging.livingstonintl.com\/fr\/services-fr\/tradesphere\/\"},{\"@type\":\"ListItem\",\"position\":4,\"name\":\"TradeSphere\u00ae IMMEX\"}]},{\"@type\":\"WebSite\",\"@id\":\"https:\/\/staging.livingstonintl.com\/fr\/#website\",\"url\":\"https:\/\/staging.livingstonintl.com\/fr\/\",\"name\":\"Livingston International\",\"description\":\"Simplify Trade\",\"potentialAction\":[{\"@type\":\"SearchAction\",\"target\":{\"@type\":\"EntryPoint\",\"urlTemplate\":\"https:\/\/staging.livingstonintl.com\/fr\/?s={search_term_string}\"},\"query-input\":{\"@type\":\"PropertyValueSpecification\",\"valueRequired\":true,\"valueName\":\"search_term_string\"}}],\"inLanguage\":\"fr-FR\"}]}<\/script>\n<!-- \/ Yoast SEO plugin. -->","yoast_head_json":{"title":"TradeSphere\u00ae IMMEX - Livingston International","robots":{"index":"noindex","follow":"follow","max-snippet":"max-snippet:-1","max-image-preview":"max-image-preview:large","max-video-preview":"max-video-preview:-1"},"og_locale":"fr_FR","og_type":"article","og_title":"TradeSphere\u00ae IMMEX - Livingston International","og_description":"Automatisez et g\u00e9rez les exp\u00e9ditions tout en rentabilisant les programmes commerciaux IMMEX applicables.","og_url":"https:\/\/staging.livingstonintl.com\/fr\/services-fr\/tradesphere\/tradesphere-mexico\/","og_site_name":"Livingston International","article_publisher":"https:\/\/www.facebook.com\/livingstoninternational","article_modified_time":"2020-12-24T01:01:20+00:00","schema":{"@context":"https:\/\/schema.org","@graph":[{"@type":"WebPage","@id":"https:\/\/staging.livingstonintl.com\/fr\/services-fr\/tradesphere\/tradesphere-mexico\/","url":"https:\/\/staging.livingstonintl.com\/fr\/services-fr\/tradesphere\/tradesphere-mexico\/","name":"TradeSphere\u00ae IMMEX - Livingston International","isPartOf":{"@id":"https:\/\/staging.livingstonintl.com\/fr\/#website"},"primaryImageOfPage":{"@id":"https:\/\/staging.livingstonintl.com\/fr\/services-fr\/tradesphere\/tradesphere-mexico\/#primaryimage"},"image":{"@id":"https:\/\/staging.livingstonintl.com\/fr\/services-fr\/tradesphere\/tradesphere-mexico\/#primaryimage"},"thumbnailUrl":"https:\/\/lii-mkt-content.s3.amazonaws.com\/livingston-content\/uploads\/2015\/08\/25230435\/icon-mexico.svg","datePublished":"2015-08-18T20:19:05+00:00","dateModified":"2020-12-24T01:01:20+00:00","breadcrumb":{"@id":"https:\/\/staging.livingstonintl.com\/fr\/services-fr\/tradesphere\/tradesphere-mexico\/#breadcrumb"},"inLanguage":"fr-FR","potentialAction":[{"@type":"ReadAction","target":["https:\/\/staging.livingstonintl.com\/fr\/services-fr\/tradesphere\/tradesphere-mexico\/"]}]},{"@type":"ImageObject","inLanguage":"fr-FR","@id":"https:\/\/staging.livingstonintl.com\/fr\/services-fr\/tradesphere\/tradesphere-mexico\/#primaryimage","url":"https:\/\/lii-mkt-content.s3.amazonaws.com\/livingston-content\/uploads\/2015\/08\/25230435\/icon-mexico.svg","contentUrl":"https:\/\/lii-mkt-content.s3.amazonaws.com\/livingston-content\/uploads\/2015\/08\/25230435\/icon-mexico.svg","width":60,"height":60},{"@type":"BreadcrumbList","@id":"https:\/\/staging.livingstonintl.com\/fr\/services-fr\/tradesphere\/tradesphere-mexico\/#breadcrumb","itemListElement":[{"@type":"ListItem","position":1,"name":"Accueil","item":"https:\/\/staging.livingstonintl.com\/fr\/"},{"@type":"ListItem","position":2,"name":"Services","item":"https:\/\/staging.livingstonintl.com\/fr\/services-fr\/"},{"@type":"ListItem","position":3,"name":"TradeSphere\u00ae","item":"https:\/\/staging.livingstonintl.com\/fr\/services-fr\/tradesphere\/"},{"@type":"ListItem","position":4,"name":"TradeSphere\u00ae IMMEX"}]},{"@type":"WebSite","@id":"https:\/\/staging.livingstonintl.com\/fr\/#website","url":"https:\/\/staging.livingstonintl.com\/fr\/","name":"Livingston International","description":"Simplify Trade","potentialAction":[{"@type":"SearchAction","target":{"@type":"EntryPoint","urlTemplate":"https:\/\/staging.livingstonintl.com\/fr\/?s={search_term_string}"},"query-input":{"@type":"PropertyValueSpecification","valueRequired":true,"valueName":"search_term_string"}}],"inLanguage":"fr-FR"}]}},"_links":{"self":[{"href":"https:\/\/staging.livingstonintl.com\/fr\/wp-json\/wp\/v2\/pages\/27535","targetHints":{"allow":["GET"]}}],"collection":[{"href":"https:\/\/staging.livingstonintl.com\/fr\/wp-json\/wp\/v2\/pages"}],"about":[{"href":"https:\/\/staging.livingstonintl.com\/fr\/wp-json\/wp\/v2\/types\/page"}],"author":[{"embeddable":true,"href":"https:\/\/staging.livingstonintl.com\/fr\/wp-json\/wp\/v2\/users\/3"}],"replies":[{"embeddable":true,"href":"https:\/\/staging.livingstonintl.com\/fr\/wp-json\/wp\/v2\/comments?post=27535"}],"version-history":[{"count":2,"href":"https:\/\/staging.livingstonintl.com\/fr\/wp-json\/wp\/v2\/pages\/27535\/revisions"}],"predecessor-version":[{"id":52809,"href":"https:\/\/staging.livingstonintl.com\/fr\/wp-json\/wp\/v2\/pages\/27535\/revisions\/52809"}],"up":[{"embeddable":true,"href":"https:\/\/staging.livingstonintl.com\/fr\/wp-json\/wp\/v2\/pages\/99"}],"wp:featuredmedia":[{"embeddable":true,"href":"https:\/\/staging.livingstonintl.com\/fr\/wp-json\/wp\/v2\/media\/27521"}],"wp:attachment":[{"href":"https:\/\/staging.livingstonintl.com\/fr\/wp-json\/wp\/v2\/media?parent=27535"}],"curies":[{"name":"wp","href":"https:\/\/api.w.org\/{rel}","templated":true}]}}