{"id":27530,"date":"2015-08-18T20:11:01","date_gmt":"2015-08-18T20:11:01","guid":{"rendered":"http:\/\/livingston.gocactus.com\/fr\/services-fr\/tradesphere\/tradesphere-exporter\/"},"modified":"2020-12-23T20:04:25","modified_gmt":"2020-12-24T01:04:25","slug":"tradesphere-exporter","status":"publish","type":"page","link":"https:\/\/staging.livingstonintl.com\/fr\/services-fr\/tradesphere\/tradesphere-exporter\/","title":{"rendered":"TradeSphere\u00ae Exporter"},"content":{"rendered":"<h1><span class=\"blue\">TradeSphere\u00ae<\/span> <span class=\"orange\">Exporter<\/span><\/h1>\n<p>Visualisez, surveillez et g\u00e9rez vos exportations globales. TradeSphere Exportateur saisit les donn\u00e9es des autres syst\u00e8mes de votre entreprise pour une vue unique des actifs et de la documentation d\u2019exportation tout en v\u00e9rifiant la conformit\u00e9.<\/p>\n","protected":false},"excerpt":{"rendered":"<p>Effectuez toutes les fonctions d\u2019exportation au plus haut niveau de gestion et de diligence raisonnable.<\/p>\n","protected":false},"author":3,"featured_media":27509,"parent":99,"menu_order":362,"comment_status":"closed","ping_status":"closed","template":"template-retired\/page-default-child.php","meta":{"_acf_changed":false,"footnotes":""},"class_list":["post-27530","page","type-page","status-publish","has-post-thumbnail","hentry"],"acf":[],"yoast_head":"<!-- This site is optimized with the Yoast SEO plugin v26.8 - https:\/\/yoast.com\/product\/yoast-seo-wordpress\/ -->\n<title>TradeSphere\u00ae Exporter - Livingston International<\/title>\n<meta name=\"robots\" content=\"noindex, follow, max-snippet:-1, max-image-preview:large, max-video-preview:-1\" \/>\n<meta property=\"og:locale\" content=\"fr_FR\" \/>\n<meta property=\"og:type\" content=\"article\" \/>\n<meta property=\"og:title\" content=\"TradeSphere\u00ae Exporter - Livingston International\" \/>\n<meta property=\"og:description\" content=\"Effectuez toutes les fonctions d\u2019exportation au plus haut niveau de gestion et de diligence raisonnable.\" \/>\n<meta property=\"og:url\" content=\"https:\/\/staging.livingstonintl.com\/fr\/services-fr\/tradesphere\/tradesphere-exporter\/\" \/>\n<meta property=\"og:site_name\" content=\"Livingston International\" \/>\n<meta property=\"article:publisher\" content=\"https:\/\/www.facebook.com\/livingstoninternational\" \/>\n<meta property=\"article:modified_time\" content=\"2020-12-24T01:04:25+00:00\" \/>\n<script type=\"application\/ld+json\" class=\"yoast-schema-graph\">{\"@context\":\"https:\/\/schema.org\",\"@graph\":[{\"@type\":\"WebPage\",\"@id\":\"https:\/\/staging.livingstonintl.com\/fr\/services-fr\/tradesphere\/tradesphere-exporter\/\",\"url\":\"https:\/\/staging.livingstonintl.com\/fr\/services-fr\/tradesphere\/tradesphere-exporter\/\",\"name\":\"TradeSphere\u00ae Exporter - Livingston International\",\"isPartOf\":{\"@id\":\"https:\/\/staging.livingstonintl.com\/fr\/#website\"},\"primaryImageOfPage\":{\"@id\":\"https:\/\/staging.livingstonintl.com\/fr\/services-fr\/tradesphere\/tradesphere-exporter\/#primaryimage\"},\"image\":{\"@id\":\"https:\/\/staging.livingstonintl.com\/fr\/services-fr\/tradesphere\/tradesphere-exporter\/#primaryimage\"},\"thumbnailUrl\":\"https:\/\/lii-mkt-content.s3.amazonaws.com\/livingston-content\/uploads\/2015\/08\/25230436\/icon-exporter.svg\",\"datePublished\":\"2015-08-18T20:11:01+00:00\",\"dateModified\":\"2020-12-24T01:04:25+00:00\",\"breadcrumb\":{\"@id\":\"https:\/\/staging.livingstonintl.com\/fr\/services-fr\/tradesphere\/tradesphere-exporter\/#breadcrumb\"},\"inLanguage\":\"fr-FR\",\"potentialAction\":[{\"@type\":\"ReadAction\",\"target\":[\"https:\/\/staging.livingstonintl.com\/fr\/services-fr\/tradesphere\/tradesphere-exporter\/\"]}]},{\"@type\":\"ImageObject\",\"inLanguage\":\"fr-FR\",\"@id\":\"https:\/\/staging.livingstonintl.com\/fr\/services-fr\/tradesphere\/tradesphere-exporter\/#primaryimage\",\"url\":\"https:\/\/lii-mkt-content.s3.amazonaws.com\/livingston-content\/uploads\/2015\/08\/25230436\/icon-exporter.svg\",\"contentUrl\":\"https:\/\/lii-mkt-content.s3.amazonaws.com\/livingston-content\/uploads\/2015\/08\/25230436\/icon-exporter.svg\",\"width\":60,\"height\":60},{\"@type\":\"BreadcrumbList\",\"@id\":\"https:\/\/staging.livingstonintl.com\/fr\/services-fr\/tradesphere\/tradesphere-exporter\/#breadcrumb\",\"itemListElement\":[{\"@type\":\"ListItem\",\"position\":1,\"name\":\"Accueil\",\"item\":\"https:\/\/staging.livingstonintl.com\/fr\/\"},{\"@type\":\"ListItem\",\"position\":2,\"name\":\"Services\",\"item\":\"https:\/\/staging.livingstonintl.com\/fr\/services-fr\/\"},{\"@type\":\"ListItem\",\"position\":3,\"name\":\"TradeSphere\u00ae\",\"item\":\"https:\/\/staging.livingstonintl.com\/fr\/services-fr\/tradesphere\/\"},{\"@type\":\"ListItem\",\"position\":4,\"name\":\"TradeSphere\u00ae Exporter\"}]},{\"@type\":\"WebSite\",\"@id\":\"https:\/\/staging.livingstonintl.com\/fr\/#website\",\"url\":\"https:\/\/staging.livingstonintl.com\/fr\/\",\"name\":\"Livingston International\",\"description\":\"Simplify Trade\",\"potentialAction\":[{\"@type\":\"SearchAction\",\"target\":{\"@type\":\"EntryPoint\",\"urlTemplate\":\"https:\/\/staging.livingstonintl.com\/fr\/?s={search_term_string}\"},\"query-input\":{\"@type\":\"PropertyValueSpecification\",\"valueRequired\":true,\"valueName\":\"search_term_string\"}}],\"inLanguage\":\"fr-FR\"}]}<\/script>\n<!-- \/ Yoast SEO plugin. -->","yoast_head_json":{"title":"TradeSphere\u00ae Exporter - Livingston International","robots":{"index":"noindex","follow":"follow","max-snippet":"max-snippet:-1","max-image-preview":"max-image-preview:large","max-video-preview":"max-video-preview:-1"},"og_locale":"fr_FR","og_type":"article","og_title":"TradeSphere\u00ae Exporter - Livingston International","og_description":"Effectuez toutes les fonctions d\u2019exportation au plus haut niveau de gestion et de diligence raisonnable.","og_url":"https:\/\/staging.livingstonintl.com\/fr\/services-fr\/tradesphere\/tradesphere-exporter\/","og_site_name":"Livingston International","article_publisher":"https:\/\/www.facebook.com\/livingstoninternational","article_modified_time":"2020-12-24T01:04:25+00:00","schema":{"@context":"https:\/\/schema.org","@graph":[{"@type":"WebPage","@id":"https:\/\/staging.livingstonintl.com\/fr\/services-fr\/tradesphere\/tradesphere-exporter\/","url":"https:\/\/staging.livingstonintl.com\/fr\/services-fr\/tradesphere\/tradesphere-exporter\/","name":"TradeSphere\u00ae Exporter - Livingston International","isPartOf":{"@id":"https:\/\/staging.livingstonintl.com\/fr\/#website"},"primaryImageOfPage":{"@id":"https:\/\/staging.livingstonintl.com\/fr\/services-fr\/tradesphere\/tradesphere-exporter\/#primaryimage"},"image":{"@id":"https:\/\/staging.livingstonintl.com\/fr\/services-fr\/tradesphere\/tradesphere-exporter\/#primaryimage"},"thumbnailUrl":"https:\/\/lii-mkt-content.s3.amazonaws.com\/livingston-content\/uploads\/2015\/08\/25230436\/icon-exporter.svg","datePublished":"2015-08-18T20:11:01+00:00","dateModified":"2020-12-24T01:04:25+00:00","breadcrumb":{"@id":"https:\/\/staging.livingstonintl.com\/fr\/services-fr\/tradesphere\/tradesphere-exporter\/#breadcrumb"},"inLanguage":"fr-FR","potentialAction":[{"@type":"ReadAction","target":["https:\/\/staging.livingstonintl.com\/fr\/services-fr\/tradesphere\/tradesphere-exporter\/"]}]},{"@type":"ImageObject","inLanguage":"fr-FR","@id":"https:\/\/staging.livingstonintl.com\/fr\/services-fr\/tradesphere\/tradesphere-exporter\/#primaryimage","url":"https:\/\/lii-mkt-content.s3.amazonaws.com\/livingston-content\/uploads\/2015\/08\/25230436\/icon-exporter.svg","contentUrl":"https:\/\/lii-mkt-content.s3.amazonaws.com\/livingston-content\/uploads\/2015\/08\/25230436\/icon-exporter.svg","width":60,"height":60},{"@type":"BreadcrumbList","@id":"https:\/\/staging.livingstonintl.com\/fr\/services-fr\/tradesphere\/tradesphere-exporter\/#breadcrumb","itemListElement":[{"@type":"ListItem","position":1,"name":"Accueil","item":"https:\/\/staging.livingstonintl.com\/fr\/"},{"@type":"ListItem","position":2,"name":"Services","item":"https:\/\/staging.livingstonintl.com\/fr\/services-fr\/"},{"@type":"ListItem","position":3,"name":"TradeSphere\u00ae","item":"https:\/\/staging.livingstonintl.com\/fr\/services-fr\/tradesphere\/"},{"@type":"ListItem","position":4,"name":"TradeSphere\u00ae Exporter"}]},{"@type":"WebSite","@id":"https:\/\/staging.livingstonintl.com\/fr\/#website","url":"https:\/\/staging.livingstonintl.com\/fr\/","name":"Livingston International","description":"Simplify Trade","potentialAction":[{"@type":"SearchAction","target":{"@type":"EntryPoint","urlTemplate":"https:\/\/staging.livingstonintl.com\/fr\/?s={search_term_string}"},"query-input":{"@type":"PropertyValueSpecification","valueRequired":true,"valueName":"search_term_string"}}],"inLanguage":"fr-FR"}]}},"_links":{"self":[{"href":"https:\/\/staging.livingstonintl.com\/fr\/wp-json\/wp\/v2\/pages\/27530","targetHints":{"allow":["GET"]}}],"collection":[{"href":"https:\/\/staging.livingstonintl.com\/fr\/wp-json\/wp\/v2\/pages"}],"about":[{"href":"https:\/\/staging.livingstonintl.com\/fr\/wp-json\/wp\/v2\/types\/page"}],"author":[{"embeddable":true,"href":"https:\/\/staging.livingstonintl.com\/fr\/wp-json\/wp\/v2\/users\/3"}],"replies":[{"embeddable":true,"href":"https:\/\/staging.livingstonintl.com\/fr\/wp-json\/wp\/v2\/comments?post=27530"}],"version-history":[{"count":3,"href":"https:\/\/staging.livingstonintl.com\/fr\/wp-json\/wp\/v2\/pages\/27530\/revisions"}],"predecessor-version":[{"id":52811,"href":"https:\/\/staging.livingstonintl.com\/fr\/wp-json\/wp\/v2\/pages\/27530\/revisions\/52811"}],"up":[{"embeddable":true,"href":"https:\/\/staging.livingstonintl.com\/fr\/wp-json\/wp\/v2\/pages\/99"}],"wp:featuredmedia":[{"embeddable":true,"href":"https:\/\/staging.livingstonintl.com\/fr\/wp-json\/wp\/v2\/media\/27509"}],"wp:attachment":[{"href":"https:\/\/staging.livingstonintl.com\/fr\/wp-json\/wp\/v2\/media?parent=27530"}],"curies":[{"name":"wp","href":"https:\/\/api.w.org\/{rel}","templated":true}]}}